{"id":20148,"date":"2025-12-12T18:04:27","date_gmt":"2025-12-12T17:04:27","guid":{"rendered":"https:\/\/test.ecbeaute.com\/?post_type=product&#038;p=20148"},"modified":"2025-12-12T18:04:31","modified_gmt":"2025-12-12T17:04:31","slug":"algologie-hydra-ecume-lait-demaquillant-veloute-200-ml","status":"publish","type":"product","link":"https:\/\/paracherkaoui.ma\/index.php\/produit\/algologie-hydra-ecume-lait-demaquillant-veloute-200-ml\/","title":{"rendered":"ALGOLOGIE HYDRA ECUME LAIT DEMAQUILLANT VELOUTE 200 ML"},"content":{"rendered":"<p>Ce lait d\u00e9maquillant onctueux \u00e9limine parfaitement maquillage et impuret\u00e9s tout en remin\u00e9ralisant la peau. La peau est remin\u00e9ralis\u00e9e, fra\u00eeche et nette. Nettoy\u00e9e tout en douceur, la peau est souple et douce. Texture fondante qui d\u00e9maquille parfaitement tous types de peaux.Laisse la peau douce.0 % PEG, parab\u00e8nes, huile min\u00e9rale, phtalate, ph\u00e9noxy\u00e9thanol et silicone<br \/>\nConseils d&rsquo;utilisation:<br \/>\nMatin et soir. Emulsionner sur le visage et le cou pour dissoudre les impuret\u00e9s. Rincer ou essuyer. Renouveler l&rsquo;op\u00e9ration si n\u00e9cessaire, puis parfaire le d\u00e9maquillage en appliquant la Lotion Algamarine \u00e0 l&rsquo;aide d&rsquo;un coton.<\/p>\n","protected":false},"excerpt":{"rendered":"<p>Ce lait d\u00e9maquillant onctueux \u00e9limine parfaitement maquillage et impuret\u00e9s tout en remin\u00e9ralisant la peau. La peau est remin\u00e9ralis\u00e9e, fra\u00eeche et<\/p>\n","protected":false},"featured_media":20202,"comment_status":"open","ping_status":"closed","template":"","meta":[],"product_brand":[384],"product_cat":[346],"product_tag":[],"class_list":{"0":"post-20148","1":"product","2":"type-product","3":"status-publish","4":"has-post-thumbnail","6":"product_brand-algologie","7":"product_cat-demaquillants-et-nettoyants","9":"first","10":"instock","11":"sale","12":"shipping-taxable","13":"purchasable","14":"product-type-simple"},"yoast_head":"<!-- This site is optimized with the Yoast SEO plugin v26.6 - https:\/\/yoast.com\/wordpress\/plugins\/seo\/ -->\r\n<title>ALGOLOGIE HYDRA ECUME LAIT DEMAQUILLANT VELOUTE 200 ML - Paracherkaoui.ma<\/title>\r\n<meta name=\"robots\" content=\"index, follow, max-snippet:-1, max-image-preview:large, max-video-preview:-1\" \/>\r\n<link rel=\"canonical\" href=\"https:\/\/paracherkaoui.ma\/index.php\/produit\/algologie-hydra-ecume-lait-demaquillant-veloute-200-ml\/\" \/>\r\n<meta property=\"og:locale\" content=\"fr_FR\" \/>\r\n<meta property=\"og:type\" content=\"article\" \/>\r\n<meta property=\"og:title\" content=\"ALGOLOGIE HYDRA ECUME LAIT DEMAQUILLANT VELOUTE 200 ML - Paracherkaoui.ma\" \/>\r\n<meta property=\"og:description\" content=\"Ce lait d\u00e9maquillant onctueux \u00e9limine parfaitement maquillage et impuret\u00e9s tout en remin\u00e9ralisant la peau. La peau est remin\u00e9ralis\u00e9e, fra\u00eeche et\" \/>\r\n<meta property=\"og:url\" content=\"https:\/\/paracherkaoui.ma\/index.php\/produit\/algologie-hydra-ecume-lait-demaquillant-veloute-200-ml\/\" \/>\r\n<meta property=\"og:site_name\" content=\"Paracherkaoui.ma\" \/>\r\n<meta property=\"article:modified_time\" content=\"2025-12-12T17:04:31+00:00\" \/>\r\n<meta property=\"og:image\" content=\"https:\/\/paracherkaoui.ma\/wp-content\/uploads\/2025\/12\/algologie-algologie-hydra-ecume-lait-demaquillant-veloute-200-ml-nettoyants-visage.jpg\" \/>\r\n\t<meta property=\"og:image:width\" content=\"700\" \/>\r\n\t<meta property=\"og:image:height\" content=\"700\" \/>\r\n\t<meta property=\"og:image:type\" content=\"image\/jpeg\" \/>\r\n<meta name=\"twitter:card\" content=\"summary_large_image\" \/>\r\n<meta name=\"twitter:label1\" content=\"Dur\u00e9e de lecture estim\u00e9e\" \/>\n\t<meta name=\"twitter:data1\" content=\"1 minute\" \/>\r\n<script type=\"application\/ld+json\" class=\"yoast-schema-graph\">{\"@context\":\"https:\/\/schema.org\",\"@graph\":[{\"@type\":\"WebPage\",\"@id\":\"https:\/\/paracherkaoui.ma\/index.php\/produit\/algologie-hydra-ecume-lait-demaquillant-veloute-200-ml\/\",\"url\":\"https:\/\/paracherkaoui.ma\/index.php\/produit\/algologie-hydra-ecume-lait-demaquillant-veloute-200-ml\/\",\"name\":\"ALGOLOGIE HYDRA ECUME LAIT DEMAQUILLANT VELOUTE 200 ML - Paracherkaoui.ma\",\"isPartOf\":{\"@id\":\"https:\/\/paracherkaoui.ma\/#website\"},\"primaryImageOfPage\":{\"@id\":\"https:\/\/paracherkaoui.ma\/index.php\/produit\/algologie-hydra-ecume-lait-demaquillant-veloute-200-ml\/#primaryimage\"},\"image\":{\"@id\":\"https:\/\/paracherkaoui.ma\/index.php\/produit\/algologie-hydra-ecume-lait-demaquillant-veloute-200-ml\/#primaryimage\"},\"thumbnailUrl\":\"https:\/\/paracherkaoui.ma\/wp-content\/uploads\/2025\/12\/algologie-algologie-hydra-ecume-lait-demaquillant-veloute-200-ml-nettoyants-visage.jpg\",\"datePublished\":\"2025-12-12T17:04:27+00:00\",\"dateModified\":\"2025-12-12T17:04:31+00:00\",\"breadcrumb\":{\"@id\":\"https:\/\/paracherkaoui.ma\/index.php\/produit\/algologie-hydra-ecume-lait-demaquillant-veloute-200-ml\/#breadcrumb\"},\"inLanguage\":\"fr-FR\",\"potentialAction\":[{\"@type\":\"ReadAction\",\"target\":[\"https:\/\/paracherkaoui.ma\/index.php\/produit\/algologie-hydra-ecume-lait-demaquillant-veloute-200-ml\/\"]}]},{\"@type\":\"ImageObject\",\"inLanguage\":\"fr-FR\",\"@id\":\"https:\/\/paracherkaoui.ma\/index.php\/produit\/algologie-hydra-ecume-lait-demaquillant-veloute-200-ml\/#primaryimage\",\"url\":\"https:\/\/paracherkaoui.ma\/wp-content\/uploads\/2025\/12\/algologie-algologie-hydra-ecume-lait-demaquillant-veloute-200-ml-nettoyants-visage.jpg\",\"contentUrl\":\"https:\/\/paracherkaoui.ma\/wp-content\/uploads\/2025\/12\/algologie-algologie-hydra-ecume-lait-demaquillant-veloute-200-ml-nettoyants-visage.jpg\",\"width\":700,\"height\":700},{\"@type\":\"BreadcrumbList\",\"@id\":\"https:\/\/paracherkaoui.ma\/index.php\/produit\/algologie-hydra-ecume-lait-demaquillant-veloute-200-ml\/#breadcrumb\",\"itemListElement\":[{\"@type\":\"ListItem\",\"position\":1,\"name\":\"Accueil\",\"item\":\"https:\/\/paracherkaoui.ma\/\"},{\"@type\":\"ListItem\",\"position\":2,\"name\":\"Boutique\",\"item\":\"https:\/\/paracherkaoui.ma\/index.php\/boutique\/\"},{\"@type\":\"ListItem\",\"position\":3,\"name\":\"ALGOLOGIE HYDRA ECUME LAIT DEMAQUILLANT VELOUTE 200 ML\"}]},{\"@type\":\"WebSite\",\"@id\":\"https:\/\/paracherkaoui.ma\/#website\",\"url\":\"https:\/\/paracherkaoui.ma\/\",\"name\":\"Paracherkaoui.ma\",\"description\":\"Achetez en ligne sur Paracherkaoui.ma\",\"potentialAction\":[{\"@type\":\"SearchAction\",\"target\":{\"@type\":\"EntryPoint\",\"urlTemplate\":\"https:\/\/paracherkaoui.ma\/?s={search_term_string}\"},\"query-input\":{\"@type\":\"PropertyValueSpecification\",\"valueRequired\":true,\"valueName\":\"search_term_string\"}}],\"inLanguage\":\"fr-FR\"}]}<\/script>\r\n<!-- \/ Yoast SEO plugin. -->","yoast_head_json":{"title":"ALGOLOGIE HYDRA ECUME LAIT DEMAQUILLANT VELOUTE 200 ML - Paracherkaoui.ma","robots":{"index":"index","follow":"follow","max-snippet":"max-snippet:-1","max-image-preview":"max-image-preview:large","max-video-preview":"max-video-preview:-1"},"canonical":"https:\/\/paracherkaoui.ma\/index.php\/produit\/algologie-hydra-ecume-lait-demaquillant-veloute-200-ml\/","og_locale":"fr_FR","og_type":"article","og_title":"ALGOLOGIE HYDRA ECUME LAIT DEMAQUILLANT VELOUTE 200 ML - Paracherkaoui.ma","og_description":"Ce lait d\u00e9maquillant onctueux \u00e9limine parfaitement maquillage et impuret\u00e9s tout en remin\u00e9ralisant la peau. La peau est remin\u00e9ralis\u00e9e, fra\u00eeche et","og_url":"https:\/\/paracherkaoui.ma\/index.php\/produit\/algologie-hydra-ecume-lait-demaquillant-veloute-200-ml\/","og_site_name":"Paracherkaoui.ma","article_modified_time":"2025-12-12T17:04:31+00:00","og_image":[{"width":700,"height":700,"url":"https:\/\/paracherkaoui.ma\/wp-content\/uploads\/2025\/12\/algologie-algologie-hydra-ecume-lait-demaquillant-veloute-200-ml-nettoyants-visage.jpg","type":"image\/jpeg"}],"twitter_card":"summary_large_image","twitter_misc":{"Dur\u00e9e de lecture estim\u00e9e":"1 minute"},"schema":{"@context":"https:\/\/schema.org","@graph":[{"@type":"WebPage","@id":"https:\/\/paracherkaoui.ma\/index.php\/produit\/algologie-hydra-ecume-lait-demaquillant-veloute-200-ml\/","url":"https:\/\/paracherkaoui.ma\/index.php\/produit\/algologie-hydra-ecume-lait-demaquillant-veloute-200-ml\/","name":"ALGOLOGIE HYDRA ECUME LAIT DEMAQUILLANT VELOUTE 200 ML - Paracherkaoui.ma","isPartOf":{"@id":"https:\/\/paracherkaoui.ma\/#website"},"primaryImageOfPage":{"@id":"https:\/\/paracherkaoui.ma\/index.php\/produit\/algologie-hydra-ecume-lait-demaquillant-veloute-200-ml\/#primaryimage"},"image":{"@id":"https:\/\/paracherkaoui.ma\/index.php\/produit\/algologie-hydra-ecume-lait-demaquillant-veloute-200-ml\/#primaryimage"},"thumbnailUrl":"https:\/\/paracherkaoui.ma\/wp-content\/uploads\/2025\/12\/algologie-algologie-hydra-ecume-lait-demaquillant-veloute-200-ml-nettoyants-visage.jpg","datePublished":"2025-12-12T17:04:27+00:00","dateModified":"2025-12-12T17:04:31+00:00","breadcrumb":{"@id":"https:\/\/paracherkaoui.ma\/index.php\/produit\/algologie-hydra-ecume-lait-demaquillant-veloute-200-ml\/#breadcrumb"},"inLanguage":"fr-FR","potentialAction":[{"@type":"ReadAction","target":["https:\/\/paracherkaoui.ma\/index.php\/produit\/algologie-hydra-ecume-lait-demaquillant-veloute-200-ml\/"]}]},{"@type":"ImageObject","inLanguage":"fr-FR","@id":"https:\/\/paracherkaoui.ma\/index.php\/produit\/algologie-hydra-ecume-lait-demaquillant-veloute-200-ml\/#primaryimage","url":"https:\/\/paracherkaoui.ma\/wp-content\/uploads\/2025\/12\/algologie-algologie-hydra-ecume-lait-demaquillant-veloute-200-ml-nettoyants-visage.jpg","contentUrl":"https:\/\/paracherkaoui.ma\/wp-content\/uploads\/2025\/12\/algologie-algologie-hydra-ecume-lait-demaquillant-veloute-200-ml-nettoyants-visage.jpg","width":700,"height":700},{"@type":"BreadcrumbList","@id":"https:\/\/paracherkaoui.ma\/index.php\/produit\/algologie-hydra-ecume-lait-demaquillant-veloute-200-ml\/#breadcrumb","itemListElement":[{"@type":"ListItem","position":1,"name":"Accueil","item":"https:\/\/paracherkaoui.ma\/"},{"@type":"ListItem","position":2,"name":"Boutique","item":"https:\/\/paracherkaoui.ma\/index.php\/boutique\/"},{"@type":"ListItem","position":3,"name":"ALGOLOGIE HYDRA ECUME LAIT DEMAQUILLANT VELOUTE 200 ML"}]},{"@type":"WebSite","@id":"https:\/\/paracherkaoui.ma\/#website","url":"https:\/\/paracherkaoui.ma\/","name":"Paracherkaoui.ma","description":"Achetez en ligne sur Paracherkaoui.ma","potentialAction":[{"@type":"SearchAction","target":{"@type":"EntryPoint","urlTemplate":"https:\/\/paracherkaoui.ma\/?s={search_term_string}"},"query-input":{"@type":"PropertyValueSpecification","valueRequired":true,"valueName":"search_term_string"}}],"inLanguage":"fr-FR"}]}},"_links":{"self":[{"href":"https:\/\/paracherkaoui.ma\/index.php\/wp-json\/wp\/v2\/product\/20148","targetHints":{"allow":["GET"]}}],"collection":[{"href":"https:\/\/paracherkaoui.ma\/index.php\/wp-json\/wp\/v2\/product"}],"about":[{"href":"https:\/\/paracherkaoui.ma\/index.php\/wp-json\/wp\/v2\/types\/product"}],"replies":[{"embeddable":true,"href":"https:\/\/paracherkaoui.ma\/index.php\/wp-json\/wp\/v2\/comments?post=20148"}],"version-history":[{"count":1,"href":"https:\/\/paracherkaoui.ma\/index.php\/wp-json\/wp\/v2\/product\/20148\/revisions"}],"predecessor-version":[{"id":20203,"href":"https:\/\/paracherkaoui.ma\/index.php\/wp-json\/wp\/v2\/product\/20148\/revisions\/20203"}],"wp:featuredmedia":[{"embeddable":true,"href":"https:\/\/paracherkaoui.ma\/index.php\/wp-json\/wp\/v2\/media\/20202"}],"wp:attachment":[{"href":"https:\/\/paracherkaoui.ma\/index.php\/wp-json\/wp\/v2\/media?parent=20148"}],"wp:term":[{"taxonomy":"product_brand","embeddable":true,"href":"https:\/\/paracherkaoui.ma\/index.php\/wp-json\/wp\/v2\/product_brand?post=20148"},{"taxonomy":"product_cat","embeddable":true,"href":"https:\/\/paracherkaoui.ma\/index.php\/wp-json\/wp\/v2\/product_cat?post=20148"},{"taxonomy":"product_tag","embeddable":true,"href":"https:\/\/paracherkaoui.ma\/index.php\/wp-json\/wp\/v2\/product_tag?post=20148"}],"curies":[{"name":"wp","href":"https:\/\/api.w.org\/{rel}","templated":true}]}}