{"id":20140,"date":"2025-12-12T18:04:26","date_gmt":"2025-12-12T17:04:26","guid":{"rendered":"https:\/\/test.ecbeaute.com\/?post_type=product&#038;p=20140"},"modified":"2025-12-12T18:04:30","modified_gmt":"2025-12-12T17:04:30","slug":"curaskin-curawhite-gommage-gel-gommant-eclaircissant-200-ml","status":"publish","type":"product","link":"https:\/\/paracherkaoui.ma\/index.php\/produit\/curaskin-curawhite-gommage-gel-gommant-eclaircissant-200-ml\/","title":{"rendered":"CURASKIN CURAWHITE GOMMAGE GEL GOMMANT ECLAIRCISSANT 200 ML"},"content":{"rendered":"<p>Curaskin Curawhite Gommage \u00c9claircissant : L\u2019\u00e9clat \u00e0 port\u00e9e de main<br \/>\nLe gel gommant Curaskin Curawhite est un alli\u00e9 incontournable pour celles et ceux qui recherchent une peau nette, lumineuse et uniforme. Ce soin exfoliant de 200 ml combine l\u2019efficacit\u00e9 des microbilles douces \u00e0 un puissant complexe \u00e9claircissant, permettant d\u2019\u00e9liminer les impuret\u00e9s et de lisser la peau. Gr\u00e2ce \u00e0 son action en profondeur, il r\u00e9duit visiblement les taches sombres et les irr\u00e9gularit\u00e9s du teint. En l\u2019utilisant r\u00e9guli\u00e8rement, la peau devient plus fra\u00eeche, \u00e9clatante et homog\u00e8ne, retrouvant ainsi son aspect naturel et radieux.<br \/>\nSa formule est adapt\u00e9e aux peaux normales \u00e0 grasses, y compris celles \u00e0 tendance acn\u00e9ique. Elle purifie sans agresser la barri\u00e8re protectrice de la peau, offrant une exfoliation douce mais efficace. Le gel gommant Curawhite s\u2019int\u00e8gre parfaitement \u00e0 une routine de soin quotidienne, pour un teint revitalis\u00e9 et des imperfections visiblement att\u00e9nu\u00e9es<br \/>\nConseils d&rsquo;utilisation :<br \/>\nAppliquer une \u00e0 deux fois par semaine sur une peau humide.<br \/>\nMasser doucement en effectuant des mouvements circulaires pour activer l\u2019exfoliation.<br \/>\nInsister sur les zones sujettes aux taches (front, joues, menton).<\/p>\n","protected":false},"excerpt":{"rendered":"<p>Curaskin Curawhite Gommage \u00c9claircissant : L\u2019\u00e9clat \u00e0 port\u00e9e de main Le gel gommant Curaskin Curawhite est un alli\u00e9 incontournable pour<\/p>\n","protected":false},"featured_media":20187,"comment_status":"open","ping_status":"closed","template":"","meta":[],"product_brand":[363],"product_cat":[346],"product_tag":[],"class_list":{"0":"post-20140","1":"product","2":"type-product","3":"status-publish","4":"has-post-thumbnail","6":"product_brand-curaskin","7":"product_cat-demaquillants-et-nettoyants","9":"first","10":"instock","11":"sale","12":"shipping-taxable","13":"purchasable","14":"product-type-simple"},"yoast_head":"<!-- This site is optimized with the Yoast SEO plugin v26.6 - https:\/\/yoast.com\/wordpress\/plugins\/seo\/ -->\r\n<title>CURASKIN CURAWHITE GOMMAGE GEL GOMMANT ECLAIRCISSANT 200 ML - Paracherkaoui.ma<\/title>\r\n<meta name=\"robots\" content=\"index, follow, max-snippet:-1, max-image-preview:large, max-video-preview:-1\" \/>\r\n<link rel=\"canonical\" href=\"https:\/\/paracherkaoui.ma\/index.php\/produit\/curaskin-curawhite-gommage-gel-gommant-eclaircissant-200-ml\/\" \/>\r\n<meta property=\"og:locale\" content=\"fr_FR\" \/>\r\n<meta property=\"og:type\" content=\"article\" \/>\r\n<meta property=\"og:title\" content=\"CURASKIN CURAWHITE GOMMAGE GEL GOMMANT ECLAIRCISSANT 200 ML - Paracherkaoui.ma\" \/>\r\n<meta property=\"og:description\" content=\"Curaskin Curawhite Gommage \u00c9claircissant : L\u2019\u00e9clat \u00e0 port\u00e9e de main Le gel gommant Curaskin Curawhite est un alli\u00e9 incontournable pour\" \/>\r\n<meta property=\"og:url\" content=\"https:\/\/paracherkaoui.ma\/index.php\/produit\/curaskin-curawhite-gommage-gel-gommant-eclaircissant-200-ml\/\" \/>\r\n<meta property=\"og:site_name\" content=\"Paracherkaoui.ma\" \/>\r\n<meta property=\"article:modified_time\" content=\"2025-12-12T17:04:30+00:00\" \/>\r\n<meta property=\"og:image\" content=\"https:\/\/paracherkaoui.ma\/wp-content\/uploads\/2025\/12\/curaskin-curaskin-curawhite-gommage-gel-gommant-eclaircissant-200-ml-demaquillants-et-nettoyants.jpg\" \/>\r\n\t<meta property=\"og:image:width\" content=\"700\" \/>\r\n\t<meta property=\"og:image:height\" content=\"700\" \/>\r\n\t<meta property=\"og:image:type\" content=\"image\/jpeg\" \/>\r\n<meta name=\"twitter:card\" content=\"summary_large_image\" \/>\r\n<meta name=\"twitter:label1\" content=\"Dur\u00e9e de lecture estim\u00e9e\" \/>\n\t<meta name=\"twitter:data1\" content=\"1 minute\" \/>\r\n<script type=\"application\/ld+json\" class=\"yoast-schema-graph\">{\"@context\":\"https:\/\/schema.org\",\"@graph\":[{\"@type\":\"WebPage\",\"@id\":\"https:\/\/paracherkaoui.ma\/index.php\/produit\/curaskin-curawhite-gommage-gel-gommant-eclaircissant-200-ml\/\",\"url\":\"https:\/\/paracherkaoui.ma\/index.php\/produit\/curaskin-curawhite-gommage-gel-gommant-eclaircissant-200-ml\/\",\"name\":\"CURASKIN CURAWHITE GOMMAGE GEL GOMMANT ECLAIRCISSANT 200 ML - Paracherkaoui.ma\",\"isPartOf\":{\"@id\":\"https:\/\/paracherkaoui.ma\/#website\"},\"primaryImageOfPage\":{\"@id\":\"https:\/\/paracherkaoui.ma\/index.php\/produit\/curaskin-curawhite-gommage-gel-gommant-eclaircissant-200-ml\/#primaryimage\"},\"image\":{\"@id\":\"https:\/\/paracherkaoui.ma\/index.php\/produit\/curaskin-curawhite-gommage-gel-gommant-eclaircissant-200-ml\/#primaryimage\"},\"thumbnailUrl\":\"https:\/\/paracherkaoui.ma\/wp-content\/uploads\/2025\/12\/curaskin-curaskin-curawhite-gommage-gel-gommant-eclaircissant-200-ml-demaquillants-et-nettoyants.jpg\",\"datePublished\":\"2025-12-12T17:04:26+00:00\",\"dateModified\":\"2025-12-12T17:04:30+00:00\",\"breadcrumb\":{\"@id\":\"https:\/\/paracherkaoui.ma\/index.php\/produit\/curaskin-curawhite-gommage-gel-gommant-eclaircissant-200-ml\/#breadcrumb\"},\"inLanguage\":\"fr-FR\",\"potentialAction\":[{\"@type\":\"ReadAction\",\"target\":[\"https:\/\/paracherkaoui.ma\/index.php\/produit\/curaskin-curawhite-gommage-gel-gommant-eclaircissant-200-ml\/\"]}]},{\"@type\":\"ImageObject\",\"inLanguage\":\"fr-FR\",\"@id\":\"https:\/\/paracherkaoui.ma\/index.php\/produit\/curaskin-curawhite-gommage-gel-gommant-eclaircissant-200-ml\/#primaryimage\",\"url\":\"https:\/\/paracherkaoui.ma\/wp-content\/uploads\/2025\/12\/curaskin-curaskin-curawhite-gommage-gel-gommant-eclaircissant-200-ml-demaquillants-et-nettoyants.jpg\",\"contentUrl\":\"https:\/\/paracherkaoui.ma\/wp-content\/uploads\/2025\/12\/curaskin-curaskin-curawhite-gommage-gel-gommant-eclaircissant-200-ml-demaquillants-et-nettoyants.jpg\",\"width\":700,\"height\":700},{\"@type\":\"BreadcrumbList\",\"@id\":\"https:\/\/paracherkaoui.ma\/index.php\/produit\/curaskin-curawhite-gommage-gel-gommant-eclaircissant-200-ml\/#breadcrumb\",\"itemListElement\":[{\"@type\":\"ListItem\",\"position\":1,\"name\":\"Accueil\",\"item\":\"https:\/\/paracherkaoui.ma\/\"},{\"@type\":\"ListItem\",\"position\":2,\"name\":\"Boutique\",\"item\":\"https:\/\/paracherkaoui.ma\/index.php\/boutique\/\"},{\"@type\":\"ListItem\",\"position\":3,\"name\":\"CURASKIN CURAWHITE GOMMAGE GEL GOMMANT ECLAIRCISSANT 200 ML\"}]},{\"@type\":\"WebSite\",\"@id\":\"https:\/\/paracherkaoui.ma\/#website\",\"url\":\"https:\/\/paracherkaoui.ma\/\",\"name\":\"Paracherkaoui.ma\",\"description\":\"Achetez en ligne sur Paracherkaoui.ma\",\"potentialAction\":[{\"@type\":\"SearchAction\",\"target\":{\"@type\":\"EntryPoint\",\"urlTemplate\":\"https:\/\/paracherkaoui.ma\/?s={search_term_string}\"},\"query-input\":{\"@type\":\"PropertyValueSpecification\",\"valueRequired\":true,\"valueName\":\"search_term_string\"}}],\"inLanguage\":\"fr-FR\"}]}<\/script>\r\n<!-- \/ Yoast SEO plugin. -->","yoast_head_json":{"title":"CURASKIN CURAWHITE GOMMAGE GEL GOMMANT ECLAIRCISSANT 200 ML - Paracherkaoui.ma","robots":{"index":"index","follow":"follow","max-snippet":"max-snippet:-1","max-image-preview":"max-image-preview:large","max-video-preview":"max-video-preview:-1"},"canonical":"https:\/\/paracherkaoui.ma\/index.php\/produit\/curaskin-curawhite-gommage-gel-gommant-eclaircissant-200-ml\/","og_locale":"fr_FR","og_type":"article","og_title":"CURASKIN CURAWHITE GOMMAGE GEL GOMMANT ECLAIRCISSANT 200 ML - Paracherkaoui.ma","og_description":"Curaskin Curawhite Gommage \u00c9claircissant : L\u2019\u00e9clat \u00e0 port\u00e9e de main Le gel gommant Curaskin Curawhite est un alli\u00e9 incontournable pour","og_url":"https:\/\/paracherkaoui.ma\/index.php\/produit\/curaskin-curawhite-gommage-gel-gommant-eclaircissant-200-ml\/","og_site_name":"Paracherkaoui.ma","article_modified_time":"2025-12-12T17:04:30+00:00","og_image":[{"width":700,"height":700,"url":"https:\/\/paracherkaoui.ma\/wp-content\/uploads\/2025\/12\/curaskin-curaskin-curawhite-gommage-gel-gommant-eclaircissant-200-ml-demaquillants-et-nettoyants.jpg","type":"image\/jpeg"}],"twitter_card":"summary_large_image","twitter_misc":{"Dur\u00e9e de lecture estim\u00e9e":"1 minute"},"schema":{"@context":"https:\/\/schema.org","@graph":[{"@type":"WebPage","@id":"https:\/\/paracherkaoui.ma\/index.php\/produit\/curaskin-curawhite-gommage-gel-gommant-eclaircissant-200-ml\/","url":"https:\/\/paracherkaoui.ma\/index.php\/produit\/curaskin-curawhite-gommage-gel-gommant-eclaircissant-200-ml\/","name":"CURASKIN CURAWHITE GOMMAGE GEL GOMMANT ECLAIRCISSANT 200 ML - Paracherkaoui.ma","isPartOf":{"@id":"https:\/\/paracherkaoui.ma\/#website"},"primaryImageOfPage":{"@id":"https:\/\/paracherkaoui.ma\/index.php\/produit\/curaskin-curawhite-gommage-gel-gommant-eclaircissant-200-ml\/#primaryimage"},"image":{"@id":"https:\/\/paracherkaoui.ma\/index.php\/produit\/curaskin-curawhite-gommage-gel-gommant-eclaircissant-200-ml\/#primaryimage"},"thumbnailUrl":"https:\/\/paracherkaoui.ma\/wp-content\/uploads\/2025\/12\/curaskin-curaskin-curawhite-gommage-gel-gommant-eclaircissant-200-ml-demaquillants-et-nettoyants.jpg","datePublished":"2025-12-12T17:04:26+00:00","dateModified":"2025-12-12T17:04:30+00:00","breadcrumb":{"@id":"https:\/\/paracherkaoui.ma\/index.php\/produit\/curaskin-curawhite-gommage-gel-gommant-eclaircissant-200-ml\/#breadcrumb"},"inLanguage":"fr-FR","potentialAction":[{"@type":"ReadAction","target":["https:\/\/paracherkaoui.ma\/index.php\/produit\/curaskin-curawhite-gommage-gel-gommant-eclaircissant-200-ml\/"]}]},{"@type":"ImageObject","inLanguage":"fr-FR","@id":"https:\/\/paracherkaoui.ma\/index.php\/produit\/curaskin-curawhite-gommage-gel-gommant-eclaircissant-200-ml\/#primaryimage","url":"https:\/\/paracherkaoui.ma\/wp-content\/uploads\/2025\/12\/curaskin-curaskin-curawhite-gommage-gel-gommant-eclaircissant-200-ml-demaquillants-et-nettoyants.jpg","contentUrl":"https:\/\/paracherkaoui.ma\/wp-content\/uploads\/2025\/12\/curaskin-curaskin-curawhite-gommage-gel-gommant-eclaircissant-200-ml-demaquillants-et-nettoyants.jpg","width":700,"height":700},{"@type":"BreadcrumbList","@id":"https:\/\/paracherkaoui.ma\/index.php\/produit\/curaskin-curawhite-gommage-gel-gommant-eclaircissant-200-ml\/#breadcrumb","itemListElement":[{"@type":"ListItem","position":1,"name":"Accueil","item":"https:\/\/paracherkaoui.ma\/"},{"@type":"ListItem","position":2,"name":"Boutique","item":"https:\/\/paracherkaoui.ma\/index.php\/boutique\/"},{"@type":"ListItem","position":3,"name":"CURASKIN CURAWHITE GOMMAGE GEL GOMMANT ECLAIRCISSANT 200 ML"}]},{"@type":"WebSite","@id":"https:\/\/paracherkaoui.ma\/#website","url":"https:\/\/paracherkaoui.ma\/","name":"Paracherkaoui.ma","description":"Achetez en ligne sur Paracherkaoui.ma","potentialAction":[{"@type":"SearchAction","target":{"@type":"EntryPoint","urlTemplate":"https:\/\/paracherkaoui.ma\/?s={search_term_string}"},"query-input":{"@type":"PropertyValueSpecification","valueRequired":true,"valueName":"search_term_string"}}],"inLanguage":"fr-FR"}]}},"_links":{"self":[{"href":"https:\/\/paracherkaoui.ma\/index.php\/wp-json\/wp\/v2\/product\/20140","targetHints":{"allow":["GET"]}}],"collection":[{"href":"https:\/\/paracherkaoui.ma\/index.php\/wp-json\/wp\/v2\/product"}],"about":[{"href":"https:\/\/paracherkaoui.ma\/index.php\/wp-json\/wp\/v2\/types\/product"}],"replies":[{"embeddable":true,"href":"https:\/\/paracherkaoui.ma\/index.php\/wp-json\/wp\/v2\/comments?post=20140"}],"version-history":[{"count":1,"href":"https:\/\/paracherkaoui.ma\/index.php\/wp-json\/wp\/v2\/product\/20140\/revisions"}],"predecessor-version":[{"id":20188,"href":"https:\/\/paracherkaoui.ma\/index.php\/wp-json\/wp\/v2\/product\/20140\/revisions\/20188"}],"wp:featuredmedia":[{"embeddable":true,"href":"https:\/\/paracherkaoui.ma\/index.php\/wp-json\/wp\/v2\/media\/20187"}],"wp:attachment":[{"href":"https:\/\/paracherkaoui.ma\/index.php\/wp-json\/wp\/v2\/media?parent=20140"}],"wp:term":[{"taxonomy":"product_brand","embeddable":true,"href":"https:\/\/paracherkaoui.ma\/index.php\/wp-json\/wp\/v2\/product_brand?post=20140"},{"taxonomy":"product_cat","embeddable":true,"href":"https:\/\/paracherkaoui.ma\/index.php\/wp-json\/wp\/v2\/product_cat?post=20140"},{"taxonomy":"product_tag","embeddable":true,"href":"https:\/\/paracherkaoui.ma\/index.php\/wp-json\/wp\/v2\/product_tag?post=20140"}],"curies":[{"name":"wp","href":"https:\/\/api.w.org\/{rel}","templated":true}]}}