{"id":20124,"date":"2025-12-12T18:04:26","date_gmt":"2025-12-12T17:04:26","guid":{"rendered":"https:\/\/test.ecbeaute.com\/?post_type=product&#038;p=20124"},"modified":"2025-12-12T18:04:28","modified_gmt":"2025-12-12T17:04:28","slug":"nuxe-very-rose-eau-micellaire-apaisante-3-en-1-tous-types-de-peaux-200-ml","status":"publish","type":"product","link":"https:\/\/paracherkaoui.ma\/index.php\/produit\/nuxe-very-rose-eau-micellaire-apaisante-3-en-1-tous-types-de-peaux-200-ml\/","title":{"rendered":"NUXE VERY ROSE EAU MICELLAIRE APAISANTE 3 EN 1 TOUS TYPES DE PEAUX 200 ML"},"content":{"rendered":"<p>Cette eau micellaire \u00e0 l&rsquo;Eau Florale de Rose d\u00e9maquille et nettoie la peau du visage et les yeux, \u00e9liminant make-up<br \/>\net impuret\u00e9s. Enrichie d&rsquo;un Complexe Skin-Respect 100% d&rsquo;origine v\u00e9g\u00e9tale, elle apaise la peau et respecte son \u00e9quilibre.<br \/>\nElle laisse la peau fra\u00eeche et douce, et les sens enchant\u00e9s par son d\u00e9licat parfum de rose.<br \/>\nLe d\u00e9maquillage est la premi\u00e8re \u00e9tape incontournable de votre routine de soin !<br \/>\nConseils d&rsquo;utilisation:<br \/>\nAppliquez d\u00e9licatement matin et soir un coton imbib\u00e9 d&rsquo;eau micellaire sur le visage et les yeux.<br \/>\nRenouvelez jusqu&rsquo;\u00e0 ce que le coton soit propre.<br \/>\nInutile de rincer.<\/p>\n","protected":false},"excerpt":{"rendered":"<p>Cette eau micellaire \u00e0 l&rsquo;Eau Florale de Rose d\u00e9maquille et nettoie la peau du visage et les yeux, \u00e9liminant make-up<\/p>\n","protected":false},"featured_media":20157,"comment_status":"open","ping_status":"closed","template":"","meta":[],"product_brand":[230],"product_cat":[346],"product_tag":[],"class_list":{"0":"post-20124","1":"product","2":"type-product","3":"status-publish","4":"has-post-thumbnail","6":"product_brand-nuxe","7":"product_cat-demaquillants-et-nettoyants","9":"first","10":"instock","11":"sale","12":"shipping-taxable","13":"purchasable","14":"product-type-simple"},"yoast_head":"<!-- This site is optimized with the Yoast SEO plugin v26.6 - https:\/\/yoast.com\/wordpress\/plugins\/seo\/ -->\r\n<title>NUXE VERY ROSE EAU MICELLAIRE APAISANTE 3 EN 1 TOUS TYPES DE PEAUX 200 ML - Paracherkaoui.ma<\/title>\r\n<meta name=\"robots\" content=\"index, follow, max-snippet:-1, max-image-preview:large, max-video-preview:-1\" \/>\r\n<link rel=\"canonical\" href=\"https:\/\/paracherkaoui.ma\/index.php\/produit\/nuxe-very-rose-eau-micellaire-apaisante-3-en-1-tous-types-de-peaux-200-ml\/\" \/>\r\n<meta property=\"og:locale\" content=\"fr_FR\" \/>\r\n<meta property=\"og:type\" content=\"article\" \/>\r\n<meta property=\"og:title\" content=\"NUXE VERY ROSE EAU MICELLAIRE APAISANTE 3 EN 1 TOUS TYPES DE PEAUX 200 ML - Paracherkaoui.ma\" \/>\r\n<meta property=\"og:description\" content=\"Cette eau micellaire \u00e0 l&rsquo;Eau Florale de Rose d\u00e9maquille et nettoie la peau du visage et les yeux, \u00e9liminant make-up\" \/>\r\n<meta property=\"og:url\" content=\"https:\/\/paracherkaoui.ma\/index.php\/produit\/nuxe-very-rose-eau-micellaire-apaisante-3-en-1-tous-types-de-peaux-200-ml\/\" \/>\r\n<meta property=\"og:site_name\" content=\"Paracherkaoui.ma\" \/>\r\n<meta property=\"article:modified_time\" content=\"2025-12-12T17:04:28+00:00\" \/>\r\n<meta property=\"og:image\" content=\"https:\/\/paracherkaoui.ma\/wp-content\/uploads\/2025\/12\/nuxe-nuxe-very-rose-eau-micellaire-apaisante-3-en-1-tous-types-de-peaux-200-ml-nettoyants-visage.jpg\" \/>\r\n\t<meta property=\"og:image:width\" content=\"700\" \/>\r\n\t<meta property=\"og:image:height\" content=\"700\" \/>\r\n\t<meta property=\"og:image:type\" content=\"image\/jpeg\" \/>\r\n<meta name=\"twitter:card\" content=\"summary_large_image\" \/>\r\n<meta name=\"twitter:label1\" content=\"Dur\u00e9e de lecture estim\u00e9e\" \/>\n\t<meta name=\"twitter:data1\" content=\"1 minute\" \/>\r\n<script type=\"application\/ld+json\" class=\"yoast-schema-graph\">{\"@context\":\"https:\/\/schema.org\",\"@graph\":[{\"@type\":\"WebPage\",\"@id\":\"https:\/\/paracherkaoui.ma\/index.php\/produit\/nuxe-very-rose-eau-micellaire-apaisante-3-en-1-tous-types-de-peaux-200-ml\/\",\"url\":\"https:\/\/paracherkaoui.ma\/index.php\/produit\/nuxe-very-rose-eau-micellaire-apaisante-3-en-1-tous-types-de-peaux-200-ml\/\",\"name\":\"NUXE VERY ROSE EAU MICELLAIRE APAISANTE 3 EN 1 TOUS TYPES DE PEAUX 200 ML - Paracherkaoui.ma\",\"isPartOf\":{\"@id\":\"https:\/\/paracherkaoui.ma\/#website\"},\"primaryImageOfPage\":{\"@id\":\"https:\/\/paracherkaoui.ma\/index.php\/produit\/nuxe-very-rose-eau-micellaire-apaisante-3-en-1-tous-types-de-peaux-200-ml\/#primaryimage\"},\"image\":{\"@id\":\"https:\/\/paracherkaoui.ma\/index.php\/produit\/nuxe-very-rose-eau-micellaire-apaisante-3-en-1-tous-types-de-peaux-200-ml\/#primaryimage\"},\"thumbnailUrl\":\"https:\/\/paracherkaoui.ma\/wp-content\/uploads\/2025\/12\/nuxe-nuxe-very-rose-eau-micellaire-apaisante-3-en-1-tous-types-de-peaux-200-ml-nettoyants-visage.jpg\",\"datePublished\":\"2025-12-12T17:04:26+00:00\",\"dateModified\":\"2025-12-12T17:04:28+00:00\",\"breadcrumb\":{\"@id\":\"https:\/\/paracherkaoui.ma\/index.php\/produit\/nuxe-very-rose-eau-micellaire-apaisante-3-en-1-tous-types-de-peaux-200-ml\/#breadcrumb\"},\"inLanguage\":\"fr-FR\",\"potentialAction\":[{\"@type\":\"ReadAction\",\"target\":[\"https:\/\/paracherkaoui.ma\/index.php\/produit\/nuxe-very-rose-eau-micellaire-apaisante-3-en-1-tous-types-de-peaux-200-ml\/\"]}]},{\"@type\":\"ImageObject\",\"inLanguage\":\"fr-FR\",\"@id\":\"https:\/\/paracherkaoui.ma\/index.php\/produit\/nuxe-very-rose-eau-micellaire-apaisante-3-en-1-tous-types-de-peaux-200-ml\/#primaryimage\",\"url\":\"https:\/\/paracherkaoui.ma\/wp-content\/uploads\/2025\/12\/nuxe-nuxe-very-rose-eau-micellaire-apaisante-3-en-1-tous-types-de-peaux-200-ml-nettoyants-visage.jpg\",\"contentUrl\":\"https:\/\/paracherkaoui.ma\/wp-content\/uploads\/2025\/12\/nuxe-nuxe-very-rose-eau-micellaire-apaisante-3-en-1-tous-types-de-peaux-200-ml-nettoyants-visage.jpg\",\"width\":700,\"height\":700},{\"@type\":\"BreadcrumbList\",\"@id\":\"https:\/\/paracherkaoui.ma\/index.php\/produit\/nuxe-very-rose-eau-micellaire-apaisante-3-en-1-tous-types-de-peaux-200-ml\/#breadcrumb\",\"itemListElement\":[{\"@type\":\"ListItem\",\"position\":1,\"name\":\"Accueil\",\"item\":\"https:\/\/paracherkaoui.ma\/\"},{\"@type\":\"ListItem\",\"position\":2,\"name\":\"Boutique\",\"item\":\"https:\/\/paracherkaoui.ma\/index.php\/boutique\/\"},{\"@type\":\"ListItem\",\"position\":3,\"name\":\"NUXE VERY ROSE EAU MICELLAIRE APAISANTE 3 EN 1 TOUS TYPES DE PEAUX 200 ML\"}]},{\"@type\":\"WebSite\",\"@id\":\"https:\/\/paracherkaoui.ma\/#website\",\"url\":\"https:\/\/paracherkaoui.ma\/\",\"name\":\"Paracherkaoui.ma\",\"description\":\"Achetez en ligne sur Paracherkaoui.ma\",\"potentialAction\":[{\"@type\":\"SearchAction\",\"target\":{\"@type\":\"EntryPoint\",\"urlTemplate\":\"https:\/\/paracherkaoui.ma\/?s={search_term_string}\"},\"query-input\":{\"@type\":\"PropertyValueSpecification\",\"valueRequired\":true,\"valueName\":\"search_term_string\"}}],\"inLanguage\":\"fr-FR\"}]}<\/script>\r\n<!-- \/ Yoast SEO plugin. -->","yoast_head_json":{"title":"NUXE VERY ROSE EAU MICELLAIRE APAISANTE 3 EN 1 TOUS TYPES DE PEAUX 200 ML - Paracherkaoui.ma","robots":{"index":"index","follow":"follow","max-snippet":"max-snippet:-1","max-image-preview":"max-image-preview:large","max-video-preview":"max-video-preview:-1"},"canonical":"https:\/\/paracherkaoui.ma\/index.php\/produit\/nuxe-very-rose-eau-micellaire-apaisante-3-en-1-tous-types-de-peaux-200-ml\/","og_locale":"fr_FR","og_type":"article","og_title":"NUXE VERY ROSE EAU MICELLAIRE APAISANTE 3 EN 1 TOUS TYPES DE PEAUX 200 ML - Paracherkaoui.ma","og_description":"Cette eau micellaire \u00e0 l&rsquo;Eau Florale de Rose d\u00e9maquille et nettoie la peau du visage et les yeux, \u00e9liminant make-up","og_url":"https:\/\/paracherkaoui.ma\/index.php\/produit\/nuxe-very-rose-eau-micellaire-apaisante-3-en-1-tous-types-de-peaux-200-ml\/","og_site_name":"Paracherkaoui.ma","article_modified_time":"2025-12-12T17:04:28+00:00","og_image":[{"width":700,"height":700,"url":"https:\/\/paracherkaoui.ma\/wp-content\/uploads\/2025\/12\/nuxe-nuxe-very-rose-eau-micellaire-apaisante-3-en-1-tous-types-de-peaux-200-ml-nettoyants-visage.jpg","type":"image\/jpeg"}],"twitter_card":"summary_large_image","twitter_misc":{"Dur\u00e9e de lecture estim\u00e9e":"1 minute"},"schema":{"@context":"https:\/\/schema.org","@graph":[{"@type":"WebPage","@id":"https:\/\/paracherkaoui.ma\/index.php\/produit\/nuxe-very-rose-eau-micellaire-apaisante-3-en-1-tous-types-de-peaux-200-ml\/","url":"https:\/\/paracherkaoui.ma\/index.php\/produit\/nuxe-very-rose-eau-micellaire-apaisante-3-en-1-tous-types-de-peaux-200-ml\/","name":"NUXE VERY ROSE EAU MICELLAIRE APAISANTE 3 EN 1 TOUS TYPES DE PEAUX 200 ML - Paracherkaoui.ma","isPartOf":{"@id":"https:\/\/paracherkaoui.ma\/#website"},"primaryImageOfPage":{"@id":"https:\/\/paracherkaoui.ma\/index.php\/produit\/nuxe-very-rose-eau-micellaire-apaisante-3-en-1-tous-types-de-peaux-200-ml\/#primaryimage"},"image":{"@id":"https:\/\/paracherkaoui.ma\/index.php\/produit\/nuxe-very-rose-eau-micellaire-apaisante-3-en-1-tous-types-de-peaux-200-ml\/#primaryimage"},"thumbnailUrl":"https:\/\/paracherkaoui.ma\/wp-content\/uploads\/2025\/12\/nuxe-nuxe-very-rose-eau-micellaire-apaisante-3-en-1-tous-types-de-peaux-200-ml-nettoyants-visage.jpg","datePublished":"2025-12-12T17:04:26+00:00","dateModified":"2025-12-12T17:04:28+00:00","breadcrumb":{"@id":"https:\/\/paracherkaoui.ma\/index.php\/produit\/nuxe-very-rose-eau-micellaire-apaisante-3-en-1-tous-types-de-peaux-200-ml\/#breadcrumb"},"inLanguage":"fr-FR","potentialAction":[{"@type":"ReadAction","target":["https:\/\/paracherkaoui.ma\/index.php\/produit\/nuxe-very-rose-eau-micellaire-apaisante-3-en-1-tous-types-de-peaux-200-ml\/"]}]},{"@type":"ImageObject","inLanguage":"fr-FR","@id":"https:\/\/paracherkaoui.ma\/index.php\/produit\/nuxe-very-rose-eau-micellaire-apaisante-3-en-1-tous-types-de-peaux-200-ml\/#primaryimage","url":"https:\/\/paracherkaoui.ma\/wp-content\/uploads\/2025\/12\/nuxe-nuxe-very-rose-eau-micellaire-apaisante-3-en-1-tous-types-de-peaux-200-ml-nettoyants-visage.jpg","contentUrl":"https:\/\/paracherkaoui.ma\/wp-content\/uploads\/2025\/12\/nuxe-nuxe-very-rose-eau-micellaire-apaisante-3-en-1-tous-types-de-peaux-200-ml-nettoyants-visage.jpg","width":700,"height":700},{"@type":"BreadcrumbList","@id":"https:\/\/paracherkaoui.ma\/index.php\/produit\/nuxe-very-rose-eau-micellaire-apaisante-3-en-1-tous-types-de-peaux-200-ml\/#breadcrumb","itemListElement":[{"@type":"ListItem","position":1,"name":"Accueil","item":"https:\/\/paracherkaoui.ma\/"},{"@type":"ListItem","position":2,"name":"Boutique","item":"https:\/\/paracherkaoui.ma\/index.php\/boutique\/"},{"@type":"ListItem","position":3,"name":"NUXE VERY ROSE EAU MICELLAIRE APAISANTE 3 EN 1 TOUS TYPES DE PEAUX 200 ML"}]},{"@type":"WebSite","@id":"https:\/\/paracherkaoui.ma\/#website","url":"https:\/\/paracherkaoui.ma\/","name":"Paracherkaoui.ma","description":"Achetez en ligne sur Paracherkaoui.ma","potentialAction":[{"@type":"SearchAction","target":{"@type":"EntryPoint","urlTemplate":"https:\/\/paracherkaoui.ma\/?s={search_term_string}"},"query-input":{"@type":"PropertyValueSpecification","valueRequired":true,"valueName":"search_term_string"}}],"inLanguage":"fr-FR"}]}},"_links":{"self":[{"href":"https:\/\/paracherkaoui.ma\/index.php\/wp-json\/wp\/v2\/product\/20124","targetHints":{"allow":["GET"]}}],"collection":[{"href":"https:\/\/paracherkaoui.ma\/index.php\/wp-json\/wp\/v2\/product"}],"about":[{"href":"https:\/\/paracherkaoui.ma\/index.php\/wp-json\/wp\/v2\/types\/product"}],"replies":[{"embeddable":true,"href":"https:\/\/paracherkaoui.ma\/index.php\/wp-json\/wp\/v2\/comments?post=20124"}],"version-history":[{"count":1,"href":"https:\/\/paracherkaoui.ma\/index.php\/wp-json\/wp\/v2\/product\/20124\/revisions"}],"predecessor-version":[{"id":20158,"href":"https:\/\/paracherkaoui.ma\/index.php\/wp-json\/wp\/v2\/product\/20124\/revisions\/20158"}],"wp:featuredmedia":[{"embeddable":true,"href":"https:\/\/paracherkaoui.ma\/index.php\/wp-json\/wp\/v2\/media\/20157"}],"wp:attachment":[{"href":"https:\/\/paracherkaoui.ma\/index.php\/wp-json\/wp\/v2\/media?parent=20124"}],"wp:term":[{"taxonomy":"product_brand","embeddable":true,"href":"https:\/\/paracherkaoui.ma\/index.php\/wp-json\/wp\/v2\/product_brand?post=20124"},{"taxonomy":"product_cat","embeddable":true,"href":"https:\/\/paracherkaoui.ma\/index.php\/wp-json\/wp\/v2\/product_cat?post=20124"},{"taxonomy":"product_tag","embeddable":true,"href":"https:\/\/paracherkaoui.ma\/index.php\/wp-json\/wp\/v2\/product_tag?post=20124"}],"curies":[{"name":"wp","href":"https:\/\/api.w.org\/{rel}","templated":true}]}}