{"id":19982,"date":"2025-12-12T18:04:02","date_gmt":"2025-12-12T17:04:02","guid":{"rendered":"https:\/\/test.ecbeaute.com\/?post_type=product&#038;p=19982"},"modified":"2025-12-12T18:04:04","modified_gmt":"2025-12-12T17:04:04","slug":"caudalie-vinoclean-huile-de-soin-demaquillante-150ml","status":"publish","type":"product","link":"https:\/\/paracherkaoui.ma\/index.php\/produit\/caudalie-vinoclean-huile-de-soin-demaquillante-150ml\/","title":{"rendered":"CAUDALIE VINOCLEAN HUILE DE SOIN DEMAQUILLANTE 150ML"},"content":{"rendered":"<p>Nos d\u00e9maquillants se refont une beaut\u00e9 et deviennent VINOCLEAN, une nouvelle gamme de nettoyants \u00e9co-friendly, aux formules vegan et hautement naturelles.<br \/>\nL&rsquo;Huile de Soin D\u00e9maquillante est un m\u00e9lange d&rsquo;huiles v\u00e9g\u00e9tales nourrissantes 100% d&rsquo;origine naturelle (huile d&rsquo;amande douce, ricin, p\u00e9pins de raisin et tournesol).<br \/>\nEfficace sur tous les types de maquillages, y compris waterproof, sa formule clean et vegan d\u00e9maquille le visage, les yeux et les l\u00e8vres en douceur. Elle nourrit, nettoie et d\u00e9barrasse la peau de toutes ses impuret\u00e9s tout en sublimant les cils gr\u00e2ce \u00e0 l&rsquo;huile de ricin. Id\u00e9ale pour un d\u00e9maquillage efficace, rapide et sans coton.<br \/>\nSa texture huile se transforme en lait au contact de l&rsquo;eau pour un rin\u00e7age facile et rapide sans laisser de film gras sur la peau.<br \/>\nSon parfum 100% naturel d&rsquo;amande douce transforme le d\u00e9maquillage en un v\u00e9ritable moment de bien-\u00eatre et de plaisir.<br \/>\nB\u00e9n\u00e9fices<br \/>\nDissout tous les maquillages<br \/>\nD\u00e9maquille le visage et les yeux<br \/>\nNourrit sans laisser de film gras<br \/>\nConseils d&rsquo;utilisation:<br \/>\n1. Chauffer 1 noisette d&rsquo;Huile D\u00e9maquillante dans le creux des mains.<br \/>\n2. Masser sur peau s\u00e8che, les yeux ferm\u00e9s.<br \/>\n3. \u00c9mulsionner avec un peu d\u2019eau.<br \/>\n4. Rincer abondamment \u00e0 l&rsquo;eau ti\u00e8de et s\u00e9cher.<\/p>\n","protected":false},"excerpt":{"rendered":"<p>Nos d\u00e9maquillants se refont une beaut\u00e9 et deviennent VINOCLEAN, une nouvelle gamme de nettoyants \u00e9co-friendly, aux formules vegan et hautement<\/p>\n","protected":false},"featured_media":20016,"comment_status":"open","ping_status":"closed","template":"","meta":[],"product_brand":[358],"product_cat":[346],"product_tag":[],"class_list":{"0":"post-19982","1":"product","2":"type-product","3":"status-publish","4":"has-post-thumbnail","6":"product_brand-caudalie","7":"product_cat-demaquillants-et-nettoyants","9":"first","10":"instock","11":"shipping-taxable","12":"purchasable","13":"product-type-simple"},"yoast_head":"<!-- This site is optimized with the Yoast SEO plugin v26.6 - https:\/\/yoast.com\/wordpress\/plugins\/seo\/ -->\r\n<title>CAUDALIE VINOCLEAN HUILE DE SOIN DEMAQUILLANTE 150ML - Paracherkaoui.ma<\/title>\r\n<meta name=\"robots\" content=\"index, follow, max-snippet:-1, max-image-preview:large, max-video-preview:-1\" \/>\r\n<link rel=\"canonical\" href=\"https:\/\/paracherkaoui.ma\/index.php\/produit\/caudalie-vinoclean-huile-de-soin-demaquillante-150ml\/\" \/>\r\n<meta property=\"og:locale\" content=\"fr_FR\" \/>\r\n<meta property=\"og:type\" content=\"article\" \/>\r\n<meta property=\"og:title\" content=\"CAUDALIE VINOCLEAN HUILE DE SOIN DEMAQUILLANTE 150ML - Paracherkaoui.ma\" \/>\r\n<meta property=\"og:description\" content=\"Nos d\u00e9maquillants se refont une beaut\u00e9 et deviennent VINOCLEAN, une nouvelle gamme de nettoyants \u00e9co-friendly, aux formules vegan et hautement\" \/>\r\n<meta property=\"og:url\" content=\"https:\/\/paracherkaoui.ma\/index.php\/produit\/caudalie-vinoclean-huile-de-soin-demaquillante-150ml\/\" \/>\r\n<meta property=\"og:site_name\" content=\"Paracherkaoui.ma\" \/>\r\n<meta property=\"article:modified_time\" content=\"2025-12-12T17:04:04+00:00\" \/>\r\n<meta property=\"og:image\" content=\"https:\/\/paracherkaoui.ma\/wp-content\/uploads\/2025\/12\/caudalie-caudalie-vinoclean-huile-de-soin-demaquillante-150ml-nettoyants-visage.jpg\" \/>\r\n\t<meta property=\"og:image:width\" content=\"700\" \/>\r\n\t<meta property=\"og:image:height\" content=\"700\" \/>\r\n\t<meta property=\"og:image:type\" content=\"image\/jpeg\" \/>\r\n<meta name=\"twitter:card\" content=\"summary_large_image\" \/>\r\n<meta name=\"twitter:label1\" content=\"Dur\u00e9e de lecture estim\u00e9e\" \/>\n\t<meta name=\"twitter:data1\" content=\"1 minute\" \/>\r\n<script type=\"application\/ld+json\" class=\"yoast-schema-graph\">{\"@context\":\"https:\/\/schema.org\",\"@graph\":[{\"@type\":\"WebPage\",\"@id\":\"https:\/\/paracherkaoui.ma\/index.php\/produit\/caudalie-vinoclean-huile-de-soin-demaquillante-150ml\/\",\"url\":\"https:\/\/paracherkaoui.ma\/index.php\/produit\/caudalie-vinoclean-huile-de-soin-demaquillante-150ml\/\",\"name\":\"CAUDALIE VINOCLEAN HUILE DE SOIN DEMAQUILLANTE 150ML - Paracherkaoui.ma\",\"isPartOf\":{\"@id\":\"https:\/\/paracherkaoui.ma\/#website\"},\"primaryImageOfPage\":{\"@id\":\"https:\/\/paracherkaoui.ma\/index.php\/produit\/caudalie-vinoclean-huile-de-soin-demaquillante-150ml\/#primaryimage\"},\"image\":{\"@id\":\"https:\/\/paracherkaoui.ma\/index.php\/produit\/caudalie-vinoclean-huile-de-soin-demaquillante-150ml\/#primaryimage\"},\"thumbnailUrl\":\"https:\/\/paracherkaoui.ma\/wp-content\/uploads\/2025\/12\/caudalie-caudalie-vinoclean-huile-de-soin-demaquillante-150ml-nettoyants-visage.jpg\",\"datePublished\":\"2025-12-12T17:04:02+00:00\",\"dateModified\":\"2025-12-12T17:04:04+00:00\",\"breadcrumb\":{\"@id\":\"https:\/\/paracherkaoui.ma\/index.php\/produit\/caudalie-vinoclean-huile-de-soin-demaquillante-150ml\/#breadcrumb\"},\"inLanguage\":\"fr-FR\",\"potentialAction\":[{\"@type\":\"ReadAction\",\"target\":[\"https:\/\/paracherkaoui.ma\/index.php\/produit\/caudalie-vinoclean-huile-de-soin-demaquillante-150ml\/\"]}]},{\"@type\":\"ImageObject\",\"inLanguage\":\"fr-FR\",\"@id\":\"https:\/\/paracherkaoui.ma\/index.php\/produit\/caudalie-vinoclean-huile-de-soin-demaquillante-150ml\/#primaryimage\",\"url\":\"https:\/\/paracherkaoui.ma\/wp-content\/uploads\/2025\/12\/caudalie-caudalie-vinoclean-huile-de-soin-demaquillante-150ml-nettoyants-visage.jpg\",\"contentUrl\":\"https:\/\/paracherkaoui.ma\/wp-content\/uploads\/2025\/12\/caudalie-caudalie-vinoclean-huile-de-soin-demaquillante-150ml-nettoyants-visage.jpg\",\"width\":700,\"height\":700},{\"@type\":\"BreadcrumbList\",\"@id\":\"https:\/\/paracherkaoui.ma\/index.php\/produit\/caudalie-vinoclean-huile-de-soin-demaquillante-150ml\/#breadcrumb\",\"itemListElement\":[{\"@type\":\"ListItem\",\"position\":1,\"name\":\"Accueil\",\"item\":\"https:\/\/paracherkaoui.ma\/\"},{\"@type\":\"ListItem\",\"position\":2,\"name\":\"Boutique\",\"item\":\"https:\/\/paracherkaoui.ma\/index.php\/boutique\/\"},{\"@type\":\"ListItem\",\"position\":3,\"name\":\"CAUDALIE VINOCLEAN HUILE DE SOIN DEMAQUILLANTE 150ML\"}]},{\"@type\":\"WebSite\",\"@id\":\"https:\/\/paracherkaoui.ma\/#website\",\"url\":\"https:\/\/paracherkaoui.ma\/\",\"name\":\"Paracherkaoui.ma\",\"description\":\"Achetez en ligne sur Paracherkaoui.ma\",\"potentialAction\":[{\"@type\":\"SearchAction\",\"target\":{\"@type\":\"EntryPoint\",\"urlTemplate\":\"https:\/\/paracherkaoui.ma\/?s={search_term_string}\"},\"query-input\":{\"@type\":\"PropertyValueSpecification\",\"valueRequired\":true,\"valueName\":\"search_term_string\"}}],\"inLanguage\":\"fr-FR\"}]}<\/script>\r\n<!-- \/ Yoast SEO plugin. -->","yoast_head_json":{"title":"CAUDALIE VINOCLEAN HUILE DE SOIN DEMAQUILLANTE 150ML - Paracherkaoui.ma","robots":{"index":"index","follow":"follow","max-snippet":"max-snippet:-1","max-image-preview":"max-image-preview:large","max-video-preview":"max-video-preview:-1"},"canonical":"https:\/\/paracherkaoui.ma\/index.php\/produit\/caudalie-vinoclean-huile-de-soin-demaquillante-150ml\/","og_locale":"fr_FR","og_type":"article","og_title":"CAUDALIE VINOCLEAN HUILE DE SOIN DEMAQUILLANTE 150ML - Paracherkaoui.ma","og_description":"Nos d\u00e9maquillants se refont une beaut\u00e9 et deviennent VINOCLEAN, une nouvelle gamme de nettoyants \u00e9co-friendly, aux formules vegan et hautement","og_url":"https:\/\/paracherkaoui.ma\/index.php\/produit\/caudalie-vinoclean-huile-de-soin-demaquillante-150ml\/","og_site_name":"Paracherkaoui.ma","article_modified_time":"2025-12-12T17:04:04+00:00","og_image":[{"width":700,"height":700,"url":"https:\/\/paracherkaoui.ma\/wp-content\/uploads\/2025\/12\/caudalie-caudalie-vinoclean-huile-de-soin-demaquillante-150ml-nettoyants-visage.jpg","type":"image\/jpeg"}],"twitter_card":"summary_large_image","twitter_misc":{"Dur\u00e9e de lecture estim\u00e9e":"1 minute"},"schema":{"@context":"https:\/\/schema.org","@graph":[{"@type":"WebPage","@id":"https:\/\/paracherkaoui.ma\/index.php\/produit\/caudalie-vinoclean-huile-de-soin-demaquillante-150ml\/","url":"https:\/\/paracherkaoui.ma\/index.php\/produit\/caudalie-vinoclean-huile-de-soin-demaquillante-150ml\/","name":"CAUDALIE VINOCLEAN HUILE DE SOIN DEMAQUILLANTE 150ML - Paracherkaoui.ma","isPartOf":{"@id":"https:\/\/paracherkaoui.ma\/#website"},"primaryImageOfPage":{"@id":"https:\/\/paracherkaoui.ma\/index.php\/produit\/caudalie-vinoclean-huile-de-soin-demaquillante-150ml\/#primaryimage"},"image":{"@id":"https:\/\/paracherkaoui.ma\/index.php\/produit\/caudalie-vinoclean-huile-de-soin-demaquillante-150ml\/#primaryimage"},"thumbnailUrl":"https:\/\/paracherkaoui.ma\/wp-content\/uploads\/2025\/12\/caudalie-caudalie-vinoclean-huile-de-soin-demaquillante-150ml-nettoyants-visage.jpg","datePublished":"2025-12-12T17:04:02+00:00","dateModified":"2025-12-12T17:04:04+00:00","breadcrumb":{"@id":"https:\/\/paracherkaoui.ma\/index.php\/produit\/caudalie-vinoclean-huile-de-soin-demaquillante-150ml\/#breadcrumb"},"inLanguage":"fr-FR","potentialAction":[{"@type":"ReadAction","target":["https:\/\/paracherkaoui.ma\/index.php\/produit\/caudalie-vinoclean-huile-de-soin-demaquillante-150ml\/"]}]},{"@type":"ImageObject","inLanguage":"fr-FR","@id":"https:\/\/paracherkaoui.ma\/index.php\/produit\/caudalie-vinoclean-huile-de-soin-demaquillante-150ml\/#primaryimage","url":"https:\/\/paracherkaoui.ma\/wp-content\/uploads\/2025\/12\/caudalie-caudalie-vinoclean-huile-de-soin-demaquillante-150ml-nettoyants-visage.jpg","contentUrl":"https:\/\/paracherkaoui.ma\/wp-content\/uploads\/2025\/12\/caudalie-caudalie-vinoclean-huile-de-soin-demaquillante-150ml-nettoyants-visage.jpg","width":700,"height":700},{"@type":"BreadcrumbList","@id":"https:\/\/paracherkaoui.ma\/index.php\/produit\/caudalie-vinoclean-huile-de-soin-demaquillante-150ml\/#breadcrumb","itemListElement":[{"@type":"ListItem","position":1,"name":"Accueil","item":"https:\/\/paracherkaoui.ma\/"},{"@type":"ListItem","position":2,"name":"Boutique","item":"https:\/\/paracherkaoui.ma\/index.php\/boutique\/"},{"@type":"ListItem","position":3,"name":"CAUDALIE VINOCLEAN HUILE DE SOIN DEMAQUILLANTE 150ML"}]},{"@type":"WebSite","@id":"https:\/\/paracherkaoui.ma\/#website","url":"https:\/\/paracherkaoui.ma\/","name":"Paracherkaoui.ma","description":"Achetez en ligne sur Paracherkaoui.ma","potentialAction":[{"@type":"SearchAction","target":{"@type":"EntryPoint","urlTemplate":"https:\/\/paracherkaoui.ma\/?s={search_term_string}"},"query-input":{"@type":"PropertyValueSpecification","valueRequired":true,"valueName":"search_term_string"}}],"inLanguage":"fr-FR"}]}},"_links":{"self":[{"href":"https:\/\/paracherkaoui.ma\/index.php\/wp-json\/wp\/v2\/product\/19982","targetHints":{"allow":["GET"]}}],"collection":[{"href":"https:\/\/paracherkaoui.ma\/index.php\/wp-json\/wp\/v2\/product"}],"about":[{"href":"https:\/\/paracherkaoui.ma\/index.php\/wp-json\/wp\/v2\/types\/product"}],"replies":[{"embeddable":true,"href":"https:\/\/paracherkaoui.ma\/index.php\/wp-json\/wp\/v2\/comments?post=19982"}],"version-history":[{"count":1,"href":"https:\/\/paracherkaoui.ma\/index.php\/wp-json\/wp\/v2\/product\/19982\/revisions"}],"predecessor-version":[{"id":20017,"href":"https:\/\/paracherkaoui.ma\/index.php\/wp-json\/wp\/v2\/product\/19982\/revisions\/20017"}],"wp:featuredmedia":[{"embeddable":true,"href":"https:\/\/paracherkaoui.ma\/index.php\/wp-json\/wp\/v2\/media\/20016"}],"wp:attachment":[{"href":"https:\/\/paracherkaoui.ma\/index.php\/wp-json\/wp\/v2\/media?parent=19982"}],"wp:term":[{"taxonomy":"product_brand","embeddable":true,"href":"https:\/\/paracherkaoui.ma\/index.php\/wp-json\/wp\/v2\/product_brand?post=19982"},{"taxonomy":"product_cat","embeddable":true,"href":"https:\/\/paracherkaoui.ma\/index.php\/wp-json\/wp\/v2\/product_cat?post=19982"},{"taxonomy":"product_tag","embeddable":true,"href":"https:\/\/paracherkaoui.ma\/index.php\/wp-json\/wp\/v2\/product_tag?post=19982"}],"curies":[{"name":"wp","href":"https:\/\/api.w.org\/{rel}","templated":true}]}}