{"id":19980,"date":"2025-12-12T18:04:02","date_gmt":"2025-12-12T17:04:02","guid":{"rendered":"https:\/\/test.ecbeaute.com\/?post_type=product&#038;p=19980"},"modified":"2025-12-12T18:04:04","modified_gmt":"2025-12-12T17:04:04","slug":"cantabria-endocare-creme-dermo-cleanser-glyco-perfect-az-15-aha-150-ml","status":"publish","type":"product","link":"https:\/\/paracherkaoui.ma\/index.php\/produit\/cantabria-endocare-creme-dermo-cleanser-glyco-perfect-az-15-aha-150-ml\/","title":{"rendered":"CANTABRIA ENDOCARE CREME DERMO CLEANSER GLYCO PERFECT AZ 15 AHA 150 ML"},"content":{"rendered":"<p>Le soin ne s\u2019arr\u00eate pas l\u00e0 : ses ingr\u00e9dients comme le calendula et le bisabolol apaisent et r\u00e9parent la peau, laissant une sensation de confort sans tiraillement. La technologie avanc\u00e9e Azelaic Aox-TECH, avec de l&rsquo;acide az\u00e9la\u00efque nanoencapsul\u00e9, d\u00e9multiplie les effets \u00e9claircissants et d\u00e9pigmentants pour un teint visiblement uniforme et \u00e9clatant.<br \/>\nB\u00e9n\u00e9fices principaux<br \/>\nNettoie et exfolie en douceur pour un grain de peau lisse.<br \/>\nR\u00e9duit les imperfections et illumine le teint.<br \/>\nApaise et hydrate pour un confort optimal.<br \/>\nConvient \u00e0 une utilisation quotidienne gr\u00e2ce \u00e0 sa texture agr\u00e9able et non irritante.<br \/>\nComposition<br \/>\nAcide glycolique : am\u00e9liore l&rsquo;apparence de la peau en aidant \u00e0 r\u00e9duire les pores, les rides d&rsquo;expression et les rides.<br \/>\nAcide citrique : Ingr\u00e9dient actif \u00e0 haute capacit\u00e9 exfoliante qui se distingue \u00e9galement par \u00eatre un bon antioxydant capable de neutraliser les effets n\u00e9fastes des radicaux libres. Aide \u00e0 retarder le processus de vieillissement et a un effet \u00e9claircissant<br \/>\nCalendula : Contient des propri\u00e9t\u00e9s apaisantes et r\u00e9paratrices cutan\u00e9es, permettant de r\u00e9duire toute irritation du derme.<br \/>\nBisabolol : Ses propri\u00e9t\u00e9s apaisantes, cicatrisantes, anti-inflammatoires et antioxydantes prot\u00e8gent la peau des dommages caus\u00e9s par les radicaux libres et le stress oxydatif.<br \/>\nNanov\u00e9sicules d&rsquo;acide az\u00e9la\u00efque : Actif reconnu pour son effet topique anti-inflammatoire et antibact\u00e9rien.<br \/>\nAzelaic Aox-TECH : nouvelle technologie de Cantabria Labs \u00e0 base d&rsquo;acide az\u00e9la\u00efque nanoencapsul\u00e9 qui renforce jusqu&rsquo;\u00e0 5 fois plus l&rsquo;action de l&rsquo;acide az\u00e9la\u00efque pour une plus grande efficacit\u00e9 d\u00e9pigmentante et \u00e9claircissante.<br \/>\nConseils d\u2019utilisation<br \/>\nPr\u00e9paration : Humidifiez l\u00e9g\u00e8rement votre peau avant l&rsquo;application.<br \/>\nApplication : Appliquez une petite quantit\u00e9 de cr\u00e8me sur le visage et massez doucement jusqu&rsquo;\u00e0 l&rsquo;apparition d&rsquo;une mousse l\u00e9g\u00e8re.<br \/>\nRin\u00e7age : Rincez abondamment \u00e0 l&rsquo;eau ti\u00e8de.<br \/>\nFr\u00e9quence : Utilisez uniquement le soir pour maximiser les bienfaits exfoliants et \u00e9viter une sensibilit\u00e9 accrue au soleil. Appliquez toujours un \u00e9cran solaire le lendemain matin.<\/p>\n","protected":false},"excerpt":{"rendered":"<p>Le soin ne s\u2019arr\u00eate pas l\u00e0 : ses ingr\u00e9dients comme le calendula et le bisabolol apaisent et r\u00e9parent la peau,<\/p>\n","protected":false},"featured_media":20012,"comment_status":"open","ping_status":"closed","template":"","meta":[],"product_brand":[147],"product_cat":[346],"product_tag":[],"class_list":{"0":"post-19980","1":"product","2":"type-product","3":"status-publish","4":"has-post-thumbnail","6":"product_brand-cantabria","7":"product_cat-demaquillants-et-nettoyants","9":"first","10":"instock","11":"sale","12":"shipping-taxable","13":"purchasable","14":"product-type-simple"},"yoast_head":"<!-- This site is optimized with the Yoast SEO plugin v26.6 - https:\/\/yoast.com\/wordpress\/plugins\/seo\/ -->\r\n<title>CANTABRIA ENDOCARE CREME DERMO CLEANSER GLYCO PERFECT AZ 15 AHA 150 ML - Paracherkaoui.ma<\/title>\r\n<meta name=\"robots\" content=\"index, follow, max-snippet:-1, max-image-preview:large, max-video-preview:-1\" \/>\r\n<link rel=\"canonical\" href=\"https:\/\/paracherkaoui.ma\/index.php\/produit\/cantabria-endocare-creme-dermo-cleanser-glyco-perfect-az-15-aha-150-ml\/\" \/>\r\n<meta property=\"og:locale\" content=\"fr_FR\" \/>\r\n<meta property=\"og:type\" content=\"article\" \/>\r\n<meta property=\"og:title\" content=\"CANTABRIA ENDOCARE CREME DERMO CLEANSER GLYCO PERFECT AZ 15 AHA 150 ML - Paracherkaoui.ma\" \/>\r\n<meta property=\"og:description\" content=\"Le soin ne s\u2019arr\u00eate pas l\u00e0 : ses ingr\u00e9dients comme le calendula et le bisabolol apaisent et r\u00e9parent la peau,\" \/>\r\n<meta property=\"og:url\" content=\"https:\/\/paracherkaoui.ma\/index.php\/produit\/cantabria-endocare-creme-dermo-cleanser-glyco-perfect-az-15-aha-150-ml\/\" \/>\r\n<meta property=\"og:site_name\" content=\"Paracherkaoui.ma\" \/>\r\n<meta property=\"article:modified_time\" content=\"2025-12-12T17:04:04+00:00\" \/>\r\n<meta property=\"og:image\" content=\"https:\/\/paracherkaoui.ma\/wp-content\/uploads\/2025\/12\/cantabria-cantabria-endocare-creme-dermo-cleanser-glyco-perfect-az-15-aha-150-ml-demaquillants-et-nettoyants.jpg\" \/>\r\n\t<meta property=\"og:image:width\" content=\"700\" \/>\r\n\t<meta property=\"og:image:height\" content=\"700\" \/>\r\n\t<meta property=\"og:image:type\" content=\"image\/jpeg\" \/>\r\n<meta name=\"twitter:card\" content=\"summary_large_image\" \/>\r\n<meta name=\"twitter:label1\" content=\"Dur\u00e9e de lecture estim\u00e9e\" \/>\n\t<meta name=\"twitter:data1\" content=\"2 minutes\" \/>\r\n<script type=\"application\/ld+json\" class=\"yoast-schema-graph\">{\"@context\":\"https:\/\/schema.org\",\"@graph\":[{\"@type\":\"WebPage\",\"@id\":\"https:\/\/paracherkaoui.ma\/index.php\/produit\/cantabria-endocare-creme-dermo-cleanser-glyco-perfect-az-15-aha-150-ml\/\",\"url\":\"https:\/\/paracherkaoui.ma\/index.php\/produit\/cantabria-endocare-creme-dermo-cleanser-glyco-perfect-az-15-aha-150-ml\/\",\"name\":\"CANTABRIA ENDOCARE CREME DERMO CLEANSER GLYCO PERFECT AZ 15 AHA 150 ML - Paracherkaoui.ma\",\"isPartOf\":{\"@id\":\"https:\/\/paracherkaoui.ma\/#website\"},\"primaryImageOfPage\":{\"@id\":\"https:\/\/paracherkaoui.ma\/index.php\/produit\/cantabria-endocare-creme-dermo-cleanser-glyco-perfect-az-15-aha-150-ml\/#primaryimage\"},\"image\":{\"@id\":\"https:\/\/paracherkaoui.ma\/index.php\/produit\/cantabria-endocare-creme-dermo-cleanser-glyco-perfect-az-15-aha-150-ml\/#primaryimage\"},\"thumbnailUrl\":\"https:\/\/paracherkaoui.ma\/wp-content\/uploads\/2025\/12\/cantabria-cantabria-endocare-creme-dermo-cleanser-glyco-perfect-az-15-aha-150-ml-demaquillants-et-nettoyants.jpg\",\"datePublished\":\"2025-12-12T17:04:02+00:00\",\"dateModified\":\"2025-12-12T17:04:04+00:00\",\"breadcrumb\":{\"@id\":\"https:\/\/paracherkaoui.ma\/index.php\/produit\/cantabria-endocare-creme-dermo-cleanser-glyco-perfect-az-15-aha-150-ml\/#breadcrumb\"},\"inLanguage\":\"fr-FR\",\"potentialAction\":[{\"@type\":\"ReadAction\",\"target\":[\"https:\/\/paracherkaoui.ma\/index.php\/produit\/cantabria-endocare-creme-dermo-cleanser-glyco-perfect-az-15-aha-150-ml\/\"]}]},{\"@type\":\"ImageObject\",\"inLanguage\":\"fr-FR\",\"@id\":\"https:\/\/paracherkaoui.ma\/index.php\/produit\/cantabria-endocare-creme-dermo-cleanser-glyco-perfect-az-15-aha-150-ml\/#primaryimage\",\"url\":\"https:\/\/paracherkaoui.ma\/wp-content\/uploads\/2025\/12\/cantabria-cantabria-endocare-creme-dermo-cleanser-glyco-perfect-az-15-aha-150-ml-demaquillants-et-nettoyants.jpg\",\"contentUrl\":\"https:\/\/paracherkaoui.ma\/wp-content\/uploads\/2025\/12\/cantabria-cantabria-endocare-creme-dermo-cleanser-glyco-perfect-az-15-aha-150-ml-demaquillants-et-nettoyants.jpg\",\"width\":700,\"height\":700},{\"@type\":\"BreadcrumbList\",\"@id\":\"https:\/\/paracherkaoui.ma\/index.php\/produit\/cantabria-endocare-creme-dermo-cleanser-glyco-perfect-az-15-aha-150-ml\/#breadcrumb\",\"itemListElement\":[{\"@type\":\"ListItem\",\"position\":1,\"name\":\"Accueil\",\"item\":\"https:\/\/paracherkaoui.ma\/\"},{\"@type\":\"ListItem\",\"position\":2,\"name\":\"Boutique\",\"item\":\"https:\/\/paracherkaoui.ma\/index.php\/boutique\/\"},{\"@type\":\"ListItem\",\"position\":3,\"name\":\"CANTABRIA ENDOCARE CREME DERMO CLEANSER GLYCO PERFECT AZ 15 AHA 150 ML\"}]},{\"@type\":\"WebSite\",\"@id\":\"https:\/\/paracherkaoui.ma\/#website\",\"url\":\"https:\/\/paracherkaoui.ma\/\",\"name\":\"Paracherkaoui.ma\",\"description\":\"Achetez en ligne sur Paracherkaoui.ma\",\"potentialAction\":[{\"@type\":\"SearchAction\",\"target\":{\"@type\":\"EntryPoint\",\"urlTemplate\":\"https:\/\/paracherkaoui.ma\/?s={search_term_string}\"},\"query-input\":{\"@type\":\"PropertyValueSpecification\",\"valueRequired\":true,\"valueName\":\"search_term_string\"}}],\"inLanguage\":\"fr-FR\"}]}<\/script>\r\n<!-- \/ Yoast SEO plugin. -->","yoast_head_json":{"title":"CANTABRIA ENDOCARE CREME DERMO CLEANSER GLYCO PERFECT AZ 15 AHA 150 ML - Paracherkaoui.ma","robots":{"index":"index","follow":"follow","max-snippet":"max-snippet:-1","max-image-preview":"max-image-preview:large","max-video-preview":"max-video-preview:-1"},"canonical":"https:\/\/paracherkaoui.ma\/index.php\/produit\/cantabria-endocare-creme-dermo-cleanser-glyco-perfect-az-15-aha-150-ml\/","og_locale":"fr_FR","og_type":"article","og_title":"CANTABRIA ENDOCARE CREME DERMO CLEANSER GLYCO PERFECT AZ 15 AHA 150 ML - Paracherkaoui.ma","og_description":"Le soin ne s\u2019arr\u00eate pas l\u00e0 : ses ingr\u00e9dients comme le calendula et le bisabolol apaisent et r\u00e9parent la peau,","og_url":"https:\/\/paracherkaoui.ma\/index.php\/produit\/cantabria-endocare-creme-dermo-cleanser-glyco-perfect-az-15-aha-150-ml\/","og_site_name":"Paracherkaoui.ma","article_modified_time":"2025-12-12T17:04:04+00:00","og_image":[{"width":700,"height":700,"url":"https:\/\/paracherkaoui.ma\/wp-content\/uploads\/2025\/12\/cantabria-cantabria-endocare-creme-dermo-cleanser-glyco-perfect-az-15-aha-150-ml-demaquillants-et-nettoyants.jpg","type":"image\/jpeg"}],"twitter_card":"summary_large_image","twitter_misc":{"Dur\u00e9e de lecture estim\u00e9e":"2 minutes"},"schema":{"@context":"https:\/\/schema.org","@graph":[{"@type":"WebPage","@id":"https:\/\/paracherkaoui.ma\/index.php\/produit\/cantabria-endocare-creme-dermo-cleanser-glyco-perfect-az-15-aha-150-ml\/","url":"https:\/\/paracherkaoui.ma\/index.php\/produit\/cantabria-endocare-creme-dermo-cleanser-glyco-perfect-az-15-aha-150-ml\/","name":"CANTABRIA ENDOCARE CREME DERMO CLEANSER GLYCO PERFECT AZ 15 AHA 150 ML - Paracherkaoui.ma","isPartOf":{"@id":"https:\/\/paracherkaoui.ma\/#website"},"primaryImageOfPage":{"@id":"https:\/\/paracherkaoui.ma\/index.php\/produit\/cantabria-endocare-creme-dermo-cleanser-glyco-perfect-az-15-aha-150-ml\/#primaryimage"},"image":{"@id":"https:\/\/paracherkaoui.ma\/index.php\/produit\/cantabria-endocare-creme-dermo-cleanser-glyco-perfect-az-15-aha-150-ml\/#primaryimage"},"thumbnailUrl":"https:\/\/paracherkaoui.ma\/wp-content\/uploads\/2025\/12\/cantabria-cantabria-endocare-creme-dermo-cleanser-glyco-perfect-az-15-aha-150-ml-demaquillants-et-nettoyants.jpg","datePublished":"2025-12-12T17:04:02+00:00","dateModified":"2025-12-12T17:04:04+00:00","breadcrumb":{"@id":"https:\/\/paracherkaoui.ma\/index.php\/produit\/cantabria-endocare-creme-dermo-cleanser-glyco-perfect-az-15-aha-150-ml\/#breadcrumb"},"inLanguage":"fr-FR","potentialAction":[{"@type":"ReadAction","target":["https:\/\/paracherkaoui.ma\/index.php\/produit\/cantabria-endocare-creme-dermo-cleanser-glyco-perfect-az-15-aha-150-ml\/"]}]},{"@type":"ImageObject","inLanguage":"fr-FR","@id":"https:\/\/paracherkaoui.ma\/index.php\/produit\/cantabria-endocare-creme-dermo-cleanser-glyco-perfect-az-15-aha-150-ml\/#primaryimage","url":"https:\/\/paracherkaoui.ma\/wp-content\/uploads\/2025\/12\/cantabria-cantabria-endocare-creme-dermo-cleanser-glyco-perfect-az-15-aha-150-ml-demaquillants-et-nettoyants.jpg","contentUrl":"https:\/\/paracherkaoui.ma\/wp-content\/uploads\/2025\/12\/cantabria-cantabria-endocare-creme-dermo-cleanser-glyco-perfect-az-15-aha-150-ml-demaquillants-et-nettoyants.jpg","width":700,"height":700},{"@type":"BreadcrumbList","@id":"https:\/\/paracherkaoui.ma\/index.php\/produit\/cantabria-endocare-creme-dermo-cleanser-glyco-perfect-az-15-aha-150-ml\/#breadcrumb","itemListElement":[{"@type":"ListItem","position":1,"name":"Accueil","item":"https:\/\/paracherkaoui.ma\/"},{"@type":"ListItem","position":2,"name":"Boutique","item":"https:\/\/paracherkaoui.ma\/index.php\/boutique\/"},{"@type":"ListItem","position":3,"name":"CANTABRIA ENDOCARE CREME DERMO CLEANSER GLYCO PERFECT AZ 15 AHA 150 ML"}]},{"@type":"WebSite","@id":"https:\/\/paracherkaoui.ma\/#website","url":"https:\/\/paracherkaoui.ma\/","name":"Paracherkaoui.ma","description":"Achetez en ligne sur Paracherkaoui.ma","potentialAction":[{"@type":"SearchAction","target":{"@type":"EntryPoint","urlTemplate":"https:\/\/paracherkaoui.ma\/?s={search_term_string}"},"query-input":{"@type":"PropertyValueSpecification","valueRequired":true,"valueName":"search_term_string"}}],"inLanguage":"fr-FR"}]}},"_links":{"self":[{"href":"https:\/\/paracherkaoui.ma\/index.php\/wp-json\/wp\/v2\/product\/19980","targetHints":{"allow":["GET"]}}],"collection":[{"href":"https:\/\/paracherkaoui.ma\/index.php\/wp-json\/wp\/v2\/product"}],"about":[{"href":"https:\/\/paracherkaoui.ma\/index.php\/wp-json\/wp\/v2\/types\/product"}],"replies":[{"embeddable":true,"href":"https:\/\/paracherkaoui.ma\/index.php\/wp-json\/wp\/v2\/comments?post=19980"}],"version-history":[{"count":1,"href":"https:\/\/paracherkaoui.ma\/index.php\/wp-json\/wp\/v2\/product\/19980\/revisions"}],"predecessor-version":[{"id":20013,"href":"https:\/\/paracherkaoui.ma\/index.php\/wp-json\/wp\/v2\/product\/19980\/revisions\/20013"}],"wp:featuredmedia":[{"embeddable":true,"href":"https:\/\/paracherkaoui.ma\/index.php\/wp-json\/wp\/v2\/media\/20012"}],"wp:attachment":[{"href":"https:\/\/paracherkaoui.ma\/index.php\/wp-json\/wp\/v2\/media?parent=19980"}],"wp:term":[{"taxonomy":"product_brand","embeddable":true,"href":"https:\/\/paracherkaoui.ma\/index.php\/wp-json\/wp\/v2\/product_brand?post=19980"},{"taxonomy":"product_cat","embeddable":true,"href":"https:\/\/paracherkaoui.ma\/index.php\/wp-json\/wp\/v2\/product_cat?post=19980"},{"taxonomy":"product_tag","embeddable":true,"href":"https:\/\/paracherkaoui.ma\/index.php\/wp-json\/wp\/v2\/product_tag?post=19980"}],"curies":[{"name":"wp","href":"https:\/\/api.w.org\/{rel}","templated":true}]}}