{"id":19920,"date":"2025-12-12T18:03:57","date_gmt":"2025-12-12T17:03:57","guid":{"rendered":"https:\/\/test.ecbeaute.com\/?post_type=product&#038;p=19920"},"modified":"2025-12-12T18:04:01","modified_gmt":"2025-12-12T17:04:01","slug":"codexial-enoliss-perfect-skin-20-aha-gel-renovatrice-nuit30-ml","status":"publish","type":"product","link":"https:\/\/paracherkaoui.ma\/index.php\/produit\/codexial-enoliss-perfect-skin-20-aha-gel-renovatrice-nuit30-ml\/","title":{"rendered":"CODEXIAL ENOLISS PERFECT SKIN 20 AHA GEL RENOVATRICE NUIT30 ML"},"content":{"rendered":"<p>Eno By Codexial Enoliss Perfect Skin Peel 20 AHA 30ml est un micro-peeling quotidien \u00e0 destination des peaux grasses \u00e0 imperfections persistantes de l\u2019adulte. Il a un effet matifiant et assainit les peaux grasses.<br \/>\nL\u2019acide glycolique, concentr\u00e9 \u00e0 20% dans ce soin, est un acide de fruit lissant et exfoliant. Issu de la canne \u00e0 sucre, naturel ou de synth\u00e8se, l\u2019acide glycolique am\u00e9liore le toucher et l\u2019apparence de la peau, d\u00e9sincruste les pores, corrige les imperfections de votre visage, \u00e9limine les cellules mortes et redonne ainsi tout son \u00e9clat \u00e0 votre teint.<br \/>\nR\u00e9sultats : Les imperfections et boutons sont r\u00e9duits, les pores moins dilat\u00e9s et la peau est plus nette, visiblement plus saine.<\/p>\n","protected":false},"excerpt":{"rendered":"<p>Eno By Codexial Enoliss Perfect Skin Peel 20 AHA 30ml est un micro-peeling quotidien \u00e0 destination des peaux grasses \u00e0<\/p>\n","protected":false},"featured_media":19970,"comment_status":"open","ping_status":"closed","template":"","meta":[],"product_brand":[367],"product_cat":[346],"product_tag":[],"class_list":{"0":"post-19920","1":"product","2":"type-product","3":"status-publish","4":"has-post-thumbnail","6":"product_brand-codexial","7":"product_cat-demaquillants-et-nettoyants","9":"first","10":"instock","11":"sale","12":"shipping-taxable","13":"purchasable","14":"product-type-simple"},"yoast_head":"<!-- This site is optimized with the Yoast SEO plugin v26.6 - https:\/\/yoast.com\/wordpress\/plugins\/seo\/ -->\r\n<title>CODEXIAL ENOLISS PERFECT SKIN 20 AHA GEL RENOVATRICE NUIT30 ML - Paracherkaoui.ma<\/title>\r\n<meta name=\"robots\" content=\"index, follow, max-snippet:-1, max-image-preview:large, max-video-preview:-1\" \/>\r\n<link rel=\"canonical\" href=\"https:\/\/paracherkaoui.ma\/index.php\/produit\/codexial-enoliss-perfect-skin-20-aha-gel-renovatrice-nuit30-ml\/\" \/>\r\n<meta property=\"og:locale\" content=\"fr_FR\" \/>\r\n<meta property=\"og:type\" content=\"article\" \/>\r\n<meta property=\"og:title\" content=\"CODEXIAL ENOLISS PERFECT SKIN 20 AHA GEL RENOVATRICE NUIT30 ML - Paracherkaoui.ma\" \/>\r\n<meta property=\"og:description\" content=\"Eno By Codexial Enoliss Perfect Skin Peel 20 AHA 30ml est un micro-peeling quotidien \u00e0 destination des peaux grasses \u00e0\" \/>\r\n<meta property=\"og:url\" content=\"https:\/\/paracherkaoui.ma\/index.php\/produit\/codexial-enoliss-perfect-skin-20-aha-gel-renovatrice-nuit30-ml\/\" \/>\r\n<meta property=\"og:site_name\" content=\"Paracherkaoui.ma\" \/>\r\n<meta property=\"article:modified_time\" content=\"2025-12-12T17:04:01+00:00\" \/>\r\n<meta property=\"og:image\" content=\"https:\/\/paracherkaoui.ma\/wp-content\/uploads\/2025\/12\/codexial-codexial-enoliss-perfect-skin-20-aha-gel-renovatrice-nuit30-ml-gommages-visage.jpg\" \/>\r\n\t<meta property=\"og:image:width\" content=\"700\" \/>\r\n\t<meta property=\"og:image:height\" content=\"700\" \/>\r\n\t<meta property=\"og:image:type\" content=\"image\/jpeg\" \/>\r\n<meta name=\"twitter:card\" content=\"summary_large_image\" \/>\r\n<meta name=\"twitter:label1\" content=\"Dur\u00e9e de lecture estim\u00e9e\" \/>\n\t<meta name=\"twitter:data1\" content=\"1 minute\" \/>\r\n<script type=\"application\/ld+json\" class=\"yoast-schema-graph\">{\"@context\":\"https:\/\/schema.org\",\"@graph\":[{\"@type\":\"WebPage\",\"@id\":\"https:\/\/paracherkaoui.ma\/index.php\/produit\/codexial-enoliss-perfect-skin-20-aha-gel-renovatrice-nuit30-ml\/\",\"url\":\"https:\/\/paracherkaoui.ma\/index.php\/produit\/codexial-enoliss-perfect-skin-20-aha-gel-renovatrice-nuit30-ml\/\",\"name\":\"CODEXIAL ENOLISS PERFECT SKIN 20 AHA GEL RENOVATRICE NUIT30 ML - Paracherkaoui.ma\",\"isPartOf\":{\"@id\":\"https:\/\/paracherkaoui.ma\/#website\"},\"primaryImageOfPage\":{\"@id\":\"https:\/\/paracherkaoui.ma\/index.php\/produit\/codexial-enoliss-perfect-skin-20-aha-gel-renovatrice-nuit30-ml\/#primaryimage\"},\"image\":{\"@id\":\"https:\/\/paracherkaoui.ma\/index.php\/produit\/codexial-enoliss-perfect-skin-20-aha-gel-renovatrice-nuit30-ml\/#primaryimage\"},\"thumbnailUrl\":\"https:\/\/paracherkaoui.ma\/wp-content\/uploads\/2025\/12\/codexial-codexial-enoliss-perfect-skin-20-aha-gel-renovatrice-nuit30-ml-gommages-visage.jpg\",\"datePublished\":\"2025-12-12T17:03:57+00:00\",\"dateModified\":\"2025-12-12T17:04:01+00:00\",\"breadcrumb\":{\"@id\":\"https:\/\/paracherkaoui.ma\/index.php\/produit\/codexial-enoliss-perfect-skin-20-aha-gel-renovatrice-nuit30-ml\/#breadcrumb\"},\"inLanguage\":\"fr-FR\",\"potentialAction\":[{\"@type\":\"ReadAction\",\"target\":[\"https:\/\/paracherkaoui.ma\/index.php\/produit\/codexial-enoliss-perfect-skin-20-aha-gel-renovatrice-nuit30-ml\/\"]}]},{\"@type\":\"ImageObject\",\"inLanguage\":\"fr-FR\",\"@id\":\"https:\/\/paracherkaoui.ma\/index.php\/produit\/codexial-enoliss-perfect-skin-20-aha-gel-renovatrice-nuit30-ml\/#primaryimage\",\"url\":\"https:\/\/paracherkaoui.ma\/wp-content\/uploads\/2025\/12\/codexial-codexial-enoliss-perfect-skin-20-aha-gel-renovatrice-nuit30-ml-gommages-visage.jpg\",\"contentUrl\":\"https:\/\/paracherkaoui.ma\/wp-content\/uploads\/2025\/12\/codexial-codexial-enoliss-perfect-skin-20-aha-gel-renovatrice-nuit30-ml-gommages-visage.jpg\",\"width\":700,\"height\":700},{\"@type\":\"BreadcrumbList\",\"@id\":\"https:\/\/paracherkaoui.ma\/index.php\/produit\/codexial-enoliss-perfect-skin-20-aha-gel-renovatrice-nuit30-ml\/#breadcrumb\",\"itemListElement\":[{\"@type\":\"ListItem\",\"position\":1,\"name\":\"Accueil\",\"item\":\"https:\/\/paracherkaoui.ma\/\"},{\"@type\":\"ListItem\",\"position\":2,\"name\":\"Boutique\",\"item\":\"https:\/\/paracherkaoui.ma\/index.php\/boutique\/\"},{\"@type\":\"ListItem\",\"position\":3,\"name\":\"CODEXIAL ENOLISS PERFECT SKIN 20 AHA GEL RENOVATRICE NUIT30 ML\"}]},{\"@type\":\"WebSite\",\"@id\":\"https:\/\/paracherkaoui.ma\/#website\",\"url\":\"https:\/\/paracherkaoui.ma\/\",\"name\":\"Paracherkaoui.ma\",\"description\":\"Achetez en ligne sur Paracherkaoui.ma\",\"potentialAction\":[{\"@type\":\"SearchAction\",\"target\":{\"@type\":\"EntryPoint\",\"urlTemplate\":\"https:\/\/paracherkaoui.ma\/?s={search_term_string}\"},\"query-input\":{\"@type\":\"PropertyValueSpecification\",\"valueRequired\":true,\"valueName\":\"search_term_string\"}}],\"inLanguage\":\"fr-FR\"}]}<\/script>\r\n<!-- \/ Yoast SEO plugin. -->","yoast_head_json":{"title":"CODEXIAL ENOLISS PERFECT SKIN 20 AHA GEL RENOVATRICE NUIT30 ML - Paracherkaoui.ma","robots":{"index":"index","follow":"follow","max-snippet":"max-snippet:-1","max-image-preview":"max-image-preview:large","max-video-preview":"max-video-preview:-1"},"canonical":"https:\/\/paracherkaoui.ma\/index.php\/produit\/codexial-enoliss-perfect-skin-20-aha-gel-renovatrice-nuit30-ml\/","og_locale":"fr_FR","og_type":"article","og_title":"CODEXIAL ENOLISS PERFECT SKIN 20 AHA GEL RENOVATRICE NUIT30 ML - Paracherkaoui.ma","og_description":"Eno By Codexial Enoliss Perfect Skin Peel 20 AHA 30ml est un micro-peeling quotidien \u00e0 destination des peaux grasses \u00e0","og_url":"https:\/\/paracherkaoui.ma\/index.php\/produit\/codexial-enoliss-perfect-skin-20-aha-gel-renovatrice-nuit30-ml\/","og_site_name":"Paracherkaoui.ma","article_modified_time":"2025-12-12T17:04:01+00:00","og_image":[{"width":700,"height":700,"url":"https:\/\/paracherkaoui.ma\/wp-content\/uploads\/2025\/12\/codexial-codexial-enoliss-perfect-skin-20-aha-gel-renovatrice-nuit30-ml-gommages-visage.jpg","type":"image\/jpeg"}],"twitter_card":"summary_large_image","twitter_misc":{"Dur\u00e9e de lecture estim\u00e9e":"1 minute"},"schema":{"@context":"https:\/\/schema.org","@graph":[{"@type":"WebPage","@id":"https:\/\/paracherkaoui.ma\/index.php\/produit\/codexial-enoliss-perfect-skin-20-aha-gel-renovatrice-nuit30-ml\/","url":"https:\/\/paracherkaoui.ma\/index.php\/produit\/codexial-enoliss-perfect-skin-20-aha-gel-renovatrice-nuit30-ml\/","name":"CODEXIAL ENOLISS PERFECT SKIN 20 AHA GEL RENOVATRICE NUIT30 ML - Paracherkaoui.ma","isPartOf":{"@id":"https:\/\/paracherkaoui.ma\/#website"},"primaryImageOfPage":{"@id":"https:\/\/paracherkaoui.ma\/index.php\/produit\/codexial-enoliss-perfect-skin-20-aha-gel-renovatrice-nuit30-ml\/#primaryimage"},"image":{"@id":"https:\/\/paracherkaoui.ma\/index.php\/produit\/codexial-enoliss-perfect-skin-20-aha-gel-renovatrice-nuit30-ml\/#primaryimage"},"thumbnailUrl":"https:\/\/paracherkaoui.ma\/wp-content\/uploads\/2025\/12\/codexial-codexial-enoliss-perfect-skin-20-aha-gel-renovatrice-nuit30-ml-gommages-visage.jpg","datePublished":"2025-12-12T17:03:57+00:00","dateModified":"2025-12-12T17:04:01+00:00","breadcrumb":{"@id":"https:\/\/paracherkaoui.ma\/index.php\/produit\/codexial-enoliss-perfect-skin-20-aha-gel-renovatrice-nuit30-ml\/#breadcrumb"},"inLanguage":"fr-FR","potentialAction":[{"@type":"ReadAction","target":["https:\/\/paracherkaoui.ma\/index.php\/produit\/codexial-enoliss-perfect-skin-20-aha-gel-renovatrice-nuit30-ml\/"]}]},{"@type":"ImageObject","inLanguage":"fr-FR","@id":"https:\/\/paracherkaoui.ma\/index.php\/produit\/codexial-enoliss-perfect-skin-20-aha-gel-renovatrice-nuit30-ml\/#primaryimage","url":"https:\/\/paracherkaoui.ma\/wp-content\/uploads\/2025\/12\/codexial-codexial-enoliss-perfect-skin-20-aha-gel-renovatrice-nuit30-ml-gommages-visage.jpg","contentUrl":"https:\/\/paracherkaoui.ma\/wp-content\/uploads\/2025\/12\/codexial-codexial-enoliss-perfect-skin-20-aha-gel-renovatrice-nuit30-ml-gommages-visage.jpg","width":700,"height":700},{"@type":"BreadcrumbList","@id":"https:\/\/paracherkaoui.ma\/index.php\/produit\/codexial-enoliss-perfect-skin-20-aha-gel-renovatrice-nuit30-ml\/#breadcrumb","itemListElement":[{"@type":"ListItem","position":1,"name":"Accueil","item":"https:\/\/paracherkaoui.ma\/"},{"@type":"ListItem","position":2,"name":"Boutique","item":"https:\/\/paracherkaoui.ma\/index.php\/boutique\/"},{"@type":"ListItem","position":3,"name":"CODEXIAL ENOLISS PERFECT SKIN 20 AHA GEL RENOVATRICE NUIT30 ML"}]},{"@type":"WebSite","@id":"https:\/\/paracherkaoui.ma\/#website","url":"https:\/\/paracherkaoui.ma\/","name":"Paracherkaoui.ma","description":"Achetez en ligne sur Paracherkaoui.ma","potentialAction":[{"@type":"SearchAction","target":{"@type":"EntryPoint","urlTemplate":"https:\/\/paracherkaoui.ma\/?s={search_term_string}"},"query-input":{"@type":"PropertyValueSpecification","valueRequired":true,"valueName":"search_term_string"}}],"inLanguage":"fr-FR"}]}},"_links":{"self":[{"href":"https:\/\/paracherkaoui.ma\/index.php\/wp-json\/wp\/v2\/product\/19920","targetHints":{"allow":["GET"]}}],"collection":[{"href":"https:\/\/paracherkaoui.ma\/index.php\/wp-json\/wp\/v2\/product"}],"about":[{"href":"https:\/\/paracherkaoui.ma\/index.php\/wp-json\/wp\/v2\/types\/product"}],"replies":[{"embeddable":true,"href":"https:\/\/paracherkaoui.ma\/index.php\/wp-json\/wp\/v2\/comments?post=19920"}],"version-history":[{"count":1,"href":"https:\/\/paracherkaoui.ma\/index.php\/wp-json\/wp\/v2\/product\/19920\/revisions"}],"predecessor-version":[{"id":19971,"href":"https:\/\/paracherkaoui.ma\/index.php\/wp-json\/wp\/v2\/product\/19920\/revisions\/19971"}],"wp:featuredmedia":[{"embeddable":true,"href":"https:\/\/paracherkaoui.ma\/index.php\/wp-json\/wp\/v2\/media\/19970"}],"wp:attachment":[{"href":"https:\/\/paracherkaoui.ma\/index.php\/wp-json\/wp\/v2\/media?parent=19920"}],"wp:term":[{"taxonomy":"product_brand","embeddable":true,"href":"https:\/\/paracherkaoui.ma\/index.php\/wp-json\/wp\/v2\/product_brand?post=19920"},{"taxonomy":"product_cat","embeddable":true,"href":"https:\/\/paracherkaoui.ma\/index.php\/wp-json\/wp\/v2\/product_cat?post=19920"},{"taxonomy":"product_tag","embeddable":true,"href":"https:\/\/paracherkaoui.ma\/index.php\/wp-json\/wp\/v2\/product_tag?post=19920"}],"curies":[{"name":"wp","href":"https:\/\/api.w.org\/{rel}","templated":true}]}}