{"id":19915,"date":"2025-12-12T18:03:57","date_gmt":"2025-12-12T17:03:57","guid":{"rendered":"https:\/\/test.ecbeaute.com\/?post_type=product&#038;p=19915"},"modified":"2025-12-12T18:04:00","modified_gmt":"2025-12-12T17:04:00","slug":"cebelia-lait-de-toilette-visage-150-ml","status":"publish","type":"product","link":"https:\/\/paracherkaoui.ma\/index.php\/produit\/cebelia-lait-de-toilette-visage-150-ml\/","title":{"rendered":"CEBELIA LAIT DE TOILETTE VISAGE 150 ML"},"content":{"rendered":"<p>A l&rsquo;huile d&rsquo;amande douce, pour d\u00e9maquiller sans irriter le visage et les yeux (sauf le maquillage waterproof).<br \/>\nNe pas oublier de le rincer.<br \/>\nPropri\u00e9t\u00e9s<br \/>\nCette \u00e9mulsion fluide \u00e9limine les impuret\u00e9s et les traces de maquillage m\u00eame au niveau des yeux (Maquillage non Waterproof) sans dess\u00e9cher la peau. La peau propre, nette et douce est pr\u00eate \u00e0 recevoir le produit de soin.<br \/>\nConseils d&rsquo;utilisation<br \/>\nTous les jours matin et soir. Poser directement sur le visage ou sur un coton puis masser d\u00e9licatement par mouvements circulaires. Eliminer les traces de lait en rin\u00e7ant \u00e0 l&rsquo;eau. S\u00e9cher en tamponnant doucement.<br \/>\nPratique M\u00e9dicale<br \/>\nPour les peaux s\u00e8ches, les dermatologues pr\u00e9conisent de pr\u00e9f\u00e9rence un lait plut\u00f4t qu&rsquo;une eau d\u00e9maquillante.<\/p>\n","protected":false},"excerpt":{"rendered":"<p>A l&rsquo;huile d&rsquo;amande douce, pour d\u00e9maquiller sans irriter le visage et les yeux (sauf le maquillage waterproof). Ne pas oublier<\/p>\n","protected":false},"featured_media":19962,"comment_status":"open","ping_status":"closed","template":"","meta":[],"product_brand":[364],"product_cat":[346],"product_tag":[],"class_list":{"0":"post-19915","1":"product","2":"type-product","3":"status-publish","4":"has-post-thumbnail","6":"product_brand-cebelia","7":"product_cat-demaquillants-et-nettoyants","9":"first","10":"instock","11":"sale","12":"shipping-taxable","13":"purchasable","14":"product-type-simple"},"yoast_head":"<!-- This site is optimized with the Yoast SEO plugin v26.6 - https:\/\/yoast.com\/wordpress\/plugins\/seo\/ -->\r\n<title>CEBELIA LAIT DE TOILETTE VISAGE 150 ML - Paracherkaoui.ma<\/title>\r\n<meta name=\"robots\" content=\"index, follow, max-snippet:-1, max-image-preview:large, max-video-preview:-1\" \/>\r\n<link rel=\"canonical\" href=\"https:\/\/paracherkaoui.ma\/index.php\/produit\/cebelia-lait-de-toilette-visage-150-ml\/\" \/>\r\n<meta property=\"og:locale\" content=\"fr_FR\" \/>\r\n<meta property=\"og:type\" content=\"article\" \/>\r\n<meta property=\"og:title\" content=\"CEBELIA LAIT DE TOILETTE VISAGE 150 ML - Paracherkaoui.ma\" \/>\r\n<meta property=\"og:description\" content=\"A l&rsquo;huile d&rsquo;amande douce, pour d\u00e9maquiller sans irriter le visage et les yeux (sauf le maquillage waterproof). Ne pas oublier\" \/>\r\n<meta property=\"og:url\" content=\"https:\/\/paracherkaoui.ma\/index.php\/produit\/cebelia-lait-de-toilette-visage-150-ml\/\" \/>\r\n<meta property=\"og:site_name\" content=\"Paracherkaoui.ma\" \/>\r\n<meta property=\"article:modified_time\" content=\"2025-12-12T17:04:00+00:00\" \/>\r\n<meta property=\"og:image\" content=\"https:\/\/paracherkaoui.ma\/wp-content\/uploads\/2025\/12\/cebelia-cebelia-lait-de-toilette-visage-150-ml-nettoyants-visage.jpg\" \/>\r\n\t<meta property=\"og:image:width\" content=\"700\" \/>\r\n\t<meta property=\"og:image:height\" content=\"700\" \/>\r\n\t<meta property=\"og:image:type\" content=\"image\/jpeg\" \/>\r\n<meta name=\"twitter:card\" content=\"summary_large_image\" \/>\r\n<meta name=\"twitter:label1\" content=\"Dur\u00e9e de lecture estim\u00e9e\" \/>\n\t<meta name=\"twitter:data1\" content=\"1 minute\" \/>\r\n<script type=\"application\/ld+json\" class=\"yoast-schema-graph\">{\"@context\":\"https:\/\/schema.org\",\"@graph\":[{\"@type\":\"WebPage\",\"@id\":\"https:\/\/paracherkaoui.ma\/index.php\/produit\/cebelia-lait-de-toilette-visage-150-ml\/\",\"url\":\"https:\/\/paracherkaoui.ma\/index.php\/produit\/cebelia-lait-de-toilette-visage-150-ml\/\",\"name\":\"CEBELIA LAIT DE TOILETTE VISAGE 150 ML - Paracherkaoui.ma\",\"isPartOf\":{\"@id\":\"https:\/\/paracherkaoui.ma\/#website\"},\"primaryImageOfPage\":{\"@id\":\"https:\/\/paracherkaoui.ma\/index.php\/produit\/cebelia-lait-de-toilette-visage-150-ml\/#primaryimage\"},\"image\":{\"@id\":\"https:\/\/paracherkaoui.ma\/index.php\/produit\/cebelia-lait-de-toilette-visage-150-ml\/#primaryimage\"},\"thumbnailUrl\":\"https:\/\/paracherkaoui.ma\/wp-content\/uploads\/2025\/12\/cebelia-cebelia-lait-de-toilette-visage-150-ml-nettoyants-visage.jpg\",\"datePublished\":\"2025-12-12T17:03:57+00:00\",\"dateModified\":\"2025-12-12T17:04:00+00:00\",\"breadcrumb\":{\"@id\":\"https:\/\/paracherkaoui.ma\/index.php\/produit\/cebelia-lait-de-toilette-visage-150-ml\/#breadcrumb\"},\"inLanguage\":\"fr-FR\",\"potentialAction\":[{\"@type\":\"ReadAction\",\"target\":[\"https:\/\/paracherkaoui.ma\/index.php\/produit\/cebelia-lait-de-toilette-visage-150-ml\/\"]}]},{\"@type\":\"ImageObject\",\"inLanguage\":\"fr-FR\",\"@id\":\"https:\/\/paracherkaoui.ma\/index.php\/produit\/cebelia-lait-de-toilette-visage-150-ml\/#primaryimage\",\"url\":\"https:\/\/paracherkaoui.ma\/wp-content\/uploads\/2025\/12\/cebelia-cebelia-lait-de-toilette-visage-150-ml-nettoyants-visage.jpg\",\"contentUrl\":\"https:\/\/paracherkaoui.ma\/wp-content\/uploads\/2025\/12\/cebelia-cebelia-lait-de-toilette-visage-150-ml-nettoyants-visage.jpg\",\"width\":700,\"height\":700},{\"@type\":\"BreadcrumbList\",\"@id\":\"https:\/\/paracherkaoui.ma\/index.php\/produit\/cebelia-lait-de-toilette-visage-150-ml\/#breadcrumb\",\"itemListElement\":[{\"@type\":\"ListItem\",\"position\":1,\"name\":\"Accueil\",\"item\":\"https:\/\/paracherkaoui.ma\/\"},{\"@type\":\"ListItem\",\"position\":2,\"name\":\"Boutique\",\"item\":\"https:\/\/paracherkaoui.ma\/index.php\/boutique\/\"},{\"@type\":\"ListItem\",\"position\":3,\"name\":\"CEBELIA LAIT DE TOILETTE VISAGE 150 ML\"}]},{\"@type\":\"WebSite\",\"@id\":\"https:\/\/paracherkaoui.ma\/#website\",\"url\":\"https:\/\/paracherkaoui.ma\/\",\"name\":\"Paracherkaoui.ma\",\"description\":\"Achetez en ligne sur Paracherkaoui.ma\",\"potentialAction\":[{\"@type\":\"SearchAction\",\"target\":{\"@type\":\"EntryPoint\",\"urlTemplate\":\"https:\/\/paracherkaoui.ma\/?s={search_term_string}\"},\"query-input\":{\"@type\":\"PropertyValueSpecification\",\"valueRequired\":true,\"valueName\":\"search_term_string\"}}],\"inLanguage\":\"fr-FR\"}]}<\/script>\r\n<!-- \/ Yoast SEO plugin. -->","yoast_head_json":{"title":"CEBELIA LAIT DE TOILETTE VISAGE 150 ML - Paracherkaoui.ma","robots":{"index":"index","follow":"follow","max-snippet":"max-snippet:-1","max-image-preview":"max-image-preview:large","max-video-preview":"max-video-preview:-1"},"canonical":"https:\/\/paracherkaoui.ma\/index.php\/produit\/cebelia-lait-de-toilette-visage-150-ml\/","og_locale":"fr_FR","og_type":"article","og_title":"CEBELIA LAIT DE TOILETTE VISAGE 150 ML - Paracherkaoui.ma","og_description":"A l&rsquo;huile d&rsquo;amande douce, pour d\u00e9maquiller sans irriter le visage et les yeux (sauf le maquillage waterproof). Ne pas oublier","og_url":"https:\/\/paracherkaoui.ma\/index.php\/produit\/cebelia-lait-de-toilette-visage-150-ml\/","og_site_name":"Paracherkaoui.ma","article_modified_time":"2025-12-12T17:04:00+00:00","og_image":[{"width":700,"height":700,"url":"https:\/\/paracherkaoui.ma\/wp-content\/uploads\/2025\/12\/cebelia-cebelia-lait-de-toilette-visage-150-ml-nettoyants-visage.jpg","type":"image\/jpeg"}],"twitter_card":"summary_large_image","twitter_misc":{"Dur\u00e9e de lecture estim\u00e9e":"1 minute"},"schema":{"@context":"https:\/\/schema.org","@graph":[{"@type":"WebPage","@id":"https:\/\/paracherkaoui.ma\/index.php\/produit\/cebelia-lait-de-toilette-visage-150-ml\/","url":"https:\/\/paracherkaoui.ma\/index.php\/produit\/cebelia-lait-de-toilette-visage-150-ml\/","name":"CEBELIA LAIT DE TOILETTE VISAGE 150 ML - Paracherkaoui.ma","isPartOf":{"@id":"https:\/\/paracherkaoui.ma\/#website"},"primaryImageOfPage":{"@id":"https:\/\/paracherkaoui.ma\/index.php\/produit\/cebelia-lait-de-toilette-visage-150-ml\/#primaryimage"},"image":{"@id":"https:\/\/paracherkaoui.ma\/index.php\/produit\/cebelia-lait-de-toilette-visage-150-ml\/#primaryimage"},"thumbnailUrl":"https:\/\/paracherkaoui.ma\/wp-content\/uploads\/2025\/12\/cebelia-cebelia-lait-de-toilette-visage-150-ml-nettoyants-visage.jpg","datePublished":"2025-12-12T17:03:57+00:00","dateModified":"2025-12-12T17:04:00+00:00","breadcrumb":{"@id":"https:\/\/paracherkaoui.ma\/index.php\/produit\/cebelia-lait-de-toilette-visage-150-ml\/#breadcrumb"},"inLanguage":"fr-FR","potentialAction":[{"@type":"ReadAction","target":["https:\/\/paracherkaoui.ma\/index.php\/produit\/cebelia-lait-de-toilette-visage-150-ml\/"]}]},{"@type":"ImageObject","inLanguage":"fr-FR","@id":"https:\/\/paracherkaoui.ma\/index.php\/produit\/cebelia-lait-de-toilette-visage-150-ml\/#primaryimage","url":"https:\/\/paracherkaoui.ma\/wp-content\/uploads\/2025\/12\/cebelia-cebelia-lait-de-toilette-visage-150-ml-nettoyants-visage.jpg","contentUrl":"https:\/\/paracherkaoui.ma\/wp-content\/uploads\/2025\/12\/cebelia-cebelia-lait-de-toilette-visage-150-ml-nettoyants-visage.jpg","width":700,"height":700},{"@type":"BreadcrumbList","@id":"https:\/\/paracherkaoui.ma\/index.php\/produit\/cebelia-lait-de-toilette-visage-150-ml\/#breadcrumb","itemListElement":[{"@type":"ListItem","position":1,"name":"Accueil","item":"https:\/\/paracherkaoui.ma\/"},{"@type":"ListItem","position":2,"name":"Boutique","item":"https:\/\/paracherkaoui.ma\/index.php\/boutique\/"},{"@type":"ListItem","position":3,"name":"CEBELIA LAIT DE TOILETTE VISAGE 150 ML"}]},{"@type":"WebSite","@id":"https:\/\/paracherkaoui.ma\/#website","url":"https:\/\/paracherkaoui.ma\/","name":"Paracherkaoui.ma","description":"Achetez en ligne sur Paracherkaoui.ma","potentialAction":[{"@type":"SearchAction","target":{"@type":"EntryPoint","urlTemplate":"https:\/\/paracherkaoui.ma\/?s={search_term_string}"},"query-input":{"@type":"PropertyValueSpecification","valueRequired":true,"valueName":"search_term_string"}}],"inLanguage":"fr-FR"}]}},"_links":{"self":[{"href":"https:\/\/paracherkaoui.ma\/index.php\/wp-json\/wp\/v2\/product\/19915","targetHints":{"allow":["GET"]}}],"collection":[{"href":"https:\/\/paracherkaoui.ma\/index.php\/wp-json\/wp\/v2\/product"}],"about":[{"href":"https:\/\/paracherkaoui.ma\/index.php\/wp-json\/wp\/v2\/types\/product"}],"replies":[{"embeddable":true,"href":"https:\/\/paracherkaoui.ma\/index.php\/wp-json\/wp\/v2\/comments?post=19915"}],"version-history":[{"count":1,"href":"https:\/\/paracherkaoui.ma\/index.php\/wp-json\/wp\/v2\/product\/19915\/revisions"}],"predecessor-version":[{"id":19963,"href":"https:\/\/paracherkaoui.ma\/index.php\/wp-json\/wp\/v2\/product\/19915\/revisions\/19963"}],"wp:featuredmedia":[{"embeddable":true,"href":"https:\/\/paracherkaoui.ma\/index.php\/wp-json\/wp\/v2\/media\/19962"}],"wp:attachment":[{"href":"https:\/\/paracherkaoui.ma\/index.php\/wp-json\/wp\/v2\/media?parent=19915"}],"wp:term":[{"taxonomy":"product_brand","embeddable":true,"href":"https:\/\/paracherkaoui.ma\/index.php\/wp-json\/wp\/v2\/product_brand?post=19915"},{"taxonomy":"product_cat","embeddable":true,"href":"https:\/\/paracherkaoui.ma\/index.php\/wp-json\/wp\/v2\/product_cat?post=19915"},{"taxonomy":"product_tag","embeddable":true,"href":"https:\/\/paracherkaoui.ma\/index.php\/wp-json\/wp\/v2\/product_tag?post=19915"}],"curies":[{"name":"wp","href":"https:\/\/api.w.org\/{rel}","templated":true}]}}