{"id":19904,"date":"2025-12-12T18:03:56","date_gmt":"2025-12-12T17:03:56","guid":{"rendered":"https:\/\/test.ecbeaute.com\/?post_type=product&#038;p=19904"},"modified":"2025-12-12T18:03:59","modified_gmt":"2025-12-12T17:03:59","slug":"filorga-skin-prep-mousse-nettoyante-enzymatique-150-ml","status":"publish","type":"product","link":"https:\/\/paracherkaoui.ma\/index.php\/produit\/filorga-skin-prep-mousse-nettoyante-enzymatique-150-ml\/","title":{"rendered":"FILORGA SKIN PREP MOUSSE NETTOYANTE ENZYMATIQUE 150 ML"},"content":{"rendered":"<p>Formule et Actifs<br \/>\nFormul\u00e9e avec 98% d&rsquo;ingr\u00e9dients d&rsquo;origine naturelle et sans sulfates, cette mousse convient parfaitement aux peaux sensibles. Sa formule est enrichie en enzyme de papa\u00efne stabilis\u00e9e, un exfoliant doux et naturel qui agit en profondeur pour acc\u00e9l\u00e9rer l\u2019\u00e9limination des cellules mortes. En int\u00e9grant cet actif dans une texture l\u00e9g\u00e8re et onctueuse, FILORGA permet un nettoyage \u00e0 la fois efficace et respectueux de l&rsquo;\u00e9quilibre cutan\u00e9.<br \/>\nR\u00e9sultats Cliniquement Prouv\u00e9s<br \/>\nD\u00e8s la premi\u00e8re utilisation, 100% des utilisatrices constatent une peau parfaitement nettoy\u00e9e et 94% d\u2019entre elles remarquent un teint plus frais. Apr\u00e8s une semaine d\u2019utilisation biquotidienne, 94% des utilisatrices trouvent leur peau clarifi\u00e9e et 91% affirment que leur grain de peau est visiblement liss\u00e9. Ces r\u00e9sultats font de ce produit un alli\u00e9 essentiel pour un nettoyage profond, respectueux de la peau et r\u00e9v\u00e9lateur d\u2019\u00e9clat.<br \/>\nComposition<br \/>\nAQUA (WATER, EAU), GLYCERIN, DECYL GLUCOSIDE, DISODIUM COCOYL GLUTAMATE,CAPRYLYL\/CAPRYL GLUCOSIDE, SODIUM CHLORIDE, PROPANEDIOL, 1,2-HEXANEDIOL, CITRIC<br \/>\nACID, HYDROXYACETOPHENONE, CAPRYLYL GLYCOL, SODIUM COCOYL ALANINATE, PARFUM (FRAGRANCE), SODIUM BENZOATE, PAPAIN, CARBOMER, SODIUM HYALURONATE, ALGIN.<br \/>\nConseils d&rsquo;Utilisation<br \/>\nAppliquez une noisette de mousse dans le creux des mains puis massez d\u00e9licatement sur peau humide en \u00e9vitant le contour des yeux. Rincez soigneusement \u00e0 l\u2019eau ti\u00e8de. Pour des r\u00e9sultats optimaux, utilisez la mousse matin et soir pour favoriser le renouvellement cellulaire et sublimer le teint.<\/p>\n","protected":false},"excerpt":{"rendered":"<p>Formule et Actifs Formul\u00e9e avec 98% d&rsquo;ingr\u00e9dients d&rsquo;origine naturelle et sans sulfates, cette mousse convient parfaitement aux peaux sensibles. Sa<\/p>\n","protected":false},"featured_media":19941,"comment_status":"open","ping_status":"closed","template":"","meta":[],"product_brand":[141],"product_cat":[346],"product_tag":[],"class_list":{"0":"post-19904","1":"product","2":"type-product","3":"status-publish","4":"has-post-thumbnail","6":"product_brand-filorga","7":"product_cat-demaquillants-et-nettoyants","9":"first","10":"instock","11":"sale","12":"shipping-taxable","13":"purchasable","14":"product-type-simple"},"yoast_head":"<!-- This site is optimized with the Yoast SEO plugin v26.6 - https:\/\/yoast.com\/wordpress\/plugins\/seo\/ -->\r\n<title>FILORGA SKIN PREP MOUSSE NETTOYANTE ENZYMATIQUE 150 ML - Paracherkaoui.ma<\/title>\r\n<meta name=\"robots\" content=\"index, follow, max-snippet:-1, max-image-preview:large, max-video-preview:-1\" \/>\r\n<link rel=\"canonical\" href=\"https:\/\/paracherkaoui.ma\/index.php\/produit\/filorga-skin-prep-mousse-nettoyante-enzymatique-150-ml\/\" \/>\r\n<meta property=\"og:locale\" content=\"fr_FR\" \/>\r\n<meta property=\"og:type\" content=\"article\" \/>\r\n<meta property=\"og:title\" content=\"FILORGA SKIN PREP MOUSSE NETTOYANTE ENZYMATIQUE 150 ML - Paracherkaoui.ma\" \/>\r\n<meta property=\"og:description\" content=\"Formule et Actifs Formul\u00e9e avec 98% d&rsquo;ingr\u00e9dients d&rsquo;origine naturelle et sans sulfates, cette mousse convient parfaitement aux peaux sensibles. Sa\" \/>\r\n<meta property=\"og:url\" content=\"https:\/\/paracherkaoui.ma\/index.php\/produit\/filorga-skin-prep-mousse-nettoyante-enzymatique-150-ml\/\" \/>\r\n<meta property=\"og:site_name\" content=\"Paracherkaoui.ma\" \/>\r\n<meta property=\"article:modified_time\" content=\"2025-12-12T17:03:59+00:00\" \/>\r\n<meta property=\"og:image\" content=\"https:\/\/paracherkaoui.ma\/wp-content\/uploads\/2025\/12\/filorga-filorga-skin-prep-mousse-nettoyante-enzymatique-150-ml-demaquillants-et-nettoyants.jpg\" \/>\r\n\t<meta property=\"og:image:width\" content=\"700\" \/>\r\n\t<meta property=\"og:image:height\" content=\"700\" \/>\r\n\t<meta property=\"og:image:type\" content=\"image\/jpeg\" \/>\r\n<meta name=\"twitter:card\" content=\"summary_large_image\" \/>\r\n<meta name=\"twitter:label1\" content=\"Dur\u00e9e de lecture estim\u00e9e\" \/>\n\t<meta name=\"twitter:data1\" content=\"1 minute\" \/>\r\n<script type=\"application\/ld+json\" class=\"yoast-schema-graph\">{\"@context\":\"https:\/\/schema.org\",\"@graph\":[{\"@type\":\"WebPage\",\"@id\":\"https:\/\/paracherkaoui.ma\/index.php\/produit\/filorga-skin-prep-mousse-nettoyante-enzymatique-150-ml\/\",\"url\":\"https:\/\/paracherkaoui.ma\/index.php\/produit\/filorga-skin-prep-mousse-nettoyante-enzymatique-150-ml\/\",\"name\":\"FILORGA SKIN PREP MOUSSE NETTOYANTE ENZYMATIQUE 150 ML - Paracherkaoui.ma\",\"isPartOf\":{\"@id\":\"https:\/\/paracherkaoui.ma\/#website\"},\"primaryImageOfPage\":{\"@id\":\"https:\/\/paracherkaoui.ma\/index.php\/produit\/filorga-skin-prep-mousse-nettoyante-enzymatique-150-ml\/#primaryimage\"},\"image\":{\"@id\":\"https:\/\/paracherkaoui.ma\/index.php\/produit\/filorga-skin-prep-mousse-nettoyante-enzymatique-150-ml\/#primaryimage\"},\"thumbnailUrl\":\"https:\/\/paracherkaoui.ma\/wp-content\/uploads\/2025\/12\/filorga-filorga-skin-prep-mousse-nettoyante-enzymatique-150-ml-demaquillants-et-nettoyants.jpg\",\"datePublished\":\"2025-12-12T17:03:56+00:00\",\"dateModified\":\"2025-12-12T17:03:59+00:00\",\"breadcrumb\":{\"@id\":\"https:\/\/paracherkaoui.ma\/index.php\/produit\/filorga-skin-prep-mousse-nettoyante-enzymatique-150-ml\/#breadcrumb\"},\"inLanguage\":\"fr-FR\",\"potentialAction\":[{\"@type\":\"ReadAction\",\"target\":[\"https:\/\/paracherkaoui.ma\/index.php\/produit\/filorga-skin-prep-mousse-nettoyante-enzymatique-150-ml\/\"]}]},{\"@type\":\"ImageObject\",\"inLanguage\":\"fr-FR\",\"@id\":\"https:\/\/paracherkaoui.ma\/index.php\/produit\/filorga-skin-prep-mousse-nettoyante-enzymatique-150-ml\/#primaryimage\",\"url\":\"https:\/\/paracherkaoui.ma\/wp-content\/uploads\/2025\/12\/filorga-filorga-skin-prep-mousse-nettoyante-enzymatique-150-ml-demaquillants-et-nettoyants.jpg\",\"contentUrl\":\"https:\/\/paracherkaoui.ma\/wp-content\/uploads\/2025\/12\/filorga-filorga-skin-prep-mousse-nettoyante-enzymatique-150-ml-demaquillants-et-nettoyants.jpg\",\"width\":700,\"height\":700},{\"@type\":\"BreadcrumbList\",\"@id\":\"https:\/\/paracherkaoui.ma\/index.php\/produit\/filorga-skin-prep-mousse-nettoyante-enzymatique-150-ml\/#breadcrumb\",\"itemListElement\":[{\"@type\":\"ListItem\",\"position\":1,\"name\":\"Accueil\",\"item\":\"https:\/\/paracherkaoui.ma\/\"},{\"@type\":\"ListItem\",\"position\":2,\"name\":\"Boutique\",\"item\":\"https:\/\/paracherkaoui.ma\/index.php\/boutique\/\"},{\"@type\":\"ListItem\",\"position\":3,\"name\":\"FILORGA SKIN PREP MOUSSE NETTOYANTE ENZYMATIQUE 150 ML\"}]},{\"@type\":\"WebSite\",\"@id\":\"https:\/\/paracherkaoui.ma\/#website\",\"url\":\"https:\/\/paracherkaoui.ma\/\",\"name\":\"Paracherkaoui.ma\",\"description\":\"Achetez en ligne sur Paracherkaoui.ma\",\"potentialAction\":[{\"@type\":\"SearchAction\",\"target\":{\"@type\":\"EntryPoint\",\"urlTemplate\":\"https:\/\/paracherkaoui.ma\/?s={search_term_string}\"},\"query-input\":{\"@type\":\"PropertyValueSpecification\",\"valueRequired\":true,\"valueName\":\"search_term_string\"}}],\"inLanguage\":\"fr-FR\"}]}<\/script>\r\n<!-- \/ Yoast SEO plugin. -->","yoast_head_json":{"title":"FILORGA SKIN PREP MOUSSE NETTOYANTE ENZYMATIQUE 150 ML - Paracherkaoui.ma","robots":{"index":"index","follow":"follow","max-snippet":"max-snippet:-1","max-image-preview":"max-image-preview:large","max-video-preview":"max-video-preview:-1"},"canonical":"https:\/\/paracherkaoui.ma\/index.php\/produit\/filorga-skin-prep-mousse-nettoyante-enzymatique-150-ml\/","og_locale":"fr_FR","og_type":"article","og_title":"FILORGA SKIN PREP MOUSSE NETTOYANTE ENZYMATIQUE 150 ML - Paracherkaoui.ma","og_description":"Formule et Actifs Formul\u00e9e avec 98% d&rsquo;ingr\u00e9dients d&rsquo;origine naturelle et sans sulfates, cette mousse convient parfaitement aux peaux sensibles. Sa","og_url":"https:\/\/paracherkaoui.ma\/index.php\/produit\/filorga-skin-prep-mousse-nettoyante-enzymatique-150-ml\/","og_site_name":"Paracherkaoui.ma","article_modified_time":"2025-12-12T17:03:59+00:00","og_image":[{"width":700,"height":700,"url":"https:\/\/paracherkaoui.ma\/wp-content\/uploads\/2025\/12\/filorga-filorga-skin-prep-mousse-nettoyante-enzymatique-150-ml-demaquillants-et-nettoyants.jpg","type":"image\/jpeg"}],"twitter_card":"summary_large_image","twitter_misc":{"Dur\u00e9e de lecture estim\u00e9e":"1 minute"},"schema":{"@context":"https:\/\/schema.org","@graph":[{"@type":"WebPage","@id":"https:\/\/paracherkaoui.ma\/index.php\/produit\/filorga-skin-prep-mousse-nettoyante-enzymatique-150-ml\/","url":"https:\/\/paracherkaoui.ma\/index.php\/produit\/filorga-skin-prep-mousse-nettoyante-enzymatique-150-ml\/","name":"FILORGA SKIN PREP MOUSSE NETTOYANTE ENZYMATIQUE 150 ML - Paracherkaoui.ma","isPartOf":{"@id":"https:\/\/paracherkaoui.ma\/#website"},"primaryImageOfPage":{"@id":"https:\/\/paracherkaoui.ma\/index.php\/produit\/filorga-skin-prep-mousse-nettoyante-enzymatique-150-ml\/#primaryimage"},"image":{"@id":"https:\/\/paracherkaoui.ma\/index.php\/produit\/filorga-skin-prep-mousse-nettoyante-enzymatique-150-ml\/#primaryimage"},"thumbnailUrl":"https:\/\/paracherkaoui.ma\/wp-content\/uploads\/2025\/12\/filorga-filorga-skin-prep-mousse-nettoyante-enzymatique-150-ml-demaquillants-et-nettoyants.jpg","datePublished":"2025-12-12T17:03:56+00:00","dateModified":"2025-12-12T17:03:59+00:00","breadcrumb":{"@id":"https:\/\/paracherkaoui.ma\/index.php\/produit\/filorga-skin-prep-mousse-nettoyante-enzymatique-150-ml\/#breadcrumb"},"inLanguage":"fr-FR","potentialAction":[{"@type":"ReadAction","target":["https:\/\/paracherkaoui.ma\/index.php\/produit\/filorga-skin-prep-mousse-nettoyante-enzymatique-150-ml\/"]}]},{"@type":"ImageObject","inLanguage":"fr-FR","@id":"https:\/\/paracherkaoui.ma\/index.php\/produit\/filorga-skin-prep-mousse-nettoyante-enzymatique-150-ml\/#primaryimage","url":"https:\/\/paracherkaoui.ma\/wp-content\/uploads\/2025\/12\/filorga-filorga-skin-prep-mousse-nettoyante-enzymatique-150-ml-demaquillants-et-nettoyants.jpg","contentUrl":"https:\/\/paracherkaoui.ma\/wp-content\/uploads\/2025\/12\/filorga-filorga-skin-prep-mousse-nettoyante-enzymatique-150-ml-demaquillants-et-nettoyants.jpg","width":700,"height":700},{"@type":"BreadcrumbList","@id":"https:\/\/paracherkaoui.ma\/index.php\/produit\/filorga-skin-prep-mousse-nettoyante-enzymatique-150-ml\/#breadcrumb","itemListElement":[{"@type":"ListItem","position":1,"name":"Accueil","item":"https:\/\/paracherkaoui.ma\/"},{"@type":"ListItem","position":2,"name":"Boutique","item":"https:\/\/paracherkaoui.ma\/index.php\/boutique\/"},{"@type":"ListItem","position":3,"name":"FILORGA SKIN PREP MOUSSE NETTOYANTE ENZYMATIQUE 150 ML"}]},{"@type":"WebSite","@id":"https:\/\/paracherkaoui.ma\/#website","url":"https:\/\/paracherkaoui.ma\/","name":"Paracherkaoui.ma","description":"Achetez en ligne sur Paracherkaoui.ma","potentialAction":[{"@type":"SearchAction","target":{"@type":"EntryPoint","urlTemplate":"https:\/\/paracherkaoui.ma\/?s={search_term_string}"},"query-input":{"@type":"PropertyValueSpecification","valueRequired":true,"valueName":"search_term_string"}}],"inLanguage":"fr-FR"}]}},"_links":{"self":[{"href":"https:\/\/paracherkaoui.ma\/index.php\/wp-json\/wp\/v2\/product\/19904","targetHints":{"allow":["GET"]}}],"collection":[{"href":"https:\/\/paracherkaoui.ma\/index.php\/wp-json\/wp\/v2\/product"}],"about":[{"href":"https:\/\/paracherkaoui.ma\/index.php\/wp-json\/wp\/v2\/types\/product"}],"replies":[{"embeddable":true,"href":"https:\/\/paracherkaoui.ma\/index.php\/wp-json\/wp\/v2\/comments?post=19904"}],"version-history":[{"count":1,"href":"https:\/\/paracherkaoui.ma\/index.php\/wp-json\/wp\/v2\/product\/19904\/revisions"}],"predecessor-version":[{"id":19942,"href":"https:\/\/paracherkaoui.ma\/index.php\/wp-json\/wp\/v2\/product\/19904\/revisions\/19942"}],"wp:featuredmedia":[{"embeddable":true,"href":"https:\/\/paracherkaoui.ma\/index.php\/wp-json\/wp\/v2\/media\/19941"}],"wp:attachment":[{"href":"https:\/\/paracherkaoui.ma\/index.php\/wp-json\/wp\/v2\/media?parent=19904"}],"wp:term":[{"taxonomy":"product_brand","embeddable":true,"href":"https:\/\/paracherkaoui.ma\/index.php\/wp-json\/wp\/v2\/product_brand?post=19904"},{"taxonomy":"product_cat","embeddable":true,"href":"https:\/\/paracherkaoui.ma\/index.php\/wp-json\/wp\/v2\/product_cat?post=19904"},{"taxonomy":"product_tag","embeddable":true,"href":"https:\/\/paracherkaoui.ma\/index.php\/wp-json\/wp\/v2\/product_tag?post=19904"}],"curies":[{"name":"wp","href":"https:\/\/api.w.org\/{rel}","templated":true}]}}