{"id":19841,"date":"2025-12-12T18:03:50","date_gmt":"2025-12-12T17:03:50","guid":{"rendered":"https:\/\/test.ecbeaute.com\/?post_type=product&#038;p=19841"},"modified":"2025-12-12T18:03:55","modified_gmt":"2025-12-12T17:03:55","slug":"system-360-b-3-daily-duty-mousse-nettoyante-150-ml","status":"publish","type":"product","link":"https:\/\/paracherkaoui.ma\/index.php\/produit\/system-360-b-3-daily-duty-mousse-nettoyante-150-ml\/","title":{"rendered":"SYSTEM 360 B-3 DAILY DUTY MOUSSE NETTOYANTE 150 ML"},"content":{"rendered":"<p>System360 B3 &#8211; Daily Duty : La Mousse Nettoyante R\u00e9confortante<br \/>\nOffrez \u00e0 votre peau un moment de douceur et de puret\u00e9 avec la mousse nettoyante System360 B3 &#8211; Daily Duty. Sa formule innovante, sans sulfate, combine efficacit\u00e9 et respect pour tous les types de peaux, m\u00eame les plus sensibles. Enrichie en vitamine B3 (niacinamide) et en antioxydants, cette mousse nettoie en profondeur tout en r\u00e9gulant l&rsquo;exc\u00e8s de s\u00e9bum, pour un teint unifi\u00e9 et \u00e9clatant.<br \/>\nSa texture l\u00e9g\u00e8re et a\u00e9rienne, semblable \u00e0 un nuage, enveloppe d\u00e9licatement le visage pour \u00e9liminer les impuret\u00e9s accumul\u00e9es tout au long de la journ\u00e9e sans alt\u00e9rer l\u2019hydratation naturelle de la peau. La vitamine B3 renforce la barri\u00e8re cutan\u00e9e et apaise les rougeurs, tandis que les antioxydants prot\u00e8gent la peau des agressions ext\u00e9rieures.<br \/>\nGr\u00e2ce \u00e0 son action purifiante et apaisante, cette mousse garantit un teint frais et lumineux, tout en apportant une sensation de confort durable. Id\u00e9al pour un usage quotidien, System360 B3 &#8211; Daily Duty offre une exp\u00e9rience de nettoyage unique qui transforme votre routine de soins en un v\u00e9ritable rituel de bien-\u00eatre.<br \/>\nConseils d\u2019utilisation :<br \/>\nAppliquez une petite quantit\u00e9 de mousse sur une peau humide.<br \/>\nMassez d\u00e9licatement par mouvements circulaires, en insistant sur les zones sujettes \u00e0 l\u2019exc\u00e8s de s\u00e9bum.<br \/>\nRincez abondamment \u00e0 l\u2019eau ti\u00e8de et s\u00e9chez doucement avec une serviette propre.<br \/>\nUtilisez matin et soir pour des r\u00e9sultats optimaux.<br \/>\nComposition :<br \/>\nNIACINAMIDE (B3) :\u00a0Un ingr\u00e9dient polyvalent et b\u00e9n\u00e9fique pour la peau. Un puissant alli\u00e9 contre le vieillissement cutan\u00e9, att\u00e9nuant les rides et ridules, et pr\u00e9servant l&rsquo;hydratation de la peau. Combat la d\u00e9coloration, les rougeurs, les irritations et les inflammations.<br \/>\nPENTAVITIN : Ce pr\u00e9biotique hydratant avanc\u00e9 favorise l&rsquo;\u00e9quilibre de la flore cutan\u00e9e et assure une hydratation profonde et durable en se liant \u00e0 la k\u00e9ratine de la peau. PENTAVITIN\u00ae renforce la barri\u00e8re cutan\u00e9e et augmente la r\u00e9sistance de la peau face aux agressions ext\u00e9rieures, tout en \u00e9tant particuli\u00e8rement efficace pour apaiser les peaux s\u00e8ches et sensibles.<br \/>\nACIDE GLYCOLIQUE :\u00a0Exerce une action exfoliante et favorise la p\u00e9n\u00e9tration des actifs, stimulant ainsi le renouvellement cellulaire. Il att\u00e9nue les signes de vieillissement et am\u00e9liore la texture cutan\u00e9e pour un teint plus lisse et \u00e9clatant.<\/p>\n","protected":false},"excerpt":{"rendered":"<p>System360 B3 &#8211; Daily Duty : La Mousse Nettoyante R\u00e9confortante Offrez \u00e0 votre peau un moment de douceur et de<\/p>\n","protected":false},"featured_media":19889,"comment_status":"open","ping_status":"closed","template":"","meta":[],"product_brand":[357],"product_cat":[346],"product_tag":[],"class_list":{"0":"post-19841","1":"product","2":"type-product","3":"status-publish","4":"has-post-thumbnail","6":"product_brand-system-360","7":"product_cat-demaquillants-et-nettoyants","9":"first","10":"instock","11":"sale","12":"shipping-taxable","13":"purchasable","14":"product-type-simple"},"yoast_head":"<!-- This site is optimized with the Yoast SEO plugin v26.6 - https:\/\/yoast.com\/wordpress\/plugins\/seo\/ -->\r\n<title>SYSTEM 360 B-3 DAILY DUTY MOUSSE NETTOYANTE 150 ML - Paracherkaoui.ma<\/title>\r\n<meta name=\"robots\" content=\"index, follow, max-snippet:-1, max-image-preview:large, max-video-preview:-1\" \/>\r\n<link rel=\"canonical\" href=\"https:\/\/paracherkaoui.ma\/index.php\/produit\/system-360-b-3-daily-duty-mousse-nettoyante-150-ml\/\" \/>\r\n<meta property=\"og:locale\" content=\"fr_FR\" \/>\r\n<meta property=\"og:type\" content=\"article\" \/>\r\n<meta property=\"og:title\" content=\"SYSTEM 360 B-3 DAILY DUTY MOUSSE NETTOYANTE 150 ML - Paracherkaoui.ma\" \/>\r\n<meta property=\"og:description\" content=\"System360 B3 &#8211; Daily Duty : La Mousse Nettoyante R\u00e9confortante Offrez \u00e0 votre peau un moment de douceur et de\" \/>\r\n<meta property=\"og:url\" content=\"https:\/\/paracherkaoui.ma\/index.php\/produit\/system-360-b-3-daily-duty-mousse-nettoyante-150-ml\/\" \/>\r\n<meta property=\"og:site_name\" content=\"Paracherkaoui.ma\" \/>\r\n<meta property=\"article:modified_time\" content=\"2025-12-12T17:03:55+00:00\" \/>\r\n<meta property=\"og:image\" content=\"https:\/\/paracherkaoui.ma\/wp-content\/uploads\/2025\/12\/system-360-b-3-daily-duty-mousse-nettoyante-150-ml.jpg\" \/>\r\n\t<meta property=\"og:image:width\" content=\"700\" \/>\r\n\t<meta property=\"og:image:height\" content=\"700\" \/>\r\n\t<meta property=\"og:image:type\" content=\"image\/jpeg\" \/>\r\n<meta name=\"twitter:card\" content=\"summary_large_image\" \/>\r\n<meta name=\"twitter:label1\" content=\"Dur\u00e9e de lecture estim\u00e9e\" \/>\n\t<meta name=\"twitter:data1\" content=\"2 minutes\" \/>\r\n<script type=\"application\/ld+json\" class=\"yoast-schema-graph\">{\"@context\":\"https:\/\/schema.org\",\"@graph\":[{\"@type\":\"WebPage\",\"@id\":\"https:\/\/paracherkaoui.ma\/index.php\/produit\/system-360-b-3-daily-duty-mousse-nettoyante-150-ml\/\",\"url\":\"https:\/\/paracherkaoui.ma\/index.php\/produit\/system-360-b-3-daily-duty-mousse-nettoyante-150-ml\/\",\"name\":\"SYSTEM 360 B-3 DAILY DUTY MOUSSE NETTOYANTE 150 ML - Paracherkaoui.ma\",\"isPartOf\":{\"@id\":\"https:\/\/paracherkaoui.ma\/#website\"},\"primaryImageOfPage\":{\"@id\":\"https:\/\/paracherkaoui.ma\/index.php\/produit\/system-360-b-3-daily-duty-mousse-nettoyante-150-ml\/#primaryimage\"},\"image\":{\"@id\":\"https:\/\/paracherkaoui.ma\/index.php\/produit\/system-360-b-3-daily-duty-mousse-nettoyante-150-ml\/#primaryimage\"},\"thumbnailUrl\":\"https:\/\/paracherkaoui.ma\/wp-content\/uploads\/2025\/12\/system-360-b-3-daily-duty-mousse-nettoyante-150-ml.jpg\",\"datePublished\":\"2025-12-12T17:03:50+00:00\",\"dateModified\":\"2025-12-12T17:03:55+00:00\",\"breadcrumb\":{\"@id\":\"https:\/\/paracherkaoui.ma\/index.php\/produit\/system-360-b-3-daily-duty-mousse-nettoyante-150-ml\/#breadcrumb\"},\"inLanguage\":\"fr-FR\",\"potentialAction\":[{\"@type\":\"ReadAction\",\"target\":[\"https:\/\/paracherkaoui.ma\/index.php\/produit\/system-360-b-3-daily-duty-mousse-nettoyante-150-ml\/\"]}]},{\"@type\":\"ImageObject\",\"inLanguage\":\"fr-FR\",\"@id\":\"https:\/\/paracherkaoui.ma\/index.php\/produit\/system-360-b-3-daily-duty-mousse-nettoyante-150-ml\/#primaryimage\",\"url\":\"https:\/\/paracherkaoui.ma\/wp-content\/uploads\/2025\/12\/system-360-b-3-daily-duty-mousse-nettoyante-150-ml.jpg\",\"contentUrl\":\"https:\/\/paracherkaoui.ma\/wp-content\/uploads\/2025\/12\/system-360-b-3-daily-duty-mousse-nettoyante-150-ml.jpg\",\"width\":700,\"height\":700},{\"@type\":\"BreadcrumbList\",\"@id\":\"https:\/\/paracherkaoui.ma\/index.php\/produit\/system-360-b-3-daily-duty-mousse-nettoyante-150-ml\/#breadcrumb\",\"itemListElement\":[{\"@type\":\"ListItem\",\"position\":1,\"name\":\"Accueil\",\"item\":\"https:\/\/paracherkaoui.ma\/\"},{\"@type\":\"ListItem\",\"position\":2,\"name\":\"Boutique\",\"item\":\"https:\/\/paracherkaoui.ma\/index.php\/boutique\/\"},{\"@type\":\"ListItem\",\"position\":3,\"name\":\"SYSTEM 360 B-3 DAILY DUTY MOUSSE NETTOYANTE 150 ML\"}]},{\"@type\":\"WebSite\",\"@id\":\"https:\/\/paracherkaoui.ma\/#website\",\"url\":\"https:\/\/paracherkaoui.ma\/\",\"name\":\"Paracherkaoui.ma\",\"description\":\"Achetez en ligne sur Paracherkaoui.ma\",\"potentialAction\":[{\"@type\":\"SearchAction\",\"target\":{\"@type\":\"EntryPoint\",\"urlTemplate\":\"https:\/\/paracherkaoui.ma\/?s={search_term_string}\"},\"query-input\":{\"@type\":\"PropertyValueSpecification\",\"valueRequired\":true,\"valueName\":\"search_term_string\"}}],\"inLanguage\":\"fr-FR\"}]}<\/script>\r\n<!-- \/ Yoast SEO plugin. -->","yoast_head_json":{"title":"SYSTEM 360 B-3 DAILY DUTY MOUSSE NETTOYANTE 150 ML - Paracherkaoui.ma","robots":{"index":"index","follow":"follow","max-snippet":"max-snippet:-1","max-image-preview":"max-image-preview:large","max-video-preview":"max-video-preview:-1"},"canonical":"https:\/\/paracherkaoui.ma\/index.php\/produit\/system-360-b-3-daily-duty-mousse-nettoyante-150-ml\/","og_locale":"fr_FR","og_type":"article","og_title":"SYSTEM 360 B-3 DAILY DUTY MOUSSE NETTOYANTE 150 ML - Paracherkaoui.ma","og_description":"System360 B3 &#8211; Daily Duty : La Mousse Nettoyante R\u00e9confortante Offrez \u00e0 votre peau un moment de douceur et de","og_url":"https:\/\/paracherkaoui.ma\/index.php\/produit\/system-360-b-3-daily-duty-mousse-nettoyante-150-ml\/","og_site_name":"Paracherkaoui.ma","article_modified_time":"2025-12-12T17:03:55+00:00","og_image":[{"width":700,"height":700,"url":"https:\/\/paracherkaoui.ma\/wp-content\/uploads\/2025\/12\/system-360-b-3-daily-duty-mousse-nettoyante-150-ml.jpg","type":"image\/jpeg"}],"twitter_card":"summary_large_image","twitter_misc":{"Dur\u00e9e de lecture estim\u00e9e":"2 minutes"},"schema":{"@context":"https:\/\/schema.org","@graph":[{"@type":"WebPage","@id":"https:\/\/paracherkaoui.ma\/index.php\/produit\/system-360-b-3-daily-duty-mousse-nettoyante-150-ml\/","url":"https:\/\/paracherkaoui.ma\/index.php\/produit\/system-360-b-3-daily-duty-mousse-nettoyante-150-ml\/","name":"SYSTEM 360 B-3 DAILY DUTY MOUSSE NETTOYANTE 150 ML - Paracherkaoui.ma","isPartOf":{"@id":"https:\/\/paracherkaoui.ma\/#website"},"primaryImageOfPage":{"@id":"https:\/\/paracherkaoui.ma\/index.php\/produit\/system-360-b-3-daily-duty-mousse-nettoyante-150-ml\/#primaryimage"},"image":{"@id":"https:\/\/paracherkaoui.ma\/index.php\/produit\/system-360-b-3-daily-duty-mousse-nettoyante-150-ml\/#primaryimage"},"thumbnailUrl":"https:\/\/paracherkaoui.ma\/wp-content\/uploads\/2025\/12\/system-360-b-3-daily-duty-mousse-nettoyante-150-ml.jpg","datePublished":"2025-12-12T17:03:50+00:00","dateModified":"2025-12-12T17:03:55+00:00","breadcrumb":{"@id":"https:\/\/paracherkaoui.ma\/index.php\/produit\/system-360-b-3-daily-duty-mousse-nettoyante-150-ml\/#breadcrumb"},"inLanguage":"fr-FR","potentialAction":[{"@type":"ReadAction","target":["https:\/\/paracherkaoui.ma\/index.php\/produit\/system-360-b-3-daily-duty-mousse-nettoyante-150-ml\/"]}]},{"@type":"ImageObject","inLanguage":"fr-FR","@id":"https:\/\/paracherkaoui.ma\/index.php\/produit\/system-360-b-3-daily-duty-mousse-nettoyante-150-ml\/#primaryimage","url":"https:\/\/paracherkaoui.ma\/wp-content\/uploads\/2025\/12\/system-360-b-3-daily-duty-mousse-nettoyante-150-ml.jpg","contentUrl":"https:\/\/paracherkaoui.ma\/wp-content\/uploads\/2025\/12\/system-360-b-3-daily-duty-mousse-nettoyante-150-ml.jpg","width":700,"height":700},{"@type":"BreadcrumbList","@id":"https:\/\/paracherkaoui.ma\/index.php\/produit\/system-360-b-3-daily-duty-mousse-nettoyante-150-ml\/#breadcrumb","itemListElement":[{"@type":"ListItem","position":1,"name":"Accueil","item":"https:\/\/paracherkaoui.ma\/"},{"@type":"ListItem","position":2,"name":"Boutique","item":"https:\/\/paracherkaoui.ma\/index.php\/boutique\/"},{"@type":"ListItem","position":3,"name":"SYSTEM 360 B-3 DAILY DUTY MOUSSE NETTOYANTE 150 ML"}]},{"@type":"WebSite","@id":"https:\/\/paracherkaoui.ma\/#website","url":"https:\/\/paracherkaoui.ma\/","name":"Paracherkaoui.ma","description":"Achetez en ligne sur Paracherkaoui.ma","potentialAction":[{"@type":"SearchAction","target":{"@type":"EntryPoint","urlTemplate":"https:\/\/paracherkaoui.ma\/?s={search_term_string}"},"query-input":{"@type":"PropertyValueSpecification","valueRequired":true,"valueName":"search_term_string"}}],"inLanguage":"fr-FR"}]}},"_links":{"self":[{"href":"https:\/\/paracherkaoui.ma\/index.php\/wp-json\/wp\/v2\/product\/19841","targetHints":{"allow":["GET"]}}],"collection":[{"href":"https:\/\/paracherkaoui.ma\/index.php\/wp-json\/wp\/v2\/product"}],"about":[{"href":"https:\/\/paracherkaoui.ma\/index.php\/wp-json\/wp\/v2\/types\/product"}],"replies":[{"embeddable":true,"href":"https:\/\/paracherkaoui.ma\/index.php\/wp-json\/wp\/v2\/comments?post=19841"}],"version-history":[{"count":1,"href":"https:\/\/paracherkaoui.ma\/index.php\/wp-json\/wp\/v2\/product\/19841\/revisions"}],"predecessor-version":[{"id":19890,"href":"https:\/\/paracherkaoui.ma\/index.php\/wp-json\/wp\/v2\/product\/19841\/revisions\/19890"}],"wp:featuredmedia":[{"embeddable":true,"href":"https:\/\/paracherkaoui.ma\/index.php\/wp-json\/wp\/v2\/media\/19889"}],"wp:attachment":[{"href":"https:\/\/paracherkaoui.ma\/index.php\/wp-json\/wp\/v2\/media?parent=19841"}],"wp:term":[{"taxonomy":"product_brand","embeddable":true,"href":"https:\/\/paracherkaoui.ma\/index.php\/wp-json\/wp\/v2\/product_brand?post=19841"},{"taxonomy":"product_cat","embeddable":true,"href":"https:\/\/paracherkaoui.ma\/index.php\/wp-json\/wp\/v2\/product_cat?post=19841"},{"taxonomy":"product_tag","embeddable":true,"href":"https:\/\/paracherkaoui.ma\/index.php\/wp-json\/wp\/v2\/product_tag?post=19841"}],"curies":[{"name":"wp","href":"https:\/\/api.w.org\/{rel}","templated":true}]}}