{"id":19837,"date":"2025-12-12T18:03:50","date_gmt":"2025-12-12T17:03:50","guid":{"rendered":"https:\/\/test.ecbeaute.com\/?post_type=product&#038;p=19837"},"modified":"2025-12-12T18:03:55","modified_gmt":"2025-12-12T17:03:55","slug":"heliabrine-oregen-mousse-nettoyante-200-ml","status":"publish","type":"product","link":"https:\/\/paracherkaoui.ma\/index.php\/produit\/heliabrine-oregen-mousse-nettoyante-200-ml\/","title":{"rendered":"HELIABRINE OREGEN MOUSSE NETTOYANTE 200 ML"},"content":{"rendered":"<p>Les sensations de tiraillements ou de s\u00e9cheresse peuvent \u00eatre ressenties apr\u00e8s l\u2019utilisation d\u2019un produit d\u00e9maquillant. Gourmande et a\u00e9rienne, la mouss e O-REGEN d\u00e9maquille et nettoie en profondeur tout en procurant une agr\u00e9able sensation de fra\u00eecheur. Formul\u00e9e \u00e0 partir d\u2019une base lavante ultra douce, elle \u00e9limine toutes les impuret\u00e9s qui asphyxient le teint tout en respectant l\u2019\u00e9quilibre naturel de la peau. La s\u00e9lection d\u2019extraits naturels sp\u00e9cifiques tels que le Lupin et le Ginkgo Biloba assure une meilleure oxyg\u00e9nation et protection de la peau. L\u2019extrait de fleur de Nopal ravive l\u2019\u00e9clat du teint.<\/p>\n","protected":false},"excerpt":{"rendered":"<p>Les sensations de tiraillements ou de s\u00e9cheresse peuvent \u00eatre ressenties apr\u00e8s l\u2019utilisation d\u2019un produit d\u00e9maquillant. Gourmande et a\u00e9rienne, la mouss<\/p>\n","protected":false},"featured_media":19882,"comment_status":"open","ping_status":"closed","template":"","meta":[],"product_brand":[360],"product_cat":[346],"product_tag":[],"class_list":{"0":"post-19837","1":"product","2":"type-product","3":"status-publish","4":"has-post-thumbnail","6":"product_brand-heliabrine","7":"product_cat-demaquillants-et-nettoyants","9":"first","10":"instock","11":"sale","12":"shipping-taxable","13":"purchasable","14":"product-type-simple"},"yoast_head":"<!-- This site is optimized with the Yoast SEO plugin v26.6 - https:\/\/yoast.com\/wordpress\/plugins\/seo\/ -->\r\n<title>HELIABRINE OREGEN MOUSSE NETTOYANTE 200 ML - Paracherkaoui.ma<\/title>\r\n<meta name=\"robots\" content=\"index, follow, max-snippet:-1, max-image-preview:large, max-video-preview:-1\" \/>\r\n<link rel=\"canonical\" href=\"https:\/\/paracherkaoui.ma\/index.php\/produit\/heliabrine-oregen-mousse-nettoyante-200-ml\/\" \/>\r\n<meta property=\"og:locale\" content=\"fr_FR\" \/>\r\n<meta property=\"og:type\" content=\"article\" \/>\r\n<meta property=\"og:title\" content=\"HELIABRINE OREGEN MOUSSE NETTOYANTE 200 ML - Paracherkaoui.ma\" \/>\r\n<meta property=\"og:description\" content=\"Les sensations de tiraillements ou de s\u00e9cheresse peuvent \u00eatre ressenties apr\u00e8s l\u2019utilisation d\u2019un produit d\u00e9maquillant. Gourmande et a\u00e9rienne, la mouss\" \/>\r\n<meta property=\"og:url\" content=\"https:\/\/paracherkaoui.ma\/index.php\/produit\/heliabrine-oregen-mousse-nettoyante-200-ml\/\" \/>\r\n<meta property=\"og:site_name\" content=\"Paracherkaoui.ma\" \/>\r\n<meta property=\"article:modified_time\" content=\"2025-12-12T17:03:55+00:00\" \/>\r\n<meta property=\"og:image\" content=\"https:\/\/paracherkaoui.ma\/wp-content\/uploads\/2025\/12\/heliabrine-heliabrine-oregen-mousse-nettoyante-200-ml-nettoyants-visage.jpg\" \/>\r\n\t<meta property=\"og:image:width\" content=\"700\" \/>\r\n\t<meta property=\"og:image:height\" content=\"700\" \/>\r\n\t<meta property=\"og:image:type\" content=\"image\/jpeg\" \/>\r\n<meta name=\"twitter:card\" content=\"summary_large_image\" \/>\r\n<meta name=\"twitter:label1\" content=\"Dur\u00e9e de lecture estim\u00e9e\" \/>\n\t<meta name=\"twitter:data1\" content=\"1 minute\" \/>\r\n<script type=\"application\/ld+json\" class=\"yoast-schema-graph\">{\"@context\":\"https:\/\/schema.org\",\"@graph\":[{\"@type\":\"WebPage\",\"@id\":\"https:\/\/paracherkaoui.ma\/index.php\/produit\/heliabrine-oregen-mousse-nettoyante-200-ml\/\",\"url\":\"https:\/\/paracherkaoui.ma\/index.php\/produit\/heliabrine-oregen-mousse-nettoyante-200-ml\/\",\"name\":\"HELIABRINE OREGEN MOUSSE NETTOYANTE 200 ML - Paracherkaoui.ma\",\"isPartOf\":{\"@id\":\"https:\/\/paracherkaoui.ma\/#website\"},\"primaryImageOfPage\":{\"@id\":\"https:\/\/paracherkaoui.ma\/index.php\/produit\/heliabrine-oregen-mousse-nettoyante-200-ml\/#primaryimage\"},\"image\":{\"@id\":\"https:\/\/paracherkaoui.ma\/index.php\/produit\/heliabrine-oregen-mousse-nettoyante-200-ml\/#primaryimage\"},\"thumbnailUrl\":\"https:\/\/paracherkaoui.ma\/wp-content\/uploads\/2025\/12\/heliabrine-heliabrine-oregen-mousse-nettoyante-200-ml-nettoyants-visage.jpg\",\"datePublished\":\"2025-12-12T17:03:50+00:00\",\"dateModified\":\"2025-12-12T17:03:55+00:00\",\"breadcrumb\":{\"@id\":\"https:\/\/paracherkaoui.ma\/index.php\/produit\/heliabrine-oregen-mousse-nettoyante-200-ml\/#breadcrumb\"},\"inLanguage\":\"fr-FR\",\"potentialAction\":[{\"@type\":\"ReadAction\",\"target\":[\"https:\/\/paracherkaoui.ma\/index.php\/produit\/heliabrine-oregen-mousse-nettoyante-200-ml\/\"]}]},{\"@type\":\"ImageObject\",\"inLanguage\":\"fr-FR\",\"@id\":\"https:\/\/paracherkaoui.ma\/index.php\/produit\/heliabrine-oregen-mousse-nettoyante-200-ml\/#primaryimage\",\"url\":\"https:\/\/paracherkaoui.ma\/wp-content\/uploads\/2025\/12\/heliabrine-heliabrine-oregen-mousse-nettoyante-200-ml-nettoyants-visage.jpg\",\"contentUrl\":\"https:\/\/paracherkaoui.ma\/wp-content\/uploads\/2025\/12\/heliabrine-heliabrine-oregen-mousse-nettoyante-200-ml-nettoyants-visage.jpg\",\"width\":700,\"height\":700},{\"@type\":\"BreadcrumbList\",\"@id\":\"https:\/\/paracherkaoui.ma\/index.php\/produit\/heliabrine-oregen-mousse-nettoyante-200-ml\/#breadcrumb\",\"itemListElement\":[{\"@type\":\"ListItem\",\"position\":1,\"name\":\"Accueil\",\"item\":\"https:\/\/paracherkaoui.ma\/\"},{\"@type\":\"ListItem\",\"position\":2,\"name\":\"Boutique\",\"item\":\"https:\/\/paracherkaoui.ma\/index.php\/boutique\/\"},{\"@type\":\"ListItem\",\"position\":3,\"name\":\"HELIABRINE OREGEN MOUSSE NETTOYANTE 200 ML\"}]},{\"@type\":\"WebSite\",\"@id\":\"https:\/\/paracherkaoui.ma\/#website\",\"url\":\"https:\/\/paracherkaoui.ma\/\",\"name\":\"Paracherkaoui.ma\",\"description\":\"Achetez en ligne sur Paracherkaoui.ma\",\"potentialAction\":[{\"@type\":\"SearchAction\",\"target\":{\"@type\":\"EntryPoint\",\"urlTemplate\":\"https:\/\/paracherkaoui.ma\/?s={search_term_string}\"},\"query-input\":{\"@type\":\"PropertyValueSpecification\",\"valueRequired\":true,\"valueName\":\"search_term_string\"}}],\"inLanguage\":\"fr-FR\"}]}<\/script>\r\n<!-- \/ Yoast SEO plugin. -->","yoast_head_json":{"title":"HELIABRINE OREGEN MOUSSE NETTOYANTE 200 ML - Paracherkaoui.ma","robots":{"index":"index","follow":"follow","max-snippet":"max-snippet:-1","max-image-preview":"max-image-preview:large","max-video-preview":"max-video-preview:-1"},"canonical":"https:\/\/paracherkaoui.ma\/index.php\/produit\/heliabrine-oregen-mousse-nettoyante-200-ml\/","og_locale":"fr_FR","og_type":"article","og_title":"HELIABRINE OREGEN MOUSSE NETTOYANTE 200 ML - Paracherkaoui.ma","og_description":"Les sensations de tiraillements ou de s\u00e9cheresse peuvent \u00eatre ressenties apr\u00e8s l\u2019utilisation d\u2019un produit d\u00e9maquillant. Gourmande et a\u00e9rienne, la mouss","og_url":"https:\/\/paracherkaoui.ma\/index.php\/produit\/heliabrine-oregen-mousse-nettoyante-200-ml\/","og_site_name":"Paracherkaoui.ma","article_modified_time":"2025-12-12T17:03:55+00:00","og_image":[{"width":700,"height":700,"url":"https:\/\/paracherkaoui.ma\/wp-content\/uploads\/2025\/12\/heliabrine-heliabrine-oregen-mousse-nettoyante-200-ml-nettoyants-visage.jpg","type":"image\/jpeg"}],"twitter_card":"summary_large_image","twitter_misc":{"Dur\u00e9e de lecture estim\u00e9e":"1 minute"},"schema":{"@context":"https:\/\/schema.org","@graph":[{"@type":"WebPage","@id":"https:\/\/paracherkaoui.ma\/index.php\/produit\/heliabrine-oregen-mousse-nettoyante-200-ml\/","url":"https:\/\/paracherkaoui.ma\/index.php\/produit\/heliabrine-oregen-mousse-nettoyante-200-ml\/","name":"HELIABRINE OREGEN MOUSSE NETTOYANTE 200 ML - Paracherkaoui.ma","isPartOf":{"@id":"https:\/\/paracherkaoui.ma\/#website"},"primaryImageOfPage":{"@id":"https:\/\/paracherkaoui.ma\/index.php\/produit\/heliabrine-oregen-mousse-nettoyante-200-ml\/#primaryimage"},"image":{"@id":"https:\/\/paracherkaoui.ma\/index.php\/produit\/heliabrine-oregen-mousse-nettoyante-200-ml\/#primaryimage"},"thumbnailUrl":"https:\/\/paracherkaoui.ma\/wp-content\/uploads\/2025\/12\/heliabrine-heliabrine-oregen-mousse-nettoyante-200-ml-nettoyants-visage.jpg","datePublished":"2025-12-12T17:03:50+00:00","dateModified":"2025-12-12T17:03:55+00:00","breadcrumb":{"@id":"https:\/\/paracherkaoui.ma\/index.php\/produit\/heliabrine-oregen-mousse-nettoyante-200-ml\/#breadcrumb"},"inLanguage":"fr-FR","potentialAction":[{"@type":"ReadAction","target":["https:\/\/paracherkaoui.ma\/index.php\/produit\/heliabrine-oregen-mousse-nettoyante-200-ml\/"]}]},{"@type":"ImageObject","inLanguage":"fr-FR","@id":"https:\/\/paracherkaoui.ma\/index.php\/produit\/heliabrine-oregen-mousse-nettoyante-200-ml\/#primaryimage","url":"https:\/\/paracherkaoui.ma\/wp-content\/uploads\/2025\/12\/heliabrine-heliabrine-oregen-mousse-nettoyante-200-ml-nettoyants-visage.jpg","contentUrl":"https:\/\/paracherkaoui.ma\/wp-content\/uploads\/2025\/12\/heliabrine-heliabrine-oregen-mousse-nettoyante-200-ml-nettoyants-visage.jpg","width":700,"height":700},{"@type":"BreadcrumbList","@id":"https:\/\/paracherkaoui.ma\/index.php\/produit\/heliabrine-oregen-mousse-nettoyante-200-ml\/#breadcrumb","itemListElement":[{"@type":"ListItem","position":1,"name":"Accueil","item":"https:\/\/paracherkaoui.ma\/"},{"@type":"ListItem","position":2,"name":"Boutique","item":"https:\/\/paracherkaoui.ma\/index.php\/boutique\/"},{"@type":"ListItem","position":3,"name":"HELIABRINE OREGEN MOUSSE NETTOYANTE 200 ML"}]},{"@type":"WebSite","@id":"https:\/\/paracherkaoui.ma\/#website","url":"https:\/\/paracherkaoui.ma\/","name":"Paracherkaoui.ma","description":"Achetez en ligne sur Paracherkaoui.ma","potentialAction":[{"@type":"SearchAction","target":{"@type":"EntryPoint","urlTemplate":"https:\/\/paracherkaoui.ma\/?s={search_term_string}"},"query-input":{"@type":"PropertyValueSpecification","valueRequired":true,"valueName":"search_term_string"}}],"inLanguage":"fr-FR"}]}},"_links":{"self":[{"href":"https:\/\/paracherkaoui.ma\/index.php\/wp-json\/wp\/v2\/product\/19837","targetHints":{"allow":["GET"]}}],"collection":[{"href":"https:\/\/paracherkaoui.ma\/index.php\/wp-json\/wp\/v2\/product"}],"about":[{"href":"https:\/\/paracherkaoui.ma\/index.php\/wp-json\/wp\/v2\/types\/product"}],"replies":[{"embeddable":true,"href":"https:\/\/paracherkaoui.ma\/index.php\/wp-json\/wp\/v2\/comments?post=19837"}],"version-history":[{"count":1,"href":"https:\/\/paracherkaoui.ma\/index.php\/wp-json\/wp\/v2\/product\/19837\/revisions"}],"predecessor-version":[{"id":19883,"href":"https:\/\/paracherkaoui.ma\/index.php\/wp-json\/wp\/v2\/product\/19837\/revisions\/19883"}],"wp:featuredmedia":[{"embeddable":true,"href":"https:\/\/paracherkaoui.ma\/index.php\/wp-json\/wp\/v2\/media\/19882"}],"wp:attachment":[{"href":"https:\/\/paracherkaoui.ma\/index.php\/wp-json\/wp\/v2\/media?parent=19837"}],"wp:term":[{"taxonomy":"product_brand","embeddable":true,"href":"https:\/\/paracherkaoui.ma\/index.php\/wp-json\/wp\/v2\/product_brand?post=19837"},{"taxonomy":"product_cat","embeddable":true,"href":"https:\/\/paracherkaoui.ma\/index.php\/wp-json\/wp\/v2\/product_cat?post=19837"},{"taxonomy":"product_tag","embeddable":true,"href":"https:\/\/paracherkaoui.ma\/index.php\/wp-json\/wp\/v2\/product_tag?post=19837"}],"curies":[{"name":"wp","href":"https:\/\/api.w.org\/{rel}","templated":true}]}}