{"id":19822,"date":"2025-12-12T18:03:49","date_gmt":"2025-12-12T17:03:49","guid":{"rendered":"https:\/\/test.ecbeaute.com\/?post_type=product&#038;p=19822"},"modified":"2025-12-12T18:03:52","modified_gmt":"2025-12-12T17:03:52","slug":"cerave-creme-moussante-hydratante-236-ml-3","status":"publish","type":"product","link":"https:\/\/paracherkaoui.ma\/index.php\/produit\/cerave-creme-moussante-hydratante-236-ml-3\/","title":{"rendered":"CERAVE CREME MOUSSANTE HYDRATANTE 236 ML"},"content":{"rendered":"<p>Sa texture cr\u00e8me qui se transforme en mousse au contact de l\u2019eau \u00e9limine en douceur les impuret\u00e9s, la pollution, l&rsquo;exc\u00e8s de s\u00e9bum, et m\u00eame le maquillage longue tenue. Elle hydrate intens\u00e9ment sans alt\u00e9rer la barri\u00e8re protectrice naturelle de la peau gr\u00e2ce \u00e0 une association unique d\u2019actifs dermatologiques.<br \/>\nEnrichie en 3 c\u00e9ramides essentiels (1, 3, 6-II), elle aide \u00e0 renforcer la barri\u00e8re cutan\u00e9e. L\u2019acide hyaluronique capte l\u2019eau et maintient l\u2019hydratation pendant 24h, tandis que les acides amin\u00e9s assurent un nettoyage respectueux en attirant l\u2019humidit\u00e9 \u00e0 la surface de la peau. Sa technologie MVE assure une diffusion prolong\u00e9e des actifs pour un confort durable.<br \/>\nSans parfum, hypoallerg\u00e9nique, non-com\u00e9dog\u00e8ne et test\u00e9e ophtalmologiquement, elle convient parfaitement aux peaux sensibles. Sa formule douce ne pique pas les yeux et respecte le pH physiologique.<br \/>\nUn seul geste suffit pour retrouver une peau nette, douce, hydrat\u00e9e et pr\u00eate \u00e0 recevoir vos soins quotidiens. Que ce soit au r\u00e9veil pour purifier la peau, ou le soir pour d\u00e9maquiller et apaiser, cette cr\u00e8me moussante est un incontournable de votre routine visage.<br \/>\nIngr\u00e9dients &#038; Principes Actifs Cl\u00e9s<br \/>\n&#8211; 3 C\u00e9ramides Essentiels : tous les produits CeraVe contiennent les 3 c\u00e9ramides essentiels (1, 3 et 6-II) dont une peau saine a besoin pour restaurer et maintenir sa barri\u00e8re protectrice naturelle.<br \/>\n&#8211; Technologie brevet\u00e9e de diffusion MVE : lib\u00e9ration contr\u00f4l\u00e9e et prolong\u00e9e d&rsquo;actifs pour une hydratation continue pendant 24h.<br \/>\n&#8211; Acides Amin\u00e9s : attirent et retiennent l&rsquo;eau sur la peau, nettoie en douceur.<br \/>\n&#8211; Acide hyaluronique : maintient l&rsquo;hydratation naturelle de la peau.<br \/>\nEfficacit\u00e9<br \/>\n&#8211; D\u00e9maquille efficacement sans laisser de r\u00e9sidus, m\u00eame le maquillage longue tenue (visage, yeux et l\u00e8vres) : 100%<br \/>\n&#8211; Nettoie efficacement les impuret\u00e9s, la salet\u00e9 et la pollution : 100%<br \/>\n&#8211; Agr\u00e9able \u00e0 utiliser : 98%<br \/>\n&#8211; Facile \u00e0 rincer : 98%<br \/>\n&#8211; N\u2019irrite pas la peau et nettoie en douceur : 98%<br \/>\n&#8211; Laisse une peau douce et hydrat\u00e9e :98%<br \/>\n*Test consommateurs, n = 55 femmes, \u00e2ge 19 \u00e0 59, peau sensible et peau s\u00e8che<br \/>\nConseils d&rsquo;utilisation<br \/>\nAppliquer une noisette sur peau humide matin et soir.<br \/>\nFaire mousser en massant d\u00e9licatement par mouvements circulaires.<br \/>\nRincer abondamment \u00e0 l\u2019eau claire.<br \/>\nS\u00e9cher d\u00e9licatement puis appliquer une cr\u00e8me hydratante adapt\u00e9e, comme la Cr\u00e8me Hydratante SPF25 CeraVe.<br \/>\nComposition<br \/>\nAqua\/Water, Glycerin, Sodium Methyl Cocoyl Taurate, Coco-Betaine, Sodium Cocoyl Isethionate, Sodium Chloride, PCA, PPG-5-Ceteth-20, PEG-100 Stearate, PEG-150 Pentaerythrityl Tetrastearate, PEG-6 Caprylic\/Capric Glycerides, PEG-30 Dipolyhydroxystearate, CI 77891\/Titanium Dioxide, Aspartic Acid, Ceramide NP, Ceramide AP, Ceramide EOP, Sorbitan Isostearate, Carbomer, Glycol Distearate, Glyceryl Stearate, Glyceryl Oleate, Glycine, Trideceth-6, Cetearyl Alcohol, Behentrimonium Methosulfate, Threonine, Sodium Hydroxide, Salicylic Acid, Sodium PCA, Sodium Lactate, Arginine, Sodium Lauroyl Lactylate, Serine, Sodium Benzoate, Valine, Sodium Hyaluronate, Proline, Isoleucine, Cholesterol, Phenoxyethanol, Alanine, Phenylalanine, Coconut Acid, Coco-Glucoside, Chlorphenesin, Disodium EDTA, Hydroxyethyl Urea, Citric Acid, Hydroxyethyl Acrylate\/Sodium Acryloyldimethyl Taurate Copolymer, Caprylyl Glycol, Phytosphingosine, Xanthan Gum, Histidine, Acrylates\/C10-30 Alkyl Acrylate Crosspolymer, Polyquaternium-53, Polyquaternium-39, Polysorbate 60, Ethylhexylglycerin, Benzoic Acid<\/p>\n","protected":false},"excerpt":{"rendered":"<p>Sa texture cr\u00e8me qui se transforme en mousse au contact de l\u2019eau \u00e9limine en douceur les impuret\u00e9s, la pollution, l&rsquo;exc\u00e8s<\/p>\n","protected":false},"featured_media":11168,"comment_status":"open","ping_status":"closed","template":"","meta":[],"product_brand":[131],"product_cat":[346],"product_tag":[],"class_list":{"0":"post-19822","1":"product","2":"type-product","3":"status-publish","4":"has-post-thumbnail","6":"product_brand-cerave","7":"product_cat-demaquillants-et-nettoyants","9":"first","10":"instock","11":"sale","12":"shipping-taxable","13":"purchasable","14":"product-type-simple"},"yoast_head":"<!-- This site is optimized with the Yoast SEO plugin v26.6 - https:\/\/yoast.com\/wordpress\/plugins\/seo\/ -->\r\n<title>CERAVE CREME MOUSSANTE HYDRATANTE 236 ML - Paracherkaoui.ma<\/title>\r\n<meta name=\"robots\" content=\"index, follow, max-snippet:-1, max-image-preview:large, max-video-preview:-1\" \/>\r\n<link rel=\"canonical\" href=\"https:\/\/paracherkaoui.ma\/index.php\/produit\/cerave-creme-moussante-hydratante-236-ml-3\/\" \/>\r\n<meta property=\"og:locale\" content=\"fr_FR\" \/>\r\n<meta property=\"og:type\" content=\"article\" \/>\r\n<meta property=\"og:title\" content=\"CERAVE CREME MOUSSANTE HYDRATANTE 236 ML - Paracherkaoui.ma\" \/>\r\n<meta property=\"og:description\" content=\"Sa texture cr\u00e8me qui se transforme en mousse au contact de l\u2019eau \u00e9limine en douceur les impuret\u00e9s, la pollution, l&rsquo;exc\u00e8s\" \/>\r\n<meta property=\"og:url\" content=\"https:\/\/paracherkaoui.ma\/index.php\/produit\/cerave-creme-moussante-hydratante-236-ml-3\/\" \/>\r\n<meta property=\"og:site_name\" content=\"Paracherkaoui.ma\" \/>\r\n<meta property=\"article:modified_time\" content=\"2025-12-12T17:03:52+00:00\" \/>\r\n<meta property=\"og:image\" content=\"https:\/\/paracherkaoui.ma\/wp-content\/uploads\/2025\/12\/cerave-cerave-creme-moussante-hydratante-236-ml-accueil.jpg\" \/>\r\n\t<meta property=\"og:image:width\" content=\"700\" \/>\r\n\t<meta property=\"og:image:height\" content=\"700\" \/>\r\n\t<meta property=\"og:image:type\" content=\"image\/jpeg\" \/>\r\n<meta name=\"twitter:card\" content=\"summary_large_image\" \/>\r\n<meta name=\"twitter:label1\" content=\"Dur\u00e9e de lecture estim\u00e9e\" \/>\n\t<meta name=\"twitter:data1\" content=\"3 minutes\" \/>\r\n<script type=\"application\/ld+json\" class=\"yoast-schema-graph\">{\"@context\":\"https:\/\/schema.org\",\"@graph\":[{\"@type\":\"WebPage\",\"@id\":\"https:\/\/paracherkaoui.ma\/index.php\/produit\/cerave-creme-moussante-hydratante-236-ml-3\/\",\"url\":\"https:\/\/paracherkaoui.ma\/index.php\/produit\/cerave-creme-moussante-hydratante-236-ml-3\/\",\"name\":\"CERAVE CREME MOUSSANTE HYDRATANTE 236 ML - Paracherkaoui.ma\",\"isPartOf\":{\"@id\":\"https:\/\/paracherkaoui.ma\/#website\"},\"primaryImageOfPage\":{\"@id\":\"https:\/\/paracherkaoui.ma\/index.php\/produit\/cerave-creme-moussante-hydratante-236-ml-3\/#primaryimage\"},\"image\":{\"@id\":\"https:\/\/paracherkaoui.ma\/index.php\/produit\/cerave-creme-moussante-hydratante-236-ml-3\/#primaryimage\"},\"thumbnailUrl\":\"https:\/\/paracherkaoui.ma\/wp-content\/uploads\/2025\/12\/cerave-cerave-creme-moussante-hydratante-236-ml-accueil.jpg\",\"datePublished\":\"2025-12-12T17:03:49+00:00\",\"dateModified\":\"2025-12-12T17:03:52+00:00\",\"breadcrumb\":{\"@id\":\"https:\/\/paracherkaoui.ma\/index.php\/produit\/cerave-creme-moussante-hydratante-236-ml-3\/#breadcrumb\"},\"inLanguage\":\"fr-FR\",\"potentialAction\":[{\"@type\":\"ReadAction\",\"target\":[\"https:\/\/paracherkaoui.ma\/index.php\/produit\/cerave-creme-moussante-hydratante-236-ml-3\/\"]}]},{\"@type\":\"ImageObject\",\"inLanguage\":\"fr-FR\",\"@id\":\"https:\/\/paracherkaoui.ma\/index.php\/produit\/cerave-creme-moussante-hydratante-236-ml-3\/#primaryimage\",\"url\":\"https:\/\/paracherkaoui.ma\/wp-content\/uploads\/2025\/12\/cerave-cerave-creme-moussante-hydratante-236-ml-accueil.jpg\",\"contentUrl\":\"https:\/\/paracherkaoui.ma\/wp-content\/uploads\/2025\/12\/cerave-cerave-creme-moussante-hydratante-236-ml-accueil.jpg\",\"width\":700,\"height\":700},{\"@type\":\"BreadcrumbList\",\"@id\":\"https:\/\/paracherkaoui.ma\/index.php\/produit\/cerave-creme-moussante-hydratante-236-ml-3\/#breadcrumb\",\"itemListElement\":[{\"@type\":\"ListItem\",\"position\":1,\"name\":\"Accueil\",\"item\":\"https:\/\/paracherkaoui.ma\/\"},{\"@type\":\"ListItem\",\"position\":2,\"name\":\"Boutique\",\"item\":\"https:\/\/paracherkaoui.ma\/index.php\/boutique\/\"},{\"@type\":\"ListItem\",\"position\":3,\"name\":\"CERAVE CREME MOUSSANTE HYDRATANTE 236 ML\"}]},{\"@type\":\"WebSite\",\"@id\":\"https:\/\/paracherkaoui.ma\/#website\",\"url\":\"https:\/\/paracherkaoui.ma\/\",\"name\":\"Paracherkaoui.ma\",\"description\":\"Achetez en ligne sur Paracherkaoui.ma\",\"potentialAction\":[{\"@type\":\"SearchAction\",\"target\":{\"@type\":\"EntryPoint\",\"urlTemplate\":\"https:\/\/paracherkaoui.ma\/?s={search_term_string}\"},\"query-input\":{\"@type\":\"PropertyValueSpecification\",\"valueRequired\":true,\"valueName\":\"search_term_string\"}}],\"inLanguage\":\"fr-FR\"}]}<\/script>\r\n<!-- \/ Yoast SEO plugin. -->","yoast_head_json":{"title":"CERAVE CREME MOUSSANTE HYDRATANTE 236 ML - Paracherkaoui.ma","robots":{"index":"index","follow":"follow","max-snippet":"max-snippet:-1","max-image-preview":"max-image-preview:large","max-video-preview":"max-video-preview:-1"},"canonical":"https:\/\/paracherkaoui.ma\/index.php\/produit\/cerave-creme-moussante-hydratante-236-ml-3\/","og_locale":"fr_FR","og_type":"article","og_title":"CERAVE CREME MOUSSANTE HYDRATANTE 236 ML - Paracherkaoui.ma","og_description":"Sa texture cr\u00e8me qui se transforme en mousse au contact de l\u2019eau \u00e9limine en douceur les impuret\u00e9s, la pollution, l&rsquo;exc\u00e8s","og_url":"https:\/\/paracherkaoui.ma\/index.php\/produit\/cerave-creme-moussante-hydratante-236-ml-3\/","og_site_name":"Paracherkaoui.ma","article_modified_time":"2025-12-12T17:03:52+00:00","og_image":[{"width":700,"height":700,"url":"https:\/\/paracherkaoui.ma\/wp-content\/uploads\/2025\/12\/cerave-cerave-creme-moussante-hydratante-236-ml-accueil.jpg","type":"image\/jpeg"}],"twitter_card":"summary_large_image","twitter_misc":{"Dur\u00e9e de lecture estim\u00e9e":"3 minutes"},"schema":{"@context":"https:\/\/schema.org","@graph":[{"@type":"WebPage","@id":"https:\/\/paracherkaoui.ma\/index.php\/produit\/cerave-creme-moussante-hydratante-236-ml-3\/","url":"https:\/\/paracherkaoui.ma\/index.php\/produit\/cerave-creme-moussante-hydratante-236-ml-3\/","name":"CERAVE CREME MOUSSANTE HYDRATANTE 236 ML - Paracherkaoui.ma","isPartOf":{"@id":"https:\/\/paracherkaoui.ma\/#website"},"primaryImageOfPage":{"@id":"https:\/\/paracherkaoui.ma\/index.php\/produit\/cerave-creme-moussante-hydratante-236-ml-3\/#primaryimage"},"image":{"@id":"https:\/\/paracherkaoui.ma\/index.php\/produit\/cerave-creme-moussante-hydratante-236-ml-3\/#primaryimage"},"thumbnailUrl":"https:\/\/paracherkaoui.ma\/wp-content\/uploads\/2025\/12\/cerave-cerave-creme-moussante-hydratante-236-ml-accueil.jpg","datePublished":"2025-12-12T17:03:49+00:00","dateModified":"2025-12-12T17:03:52+00:00","breadcrumb":{"@id":"https:\/\/paracherkaoui.ma\/index.php\/produit\/cerave-creme-moussante-hydratante-236-ml-3\/#breadcrumb"},"inLanguage":"fr-FR","potentialAction":[{"@type":"ReadAction","target":["https:\/\/paracherkaoui.ma\/index.php\/produit\/cerave-creme-moussante-hydratante-236-ml-3\/"]}]},{"@type":"ImageObject","inLanguage":"fr-FR","@id":"https:\/\/paracherkaoui.ma\/index.php\/produit\/cerave-creme-moussante-hydratante-236-ml-3\/#primaryimage","url":"https:\/\/paracherkaoui.ma\/wp-content\/uploads\/2025\/12\/cerave-cerave-creme-moussante-hydratante-236-ml-accueil.jpg","contentUrl":"https:\/\/paracherkaoui.ma\/wp-content\/uploads\/2025\/12\/cerave-cerave-creme-moussante-hydratante-236-ml-accueil.jpg","width":700,"height":700},{"@type":"BreadcrumbList","@id":"https:\/\/paracherkaoui.ma\/index.php\/produit\/cerave-creme-moussante-hydratante-236-ml-3\/#breadcrumb","itemListElement":[{"@type":"ListItem","position":1,"name":"Accueil","item":"https:\/\/paracherkaoui.ma\/"},{"@type":"ListItem","position":2,"name":"Boutique","item":"https:\/\/paracherkaoui.ma\/index.php\/boutique\/"},{"@type":"ListItem","position":3,"name":"CERAVE CREME MOUSSANTE HYDRATANTE 236 ML"}]},{"@type":"WebSite","@id":"https:\/\/paracherkaoui.ma\/#website","url":"https:\/\/paracherkaoui.ma\/","name":"Paracherkaoui.ma","description":"Achetez en ligne sur Paracherkaoui.ma","potentialAction":[{"@type":"SearchAction","target":{"@type":"EntryPoint","urlTemplate":"https:\/\/paracherkaoui.ma\/?s={search_term_string}"},"query-input":{"@type":"PropertyValueSpecification","valueRequired":true,"valueName":"search_term_string"}}],"inLanguage":"fr-FR"}]}},"_links":{"self":[{"href":"https:\/\/paracherkaoui.ma\/index.php\/wp-json\/wp\/v2\/product\/19822","targetHints":{"allow":["GET"]}}],"collection":[{"href":"https:\/\/paracherkaoui.ma\/index.php\/wp-json\/wp\/v2\/product"}],"about":[{"href":"https:\/\/paracherkaoui.ma\/index.php\/wp-json\/wp\/v2\/types\/product"}],"replies":[{"embeddable":true,"href":"https:\/\/paracherkaoui.ma\/index.php\/wp-json\/wp\/v2\/comments?post=19822"}],"version-history":[{"count":1,"href":"https:\/\/paracherkaoui.ma\/index.php\/wp-json\/wp\/v2\/product\/19822\/revisions"}],"predecessor-version":[{"id":19857,"href":"https:\/\/paracherkaoui.ma\/index.php\/wp-json\/wp\/v2\/product\/19822\/revisions\/19857"}],"wp:featuredmedia":[{"embeddable":true,"href":"https:\/\/paracherkaoui.ma\/index.php\/wp-json\/wp\/v2\/media\/11168"}],"wp:attachment":[{"href":"https:\/\/paracherkaoui.ma\/index.php\/wp-json\/wp\/v2\/media?parent=19822"}],"wp:term":[{"taxonomy":"product_brand","embeddable":true,"href":"https:\/\/paracherkaoui.ma\/index.php\/wp-json\/wp\/v2\/product_brand?post=19822"},{"taxonomy":"product_cat","embeddable":true,"href":"https:\/\/paracherkaoui.ma\/index.php\/wp-json\/wp\/v2\/product_cat?post=19822"},{"taxonomy":"product_tag","embeddable":true,"href":"https:\/\/paracherkaoui.ma\/index.php\/wp-json\/wp\/v2\/product_tag?post=19822"}],"curies":[{"name":"wp","href":"https:\/\/api.w.org\/{rel}","templated":true}]}}