{"id":19818,"date":"2025-12-12T18:03:48","date_gmt":"2025-12-12T17:03:48","guid":{"rendered":"https:\/\/test.ecbeaute.com\/?post_type=product&#038;p=19818"},"modified":"2025-12-12T18:03:51","modified_gmt":"2025-12-12T17:03:51","slug":"la-roche-posay-mela-b3-gel-micro-peeling-unifiant-eclat-200-ml","status":"publish","type":"product","link":"https:\/\/paracherkaoui.ma\/index.php\/produit\/la-roche-posay-mela-b3-gel-micro-peeling-unifiant-eclat-200-ml\/","title":{"rendered":"LA ROCHE POSAY MELA B3 GEL MICRO PEELING UNIFIANT ECLAT 200 ML"},"content":{"rendered":"<p>.elementor-241 .elementor-element.elementor-element-22c076d .elementor-tab-title, .elementor-241 .elementor-element.elementor-element-22c076d .elementor-tab-title:before, .elementor-241 .elementor-element.elementor-element-22c076d .elementor-tab-title:after, .elementor-241 .elementor-element.elementor-element-22c076d .elementor-tab-content, .elementor-241 .elementor-element.elementor-element-22c076d .elementor-tabs-content-wrapper{border-width:0.5px;}.elementor-241 .elementor-element.elementor-element-22c076d .elementor-tab-title{color:#000000;}.elementor-241 .elementor-element.elementor-element-22c076d .elementor-tab-title.elementor-active{color:#00a28d;}.elementor-241 .elementor-element.elementor-element-22c076d .elementor-tab-content{color:#000000;}.elementor-241 .elementor-element.elementor-element-6584dba9 .axps-swiper-slider .swiper-slide img{width:auto;}.elementor-241 .elementor-element.elementor-element-6584dba9 .wrapper-items:not(.swiper-container-initialized) .item{-ms-flex:0 0 calc(100%\/2);flex:0 0 calc(100%\/2);max-width:calc(100%\/2);}.elementor-241 .elementor-element.elementor-element-6584dba9 .wrapper-items .swiper-slide{padding-left:calc(30px\/2);padding-right:calc(30px\/2);}.elementor-241 .elementor-element.elementor-element-6584dba9 .wrapper-items .swiper-slide .item-inner{margin-bottom:30px;}.elementor-241 .elementor-element.elementor-element-6584dba9 .wrapper-items{margin-left:calc(-30px\/2);margin-right:calc(-30px\/2);}.elementor-241 .elementor-element.elementor-element-6584dba9 .swiper-wrapper .item-inner{text-align:center;}.elementor-241 .elementor-element.elementor-element-ab5142b{text-align:center;}.elementor-241 .elementor-element.elementor-element-ab5142b.elementor-widget-heading .elementor-heading-title{color:#000000;}.elementor-241 .elementor-element.elementor-element-ab5142b .elementor-heading-title{font-size:17px;font-weight:900;}.elementor-241 .elementor-element.elementor-element-2412721e{margin-top:-16px;margin-bottom:0px;}.elementor-241 .elementor-element.elementor-element-80c18b8 > .elementor-widget-container{margin:-46px 0px 0px 0px;}.elementor-241 .elementor-element.elementor-element-da47085 > .elementor-widget-container{margin:-46px 0px 0px 0px;}.elementor-241 .elementor-element.elementor-element-1ac9c5a8 > .elementor-widget-container{margin:-46px 0px 0px 0px;}.elementor-241 .elementor-element.elementor-element-794f6a4a > .elementor-widget-container{margin:-46px 0px 0px 0px;}.elementor-241 .elementor-element.elementor-element-f7d0042{text-align:center;}.elementor-241 .elementor-element.elementor-element-f7d0042.elementor-widget-heading .elementor-heading-title{color:#000000;}.elementor-241 .elementor-element.elementor-element-f7d0042 .elementor-heading-title{font-size:17px;font-weight:900;}.elementor-241 .elementor-element.elementor-element-111aed5d{margin-top:-16px;margin-bottom:0px;}.elementor-241 .elementor-element.elementor-element-7aa3b471 > .elementor-widget-container{margin:-46px 0px 0px 0px;}.elementor-241 .elementor-element.elementor-element-53d5db07 > .elementor-widget-container{margin:-46px 0px 0px 0px;}.elementor-241 .elementor-element.elementor-element-265e5d3 > .elementor-widget-container{margin:-46px 0px 0px 0px;}@media(max-width:1024px){.elementor-241 .elementor-element.elementor-element-6584dba9 .wrapper-items:not(.swiper-container-initialized) .item{-ms-flex:0 0 calc(100%\/4);flex:0 0 calc(100%\/4);max-width:calc(100%\/4);}.elementor-241 .elementor-element.elementor-element-6584dba9 .wrapper-items .swiper-slide{padding-left:calc(20px\/2);padding-right:calc(20px\/2);}.elementor-241 .elementor-element.elementor-element-6584dba9 .wrapper-items .swiper-slide .item-inner{margin-bottom:20px;}.elementor-241 .elementor-element.elementor-element-6584dba9 .wrapper-items{margin-left:calc(-20px\/2);margin-right:calc(-20px\/2);}.elementor-241 .elementor-element.elementor-element-80c18b8 > .elementor-widget-container{margin:-33px 0px 0px 0px;}.elementor-241 .elementor-element.elementor-element-da47085 > .elementor-widget-container{margin:-33px 0px 0px 0px;}.elementor-241 .elementor-element.elementor-element-1ac9c5a8 > .elementor-widget-container{margin:-33px 0px 0px 0px;}.elementor-241 .elementor-element.elementor-element-794f6a4a > .elementor-widget-container{margin:-33px 0px 0px 0px;}.elementor-241 .elementor-element.elementor-element-7aa3b471 > .elementor-widget-container{margin:-33px 0px 0px 0px;}.elementor-241 .elementor-element.elementor-element-53d5db07 > .elementor-widget-container{margin:-33px 0px 0px 0px;}.elementor-241 .elementor-element.elementor-element-265e5d3 > .elementor-widget-container{margin:-33px 0px 0px 0px;}}@media(max-width:767px){.elementor-241 .elementor-element.elementor-element-6584dba9 .wrapper-items:not(.swiper-container-initialized) .item{-ms-flex:0 0 calc(100%\/4);flex:0 0 calc(100%\/4);max-width:calc(100%\/4);}.elementor-241 .elementor-element.elementor-element-6584dba9 .wrapper-items .swiper-slide{padding-left:calc(10px\/2);padding-right:calc(10px\/2);}.elementor-241 .elementor-element.elementor-element-6584dba9 .wrapper-items .swiper-slide .item-inner{margin-bottom:10px;}.elementor-241 .elementor-element.elementor-element-6584dba9 .wrapper-items{margin-left:calc(-10px\/2);margin-right:calc(-10px\/2);}.elementor-241 .elementor-element.elementor-element-795e0e4{width:50%;}.elementor-241 .elementor-element.elementor-element-80c18b8 > .elementor-widget-container{margin:-26px 0px 0px 0px;}.elementor-241 .elementor-element.elementor-element-6be1de91{width:50%;}.elementor-241 .elementor-element.elementor-element-da47085 > .elementor-widget-container{margin:-26px 0px 0px 0px;}.elementor-241 .elementor-element.elementor-element-3747c55e{width:50%;}.elementor-241 .elementor-element.elementor-element-1ac9c5a8 > .elementor-widget-container{margin:-26px 0px 0px 0px;}.elementor-241 .elementor-element.elementor-element-3d54730f{width:50%;}.elementor-241 .elementor-element.elementor-element-794f6a4a > .elementor-widget-container{margin:-26px 0px 0px 0px;}.elementor-241 .elementor-element.elementor-element-1ab8ca4a{width:50%;}.elementor-241 .elementor-element.elementor-element-7aa3b471 > .elementor-widget-container{margin:-26px 0px 0px 0px;}.elementor-241 .elementor-element.elementor-element-5db21bcc{width:50%;}.elementor-241 .elementor-element.elementor-element-53d5db07 > .elementor-widget-container{margin:-26px 0px 0px 0px;}.elementor-241 .elementor-element.elementor-element-b301d8e{width:50%;}.elementor-241 .elementor-element.elementor-element-265e5d3 > .elementor-widget-container{margin:-26px 0px 0px 0px;}}<br \/>\nDescription<br \/>\nConseils d&rsquo;utilisation<br \/>\nComposition<br \/>\nDescription<br \/>\n\u00c0 la pointe de la science dermatologique, sa formule associe le Melasyl\u2122, un actif multibrevet\u00e9 r\u00e9volutionnaire, au Niacinamide concentr\u00e9 \u00e0 10 %, pour pr\u00e9venir, corriger et unifier visiblement le teint. Enrichi \u00e9galement en PHA doux, ce gel nettoyant exfolie la peau en douceur tout en respectant la barri\u00e8re cutan\u00e9e.<br \/>\nD\u00e8s la premi\u00e8re utilisation, la peau para\u00eet plus lisse, lumineuse et fra\u00eeche. En seulement 4 semaines, elle r\u00e9v\u00e8le une nouvelle clart\u00e9 :<br \/>\n83 % constatent un teint visiblement plus \u00e9clatant.<br \/>\n94 % voient leurs taches s\u2019estomper.<br \/>\n36 % de r\u00e9duction clinique de la visibilit\u00e9 des taches.<br \/>\nCe soin quotidien convient au visage, cou, d\u00e9collet\u00e9 et m\u00eame aux mains, pour une action compl\u00e8te contre l\u2019hyperpigmentation, tout en offrant une exp\u00e9rience sensorielle agr\u00e9able gr\u00e2ce \u00e0 sa texture douce et son parfum l\u00e9ger.<br \/>\nConseils d&rsquo;utilisation<br \/>\nAppliquer matin et soir sur peau humide.<br \/>\nMasser d\u00e9licatement en mouvements circulaires, en \u00e9vitant le contour des yeux.<br \/>\nRincer abondamment \u00e0 l\u2019eau claire, puis s\u00e9cher la peau en tapotant doucement.<br \/>\nPoursuivre avec votre soin hydratant et une protection solaire.<br \/>\nComposition<br \/>\nAQUA \/ WATER \/ EAU, GLYCERIN, COCO-BETAINE, PROPANEDIOL, SODIUM COCOYL GLYCINATE, PEG-120 METHYL GLUCOSE DIOLEATE, SODIUM HYDROXIDE, SODIUM CHLORIDE, CITRIC ACID, GLUCONOLACTONE, CERAMIDE NP, NIACINAMIDE, 2-MERCAPTONICOTINOYL GLYCINE, SODIUM THIOSULFATE, DISODIUM EDTA, CAPRYLOYL GLYCINE, CAPRYLYL GLYCOL, TRISODIUM ETHYLENEDIAMINE DISUCCINATE, PENTYLENE GLYCOL, ACRYLATES COPOLYMER, TOCOPHEROL, TOCOPHERYL ACETATE, PARFUM \/ FRAGRANCE<br \/>\nD\u00e9couvrez plus de nettoyants La Roche Posay<br \/>\nAjouter au Panier<br \/>\nAjouter au Panier<br \/>\nAjouter au Panier<br \/>\nAjouter au Panier<br \/>\nCompl\u00e9tez votre routine<br \/>\nAjouter au Panier<br \/>\nAjouter au Panier<br \/>\nAjouter au Panier<\/p>\n","protected":false},"excerpt":{"rendered":"<p>.elementor-241 .elementor-element.elementor-element-22c076d .elementor-tab-title, .elementor-241 .elementor-element.elementor-element-22c076d .elementor-tab-title:before, .elementor-241 .elementor-element.elementor-element-22c076d .elementor-tab-title:after, .elementor-241 .elementor-element.elementor-element-22c076d .elementor-tab-content, .elementor-241 .elementor-element.elementor-element-22c076d .elementor-tabs-content-wrapper{border-width:0.5px;}.elementor-241 .elementor-element.elementor-element-22c076d .elementor-tab-title{color:#000000;}.elementor-241 .elementor-element.elementor-element-22c076d .elementor-tab-title.elementor-active{color:#00a28d;}.elementor-241 .elementor-element.elementor-element-22c076d<\/p>\n","protected":false},"featured_media":19850,"comment_status":"open","ping_status":"closed","template":"","meta":[],"product_brand":[132],"product_cat":[346],"product_tag":[],"class_list":{"0":"post-19818","1":"product","2":"type-product","3":"status-publish","4":"has-post-thumbnail","6":"product_brand-la-roche-posay","7":"product_cat-demaquillants-et-nettoyants","9":"first","10":"instock","11":"sale","12":"shipping-taxable","13":"purchasable","14":"product-type-simple"},"yoast_head":"<!-- This site is optimized with the Yoast SEO plugin v26.6 - https:\/\/yoast.com\/wordpress\/plugins\/seo\/ -->\r\n<title>LA ROCHE POSAY MELA B3 GEL MICRO PEELING UNIFIANT ECLAT 200 ML - Paracherkaoui.ma<\/title>\r\n<meta name=\"robots\" content=\"index, follow, max-snippet:-1, max-image-preview:large, max-video-preview:-1\" \/>\r\n<link rel=\"canonical\" href=\"https:\/\/paracherkaoui.ma\/index.php\/produit\/la-roche-posay-mela-b3-gel-micro-peeling-unifiant-eclat-200-ml\/\" \/>\r\n<meta property=\"og:locale\" content=\"fr_FR\" \/>\r\n<meta property=\"og:type\" content=\"article\" \/>\r\n<meta property=\"og:title\" content=\"LA ROCHE POSAY MELA B3 GEL MICRO PEELING UNIFIANT ECLAT 200 ML - Paracherkaoui.ma\" \/>\r\n<meta property=\"og:description\" content=\".elementor-241 .elementor-element.elementor-element-22c076d .elementor-tab-title, .elementor-241 .elementor-element.elementor-element-22c076d .elementor-tab-title:before, .elementor-241 .elementor-element.elementor-element-22c076d .elementor-tab-title:after, .elementor-241 .elementor-element.elementor-element-22c076d .elementor-tab-content, .elementor-241 .elementor-element.elementor-element-22c076d .elementor-tabs-content-wrapper{border-width:0.5px;}.elementor-241 .elementor-element.elementor-element-22c076d .elementor-tab-title{color:#000000;}.elementor-241 .elementor-element.elementor-element-22c076d .elementor-tab-title.elementor-active{color:#00a28d;}.elementor-241 .elementor-element.elementor-element-22c076d\" \/>\r\n<meta property=\"og:url\" content=\"https:\/\/paracherkaoui.ma\/index.php\/produit\/la-roche-posay-mela-b3-gel-micro-peeling-unifiant-eclat-200-ml\/\" \/>\r\n<meta property=\"og:site_name\" content=\"Paracherkaoui.ma\" \/>\r\n<meta property=\"article:modified_time\" content=\"2025-12-12T17:03:51+00:00\" \/>\r\n<meta property=\"og:image\" content=\"https:\/\/paracherkaoui.ma\/wp-content\/uploads\/2025\/12\/la-roche-posay-la-roche-posay-mela-b3-gel-micro-peeling-unifiant-eclat-200-ml-demaquillants-et-nettoyants.jpg\" \/>\r\n\t<meta property=\"og:image:width\" content=\"700\" \/>\r\n\t<meta property=\"og:image:height\" content=\"700\" \/>\r\n\t<meta property=\"og:image:type\" content=\"image\/jpeg\" \/>\r\n<meta name=\"twitter:card\" content=\"summary_large_image\" \/>\r\n<meta name=\"twitter:label1\" content=\"Dur\u00e9e de lecture estim\u00e9e\" \/>\n\t<meta name=\"twitter:data1\" content=\"4 minutes\" \/>\r\n<script type=\"application\/ld+json\" class=\"yoast-schema-graph\">{\"@context\":\"https:\/\/schema.org\",\"@graph\":[{\"@type\":\"WebPage\",\"@id\":\"https:\/\/paracherkaoui.ma\/index.php\/produit\/la-roche-posay-mela-b3-gel-micro-peeling-unifiant-eclat-200-ml\/\",\"url\":\"https:\/\/paracherkaoui.ma\/index.php\/produit\/la-roche-posay-mela-b3-gel-micro-peeling-unifiant-eclat-200-ml\/\",\"name\":\"LA ROCHE POSAY MELA B3 GEL MICRO PEELING UNIFIANT ECLAT 200 ML - Paracherkaoui.ma\",\"isPartOf\":{\"@id\":\"https:\/\/paracherkaoui.ma\/#website\"},\"primaryImageOfPage\":{\"@id\":\"https:\/\/paracherkaoui.ma\/index.php\/produit\/la-roche-posay-mela-b3-gel-micro-peeling-unifiant-eclat-200-ml\/#primaryimage\"},\"image\":{\"@id\":\"https:\/\/paracherkaoui.ma\/index.php\/produit\/la-roche-posay-mela-b3-gel-micro-peeling-unifiant-eclat-200-ml\/#primaryimage\"},\"thumbnailUrl\":\"https:\/\/paracherkaoui.ma\/wp-content\/uploads\/2025\/12\/la-roche-posay-la-roche-posay-mela-b3-gel-micro-peeling-unifiant-eclat-200-ml-demaquillants-et-nettoyants.jpg\",\"datePublished\":\"2025-12-12T17:03:48+00:00\",\"dateModified\":\"2025-12-12T17:03:51+00:00\",\"breadcrumb\":{\"@id\":\"https:\/\/paracherkaoui.ma\/index.php\/produit\/la-roche-posay-mela-b3-gel-micro-peeling-unifiant-eclat-200-ml\/#breadcrumb\"},\"inLanguage\":\"fr-FR\",\"potentialAction\":[{\"@type\":\"ReadAction\",\"target\":[\"https:\/\/paracherkaoui.ma\/index.php\/produit\/la-roche-posay-mela-b3-gel-micro-peeling-unifiant-eclat-200-ml\/\"]}]},{\"@type\":\"ImageObject\",\"inLanguage\":\"fr-FR\",\"@id\":\"https:\/\/paracherkaoui.ma\/index.php\/produit\/la-roche-posay-mela-b3-gel-micro-peeling-unifiant-eclat-200-ml\/#primaryimage\",\"url\":\"https:\/\/paracherkaoui.ma\/wp-content\/uploads\/2025\/12\/la-roche-posay-la-roche-posay-mela-b3-gel-micro-peeling-unifiant-eclat-200-ml-demaquillants-et-nettoyants.jpg\",\"contentUrl\":\"https:\/\/paracherkaoui.ma\/wp-content\/uploads\/2025\/12\/la-roche-posay-la-roche-posay-mela-b3-gel-micro-peeling-unifiant-eclat-200-ml-demaquillants-et-nettoyants.jpg\",\"width\":700,\"height\":700},{\"@type\":\"BreadcrumbList\",\"@id\":\"https:\/\/paracherkaoui.ma\/index.php\/produit\/la-roche-posay-mela-b3-gel-micro-peeling-unifiant-eclat-200-ml\/#breadcrumb\",\"itemListElement\":[{\"@type\":\"ListItem\",\"position\":1,\"name\":\"Accueil\",\"item\":\"https:\/\/paracherkaoui.ma\/\"},{\"@type\":\"ListItem\",\"position\":2,\"name\":\"Boutique\",\"item\":\"https:\/\/paracherkaoui.ma\/index.php\/boutique\/\"},{\"@type\":\"ListItem\",\"position\":3,\"name\":\"LA ROCHE POSAY MELA B3 GEL MICRO PEELING UNIFIANT ECLAT 200 ML\"}]},{\"@type\":\"WebSite\",\"@id\":\"https:\/\/paracherkaoui.ma\/#website\",\"url\":\"https:\/\/paracherkaoui.ma\/\",\"name\":\"Paracherkaoui.ma\",\"description\":\"Achetez en ligne sur Paracherkaoui.ma\",\"potentialAction\":[{\"@type\":\"SearchAction\",\"target\":{\"@type\":\"EntryPoint\",\"urlTemplate\":\"https:\/\/paracherkaoui.ma\/?s={search_term_string}\"},\"query-input\":{\"@type\":\"PropertyValueSpecification\",\"valueRequired\":true,\"valueName\":\"search_term_string\"}}],\"inLanguage\":\"fr-FR\"}]}<\/script>\r\n<!-- \/ Yoast SEO plugin. -->","yoast_head_json":{"title":"LA ROCHE POSAY MELA B3 GEL MICRO PEELING UNIFIANT ECLAT 200 ML - Paracherkaoui.ma","robots":{"index":"index","follow":"follow","max-snippet":"max-snippet:-1","max-image-preview":"max-image-preview:large","max-video-preview":"max-video-preview:-1"},"canonical":"https:\/\/paracherkaoui.ma\/index.php\/produit\/la-roche-posay-mela-b3-gel-micro-peeling-unifiant-eclat-200-ml\/","og_locale":"fr_FR","og_type":"article","og_title":"LA ROCHE POSAY MELA B3 GEL MICRO PEELING UNIFIANT ECLAT 200 ML - Paracherkaoui.ma","og_description":".elementor-241 .elementor-element.elementor-element-22c076d .elementor-tab-title, .elementor-241 .elementor-element.elementor-element-22c076d .elementor-tab-title:before, .elementor-241 .elementor-element.elementor-element-22c076d .elementor-tab-title:after, .elementor-241 .elementor-element.elementor-element-22c076d .elementor-tab-content, .elementor-241 .elementor-element.elementor-element-22c076d .elementor-tabs-content-wrapper{border-width:0.5px;}.elementor-241 .elementor-element.elementor-element-22c076d .elementor-tab-title{color:#000000;}.elementor-241 .elementor-element.elementor-element-22c076d .elementor-tab-title.elementor-active{color:#00a28d;}.elementor-241 .elementor-element.elementor-element-22c076d","og_url":"https:\/\/paracherkaoui.ma\/index.php\/produit\/la-roche-posay-mela-b3-gel-micro-peeling-unifiant-eclat-200-ml\/","og_site_name":"Paracherkaoui.ma","article_modified_time":"2025-12-12T17:03:51+00:00","og_image":[{"width":700,"height":700,"url":"https:\/\/paracherkaoui.ma\/wp-content\/uploads\/2025\/12\/la-roche-posay-la-roche-posay-mela-b3-gel-micro-peeling-unifiant-eclat-200-ml-demaquillants-et-nettoyants.jpg","type":"image\/jpeg"}],"twitter_card":"summary_large_image","twitter_misc":{"Dur\u00e9e de lecture estim\u00e9e":"4 minutes"},"schema":{"@context":"https:\/\/schema.org","@graph":[{"@type":"WebPage","@id":"https:\/\/paracherkaoui.ma\/index.php\/produit\/la-roche-posay-mela-b3-gel-micro-peeling-unifiant-eclat-200-ml\/","url":"https:\/\/paracherkaoui.ma\/index.php\/produit\/la-roche-posay-mela-b3-gel-micro-peeling-unifiant-eclat-200-ml\/","name":"LA ROCHE POSAY MELA B3 GEL MICRO PEELING UNIFIANT ECLAT 200 ML - Paracherkaoui.ma","isPartOf":{"@id":"https:\/\/paracherkaoui.ma\/#website"},"primaryImageOfPage":{"@id":"https:\/\/paracherkaoui.ma\/index.php\/produit\/la-roche-posay-mela-b3-gel-micro-peeling-unifiant-eclat-200-ml\/#primaryimage"},"image":{"@id":"https:\/\/paracherkaoui.ma\/index.php\/produit\/la-roche-posay-mela-b3-gel-micro-peeling-unifiant-eclat-200-ml\/#primaryimage"},"thumbnailUrl":"https:\/\/paracherkaoui.ma\/wp-content\/uploads\/2025\/12\/la-roche-posay-la-roche-posay-mela-b3-gel-micro-peeling-unifiant-eclat-200-ml-demaquillants-et-nettoyants.jpg","datePublished":"2025-12-12T17:03:48+00:00","dateModified":"2025-12-12T17:03:51+00:00","breadcrumb":{"@id":"https:\/\/paracherkaoui.ma\/index.php\/produit\/la-roche-posay-mela-b3-gel-micro-peeling-unifiant-eclat-200-ml\/#breadcrumb"},"inLanguage":"fr-FR","potentialAction":[{"@type":"ReadAction","target":["https:\/\/paracherkaoui.ma\/index.php\/produit\/la-roche-posay-mela-b3-gel-micro-peeling-unifiant-eclat-200-ml\/"]}]},{"@type":"ImageObject","inLanguage":"fr-FR","@id":"https:\/\/paracherkaoui.ma\/index.php\/produit\/la-roche-posay-mela-b3-gel-micro-peeling-unifiant-eclat-200-ml\/#primaryimage","url":"https:\/\/paracherkaoui.ma\/wp-content\/uploads\/2025\/12\/la-roche-posay-la-roche-posay-mela-b3-gel-micro-peeling-unifiant-eclat-200-ml-demaquillants-et-nettoyants.jpg","contentUrl":"https:\/\/paracherkaoui.ma\/wp-content\/uploads\/2025\/12\/la-roche-posay-la-roche-posay-mela-b3-gel-micro-peeling-unifiant-eclat-200-ml-demaquillants-et-nettoyants.jpg","width":700,"height":700},{"@type":"BreadcrumbList","@id":"https:\/\/paracherkaoui.ma\/index.php\/produit\/la-roche-posay-mela-b3-gel-micro-peeling-unifiant-eclat-200-ml\/#breadcrumb","itemListElement":[{"@type":"ListItem","position":1,"name":"Accueil","item":"https:\/\/paracherkaoui.ma\/"},{"@type":"ListItem","position":2,"name":"Boutique","item":"https:\/\/paracherkaoui.ma\/index.php\/boutique\/"},{"@type":"ListItem","position":3,"name":"LA ROCHE POSAY MELA B3 GEL MICRO PEELING UNIFIANT ECLAT 200 ML"}]},{"@type":"WebSite","@id":"https:\/\/paracherkaoui.ma\/#website","url":"https:\/\/paracherkaoui.ma\/","name":"Paracherkaoui.ma","description":"Achetez en ligne sur Paracherkaoui.ma","potentialAction":[{"@type":"SearchAction","target":{"@type":"EntryPoint","urlTemplate":"https:\/\/paracherkaoui.ma\/?s={search_term_string}"},"query-input":{"@type":"PropertyValueSpecification","valueRequired":true,"valueName":"search_term_string"}}],"inLanguage":"fr-FR"}]}},"_links":{"self":[{"href":"https:\/\/paracherkaoui.ma\/index.php\/wp-json\/wp\/v2\/product\/19818","targetHints":{"allow":["GET"]}}],"collection":[{"href":"https:\/\/paracherkaoui.ma\/index.php\/wp-json\/wp\/v2\/product"}],"about":[{"href":"https:\/\/paracherkaoui.ma\/index.php\/wp-json\/wp\/v2\/types\/product"}],"replies":[{"embeddable":true,"href":"https:\/\/paracherkaoui.ma\/index.php\/wp-json\/wp\/v2\/comments?post=19818"}],"version-history":[{"count":1,"href":"https:\/\/paracherkaoui.ma\/index.php\/wp-json\/wp\/v2\/product\/19818\/revisions"}],"predecessor-version":[{"id":19851,"href":"https:\/\/paracherkaoui.ma\/index.php\/wp-json\/wp\/v2\/product\/19818\/revisions\/19851"}],"wp:featuredmedia":[{"embeddable":true,"href":"https:\/\/paracherkaoui.ma\/index.php\/wp-json\/wp\/v2\/media\/19850"}],"wp:attachment":[{"href":"https:\/\/paracherkaoui.ma\/index.php\/wp-json\/wp\/v2\/media?parent=19818"}],"wp:term":[{"taxonomy":"product_brand","embeddable":true,"href":"https:\/\/paracherkaoui.ma\/index.php\/wp-json\/wp\/v2\/product_brand?post=19818"},{"taxonomy":"product_cat","embeddable":true,"href":"https:\/\/paracherkaoui.ma\/index.php\/wp-json\/wp\/v2\/product_cat?post=19818"},{"taxonomy":"product_tag","embeddable":true,"href":"https:\/\/paracherkaoui.ma\/index.php\/wp-json\/wp\/v2\/product_tag?post=19818"}],"curies":[{"name":"wp","href":"https:\/\/api.w.org\/{rel}","templated":true}]}}