{"id":19744,"date":"2025-12-12T18:03:42","date_gmt":"2025-12-12T17:03:42","guid":{"rendered":"https:\/\/test.ecbeaute.com\/?post_type=product&#038;p=19744"},"modified":"2025-12-12T18:03:44","modified_gmt":"2025-12-12T17:03:44","slug":"gilbert-rectangles-de-coton-pads-biodegradables-bebe-sachet-de-180-unites","status":"publish","type":"product","link":"https:\/\/paracherkaoui.ma\/index.php\/produit\/gilbert-rectangles-de-coton-pads-biodegradables-bebe-sachet-de-180-unites\/","title":{"rendered":"GILBERT RECTANGLES DE COTON PADS BIODEGRADABLES BEBE SACHET DE 180 UNITES"},"content":{"rendered":"<p>Indications:<br \/>\n100% coton, Pads Bio rectangles de coton permettent le nettoyage du si\u00e8ge de b\u00e9b\u00e9 ou le d\u00e9maquillage.<br \/>\nPropri\u00e9t\u00e9s:<br \/>\nLes\u00a0PADS BIO, rectangles de coton 8&#215;10 cm, comportent 2 faces non tiss\u00e9es pour une extr\u00eame douceur. 100% coton biod\u00e9gradable, ils permettent le nettoyage du si\u00e8ge de b\u00e9b\u00e9 ou le d\u00e9maquillage. Ils sont compactent et ne peluchent pas. Ce sont les seuls Pads en qualit\u00e9 Bio. De plus ils sont certifi\u00e9s ECOCERT et GOTS. Ils sont donc Sans Pesticides, sans OGM ni Plomb. Fabriqu\u00e9 en Europe, sans blanchiement au chlore.<\/p>\n<p>\u2713 Le coton biologique est moins gourmand en eau et en adjuvant chimique.<br \/>\n\u2713 La culture du coton maintient les sols sains et productifs gr\u00e2ce \u00e0 l&rsquo;utilisation d&rsquo;engrais naturels.<br \/>\n\u2713 La culture du coton respecte les sols et les \u00e9cosyst\u00e8mes.<br \/>\nConseils d&rsquo;utilisation:<br \/>\nAppliquez votre liniment sur le Pads bio rectangle de coton puis nettoyer le si\u00e8ge de b\u00e9b\u00e9\/ appliquez votre d\u00e9maquillant sur le Pads Bio rectangle de coton et nettoyez cotre peau.<\/p>\n","protected":false},"excerpt":{"rendered":"<p>Indications: 100% coton, Pads Bio rectangles de coton permettent le nettoyage du si\u00e8ge de b\u00e9b\u00e9 ou le d\u00e9maquillage. Propri\u00e9t\u00e9s: Les\u00a0PADS<\/p>\n","protected":false},"featured_media":19775,"comment_status":"open","ping_status":"closed","template":"","meta":[],"product_brand":[200],"product_cat":[346],"product_tag":[],"class_list":{"0":"post-19744","1":"product","2":"type-product","3":"status-publish","4":"has-post-thumbnail","6":"product_brand-gilbert","7":"product_cat-demaquillants-et-nettoyants","9":"first","10":"instock","11":"sale","12":"shipping-taxable","13":"purchasable","14":"product-type-simple"},"yoast_head":"<!-- This site is optimized with the Yoast SEO plugin v26.6 - https:\/\/yoast.com\/wordpress\/plugins\/seo\/ -->\r\n<title>GILBERT RECTANGLES DE COTON PADS BIODEGRADABLES BEBE SACHET DE 180 UNITES - Paracherkaoui.ma<\/title>\r\n<meta name=\"robots\" content=\"index, follow, max-snippet:-1, max-image-preview:large, max-video-preview:-1\" \/>\r\n<link rel=\"canonical\" href=\"https:\/\/paracherkaoui.ma\/index.php\/produit\/gilbert-rectangles-de-coton-pads-biodegradables-bebe-sachet-de-180-unites\/\" \/>\r\n<meta property=\"og:locale\" content=\"fr_FR\" \/>\r\n<meta property=\"og:type\" content=\"article\" \/>\r\n<meta property=\"og:title\" content=\"GILBERT RECTANGLES DE COTON PADS BIODEGRADABLES BEBE SACHET DE 180 UNITES - Paracherkaoui.ma\" \/>\r\n<meta property=\"og:description\" content=\"Indications: 100% coton, Pads Bio rectangles de coton permettent le nettoyage du si\u00e8ge de b\u00e9b\u00e9 ou le d\u00e9maquillage. Propri\u00e9t\u00e9s: Les\u00a0PADS\" \/>\r\n<meta property=\"og:url\" content=\"https:\/\/paracherkaoui.ma\/index.php\/produit\/gilbert-rectangles-de-coton-pads-biodegradables-bebe-sachet-de-180-unites\/\" \/>\r\n<meta property=\"og:site_name\" content=\"Paracherkaoui.ma\" \/>\r\n<meta property=\"article:modified_time\" content=\"2025-12-12T17:03:44+00:00\" \/>\r\n<meta property=\"og:image\" content=\"https:\/\/paracherkaoui.ma\/wp-content\/uploads\/2025\/12\/gilbert-gilbert-rectangles-de-coton-pads-biodegradables-bebe-sachet-de-180-unites-changes-bebe.jpg\" \/>\r\n\t<meta property=\"og:image:width\" content=\"700\" \/>\r\n\t<meta property=\"og:image:height\" content=\"700\" \/>\r\n\t<meta property=\"og:image:type\" content=\"image\/jpeg\" \/>\r\n<meta name=\"twitter:card\" content=\"summary_large_image\" \/>\r\n<meta name=\"twitter:label1\" content=\"Dur\u00e9e de lecture estim\u00e9e\" \/>\n\t<meta name=\"twitter:data1\" content=\"1 minute\" \/>\r\n<script type=\"application\/ld+json\" class=\"yoast-schema-graph\">{\"@context\":\"https:\/\/schema.org\",\"@graph\":[{\"@type\":\"WebPage\",\"@id\":\"https:\/\/paracherkaoui.ma\/index.php\/produit\/gilbert-rectangles-de-coton-pads-biodegradables-bebe-sachet-de-180-unites\/\",\"url\":\"https:\/\/paracherkaoui.ma\/index.php\/produit\/gilbert-rectangles-de-coton-pads-biodegradables-bebe-sachet-de-180-unites\/\",\"name\":\"GILBERT RECTANGLES DE COTON PADS BIODEGRADABLES BEBE SACHET DE 180 UNITES - Paracherkaoui.ma\",\"isPartOf\":{\"@id\":\"https:\/\/paracherkaoui.ma\/#website\"},\"primaryImageOfPage\":{\"@id\":\"https:\/\/paracherkaoui.ma\/index.php\/produit\/gilbert-rectangles-de-coton-pads-biodegradables-bebe-sachet-de-180-unites\/#primaryimage\"},\"image\":{\"@id\":\"https:\/\/paracherkaoui.ma\/index.php\/produit\/gilbert-rectangles-de-coton-pads-biodegradables-bebe-sachet-de-180-unites\/#primaryimage\"},\"thumbnailUrl\":\"https:\/\/paracherkaoui.ma\/wp-content\/uploads\/2025\/12\/gilbert-gilbert-rectangles-de-coton-pads-biodegradables-bebe-sachet-de-180-unites-changes-bebe.jpg\",\"datePublished\":\"2025-12-12T17:03:42+00:00\",\"dateModified\":\"2025-12-12T17:03:44+00:00\",\"breadcrumb\":{\"@id\":\"https:\/\/paracherkaoui.ma\/index.php\/produit\/gilbert-rectangles-de-coton-pads-biodegradables-bebe-sachet-de-180-unites\/#breadcrumb\"},\"inLanguage\":\"fr-FR\",\"potentialAction\":[{\"@type\":\"ReadAction\",\"target\":[\"https:\/\/paracherkaoui.ma\/index.php\/produit\/gilbert-rectangles-de-coton-pads-biodegradables-bebe-sachet-de-180-unites\/\"]}]},{\"@type\":\"ImageObject\",\"inLanguage\":\"fr-FR\",\"@id\":\"https:\/\/paracherkaoui.ma\/index.php\/produit\/gilbert-rectangles-de-coton-pads-biodegradables-bebe-sachet-de-180-unites\/#primaryimage\",\"url\":\"https:\/\/paracherkaoui.ma\/wp-content\/uploads\/2025\/12\/gilbert-gilbert-rectangles-de-coton-pads-biodegradables-bebe-sachet-de-180-unites-changes-bebe.jpg\",\"contentUrl\":\"https:\/\/paracherkaoui.ma\/wp-content\/uploads\/2025\/12\/gilbert-gilbert-rectangles-de-coton-pads-biodegradables-bebe-sachet-de-180-unites-changes-bebe.jpg\",\"width\":700,\"height\":700},{\"@type\":\"BreadcrumbList\",\"@id\":\"https:\/\/paracherkaoui.ma\/index.php\/produit\/gilbert-rectangles-de-coton-pads-biodegradables-bebe-sachet-de-180-unites\/#breadcrumb\",\"itemListElement\":[{\"@type\":\"ListItem\",\"position\":1,\"name\":\"Accueil\",\"item\":\"https:\/\/paracherkaoui.ma\/\"},{\"@type\":\"ListItem\",\"position\":2,\"name\":\"Boutique\",\"item\":\"https:\/\/paracherkaoui.ma\/index.php\/boutique\/\"},{\"@type\":\"ListItem\",\"position\":3,\"name\":\"GILBERT RECTANGLES DE COTON PADS BIODEGRADABLES BEBE SACHET DE 180 UNITES\"}]},{\"@type\":\"WebSite\",\"@id\":\"https:\/\/paracherkaoui.ma\/#website\",\"url\":\"https:\/\/paracherkaoui.ma\/\",\"name\":\"Paracherkaoui.ma\",\"description\":\"Achetez en ligne sur Paracherkaoui.ma\",\"potentialAction\":[{\"@type\":\"SearchAction\",\"target\":{\"@type\":\"EntryPoint\",\"urlTemplate\":\"https:\/\/paracherkaoui.ma\/?s={search_term_string}\"},\"query-input\":{\"@type\":\"PropertyValueSpecification\",\"valueRequired\":true,\"valueName\":\"search_term_string\"}}],\"inLanguage\":\"fr-FR\"}]}<\/script>\r\n<!-- \/ Yoast SEO plugin. -->","yoast_head_json":{"title":"GILBERT RECTANGLES DE COTON PADS BIODEGRADABLES BEBE SACHET DE 180 UNITES - Paracherkaoui.ma","robots":{"index":"index","follow":"follow","max-snippet":"max-snippet:-1","max-image-preview":"max-image-preview:large","max-video-preview":"max-video-preview:-1"},"canonical":"https:\/\/paracherkaoui.ma\/index.php\/produit\/gilbert-rectangles-de-coton-pads-biodegradables-bebe-sachet-de-180-unites\/","og_locale":"fr_FR","og_type":"article","og_title":"GILBERT RECTANGLES DE COTON PADS BIODEGRADABLES BEBE SACHET DE 180 UNITES - Paracherkaoui.ma","og_description":"Indications: 100% coton, Pads Bio rectangles de coton permettent le nettoyage du si\u00e8ge de b\u00e9b\u00e9 ou le d\u00e9maquillage. Propri\u00e9t\u00e9s: Les\u00a0PADS","og_url":"https:\/\/paracherkaoui.ma\/index.php\/produit\/gilbert-rectangles-de-coton-pads-biodegradables-bebe-sachet-de-180-unites\/","og_site_name":"Paracherkaoui.ma","article_modified_time":"2025-12-12T17:03:44+00:00","og_image":[{"width":700,"height":700,"url":"https:\/\/paracherkaoui.ma\/wp-content\/uploads\/2025\/12\/gilbert-gilbert-rectangles-de-coton-pads-biodegradables-bebe-sachet-de-180-unites-changes-bebe.jpg","type":"image\/jpeg"}],"twitter_card":"summary_large_image","twitter_misc":{"Dur\u00e9e de lecture estim\u00e9e":"1 minute"},"schema":{"@context":"https:\/\/schema.org","@graph":[{"@type":"WebPage","@id":"https:\/\/paracherkaoui.ma\/index.php\/produit\/gilbert-rectangles-de-coton-pads-biodegradables-bebe-sachet-de-180-unites\/","url":"https:\/\/paracherkaoui.ma\/index.php\/produit\/gilbert-rectangles-de-coton-pads-biodegradables-bebe-sachet-de-180-unites\/","name":"GILBERT RECTANGLES DE COTON PADS BIODEGRADABLES BEBE SACHET DE 180 UNITES - Paracherkaoui.ma","isPartOf":{"@id":"https:\/\/paracherkaoui.ma\/#website"},"primaryImageOfPage":{"@id":"https:\/\/paracherkaoui.ma\/index.php\/produit\/gilbert-rectangles-de-coton-pads-biodegradables-bebe-sachet-de-180-unites\/#primaryimage"},"image":{"@id":"https:\/\/paracherkaoui.ma\/index.php\/produit\/gilbert-rectangles-de-coton-pads-biodegradables-bebe-sachet-de-180-unites\/#primaryimage"},"thumbnailUrl":"https:\/\/paracherkaoui.ma\/wp-content\/uploads\/2025\/12\/gilbert-gilbert-rectangles-de-coton-pads-biodegradables-bebe-sachet-de-180-unites-changes-bebe.jpg","datePublished":"2025-12-12T17:03:42+00:00","dateModified":"2025-12-12T17:03:44+00:00","breadcrumb":{"@id":"https:\/\/paracherkaoui.ma\/index.php\/produit\/gilbert-rectangles-de-coton-pads-biodegradables-bebe-sachet-de-180-unites\/#breadcrumb"},"inLanguage":"fr-FR","potentialAction":[{"@type":"ReadAction","target":["https:\/\/paracherkaoui.ma\/index.php\/produit\/gilbert-rectangles-de-coton-pads-biodegradables-bebe-sachet-de-180-unites\/"]}]},{"@type":"ImageObject","inLanguage":"fr-FR","@id":"https:\/\/paracherkaoui.ma\/index.php\/produit\/gilbert-rectangles-de-coton-pads-biodegradables-bebe-sachet-de-180-unites\/#primaryimage","url":"https:\/\/paracherkaoui.ma\/wp-content\/uploads\/2025\/12\/gilbert-gilbert-rectangles-de-coton-pads-biodegradables-bebe-sachet-de-180-unites-changes-bebe.jpg","contentUrl":"https:\/\/paracherkaoui.ma\/wp-content\/uploads\/2025\/12\/gilbert-gilbert-rectangles-de-coton-pads-biodegradables-bebe-sachet-de-180-unites-changes-bebe.jpg","width":700,"height":700},{"@type":"BreadcrumbList","@id":"https:\/\/paracherkaoui.ma\/index.php\/produit\/gilbert-rectangles-de-coton-pads-biodegradables-bebe-sachet-de-180-unites\/#breadcrumb","itemListElement":[{"@type":"ListItem","position":1,"name":"Accueil","item":"https:\/\/paracherkaoui.ma\/"},{"@type":"ListItem","position":2,"name":"Boutique","item":"https:\/\/paracherkaoui.ma\/index.php\/boutique\/"},{"@type":"ListItem","position":3,"name":"GILBERT RECTANGLES DE COTON PADS BIODEGRADABLES BEBE SACHET DE 180 UNITES"}]},{"@type":"WebSite","@id":"https:\/\/paracherkaoui.ma\/#website","url":"https:\/\/paracherkaoui.ma\/","name":"Paracherkaoui.ma","description":"Achetez en ligne sur Paracherkaoui.ma","potentialAction":[{"@type":"SearchAction","target":{"@type":"EntryPoint","urlTemplate":"https:\/\/paracherkaoui.ma\/?s={search_term_string}"},"query-input":{"@type":"PropertyValueSpecification","valueRequired":true,"valueName":"search_term_string"}}],"inLanguage":"fr-FR"}]}},"_links":{"self":[{"href":"https:\/\/paracherkaoui.ma\/index.php\/wp-json\/wp\/v2\/product\/19744","targetHints":{"allow":["GET"]}}],"collection":[{"href":"https:\/\/paracherkaoui.ma\/index.php\/wp-json\/wp\/v2\/product"}],"about":[{"href":"https:\/\/paracherkaoui.ma\/index.php\/wp-json\/wp\/v2\/types\/product"}],"replies":[{"embeddable":true,"href":"https:\/\/paracherkaoui.ma\/index.php\/wp-json\/wp\/v2\/comments?post=19744"}],"version-history":[{"count":1,"href":"https:\/\/paracherkaoui.ma\/index.php\/wp-json\/wp\/v2\/product\/19744\/revisions"}],"predecessor-version":[{"id":19776,"href":"https:\/\/paracherkaoui.ma\/index.php\/wp-json\/wp\/v2\/product\/19744\/revisions\/19776"}],"wp:featuredmedia":[{"embeddable":true,"href":"https:\/\/paracherkaoui.ma\/index.php\/wp-json\/wp\/v2\/media\/19775"}],"wp:attachment":[{"href":"https:\/\/paracherkaoui.ma\/index.php\/wp-json\/wp\/v2\/media?parent=19744"}],"wp:term":[{"taxonomy":"product_brand","embeddable":true,"href":"https:\/\/paracherkaoui.ma\/index.php\/wp-json\/wp\/v2\/product_brand?post=19744"},{"taxonomy":"product_cat","embeddable":true,"href":"https:\/\/paracherkaoui.ma\/index.php\/wp-json\/wp\/v2\/product_cat?post=19744"},{"taxonomy":"product_tag","embeddable":true,"href":"https:\/\/paracherkaoui.ma\/index.php\/wp-json\/wp\/v2\/product_tag?post=19744"}],"curies":[{"name":"wp","href":"https:\/\/api.w.org\/{rel}","templated":true}]}}