{"id":19669,"date":"2025-12-12T18:03:35","date_gmt":"2025-12-12T17:03:35","guid":{"rendered":"https:\/\/test.ecbeaute.com\/?post_type=product&#038;p=19669"},"modified":"2025-12-12T18:03:39","modified_gmt":"2025-12-12T17:03:39","slug":"elcea-coloration-permanente-5-54-acajou-cuivre","status":"publish","type":"product","link":"https:\/\/paracherkaoui.ma\/index.php\/produit\/elcea-coloration-permanente-5-54-acajou-cuivre\/","title":{"rendered":"ELCEA COLORATION PERMANENTE 5.54 ACAJOU CUIVRE"},"content":{"rendered":"<p>ELCEA Coloration Experte Acajou Cuivr\u00e9 5.54\u00a0est une coloration permanente au lait d\u2019Hibiscus. Elle permet de couvrir en totalit\u00e9 les cheveux blancs d\u00e8s la premi\u00e8re application, tout en respectant la nature des cheveux. Formul\u00e9e avec 90% d\u2019ingr\u00e9dients d\u2019origine naturelle, et sans ammoniaque pour un parfum agr\u00e9able, elle assure :<br \/>\nLa couverture des cheveux blancs \u00e0 100%,<br \/>\nUne tenue et brillance longue dur\u00e9e,<br \/>\nLe respect et le confort du cuir chevelu,<br \/>\nUn r\u00e9sultat professionnel.<br \/>\nLe soin revitalisant joint au kit a \u00e9t\u00e9 sp\u00e9cifiquement formul\u00e9 pour rendre la couleur encore plus resplendissante. Sa formule au lait d\u2019Hibiscus, reconnu pour stimuler la fibre capillaire renferme \u00e9galement un filtre UV. Les cheveux sont nourris et doux. La couleur est lumineuse et naturelle.<br \/>\nConseils d&rsquo;utilisation:<br \/>\nLire la notice et suivre exactement le mode d\u2019emploi. Faire un test d\u2019alerte-allergie 48h avant la pose, car les colorations capillaires peuvent provoquer des r\u00e9actions allergiques s\u00e9v\u00e8res. Ce produit n\u2019est pas destin\u00e9 aux personnes de moins de 16 ans. Les tatouages temporaires noirs \u00e0 base de henn\u00e9 peuvent augmenter le risque d\u2019allergie.<br \/>\nAttention, ne colorez pas vos cheveux si :<br \/>\nVous pr\u00e9sentez une \u00e9ruption cutan\u00e9e sur le visage ou si votre cuir chevelu est sensible, irrit\u00e9 ou ab\u00eem\u00e9,<br \/>\nVous avez d\u00e9j\u00e0 fait une r\u00e9action apr\u00e8s avoir color\u00e9 vos cheveux,<br \/>\nVous avez fait par le pass\u00e9 une r\u00e9action \u00e0 un tatouage temporaire \u00e0 base de henn\u00e9.<\/p>\n","protected":false},"excerpt":{"rendered":"<p>ELCEA Coloration Experte Acajou Cuivr\u00e9 5.54\u00a0est une coloration permanente au lait d\u2019Hibiscus. Elle permet de couvrir en totalit\u00e9 les cheveux<\/p>\n","protected":false},"featured_media":19714,"comment_status":"open","ping_status":"closed","template":"","meta":[],"product_brand":[344],"product_cat":[338],"product_tag":[],"class_list":{"0":"post-19669","1":"product","2":"type-product","3":"status-publish","4":"has-post-thumbnail","6":"product_brand-elcea","7":"product_cat-coloration-cheveux","9":"first","10":"instock","11":"sale","12":"shipping-taxable","13":"purchasable","14":"product-type-simple"},"yoast_head":"<!-- This site is optimized with the Yoast SEO plugin v26.6 - https:\/\/yoast.com\/wordpress\/plugins\/seo\/ -->\r\n<title>ELCEA COLORATION PERMANENTE 5.54 ACAJOU CUIVRE - Paracherkaoui.ma<\/title>\r\n<meta name=\"robots\" content=\"index, follow, max-snippet:-1, max-image-preview:large, max-video-preview:-1\" \/>\r\n<link rel=\"canonical\" href=\"https:\/\/paracherkaoui.ma\/index.php\/produit\/elcea-coloration-permanente-5-54-acajou-cuivre\/\" \/>\r\n<meta property=\"og:locale\" content=\"fr_FR\" \/>\r\n<meta property=\"og:type\" content=\"article\" \/>\r\n<meta property=\"og:title\" content=\"ELCEA COLORATION PERMANENTE 5.54 ACAJOU CUIVRE - Paracherkaoui.ma\" \/>\r\n<meta property=\"og:description\" content=\"ELCEA Coloration Experte Acajou Cuivr\u00e9 5.54\u00a0est une coloration permanente au lait d\u2019Hibiscus. Elle permet de couvrir en totalit\u00e9 les cheveux\" \/>\r\n<meta property=\"og:url\" content=\"https:\/\/paracherkaoui.ma\/index.php\/produit\/elcea-coloration-permanente-5-54-acajou-cuivre\/\" \/>\r\n<meta property=\"og:site_name\" content=\"Paracherkaoui.ma\" \/>\r\n<meta property=\"article:modified_time\" content=\"2025-12-12T17:03:39+00:00\" \/>\r\n<meta property=\"og:image\" content=\"https:\/\/paracherkaoui.ma\/wp-content\/uploads\/2025\/12\/elcea-elcea-coloration-permanente-554-acajou-cuivre-coloration.jpg\" \/>\r\n\t<meta property=\"og:image:width\" content=\"700\" \/>\r\n\t<meta property=\"og:image:height\" content=\"700\" \/>\r\n\t<meta property=\"og:image:type\" content=\"image\/jpeg\" \/>\r\n<meta name=\"twitter:card\" content=\"summary_large_image\" \/>\r\n<meta name=\"twitter:label1\" content=\"Dur\u00e9e de lecture estim\u00e9e\" \/>\n\t<meta name=\"twitter:data1\" content=\"1 minute\" \/>\r\n<script type=\"application\/ld+json\" class=\"yoast-schema-graph\">{\"@context\":\"https:\/\/schema.org\",\"@graph\":[{\"@type\":\"WebPage\",\"@id\":\"https:\/\/paracherkaoui.ma\/index.php\/produit\/elcea-coloration-permanente-5-54-acajou-cuivre\/\",\"url\":\"https:\/\/paracherkaoui.ma\/index.php\/produit\/elcea-coloration-permanente-5-54-acajou-cuivre\/\",\"name\":\"ELCEA COLORATION PERMANENTE 5.54 ACAJOU CUIVRE - Paracherkaoui.ma\",\"isPartOf\":{\"@id\":\"https:\/\/paracherkaoui.ma\/#website\"},\"primaryImageOfPage\":{\"@id\":\"https:\/\/paracherkaoui.ma\/index.php\/produit\/elcea-coloration-permanente-5-54-acajou-cuivre\/#primaryimage\"},\"image\":{\"@id\":\"https:\/\/paracherkaoui.ma\/index.php\/produit\/elcea-coloration-permanente-5-54-acajou-cuivre\/#primaryimage\"},\"thumbnailUrl\":\"https:\/\/paracherkaoui.ma\/wp-content\/uploads\/2025\/12\/elcea-elcea-coloration-permanente-554-acajou-cuivre-coloration.jpg\",\"datePublished\":\"2025-12-12T17:03:35+00:00\",\"dateModified\":\"2025-12-12T17:03:39+00:00\",\"breadcrumb\":{\"@id\":\"https:\/\/paracherkaoui.ma\/index.php\/produit\/elcea-coloration-permanente-5-54-acajou-cuivre\/#breadcrumb\"},\"inLanguage\":\"fr-FR\",\"potentialAction\":[{\"@type\":\"ReadAction\",\"target\":[\"https:\/\/paracherkaoui.ma\/index.php\/produit\/elcea-coloration-permanente-5-54-acajou-cuivre\/\"]}]},{\"@type\":\"ImageObject\",\"inLanguage\":\"fr-FR\",\"@id\":\"https:\/\/paracherkaoui.ma\/index.php\/produit\/elcea-coloration-permanente-5-54-acajou-cuivre\/#primaryimage\",\"url\":\"https:\/\/paracherkaoui.ma\/wp-content\/uploads\/2025\/12\/elcea-elcea-coloration-permanente-554-acajou-cuivre-coloration.jpg\",\"contentUrl\":\"https:\/\/paracherkaoui.ma\/wp-content\/uploads\/2025\/12\/elcea-elcea-coloration-permanente-554-acajou-cuivre-coloration.jpg\",\"width\":700,\"height\":700},{\"@type\":\"BreadcrumbList\",\"@id\":\"https:\/\/paracherkaoui.ma\/index.php\/produit\/elcea-coloration-permanente-5-54-acajou-cuivre\/#breadcrumb\",\"itemListElement\":[{\"@type\":\"ListItem\",\"position\":1,\"name\":\"Accueil\",\"item\":\"https:\/\/paracherkaoui.ma\/\"},{\"@type\":\"ListItem\",\"position\":2,\"name\":\"Boutique\",\"item\":\"https:\/\/paracherkaoui.ma\/index.php\/boutique\/\"},{\"@type\":\"ListItem\",\"position\":3,\"name\":\"ELCEA COLORATION PERMANENTE 5.54 ACAJOU CUIVRE\"}]},{\"@type\":\"WebSite\",\"@id\":\"https:\/\/paracherkaoui.ma\/#website\",\"url\":\"https:\/\/paracherkaoui.ma\/\",\"name\":\"Paracherkaoui.ma\",\"description\":\"Achetez en ligne sur Paracherkaoui.ma\",\"potentialAction\":[{\"@type\":\"SearchAction\",\"target\":{\"@type\":\"EntryPoint\",\"urlTemplate\":\"https:\/\/paracherkaoui.ma\/?s={search_term_string}\"},\"query-input\":{\"@type\":\"PropertyValueSpecification\",\"valueRequired\":true,\"valueName\":\"search_term_string\"}}],\"inLanguage\":\"fr-FR\"}]}<\/script>\r\n<!-- \/ Yoast SEO plugin. -->","yoast_head_json":{"title":"ELCEA COLORATION PERMANENTE 5.54 ACAJOU CUIVRE - Paracherkaoui.ma","robots":{"index":"index","follow":"follow","max-snippet":"max-snippet:-1","max-image-preview":"max-image-preview:large","max-video-preview":"max-video-preview:-1"},"canonical":"https:\/\/paracherkaoui.ma\/index.php\/produit\/elcea-coloration-permanente-5-54-acajou-cuivre\/","og_locale":"fr_FR","og_type":"article","og_title":"ELCEA COLORATION PERMANENTE 5.54 ACAJOU CUIVRE - Paracherkaoui.ma","og_description":"ELCEA Coloration Experte Acajou Cuivr\u00e9 5.54\u00a0est une coloration permanente au lait d\u2019Hibiscus. Elle permet de couvrir en totalit\u00e9 les cheveux","og_url":"https:\/\/paracherkaoui.ma\/index.php\/produit\/elcea-coloration-permanente-5-54-acajou-cuivre\/","og_site_name":"Paracherkaoui.ma","article_modified_time":"2025-12-12T17:03:39+00:00","og_image":[{"width":700,"height":700,"url":"https:\/\/paracherkaoui.ma\/wp-content\/uploads\/2025\/12\/elcea-elcea-coloration-permanente-554-acajou-cuivre-coloration.jpg","type":"image\/jpeg"}],"twitter_card":"summary_large_image","twitter_misc":{"Dur\u00e9e de lecture estim\u00e9e":"1 minute"},"schema":{"@context":"https:\/\/schema.org","@graph":[{"@type":"WebPage","@id":"https:\/\/paracherkaoui.ma\/index.php\/produit\/elcea-coloration-permanente-5-54-acajou-cuivre\/","url":"https:\/\/paracherkaoui.ma\/index.php\/produit\/elcea-coloration-permanente-5-54-acajou-cuivre\/","name":"ELCEA COLORATION PERMANENTE 5.54 ACAJOU CUIVRE - Paracherkaoui.ma","isPartOf":{"@id":"https:\/\/paracherkaoui.ma\/#website"},"primaryImageOfPage":{"@id":"https:\/\/paracherkaoui.ma\/index.php\/produit\/elcea-coloration-permanente-5-54-acajou-cuivre\/#primaryimage"},"image":{"@id":"https:\/\/paracherkaoui.ma\/index.php\/produit\/elcea-coloration-permanente-5-54-acajou-cuivre\/#primaryimage"},"thumbnailUrl":"https:\/\/paracherkaoui.ma\/wp-content\/uploads\/2025\/12\/elcea-elcea-coloration-permanente-554-acajou-cuivre-coloration.jpg","datePublished":"2025-12-12T17:03:35+00:00","dateModified":"2025-12-12T17:03:39+00:00","breadcrumb":{"@id":"https:\/\/paracherkaoui.ma\/index.php\/produit\/elcea-coloration-permanente-5-54-acajou-cuivre\/#breadcrumb"},"inLanguage":"fr-FR","potentialAction":[{"@type":"ReadAction","target":["https:\/\/paracherkaoui.ma\/index.php\/produit\/elcea-coloration-permanente-5-54-acajou-cuivre\/"]}]},{"@type":"ImageObject","inLanguage":"fr-FR","@id":"https:\/\/paracherkaoui.ma\/index.php\/produit\/elcea-coloration-permanente-5-54-acajou-cuivre\/#primaryimage","url":"https:\/\/paracherkaoui.ma\/wp-content\/uploads\/2025\/12\/elcea-elcea-coloration-permanente-554-acajou-cuivre-coloration.jpg","contentUrl":"https:\/\/paracherkaoui.ma\/wp-content\/uploads\/2025\/12\/elcea-elcea-coloration-permanente-554-acajou-cuivre-coloration.jpg","width":700,"height":700},{"@type":"BreadcrumbList","@id":"https:\/\/paracherkaoui.ma\/index.php\/produit\/elcea-coloration-permanente-5-54-acajou-cuivre\/#breadcrumb","itemListElement":[{"@type":"ListItem","position":1,"name":"Accueil","item":"https:\/\/paracherkaoui.ma\/"},{"@type":"ListItem","position":2,"name":"Boutique","item":"https:\/\/paracherkaoui.ma\/index.php\/boutique\/"},{"@type":"ListItem","position":3,"name":"ELCEA COLORATION PERMANENTE 5.54 ACAJOU CUIVRE"}]},{"@type":"WebSite","@id":"https:\/\/paracherkaoui.ma\/#website","url":"https:\/\/paracherkaoui.ma\/","name":"Paracherkaoui.ma","description":"Achetez en ligne sur Paracherkaoui.ma","potentialAction":[{"@type":"SearchAction","target":{"@type":"EntryPoint","urlTemplate":"https:\/\/paracherkaoui.ma\/?s={search_term_string}"},"query-input":{"@type":"PropertyValueSpecification","valueRequired":true,"valueName":"search_term_string"}}],"inLanguage":"fr-FR"}]}},"_links":{"self":[{"href":"https:\/\/paracherkaoui.ma\/index.php\/wp-json\/wp\/v2\/product\/19669","targetHints":{"allow":["GET"]}}],"collection":[{"href":"https:\/\/paracherkaoui.ma\/index.php\/wp-json\/wp\/v2\/product"}],"about":[{"href":"https:\/\/paracherkaoui.ma\/index.php\/wp-json\/wp\/v2\/types\/product"}],"replies":[{"embeddable":true,"href":"https:\/\/paracherkaoui.ma\/index.php\/wp-json\/wp\/v2\/comments?post=19669"}],"version-history":[{"count":1,"href":"https:\/\/paracherkaoui.ma\/index.php\/wp-json\/wp\/v2\/product\/19669\/revisions"}],"predecessor-version":[{"id":19715,"href":"https:\/\/paracherkaoui.ma\/index.php\/wp-json\/wp\/v2\/product\/19669\/revisions\/19715"}],"wp:featuredmedia":[{"embeddable":true,"href":"https:\/\/paracherkaoui.ma\/index.php\/wp-json\/wp\/v2\/media\/19714"}],"wp:attachment":[{"href":"https:\/\/paracherkaoui.ma\/index.php\/wp-json\/wp\/v2\/media?parent=19669"}],"wp:term":[{"taxonomy":"product_brand","embeddable":true,"href":"https:\/\/paracherkaoui.ma\/index.php\/wp-json\/wp\/v2\/product_brand?post=19669"},{"taxonomy":"product_cat","embeddable":true,"href":"https:\/\/paracherkaoui.ma\/index.php\/wp-json\/wp\/v2\/product_cat?post=19669"},{"taxonomy":"product_tag","embeddable":true,"href":"https:\/\/paracherkaoui.ma\/index.php\/wp-json\/wp\/v2\/product_tag?post=19669"}],"curies":[{"name":"wp","href":"https:\/\/api.w.org\/{rel}","templated":true}]}}