{"id":19665,"date":"2025-12-12T18:03:35","date_gmt":"2025-12-12T17:03:35","guid":{"rendered":"https:\/\/test.ecbeaute.com\/?post_type=product&#038;p=19665"},"modified":"2025-12-12T18:03:38","modified_gmt":"2025-12-12T17:03:38","slug":"biokap-nutricolor-delicato-spray-retouche-noir-75-ml","status":"publish","type":"product","link":"https:\/\/paracherkaoui.ma\/index.php\/produit\/biokap-nutricolor-delicato-spray-retouche-noir-75-ml\/","title":{"rendered":"BIOKAP NUTRICOLOR DELICATO SPRAY RETOUCHE NOIR 75 ML"},"content":{"rendered":"<p>Le spray retouche BioKap permet de conserver une couleur uniforme entre deux colorations. Il allie couverture des racines blanches \u00e0 un soin \u00e0 base d\u2019ingr\u00e9dients d\u2019origine v\u00e9g\u00e9tale. Le complexe TRICOREPAIR contient des prot\u00e9ines de riz \u00e0 l\u2019action restructurante et r\u00e9g\u00e9n\u00e9rante semblable \u00e0 la k\u00e9ratine, un d\u00e9riv\u00e9 de saule qui prot\u00e8ge la couleur des rayons UV et de la d\u00e9coloration et des acides lipophiles de fruits qui prot\u00e8gent le cuir chevelu pendant l\u2019application.L\u2019HUILE D\u2019ARGAN aux propri\u00e9t\u00e9s hydratantes, \u00e9mollientes et protectrices, nourrit les cheveux en profondeur et les rend plus souples et lumineux.Le PANTHENOL, vitamine B5, hydrate et prot\u00e8ge les cheveux. Sans Silicone, Sans Parab\u00e8ne, Parfum sans allerg\u00e8ne, Sans SLS ou SLES. Test\u00e9 au nickel et sous contr\u00f4le dermatologique.<br \/>\nConvient aux vegans.<\/p>\n<p>Conseils d&rsquo;utilisation:<\/p>\n<p>Bien agiter la bouteille. Vaporiser le produit de fa\u00e7on uniforme \u00e0 une distance de 15cm des cheveux. Laisser s\u00e9cher 1 minute.Peigner doucement les cheveux pour un effet plus naturel.Dispara\u00eet au premier shampoing.NE TACHE PAS .<\/p>\n","protected":false},"excerpt":{"rendered":"<p>Le spray retouche BioKap permet de conserver une couleur uniforme entre deux colorations. Il allie couverture des racines blanches \u00e0<\/p>\n","protected":false},"featured_media":19706,"comment_status":"open","ping_status":"closed","template":"","meta":[],"product_brand":[229],"product_cat":[338],"product_tag":[],"class_list":{"0":"post-19665","1":"product","2":"type-product","3":"status-publish","4":"has-post-thumbnail","6":"product_brand-biokap","7":"product_cat-coloration-cheveux","9":"first","10":"instock","11":"sale","12":"shipping-taxable","13":"purchasable","14":"product-type-simple"},"yoast_head":"<!-- This site is optimized with the Yoast SEO plugin v26.6 - https:\/\/yoast.com\/wordpress\/plugins\/seo\/ -->\r\n<title>BIOKAP NUTRICOLOR DELICATO SPRAY RETOUCHE NOIR 75 ML - Paracherkaoui.ma<\/title>\r\n<meta name=\"robots\" content=\"index, follow, max-snippet:-1, max-image-preview:large, max-video-preview:-1\" \/>\r\n<link rel=\"canonical\" href=\"https:\/\/paracherkaoui.ma\/index.php\/produit\/biokap-nutricolor-delicato-spray-retouche-noir-75-ml\/\" \/>\r\n<meta property=\"og:locale\" content=\"fr_FR\" \/>\r\n<meta property=\"og:type\" content=\"article\" \/>\r\n<meta property=\"og:title\" content=\"BIOKAP NUTRICOLOR DELICATO SPRAY RETOUCHE NOIR 75 ML - Paracherkaoui.ma\" \/>\r\n<meta property=\"og:description\" content=\"Le spray retouche BioKap permet de conserver une couleur uniforme entre deux colorations. Il allie couverture des racines blanches \u00e0\" \/>\r\n<meta property=\"og:url\" content=\"https:\/\/paracherkaoui.ma\/index.php\/produit\/biokap-nutricolor-delicato-spray-retouche-noir-75-ml\/\" \/>\r\n<meta property=\"og:site_name\" content=\"Paracherkaoui.ma\" \/>\r\n<meta property=\"article:modified_time\" content=\"2025-12-12T17:03:38+00:00\" \/>\r\n<meta property=\"og:image\" content=\"https:\/\/paracherkaoui.ma\/wp-content\/uploads\/2025\/12\/biokap-biokap-nutricolor-delicato-spray-retouche-noir-75-ml-coloration.jpg\" \/>\r\n\t<meta property=\"og:image:width\" content=\"700\" \/>\r\n\t<meta property=\"og:image:height\" content=\"700\" \/>\r\n\t<meta property=\"og:image:type\" content=\"image\/jpeg\" \/>\r\n<meta name=\"twitter:card\" content=\"summary_large_image\" \/>\r\n<meta name=\"twitter:label1\" content=\"Dur\u00e9e de lecture estim\u00e9e\" \/>\n\t<meta name=\"twitter:data1\" content=\"1 minute\" \/>\r\n<script type=\"application\/ld+json\" class=\"yoast-schema-graph\">{\"@context\":\"https:\/\/schema.org\",\"@graph\":[{\"@type\":\"WebPage\",\"@id\":\"https:\/\/paracherkaoui.ma\/index.php\/produit\/biokap-nutricolor-delicato-spray-retouche-noir-75-ml\/\",\"url\":\"https:\/\/paracherkaoui.ma\/index.php\/produit\/biokap-nutricolor-delicato-spray-retouche-noir-75-ml\/\",\"name\":\"BIOKAP NUTRICOLOR DELICATO SPRAY RETOUCHE NOIR 75 ML - Paracherkaoui.ma\",\"isPartOf\":{\"@id\":\"https:\/\/paracherkaoui.ma\/#website\"},\"primaryImageOfPage\":{\"@id\":\"https:\/\/paracherkaoui.ma\/index.php\/produit\/biokap-nutricolor-delicato-spray-retouche-noir-75-ml\/#primaryimage\"},\"image\":{\"@id\":\"https:\/\/paracherkaoui.ma\/index.php\/produit\/biokap-nutricolor-delicato-spray-retouche-noir-75-ml\/#primaryimage\"},\"thumbnailUrl\":\"https:\/\/paracherkaoui.ma\/wp-content\/uploads\/2025\/12\/biokap-biokap-nutricolor-delicato-spray-retouche-noir-75-ml-coloration.jpg\",\"datePublished\":\"2025-12-12T17:03:35+00:00\",\"dateModified\":\"2025-12-12T17:03:38+00:00\",\"breadcrumb\":{\"@id\":\"https:\/\/paracherkaoui.ma\/index.php\/produit\/biokap-nutricolor-delicato-spray-retouche-noir-75-ml\/#breadcrumb\"},\"inLanguage\":\"fr-FR\",\"potentialAction\":[{\"@type\":\"ReadAction\",\"target\":[\"https:\/\/paracherkaoui.ma\/index.php\/produit\/biokap-nutricolor-delicato-spray-retouche-noir-75-ml\/\"]}]},{\"@type\":\"ImageObject\",\"inLanguage\":\"fr-FR\",\"@id\":\"https:\/\/paracherkaoui.ma\/index.php\/produit\/biokap-nutricolor-delicato-spray-retouche-noir-75-ml\/#primaryimage\",\"url\":\"https:\/\/paracherkaoui.ma\/wp-content\/uploads\/2025\/12\/biokap-biokap-nutricolor-delicato-spray-retouche-noir-75-ml-coloration.jpg\",\"contentUrl\":\"https:\/\/paracherkaoui.ma\/wp-content\/uploads\/2025\/12\/biokap-biokap-nutricolor-delicato-spray-retouche-noir-75-ml-coloration.jpg\",\"width\":700,\"height\":700},{\"@type\":\"BreadcrumbList\",\"@id\":\"https:\/\/paracherkaoui.ma\/index.php\/produit\/biokap-nutricolor-delicato-spray-retouche-noir-75-ml\/#breadcrumb\",\"itemListElement\":[{\"@type\":\"ListItem\",\"position\":1,\"name\":\"Accueil\",\"item\":\"https:\/\/paracherkaoui.ma\/\"},{\"@type\":\"ListItem\",\"position\":2,\"name\":\"Boutique\",\"item\":\"https:\/\/paracherkaoui.ma\/index.php\/boutique\/\"},{\"@type\":\"ListItem\",\"position\":3,\"name\":\"BIOKAP NUTRICOLOR DELICATO SPRAY RETOUCHE NOIR 75 ML\"}]},{\"@type\":\"WebSite\",\"@id\":\"https:\/\/paracherkaoui.ma\/#website\",\"url\":\"https:\/\/paracherkaoui.ma\/\",\"name\":\"Paracherkaoui.ma\",\"description\":\"Achetez en ligne sur Paracherkaoui.ma\",\"potentialAction\":[{\"@type\":\"SearchAction\",\"target\":{\"@type\":\"EntryPoint\",\"urlTemplate\":\"https:\/\/paracherkaoui.ma\/?s={search_term_string}\"},\"query-input\":{\"@type\":\"PropertyValueSpecification\",\"valueRequired\":true,\"valueName\":\"search_term_string\"}}],\"inLanguage\":\"fr-FR\"}]}<\/script>\r\n<!-- \/ Yoast SEO plugin. -->","yoast_head_json":{"title":"BIOKAP NUTRICOLOR DELICATO SPRAY RETOUCHE NOIR 75 ML - Paracherkaoui.ma","robots":{"index":"index","follow":"follow","max-snippet":"max-snippet:-1","max-image-preview":"max-image-preview:large","max-video-preview":"max-video-preview:-1"},"canonical":"https:\/\/paracherkaoui.ma\/index.php\/produit\/biokap-nutricolor-delicato-spray-retouche-noir-75-ml\/","og_locale":"fr_FR","og_type":"article","og_title":"BIOKAP NUTRICOLOR DELICATO SPRAY RETOUCHE NOIR 75 ML - Paracherkaoui.ma","og_description":"Le spray retouche BioKap permet de conserver une couleur uniforme entre deux colorations. Il allie couverture des racines blanches \u00e0","og_url":"https:\/\/paracherkaoui.ma\/index.php\/produit\/biokap-nutricolor-delicato-spray-retouche-noir-75-ml\/","og_site_name":"Paracherkaoui.ma","article_modified_time":"2025-12-12T17:03:38+00:00","og_image":[{"width":700,"height":700,"url":"https:\/\/paracherkaoui.ma\/wp-content\/uploads\/2025\/12\/biokap-biokap-nutricolor-delicato-spray-retouche-noir-75-ml-coloration.jpg","type":"image\/jpeg"}],"twitter_card":"summary_large_image","twitter_misc":{"Dur\u00e9e de lecture estim\u00e9e":"1 minute"},"schema":{"@context":"https:\/\/schema.org","@graph":[{"@type":"WebPage","@id":"https:\/\/paracherkaoui.ma\/index.php\/produit\/biokap-nutricolor-delicato-spray-retouche-noir-75-ml\/","url":"https:\/\/paracherkaoui.ma\/index.php\/produit\/biokap-nutricolor-delicato-spray-retouche-noir-75-ml\/","name":"BIOKAP NUTRICOLOR DELICATO SPRAY RETOUCHE NOIR 75 ML - Paracherkaoui.ma","isPartOf":{"@id":"https:\/\/paracherkaoui.ma\/#website"},"primaryImageOfPage":{"@id":"https:\/\/paracherkaoui.ma\/index.php\/produit\/biokap-nutricolor-delicato-spray-retouche-noir-75-ml\/#primaryimage"},"image":{"@id":"https:\/\/paracherkaoui.ma\/index.php\/produit\/biokap-nutricolor-delicato-spray-retouche-noir-75-ml\/#primaryimage"},"thumbnailUrl":"https:\/\/paracherkaoui.ma\/wp-content\/uploads\/2025\/12\/biokap-biokap-nutricolor-delicato-spray-retouche-noir-75-ml-coloration.jpg","datePublished":"2025-12-12T17:03:35+00:00","dateModified":"2025-12-12T17:03:38+00:00","breadcrumb":{"@id":"https:\/\/paracherkaoui.ma\/index.php\/produit\/biokap-nutricolor-delicato-spray-retouche-noir-75-ml\/#breadcrumb"},"inLanguage":"fr-FR","potentialAction":[{"@type":"ReadAction","target":["https:\/\/paracherkaoui.ma\/index.php\/produit\/biokap-nutricolor-delicato-spray-retouche-noir-75-ml\/"]}]},{"@type":"ImageObject","inLanguage":"fr-FR","@id":"https:\/\/paracherkaoui.ma\/index.php\/produit\/biokap-nutricolor-delicato-spray-retouche-noir-75-ml\/#primaryimage","url":"https:\/\/paracherkaoui.ma\/wp-content\/uploads\/2025\/12\/biokap-biokap-nutricolor-delicato-spray-retouche-noir-75-ml-coloration.jpg","contentUrl":"https:\/\/paracherkaoui.ma\/wp-content\/uploads\/2025\/12\/biokap-biokap-nutricolor-delicato-spray-retouche-noir-75-ml-coloration.jpg","width":700,"height":700},{"@type":"BreadcrumbList","@id":"https:\/\/paracherkaoui.ma\/index.php\/produit\/biokap-nutricolor-delicato-spray-retouche-noir-75-ml\/#breadcrumb","itemListElement":[{"@type":"ListItem","position":1,"name":"Accueil","item":"https:\/\/paracherkaoui.ma\/"},{"@type":"ListItem","position":2,"name":"Boutique","item":"https:\/\/paracherkaoui.ma\/index.php\/boutique\/"},{"@type":"ListItem","position":3,"name":"BIOKAP NUTRICOLOR DELICATO SPRAY RETOUCHE NOIR 75 ML"}]},{"@type":"WebSite","@id":"https:\/\/paracherkaoui.ma\/#website","url":"https:\/\/paracherkaoui.ma\/","name":"Paracherkaoui.ma","description":"Achetez en ligne sur Paracherkaoui.ma","potentialAction":[{"@type":"SearchAction","target":{"@type":"EntryPoint","urlTemplate":"https:\/\/paracherkaoui.ma\/?s={search_term_string}"},"query-input":{"@type":"PropertyValueSpecification","valueRequired":true,"valueName":"search_term_string"}}],"inLanguage":"fr-FR"}]}},"_links":{"self":[{"href":"https:\/\/paracherkaoui.ma\/index.php\/wp-json\/wp\/v2\/product\/19665","targetHints":{"allow":["GET"]}}],"collection":[{"href":"https:\/\/paracherkaoui.ma\/index.php\/wp-json\/wp\/v2\/product"}],"about":[{"href":"https:\/\/paracherkaoui.ma\/index.php\/wp-json\/wp\/v2\/types\/product"}],"replies":[{"embeddable":true,"href":"https:\/\/paracherkaoui.ma\/index.php\/wp-json\/wp\/v2\/comments?post=19665"}],"version-history":[{"count":1,"href":"https:\/\/paracherkaoui.ma\/index.php\/wp-json\/wp\/v2\/product\/19665\/revisions"}],"predecessor-version":[{"id":19707,"href":"https:\/\/paracherkaoui.ma\/index.php\/wp-json\/wp\/v2\/product\/19665\/revisions\/19707"}],"wp:featuredmedia":[{"embeddable":true,"href":"https:\/\/paracherkaoui.ma\/index.php\/wp-json\/wp\/v2\/media\/19706"}],"wp:attachment":[{"href":"https:\/\/paracherkaoui.ma\/index.php\/wp-json\/wp\/v2\/media?parent=19665"}],"wp:term":[{"taxonomy":"product_brand","embeddable":true,"href":"https:\/\/paracherkaoui.ma\/index.php\/wp-json\/wp\/v2\/product_brand?post=19665"},{"taxonomy":"product_cat","embeddable":true,"href":"https:\/\/paracherkaoui.ma\/index.php\/wp-json\/wp\/v2\/product_cat?post=19665"},{"taxonomy":"product_tag","embeddable":true,"href":"https:\/\/paracherkaoui.ma\/index.php\/wp-json\/wp\/v2\/product_tag?post=19665"}],"curies":[{"name":"wp","href":"https:\/\/api.w.org\/{rel}","templated":true}]}}