{"id":19657,"date":"2025-12-12T18:03:35","date_gmt":"2025-12-12T17:03:35","guid":{"rendered":"https:\/\/test.ecbeaute.com\/?post_type=product&#038;p=19657"},"modified":"2025-12-12T18:03:37","modified_gmt":"2025-12-12T17:03:37","slug":"biokap-nutricolor-delicato-2-9-chatain-fonce-chocolat","status":"publish","type":"product","link":"https:\/\/paracherkaoui.ma\/index.php\/produit\/biokap-nutricolor-delicato-2-9-chatain-fonce-chocolat\/","title":{"rendered":"BIOKAP NUTRICOLOR DELICATO 2.9 CHATAIN FONCE CHOCOLAT"},"content":{"rendered":"<p>Les colorations BioKap Nutricolor Delicato conviennent m\u00eame aux cuirs chevelus les plus sensibles. Les ingr\u00e9dients naturels prot\u00e8gent le cuir chevelu, nourrissent et r\u00e9parent les cheveux pendant l\u2019application. Les colorations couvrent les cheveux blancs d\u00e8s la premi\u00e8re application.<\/p>\n","protected":false},"excerpt":{"rendered":"<p>Les colorations BioKap Nutricolor Delicato conviennent m\u00eame aux cuirs chevelus les plus sensibles. Les ingr\u00e9dients naturels prot\u00e8gent le cuir chevelu,<\/p>\n","protected":false},"featured_media":19690,"comment_status":"open","ping_status":"closed","template":"","meta":[],"product_brand":[229],"product_cat":[338],"product_tag":[],"class_list":{"0":"post-19657","1":"product","2":"type-product","3":"status-publish","4":"has-post-thumbnail","6":"product_brand-biokap","7":"product_cat-coloration-cheveux","9":"first","10":"instock","11":"sale","12":"shipping-taxable","13":"purchasable","14":"product-type-simple"},"yoast_head":"<!-- This site is optimized with the Yoast SEO plugin v26.6 - https:\/\/yoast.com\/wordpress\/plugins\/seo\/ -->\r\n<title>BIOKAP NUTRICOLOR DELICATO 2.9 CHATAIN FONCE CHOCOLAT - Paracherkaoui.ma<\/title>\r\n<meta name=\"robots\" content=\"index, follow, max-snippet:-1, max-image-preview:large, max-video-preview:-1\" \/>\r\n<link rel=\"canonical\" href=\"https:\/\/paracherkaoui.ma\/index.php\/produit\/biokap-nutricolor-delicato-2-9-chatain-fonce-chocolat\/\" \/>\r\n<meta property=\"og:locale\" content=\"fr_FR\" \/>\r\n<meta property=\"og:type\" content=\"article\" \/>\r\n<meta property=\"og:title\" content=\"BIOKAP NUTRICOLOR DELICATO 2.9 CHATAIN FONCE CHOCOLAT - Paracherkaoui.ma\" \/>\r\n<meta property=\"og:description\" content=\"Les colorations BioKap Nutricolor Delicato conviennent m\u00eame aux cuirs chevelus les plus sensibles. Les ingr\u00e9dients naturels prot\u00e8gent le cuir chevelu,\" \/>\r\n<meta property=\"og:url\" content=\"https:\/\/paracherkaoui.ma\/index.php\/produit\/biokap-nutricolor-delicato-2-9-chatain-fonce-chocolat\/\" \/>\r\n<meta property=\"og:site_name\" content=\"Paracherkaoui.ma\" \/>\r\n<meta property=\"article:modified_time\" content=\"2025-12-12T17:03:37+00:00\" \/>\r\n<meta property=\"og:image\" content=\"https:\/\/paracherkaoui.ma\/wp-content\/uploads\/2025\/12\/biokap-biokap-nutricolor-delicato-29-chatain-fonce-chocolat-coloration.jpg\" \/>\r\n\t<meta property=\"og:image:width\" content=\"700\" \/>\r\n\t<meta property=\"og:image:height\" content=\"700\" \/>\r\n\t<meta property=\"og:image:type\" content=\"image\/jpeg\" \/>\r\n<meta name=\"twitter:card\" content=\"summary_large_image\" \/>\r\n<script type=\"application\/ld+json\" class=\"yoast-schema-graph\">{\"@context\":\"https:\/\/schema.org\",\"@graph\":[{\"@type\":\"WebPage\",\"@id\":\"https:\/\/paracherkaoui.ma\/index.php\/produit\/biokap-nutricolor-delicato-2-9-chatain-fonce-chocolat\/\",\"url\":\"https:\/\/paracherkaoui.ma\/index.php\/produit\/biokap-nutricolor-delicato-2-9-chatain-fonce-chocolat\/\",\"name\":\"BIOKAP NUTRICOLOR DELICATO 2.9 CHATAIN FONCE CHOCOLAT - Paracherkaoui.ma\",\"isPartOf\":{\"@id\":\"https:\/\/paracherkaoui.ma\/#website\"},\"primaryImageOfPage\":{\"@id\":\"https:\/\/paracherkaoui.ma\/index.php\/produit\/biokap-nutricolor-delicato-2-9-chatain-fonce-chocolat\/#primaryimage\"},\"image\":{\"@id\":\"https:\/\/paracherkaoui.ma\/index.php\/produit\/biokap-nutricolor-delicato-2-9-chatain-fonce-chocolat\/#primaryimage\"},\"thumbnailUrl\":\"https:\/\/paracherkaoui.ma\/wp-content\/uploads\/2025\/12\/biokap-biokap-nutricolor-delicato-29-chatain-fonce-chocolat-coloration.jpg\",\"datePublished\":\"2025-12-12T17:03:35+00:00\",\"dateModified\":\"2025-12-12T17:03:37+00:00\",\"breadcrumb\":{\"@id\":\"https:\/\/paracherkaoui.ma\/index.php\/produit\/biokap-nutricolor-delicato-2-9-chatain-fonce-chocolat\/#breadcrumb\"},\"inLanguage\":\"fr-FR\",\"potentialAction\":[{\"@type\":\"ReadAction\",\"target\":[\"https:\/\/paracherkaoui.ma\/index.php\/produit\/biokap-nutricolor-delicato-2-9-chatain-fonce-chocolat\/\"]}]},{\"@type\":\"ImageObject\",\"inLanguage\":\"fr-FR\",\"@id\":\"https:\/\/paracherkaoui.ma\/index.php\/produit\/biokap-nutricolor-delicato-2-9-chatain-fonce-chocolat\/#primaryimage\",\"url\":\"https:\/\/paracherkaoui.ma\/wp-content\/uploads\/2025\/12\/biokap-biokap-nutricolor-delicato-29-chatain-fonce-chocolat-coloration.jpg\",\"contentUrl\":\"https:\/\/paracherkaoui.ma\/wp-content\/uploads\/2025\/12\/biokap-biokap-nutricolor-delicato-29-chatain-fonce-chocolat-coloration.jpg\",\"width\":700,\"height\":700},{\"@type\":\"BreadcrumbList\",\"@id\":\"https:\/\/paracherkaoui.ma\/index.php\/produit\/biokap-nutricolor-delicato-2-9-chatain-fonce-chocolat\/#breadcrumb\",\"itemListElement\":[{\"@type\":\"ListItem\",\"position\":1,\"name\":\"Accueil\",\"item\":\"https:\/\/paracherkaoui.ma\/\"},{\"@type\":\"ListItem\",\"position\":2,\"name\":\"Boutique\",\"item\":\"https:\/\/paracherkaoui.ma\/index.php\/boutique\/\"},{\"@type\":\"ListItem\",\"position\":3,\"name\":\"BIOKAP NUTRICOLOR DELICATO 2.9 CHATAIN FONCE CHOCOLAT\"}]},{\"@type\":\"WebSite\",\"@id\":\"https:\/\/paracherkaoui.ma\/#website\",\"url\":\"https:\/\/paracherkaoui.ma\/\",\"name\":\"Paracherkaoui.ma\",\"description\":\"Achetez en ligne sur Paracherkaoui.ma\",\"potentialAction\":[{\"@type\":\"SearchAction\",\"target\":{\"@type\":\"EntryPoint\",\"urlTemplate\":\"https:\/\/paracherkaoui.ma\/?s={search_term_string}\"},\"query-input\":{\"@type\":\"PropertyValueSpecification\",\"valueRequired\":true,\"valueName\":\"search_term_string\"}}],\"inLanguage\":\"fr-FR\"}]}<\/script>\r\n<!-- \/ Yoast SEO plugin. -->","yoast_head_json":{"title":"BIOKAP NUTRICOLOR DELICATO 2.9 CHATAIN FONCE CHOCOLAT - Paracherkaoui.ma","robots":{"index":"index","follow":"follow","max-snippet":"max-snippet:-1","max-image-preview":"max-image-preview:large","max-video-preview":"max-video-preview:-1"},"canonical":"https:\/\/paracherkaoui.ma\/index.php\/produit\/biokap-nutricolor-delicato-2-9-chatain-fonce-chocolat\/","og_locale":"fr_FR","og_type":"article","og_title":"BIOKAP NUTRICOLOR DELICATO 2.9 CHATAIN FONCE CHOCOLAT - Paracherkaoui.ma","og_description":"Les colorations BioKap Nutricolor Delicato conviennent m\u00eame aux cuirs chevelus les plus sensibles. Les ingr\u00e9dients naturels prot\u00e8gent le cuir chevelu,","og_url":"https:\/\/paracherkaoui.ma\/index.php\/produit\/biokap-nutricolor-delicato-2-9-chatain-fonce-chocolat\/","og_site_name":"Paracherkaoui.ma","article_modified_time":"2025-12-12T17:03:37+00:00","og_image":[{"width":700,"height":700,"url":"https:\/\/paracherkaoui.ma\/wp-content\/uploads\/2025\/12\/biokap-biokap-nutricolor-delicato-29-chatain-fonce-chocolat-coloration.jpg","type":"image\/jpeg"}],"twitter_card":"summary_large_image","schema":{"@context":"https:\/\/schema.org","@graph":[{"@type":"WebPage","@id":"https:\/\/paracherkaoui.ma\/index.php\/produit\/biokap-nutricolor-delicato-2-9-chatain-fonce-chocolat\/","url":"https:\/\/paracherkaoui.ma\/index.php\/produit\/biokap-nutricolor-delicato-2-9-chatain-fonce-chocolat\/","name":"BIOKAP NUTRICOLOR DELICATO 2.9 CHATAIN FONCE CHOCOLAT - Paracherkaoui.ma","isPartOf":{"@id":"https:\/\/paracherkaoui.ma\/#website"},"primaryImageOfPage":{"@id":"https:\/\/paracherkaoui.ma\/index.php\/produit\/biokap-nutricolor-delicato-2-9-chatain-fonce-chocolat\/#primaryimage"},"image":{"@id":"https:\/\/paracherkaoui.ma\/index.php\/produit\/biokap-nutricolor-delicato-2-9-chatain-fonce-chocolat\/#primaryimage"},"thumbnailUrl":"https:\/\/paracherkaoui.ma\/wp-content\/uploads\/2025\/12\/biokap-biokap-nutricolor-delicato-29-chatain-fonce-chocolat-coloration.jpg","datePublished":"2025-12-12T17:03:35+00:00","dateModified":"2025-12-12T17:03:37+00:00","breadcrumb":{"@id":"https:\/\/paracherkaoui.ma\/index.php\/produit\/biokap-nutricolor-delicato-2-9-chatain-fonce-chocolat\/#breadcrumb"},"inLanguage":"fr-FR","potentialAction":[{"@type":"ReadAction","target":["https:\/\/paracherkaoui.ma\/index.php\/produit\/biokap-nutricolor-delicato-2-9-chatain-fonce-chocolat\/"]}]},{"@type":"ImageObject","inLanguage":"fr-FR","@id":"https:\/\/paracherkaoui.ma\/index.php\/produit\/biokap-nutricolor-delicato-2-9-chatain-fonce-chocolat\/#primaryimage","url":"https:\/\/paracherkaoui.ma\/wp-content\/uploads\/2025\/12\/biokap-biokap-nutricolor-delicato-29-chatain-fonce-chocolat-coloration.jpg","contentUrl":"https:\/\/paracherkaoui.ma\/wp-content\/uploads\/2025\/12\/biokap-biokap-nutricolor-delicato-29-chatain-fonce-chocolat-coloration.jpg","width":700,"height":700},{"@type":"BreadcrumbList","@id":"https:\/\/paracherkaoui.ma\/index.php\/produit\/biokap-nutricolor-delicato-2-9-chatain-fonce-chocolat\/#breadcrumb","itemListElement":[{"@type":"ListItem","position":1,"name":"Accueil","item":"https:\/\/paracherkaoui.ma\/"},{"@type":"ListItem","position":2,"name":"Boutique","item":"https:\/\/paracherkaoui.ma\/index.php\/boutique\/"},{"@type":"ListItem","position":3,"name":"BIOKAP NUTRICOLOR DELICATO 2.9 CHATAIN FONCE CHOCOLAT"}]},{"@type":"WebSite","@id":"https:\/\/paracherkaoui.ma\/#website","url":"https:\/\/paracherkaoui.ma\/","name":"Paracherkaoui.ma","description":"Achetez en ligne sur Paracherkaoui.ma","potentialAction":[{"@type":"SearchAction","target":{"@type":"EntryPoint","urlTemplate":"https:\/\/paracherkaoui.ma\/?s={search_term_string}"},"query-input":{"@type":"PropertyValueSpecification","valueRequired":true,"valueName":"search_term_string"}}],"inLanguage":"fr-FR"}]}},"_links":{"self":[{"href":"https:\/\/paracherkaoui.ma\/index.php\/wp-json\/wp\/v2\/product\/19657","targetHints":{"allow":["GET"]}}],"collection":[{"href":"https:\/\/paracherkaoui.ma\/index.php\/wp-json\/wp\/v2\/product"}],"about":[{"href":"https:\/\/paracherkaoui.ma\/index.php\/wp-json\/wp\/v2\/types\/product"}],"replies":[{"embeddable":true,"href":"https:\/\/paracherkaoui.ma\/index.php\/wp-json\/wp\/v2\/comments?post=19657"}],"version-history":[{"count":1,"href":"https:\/\/paracherkaoui.ma\/index.php\/wp-json\/wp\/v2\/product\/19657\/revisions"}],"predecessor-version":[{"id":19691,"href":"https:\/\/paracherkaoui.ma\/index.php\/wp-json\/wp\/v2\/product\/19657\/revisions\/19691"}],"wp:featuredmedia":[{"embeddable":true,"href":"https:\/\/paracherkaoui.ma\/index.php\/wp-json\/wp\/v2\/media\/19690"}],"wp:attachment":[{"href":"https:\/\/paracherkaoui.ma\/index.php\/wp-json\/wp\/v2\/media?parent=19657"}],"wp:term":[{"taxonomy":"product_brand","embeddable":true,"href":"https:\/\/paracherkaoui.ma\/index.php\/wp-json\/wp\/v2\/product_brand?post=19657"},{"taxonomy":"product_cat","embeddable":true,"href":"https:\/\/paracherkaoui.ma\/index.php\/wp-json\/wp\/v2\/product_cat?post=19657"},{"taxonomy":"product_tag","embeddable":true,"href":"https:\/\/paracherkaoui.ma\/index.php\/wp-json\/wp\/v2\/product_tag?post=19657"}],"curies":[{"name":"wp","href":"https:\/\/api.w.org\/{rel}","templated":true}]}}