{"id":19655,"date":"2025-12-12T18:03:34","date_gmt":"2025-12-12T17:03:34","guid":{"rendered":"https:\/\/test.ecbeaute.com\/?post_type=product&#038;p=19655"},"modified":"2025-12-12T18:03:36","modified_gmt":"2025-12-12T17:03:36","slug":"elcea-coloration-permanante-5-chatain-claire","status":"publish","type":"product","link":"https:\/\/paracherkaoui.ma\/index.php\/produit\/elcea-coloration-permanante-5-chatain-claire\/","title":{"rendered":"ELCEA COLORATION PERMANANTE 5 CHATAIN CLAIRE"},"content":{"rendered":"<p>Elcea coloration experte, une coloration formul\u00e9e, sans amoniaque, sans paraben, sans r\u00e9sorcine, en outre et sans ph\u00e9nyl\u00e8nediamique (PPD).<br \/>\nCette coloration permanente couvre la totalit\u00e9 des cheveux blancs d\u00e8s la premi\u00e8re application tout en respectant la nature du cheveux.<br \/>\nDes cheveux \u00e9clatants des sant\u00e9, agr\u00e9ablement parfum\u00e9, le soin revitalisant a \u00e9t\u00e9 sp\u00e9cificiquement formul\u00e9 pour r\u00e9g\u00e9n\u00e9rer vos cheveux et rendre la couleur encore plus resplendissante.<br \/>\nElcea coloration experte, une coloration formul\u00e9e, en outre sans amoniaque, sans paraben, sans r\u00e9sorcine, et sans ph\u00e9nyl\u00e8nediamique (PPD).<\/p>\n","protected":false},"excerpt":{"rendered":"<p>Elcea coloration experte, une coloration formul\u00e9e, sans amoniaque, sans paraben, sans r\u00e9sorcine, en outre et sans ph\u00e9nyl\u00e8nediamique (PPD). Cette coloration<\/p>\n","protected":false},"featured_media":19686,"comment_status":"open","ping_status":"closed","template":"","meta":[],"product_brand":[344],"product_cat":[338],"product_tag":[],"class_list":{"0":"post-19655","1":"product","2":"type-product","3":"status-publish","4":"has-post-thumbnail","6":"product_brand-elcea","7":"product_cat-coloration-cheveux","9":"first","10":"instock","11":"sale","12":"shipping-taxable","13":"purchasable","14":"product-type-simple"},"yoast_head":"<!-- This site is optimized with the Yoast SEO plugin v26.6 - https:\/\/yoast.com\/wordpress\/plugins\/seo\/ -->\r\n<title>ELCEA COLORATION PERMANANTE 5 CHATAIN CLAIRE - Paracherkaoui.ma<\/title>\r\n<meta name=\"robots\" content=\"index, follow, max-snippet:-1, max-image-preview:large, max-video-preview:-1\" \/>\r\n<link rel=\"canonical\" href=\"https:\/\/paracherkaoui.ma\/index.php\/produit\/elcea-coloration-permanante-5-chatain-claire\/\" \/>\r\n<meta property=\"og:locale\" content=\"fr_FR\" \/>\r\n<meta property=\"og:type\" content=\"article\" \/>\r\n<meta property=\"og:title\" content=\"ELCEA COLORATION PERMANANTE 5 CHATAIN CLAIRE - Paracherkaoui.ma\" \/>\r\n<meta property=\"og:description\" content=\"Elcea coloration experte, une coloration formul\u00e9e, sans amoniaque, sans paraben, sans r\u00e9sorcine, en outre et sans ph\u00e9nyl\u00e8nediamique (PPD). Cette coloration\" \/>\r\n<meta property=\"og:url\" content=\"https:\/\/paracherkaoui.ma\/index.php\/produit\/elcea-coloration-permanante-5-chatain-claire\/\" \/>\r\n<meta property=\"og:site_name\" content=\"Paracherkaoui.ma\" \/>\r\n<meta property=\"article:modified_time\" content=\"2025-12-12T17:03:36+00:00\" \/>\r\n<meta property=\"og:image\" content=\"https:\/\/paracherkaoui.ma\/wp-content\/uploads\/2025\/12\/elcea-elcea-coloration-permanante-5-chatain-claire-coloration.jpg\" \/>\r\n\t<meta property=\"og:image:width\" content=\"700\" \/>\r\n\t<meta property=\"og:image:height\" content=\"700\" \/>\r\n\t<meta property=\"og:image:type\" content=\"image\/jpeg\" \/>\r\n<meta name=\"twitter:card\" content=\"summary_large_image\" \/>\r\n<script type=\"application\/ld+json\" class=\"yoast-schema-graph\">{\"@context\":\"https:\/\/schema.org\",\"@graph\":[{\"@type\":\"WebPage\",\"@id\":\"https:\/\/paracherkaoui.ma\/index.php\/produit\/elcea-coloration-permanante-5-chatain-claire\/\",\"url\":\"https:\/\/paracherkaoui.ma\/index.php\/produit\/elcea-coloration-permanante-5-chatain-claire\/\",\"name\":\"ELCEA COLORATION PERMANANTE 5 CHATAIN CLAIRE - Paracherkaoui.ma\",\"isPartOf\":{\"@id\":\"https:\/\/paracherkaoui.ma\/#website\"},\"primaryImageOfPage\":{\"@id\":\"https:\/\/paracherkaoui.ma\/index.php\/produit\/elcea-coloration-permanante-5-chatain-claire\/#primaryimage\"},\"image\":{\"@id\":\"https:\/\/paracherkaoui.ma\/index.php\/produit\/elcea-coloration-permanante-5-chatain-claire\/#primaryimage\"},\"thumbnailUrl\":\"https:\/\/paracherkaoui.ma\/wp-content\/uploads\/2025\/12\/elcea-elcea-coloration-permanante-5-chatain-claire-coloration.jpg\",\"datePublished\":\"2025-12-12T17:03:34+00:00\",\"dateModified\":\"2025-12-12T17:03:36+00:00\",\"breadcrumb\":{\"@id\":\"https:\/\/paracherkaoui.ma\/index.php\/produit\/elcea-coloration-permanante-5-chatain-claire\/#breadcrumb\"},\"inLanguage\":\"fr-FR\",\"potentialAction\":[{\"@type\":\"ReadAction\",\"target\":[\"https:\/\/paracherkaoui.ma\/index.php\/produit\/elcea-coloration-permanante-5-chatain-claire\/\"]}]},{\"@type\":\"ImageObject\",\"inLanguage\":\"fr-FR\",\"@id\":\"https:\/\/paracherkaoui.ma\/index.php\/produit\/elcea-coloration-permanante-5-chatain-claire\/#primaryimage\",\"url\":\"https:\/\/paracherkaoui.ma\/wp-content\/uploads\/2025\/12\/elcea-elcea-coloration-permanante-5-chatain-claire-coloration.jpg\",\"contentUrl\":\"https:\/\/paracherkaoui.ma\/wp-content\/uploads\/2025\/12\/elcea-elcea-coloration-permanante-5-chatain-claire-coloration.jpg\",\"width\":700,\"height\":700},{\"@type\":\"BreadcrumbList\",\"@id\":\"https:\/\/paracherkaoui.ma\/index.php\/produit\/elcea-coloration-permanante-5-chatain-claire\/#breadcrumb\",\"itemListElement\":[{\"@type\":\"ListItem\",\"position\":1,\"name\":\"Accueil\",\"item\":\"https:\/\/paracherkaoui.ma\/\"},{\"@type\":\"ListItem\",\"position\":2,\"name\":\"Boutique\",\"item\":\"https:\/\/paracherkaoui.ma\/index.php\/boutique\/\"},{\"@type\":\"ListItem\",\"position\":3,\"name\":\"ELCEA COLORATION PERMANANTE 5 CHATAIN CLAIRE\"}]},{\"@type\":\"WebSite\",\"@id\":\"https:\/\/paracherkaoui.ma\/#website\",\"url\":\"https:\/\/paracherkaoui.ma\/\",\"name\":\"Paracherkaoui.ma\",\"description\":\"Achetez en ligne sur Paracherkaoui.ma\",\"potentialAction\":[{\"@type\":\"SearchAction\",\"target\":{\"@type\":\"EntryPoint\",\"urlTemplate\":\"https:\/\/paracherkaoui.ma\/?s={search_term_string}\"},\"query-input\":{\"@type\":\"PropertyValueSpecification\",\"valueRequired\":true,\"valueName\":\"search_term_string\"}}],\"inLanguage\":\"fr-FR\"}]}<\/script>\r\n<!-- \/ Yoast SEO plugin. -->","yoast_head_json":{"title":"ELCEA COLORATION PERMANANTE 5 CHATAIN CLAIRE - Paracherkaoui.ma","robots":{"index":"index","follow":"follow","max-snippet":"max-snippet:-1","max-image-preview":"max-image-preview:large","max-video-preview":"max-video-preview:-1"},"canonical":"https:\/\/paracherkaoui.ma\/index.php\/produit\/elcea-coloration-permanante-5-chatain-claire\/","og_locale":"fr_FR","og_type":"article","og_title":"ELCEA COLORATION PERMANANTE 5 CHATAIN CLAIRE - Paracherkaoui.ma","og_description":"Elcea coloration experte, une coloration formul\u00e9e, sans amoniaque, sans paraben, sans r\u00e9sorcine, en outre et sans ph\u00e9nyl\u00e8nediamique (PPD). Cette coloration","og_url":"https:\/\/paracherkaoui.ma\/index.php\/produit\/elcea-coloration-permanante-5-chatain-claire\/","og_site_name":"Paracherkaoui.ma","article_modified_time":"2025-12-12T17:03:36+00:00","og_image":[{"width":700,"height":700,"url":"https:\/\/paracherkaoui.ma\/wp-content\/uploads\/2025\/12\/elcea-elcea-coloration-permanante-5-chatain-claire-coloration.jpg","type":"image\/jpeg"}],"twitter_card":"summary_large_image","schema":{"@context":"https:\/\/schema.org","@graph":[{"@type":"WebPage","@id":"https:\/\/paracherkaoui.ma\/index.php\/produit\/elcea-coloration-permanante-5-chatain-claire\/","url":"https:\/\/paracherkaoui.ma\/index.php\/produit\/elcea-coloration-permanante-5-chatain-claire\/","name":"ELCEA COLORATION PERMANANTE 5 CHATAIN CLAIRE - Paracherkaoui.ma","isPartOf":{"@id":"https:\/\/paracherkaoui.ma\/#website"},"primaryImageOfPage":{"@id":"https:\/\/paracherkaoui.ma\/index.php\/produit\/elcea-coloration-permanante-5-chatain-claire\/#primaryimage"},"image":{"@id":"https:\/\/paracherkaoui.ma\/index.php\/produit\/elcea-coloration-permanante-5-chatain-claire\/#primaryimage"},"thumbnailUrl":"https:\/\/paracherkaoui.ma\/wp-content\/uploads\/2025\/12\/elcea-elcea-coloration-permanante-5-chatain-claire-coloration.jpg","datePublished":"2025-12-12T17:03:34+00:00","dateModified":"2025-12-12T17:03:36+00:00","breadcrumb":{"@id":"https:\/\/paracherkaoui.ma\/index.php\/produit\/elcea-coloration-permanante-5-chatain-claire\/#breadcrumb"},"inLanguage":"fr-FR","potentialAction":[{"@type":"ReadAction","target":["https:\/\/paracherkaoui.ma\/index.php\/produit\/elcea-coloration-permanante-5-chatain-claire\/"]}]},{"@type":"ImageObject","inLanguage":"fr-FR","@id":"https:\/\/paracherkaoui.ma\/index.php\/produit\/elcea-coloration-permanante-5-chatain-claire\/#primaryimage","url":"https:\/\/paracherkaoui.ma\/wp-content\/uploads\/2025\/12\/elcea-elcea-coloration-permanante-5-chatain-claire-coloration.jpg","contentUrl":"https:\/\/paracherkaoui.ma\/wp-content\/uploads\/2025\/12\/elcea-elcea-coloration-permanante-5-chatain-claire-coloration.jpg","width":700,"height":700},{"@type":"BreadcrumbList","@id":"https:\/\/paracherkaoui.ma\/index.php\/produit\/elcea-coloration-permanante-5-chatain-claire\/#breadcrumb","itemListElement":[{"@type":"ListItem","position":1,"name":"Accueil","item":"https:\/\/paracherkaoui.ma\/"},{"@type":"ListItem","position":2,"name":"Boutique","item":"https:\/\/paracherkaoui.ma\/index.php\/boutique\/"},{"@type":"ListItem","position":3,"name":"ELCEA COLORATION PERMANANTE 5 CHATAIN CLAIRE"}]},{"@type":"WebSite","@id":"https:\/\/paracherkaoui.ma\/#website","url":"https:\/\/paracherkaoui.ma\/","name":"Paracherkaoui.ma","description":"Achetez en ligne sur Paracherkaoui.ma","potentialAction":[{"@type":"SearchAction","target":{"@type":"EntryPoint","urlTemplate":"https:\/\/paracherkaoui.ma\/?s={search_term_string}"},"query-input":{"@type":"PropertyValueSpecification","valueRequired":true,"valueName":"search_term_string"}}],"inLanguage":"fr-FR"}]}},"_links":{"self":[{"href":"https:\/\/paracherkaoui.ma\/index.php\/wp-json\/wp\/v2\/product\/19655","targetHints":{"allow":["GET"]}}],"collection":[{"href":"https:\/\/paracherkaoui.ma\/index.php\/wp-json\/wp\/v2\/product"}],"about":[{"href":"https:\/\/paracherkaoui.ma\/index.php\/wp-json\/wp\/v2\/types\/product"}],"replies":[{"embeddable":true,"href":"https:\/\/paracherkaoui.ma\/index.php\/wp-json\/wp\/v2\/comments?post=19655"}],"version-history":[{"count":1,"href":"https:\/\/paracherkaoui.ma\/index.php\/wp-json\/wp\/v2\/product\/19655\/revisions"}],"predecessor-version":[{"id":19687,"href":"https:\/\/paracherkaoui.ma\/index.php\/wp-json\/wp\/v2\/product\/19655\/revisions\/19687"}],"wp:featuredmedia":[{"embeddable":true,"href":"https:\/\/paracherkaoui.ma\/index.php\/wp-json\/wp\/v2\/media\/19686"}],"wp:attachment":[{"href":"https:\/\/paracherkaoui.ma\/index.php\/wp-json\/wp\/v2\/media?parent=19655"}],"wp:term":[{"taxonomy":"product_brand","embeddable":true,"href":"https:\/\/paracherkaoui.ma\/index.php\/wp-json\/wp\/v2\/product_brand?post=19655"},{"taxonomy":"product_cat","embeddable":true,"href":"https:\/\/paracherkaoui.ma\/index.php\/wp-json\/wp\/v2\/product_cat?post=19655"},{"taxonomy":"product_tag","embeddable":true,"href":"https:\/\/paracherkaoui.ma\/index.php\/wp-json\/wp\/v2\/product_tag?post=19655"}],"curies":[{"name":"wp","href":"https:\/\/api.w.org\/{rel}","templated":true}]}}