{"id":19578,"date":"2025-12-12T18:03:27","date_gmt":"2025-12-12T17:03:27","guid":{"rendered":"https:\/\/test.ecbeaute.com\/?post_type=product&#038;p=19578"},"modified":"2026-04-13T07:42:30","modified_gmt":"2026-04-13T05:42:30","slug":"3-chenes-color-et-soin-coloration-permanente-10-n-blond-patine-135-ml","status":"publish","type":"product","link":"https:\/\/paracherkaoui.ma\/index.php\/produit\/3-chenes-color-et-soin-coloration-permanente-10-n-blond-patine-135-ml\/","title":{"rendered":"3 CHENES COLOR ET SOIN COLORATION PERMANENTE 10 N BLOND PATINE 135 ML"},"content":{"rendered":"<p>Color &#038; Soin est une coloration permanente qui couvre 100% des cheveux blancs d\u00e8s la premi\u00e8re application, pr\u00e9serve et prend soin de la chevelure. Test\u00e9e sous contr\u00f4le dermatologique, elle respecte la nature des cheveux, minimisant ainsi les risques d\u2019irritation et d\u2019allergie. De plus, gr\u00e2ce aux prot\u00e9ines v\u00e9g\u00e9tales et huiles essentielles qu\u2019elle contient, Color &#038; Soin stimule l\u2019\u00e9clat, le volume et la souplesse des cheveux.<br \/>\nEtui contenant :<br \/>\n\u2013 un flacon de 60 mL de teinture aux extraits v\u00e9g\u00e9taux<br \/>\n\u2013 un flacon de 60 mL de fixateur<br \/>\n\u2013 un sachet de 15 mL de baume capillaire<br \/>\n\u2013 une paire de gants protecteurs<br \/>\n\u2013 une notice explicative<br \/>\nConseils d&rsquo;utilisation:<\/p>\n<p>1- Verser le contenu de la Teinture Color &#038; Soin dans le flacon Fixateur de couleur, bien agiter pendant 2 minutes puis retirer le bouchon de l\u2019embout applicateur.<br \/>\n2- Appliquer imm\u00e9diatement la totalit\u00e9 du m\u00e9lange.<br \/>\n3- Laisser agir 20 minutes. Verser un peu d\u2019eau ti\u00e8de sur vos cheveux et malaxer l\u00e9g\u00e8rement. Rincer abondamment puis laver vos cheveux avec un shampooing doux.<\/p>\n","protected":false},"excerpt":{"rendered":"<p>Color &#038; Soin est une coloration permanente qui couvre 100% des cheveux blancs d\u00e8s la premi\u00e8re application, pr\u00e9serve et prend<\/p>\n","protected":false},"featured_media":19622,"comment_status":"open","ping_status":"closed","template":"","meta":[],"product_brand":[340],"product_cat":[338],"product_tag":[],"class_list":{"0":"post-19578","1":"product","2":"type-product","3":"status-publish","4":"has-post-thumbnail","6":"product_brand-3-chenes-color","7":"product_cat-coloration-cheveux","9":"first","10":"instock","11":"sale","12":"shipping-taxable","13":"purchasable","14":"product-type-simple"},"yoast_head":"<!-- This site is optimized with the Yoast SEO plugin v26.6 - https:\/\/yoast.com\/wordpress\/plugins\/seo\/ -->\r\n<title>3 CHENES COLOR ET SOIN COLORATION PERMANENTE 10 N BLOND PATINE 135 ML - Paracherkaoui.ma<\/title>\r\n<meta name=\"robots\" content=\"index, follow, max-snippet:-1, max-image-preview:large, max-video-preview:-1\" \/>\r\n<link rel=\"canonical\" href=\"https:\/\/paracherkaoui.ma\/index.php\/produit\/3-chenes-color-et-soin-coloration-permanente-10-n-blond-patine-135-ml\/\" \/>\r\n<meta property=\"og:locale\" content=\"fr_FR\" \/>\r\n<meta property=\"og:type\" content=\"article\" \/>\r\n<meta property=\"og:title\" content=\"3 CHENES COLOR ET SOIN COLORATION PERMANENTE 10 N BLOND PATINE 135 ML - Paracherkaoui.ma\" \/>\r\n<meta property=\"og:description\" content=\"Color &#038; Soin est une coloration permanente qui couvre 100% des cheveux blancs d\u00e8s la premi\u00e8re application, pr\u00e9serve et prend\" \/>\r\n<meta property=\"og:url\" content=\"https:\/\/paracherkaoui.ma\/index.php\/produit\/3-chenes-color-et-soin-coloration-permanente-10-n-blond-patine-135-ml\/\" \/>\r\n<meta property=\"og:site_name\" content=\"Paracherkaoui.ma\" \/>\r\n<meta property=\"article:modified_time\" content=\"2026-04-13T05:42:30+00:00\" \/>\r\n<meta property=\"og:image\" content=\"https:\/\/paracherkaoui.ma\/wp-content\/uploads\/2025\/12\/3-chenes-color-3-chenes-color-et-soin-coloration-permanente-10-n-blond-patine-135-ml-coloration.jpg\" \/>\r\n\t<meta property=\"og:image:width\" content=\"700\" \/>\r\n\t<meta property=\"og:image:height\" content=\"700\" \/>\r\n\t<meta property=\"og:image:type\" content=\"image\/jpeg\" \/>\r\n<meta name=\"twitter:card\" content=\"summary_large_image\" \/>\r\n<meta name=\"twitter:label1\" content=\"Dur\u00e9e de lecture estim\u00e9e\" \/>\n\t<meta name=\"twitter:data1\" content=\"1 minute\" \/>\r\n<script type=\"application\/ld+json\" class=\"yoast-schema-graph\">{\"@context\":\"https:\/\/schema.org\",\"@graph\":[{\"@type\":\"WebPage\",\"@id\":\"https:\/\/paracherkaoui.ma\/index.php\/produit\/3-chenes-color-et-soin-coloration-permanente-10-n-blond-patine-135-ml\/\",\"url\":\"https:\/\/paracherkaoui.ma\/index.php\/produit\/3-chenes-color-et-soin-coloration-permanente-10-n-blond-patine-135-ml\/\",\"name\":\"3 CHENES COLOR ET SOIN COLORATION PERMANENTE 10 N BLOND PATINE 135 ML - Paracherkaoui.ma\",\"isPartOf\":{\"@id\":\"https:\/\/paracherkaoui.ma\/#website\"},\"primaryImageOfPage\":{\"@id\":\"https:\/\/paracherkaoui.ma\/index.php\/produit\/3-chenes-color-et-soin-coloration-permanente-10-n-blond-patine-135-ml\/#primaryimage\"},\"image\":{\"@id\":\"https:\/\/paracherkaoui.ma\/index.php\/produit\/3-chenes-color-et-soin-coloration-permanente-10-n-blond-patine-135-ml\/#primaryimage\"},\"thumbnailUrl\":\"https:\/\/paracherkaoui.ma\/wp-content\/uploads\/2025\/12\/3-chenes-color-3-chenes-color-et-soin-coloration-permanente-10-n-blond-patine-135-ml-coloration.jpg\",\"datePublished\":\"2025-12-12T17:03:27+00:00\",\"dateModified\":\"2026-04-13T05:42:30+00:00\",\"breadcrumb\":{\"@id\":\"https:\/\/paracherkaoui.ma\/index.php\/produit\/3-chenes-color-et-soin-coloration-permanente-10-n-blond-patine-135-ml\/#breadcrumb\"},\"inLanguage\":\"fr-FR\",\"potentialAction\":[{\"@type\":\"ReadAction\",\"target\":[\"https:\/\/paracherkaoui.ma\/index.php\/produit\/3-chenes-color-et-soin-coloration-permanente-10-n-blond-patine-135-ml\/\"]}]},{\"@type\":\"ImageObject\",\"inLanguage\":\"fr-FR\",\"@id\":\"https:\/\/paracherkaoui.ma\/index.php\/produit\/3-chenes-color-et-soin-coloration-permanente-10-n-blond-patine-135-ml\/#primaryimage\",\"url\":\"https:\/\/paracherkaoui.ma\/wp-content\/uploads\/2025\/12\/3-chenes-color-3-chenes-color-et-soin-coloration-permanente-10-n-blond-patine-135-ml-coloration.jpg\",\"contentUrl\":\"https:\/\/paracherkaoui.ma\/wp-content\/uploads\/2025\/12\/3-chenes-color-3-chenes-color-et-soin-coloration-permanente-10-n-blond-patine-135-ml-coloration.jpg\",\"width\":700,\"height\":700},{\"@type\":\"BreadcrumbList\",\"@id\":\"https:\/\/paracherkaoui.ma\/index.php\/produit\/3-chenes-color-et-soin-coloration-permanente-10-n-blond-patine-135-ml\/#breadcrumb\",\"itemListElement\":[{\"@type\":\"ListItem\",\"position\":1,\"name\":\"Accueil\",\"item\":\"https:\/\/paracherkaoui.ma\/\"},{\"@type\":\"ListItem\",\"position\":2,\"name\":\"Boutique\",\"item\":\"https:\/\/paracherkaoui.ma\/index.php\/boutique\/\"},{\"@type\":\"ListItem\",\"position\":3,\"name\":\"3 CHENES COLOR ET SOIN COLORATION PERMANENTE 10 N BLOND PATINE 135 ML\"}]},{\"@type\":\"WebSite\",\"@id\":\"https:\/\/paracherkaoui.ma\/#website\",\"url\":\"https:\/\/paracherkaoui.ma\/\",\"name\":\"Paracherkaoui.ma\",\"description\":\"Achetez en ligne sur Paracherkaoui.ma\",\"potentialAction\":[{\"@type\":\"SearchAction\",\"target\":{\"@type\":\"EntryPoint\",\"urlTemplate\":\"https:\/\/paracherkaoui.ma\/?s={search_term_string}\"},\"query-input\":{\"@type\":\"PropertyValueSpecification\",\"valueRequired\":true,\"valueName\":\"search_term_string\"}}],\"inLanguage\":\"fr-FR\"}]}<\/script>\r\n<!-- \/ Yoast SEO plugin. -->","yoast_head_json":{"title":"3 CHENES COLOR ET SOIN COLORATION PERMANENTE 10 N BLOND PATINE 135 ML - Paracherkaoui.ma","robots":{"index":"index","follow":"follow","max-snippet":"max-snippet:-1","max-image-preview":"max-image-preview:large","max-video-preview":"max-video-preview:-1"},"canonical":"https:\/\/paracherkaoui.ma\/index.php\/produit\/3-chenes-color-et-soin-coloration-permanente-10-n-blond-patine-135-ml\/","og_locale":"fr_FR","og_type":"article","og_title":"3 CHENES COLOR ET SOIN COLORATION PERMANENTE 10 N BLOND PATINE 135 ML - Paracherkaoui.ma","og_description":"Color &#038; Soin est une coloration permanente qui couvre 100% des cheveux blancs d\u00e8s la premi\u00e8re application, pr\u00e9serve et prend","og_url":"https:\/\/paracherkaoui.ma\/index.php\/produit\/3-chenes-color-et-soin-coloration-permanente-10-n-blond-patine-135-ml\/","og_site_name":"Paracherkaoui.ma","article_modified_time":"2026-04-13T05:42:30+00:00","og_image":[{"width":700,"height":700,"url":"https:\/\/paracherkaoui.ma\/wp-content\/uploads\/2025\/12\/3-chenes-color-3-chenes-color-et-soin-coloration-permanente-10-n-blond-patine-135-ml-coloration.jpg","type":"image\/jpeg"}],"twitter_card":"summary_large_image","twitter_misc":{"Dur\u00e9e de lecture estim\u00e9e":"1 minute"},"schema":{"@context":"https:\/\/schema.org","@graph":[{"@type":"WebPage","@id":"https:\/\/paracherkaoui.ma\/index.php\/produit\/3-chenes-color-et-soin-coloration-permanente-10-n-blond-patine-135-ml\/","url":"https:\/\/paracherkaoui.ma\/index.php\/produit\/3-chenes-color-et-soin-coloration-permanente-10-n-blond-patine-135-ml\/","name":"3 CHENES COLOR ET SOIN COLORATION PERMANENTE 10 N BLOND PATINE 135 ML - Paracherkaoui.ma","isPartOf":{"@id":"https:\/\/paracherkaoui.ma\/#website"},"primaryImageOfPage":{"@id":"https:\/\/paracherkaoui.ma\/index.php\/produit\/3-chenes-color-et-soin-coloration-permanente-10-n-blond-patine-135-ml\/#primaryimage"},"image":{"@id":"https:\/\/paracherkaoui.ma\/index.php\/produit\/3-chenes-color-et-soin-coloration-permanente-10-n-blond-patine-135-ml\/#primaryimage"},"thumbnailUrl":"https:\/\/paracherkaoui.ma\/wp-content\/uploads\/2025\/12\/3-chenes-color-3-chenes-color-et-soin-coloration-permanente-10-n-blond-patine-135-ml-coloration.jpg","datePublished":"2025-12-12T17:03:27+00:00","dateModified":"2026-04-13T05:42:30+00:00","breadcrumb":{"@id":"https:\/\/paracherkaoui.ma\/index.php\/produit\/3-chenes-color-et-soin-coloration-permanente-10-n-blond-patine-135-ml\/#breadcrumb"},"inLanguage":"fr-FR","potentialAction":[{"@type":"ReadAction","target":["https:\/\/paracherkaoui.ma\/index.php\/produit\/3-chenes-color-et-soin-coloration-permanente-10-n-blond-patine-135-ml\/"]}]},{"@type":"ImageObject","inLanguage":"fr-FR","@id":"https:\/\/paracherkaoui.ma\/index.php\/produit\/3-chenes-color-et-soin-coloration-permanente-10-n-blond-patine-135-ml\/#primaryimage","url":"https:\/\/paracherkaoui.ma\/wp-content\/uploads\/2025\/12\/3-chenes-color-3-chenes-color-et-soin-coloration-permanente-10-n-blond-patine-135-ml-coloration.jpg","contentUrl":"https:\/\/paracherkaoui.ma\/wp-content\/uploads\/2025\/12\/3-chenes-color-3-chenes-color-et-soin-coloration-permanente-10-n-blond-patine-135-ml-coloration.jpg","width":700,"height":700},{"@type":"BreadcrumbList","@id":"https:\/\/paracherkaoui.ma\/index.php\/produit\/3-chenes-color-et-soin-coloration-permanente-10-n-blond-patine-135-ml\/#breadcrumb","itemListElement":[{"@type":"ListItem","position":1,"name":"Accueil","item":"https:\/\/paracherkaoui.ma\/"},{"@type":"ListItem","position":2,"name":"Boutique","item":"https:\/\/paracherkaoui.ma\/index.php\/boutique\/"},{"@type":"ListItem","position":3,"name":"3 CHENES COLOR ET SOIN COLORATION PERMANENTE 10 N BLOND PATINE 135 ML"}]},{"@type":"WebSite","@id":"https:\/\/paracherkaoui.ma\/#website","url":"https:\/\/paracherkaoui.ma\/","name":"Paracherkaoui.ma","description":"Achetez en ligne sur Paracherkaoui.ma","potentialAction":[{"@type":"SearchAction","target":{"@type":"EntryPoint","urlTemplate":"https:\/\/paracherkaoui.ma\/?s={search_term_string}"},"query-input":{"@type":"PropertyValueSpecification","valueRequired":true,"valueName":"search_term_string"}}],"inLanguage":"fr-FR"}]}},"_links":{"self":[{"href":"https:\/\/paracherkaoui.ma\/index.php\/wp-json\/wp\/v2\/product\/19578","targetHints":{"allow":["GET"]}}],"collection":[{"href":"https:\/\/paracherkaoui.ma\/index.php\/wp-json\/wp\/v2\/product"}],"about":[{"href":"https:\/\/paracherkaoui.ma\/index.php\/wp-json\/wp\/v2\/types\/product"}],"replies":[{"embeddable":true,"href":"https:\/\/paracherkaoui.ma\/index.php\/wp-json\/wp\/v2\/comments?post=19578"}],"version-history":[{"count":1,"href":"https:\/\/paracherkaoui.ma\/index.php\/wp-json\/wp\/v2\/product\/19578\/revisions"}],"predecessor-version":[{"id":19623,"href":"https:\/\/paracherkaoui.ma\/index.php\/wp-json\/wp\/v2\/product\/19578\/revisions\/19623"}],"wp:featuredmedia":[{"embeddable":true,"href":"https:\/\/paracherkaoui.ma\/index.php\/wp-json\/wp\/v2\/media\/19622"}],"wp:attachment":[{"href":"https:\/\/paracherkaoui.ma\/index.php\/wp-json\/wp\/v2\/media?parent=19578"}],"wp:term":[{"taxonomy":"product_brand","embeddable":true,"href":"https:\/\/paracherkaoui.ma\/index.php\/wp-json\/wp\/v2\/product_brand?post=19578"},{"taxonomy":"product_cat","embeddable":true,"href":"https:\/\/paracherkaoui.ma\/index.php\/wp-json\/wp\/v2\/product_cat?post=19578"},{"taxonomy":"product_tag","embeddable":true,"href":"https:\/\/paracherkaoui.ma\/index.php\/wp-json\/wp\/v2\/product_tag?post=19578"}],"curies":[{"name":"wp","href":"https:\/\/api.w.org\/{rel}","templated":true}]}}