{"id":19517,"date":"2025-12-12T18:03:09","date_gmt":"2025-12-12T17:03:09","guid":{"rendered":"https:\/\/test.ecbeaute.com\/?post_type=product&#038;p=19517"},"modified":"2025-12-12T18:03:12","modified_gmt":"2025-12-12T17:03:12","slug":"biokera-natura-color-n-6-721-blond-fonce-nacre-creme-oxidant","status":"publish","type":"product","link":"https:\/\/paracherkaoui.ma\/index.php\/produit\/biokera-natura-color-n-6-721-blond-fonce-nacre-creme-oxidant\/","title":{"rendered":"BIOKERA NATURA COLOR N 6.721 BLOND FONCE NACRE + CREME OXIDANT"},"content":{"rendered":"<p>Biokera Natura Color\u00a0est une coloration d&rsquo;oxydation formul\u00e9e avec des huiles v\u00e9g\u00e9tales biologiques qui aident \u00e0 prot\u00e9ger la fibre capillaire tout en obtenant un r\u00e9sultat parfait avec une couverture totale des cheveux blancs.<br \/>\nCouleurs intenses, brillantes et durables.<br \/>\nSans paraben, sans silicone, sans PPD, sans r\u00e9sorcinol.<br \/>\nAvec des huiles biologiques.<br \/>\nJusqu&rsquo;\u00e0 85 % d&rsquo;ingr\u00e9dients naturels.<br \/>\nCouverture maximale et teintes tr\u00e8s r\u00e9sistantes \u00e0 l&rsquo;oxydation.<br \/>\nBeaut\u00e9 chromatique avec brillance et reflets naturels.<br \/>\nConseils d&rsquo;utilisation:<br \/>\nM\u00e9langez la couleur et l&rsquo;oxydant \u00e0 parts \u00e9gales. Pour un tube de 70 ml, m\u00e9langer encore 70 ml d&rsquo;oxydant Biokera Natura.<\/p>\n","protected":false},"excerpt":{"rendered":"<p>Biokera Natura Color\u00a0est une coloration d&rsquo;oxydation formul\u00e9e avec des huiles v\u00e9g\u00e9tales biologiques qui aident \u00e0 prot\u00e9ger la fibre capillaire tout<\/p>\n","protected":false},"featured_media":19550,"comment_status":"open","ping_status":"closed","template":"","meta":[],"product_brand":[191],"product_cat":[338],"product_tag":[],"class_list":{"0":"post-19517","1":"product","2":"type-product","3":"status-publish","4":"has-post-thumbnail","6":"product_brand-biokera","7":"product_cat-coloration-cheveux","9":"first","10":"instock","11":"sale","12":"shipping-taxable","13":"purchasable","14":"product-type-simple"},"yoast_head":"<!-- This site is optimized with the Yoast SEO plugin v26.6 - https:\/\/yoast.com\/wordpress\/plugins\/seo\/ -->\r\n<title>BIOKERA NATURA COLOR N 6.721 BLOND FONCE NACRE + CREME OXIDANT - Paracherkaoui.ma<\/title>\r\n<meta name=\"robots\" content=\"index, follow, max-snippet:-1, max-image-preview:large, max-video-preview:-1\" \/>\r\n<link rel=\"canonical\" href=\"https:\/\/paracherkaoui.ma\/index.php\/produit\/biokera-natura-color-n-6-721-blond-fonce-nacre-creme-oxidant\/\" \/>\r\n<meta property=\"og:locale\" content=\"fr_FR\" \/>\r\n<meta property=\"og:type\" content=\"article\" \/>\r\n<meta property=\"og:title\" content=\"BIOKERA NATURA COLOR N 6.721 BLOND FONCE NACRE + CREME OXIDANT - Paracherkaoui.ma\" \/>\r\n<meta property=\"og:description\" content=\"Biokera Natura Color\u00a0est une coloration d&rsquo;oxydation formul\u00e9e avec des huiles v\u00e9g\u00e9tales biologiques qui aident \u00e0 prot\u00e9ger la fibre capillaire tout\" \/>\r\n<meta property=\"og:url\" content=\"https:\/\/paracherkaoui.ma\/index.php\/produit\/biokera-natura-color-n-6-721-blond-fonce-nacre-creme-oxidant\/\" \/>\r\n<meta property=\"og:site_name\" content=\"Paracherkaoui.ma\" \/>\r\n<meta property=\"article:modified_time\" content=\"2025-12-12T17:03:12+00:00\" \/>\r\n<meta property=\"og:image\" content=\"https:\/\/paracherkaoui.ma\/wp-content\/uploads\/2025\/12\/biokera-biokera-natura-color-n-6721-blond-fonce-nacre-creme-oxidant-coloration.jpg\" \/>\r\n\t<meta property=\"og:image:width\" content=\"700\" \/>\r\n\t<meta property=\"og:image:height\" content=\"700\" \/>\r\n\t<meta property=\"og:image:type\" content=\"image\/jpeg\" \/>\r\n<meta name=\"twitter:card\" content=\"summary_large_image\" \/>\r\n<script type=\"application\/ld+json\" class=\"yoast-schema-graph\">{\"@context\":\"https:\/\/schema.org\",\"@graph\":[{\"@type\":\"WebPage\",\"@id\":\"https:\/\/paracherkaoui.ma\/index.php\/produit\/biokera-natura-color-n-6-721-blond-fonce-nacre-creme-oxidant\/\",\"url\":\"https:\/\/paracherkaoui.ma\/index.php\/produit\/biokera-natura-color-n-6-721-blond-fonce-nacre-creme-oxidant\/\",\"name\":\"BIOKERA NATURA COLOR N 6.721 BLOND FONCE NACRE + CREME OXIDANT - Paracherkaoui.ma\",\"isPartOf\":{\"@id\":\"https:\/\/paracherkaoui.ma\/#website\"},\"primaryImageOfPage\":{\"@id\":\"https:\/\/paracherkaoui.ma\/index.php\/produit\/biokera-natura-color-n-6-721-blond-fonce-nacre-creme-oxidant\/#primaryimage\"},\"image\":{\"@id\":\"https:\/\/paracherkaoui.ma\/index.php\/produit\/biokera-natura-color-n-6-721-blond-fonce-nacre-creme-oxidant\/#primaryimage\"},\"thumbnailUrl\":\"https:\/\/paracherkaoui.ma\/wp-content\/uploads\/2025\/12\/biokera-biokera-natura-color-n-6721-blond-fonce-nacre-creme-oxidant-coloration.jpg\",\"datePublished\":\"2025-12-12T17:03:09+00:00\",\"dateModified\":\"2025-12-12T17:03:12+00:00\",\"breadcrumb\":{\"@id\":\"https:\/\/paracherkaoui.ma\/index.php\/produit\/biokera-natura-color-n-6-721-blond-fonce-nacre-creme-oxidant\/#breadcrumb\"},\"inLanguage\":\"fr-FR\",\"potentialAction\":[{\"@type\":\"ReadAction\",\"target\":[\"https:\/\/paracherkaoui.ma\/index.php\/produit\/biokera-natura-color-n-6-721-blond-fonce-nacre-creme-oxidant\/\"]}]},{\"@type\":\"ImageObject\",\"inLanguage\":\"fr-FR\",\"@id\":\"https:\/\/paracherkaoui.ma\/index.php\/produit\/biokera-natura-color-n-6-721-blond-fonce-nacre-creme-oxidant\/#primaryimage\",\"url\":\"https:\/\/paracherkaoui.ma\/wp-content\/uploads\/2025\/12\/biokera-biokera-natura-color-n-6721-blond-fonce-nacre-creme-oxidant-coloration.jpg\",\"contentUrl\":\"https:\/\/paracherkaoui.ma\/wp-content\/uploads\/2025\/12\/biokera-biokera-natura-color-n-6721-blond-fonce-nacre-creme-oxidant-coloration.jpg\",\"width\":700,\"height\":700},{\"@type\":\"BreadcrumbList\",\"@id\":\"https:\/\/paracherkaoui.ma\/index.php\/produit\/biokera-natura-color-n-6-721-blond-fonce-nacre-creme-oxidant\/#breadcrumb\",\"itemListElement\":[{\"@type\":\"ListItem\",\"position\":1,\"name\":\"Accueil\",\"item\":\"https:\/\/paracherkaoui.ma\/\"},{\"@type\":\"ListItem\",\"position\":2,\"name\":\"Boutique\",\"item\":\"https:\/\/paracherkaoui.ma\/index.php\/boutique\/\"},{\"@type\":\"ListItem\",\"position\":3,\"name\":\"BIOKERA NATURA COLOR N 6.721 BLOND FONCE NACRE + CREME OXIDANT\"}]},{\"@type\":\"WebSite\",\"@id\":\"https:\/\/paracherkaoui.ma\/#website\",\"url\":\"https:\/\/paracherkaoui.ma\/\",\"name\":\"Paracherkaoui.ma\",\"description\":\"Achetez en ligne sur Paracherkaoui.ma\",\"potentialAction\":[{\"@type\":\"SearchAction\",\"target\":{\"@type\":\"EntryPoint\",\"urlTemplate\":\"https:\/\/paracherkaoui.ma\/?s={search_term_string}\"},\"query-input\":{\"@type\":\"PropertyValueSpecification\",\"valueRequired\":true,\"valueName\":\"search_term_string\"}}],\"inLanguage\":\"fr-FR\"}]}<\/script>\r\n<!-- \/ Yoast SEO plugin. -->","yoast_head_json":{"title":"BIOKERA NATURA COLOR N 6.721 BLOND FONCE NACRE + CREME OXIDANT - Paracherkaoui.ma","robots":{"index":"index","follow":"follow","max-snippet":"max-snippet:-1","max-image-preview":"max-image-preview:large","max-video-preview":"max-video-preview:-1"},"canonical":"https:\/\/paracherkaoui.ma\/index.php\/produit\/biokera-natura-color-n-6-721-blond-fonce-nacre-creme-oxidant\/","og_locale":"fr_FR","og_type":"article","og_title":"BIOKERA NATURA COLOR N 6.721 BLOND FONCE NACRE + CREME OXIDANT - Paracherkaoui.ma","og_description":"Biokera Natura Color\u00a0est une coloration d&rsquo;oxydation formul\u00e9e avec des huiles v\u00e9g\u00e9tales biologiques qui aident \u00e0 prot\u00e9ger la fibre capillaire tout","og_url":"https:\/\/paracherkaoui.ma\/index.php\/produit\/biokera-natura-color-n-6-721-blond-fonce-nacre-creme-oxidant\/","og_site_name":"Paracherkaoui.ma","article_modified_time":"2025-12-12T17:03:12+00:00","og_image":[{"width":700,"height":700,"url":"https:\/\/paracherkaoui.ma\/wp-content\/uploads\/2025\/12\/biokera-biokera-natura-color-n-6721-blond-fonce-nacre-creme-oxidant-coloration.jpg","type":"image\/jpeg"}],"twitter_card":"summary_large_image","schema":{"@context":"https:\/\/schema.org","@graph":[{"@type":"WebPage","@id":"https:\/\/paracherkaoui.ma\/index.php\/produit\/biokera-natura-color-n-6-721-blond-fonce-nacre-creme-oxidant\/","url":"https:\/\/paracherkaoui.ma\/index.php\/produit\/biokera-natura-color-n-6-721-blond-fonce-nacre-creme-oxidant\/","name":"BIOKERA NATURA COLOR N 6.721 BLOND FONCE NACRE + CREME OXIDANT - Paracherkaoui.ma","isPartOf":{"@id":"https:\/\/paracherkaoui.ma\/#website"},"primaryImageOfPage":{"@id":"https:\/\/paracherkaoui.ma\/index.php\/produit\/biokera-natura-color-n-6-721-blond-fonce-nacre-creme-oxidant\/#primaryimage"},"image":{"@id":"https:\/\/paracherkaoui.ma\/index.php\/produit\/biokera-natura-color-n-6-721-blond-fonce-nacre-creme-oxidant\/#primaryimage"},"thumbnailUrl":"https:\/\/paracherkaoui.ma\/wp-content\/uploads\/2025\/12\/biokera-biokera-natura-color-n-6721-blond-fonce-nacre-creme-oxidant-coloration.jpg","datePublished":"2025-12-12T17:03:09+00:00","dateModified":"2025-12-12T17:03:12+00:00","breadcrumb":{"@id":"https:\/\/paracherkaoui.ma\/index.php\/produit\/biokera-natura-color-n-6-721-blond-fonce-nacre-creme-oxidant\/#breadcrumb"},"inLanguage":"fr-FR","potentialAction":[{"@type":"ReadAction","target":["https:\/\/paracherkaoui.ma\/index.php\/produit\/biokera-natura-color-n-6-721-blond-fonce-nacre-creme-oxidant\/"]}]},{"@type":"ImageObject","inLanguage":"fr-FR","@id":"https:\/\/paracherkaoui.ma\/index.php\/produit\/biokera-natura-color-n-6-721-blond-fonce-nacre-creme-oxidant\/#primaryimage","url":"https:\/\/paracherkaoui.ma\/wp-content\/uploads\/2025\/12\/biokera-biokera-natura-color-n-6721-blond-fonce-nacre-creme-oxidant-coloration.jpg","contentUrl":"https:\/\/paracherkaoui.ma\/wp-content\/uploads\/2025\/12\/biokera-biokera-natura-color-n-6721-blond-fonce-nacre-creme-oxidant-coloration.jpg","width":700,"height":700},{"@type":"BreadcrumbList","@id":"https:\/\/paracherkaoui.ma\/index.php\/produit\/biokera-natura-color-n-6-721-blond-fonce-nacre-creme-oxidant\/#breadcrumb","itemListElement":[{"@type":"ListItem","position":1,"name":"Accueil","item":"https:\/\/paracherkaoui.ma\/"},{"@type":"ListItem","position":2,"name":"Boutique","item":"https:\/\/paracherkaoui.ma\/index.php\/boutique\/"},{"@type":"ListItem","position":3,"name":"BIOKERA NATURA COLOR N 6.721 BLOND FONCE NACRE + CREME OXIDANT"}]},{"@type":"WebSite","@id":"https:\/\/paracherkaoui.ma\/#website","url":"https:\/\/paracherkaoui.ma\/","name":"Paracherkaoui.ma","description":"Achetez en ligne sur Paracherkaoui.ma","potentialAction":[{"@type":"SearchAction","target":{"@type":"EntryPoint","urlTemplate":"https:\/\/paracherkaoui.ma\/?s={search_term_string}"},"query-input":{"@type":"PropertyValueSpecification","valueRequired":true,"valueName":"search_term_string"}}],"inLanguage":"fr-FR"}]}},"_links":{"self":[{"href":"https:\/\/paracherkaoui.ma\/index.php\/wp-json\/wp\/v2\/product\/19517","targetHints":{"allow":["GET"]}}],"collection":[{"href":"https:\/\/paracherkaoui.ma\/index.php\/wp-json\/wp\/v2\/product"}],"about":[{"href":"https:\/\/paracherkaoui.ma\/index.php\/wp-json\/wp\/v2\/types\/product"}],"replies":[{"embeddable":true,"href":"https:\/\/paracherkaoui.ma\/index.php\/wp-json\/wp\/v2\/comments?post=19517"}],"version-history":[{"count":1,"href":"https:\/\/paracherkaoui.ma\/index.php\/wp-json\/wp\/v2\/product\/19517\/revisions"}],"predecessor-version":[{"id":19551,"href":"https:\/\/paracherkaoui.ma\/index.php\/wp-json\/wp\/v2\/product\/19517\/revisions\/19551"}],"wp:featuredmedia":[{"embeddable":true,"href":"https:\/\/paracherkaoui.ma\/index.php\/wp-json\/wp\/v2\/media\/19550"}],"wp:attachment":[{"href":"https:\/\/paracherkaoui.ma\/index.php\/wp-json\/wp\/v2\/media?parent=19517"}],"wp:term":[{"taxonomy":"product_brand","embeddable":true,"href":"https:\/\/paracherkaoui.ma\/index.php\/wp-json\/wp\/v2\/product_brand?post=19517"},{"taxonomy":"product_cat","embeddable":true,"href":"https:\/\/paracherkaoui.ma\/index.php\/wp-json\/wp\/v2\/product_cat?post=19517"},{"taxonomy":"product_tag","embeddable":true,"href":"https:\/\/paracherkaoui.ma\/index.php\/wp-json\/wp\/v2\/product_tag?post=19517"}],"curies":[{"name":"wp","href":"https:\/\/api.w.org\/{rel}","templated":true}]}}