{"id":19415,"date":"2025-12-12T18:03:02","date_gmt":"2025-12-12T17:03:02","guid":{"rendered":"https:\/\/test.ecbeaute.com\/?post_type=product&#038;p=19415"},"modified":"2025-12-12T18:03:03","modified_gmt":"2025-12-12T17:03:03","slug":"biokap-nutricolor-7-4-rouge-cuivre","status":"publish","type":"product","link":"https:\/\/paracherkaoui.ma\/index.php\/produit\/biokap-nutricolor-7-4-rouge-cuivre\/","title":{"rendered":"BIOKAP NUTRICOLOR 7.4 ROUGE CUIVRE"},"content":{"rendered":"<p>La teinture pour cheveux Biokap Nutricolor est l&rsquo;alli\u00e9 pr\u00e9cieux pour la beaut\u00e9 et la coloration des cheveux. Sa formule exclusive \u00e0 base d&rsquo;ingr\u00e9dients v\u00e9g\u00e9taux et \u00e0 haute tol\u00e9rance cutan\u00e9e nourrit et r\u00e9pare les cheveux tout en les colorant et couvre parfaitement les cheveux blancs. Avec TRICOREPAIR, un complexe de prot\u00e9ines de Riz, de Saule et d&rsquo;acides lipophiles de fruits. Enrichi en huile d&rsquo;Argan issue de l&rsquo;agriculture biologique, il nourrit les cheveux et les rend plus doux et plus brillants.<br \/>\nConseils d&rsquo;utilisation:<br \/>\nIl suffit d&rsquo;ins\u00e9rer le flacon Nutrifix dans le trou indiqu\u00e9 au dos du paquet et de porter la cape de protection jetable fournie. M\u00e9langez ensuite le contenu du tube de couleur en suivant les instructions donn\u00e9es dans la notice correspondante. Choisissez la teinte en fonction de la quantit\u00e9 de cheveux blancs, en suivant les instructions figurant sur l&#8217;emballage.<\/p>\n","protected":false},"excerpt":{"rendered":"<p>La teinture pour cheveux Biokap Nutricolor est l&rsquo;alli\u00e9 pr\u00e9cieux pour la beaut\u00e9 et la coloration des cheveux. Sa formule exclusive<\/p>\n","protected":false},"featured_media":19446,"comment_status":"open","ping_status":"closed","template":"","meta":[],"product_brand":[229],"product_cat":[338],"product_tag":[],"class_list":{"0":"post-19415","1":"product","2":"type-product","3":"status-publish","4":"has-post-thumbnail","6":"product_brand-biokap","7":"product_cat-coloration-cheveux","9":"first","10":"instock","11":"sale","12":"shipping-taxable","13":"purchasable","14":"product-type-simple"},"yoast_head":"<!-- This site is optimized with the Yoast SEO plugin v26.6 - https:\/\/yoast.com\/wordpress\/plugins\/seo\/ -->\r\n<title>BIOKAP NUTRICOLOR 7.4 ROUGE CUIVRE - Paracherkaoui.ma<\/title>\r\n<meta name=\"robots\" content=\"index, follow, max-snippet:-1, max-image-preview:large, max-video-preview:-1\" \/>\r\n<link rel=\"canonical\" href=\"https:\/\/paracherkaoui.ma\/index.php\/produit\/biokap-nutricolor-7-4-rouge-cuivre\/\" \/>\r\n<meta property=\"og:locale\" content=\"fr_FR\" \/>\r\n<meta property=\"og:type\" content=\"article\" \/>\r\n<meta property=\"og:title\" content=\"BIOKAP NUTRICOLOR 7.4 ROUGE CUIVRE - Paracherkaoui.ma\" \/>\r\n<meta property=\"og:description\" content=\"La teinture pour cheveux Biokap Nutricolor est l&rsquo;alli\u00e9 pr\u00e9cieux pour la beaut\u00e9 et la coloration des cheveux. Sa formule exclusive\" \/>\r\n<meta property=\"og:url\" content=\"https:\/\/paracherkaoui.ma\/index.php\/produit\/biokap-nutricolor-7-4-rouge-cuivre\/\" \/>\r\n<meta property=\"og:site_name\" content=\"Paracherkaoui.ma\" \/>\r\n<meta property=\"article:modified_time\" content=\"2025-12-12T17:03:03+00:00\" \/>\r\n<meta property=\"og:image\" content=\"https:\/\/paracherkaoui.ma\/wp-content\/uploads\/2025\/12\/biokap-biokap-nutricolor-74-rouge-cuivre-coloration.jpg\" \/>\r\n\t<meta property=\"og:image:width\" content=\"700\" \/>\r\n\t<meta property=\"og:image:height\" content=\"700\" \/>\r\n\t<meta property=\"og:image:type\" content=\"image\/jpeg\" \/>\r\n<meta name=\"twitter:card\" content=\"summary_large_image\" \/>\r\n<meta name=\"twitter:label1\" content=\"Dur\u00e9e de lecture estim\u00e9e\" \/>\n\t<meta name=\"twitter:data1\" content=\"1 minute\" \/>\r\n<script type=\"application\/ld+json\" class=\"yoast-schema-graph\">{\"@context\":\"https:\/\/schema.org\",\"@graph\":[{\"@type\":\"WebPage\",\"@id\":\"https:\/\/paracherkaoui.ma\/index.php\/produit\/biokap-nutricolor-7-4-rouge-cuivre\/\",\"url\":\"https:\/\/paracherkaoui.ma\/index.php\/produit\/biokap-nutricolor-7-4-rouge-cuivre\/\",\"name\":\"BIOKAP NUTRICOLOR 7.4 ROUGE CUIVRE - Paracherkaoui.ma\",\"isPartOf\":{\"@id\":\"https:\/\/paracherkaoui.ma\/#website\"},\"primaryImageOfPage\":{\"@id\":\"https:\/\/paracherkaoui.ma\/index.php\/produit\/biokap-nutricolor-7-4-rouge-cuivre\/#primaryimage\"},\"image\":{\"@id\":\"https:\/\/paracherkaoui.ma\/index.php\/produit\/biokap-nutricolor-7-4-rouge-cuivre\/#primaryimage\"},\"thumbnailUrl\":\"https:\/\/paracherkaoui.ma\/wp-content\/uploads\/2025\/12\/biokap-biokap-nutricolor-74-rouge-cuivre-coloration.jpg\",\"datePublished\":\"2025-12-12T17:03:02+00:00\",\"dateModified\":\"2025-12-12T17:03:03+00:00\",\"breadcrumb\":{\"@id\":\"https:\/\/paracherkaoui.ma\/index.php\/produit\/biokap-nutricolor-7-4-rouge-cuivre\/#breadcrumb\"},\"inLanguage\":\"fr-FR\",\"potentialAction\":[{\"@type\":\"ReadAction\",\"target\":[\"https:\/\/paracherkaoui.ma\/index.php\/produit\/biokap-nutricolor-7-4-rouge-cuivre\/\"]}]},{\"@type\":\"ImageObject\",\"inLanguage\":\"fr-FR\",\"@id\":\"https:\/\/paracherkaoui.ma\/index.php\/produit\/biokap-nutricolor-7-4-rouge-cuivre\/#primaryimage\",\"url\":\"https:\/\/paracherkaoui.ma\/wp-content\/uploads\/2025\/12\/biokap-biokap-nutricolor-74-rouge-cuivre-coloration.jpg\",\"contentUrl\":\"https:\/\/paracherkaoui.ma\/wp-content\/uploads\/2025\/12\/biokap-biokap-nutricolor-74-rouge-cuivre-coloration.jpg\",\"width\":700,\"height\":700},{\"@type\":\"BreadcrumbList\",\"@id\":\"https:\/\/paracherkaoui.ma\/index.php\/produit\/biokap-nutricolor-7-4-rouge-cuivre\/#breadcrumb\",\"itemListElement\":[{\"@type\":\"ListItem\",\"position\":1,\"name\":\"Accueil\",\"item\":\"https:\/\/paracherkaoui.ma\/\"},{\"@type\":\"ListItem\",\"position\":2,\"name\":\"Boutique\",\"item\":\"https:\/\/paracherkaoui.ma\/index.php\/boutique\/\"},{\"@type\":\"ListItem\",\"position\":3,\"name\":\"BIOKAP NUTRICOLOR 7.4 ROUGE CUIVRE\"}]},{\"@type\":\"WebSite\",\"@id\":\"https:\/\/paracherkaoui.ma\/#website\",\"url\":\"https:\/\/paracherkaoui.ma\/\",\"name\":\"Paracherkaoui.ma\",\"description\":\"Achetez en ligne sur Paracherkaoui.ma\",\"potentialAction\":[{\"@type\":\"SearchAction\",\"target\":{\"@type\":\"EntryPoint\",\"urlTemplate\":\"https:\/\/paracherkaoui.ma\/?s={search_term_string}\"},\"query-input\":{\"@type\":\"PropertyValueSpecification\",\"valueRequired\":true,\"valueName\":\"search_term_string\"}}],\"inLanguage\":\"fr-FR\"}]}<\/script>\r\n<!-- \/ Yoast SEO plugin. -->","yoast_head_json":{"title":"BIOKAP NUTRICOLOR 7.4 ROUGE CUIVRE - Paracherkaoui.ma","robots":{"index":"index","follow":"follow","max-snippet":"max-snippet:-1","max-image-preview":"max-image-preview:large","max-video-preview":"max-video-preview:-1"},"canonical":"https:\/\/paracherkaoui.ma\/index.php\/produit\/biokap-nutricolor-7-4-rouge-cuivre\/","og_locale":"fr_FR","og_type":"article","og_title":"BIOKAP NUTRICOLOR 7.4 ROUGE CUIVRE - Paracherkaoui.ma","og_description":"La teinture pour cheveux Biokap Nutricolor est l&rsquo;alli\u00e9 pr\u00e9cieux pour la beaut\u00e9 et la coloration des cheveux. Sa formule exclusive","og_url":"https:\/\/paracherkaoui.ma\/index.php\/produit\/biokap-nutricolor-7-4-rouge-cuivre\/","og_site_name":"Paracherkaoui.ma","article_modified_time":"2025-12-12T17:03:03+00:00","og_image":[{"width":700,"height":700,"url":"https:\/\/paracherkaoui.ma\/wp-content\/uploads\/2025\/12\/biokap-biokap-nutricolor-74-rouge-cuivre-coloration.jpg","type":"image\/jpeg"}],"twitter_card":"summary_large_image","twitter_misc":{"Dur\u00e9e de lecture estim\u00e9e":"1 minute"},"schema":{"@context":"https:\/\/schema.org","@graph":[{"@type":"WebPage","@id":"https:\/\/paracherkaoui.ma\/index.php\/produit\/biokap-nutricolor-7-4-rouge-cuivre\/","url":"https:\/\/paracherkaoui.ma\/index.php\/produit\/biokap-nutricolor-7-4-rouge-cuivre\/","name":"BIOKAP NUTRICOLOR 7.4 ROUGE CUIVRE - Paracherkaoui.ma","isPartOf":{"@id":"https:\/\/paracherkaoui.ma\/#website"},"primaryImageOfPage":{"@id":"https:\/\/paracherkaoui.ma\/index.php\/produit\/biokap-nutricolor-7-4-rouge-cuivre\/#primaryimage"},"image":{"@id":"https:\/\/paracherkaoui.ma\/index.php\/produit\/biokap-nutricolor-7-4-rouge-cuivre\/#primaryimage"},"thumbnailUrl":"https:\/\/paracherkaoui.ma\/wp-content\/uploads\/2025\/12\/biokap-biokap-nutricolor-74-rouge-cuivre-coloration.jpg","datePublished":"2025-12-12T17:03:02+00:00","dateModified":"2025-12-12T17:03:03+00:00","breadcrumb":{"@id":"https:\/\/paracherkaoui.ma\/index.php\/produit\/biokap-nutricolor-7-4-rouge-cuivre\/#breadcrumb"},"inLanguage":"fr-FR","potentialAction":[{"@type":"ReadAction","target":["https:\/\/paracherkaoui.ma\/index.php\/produit\/biokap-nutricolor-7-4-rouge-cuivre\/"]}]},{"@type":"ImageObject","inLanguage":"fr-FR","@id":"https:\/\/paracherkaoui.ma\/index.php\/produit\/biokap-nutricolor-7-4-rouge-cuivre\/#primaryimage","url":"https:\/\/paracherkaoui.ma\/wp-content\/uploads\/2025\/12\/biokap-biokap-nutricolor-74-rouge-cuivre-coloration.jpg","contentUrl":"https:\/\/paracherkaoui.ma\/wp-content\/uploads\/2025\/12\/biokap-biokap-nutricolor-74-rouge-cuivre-coloration.jpg","width":700,"height":700},{"@type":"BreadcrumbList","@id":"https:\/\/paracherkaoui.ma\/index.php\/produit\/biokap-nutricolor-7-4-rouge-cuivre\/#breadcrumb","itemListElement":[{"@type":"ListItem","position":1,"name":"Accueil","item":"https:\/\/paracherkaoui.ma\/"},{"@type":"ListItem","position":2,"name":"Boutique","item":"https:\/\/paracherkaoui.ma\/index.php\/boutique\/"},{"@type":"ListItem","position":3,"name":"BIOKAP NUTRICOLOR 7.4 ROUGE CUIVRE"}]},{"@type":"WebSite","@id":"https:\/\/paracherkaoui.ma\/#website","url":"https:\/\/paracherkaoui.ma\/","name":"Paracherkaoui.ma","description":"Achetez en ligne sur Paracherkaoui.ma","potentialAction":[{"@type":"SearchAction","target":{"@type":"EntryPoint","urlTemplate":"https:\/\/paracherkaoui.ma\/?s={search_term_string}"},"query-input":{"@type":"PropertyValueSpecification","valueRequired":true,"valueName":"search_term_string"}}],"inLanguage":"fr-FR"}]}},"_links":{"self":[{"href":"https:\/\/paracherkaoui.ma\/index.php\/wp-json\/wp\/v2\/product\/19415","targetHints":{"allow":["GET"]}}],"collection":[{"href":"https:\/\/paracherkaoui.ma\/index.php\/wp-json\/wp\/v2\/product"}],"about":[{"href":"https:\/\/paracherkaoui.ma\/index.php\/wp-json\/wp\/v2\/types\/product"}],"replies":[{"embeddable":true,"href":"https:\/\/paracherkaoui.ma\/index.php\/wp-json\/wp\/v2\/comments?post=19415"}],"version-history":[{"count":1,"href":"https:\/\/paracherkaoui.ma\/index.php\/wp-json\/wp\/v2\/product\/19415\/revisions"}],"predecessor-version":[{"id":19447,"href":"https:\/\/paracherkaoui.ma\/index.php\/wp-json\/wp\/v2\/product\/19415\/revisions\/19447"}],"wp:featuredmedia":[{"embeddable":true,"href":"https:\/\/paracherkaoui.ma\/index.php\/wp-json\/wp\/v2\/media\/19446"}],"wp:attachment":[{"href":"https:\/\/paracherkaoui.ma\/index.php\/wp-json\/wp\/v2\/media?parent=19415"}],"wp:term":[{"taxonomy":"product_brand","embeddable":true,"href":"https:\/\/paracherkaoui.ma\/index.php\/wp-json\/wp\/v2\/product_brand?post=19415"},{"taxonomy":"product_cat","embeddable":true,"href":"https:\/\/paracherkaoui.ma\/index.php\/wp-json\/wp\/v2\/product_cat?post=19415"},{"taxonomy":"product_tag","embeddable":true,"href":"https:\/\/paracherkaoui.ma\/index.php\/wp-json\/wp\/v2\/product_tag?post=19415"}],"curies":[{"name":"wp","href":"https:\/\/api.w.org\/{rel}","templated":true}]}}