{"id":19351,"date":"2025-12-12T18:02:55","date_gmt":"2025-12-12T17:02:55","guid":{"rendered":"https:\/\/test.ecbeaute.com\/?post_type=product&#038;p=19351"},"modified":"2025-12-12T18:03:01","modified_gmt":"2025-12-12T17:03:01","slug":"biokap-nutricolor-delecato-rapid-n-4-0-chatain-naturel","status":"publish","type":"product","link":"https:\/\/paracherkaoui.ma\/index.php\/produit\/biokap-nutricolor-delecato-rapid-n-4-0-chatain-naturel\/","title":{"rendered":"BIOKAP NUTRICOLOR DELECATO RAPID N 4.0 CHATAIN NATUREL"},"content":{"rendered":"<p>Les colorations BioKap\u00ae Nutricolor Delicato RAPID offrent les garanties de la gamme de colorations BioKap\u00ae Nutricolor Delicato avec un temps de pose r\u00e9duit \u00e0 10 minutes. Les colorations BioKap\u00ae Nutricolor Delicato RAPID, riches en ingr\u00e9dients v\u00e9g\u00e9taux, colorent et nourrissent les cheveux et couvrent parfaitement les cheveux blancs. Dans les colorations BioKap\u00ae, l\u2019huile d\u2019argan Bio est associ\u00e9e au complexe TRICOREPAIR (prot\u00e9ines de riz, d\u00e9riv\u00e9 de saule et acides lipophiles de fruits) pour des cheveux lumineux et soyeux.<\/p>\n","protected":false},"excerpt":{"rendered":"<p>Les colorations BioKap\u00ae Nutricolor Delicato RAPID offrent les garanties de la gamme de colorations BioKap\u00ae Nutricolor Delicato avec un temps<\/p>\n","protected":false},"featured_media":19408,"comment_status":"open","ping_status":"closed","template":"","meta":[],"product_brand":[229],"product_cat":[338],"product_tag":[],"class_list":{"0":"post-19351","1":"product","2":"type-product","3":"status-publish","4":"has-post-thumbnail","6":"product_brand-biokap","7":"product_cat-coloration-cheveux","9":"first","10":"instock","11":"sale","12":"shipping-taxable","13":"purchasable","14":"product-type-simple"},"yoast_head":"<!-- This site is optimized with the Yoast SEO plugin v26.6 - https:\/\/yoast.com\/wordpress\/plugins\/seo\/ -->\r\n<title>BIOKAP NUTRICOLOR DELECATO RAPID N 4.0 CHATAIN NATUREL - Paracherkaoui.ma<\/title>\r\n<meta name=\"robots\" content=\"index, follow, max-snippet:-1, max-image-preview:large, max-video-preview:-1\" \/>\r\n<link rel=\"canonical\" href=\"https:\/\/paracherkaoui.ma\/index.php\/produit\/biokap-nutricolor-delecato-rapid-n-4-0-chatain-naturel\/\" \/>\r\n<meta property=\"og:locale\" content=\"fr_FR\" \/>\r\n<meta property=\"og:type\" content=\"article\" \/>\r\n<meta property=\"og:title\" content=\"BIOKAP NUTRICOLOR DELECATO RAPID N 4.0 CHATAIN NATUREL - Paracherkaoui.ma\" \/>\r\n<meta property=\"og:description\" content=\"Les colorations BioKap\u00ae Nutricolor Delicato RAPID offrent les garanties de la gamme de colorations BioKap\u00ae Nutricolor Delicato avec un temps\" \/>\r\n<meta property=\"og:url\" content=\"https:\/\/paracherkaoui.ma\/index.php\/produit\/biokap-nutricolor-delecato-rapid-n-4-0-chatain-naturel\/\" \/>\r\n<meta property=\"og:site_name\" content=\"Paracherkaoui.ma\" \/>\r\n<meta property=\"article:modified_time\" content=\"2025-12-12T17:03:01+00:00\" \/>\r\n<meta property=\"og:image\" content=\"https:\/\/paracherkaoui.ma\/wp-content\/uploads\/2025\/12\/biokap-biokap-nutricolor-delecato-rapid-n-40-chatain-naturel-coloration.jpg\" \/>\r\n\t<meta property=\"og:image:width\" content=\"700\" \/>\r\n\t<meta property=\"og:image:height\" content=\"700\" \/>\r\n\t<meta property=\"og:image:type\" content=\"image\/jpeg\" \/>\r\n<meta name=\"twitter:card\" content=\"summary_large_image\" \/>\r\n<script type=\"application\/ld+json\" class=\"yoast-schema-graph\">{\"@context\":\"https:\/\/schema.org\",\"@graph\":[{\"@type\":\"WebPage\",\"@id\":\"https:\/\/paracherkaoui.ma\/index.php\/produit\/biokap-nutricolor-delecato-rapid-n-4-0-chatain-naturel\/\",\"url\":\"https:\/\/paracherkaoui.ma\/index.php\/produit\/biokap-nutricolor-delecato-rapid-n-4-0-chatain-naturel\/\",\"name\":\"BIOKAP NUTRICOLOR DELECATO RAPID N 4.0 CHATAIN NATUREL - Paracherkaoui.ma\",\"isPartOf\":{\"@id\":\"https:\/\/paracherkaoui.ma\/#website\"},\"primaryImageOfPage\":{\"@id\":\"https:\/\/paracherkaoui.ma\/index.php\/produit\/biokap-nutricolor-delecato-rapid-n-4-0-chatain-naturel\/#primaryimage\"},\"image\":{\"@id\":\"https:\/\/paracherkaoui.ma\/index.php\/produit\/biokap-nutricolor-delecato-rapid-n-4-0-chatain-naturel\/#primaryimage\"},\"thumbnailUrl\":\"https:\/\/paracherkaoui.ma\/wp-content\/uploads\/2025\/12\/biokap-biokap-nutricolor-delecato-rapid-n-40-chatain-naturel-coloration.jpg\",\"datePublished\":\"2025-12-12T17:02:55+00:00\",\"dateModified\":\"2025-12-12T17:03:01+00:00\",\"breadcrumb\":{\"@id\":\"https:\/\/paracherkaoui.ma\/index.php\/produit\/biokap-nutricolor-delecato-rapid-n-4-0-chatain-naturel\/#breadcrumb\"},\"inLanguage\":\"fr-FR\",\"potentialAction\":[{\"@type\":\"ReadAction\",\"target\":[\"https:\/\/paracherkaoui.ma\/index.php\/produit\/biokap-nutricolor-delecato-rapid-n-4-0-chatain-naturel\/\"]}]},{\"@type\":\"ImageObject\",\"inLanguage\":\"fr-FR\",\"@id\":\"https:\/\/paracherkaoui.ma\/index.php\/produit\/biokap-nutricolor-delecato-rapid-n-4-0-chatain-naturel\/#primaryimage\",\"url\":\"https:\/\/paracherkaoui.ma\/wp-content\/uploads\/2025\/12\/biokap-biokap-nutricolor-delecato-rapid-n-40-chatain-naturel-coloration.jpg\",\"contentUrl\":\"https:\/\/paracherkaoui.ma\/wp-content\/uploads\/2025\/12\/biokap-biokap-nutricolor-delecato-rapid-n-40-chatain-naturel-coloration.jpg\",\"width\":700,\"height\":700},{\"@type\":\"BreadcrumbList\",\"@id\":\"https:\/\/paracherkaoui.ma\/index.php\/produit\/biokap-nutricolor-delecato-rapid-n-4-0-chatain-naturel\/#breadcrumb\",\"itemListElement\":[{\"@type\":\"ListItem\",\"position\":1,\"name\":\"Accueil\",\"item\":\"https:\/\/paracherkaoui.ma\/\"},{\"@type\":\"ListItem\",\"position\":2,\"name\":\"Boutique\",\"item\":\"https:\/\/paracherkaoui.ma\/index.php\/boutique\/\"},{\"@type\":\"ListItem\",\"position\":3,\"name\":\"BIOKAP NUTRICOLOR DELECATO RAPID N 4.0 CHATAIN NATUREL\"}]},{\"@type\":\"WebSite\",\"@id\":\"https:\/\/paracherkaoui.ma\/#website\",\"url\":\"https:\/\/paracherkaoui.ma\/\",\"name\":\"Paracherkaoui.ma\",\"description\":\"Achetez en ligne sur Paracherkaoui.ma\",\"potentialAction\":[{\"@type\":\"SearchAction\",\"target\":{\"@type\":\"EntryPoint\",\"urlTemplate\":\"https:\/\/paracherkaoui.ma\/?s={search_term_string}\"},\"query-input\":{\"@type\":\"PropertyValueSpecification\",\"valueRequired\":true,\"valueName\":\"search_term_string\"}}],\"inLanguage\":\"fr-FR\"}]}<\/script>\r\n<!-- \/ Yoast SEO plugin. -->","yoast_head_json":{"title":"BIOKAP NUTRICOLOR DELECATO RAPID N 4.0 CHATAIN NATUREL - Paracherkaoui.ma","robots":{"index":"index","follow":"follow","max-snippet":"max-snippet:-1","max-image-preview":"max-image-preview:large","max-video-preview":"max-video-preview:-1"},"canonical":"https:\/\/paracherkaoui.ma\/index.php\/produit\/biokap-nutricolor-delecato-rapid-n-4-0-chatain-naturel\/","og_locale":"fr_FR","og_type":"article","og_title":"BIOKAP NUTRICOLOR DELECATO RAPID N 4.0 CHATAIN NATUREL - Paracherkaoui.ma","og_description":"Les colorations BioKap\u00ae Nutricolor Delicato RAPID offrent les garanties de la gamme de colorations BioKap\u00ae Nutricolor Delicato avec un temps","og_url":"https:\/\/paracherkaoui.ma\/index.php\/produit\/biokap-nutricolor-delecato-rapid-n-4-0-chatain-naturel\/","og_site_name":"Paracherkaoui.ma","article_modified_time":"2025-12-12T17:03:01+00:00","og_image":[{"width":700,"height":700,"url":"https:\/\/paracherkaoui.ma\/wp-content\/uploads\/2025\/12\/biokap-biokap-nutricolor-delecato-rapid-n-40-chatain-naturel-coloration.jpg","type":"image\/jpeg"}],"twitter_card":"summary_large_image","schema":{"@context":"https:\/\/schema.org","@graph":[{"@type":"WebPage","@id":"https:\/\/paracherkaoui.ma\/index.php\/produit\/biokap-nutricolor-delecato-rapid-n-4-0-chatain-naturel\/","url":"https:\/\/paracherkaoui.ma\/index.php\/produit\/biokap-nutricolor-delecato-rapid-n-4-0-chatain-naturel\/","name":"BIOKAP NUTRICOLOR DELECATO RAPID N 4.0 CHATAIN NATUREL - Paracherkaoui.ma","isPartOf":{"@id":"https:\/\/paracherkaoui.ma\/#website"},"primaryImageOfPage":{"@id":"https:\/\/paracherkaoui.ma\/index.php\/produit\/biokap-nutricolor-delecato-rapid-n-4-0-chatain-naturel\/#primaryimage"},"image":{"@id":"https:\/\/paracherkaoui.ma\/index.php\/produit\/biokap-nutricolor-delecato-rapid-n-4-0-chatain-naturel\/#primaryimage"},"thumbnailUrl":"https:\/\/paracherkaoui.ma\/wp-content\/uploads\/2025\/12\/biokap-biokap-nutricolor-delecato-rapid-n-40-chatain-naturel-coloration.jpg","datePublished":"2025-12-12T17:02:55+00:00","dateModified":"2025-12-12T17:03:01+00:00","breadcrumb":{"@id":"https:\/\/paracherkaoui.ma\/index.php\/produit\/biokap-nutricolor-delecato-rapid-n-4-0-chatain-naturel\/#breadcrumb"},"inLanguage":"fr-FR","potentialAction":[{"@type":"ReadAction","target":["https:\/\/paracherkaoui.ma\/index.php\/produit\/biokap-nutricolor-delecato-rapid-n-4-0-chatain-naturel\/"]}]},{"@type":"ImageObject","inLanguage":"fr-FR","@id":"https:\/\/paracherkaoui.ma\/index.php\/produit\/biokap-nutricolor-delecato-rapid-n-4-0-chatain-naturel\/#primaryimage","url":"https:\/\/paracherkaoui.ma\/wp-content\/uploads\/2025\/12\/biokap-biokap-nutricolor-delecato-rapid-n-40-chatain-naturel-coloration.jpg","contentUrl":"https:\/\/paracherkaoui.ma\/wp-content\/uploads\/2025\/12\/biokap-biokap-nutricolor-delecato-rapid-n-40-chatain-naturel-coloration.jpg","width":700,"height":700},{"@type":"BreadcrumbList","@id":"https:\/\/paracherkaoui.ma\/index.php\/produit\/biokap-nutricolor-delecato-rapid-n-4-0-chatain-naturel\/#breadcrumb","itemListElement":[{"@type":"ListItem","position":1,"name":"Accueil","item":"https:\/\/paracherkaoui.ma\/"},{"@type":"ListItem","position":2,"name":"Boutique","item":"https:\/\/paracherkaoui.ma\/index.php\/boutique\/"},{"@type":"ListItem","position":3,"name":"BIOKAP NUTRICOLOR DELECATO RAPID N 4.0 CHATAIN NATUREL"}]},{"@type":"WebSite","@id":"https:\/\/paracherkaoui.ma\/#website","url":"https:\/\/paracherkaoui.ma\/","name":"Paracherkaoui.ma","description":"Achetez en ligne sur Paracherkaoui.ma","potentialAction":[{"@type":"SearchAction","target":{"@type":"EntryPoint","urlTemplate":"https:\/\/paracherkaoui.ma\/?s={search_term_string}"},"query-input":{"@type":"PropertyValueSpecification","valueRequired":true,"valueName":"search_term_string"}}],"inLanguage":"fr-FR"}]}},"_links":{"self":[{"href":"https:\/\/paracherkaoui.ma\/index.php\/wp-json\/wp\/v2\/product\/19351","targetHints":{"allow":["GET"]}}],"collection":[{"href":"https:\/\/paracherkaoui.ma\/index.php\/wp-json\/wp\/v2\/product"}],"about":[{"href":"https:\/\/paracherkaoui.ma\/index.php\/wp-json\/wp\/v2\/types\/product"}],"replies":[{"embeddable":true,"href":"https:\/\/paracherkaoui.ma\/index.php\/wp-json\/wp\/v2\/comments?post=19351"}],"version-history":[{"count":1,"href":"https:\/\/paracherkaoui.ma\/index.php\/wp-json\/wp\/v2\/product\/19351\/revisions"}],"predecessor-version":[{"id":19409,"href":"https:\/\/paracherkaoui.ma\/index.php\/wp-json\/wp\/v2\/product\/19351\/revisions\/19409"}],"wp:featuredmedia":[{"embeddable":true,"href":"https:\/\/paracherkaoui.ma\/index.php\/wp-json\/wp\/v2\/media\/19408"}],"wp:attachment":[{"href":"https:\/\/paracherkaoui.ma\/index.php\/wp-json\/wp\/v2\/media?parent=19351"}],"wp:term":[{"taxonomy":"product_brand","embeddable":true,"href":"https:\/\/paracherkaoui.ma\/index.php\/wp-json\/wp\/v2\/product_brand?post=19351"},{"taxonomy":"product_cat","embeddable":true,"href":"https:\/\/paracherkaoui.ma\/index.php\/wp-json\/wp\/v2\/product_cat?post=19351"},{"taxonomy":"product_tag","embeddable":true,"href":"https:\/\/paracherkaoui.ma\/index.php\/wp-json\/wp\/v2\/product_tag?post=19351"}],"curies":[{"name":"wp","href":"https:\/\/api.w.org\/{rel}","templated":true}]}}