{"id":19057,"date":"2025-12-12T18:02:27","date_gmt":"2025-12-12T17:02:27","guid":{"rendered":"https:\/\/test.ecbeaute.com\/?post_type=product&#038;p=19057"},"modified":"2025-12-12T18:02:30","modified_gmt":"2025-12-12T17:02:30","slug":"phyto-color-kit-coloration-8-1-blond-clair-cendre","status":"publish","type":"product","link":"https:\/\/paracherkaoui.ma\/index.php\/produit\/phyto-color-kit-coloration-8-1-blond-clair-cendre\/","title":{"rendered":"PHYTO COLOR KIT COLORATION 8.1 BLOND CLAIR CENDRE"},"content":{"rendered":"<p>Enrichie en pigments v\u00e9g\u00e9taux s\u00e9lectionn\u00e9s et fabriqu\u00e9s en France, issus de cinq plantes tinctoriales pour apporter des reflets naturels et lumineux.<br \/>\nAvec un minimum de 7 pigments par nuance, la coloration PHYTO\u00a0colore naturellement la fibre pour assurer un r\u00e9sultat couleur intense, naturels et nuanc\u00e9 de reflets lumineux.<\/p>\n<p>Des huiles de Jojoba et Mono\u00ef, un duo d&rsquo;huiles pr\u00e9cieuses qui magnifient la couleur.<br \/>\nDeux huiles 100% d&rsquo;origine v\u00e9g\u00e9tale\u00a0qui agissent comme de v\u00e9ritable boosters de brillance.<\/p>\n<p>Un extrait d&rsquo;\u00e9corce de Jujubier et de d&rsquo;\u00c9palineTM\u00a0(ou Huile de ma\u00efs oxyd\u00e9e) apportent respect et confort au cuir chevelu.<\/p>\n<p>Test\u00e9 sous contr\u00f4le dermatologique.<br \/>\nUne formule facile \u00e0 appliquer gr\u00e2ce \u00e0 sa texture gel.<br \/>\nLa cr\u00e8me colorante ne contient ni ammoniaque, ni silicones.<br \/>\nLe PPD (p-ph\u00e9nyl\u00e8nediamine) est remplac\u00e9 par des d\u00e9riv\u00e9s<br \/>\nCONSEILS D&rsquo;UTILISATION:<br \/>\nAPPLICATION FACILE :\u00a0sur cheveux secs, non lav\u00e9s<br \/>\nPorter des gants appropri\u00e9s mono-usage.<br \/>\n&#8211; cas n\u00b01 : cheveux qui n\u2019ont jamais \u00e9t\u00e9 color\u00e9s :\u00a0appliquez le m\u00e9lange \u00e0 la racine puis r\u00e9partissez ensuite le restant du produit sur l\u2019ensemble de la chevelure. Laissez agir 30 minutes.<br \/>\nLaissez agir 40 minutes si vous avez plus de 50% de cheveux blancs. Rincez abondamment \u00e0 l\u2019eau ti\u00e8de jusqu\u2019\u00e0 ce que l\u2019eau soit claire.<br \/>\n&#8211; cas n\u00b02 : cheveux d\u00e9j\u00e0 color\u00e9s, en retouche racines :\u00a0appliquez le m\u00e9lange \u00e0 la racine uniquement et laissez agir 20 minutes.<br \/>\nLaissez agir 30 minutes si vous avez plus de 50% de cheveux blancs. R\u00e9partissez ensuite le restant du produit sur les longueurs et pointes et laissez agir 10 minutes. Rincez abondamment \u00e0 l\u2019eau ti\u00e8de jusqu\u2019\u00e0 ce que l\u2019eau soit claire.<\/p>\n","protected":false},"excerpt":{"rendered":"<p>Enrichie en pigments v\u00e9g\u00e9taux s\u00e9lectionn\u00e9s et fabriqu\u00e9s en France, issus de cinq plantes tinctoriales pour apporter des reflets naturels et<\/p>\n","protected":false},"featured_media":19091,"comment_status":"open","ping_status":"closed","template":"","meta":[],"product_brand":[233],"product_cat":[338],"product_tag":[],"class_list":{"0":"post-19057","1":"product","2":"type-product","3":"status-publish","4":"has-post-thumbnail","6":"product_brand-phyto","7":"product_cat-coloration-cheveux","9":"first","10":"instock","11":"shipping-taxable","12":"purchasable","13":"product-type-simple"},"yoast_head":"<!-- This site is optimized with the Yoast SEO plugin v26.6 - https:\/\/yoast.com\/wordpress\/plugins\/seo\/ -->\r\n<title>PHYTO COLOR KIT COLORATION 8.1 BLOND CLAIR CENDRE - Paracherkaoui.ma<\/title>\r\n<meta name=\"robots\" content=\"index, follow, max-snippet:-1, max-image-preview:large, max-video-preview:-1\" \/>\r\n<link rel=\"canonical\" href=\"https:\/\/paracherkaoui.ma\/index.php\/produit\/phyto-color-kit-coloration-8-1-blond-clair-cendre\/\" \/>\r\n<meta property=\"og:locale\" content=\"fr_FR\" \/>\r\n<meta property=\"og:type\" content=\"article\" \/>\r\n<meta property=\"og:title\" content=\"PHYTO COLOR KIT COLORATION 8.1 BLOND CLAIR CENDRE - Paracherkaoui.ma\" \/>\r\n<meta property=\"og:description\" content=\"Enrichie en pigments v\u00e9g\u00e9taux s\u00e9lectionn\u00e9s et fabriqu\u00e9s en France, issus de cinq plantes tinctoriales pour apporter des reflets naturels et\" \/>\r\n<meta property=\"og:url\" content=\"https:\/\/paracherkaoui.ma\/index.php\/produit\/phyto-color-kit-coloration-8-1-blond-clair-cendre\/\" \/>\r\n<meta property=\"og:site_name\" content=\"Paracherkaoui.ma\" \/>\r\n<meta property=\"article:modified_time\" content=\"2025-12-12T17:02:30+00:00\" \/>\r\n<meta property=\"og:image\" content=\"https:\/\/paracherkaoui.ma\/wp-content\/uploads\/2025\/12\/phyto-phyto-color-kit-coloration-81-blond-clair-cendre-coloration.jpg\" \/>\r\n\t<meta property=\"og:image:width\" content=\"700\" \/>\r\n\t<meta property=\"og:image:height\" content=\"700\" \/>\r\n\t<meta property=\"og:image:type\" content=\"image\/jpeg\" \/>\r\n<meta name=\"twitter:card\" content=\"summary_large_image\" \/>\r\n<meta name=\"twitter:label1\" content=\"Dur\u00e9e de lecture estim\u00e9e\" \/>\n\t<meta name=\"twitter:data1\" content=\"1 minute\" \/>\r\n<script type=\"application\/ld+json\" class=\"yoast-schema-graph\">{\"@context\":\"https:\/\/schema.org\",\"@graph\":[{\"@type\":\"WebPage\",\"@id\":\"https:\/\/paracherkaoui.ma\/index.php\/produit\/phyto-color-kit-coloration-8-1-blond-clair-cendre\/\",\"url\":\"https:\/\/paracherkaoui.ma\/index.php\/produit\/phyto-color-kit-coloration-8-1-blond-clair-cendre\/\",\"name\":\"PHYTO COLOR KIT COLORATION 8.1 BLOND CLAIR CENDRE - Paracherkaoui.ma\",\"isPartOf\":{\"@id\":\"https:\/\/paracherkaoui.ma\/#website\"},\"primaryImageOfPage\":{\"@id\":\"https:\/\/paracherkaoui.ma\/index.php\/produit\/phyto-color-kit-coloration-8-1-blond-clair-cendre\/#primaryimage\"},\"image\":{\"@id\":\"https:\/\/paracherkaoui.ma\/index.php\/produit\/phyto-color-kit-coloration-8-1-blond-clair-cendre\/#primaryimage\"},\"thumbnailUrl\":\"https:\/\/paracherkaoui.ma\/wp-content\/uploads\/2025\/12\/phyto-phyto-color-kit-coloration-81-blond-clair-cendre-coloration.jpg\",\"datePublished\":\"2025-12-12T17:02:27+00:00\",\"dateModified\":\"2025-12-12T17:02:30+00:00\",\"breadcrumb\":{\"@id\":\"https:\/\/paracherkaoui.ma\/index.php\/produit\/phyto-color-kit-coloration-8-1-blond-clair-cendre\/#breadcrumb\"},\"inLanguage\":\"fr-FR\",\"potentialAction\":[{\"@type\":\"ReadAction\",\"target\":[\"https:\/\/paracherkaoui.ma\/index.php\/produit\/phyto-color-kit-coloration-8-1-blond-clair-cendre\/\"]}]},{\"@type\":\"ImageObject\",\"inLanguage\":\"fr-FR\",\"@id\":\"https:\/\/paracherkaoui.ma\/index.php\/produit\/phyto-color-kit-coloration-8-1-blond-clair-cendre\/#primaryimage\",\"url\":\"https:\/\/paracherkaoui.ma\/wp-content\/uploads\/2025\/12\/phyto-phyto-color-kit-coloration-81-blond-clair-cendre-coloration.jpg\",\"contentUrl\":\"https:\/\/paracherkaoui.ma\/wp-content\/uploads\/2025\/12\/phyto-phyto-color-kit-coloration-81-blond-clair-cendre-coloration.jpg\",\"width\":700,\"height\":700},{\"@type\":\"BreadcrumbList\",\"@id\":\"https:\/\/paracherkaoui.ma\/index.php\/produit\/phyto-color-kit-coloration-8-1-blond-clair-cendre\/#breadcrumb\",\"itemListElement\":[{\"@type\":\"ListItem\",\"position\":1,\"name\":\"Accueil\",\"item\":\"https:\/\/paracherkaoui.ma\/\"},{\"@type\":\"ListItem\",\"position\":2,\"name\":\"Boutique\",\"item\":\"https:\/\/paracherkaoui.ma\/index.php\/boutique\/\"},{\"@type\":\"ListItem\",\"position\":3,\"name\":\"PHYTO COLOR KIT COLORATION 8.1 BLOND CLAIR CENDRE\"}]},{\"@type\":\"WebSite\",\"@id\":\"https:\/\/paracherkaoui.ma\/#website\",\"url\":\"https:\/\/paracherkaoui.ma\/\",\"name\":\"Paracherkaoui.ma\",\"description\":\"Achetez en ligne sur Paracherkaoui.ma\",\"potentialAction\":[{\"@type\":\"SearchAction\",\"target\":{\"@type\":\"EntryPoint\",\"urlTemplate\":\"https:\/\/paracherkaoui.ma\/?s={search_term_string}\"},\"query-input\":{\"@type\":\"PropertyValueSpecification\",\"valueRequired\":true,\"valueName\":\"search_term_string\"}}],\"inLanguage\":\"fr-FR\"}]}<\/script>\r\n<!-- \/ Yoast SEO plugin. -->","yoast_head_json":{"title":"PHYTO COLOR KIT COLORATION 8.1 BLOND CLAIR CENDRE - Paracherkaoui.ma","robots":{"index":"index","follow":"follow","max-snippet":"max-snippet:-1","max-image-preview":"max-image-preview:large","max-video-preview":"max-video-preview:-1"},"canonical":"https:\/\/paracherkaoui.ma\/index.php\/produit\/phyto-color-kit-coloration-8-1-blond-clair-cendre\/","og_locale":"fr_FR","og_type":"article","og_title":"PHYTO COLOR KIT COLORATION 8.1 BLOND CLAIR CENDRE - Paracherkaoui.ma","og_description":"Enrichie en pigments v\u00e9g\u00e9taux s\u00e9lectionn\u00e9s et fabriqu\u00e9s en France, issus de cinq plantes tinctoriales pour apporter des reflets naturels et","og_url":"https:\/\/paracherkaoui.ma\/index.php\/produit\/phyto-color-kit-coloration-8-1-blond-clair-cendre\/","og_site_name":"Paracherkaoui.ma","article_modified_time":"2025-12-12T17:02:30+00:00","og_image":[{"width":700,"height":700,"url":"https:\/\/paracherkaoui.ma\/wp-content\/uploads\/2025\/12\/phyto-phyto-color-kit-coloration-81-blond-clair-cendre-coloration.jpg","type":"image\/jpeg"}],"twitter_card":"summary_large_image","twitter_misc":{"Dur\u00e9e de lecture estim\u00e9e":"1 minute"},"schema":{"@context":"https:\/\/schema.org","@graph":[{"@type":"WebPage","@id":"https:\/\/paracherkaoui.ma\/index.php\/produit\/phyto-color-kit-coloration-8-1-blond-clair-cendre\/","url":"https:\/\/paracherkaoui.ma\/index.php\/produit\/phyto-color-kit-coloration-8-1-blond-clair-cendre\/","name":"PHYTO COLOR KIT COLORATION 8.1 BLOND CLAIR CENDRE - Paracherkaoui.ma","isPartOf":{"@id":"https:\/\/paracherkaoui.ma\/#website"},"primaryImageOfPage":{"@id":"https:\/\/paracherkaoui.ma\/index.php\/produit\/phyto-color-kit-coloration-8-1-blond-clair-cendre\/#primaryimage"},"image":{"@id":"https:\/\/paracherkaoui.ma\/index.php\/produit\/phyto-color-kit-coloration-8-1-blond-clair-cendre\/#primaryimage"},"thumbnailUrl":"https:\/\/paracherkaoui.ma\/wp-content\/uploads\/2025\/12\/phyto-phyto-color-kit-coloration-81-blond-clair-cendre-coloration.jpg","datePublished":"2025-12-12T17:02:27+00:00","dateModified":"2025-12-12T17:02:30+00:00","breadcrumb":{"@id":"https:\/\/paracherkaoui.ma\/index.php\/produit\/phyto-color-kit-coloration-8-1-blond-clair-cendre\/#breadcrumb"},"inLanguage":"fr-FR","potentialAction":[{"@type":"ReadAction","target":["https:\/\/paracherkaoui.ma\/index.php\/produit\/phyto-color-kit-coloration-8-1-blond-clair-cendre\/"]}]},{"@type":"ImageObject","inLanguage":"fr-FR","@id":"https:\/\/paracherkaoui.ma\/index.php\/produit\/phyto-color-kit-coloration-8-1-blond-clair-cendre\/#primaryimage","url":"https:\/\/paracherkaoui.ma\/wp-content\/uploads\/2025\/12\/phyto-phyto-color-kit-coloration-81-blond-clair-cendre-coloration.jpg","contentUrl":"https:\/\/paracherkaoui.ma\/wp-content\/uploads\/2025\/12\/phyto-phyto-color-kit-coloration-81-blond-clair-cendre-coloration.jpg","width":700,"height":700},{"@type":"BreadcrumbList","@id":"https:\/\/paracherkaoui.ma\/index.php\/produit\/phyto-color-kit-coloration-8-1-blond-clair-cendre\/#breadcrumb","itemListElement":[{"@type":"ListItem","position":1,"name":"Accueil","item":"https:\/\/paracherkaoui.ma\/"},{"@type":"ListItem","position":2,"name":"Boutique","item":"https:\/\/paracherkaoui.ma\/index.php\/boutique\/"},{"@type":"ListItem","position":3,"name":"PHYTO COLOR KIT COLORATION 8.1 BLOND CLAIR CENDRE"}]},{"@type":"WebSite","@id":"https:\/\/paracherkaoui.ma\/#website","url":"https:\/\/paracherkaoui.ma\/","name":"Paracherkaoui.ma","description":"Achetez en ligne sur Paracherkaoui.ma","potentialAction":[{"@type":"SearchAction","target":{"@type":"EntryPoint","urlTemplate":"https:\/\/paracherkaoui.ma\/?s={search_term_string}"},"query-input":{"@type":"PropertyValueSpecification","valueRequired":true,"valueName":"search_term_string"}}],"inLanguage":"fr-FR"}]}},"_links":{"self":[{"href":"https:\/\/paracherkaoui.ma\/index.php\/wp-json\/wp\/v2\/product\/19057","targetHints":{"allow":["GET"]}}],"collection":[{"href":"https:\/\/paracherkaoui.ma\/index.php\/wp-json\/wp\/v2\/product"}],"about":[{"href":"https:\/\/paracherkaoui.ma\/index.php\/wp-json\/wp\/v2\/types\/product"}],"replies":[{"embeddable":true,"href":"https:\/\/paracherkaoui.ma\/index.php\/wp-json\/wp\/v2\/comments?post=19057"}],"version-history":[{"count":1,"href":"https:\/\/paracherkaoui.ma\/index.php\/wp-json\/wp\/v2\/product\/19057\/revisions"}],"predecessor-version":[{"id":19092,"href":"https:\/\/paracherkaoui.ma\/index.php\/wp-json\/wp\/v2\/product\/19057\/revisions\/19092"}],"wp:featuredmedia":[{"embeddable":true,"href":"https:\/\/paracherkaoui.ma\/index.php\/wp-json\/wp\/v2\/media\/19091"}],"wp:attachment":[{"href":"https:\/\/paracherkaoui.ma\/index.php\/wp-json\/wp\/v2\/media?parent=19057"}],"wp:term":[{"taxonomy":"product_brand","embeddable":true,"href":"https:\/\/paracherkaoui.ma\/index.php\/wp-json\/wp\/v2\/product_brand?post=19057"},{"taxonomy":"product_cat","embeddable":true,"href":"https:\/\/paracherkaoui.ma\/index.php\/wp-json\/wp\/v2\/product_cat?post=19057"},{"taxonomy":"product_tag","embeddable":true,"href":"https:\/\/paracherkaoui.ma\/index.php\/wp-json\/wp\/v2\/product_tag?post=19057"}],"curies":[{"name":"wp","href":"https:\/\/api.w.org\/{rel}","templated":true}]}}