{"id":18966,"date":"2025-12-12T18:02:16","date_gmt":"2025-12-12T17:02:16","guid":{"rendered":"https:\/\/test.ecbeaute.com\/?post_type=product&#038;p=18966"},"modified":"2025-12-12T18:02:18","modified_gmt":"2025-12-12T17:02:18","slug":"phyto-curls-gel-creme-definition-boucles-150-ml-2","status":"publish","type":"product","link":"https:\/\/paracherkaoui.ma\/index.php\/produit\/phyto-curls-gel-creme-definition-boucles-150-ml-2\/","title":{"rendered":"PHYTO CURLS GEL CREME DEFINITION BOUCLES 150 ML"},"content":{"rendered":"<p>Le PHYTO CURLS GEL CR\u00c8ME D\u00c9FINITION BOUCLES 150 ML est un soin r\u00e9volutionnaire qui red\u00e9finit la forme naturelle des boucles et des ondulations tout en apportant douceur et brillance. Fini l&rsquo;effet \u00ab\u00a0carton\u00a0\u00bb souvent associ\u00e9 aux produits capillaires classiques, ce gel-cr\u00e8me nourrit les boucles tout en les maintenant souples et soyeuses, offrant une d\u00e9finition parfaite tout au long de la journ\u00e9e. L\u2019un des secrets de son efficacit\u00e9 r\u00e9side dans son complexe Hydra Curl, qui gaine chaque m\u00e8che pour des boucles parfaitement d\u00e9finies et ultra-hydrat\u00e9es. La gomme de tara cr\u00e9e une barri\u00e8re protectrice autour de la fibre capillaire pour \u00e9viter l&rsquo;humidit\u00e9 et garantir une tenue anti-frisottis pendant 24 heures. Vous dites adieu aux frisottis et bonjour \u00e0 des boucles lisses et disciplin\u00e9es, m\u00eame en journ\u00e9e humide. Enrichi avec l&rsquo;extrait de mauve blanche, ce gel-cr\u00e8me apporte \u00e9galement une brillance \u00e9clatante \u00e0 vos cheveux, les rendant deux fois plus lumineux*. Ce soin est \u00e9galement sans silicones, respectant ainsi la sant\u00e9 de vos cheveux tout en leur offrant une finition naturelle et l\u00e9g\u00e8re. Que vous ayez des boucles serr\u00e9es ou des ondulations souples, le PHYTO CURLS GEL CR\u00c8ME vous offre un contr\u00f4le optimal et une d\u00e9finition longue dur\u00e9e. Vos boucles restent \u00e9lastiques, souples et rebondissantes, pour un look soign\u00e9 sans compromis sur la l\u00e9g\u00e8ret\u00e9 et la douceur. Parfait pour les cheveux boucl\u00e9s et ondul\u00e9s, ce produit sera un incontournable dans votre routine de soin capillaire. Conseils d&rsquo;utilisation : Application : Appliquez le gel-cr\u00e8me sur cheveux humides apr\u00e8s le shampooing. R\u00e9partition : R\u00e9partissez le produit uniform\u00e9ment des racines aux pointes. Formation des boucles : D\u00e9finissez vos boucles avec vos doigts ou un peigne \u00e0 dents larges. Composition : AQUA \/ WATER \/ EAU. ERYTHRITOL. PROPANEDIOL. PRUNUS AMYGDALUS DULCIS (SWEET ALMOND) OIL. POLYQUATERNIUM-37. CETEARYL ALCOHOL. DISTEAROYLETHYL DIMONIUM CHLORIDE. SHOREA STENOPTERA SEED BUTTER. PARFUM \/ FRAGRANCE. CAESALPINIA SPINOSA GUM. PANTHENOL. CHLORPHENESIN. BEHENTRIMONIUM CHLORIDE. SODIUM BENZOATE. LINALOOL. TOCOPHEROL. ALTHAEA OFFICINALIS ROOT EXTRACT. CITRIC ACID. LINALYL ACETATE. ALPHA-ISOMETHYL IONONE. HELIANTHUS ANNUUS (SUNFLOWER) SEED OIL. LIMONENE. HEXYL CINNAMAL. TETRAMETHYL ACETYLOCTAHYDRONAPHTHALENES. BENZALDEHYDE. CITRONELLOL.<\/p>\n","protected":false},"excerpt":{"rendered":"<p>Le PHYTO CURLS GEL CR\u00c8ME D\u00c9FINITION BOUCLES 150 ML est un soin r\u00e9volutionnaire qui red\u00e9finit la forme naturelle des boucles<\/p>\n","protected":false},"featured_media":16178,"comment_status":"open","ping_status":"closed","template":"","meta":[],"product_brand":[233],"product_cat":[333],"product_tag":[],"class_list":{"0":"post-18966","1":"product","2":"type-product","3":"status-publish","4":"has-post-thumbnail","6":"product_brand-phyto","7":"product_cat-gels-coiffants","9":"first","10":"instock","11":"shipping-taxable","12":"purchasable","13":"product-type-simple"},"yoast_head":"<!-- This site is optimized with the Yoast SEO plugin v26.6 - https:\/\/yoast.com\/wordpress\/plugins\/seo\/ -->\r\n<title>PHYTO CURLS GEL CREME DEFINITION BOUCLES 150 ML - Paracherkaoui.ma<\/title>\r\n<meta name=\"robots\" content=\"index, follow, max-snippet:-1, max-image-preview:large, max-video-preview:-1\" \/>\r\n<link rel=\"canonical\" href=\"https:\/\/paracherkaoui.ma\/index.php\/produit\/phyto-curls-gel-creme-definition-boucles-150-ml-2\/\" \/>\r\n<meta property=\"og:locale\" content=\"fr_FR\" \/>\r\n<meta property=\"og:type\" content=\"article\" \/>\r\n<meta property=\"og:title\" content=\"PHYTO CURLS GEL CREME DEFINITION BOUCLES 150 ML - Paracherkaoui.ma\" \/>\r\n<meta property=\"og:description\" content=\"Le PHYTO CURLS GEL CR\u00c8ME D\u00c9FINITION BOUCLES 150 ML est un soin r\u00e9volutionnaire qui red\u00e9finit la forme naturelle des boucles\" \/>\r\n<meta property=\"og:url\" content=\"https:\/\/paracherkaoui.ma\/index.php\/produit\/phyto-curls-gel-creme-definition-boucles-150-ml-2\/\" \/>\r\n<meta property=\"og:site_name\" content=\"Paracherkaoui.ma\" \/>\r\n<meta property=\"article:modified_time\" content=\"2025-12-12T17:02:18+00:00\" \/>\r\n<meta property=\"og:image\" content=\"https:\/\/paracherkaoui.ma\/wp-content\/uploads\/2025\/12\/phyto-curls-gel-creme-definition-boucles-150-ml.jpg\" \/>\r\n\t<meta property=\"og:image:width\" content=\"700\" \/>\r\n\t<meta property=\"og:image:height\" content=\"700\" \/>\r\n\t<meta property=\"og:image:type\" content=\"image\/jpeg\" \/>\r\n<meta name=\"twitter:card\" content=\"summary_large_image\" \/>\r\n<meta name=\"twitter:label1\" content=\"Dur\u00e9e de lecture estim\u00e9e\" \/>\n\t<meta name=\"twitter:data1\" content=\"2 minutes\" \/>\r\n<script type=\"application\/ld+json\" class=\"yoast-schema-graph\">{\"@context\":\"https:\/\/schema.org\",\"@graph\":[{\"@type\":\"WebPage\",\"@id\":\"https:\/\/paracherkaoui.ma\/index.php\/produit\/phyto-curls-gel-creme-definition-boucles-150-ml-2\/\",\"url\":\"https:\/\/paracherkaoui.ma\/index.php\/produit\/phyto-curls-gel-creme-definition-boucles-150-ml-2\/\",\"name\":\"PHYTO CURLS GEL CREME DEFINITION BOUCLES 150 ML - Paracherkaoui.ma\",\"isPartOf\":{\"@id\":\"https:\/\/paracherkaoui.ma\/#website\"},\"primaryImageOfPage\":{\"@id\":\"https:\/\/paracherkaoui.ma\/index.php\/produit\/phyto-curls-gel-creme-definition-boucles-150-ml-2\/#primaryimage\"},\"image\":{\"@id\":\"https:\/\/paracherkaoui.ma\/index.php\/produit\/phyto-curls-gel-creme-definition-boucles-150-ml-2\/#primaryimage\"},\"thumbnailUrl\":\"https:\/\/paracherkaoui.ma\/wp-content\/uploads\/2025\/12\/phyto-curls-gel-creme-definition-boucles-150-ml.jpg\",\"datePublished\":\"2025-12-12T17:02:16+00:00\",\"dateModified\":\"2025-12-12T17:02:18+00:00\",\"breadcrumb\":{\"@id\":\"https:\/\/paracherkaoui.ma\/index.php\/produit\/phyto-curls-gel-creme-definition-boucles-150-ml-2\/#breadcrumb\"},\"inLanguage\":\"fr-FR\",\"potentialAction\":[{\"@type\":\"ReadAction\",\"target\":[\"https:\/\/paracherkaoui.ma\/index.php\/produit\/phyto-curls-gel-creme-definition-boucles-150-ml-2\/\"]}]},{\"@type\":\"ImageObject\",\"inLanguage\":\"fr-FR\",\"@id\":\"https:\/\/paracherkaoui.ma\/index.php\/produit\/phyto-curls-gel-creme-definition-boucles-150-ml-2\/#primaryimage\",\"url\":\"https:\/\/paracherkaoui.ma\/wp-content\/uploads\/2025\/12\/phyto-curls-gel-creme-definition-boucles-150-ml.jpg\",\"contentUrl\":\"https:\/\/paracherkaoui.ma\/wp-content\/uploads\/2025\/12\/phyto-curls-gel-creme-definition-boucles-150-ml.jpg\",\"width\":700,\"height\":700},{\"@type\":\"BreadcrumbList\",\"@id\":\"https:\/\/paracherkaoui.ma\/index.php\/produit\/phyto-curls-gel-creme-definition-boucles-150-ml-2\/#breadcrumb\",\"itemListElement\":[{\"@type\":\"ListItem\",\"position\":1,\"name\":\"Accueil\",\"item\":\"https:\/\/paracherkaoui.ma\/\"},{\"@type\":\"ListItem\",\"position\":2,\"name\":\"Boutique\",\"item\":\"https:\/\/paracherkaoui.ma\/index.php\/boutique\/\"},{\"@type\":\"ListItem\",\"position\":3,\"name\":\"PHYTO CURLS GEL CREME DEFINITION BOUCLES 150 ML\"}]},{\"@type\":\"WebSite\",\"@id\":\"https:\/\/paracherkaoui.ma\/#website\",\"url\":\"https:\/\/paracherkaoui.ma\/\",\"name\":\"Paracherkaoui.ma\",\"description\":\"Achetez en ligne sur Paracherkaoui.ma\",\"potentialAction\":[{\"@type\":\"SearchAction\",\"target\":{\"@type\":\"EntryPoint\",\"urlTemplate\":\"https:\/\/paracherkaoui.ma\/?s={search_term_string}\"},\"query-input\":{\"@type\":\"PropertyValueSpecification\",\"valueRequired\":true,\"valueName\":\"search_term_string\"}}],\"inLanguage\":\"fr-FR\"}]}<\/script>\r\n<!-- \/ Yoast SEO plugin. -->","yoast_head_json":{"title":"PHYTO CURLS GEL CREME DEFINITION BOUCLES 150 ML - Paracherkaoui.ma","robots":{"index":"index","follow":"follow","max-snippet":"max-snippet:-1","max-image-preview":"max-image-preview:large","max-video-preview":"max-video-preview:-1"},"canonical":"https:\/\/paracherkaoui.ma\/index.php\/produit\/phyto-curls-gel-creme-definition-boucles-150-ml-2\/","og_locale":"fr_FR","og_type":"article","og_title":"PHYTO CURLS GEL CREME DEFINITION BOUCLES 150 ML - Paracherkaoui.ma","og_description":"Le PHYTO CURLS GEL CR\u00c8ME D\u00c9FINITION BOUCLES 150 ML est un soin r\u00e9volutionnaire qui red\u00e9finit la forme naturelle des boucles","og_url":"https:\/\/paracherkaoui.ma\/index.php\/produit\/phyto-curls-gel-creme-definition-boucles-150-ml-2\/","og_site_name":"Paracherkaoui.ma","article_modified_time":"2025-12-12T17:02:18+00:00","og_image":[{"width":700,"height":700,"url":"https:\/\/paracherkaoui.ma\/wp-content\/uploads\/2025\/12\/phyto-curls-gel-creme-definition-boucles-150-ml.jpg","type":"image\/jpeg"}],"twitter_card":"summary_large_image","twitter_misc":{"Dur\u00e9e de lecture estim\u00e9e":"2 minutes"},"schema":{"@context":"https:\/\/schema.org","@graph":[{"@type":"WebPage","@id":"https:\/\/paracherkaoui.ma\/index.php\/produit\/phyto-curls-gel-creme-definition-boucles-150-ml-2\/","url":"https:\/\/paracherkaoui.ma\/index.php\/produit\/phyto-curls-gel-creme-definition-boucles-150-ml-2\/","name":"PHYTO CURLS GEL CREME DEFINITION BOUCLES 150 ML - Paracherkaoui.ma","isPartOf":{"@id":"https:\/\/paracherkaoui.ma\/#website"},"primaryImageOfPage":{"@id":"https:\/\/paracherkaoui.ma\/index.php\/produit\/phyto-curls-gel-creme-definition-boucles-150-ml-2\/#primaryimage"},"image":{"@id":"https:\/\/paracherkaoui.ma\/index.php\/produit\/phyto-curls-gel-creme-definition-boucles-150-ml-2\/#primaryimage"},"thumbnailUrl":"https:\/\/paracherkaoui.ma\/wp-content\/uploads\/2025\/12\/phyto-curls-gel-creme-definition-boucles-150-ml.jpg","datePublished":"2025-12-12T17:02:16+00:00","dateModified":"2025-12-12T17:02:18+00:00","breadcrumb":{"@id":"https:\/\/paracherkaoui.ma\/index.php\/produit\/phyto-curls-gel-creme-definition-boucles-150-ml-2\/#breadcrumb"},"inLanguage":"fr-FR","potentialAction":[{"@type":"ReadAction","target":["https:\/\/paracherkaoui.ma\/index.php\/produit\/phyto-curls-gel-creme-definition-boucles-150-ml-2\/"]}]},{"@type":"ImageObject","inLanguage":"fr-FR","@id":"https:\/\/paracherkaoui.ma\/index.php\/produit\/phyto-curls-gel-creme-definition-boucles-150-ml-2\/#primaryimage","url":"https:\/\/paracherkaoui.ma\/wp-content\/uploads\/2025\/12\/phyto-curls-gel-creme-definition-boucles-150-ml.jpg","contentUrl":"https:\/\/paracherkaoui.ma\/wp-content\/uploads\/2025\/12\/phyto-curls-gel-creme-definition-boucles-150-ml.jpg","width":700,"height":700},{"@type":"BreadcrumbList","@id":"https:\/\/paracherkaoui.ma\/index.php\/produit\/phyto-curls-gel-creme-definition-boucles-150-ml-2\/#breadcrumb","itemListElement":[{"@type":"ListItem","position":1,"name":"Accueil","item":"https:\/\/paracherkaoui.ma\/"},{"@type":"ListItem","position":2,"name":"Boutique","item":"https:\/\/paracherkaoui.ma\/index.php\/boutique\/"},{"@type":"ListItem","position":3,"name":"PHYTO CURLS GEL CREME DEFINITION BOUCLES 150 ML"}]},{"@type":"WebSite","@id":"https:\/\/paracherkaoui.ma\/#website","url":"https:\/\/paracherkaoui.ma\/","name":"Paracherkaoui.ma","description":"Achetez en ligne sur Paracherkaoui.ma","potentialAction":[{"@type":"SearchAction","target":{"@type":"EntryPoint","urlTemplate":"https:\/\/paracherkaoui.ma\/?s={search_term_string}"},"query-input":{"@type":"PropertyValueSpecification","valueRequired":true,"valueName":"search_term_string"}}],"inLanguage":"fr-FR"}]}},"_links":{"self":[{"href":"https:\/\/paracherkaoui.ma\/index.php\/wp-json\/wp\/v2\/product\/18966","targetHints":{"allow":["GET"]}}],"collection":[{"href":"https:\/\/paracherkaoui.ma\/index.php\/wp-json\/wp\/v2\/product"}],"about":[{"href":"https:\/\/paracherkaoui.ma\/index.php\/wp-json\/wp\/v2\/types\/product"}],"replies":[{"embeddable":true,"href":"https:\/\/paracherkaoui.ma\/index.php\/wp-json\/wp\/v2\/comments?post=18966"}],"version-history":[{"count":1,"href":"https:\/\/paracherkaoui.ma\/index.php\/wp-json\/wp\/v2\/product\/18966\/revisions"}],"predecessor-version":[{"id":18996,"href":"https:\/\/paracherkaoui.ma\/index.php\/wp-json\/wp\/v2\/product\/18966\/revisions\/18996"}],"wp:featuredmedia":[{"embeddable":true,"href":"https:\/\/paracherkaoui.ma\/index.php\/wp-json\/wp\/v2\/media\/16178"}],"wp:attachment":[{"href":"https:\/\/paracherkaoui.ma\/index.php\/wp-json\/wp\/v2\/media?parent=18966"}],"wp:term":[{"taxonomy":"product_brand","embeddable":true,"href":"https:\/\/paracherkaoui.ma\/index.php\/wp-json\/wp\/v2\/product_brand?post=18966"},{"taxonomy":"product_cat","embeddable":true,"href":"https:\/\/paracherkaoui.ma\/index.php\/wp-json\/wp\/v2\/product_cat?post=18966"},{"taxonomy":"product_tag","embeddable":true,"href":"https:\/\/paracherkaoui.ma\/index.php\/wp-json\/wp\/v2\/product_tag?post=18966"}],"curies":[{"name":"wp","href":"https:\/\/api.w.org\/{rel}","templated":true}]}}