{"id":18924,"date":"2025-12-12T18:02:00","date_gmt":"2025-12-12T17:02:00","guid":{"rendered":"https:\/\/test.ecbeaute.com\/?post_type=product&#038;p=18924"},"modified":"2025-12-12T18:02:03","modified_gmt":"2025-12-12T17:02:03","slug":"odarym-gel-de-lin-fixateur-naturel-100-ml","status":"publish","type":"product","link":"https:\/\/paracherkaoui.ma\/index.php\/produit\/odarym-gel-de-lin-fixateur-naturel-100-ml\/","title":{"rendered":"ODARYM GEL DE LIN FIXATEUR NATUREL 100 ML"},"content":{"rendered":"<p>Le Gel de Lin est le produit indispensable de tes cheveux boucl\u00e9s pour fixer tes boucles apr\u00e8s le leave in, en plus de ces propri\u00e9t\u00e9s hydratantes, il ravira aussi tes cheveux lisses pour hydrater tes cheveux encore plus tu peux le m\u00e9langer avec le masque capillaire ! Ses propri\u00e9t\u00e9s hydratantes raviront tous les cheveux, il aide aussi \u00e0 lutter contre les frisottis. Conseils d&rsquo;utilisation: Si tu as des cheveux boucl\u00e9s : Apr\u00e8s avoir appliqu\u00e9 ton leave in ( pour d\u00e9finir tes boucles ) sur cheveux mouill\u00e9s et uniquement sur les longueurs, applique ton gel de lin pour fixer tes jolies bouclettes ! Si tu sens que tes cheveux ont s\u00e9ch\u00e9 vaporise de l&rsquo;eau ! Si tu as des cheveux lisses ou boucl\u00e9s : Pour encore plus de bienfaits dans tes masques capillaires, tu ajoutes 4 grandes cuill\u00e8res de gel de lin dans le m\u00e9lange !<\/p>\n","protected":false},"excerpt":{"rendered":"<p>Le Gel de Lin est le produit indispensable de tes cheveux boucl\u00e9s pour fixer tes boucles apr\u00e8s le leave in,<\/p>\n","protected":false},"featured_media":18958,"comment_status":"open","ping_status":"closed","template":"","meta":[],"product_brand":[208],"product_cat":[333],"product_tag":[],"class_list":{"0":"post-18924","1":"product","2":"type-product","3":"status-publish","4":"has-post-thumbnail","6":"product_brand-odarym","7":"product_cat-gels-coiffants","9":"first","10":"instock","11":"shipping-taxable","12":"purchasable","13":"product-type-simple"},"yoast_head":"<!-- This site is optimized with the Yoast SEO plugin v26.6 - https:\/\/yoast.com\/wordpress\/plugins\/seo\/ -->\r\n<title>ODARYM GEL DE LIN FIXATEUR NATUREL 100 ML - Paracherkaoui.ma<\/title>\r\n<meta name=\"robots\" content=\"index, follow, max-snippet:-1, max-image-preview:large, max-video-preview:-1\" \/>\r\n<link rel=\"canonical\" href=\"https:\/\/paracherkaoui.ma\/index.php\/produit\/odarym-gel-de-lin-fixateur-naturel-100-ml\/\" \/>\r\n<meta property=\"og:locale\" content=\"fr_FR\" \/>\r\n<meta property=\"og:type\" content=\"article\" \/>\r\n<meta property=\"og:title\" content=\"ODARYM GEL DE LIN FIXATEUR NATUREL 100 ML - Paracherkaoui.ma\" \/>\r\n<meta property=\"og:description\" content=\"Le Gel de Lin est le produit indispensable de tes cheveux boucl\u00e9s pour fixer tes boucles apr\u00e8s le leave in,\" \/>\r\n<meta property=\"og:url\" content=\"https:\/\/paracherkaoui.ma\/index.php\/produit\/odarym-gel-de-lin-fixateur-naturel-100-ml\/\" \/>\r\n<meta property=\"og:site_name\" content=\"Paracherkaoui.ma\" \/>\r\n<meta property=\"article:modified_time\" content=\"2025-12-12T17:02:03+00:00\" \/>\r\n<meta property=\"og:image\" content=\"https:\/\/paracherkaoui.ma\/wp-content\/uploads\/2025\/12\/odarym-odarym-gel-de-lin-fixateur-naturel-100-ml-soins-cheveux.jpg\" \/>\r\n\t<meta property=\"og:image:width\" content=\"700\" \/>\r\n\t<meta property=\"og:image:height\" content=\"700\" \/>\r\n\t<meta property=\"og:image:type\" content=\"image\/jpeg\" \/>\r\n<meta name=\"twitter:card\" content=\"summary_large_image\" \/>\r\n<meta name=\"twitter:label1\" content=\"Dur\u00e9e de lecture estim\u00e9e\" \/>\n\t<meta name=\"twitter:data1\" content=\"1 minute\" \/>\r\n<script type=\"application\/ld+json\" class=\"yoast-schema-graph\">{\"@context\":\"https:\/\/schema.org\",\"@graph\":[{\"@type\":\"WebPage\",\"@id\":\"https:\/\/paracherkaoui.ma\/index.php\/produit\/odarym-gel-de-lin-fixateur-naturel-100-ml\/\",\"url\":\"https:\/\/paracherkaoui.ma\/index.php\/produit\/odarym-gel-de-lin-fixateur-naturel-100-ml\/\",\"name\":\"ODARYM GEL DE LIN FIXATEUR NATUREL 100 ML - Paracherkaoui.ma\",\"isPartOf\":{\"@id\":\"https:\/\/paracherkaoui.ma\/#website\"},\"primaryImageOfPage\":{\"@id\":\"https:\/\/paracherkaoui.ma\/index.php\/produit\/odarym-gel-de-lin-fixateur-naturel-100-ml\/#primaryimage\"},\"image\":{\"@id\":\"https:\/\/paracherkaoui.ma\/index.php\/produit\/odarym-gel-de-lin-fixateur-naturel-100-ml\/#primaryimage\"},\"thumbnailUrl\":\"https:\/\/paracherkaoui.ma\/wp-content\/uploads\/2025\/12\/odarym-odarym-gel-de-lin-fixateur-naturel-100-ml-soins-cheveux.jpg\",\"datePublished\":\"2025-12-12T17:02:00+00:00\",\"dateModified\":\"2025-12-12T17:02:03+00:00\",\"breadcrumb\":{\"@id\":\"https:\/\/paracherkaoui.ma\/index.php\/produit\/odarym-gel-de-lin-fixateur-naturel-100-ml\/#breadcrumb\"},\"inLanguage\":\"fr-FR\",\"potentialAction\":[{\"@type\":\"ReadAction\",\"target\":[\"https:\/\/paracherkaoui.ma\/index.php\/produit\/odarym-gel-de-lin-fixateur-naturel-100-ml\/\"]}]},{\"@type\":\"ImageObject\",\"inLanguage\":\"fr-FR\",\"@id\":\"https:\/\/paracherkaoui.ma\/index.php\/produit\/odarym-gel-de-lin-fixateur-naturel-100-ml\/#primaryimage\",\"url\":\"https:\/\/paracherkaoui.ma\/wp-content\/uploads\/2025\/12\/odarym-odarym-gel-de-lin-fixateur-naturel-100-ml-soins-cheveux.jpg\",\"contentUrl\":\"https:\/\/paracherkaoui.ma\/wp-content\/uploads\/2025\/12\/odarym-odarym-gel-de-lin-fixateur-naturel-100-ml-soins-cheveux.jpg\",\"width\":700,\"height\":700},{\"@type\":\"BreadcrumbList\",\"@id\":\"https:\/\/paracherkaoui.ma\/index.php\/produit\/odarym-gel-de-lin-fixateur-naturel-100-ml\/#breadcrumb\",\"itemListElement\":[{\"@type\":\"ListItem\",\"position\":1,\"name\":\"Accueil\",\"item\":\"https:\/\/paracherkaoui.ma\/\"},{\"@type\":\"ListItem\",\"position\":2,\"name\":\"Boutique\",\"item\":\"https:\/\/paracherkaoui.ma\/index.php\/boutique\/\"},{\"@type\":\"ListItem\",\"position\":3,\"name\":\"ODARYM GEL DE LIN FIXATEUR NATUREL 100 ML\"}]},{\"@type\":\"WebSite\",\"@id\":\"https:\/\/paracherkaoui.ma\/#website\",\"url\":\"https:\/\/paracherkaoui.ma\/\",\"name\":\"Paracherkaoui.ma\",\"description\":\"Achetez en ligne sur Paracherkaoui.ma\",\"potentialAction\":[{\"@type\":\"SearchAction\",\"target\":{\"@type\":\"EntryPoint\",\"urlTemplate\":\"https:\/\/paracherkaoui.ma\/?s={search_term_string}\"},\"query-input\":{\"@type\":\"PropertyValueSpecification\",\"valueRequired\":true,\"valueName\":\"search_term_string\"}}],\"inLanguage\":\"fr-FR\"}]}<\/script>\r\n<!-- \/ Yoast SEO plugin. -->","yoast_head_json":{"title":"ODARYM GEL DE LIN FIXATEUR NATUREL 100 ML - Paracherkaoui.ma","robots":{"index":"index","follow":"follow","max-snippet":"max-snippet:-1","max-image-preview":"max-image-preview:large","max-video-preview":"max-video-preview:-1"},"canonical":"https:\/\/paracherkaoui.ma\/index.php\/produit\/odarym-gel-de-lin-fixateur-naturel-100-ml\/","og_locale":"fr_FR","og_type":"article","og_title":"ODARYM GEL DE LIN FIXATEUR NATUREL 100 ML - Paracherkaoui.ma","og_description":"Le Gel de Lin est le produit indispensable de tes cheveux boucl\u00e9s pour fixer tes boucles apr\u00e8s le leave in,","og_url":"https:\/\/paracherkaoui.ma\/index.php\/produit\/odarym-gel-de-lin-fixateur-naturel-100-ml\/","og_site_name":"Paracherkaoui.ma","article_modified_time":"2025-12-12T17:02:03+00:00","og_image":[{"width":700,"height":700,"url":"https:\/\/paracherkaoui.ma\/wp-content\/uploads\/2025\/12\/odarym-odarym-gel-de-lin-fixateur-naturel-100-ml-soins-cheveux.jpg","type":"image\/jpeg"}],"twitter_card":"summary_large_image","twitter_misc":{"Dur\u00e9e de lecture estim\u00e9e":"1 minute"},"schema":{"@context":"https:\/\/schema.org","@graph":[{"@type":"WebPage","@id":"https:\/\/paracherkaoui.ma\/index.php\/produit\/odarym-gel-de-lin-fixateur-naturel-100-ml\/","url":"https:\/\/paracherkaoui.ma\/index.php\/produit\/odarym-gel-de-lin-fixateur-naturel-100-ml\/","name":"ODARYM GEL DE LIN FIXATEUR NATUREL 100 ML - Paracherkaoui.ma","isPartOf":{"@id":"https:\/\/paracherkaoui.ma\/#website"},"primaryImageOfPage":{"@id":"https:\/\/paracherkaoui.ma\/index.php\/produit\/odarym-gel-de-lin-fixateur-naturel-100-ml\/#primaryimage"},"image":{"@id":"https:\/\/paracherkaoui.ma\/index.php\/produit\/odarym-gel-de-lin-fixateur-naturel-100-ml\/#primaryimage"},"thumbnailUrl":"https:\/\/paracherkaoui.ma\/wp-content\/uploads\/2025\/12\/odarym-odarym-gel-de-lin-fixateur-naturel-100-ml-soins-cheveux.jpg","datePublished":"2025-12-12T17:02:00+00:00","dateModified":"2025-12-12T17:02:03+00:00","breadcrumb":{"@id":"https:\/\/paracherkaoui.ma\/index.php\/produit\/odarym-gel-de-lin-fixateur-naturel-100-ml\/#breadcrumb"},"inLanguage":"fr-FR","potentialAction":[{"@type":"ReadAction","target":["https:\/\/paracherkaoui.ma\/index.php\/produit\/odarym-gel-de-lin-fixateur-naturel-100-ml\/"]}]},{"@type":"ImageObject","inLanguage":"fr-FR","@id":"https:\/\/paracherkaoui.ma\/index.php\/produit\/odarym-gel-de-lin-fixateur-naturel-100-ml\/#primaryimage","url":"https:\/\/paracherkaoui.ma\/wp-content\/uploads\/2025\/12\/odarym-odarym-gel-de-lin-fixateur-naturel-100-ml-soins-cheveux.jpg","contentUrl":"https:\/\/paracherkaoui.ma\/wp-content\/uploads\/2025\/12\/odarym-odarym-gel-de-lin-fixateur-naturel-100-ml-soins-cheveux.jpg","width":700,"height":700},{"@type":"BreadcrumbList","@id":"https:\/\/paracherkaoui.ma\/index.php\/produit\/odarym-gel-de-lin-fixateur-naturel-100-ml\/#breadcrumb","itemListElement":[{"@type":"ListItem","position":1,"name":"Accueil","item":"https:\/\/paracherkaoui.ma\/"},{"@type":"ListItem","position":2,"name":"Boutique","item":"https:\/\/paracherkaoui.ma\/index.php\/boutique\/"},{"@type":"ListItem","position":3,"name":"ODARYM GEL DE LIN FIXATEUR NATUREL 100 ML"}]},{"@type":"WebSite","@id":"https:\/\/paracherkaoui.ma\/#website","url":"https:\/\/paracherkaoui.ma\/","name":"Paracherkaoui.ma","description":"Achetez en ligne sur Paracherkaoui.ma","potentialAction":[{"@type":"SearchAction","target":{"@type":"EntryPoint","urlTemplate":"https:\/\/paracherkaoui.ma\/?s={search_term_string}"},"query-input":{"@type":"PropertyValueSpecification","valueRequired":true,"valueName":"search_term_string"}}],"inLanguage":"fr-FR"}]}},"_links":{"self":[{"href":"https:\/\/paracherkaoui.ma\/index.php\/wp-json\/wp\/v2\/product\/18924","targetHints":{"allow":["GET"]}}],"collection":[{"href":"https:\/\/paracherkaoui.ma\/index.php\/wp-json\/wp\/v2\/product"}],"about":[{"href":"https:\/\/paracherkaoui.ma\/index.php\/wp-json\/wp\/v2\/types\/product"}],"replies":[{"embeddable":true,"href":"https:\/\/paracherkaoui.ma\/index.php\/wp-json\/wp\/v2\/comments?post=18924"}],"version-history":[{"count":1,"href":"https:\/\/paracherkaoui.ma\/index.php\/wp-json\/wp\/v2\/product\/18924\/revisions"}],"predecessor-version":[{"id":18959,"href":"https:\/\/paracherkaoui.ma\/index.php\/wp-json\/wp\/v2\/product\/18924\/revisions\/18959"}],"wp:featuredmedia":[{"embeddable":true,"href":"https:\/\/paracherkaoui.ma\/index.php\/wp-json\/wp\/v2\/media\/18958"}],"wp:attachment":[{"href":"https:\/\/paracherkaoui.ma\/index.php\/wp-json\/wp\/v2\/media?parent=18924"}],"wp:term":[{"taxonomy":"product_brand","embeddable":true,"href":"https:\/\/paracherkaoui.ma\/index.php\/wp-json\/wp\/v2\/product_brand?post=18924"},{"taxonomy":"product_cat","embeddable":true,"href":"https:\/\/paracherkaoui.ma\/index.php\/wp-json\/wp\/v2\/product_cat?post=18924"},{"taxonomy":"product_tag","embeddable":true,"href":"https:\/\/paracherkaoui.ma\/index.php\/wp-json\/wp\/v2\/product_tag?post=18924"}],"curies":[{"name":"wp","href":"https:\/\/api.w.org\/{rel}","templated":true}]}}