{"id":18914,"date":"2025-12-12T18:02:00","date_gmt":"2025-12-12T17:02:00","guid":{"rendered":"https:\/\/test.ecbeaute.com\/?post_type=product&#038;p=18914"},"modified":"2025-12-12T18:02:02","modified_gmt":"2025-12-12T17:02:02","slug":"so-bio-soin-2-en-1-boucles-sublimes-200-ml","status":"publish","type":"product","link":"https:\/\/paracherkaoui.ma\/index.php\/produit\/so-bio-soin-2-en-1-boucles-sublimes-200-ml\/","title":{"rendered":"SO BIO SOIN 2 EN 1 BOUCLES SUBLIMES 200 ML"},"content":{"rendered":"<p>Le Soin 2 en 1 Boucles Sublimes de SO&rsquo;BiO \u00e9tic est la solution parfaite pour les cheveux boucl\u00e9s, frisott\u00e9s ou indisciplin\u00e9s. Gr\u00e2ce \u00e0 son gel de lin et \u00e0 la vitamine F, ce soin red\u00e9finit vos boucles tout en leur apportant souplesse et tenue. Sa formule naturelle, garantie sans silicone ni huile min\u00e9rale, assure des boucles bien dessin\u00e9es sans effet carton pour une chevelure l\u00e9g\u00e8re et dynamique. Le gel de lin, reconnu pour ses propri\u00e9t\u00e9s hydratantes et protectrices, enrobe chaque boucle d\u2019un film l\u00e9ger qui aide \u00e0 maintenir leur forme toute la journ\u00e9e. Quant \u00e0 la vitamine F, elle nourrit en profondeur et fortifie les cheveux pour r\u00e9duire les frisottis et am\u00e9liorer leur \u00e9lasticit\u00e9. Ce soin 2 en 1 agit \u00e0 la fois comme un apr\u00e8s-shampoing pour d\u00e9m\u00ealer vos cheveux et comme un soin coiffant pour fixer vos boucles sans les alourdir. Test\u00e9 dermatologiquement et compos\u00e9 \u00e0 99 % d\u2019ingr\u00e9dients d\u2019origine naturelle, ce soin convient \u00e0 tous les types de cheveux boucl\u00e9s, m\u00eame les plus fragiles. En plus de d\u00e9finir vos boucles, il laisse vos cheveux doux, brillants et revitalis\u00e9s. Adoptez le Soin Boucles Sublimes de SO&rsquo;BiO \u00e9tic pour un r\u00e9sultat naturel et longue dur\u00e9e, tout en respectant la sant\u00e9 de vos cheveux et de l\u2019environnement ! Conseils d\u2019utilisation : Apr\u00e8s votre shampoing, appliquez une noisette de produit sur cheveux mouill\u00e9s et essor\u00e9s. R\u00e9partissez uniform\u00e9ment sur les longueurs et pointes. Composition : Aqua\/Water\/Eau : eau purifi\u00e9e Malva Sylvestris (Mallow) Extract2 : extrait de fleurs de Mauve bio Arachidyl\/Behenyl Alcohol : agent d\u2019origine naturelle apportant de la consistance Glycerin : reconnue hydratante1 Butyrospermum Parkii (Shea) Butter2 : beurre de karit\u00e9 bio \u00e9quitable Cetyl Alcohol : agent apportant de la consistance Cocos Nucifera (Coconut) Oil2 : huile de coco bio \u00e9quitable Coco-Caprylate : \u00e9mollient apportant douceur Arachidyl\/ Behenyl Betainate Esylate : conditionneur capillaire Ricinus Communis (Castor) Seed Oil2 : huile de ricin bio \u00e9quitable Distearoylethyl Dimonium Chloride : conditionneur capillaire Jojoba Esters : complexe apportant du soin aux cheveux boucl\u00e9s Helianthus Annuus (Sunflower) Seed Wax : complexe apportant du soin aux cheveux boucl\u00e9s Polyglycerin-3 : complexe apportant du soin aux cheveux boucl\u00e9s Hydrolyzed Corn Starch : amidon de ma\u00efs hydrolys\u00e9 permettant de fixer les boucles Cetearyl Alcohol : agent d\u2019origine naturelle apportant de la consistance Aloe Barbadensis Leaf Juice Powder4 : poudre d\u2019aloe vera bio \u00e9quitable Linum Usitatissimum (Linseed) Seed Extract2 : extrait de lin bio Linoleic Acid : association de vitamine F stabilis\u00e9e Oleic Acid : association de vitamine F stabilis\u00e9e Stearic Acid : association de vitamine F stabilis\u00e9e Palmitic Acid : association de vitamine F stabilis\u00e9e Tocopherol : association de vitamine F stabilis\u00e9e Linolenic Acid : association de vitamine F stabilis\u00e9e Parfum (Fragrance) : 100 % d\u2019origine naturelle Sclerotium Gum : g\u00e9lifiant Arginine : acide amin\u00e9 Sodium Benzoate : conservateur Lactic Acid : pour garantir un pH adapt\u00e9 au cheveu Sodium Hydroxide : pour garantir un pH adapt\u00e9 au cheveu Citric Acid : pour garantir un pH adapt\u00e9 au cheveu Linalool : allerg\u00e8ne issu des plantes Citronellol : allerg\u00e8ne issu des plantes Limonene : allerg\u00e8ne issu des plantes Benzyl Alcohol : allerg\u00e8ne issu des plantes Geraniol : allerg\u00e8ne issu des plantes Citral : allerg\u00e8ne issu des plantes Sodium Levulinate : stabilisant d&rsquo;origine naturelle Levulinic Acid : stabilisant d&rsquo;origine naturelle<\/p>\n","protected":false},"excerpt":{"rendered":"<p>Le Soin 2 en 1 Boucles Sublimes de SO&rsquo;BiO \u00e9tic est la solution parfaite pour les cheveux boucl\u00e9s, frisott\u00e9s ou<\/p>\n","protected":false},"featured_media":18938,"comment_status":"open","ping_status":"closed","template":"","meta":[],"product_brand":[212],"product_cat":[333],"product_tag":[],"class_list":{"0":"post-18914","1":"product","2":"type-product","3":"status-publish","4":"has-post-thumbnail","6":"product_brand-so-bio","7":"product_cat-gels-coiffants","9":"first","10":"instock","11":"shipping-taxable","12":"purchasable","13":"product-type-simple"},"yoast_head":"<!-- This site is optimized with the Yoast SEO plugin v26.6 - https:\/\/yoast.com\/wordpress\/plugins\/seo\/ -->\r\n<title>SO BIO SOIN 2 EN 1 BOUCLES SUBLIMES 200 ML - Paracherkaoui.ma<\/title>\r\n<meta name=\"robots\" content=\"index, follow, max-snippet:-1, max-image-preview:large, max-video-preview:-1\" \/>\r\n<link rel=\"canonical\" href=\"https:\/\/paracherkaoui.ma\/index.php\/produit\/so-bio-soin-2-en-1-boucles-sublimes-200-ml\/\" \/>\r\n<meta property=\"og:locale\" content=\"fr_FR\" \/>\r\n<meta property=\"og:type\" content=\"article\" \/>\r\n<meta property=\"og:title\" content=\"SO BIO SOIN 2 EN 1 BOUCLES SUBLIMES 200 ML - Paracherkaoui.ma\" \/>\r\n<meta property=\"og:description\" content=\"Le Soin 2 en 1 Boucles Sublimes de SO&rsquo;BiO \u00e9tic est la solution parfaite pour les cheveux boucl\u00e9s, frisott\u00e9s ou\" \/>\r\n<meta property=\"og:url\" content=\"https:\/\/paracherkaoui.ma\/index.php\/produit\/so-bio-soin-2-en-1-boucles-sublimes-200-ml\/\" \/>\r\n<meta property=\"og:site_name\" content=\"Paracherkaoui.ma\" \/>\r\n<meta property=\"article:modified_time\" content=\"2025-12-12T17:02:02+00:00\" \/>\r\n<meta property=\"og:image\" content=\"https:\/\/paracherkaoui.ma\/wp-content\/uploads\/2025\/12\/so-bio-soin-2-en-1-boucles-sublimes-200-ml.jpg\" \/>\r\n\t<meta property=\"og:image:width\" content=\"700\" \/>\r\n\t<meta property=\"og:image:height\" content=\"700\" \/>\r\n\t<meta property=\"og:image:type\" content=\"image\/jpeg\" \/>\r\n<meta name=\"twitter:card\" content=\"summary_large_image\" \/>\r\n<meta name=\"twitter:label1\" content=\"Dur\u00e9e de lecture estim\u00e9e\" \/>\n\t<meta name=\"twitter:data1\" content=\"3 minutes\" \/>\r\n<script type=\"application\/ld+json\" class=\"yoast-schema-graph\">{\"@context\":\"https:\/\/schema.org\",\"@graph\":[{\"@type\":\"WebPage\",\"@id\":\"https:\/\/paracherkaoui.ma\/index.php\/produit\/so-bio-soin-2-en-1-boucles-sublimes-200-ml\/\",\"url\":\"https:\/\/paracherkaoui.ma\/index.php\/produit\/so-bio-soin-2-en-1-boucles-sublimes-200-ml\/\",\"name\":\"SO BIO SOIN 2 EN 1 BOUCLES SUBLIMES 200 ML - Paracherkaoui.ma\",\"isPartOf\":{\"@id\":\"https:\/\/paracherkaoui.ma\/#website\"},\"primaryImageOfPage\":{\"@id\":\"https:\/\/paracherkaoui.ma\/index.php\/produit\/so-bio-soin-2-en-1-boucles-sublimes-200-ml\/#primaryimage\"},\"image\":{\"@id\":\"https:\/\/paracherkaoui.ma\/index.php\/produit\/so-bio-soin-2-en-1-boucles-sublimes-200-ml\/#primaryimage\"},\"thumbnailUrl\":\"https:\/\/paracherkaoui.ma\/wp-content\/uploads\/2025\/12\/so-bio-soin-2-en-1-boucles-sublimes-200-ml.jpg\",\"datePublished\":\"2025-12-12T17:02:00+00:00\",\"dateModified\":\"2025-12-12T17:02:02+00:00\",\"breadcrumb\":{\"@id\":\"https:\/\/paracherkaoui.ma\/index.php\/produit\/so-bio-soin-2-en-1-boucles-sublimes-200-ml\/#breadcrumb\"},\"inLanguage\":\"fr-FR\",\"potentialAction\":[{\"@type\":\"ReadAction\",\"target\":[\"https:\/\/paracherkaoui.ma\/index.php\/produit\/so-bio-soin-2-en-1-boucles-sublimes-200-ml\/\"]}]},{\"@type\":\"ImageObject\",\"inLanguage\":\"fr-FR\",\"@id\":\"https:\/\/paracherkaoui.ma\/index.php\/produit\/so-bio-soin-2-en-1-boucles-sublimes-200-ml\/#primaryimage\",\"url\":\"https:\/\/paracherkaoui.ma\/wp-content\/uploads\/2025\/12\/so-bio-soin-2-en-1-boucles-sublimes-200-ml.jpg\",\"contentUrl\":\"https:\/\/paracherkaoui.ma\/wp-content\/uploads\/2025\/12\/so-bio-soin-2-en-1-boucles-sublimes-200-ml.jpg\",\"width\":700,\"height\":700},{\"@type\":\"BreadcrumbList\",\"@id\":\"https:\/\/paracherkaoui.ma\/index.php\/produit\/so-bio-soin-2-en-1-boucles-sublimes-200-ml\/#breadcrumb\",\"itemListElement\":[{\"@type\":\"ListItem\",\"position\":1,\"name\":\"Accueil\",\"item\":\"https:\/\/paracherkaoui.ma\/\"},{\"@type\":\"ListItem\",\"position\":2,\"name\":\"Boutique\",\"item\":\"https:\/\/paracherkaoui.ma\/index.php\/boutique\/\"},{\"@type\":\"ListItem\",\"position\":3,\"name\":\"SO BIO SOIN 2 EN 1 BOUCLES SUBLIMES 200 ML\"}]},{\"@type\":\"WebSite\",\"@id\":\"https:\/\/paracherkaoui.ma\/#website\",\"url\":\"https:\/\/paracherkaoui.ma\/\",\"name\":\"Paracherkaoui.ma\",\"description\":\"Achetez en ligne sur Paracherkaoui.ma\",\"potentialAction\":[{\"@type\":\"SearchAction\",\"target\":{\"@type\":\"EntryPoint\",\"urlTemplate\":\"https:\/\/paracherkaoui.ma\/?s={search_term_string}\"},\"query-input\":{\"@type\":\"PropertyValueSpecification\",\"valueRequired\":true,\"valueName\":\"search_term_string\"}}],\"inLanguage\":\"fr-FR\"}]}<\/script>\r\n<!-- \/ Yoast SEO plugin. -->","yoast_head_json":{"title":"SO BIO SOIN 2 EN 1 BOUCLES SUBLIMES 200 ML - Paracherkaoui.ma","robots":{"index":"index","follow":"follow","max-snippet":"max-snippet:-1","max-image-preview":"max-image-preview:large","max-video-preview":"max-video-preview:-1"},"canonical":"https:\/\/paracherkaoui.ma\/index.php\/produit\/so-bio-soin-2-en-1-boucles-sublimes-200-ml\/","og_locale":"fr_FR","og_type":"article","og_title":"SO BIO SOIN 2 EN 1 BOUCLES SUBLIMES 200 ML - Paracherkaoui.ma","og_description":"Le Soin 2 en 1 Boucles Sublimes de SO&rsquo;BiO \u00e9tic est la solution parfaite pour les cheveux boucl\u00e9s, frisott\u00e9s ou","og_url":"https:\/\/paracherkaoui.ma\/index.php\/produit\/so-bio-soin-2-en-1-boucles-sublimes-200-ml\/","og_site_name":"Paracherkaoui.ma","article_modified_time":"2025-12-12T17:02:02+00:00","og_image":[{"width":700,"height":700,"url":"https:\/\/paracherkaoui.ma\/wp-content\/uploads\/2025\/12\/so-bio-soin-2-en-1-boucles-sublimes-200-ml.jpg","type":"image\/jpeg"}],"twitter_card":"summary_large_image","twitter_misc":{"Dur\u00e9e de lecture estim\u00e9e":"3 minutes"},"schema":{"@context":"https:\/\/schema.org","@graph":[{"@type":"WebPage","@id":"https:\/\/paracherkaoui.ma\/index.php\/produit\/so-bio-soin-2-en-1-boucles-sublimes-200-ml\/","url":"https:\/\/paracherkaoui.ma\/index.php\/produit\/so-bio-soin-2-en-1-boucles-sublimes-200-ml\/","name":"SO BIO SOIN 2 EN 1 BOUCLES SUBLIMES 200 ML - Paracherkaoui.ma","isPartOf":{"@id":"https:\/\/paracherkaoui.ma\/#website"},"primaryImageOfPage":{"@id":"https:\/\/paracherkaoui.ma\/index.php\/produit\/so-bio-soin-2-en-1-boucles-sublimes-200-ml\/#primaryimage"},"image":{"@id":"https:\/\/paracherkaoui.ma\/index.php\/produit\/so-bio-soin-2-en-1-boucles-sublimes-200-ml\/#primaryimage"},"thumbnailUrl":"https:\/\/paracherkaoui.ma\/wp-content\/uploads\/2025\/12\/so-bio-soin-2-en-1-boucles-sublimes-200-ml.jpg","datePublished":"2025-12-12T17:02:00+00:00","dateModified":"2025-12-12T17:02:02+00:00","breadcrumb":{"@id":"https:\/\/paracherkaoui.ma\/index.php\/produit\/so-bio-soin-2-en-1-boucles-sublimes-200-ml\/#breadcrumb"},"inLanguage":"fr-FR","potentialAction":[{"@type":"ReadAction","target":["https:\/\/paracherkaoui.ma\/index.php\/produit\/so-bio-soin-2-en-1-boucles-sublimes-200-ml\/"]}]},{"@type":"ImageObject","inLanguage":"fr-FR","@id":"https:\/\/paracherkaoui.ma\/index.php\/produit\/so-bio-soin-2-en-1-boucles-sublimes-200-ml\/#primaryimage","url":"https:\/\/paracherkaoui.ma\/wp-content\/uploads\/2025\/12\/so-bio-soin-2-en-1-boucles-sublimes-200-ml.jpg","contentUrl":"https:\/\/paracherkaoui.ma\/wp-content\/uploads\/2025\/12\/so-bio-soin-2-en-1-boucles-sublimes-200-ml.jpg","width":700,"height":700},{"@type":"BreadcrumbList","@id":"https:\/\/paracherkaoui.ma\/index.php\/produit\/so-bio-soin-2-en-1-boucles-sublimes-200-ml\/#breadcrumb","itemListElement":[{"@type":"ListItem","position":1,"name":"Accueil","item":"https:\/\/paracherkaoui.ma\/"},{"@type":"ListItem","position":2,"name":"Boutique","item":"https:\/\/paracherkaoui.ma\/index.php\/boutique\/"},{"@type":"ListItem","position":3,"name":"SO BIO SOIN 2 EN 1 BOUCLES SUBLIMES 200 ML"}]},{"@type":"WebSite","@id":"https:\/\/paracherkaoui.ma\/#website","url":"https:\/\/paracherkaoui.ma\/","name":"Paracherkaoui.ma","description":"Achetez en ligne sur Paracherkaoui.ma","potentialAction":[{"@type":"SearchAction","target":{"@type":"EntryPoint","urlTemplate":"https:\/\/paracherkaoui.ma\/?s={search_term_string}"},"query-input":{"@type":"PropertyValueSpecification","valueRequired":true,"valueName":"search_term_string"}}],"inLanguage":"fr-FR"}]}},"_links":{"self":[{"href":"https:\/\/paracherkaoui.ma\/index.php\/wp-json\/wp\/v2\/product\/18914","targetHints":{"allow":["GET"]}}],"collection":[{"href":"https:\/\/paracherkaoui.ma\/index.php\/wp-json\/wp\/v2\/product"}],"about":[{"href":"https:\/\/paracherkaoui.ma\/index.php\/wp-json\/wp\/v2\/types\/product"}],"replies":[{"embeddable":true,"href":"https:\/\/paracherkaoui.ma\/index.php\/wp-json\/wp\/v2\/comments?post=18914"}],"version-history":[{"count":1,"href":"https:\/\/paracherkaoui.ma\/index.php\/wp-json\/wp\/v2\/product\/18914\/revisions"}],"predecessor-version":[{"id":18939,"href":"https:\/\/paracherkaoui.ma\/index.php\/wp-json\/wp\/v2\/product\/18914\/revisions\/18939"}],"wp:featuredmedia":[{"embeddable":true,"href":"https:\/\/paracherkaoui.ma\/index.php\/wp-json\/wp\/v2\/media\/18938"}],"wp:attachment":[{"href":"https:\/\/paracherkaoui.ma\/index.php\/wp-json\/wp\/v2\/media?parent=18914"}],"wp:term":[{"taxonomy":"product_brand","embeddable":true,"href":"https:\/\/paracherkaoui.ma\/index.php\/wp-json\/wp\/v2\/product_brand?post=18914"},{"taxonomy":"product_cat","embeddable":true,"href":"https:\/\/paracherkaoui.ma\/index.php\/wp-json\/wp\/v2\/product_cat?post=18914"},{"taxonomy":"product_tag","embeddable":true,"href":"https:\/\/paracherkaoui.ma\/index.php\/wp-json\/wp\/v2\/product_tag?post=18914"}],"curies":[{"name":"wp","href":"https:\/\/api.w.org\/{rel}","templated":true}]}}