{"id":18835,"date":"2025-12-12T18:01:54","date_gmt":"2025-12-12T17:01:54","guid":{"rendered":"https:\/\/test.ecbeaute.com\/?post_type=product&#038;p=18835"},"modified":"2025-12-12T18:01:57","modified_gmt":"2025-12-12T17:01:57","slug":"cattier-shampooing-douche-argile-blanche-extrait-de-menthe-200ml","status":"publish","type":"product","link":"https:\/\/paracherkaoui.ma\/index.php\/produit\/cattier-shampooing-douche-argile-blanche-extrait-de-menthe-200ml\/","title":{"rendered":"CATTIER SHAMPOOING DOUCHE ARGILE BLANCHE EXTRAIT DE MENTHE 200ML"},"content":{"rendered":"<p>Shampoing douche sport argile blanche menthe est formul\u00e9 sans savon et \u00e0 pH physiologique, le gel douche Sport Cattier nettoie en douceur et pr\u00e9serve l\u2019\u00e9quilibre naturel de l\u2019\u00e9piderme et du cuir chevelu.<br \/>\nSa formule 2-en-1, enrichie d\u2019un complexe d\u2019huiles v\u00e9g\u00e9tales, permet de laver le corps et les cheveux d\u2019un seul geste.<br \/>\nRiche en actifs rafra\u00eechissants, il procure une sensation imm\u00e9diate de fra\u00eecher et de bien-\u00eatre.<br \/>\nSa mousse g\u00e9n\u00e9reuse lib\u00e8re un parfum frais et stimulant, pour une peau plus fra\u00eeche qui retrouve sa vitalit\u00e9 et confort.<br \/>\nConseils d&rsquo;utilisation:<br \/>\nSous la douche, appliquer le Gel douche sur le corps humide, faire mousser, puis rincer \u00e0 l\u2019eau claire.<br \/>\nContient du camphre.<br \/>\nNe pas utiliser chez l\u2019enfant de moins de 6 ans<\/p>\n","protected":false},"excerpt":{"rendered":"<p>Shampoing douche sport argile blanche menthe est formul\u00e9 sans savon et \u00e0 pH physiologique, le gel douche Sport Cattier nettoie<\/p>\n","protected":false},"featured_media":18877,"comment_status":"open","ping_status":"closed","template":"","meta":[],"product_brand":[187],"product_cat":[316],"product_tag":[],"class_list":{"0":"post-18835","1":"product","2":"type-product","3":"status-publish","4":"has-post-thumbnail","6":"product_brand-cattier","7":"product_cat-shampoings-soins-des-cheveux-cheveux","9":"first","10":"instock","11":"shipping-taxable","12":"purchasable","13":"product-type-simple"},"yoast_head":"<!-- This site is optimized with the Yoast SEO plugin v26.6 - https:\/\/yoast.com\/wordpress\/plugins\/seo\/ -->\r\n<title>CATTIER SHAMPOOING DOUCHE ARGILE BLANCHE EXTRAIT DE MENTHE 200ML - Paracherkaoui.ma<\/title>\r\n<meta name=\"robots\" content=\"index, follow, max-snippet:-1, max-image-preview:large, max-video-preview:-1\" \/>\r\n<link rel=\"canonical\" href=\"https:\/\/paracherkaoui.ma\/index.php\/produit\/cattier-shampooing-douche-argile-blanche-extrait-de-menthe-200ml\/\" \/>\r\n<meta property=\"og:locale\" content=\"fr_FR\" \/>\r\n<meta property=\"og:type\" content=\"article\" \/>\r\n<meta property=\"og:title\" content=\"CATTIER SHAMPOOING DOUCHE ARGILE BLANCHE EXTRAIT DE MENTHE 200ML - Paracherkaoui.ma\" \/>\r\n<meta property=\"og:description\" content=\"Shampoing douche sport argile blanche menthe est formul\u00e9 sans savon et \u00e0 pH physiologique, le gel douche Sport Cattier nettoie\" \/>\r\n<meta property=\"og:url\" content=\"https:\/\/paracherkaoui.ma\/index.php\/produit\/cattier-shampooing-douche-argile-blanche-extrait-de-menthe-200ml\/\" \/>\r\n<meta property=\"og:site_name\" content=\"Paracherkaoui.ma\" \/>\r\n<meta property=\"article:modified_time\" content=\"2025-12-12T17:01:57+00:00\" \/>\r\n<meta property=\"og:image\" content=\"https:\/\/paracherkaoui.ma\/wp-content\/uploads\/2025\/12\/cattier-cattier-shampooing-douche-argile-blanche-extrait-de-menthe-200ml-shampoings-usage-frequent.jpg\" \/>\r\n\t<meta property=\"og:image:width\" content=\"700\" \/>\r\n\t<meta property=\"og:image:height\" content=\"700\" \/>\r\n\t<meta property=\"og:image:type\" content=\"image\/jpeg\" \/>\r\n<meta name=\"twitter:card\" content=\"summary_large_image\" \/>\r\n<meta name=\"twitter:label1\" content=\"Dur\u00e9e de lecture estim\u00e9e\" \/>\n\t<meta name=\"twitter:data1\" content=\"1 minute\" \/>\r\n<script type=\"application\/ld+json\" class=\"yoast-schema-graph\">{\"@context\":\"https:\/\/schema.org\",\"@graph\":[{\"@type\":\"WebPage\",\"@id\":\"https:\/\/paracherkaoui.ma\/index.php\/produit\/cattier-shampooing-douche-argile-blanche-extrait-de-menthe-200ml\/\",\"url\":\"https:\/\/paracherkaoui.ma\/index.php\/produit\/cattier-shampooing-douche-argile-blanche-extrait-de-menthe-200ml\/\",\"name\":\"CATTIER SHAMPOOING DOUCHE ARGILE BLANCHE EXTRAIT DE MENTHE 200ML - Paracherkaoui.ma\",\"isPartOf\":{\"@id\":\"https:\/\/paracherkaoui.ma\/#website\"},\"primaryImageOfPage\":{\"@id\":\"https:\/\/paracherkaoui.ma\/index.php\/produit\/cattier-shampooing-douche-argile-blanche-extrait-de-menthe-200ml\/#primaryimage\"},\"image\":{\"@id\":\"https:\/\/paracherkaoui.ma\/index.php\/produit\/cattier-shampooing-douche-argile-blanche-extrait-de-menthe-200ml\/#primaryimage\"},\"thumbnailUrl\":\"https:\/\/paracherkaoui.ma\/wp-content\/uploads\/2025\/12\/cattier-cattier-shampooing-douche-argile-blanche-extrait-de-menthe-200ml-shampoings-usage-frequent.jpg\",\"datePublished\":\"2025-12-12T17:01:54+00:00\",\"dateModified\":\"2025-12-12T17:01:57+00:00\",\"breadcrumb\":{\"@id\":\"https:\/\/paracherkaoui.ma\/index.php\/produit\/cattier-shampooing-douche-argile-blanche-extrait-de-menthe-200ml\/#breadcrumb\"},\"inLanguage\":\"fr-FR\",\"potentialAction\":[{\"@type\":\"ReadAction\",\"target\":[\"https:\/\/paracherkaoui.ma\/index.php\/produit\/cattier-shampooing-douche-argile-blanche-extrait-de-menthe-200ml\/\"]}]},{\"@type\":\"ImageObject\",\"inLanguage\":\"fr-FR\",\"@id\":\"https:\/\/paracherkaoui.ma\/index.php\/produit\/cattier-shampooing-douche-argile-blanche-extrait-de-menthe-200ml\/#primaryimage\",\"url\":\"https:\/\/paracherkaoui.ma\/wp-content\/uploads\/2025\/12\/cattier-cattier-shampooing-douche-argile-blanche-extrait-de-menthe-200ml-shampoings-usage-frequent.jpg\",\"contentUrl\":\"https:\/\/paracherkaoui.ma\/wp-content\/uploads\/2025\/12\/cattier-cattier-shampooing-douche-argile-blanche-extrait-de-menthe-200ml-shampoings-usage-frequent.jpg\",\"width\":700,\"height\":700},{\"@type\":\"BreadcrumbList\",\"@id\":\"https:\/\/paracherkaoui.ma\/index.php\/produit\/cattier-shampooing-douche-argile-blanche-extrait-de-menthe-200ml\/#breadcrumb\",\"itemListElement\":[{\"@type\":\"ListItem\",\"position\":1,\"name\":\"Accueil\",\"item\":\"https:\/\/paracherkaoui.ma\/\"},{\"@type\":\"ListItem\",\"position\":2,\"name\":\"Boutique\",\"item\":\"https:\/\/paracherkaoui.ma\/index.php\/boutique\/\"},{\"@type\":\"ListItem\",\"position\":3,\"name\":\"CATTIER SHAMPOOING DOUCHE ARGILE BLANCHE EXTRAIT DE MENTHE 200ML\"}]},{\"@type\":\"WebSite\",\"@id\":\"https:\/\/paracherkaoui.ma\/#website\",\"url\":\"https:\/\/paracherkaoui.ma\/\",\"name\":\"Paracherkaoui.ma\",\"description\":\"Achetez en ligne sur Paracherkaoui.ma\",\"potentialAction\":[{\"@type\":\"SearchAction\",\"target\":{\"@type\":\"EntryPoint\",\"urlTemplate\":\"https:\/\/paracherkaoui.ma\/?s={search_term_string}\"},\"query-input\":{\"@type\":\"PropertyValueSpecification\",\"valueRequired\":true,\"valueName\":\"search_term_string\"}}],\"inLanguage\":\"fr-FR\"}]}<\/script>\r\n<!-- \/ Yoast SEO plugin. -->","yoast_head_json":{"title":"CATTIER SHAMPOOING DOUCHE ARGILE BLANCHE EXTRAIT DE MENTHE 200ML - Paracherkaoui.ma","robots":{"index":"index","follow":"follow","max-snippet":"max-snippet:-1","max-image-preview":"max-image-preview:large","max-video-preview":"max-video-preview:-1"},"canonical":"https:\/\/paracherkaoui.ma\/index.php\/produit\/cattier-shampooing-douche-argile-blanche-extrait-de-menthe-200ml\/","og_locale":"fr_FR","og_type":"article","og_title":"CATTIER SHAMPOOING DOUCHE ARGILE BLANCHE EXTRAIT DE MENTHE 200ML - Paracherkaoui.ma","og_description":"Shampoing douche sport argile blanche menthe est formul\u00e9 sans savon et \u00e0 pH physiologique, le gel douche Sport Cattier nettoie","og_url":"https:\/\/paracherkaoui.ma\/index.php\/produit\/cattier-shampooing-douche-argile-blanche-extrait-de-menthe-200ml\/","og_site_name":"Paracherkaoui.ma","article_modified_time":"2025-12-12T17:01:57+00:00","og_image":[{"width":700,"height":700,"url":"https:\/\/paracherkaoui.ma\/wp-content\/uploads\/2025\/12\/cattier-cattier-shampooing-douche-argile-blanche-extrait-de-menthe-200ml-shampoings-usage-frequent.jpg","type":"image\/jpeg"}],"twitter_card":"summary_large_image","twitter_misc":{"Dur\u00e9e de lecture estim\u00e9e":"1 minute"},"schema":{"@context":"https:\/\/schema.org","@graph":[{"@type":"WebPage","@id":"https:\/\/paracherkaoui.ma\/index.php\/produit\/cattier-shampooing-douche-argile-blanche-extrait-de-menthe-200ml\/","url":"https:\/\/paracherkaoui.ma\/index.php\/produit\/cattier-shampooing-douche-argile-blanche-extrait-de-menthe-200ml\/","name":"CATTIER SHAMPOOING DOUCHE ARGILE BLANCHE EXTRAIT DE MENTHE 200ML - Paracherkaoui.ma","isPartOf":{"@id":"https:\/\/paracherkaoui.ma\/#website"},"primaryImageOfPage":{"@id":"https:\/\/paracherkaoui.ma\/index.php\/produit\/cattier-shampooing-douche-argile-blanche-extrait-de-menthe-200ml\/#primaryimage"},"image":{"@id":"https:\/\/paracherkaoui.ma\/index.php\/produit\/cattier-shampooing-douche-argile-blanche-extrait-de-menthe-200ml\/#primaryimage"},"thumbnailUrl":"https:\/\/paracherkaoui.ma\/wp-content\/uploads\/2025\/12\/cattier-cattier-shampooing-douche-argile-blanche-extrait-de-menthe-200ml-shampoings-usage-frequent.jpg","datePublished":"2025-12-12T17:01:54+00:00","dateModified":"2025-12-12T17:01:57+00:00","breadcrumb":{"@id":"https:\/\/paracherkaoui.ma\/index.php\/produit\/cattier-shampooing-douche-argile-blanche-extrait-de-menthe-200ml\/#breadcrumb"},"inLanguage":"fr-FR","potentialAction":[{"@type":"ReadAction","target":["https:\/\/paracherkaoui.ma\/index.php\/produit\/cattier-shampooing-douche-argile-blanche-extrait-de-menthe-200ml\/"]}]},{"@type":"ImageObject","inLanguage":"fr-FR","@id":"https:\/\/paracherkaoui.ma\/index.php\/produit\/cattier-shampooing-douche-argile-blanche-extrait-de-menthe-200ml\/#primaryimage","url":"https:\/\/paracherkaoui.ma\/wp-content\/uploads\/2025\/12\/cattier-cattier-shampooing-douche-argile-blanche-extrait-de-menthe-200ml-shampoings-usage-frequent.jpg","contentUrl":"https:\/\/paracherkaoui.ma\/wp-content\/uploads\/2025\/12\/cattier-cattier-shampooing-douche-argile-blanche-extrait-de-menthe-200ml-shampoings-usage-frequent.jpg","width":700,"height":700},{"@type":"BreadcrumbList","@id":"https:\/\/paracherkaoui.ma\/index.php\/produit\/cattier-shampooing-douche-argile-blanche-extrait-de-menthe-200ml\/#breadcrumb","itemListElement":[{"@type":"ListItem","position":1,"name":"Accueil","item":"https:\/\/paracherkaoui.ma\/"},{"@type":"ListItem","position":2,"name":"Boutique","item":"https:\/\/paracherkaoui.ma\/index.php\/boutique\/"},{"@type":"ListItem","position":3,"name":"CATTIER SHAMPOOING DOUCHE ARGILE BLANCHE EXTRAIT DE MENTHE 200ML"}]},{"@type":"WebSite","@id":"https:\/\/paracherkaoui.ma\/#website","url":"https:\/\/paracherkaoui.ma\/","name":"Paracherkaoui.ma","description":"Achetez en ligne sur Paracherkaoui.ma","potentialAction":[{"@type":"SearchAction","target":{"@type":"EntryPoint","urlTemplate":"https:\/\/paracherkaoui.ma\/?s={search_term_string}"},"query-input":{"@type":"PropertyValueSpecification","valueRequired":true,"valueName":"search_term_string"}}],"inLanguage":"fr-FR"}]}},"_links":{"self":[{"href":"https:\/\/paracherkaoui.ma\/index.php\/wp-json\/wp\/v2\/product\/18835","targetHints":{"allow":["GET"]}}],"collection":[{"href":"https:\/\/paracherkaoui.ma\/index.php\/wp-json\/wp\/v2\/product"}],"about":[{"href":"https:\/\/paracherkaoui.ma\/index.php\/wp-json\/wp\/v2\/types\/product"}],"replies":[{"embeddable":true,"href":"https:\/\/paracherkaoui.ma\/index.php\/wp-json\/wp\/v2\/comments?post=18835"}],"version-history":[{"count":1,"href":"https:\/\/paracherkaoui.ma\/index.php\/wp-json\/wp\/v2\/product\/18835\/revisions"}],"predecessor-version":[{"id":18878,"href":"https:\/\/paracherkaoui.ma\/index.php\/wp-json\/wp\/v2\/product\/18835\/revisions\/18878"}],"wp:featuredmedia":[{"embeddable":true,"href":"https:\/\/paracherkaoui.ma\/index.php\/wp-json\/wp\/v2\/media\/18877"}],"wp:attachment":[{"href":"https:\/\/paracherkaoui.ma\/index.php\/wp-json\/wp\/v2\/media?parent=18835"}],"wp:term":[{"taxonomy":"product_brand","embeddable":true,"href":"https:\/\/paracherkaoui.ma\/index.php\/wp-json\/wp\/v2\/product_brand?post=18835"},{"taxonomy":"product_cat","embeddable":true,"href":"https:\/\/paracherkaoui.ma\/index.php\/wp-json\/wp\/v2\/product_cat?post=18835"},{"taxonomy":"product_tag","embeddable":true,"href":"https:\/\/paracherkaoui.ma\/index.php\/wp-json\/wp\/v2\/product_tag?post=18835"}],"curies":[{"name":"wp","href":"https:\/\/api.w.org\/{rel}","templated":true}]}}