{"id":18827,"date":"2025-12-12T18:01:53","date_gmt":"2025-12-12T17:01:53","guid":{"rendered":"https:\/\/test.ecbeaute.com\/?post_type=product&#038;p=18827"},"modified":"2025-12-12T18:01:55","modified_gmt":"2025-12-12T17:01:55","slug":"cattier-shampoing-extra-doux-lait-davoine-1-litre","status":"publish","type":"product","link":"https:\/\/paracherkaoui.ma\/index.php\/produit\/cattier-shampoing-extra-doux-lait-davoine-1-litre\/","title":{"rendered":"CATTIER SHAMPOING EXTRA DOUX LAIT D&rsquo;AVOINE 1 LITRE"},"content":{"rendered":"<p>Adapt\u00e9 \u00e0 tous les types de cheveux et \u00e0 un usage quotidien, le shampooing extra-doux Cattier est enrichi en prot\u00e9ines de bl\u00e9. Il permet de nettoyer la chevelure tout en douceur et d&rsquo;\u00e9liminer les diff\u00e9rentes impuret\u00e9s qui peuvent ternir l&rsquo;\u00e9clat des cheveux et asphyxier le cuir chevelu : exc\u00e8s de s\u00e9bum, particules de pollution, r\u00e9sidus de produits coiffants, poussi\u00e8res&#8230; Ce shampooing bio prend soin de la chevelure en lui redonnant douceur, souplesse et brillance.<\/p>\n<p>La base lavante du shampooing extra-doux Cattier est compos\u00e9e de tensio-actifs doux qui vont nettoyer sans pour autant alt\u00e9rer le film hydrolipidique ou fragiliser l&rsquo;\u00e9quilibre du cuir chevelu. Les prot\u00e9ines de bl\u00e9 sont utilis\u00e9es pour leurs propri\u00e9t\u00e9s nourrissantes, protectrices, adoucissantes et anti-statiques. Elles sont associ\u00e9es \u00e0 d&rsquo;autres ingr\u00e9dients, notamment l&rsquo;aloe vera, qui apporte une action hydratante et apaise les \u00e9ventuelles sensations d&rsquo;inconfort qui peuvent appara\u00eetre sur le cuir chevelu. Le vinaigre de plantes (lavande, romarin, sauge, thym) est ajout\u00e9 pour ses vertus antioxydantes.<\/p>\n<p>Tr\u00e8s agr\u00e9able \u00e0 utiliser, le shampooing extra-doux Cattier produit une mousse l\u00e9g\u00e8re qui laisse une sensation de fra\u00eecheur et se rince parfaitement. D\u00e8s la premi\u00e8re utilisation, les cheveux sont propres, doux, souples et brillants, rayonnants de sant\u00e9.<\/p>\n<p>Caract\u00e9ristiques :<br \/>\nLabellis\u00e9 Cosmebio<br \/>\nCertifi\u00e9 Ecocert<br \/>\n98,3 % du total des ingr\u00e9dients sont d&rsquo;origine naturelle<br \/>\n40 % du total des ingr\u00e9dients sont issus de l&rsquo;agriculture biologique<\/p>\n<p>Conditionnement : Flacon de 1 L<\/p>\n","protected":false},"excerpt":{"rendered":"<p>Adapt\u00e9 \u00e0 tous les types de cheveux et \u00e0 un usage quotidien, le shampooing extra-doux Cattier est enrichi en prot\u00e9ines<\/p>\n","protected":false},"featured_media":18861,"comment_status":"open","ping_status":"closed","template":"","meta":[],"product_brand":[187],"product_cat":[316],"product_tag":[],"class_list":{"0":"post-18827","1":"product","2":"type-product","3":"status-publish","4":"has-post-thumbnail","6":"product_brand-cattier","7":"product_cat-shampoings-soins-des-cheveux-cheveux","9":"first","10":"instock","11":"shipping-taxable","12":"purchasable","13":"product-type-simple"},"yoast_head":"<!-- This site is optimized with the Yoast SEO plugin v26.6 - https:\/\/yoast.com\/wordpress\/plugins\/seo\/ -->\r\n<title>CATTIER SHAMPOING EXTRA DOUX LAIT D&#039;AVOINE 1 LITRE - Paracherkaoui.ma<\/title>\r\n<meta name=\"robots\" content=\"index, follow, max-snippet:-1, max-image-preview:large, max-video-preview:-1\" \/>\r\n<link rel=\"canonical\" href=\"https:\/\/paracherkaoui.ma\/index.php\/produit\/cattier-shampoing-extra-doux-lait-davoine-1-litre\/\" \/>\r\n<meta property=\"og:locale\" content=\"fr_FR\" \/>\r\n<meta property=\"og:type\" content=\"article\" \/>\r\n<meta property=\"og:title\" content=\"CATTIER SHAMPOING EXTRA DOUX LAIT D&#039;AVOINE 1 LITRE - Paracherkaoui.ma\" \/>\r\n<meta property=\"og:description\" content=\"Adapt\u00e9 \u00e0 tous les types de cheveux et \u00e0 un usage quotidien, le shampooing extra-doux Cattier est enrichi en prot\u00e9ines\" \/>\r\n<meta property=\"og:url\" content=\"https:\/\/paracherkaoui.ma\/index.php\/produit\/cattier-shampoing-extra-doux-lait-davoine-1-litre\/\" \/>\r\n<meta property=\"og:site_name\" content=\"Paracherkaoui.ma\" \/>\r\n<meta property=\"article:modified_time\" content=\"2025-12-12T17:01:55+00:00\" \/>\r\n<meta property=\"og:image\" content=\"https:\/\/paracherkaoui.ma\/wp-content\/uploads\/2025\/12\/cattier-shampoing-extra-doux-lait-d-avoine-1-litre.jpg\" \/>\r\n\t<meta property=\"og:image:width\" content=\"700\" \/>\r\n\t<meta property=\"og:image:height\" content=\"700\" \/>\r\n\t<meta property=\"og:image:type\" content=\"image\/jpeg\" \/>\r\n<meta name=\"twitter:card\" content=\"summary_large_image\" \/>\r\n<meta name=\"twitter:label1\" content=\"Dur\u00e9e de lecture estim\u00e9e\" \/>\n\t<meta name=\"twitter:data1\" content=\"1 minute\" \/>\r\n<script type=\"application\/ld+json\" class=\"yoast-schema-graph\">{\"@context\":\"https:\/\/schema.org\",\"@graph\":[{\"@type\":\"WebPage\",\"@id\":\"https:\/\/paracherkaoui.ma\/index.php\/produit\/cattier-shampoing-extra-doux-lait-davoine-1-litre\/\",\"url\":\"https:\/\/paracherkaoui.ma\/index.php\/produit\/cattier-shampoing-extra-doux-lait-davoine-1-litre\/\",\"name\":\"CATTIER SHAMPOING EXTRA DOUX LAIT D'AVOINE 1 LITRE - Paracherkaoui.ma\",\"isPartOf\":{\"@id\":\"https:\/\/paracherkaoui.ma\/#website\"},\"primaryImageOfPage\":{\"@id\":\"https:\/\/paracherkaoui.ma\/index.php\/produit\/cattier-shampoing-extra-doux-lait-davoine-1-litre\/#primaryimage\"},\"image\":{\"@id\":\"https:\/\/paracherkaoui.ma\/index.php\/produit\/cattier-shampoing-extra-doux-lait-davoine-1-litre\/#primaryimage\"},\"thumbnailUrl\":\"https:\/\/paracherkaoui.ma\/wp-content\/uploads\/2025\/12\/cattier-shampoing-extra-doux-lait-d-avoine-1-litre.jpg\",\"datePublished\":\"2025-12-12T17:01:53+00:00\",\"dateModified\":\"2025-12-12T17:01:55+00:00\",\"breadcrumb\":{\"@id\":\"https:\/\/paracherkaoui.ma\/index.php\/produit\/cattier-shampoing-extra-doux-lait-davoine-1-litre\/#breadcrumb\"},\"inLanguage\":\"fr-FR\",\"potentialAction\":[{\"@type\":\"ReadAction\",\"target\":[\"https:\/\/paracherkaoui.ma\/index.php\/produit\/cattier-shampoing-extra-doux-lait-davoine-1-litre\/\"]}]},{\"@type\":\"ImageObject\",\"inLanguage\":\"fr-FR\",\"@id\":\"https:\/\/paracherkaoui.ma\/index.php\/produit\/cattier-shampoing-extra-doux-lait-davoine-1-litre\/#primaryimage\",\"url\":\"https:\/\/paracherkaoui.ma\/wp-content\/uploads\/2025\/12\/cattier-shampoing-extra-doux-lait-d-avoine-1-litre.jpg\",\"contentUrl\":\"https:\/\/paracherkaoui.ma\/wp-content\/uploads\/2025\/12\/cattier-shampoing-extra-doux-lait-d-avoine-1-litre.jpg\",\"width\":700,\"height\":700},{\"@type\":\"BreadcrumbList\",\"@id\":\"https:\/\/paracherkaoui.ma\/index.php\/produit\/cattier-shampoing-extra-doux-lait-davoine-1-litre\/#breadcrumb\",\"itemListElement\":[{\"@type\":\"ListItem\",\"position\":1,\"name\":\"Accueil\",\"item\":\"https:\/\/paracherkaoui.ma\/\"},{\"@type\":\"ListItem\",\"position\":2,\"name\":\"Boutique\",\"item\":\"https:\/\/paracherkaoui.ma\/index.php\/boutique\/\"},{\"@type\":\"ListItem\",\"position\":3,\"name\":\"CATTIER SHAMPOING EXTRA DOUX LAIT D&rsquo;AVOINE 1 LITRE\"}]},{\"@type\":\"WebSite\",\"@id\":\"https:\/\/paracherkaoui.ma\/#website\",\"url\":\"https:\/\/paracherkaoui.ma\/\",\"name\":\"Paracherkaoui.ma\",\"description\":\"Achetez en ligne sur Paracherkaoui.ma\",\"potentialAction\":[{\"@type\":\"SearchAction\",\"target\":{\"@type\":\"EntryPoint\",\"urlTemplate\":\"https:\/\/paracherkaoui.ma\/?s={search_term_string}\"},\"query-input\":{\"@type\":\"PropertyValueSpecification\",\"valueRequired\":true,\"valueName\":\"search_term_string\"}}],\"inLanguage\":\"fr-FR\"}]}<\/script>\r\n<!-- \/ Yoast SEO plugin. -->","yoast_head_json":{"title":"CATTIER SHAMPOING EXTRA DOUX LAIT D'AVOINE 1 LITRE - Paracherkaoui.ma","robots":{"index":"index","follow":"follow","max-snippet":"max-snippet:-1","max-image-preview":"max-image-preview:large","max-video-preview":"max-video-preview:-1"},"canonical":"https:\/\/paracherkaoui.ma\/index.php\/produit\/cattier-shampoing-extra-doux-lait-davoine-1-litre\/","og_locale":"fr_FR","og_type":"article","og_title":"CATTIER SHAMPOING EXTRA DOUX LAIT D'AVOINE 1 LITRE - Paracherkaoui.ma","og_description":"Adapt\u00e9 \u00e0 tous les types de cheveux et \u00e0 un usage quotidien, le shampooing extra-doux Cattier est enrichi en prot\u00e9ines","og_url":"https:\/\/paracherkaoui.ma\/index.php\/produit\/cattier-shampoing-extra-doux-lait-davoine-1-litre\/","og_site_name":"Paracherkaoui.ma","article_modified_time":"2025-12-12T17:01:55+00:00","og_image":[{"width":700,"height":700,"url":"https:\/\/paracherkaoui.ma\/wp-content\/uploads\/2025\/12\/cattier-shampoing-extra-doux-lait-d-avoine-1-litre.jpg","type":"image\/jpeg"}],"twitter_card":"summary_large_image","twitter_misc":{"Dur\u00e9e de lecture estim\u00e9e":"1 minute"},"schema":{"@context":"https:\/\/schema.org","@graph":[{"@type":"WebPage","@id":"https:\/\/paracherkaoui.ma\/index.php\/produit\/cattier-shampoing-extra-doux-lait-davoine-1-litre\/","url":"https:\/\/paracherkaoui.ma\/index.php\/produit\/cattier-shampoing-extra-doux-lait-davoine-1-litre\/","name":"CATTIER SHAMPOING EXTRA DOUX LAIT D'AVOINE 1 LITRE - Paracherkaoui.ma","isPartOf":{"@id":"https:\/\/paracherkaoui.ma\/#website"},"primaryImageOfPage":{"@id":"https:\/\/paracherkaoui.ma\/index.php\/produit\/cattier-shampoing-extra-doux-lait-davoine-1-litre\/#primaryimage"},"image":{"@id":"https:\/\/paracherkaoui.ma\/index.php\/produit\/cattier-shampoing-extra-doux-lait-davoine-1-litre\/#primaryimage"},"thumbnailUrl":"https:\/\/paracherkaoui.ma\/wp-content\/uploads\/2025\/12\/cattier-shampoing-extra-doux-lait-d-avoine-1-litre.jpg","datePublished":"2025-12-12T17:01:53+00:00","dateModified":"2025-12-12T17:01:55+00:00","breadcrumb":{"@id":"https:\/\/paracherkaoui.ma\/index.php\/produit\/cattier-shampoing-extra-doux-lait-davoine-1-litre\/#breadcrumb"},"inLanguage":"fr-FR","potentialAction":[{"@type":"ReadAction","target":["https:\/\/paracherkaoui.ma\/index.php\/produit\/cattier-shampoing-extra-doux-lait-davoine-1-litre\/"]}]},{"@type":"ImageObject","inLanguage":"fr-FR","@id":"https:\/\/paracherkaoui.ma\/index.php\/produit\/cattier-shampoing-extra-doux-lait-davoine-1-litre\/#primaryimage","url":"https:\/\/paracherkaoui.ma\/wp-content\/uploads\/2025\/12\/cattier-shampoing-extra-doux-lait-d-avoine-1-litre.jpg","contentUrl":"https:\/\/paracherkaoui.ma\/wp-content\/uploads\/2025\/12\/cattier-shampoing-extra-doux-lait-d-avoine-1-litre.jpg","width":700,"height":700},{"@type":"BreadcrumbList","@id":"https:\/\/paracherkaoui.ma\/index.php\/produit\/cattier-shampoing-extra-doux-lait-davoine-1-litre\/#breadcrumb","itemListElement":[{"@type":"ListItem","position":1,"name":"Accueil","item":"https:\/\/paracherkaoui.ma\/"},{"@type":"ListItem","position":2,"name":"Boutique","item":"https:\/\/paracherkaoui.ma\/index.php\/boutique\/"},{"@type":"ListItem","position":3,"name":"CATTIER SHAMPOING EXTRA DOUX LAIT D&rsquo;AVOINE 1 LITRE"}]},{"@type":"WebSite","@id":"https:\/\/paracherkaoui.ma\/#website","url":"https:\/\/paracherkaoui.ma\/","name":"Paracherkaoui.ma","description":"Achetez en ligne sur Paracherkaoui.ma","potentialAction":[{"@type":"SearchAction","target":{"@type":"EntryPoint","urlTemplate":"https:\/\/paracherkaoui.ma\/?s={search_term_string}"},"query-input":{"@type":"PropertyValueSpecification","valueRequired":true,"valueName":"search_term_string"}}],"inLanguage":"fr-FR"}]}},"_links":{"self":[{"href":"https:\/\/paracherkaoui.ma\/index.php\/wp-json\/wp\/v2\/product\/18827","targetHints":{"allow":["GET"]}}],"collection":[{"href":"https:\/\/paracherkaoui.ma\/index.php\/wp-json\/wp\/v2\/product"}],"about":[{"href":"https:\/\/paracherkaoui.ma\/index.php\/wp-json\/wp\/v2\/types\/product"}],"replies":[{"embeddable":true,"href":"https:\/\/paracherkaoui.ma\/index.php\/wp-json\/wp\/v2\/comments?post=18827"}],"version-history":[{"count":1,"href":"https:\/\/paracherkaoui.ma\/index.php\/wp-json\/wp\/v2\/product\/18827\/revisions"}],"predecessor-version":[{"id":18862,"href":"https:\/\/paracherkaoui.ma\/index.php\/wp-json\/wp\/v2\/product\/18827\/revisions\/18862"}],"wp:featuredmedia":[{"embeddable":true,"href":"https:\/\/paracherkaoui.ma\/index.php\/wp-json\/wp\/v2\/media\/18861"}],"wp:attachment":[{"href":"https:\/\/paracherkaoui.ma\/index.php\/wp-json\/wp\/v2\/media?parent=18827"}],"wp:term":[{"taxonomy":"product_brand","embeddable":true,"href":"https:\/\/paracherkaoui.ma\/index.php\/wp-json\/wp\/v2\/product_brand?post=18827"},{"taxonomy":"product_cat","embeddable":true,"href":"https:\/\/paracherkaoui.ma\/index.php\/wp-json\/wp\/v2\/product_cat?post=18827"},{"taxonomy":"product_tag","embeddable":true,"href":"https:\/\/paracherkaoui.ma\/index.php\/wp-json\/wp\/v2\/product_tag?post=18827"}],"curies":[{"name":"wp","href":"https:\/\/api.w.org\/{rel}","templated":true}]}}