{"id":18736,"date":"2025-12-12T18:01:44","date_gmt":"2025-12-12T17:01:44","guid":{"rendered":"https:\/\/test.ecbeaute.com\/?post_type=product&#038;p=18736"},"modified":"2025-12-12T18:01:46","modified_gmt":"2025-12-12T17:01:46","slug":"d-cap-anti-pelliculaire-shampooing-cheveux-gras-250-ml","status":"publish","type":"product","link":"https:\/\/paracherkaoui.ma\/index.php\/produit\/d-cap-anti-pelliculaire-shampooing-cheveux-gras-250-ml\/","title":{"rendered":"D CAP ANTI PELLICULAIRE SHAMPOOING CHEVEUX GRAS 250 ML"},"content":{"rendered":"<p>Avec de la piroctone olamine et de l\u2019acide hyaluronique<br \/>\nFormule sp\u00e9cialement con\u00e7ue pour combattre les pellicules GRASSES . Elle est compos\u00e9e de piroctone olamine afin d\u2019\u00e9liminer les pellicules et d\u2019emp\u00eacher leur r\u00e9apparition ainsi que d\u2019acide hyaluronique procurant une hydratation instantan\u00e9e et un soulagement durable de la desquamation, des d\u00e9mangeaisons et de L\u2019irritation des pellicules grasses sur le cuir chevelu<br \/>\nConseils d&rsquo;utilisation:<br \/>\nVersez une noisette de shampooing dans vos mains.<br \/>\nAppliquez le shampooing sur cheveux mouill\u00e9s.<\/p>\n","protected":false},"excerpt":{"rendered":"<p>Avec de la piroctone olamine et de l\u2019acide hyaluronique Formule sp\u00e9cialement con\u00e7ue pour combattre les pellicules GRASSES . Elle est<\/p>\n","protected":false},"featured_media":18771,"comment_status":"open","ping_status":"closed","template":"","meta":[],"product_brand":[238],"product_cat":[316],"product_tag":[],"class_list":{"0":"post-18736","1":"product","2":"type-product","3":"status-publish","4":"has-post-thumbnail","6":"product_brand-d-cap","7":"product_cat-shampoings-soins-des-cheveux-cheveux","9":"first","10":"instock","11":"sale","12":"shipping-taxable","13":"purchasable","14":"product-type-simple"},"yoast_head":"<!-- This site is optimized with the Yoast SEO plugin v26.6 - https:\/\/yoast.com\/wordpress\/plugins\/seo\/ -->\r\n<title>D CAP ANTI PELLICULAIRE SHAMPOOING CHEVEUX GRAS 250 ML - Paracherkaoui.ma<\/title>\r\n<meta name=\"robots\" content=\"index, follow, max-snippet:-1, max-image-preview:large, max-video-preview:-1\" \/>\r\n<link rel=\"canonical\" href=\"https:\/\/paracherkaoui.ma\/index.php\/produit\/d-cap-anti-pelliculaire-shampooing-cheveux-gras-250-ml\/\" \/>\r\n<meta property=\"og:locale\" content=\"fr_FR\" \/>\r\n<meta property=\"og:type\" content=\"article\" \/>\r\n<meta property=\"og:title\" content=\"D CAP ANTI PELLICULAIRE SHAMPOOING CHEVEUX GRAS 250 ML - Paracherkaoui.ma\" \/>\r\n<meta property=\"og:description\" content=\"Avec de la piroctone olamine et de l\u2019acide hyaluronique Formule sp\u00e9cialement con\u00e7ue pour combattre les pellicules GRASSES . Elle est\" \/>\r\n<meta property=\"og:url\" content=\"https:\/\/paracherkaoui.ma\/index.php\/produit\/d-cap-anti-pelliculaire-shampooing-cheveux-gras-250-ml\/\" \/>\r\n<meta property=\"og:site_name\" content=\"Paracherkaoui.ma\" \/>\r\n<meta property=\"article:modified_time\" content=\"2025-12-12T17:01:46+00:00\" \/>\r\n<meta property=\"og:image\" content=\"https:\/\/paracherkaoui.ma\/wp-content\/uploads\/2025\/12\/d-cap-d-cap-anti-pelliculaire-shampooing-cheveux-gras-250-ml-shampoings-anti-pelliculaires.jpg\" \/>\r\n\t<meta property=\"og:image:width\" content=\"700\" \/>\r\n\t<meta property=\"og:image:height\" content=\"700\" \/>\r\n\t<meta property=\"og:image:type\" content=\"image\/jpeg\" \/>\r\n<meta name=\"twitter:card\" content=\"summary_large_image\" \/>\r\n<script type=\"application\/ld+json\" class=\"yoast-schema-graph\">{\"@context\":\"https:\/\/schema.org\",\"@graph\":[{\"@type\":\"WebPage\",\"@id\":\"https:\/\/paracherkaoui.ma\/index.php\/produit\/d-cap-anti-pelliculaire-shampooing-cheveux-gras-250-ml\/\",\"url\":\"https:\/\/paracherkaoui.ma\/index.php\/produit\/d-cap-anti-pelliculaire-shampooing-cheveux-gras-250-ml\/\",\"name\":\"D CAP ANTI PELLICULAIRE SHAMPOOING CHEVEUX GRAS 250 ML - Paracherkaoui.ma\",\"isPartOf\":{\"@id\":\"https:\/\/paracherkaoui.ma\/#website\"},\"primaryImageOfPage\":{\"@id\":\"https:\/\/paracherkaoui.ma\/index.php\/produit\/d-cap-anti-pelliculaire-shampooing-cheveux-gras-250-ml\/#primaryimage\"},\"image\":{\"@id\":\"https:\/\/paracherkaoui.ma\/index.php\/produit\/d-cap-anti-pelliculaire-shampooing-cheveux-gras-250-ml\/#primaryimage\"},\"thumbnailUrl\":\"https:\/\/paracherkaoui.ma\/wp-content\/uploads\/2025\/12\/d-cap-d-cap-anti-pelliculaire-shampooing-cheveux-gras-250-ml-shampoings-anti-pelliculaires.jpg\",\"datePublished\":\"2025-12-12T17:01:44+00:00\",\"dateModified\":\"2025-12-12T17:01:46+00:00\",\"breadcrumb\":{\"@id\":\"https:\/\/paracherkaoui.ma\/index.php\/produit\/d-cap-anti-pelliculaire-shampooing-cheveux-gras-250-ml\/#breadcrumb\"},\"inLanguage\":\"fr-FR\",\"potentialAction\":[{\"@type\":\"ReadAction\",\"target\":[\"https:\/\/paracherkaoui.ma\/index.php\/produit\/d-cap-anti-pelliculaire-shampooing-cheveux-gras-250-ml\/\"]}]},{\"@type\":\"ImageObject\",\"inLanguage\":\"fr-FR\",\"@id\":\"https:\/\/paracherkaoui.ma\/index.php\/produit\/d-cap-anti-pelliculaire-shampooing-cheveux-gras-250-ml\/#primaryimage\",\"url\":\"https:\/\/paracherkaoui.ma\/wp-content\/uploads\/2025\/12\/d-cap-d-cap-anti-pelliculaire-shampooing-cheveux-gras-250-ml-shampoings-anti-pelliculaires.jpg\",\"contentUrl\":\"https:\/\/paracherkaoui.ma\/wp-content\/uploads\/2025\/12\/d-cap-d-cap-anti-pelliculaire-shampooing-cheveux-gras-250-ml-shampoings-anti-pelliculaires.jpg\",\"width\":700,\"height\":700},{\"@type\":\"BreadcrumbList\",\"@id\":\"https:\/\/paracherkaoui.ma\/index.php\/produit\/d-cap-anti-pelliculaire-shampooing-cheveux-gras-250-ml\/#breadcrumb\",\"itemListElement\":[{\"@type\":\"ListItem\",\"position\":1,\"name\":\"Accueil\",\"item\":\"https:\/\/paracherkaoui.ma\/\"},{\"@type\":\"ListItem\",\"position\":2,\"name\":\"Boutique\",\"item\":\"https:\/\/paracherkaoui.ma\/index.php\/boutique\/\"},{\"@type\":\"ListItem\",\"position\":3,\"name\":\"D CAP ANTI PELLICULAIRE SHAMPOOING CHEVEUX GRAS 250 ML\"}]},{\"@type\":\"WebSite\",\"@id\":\"https:\/\/paracherkaoui.ma\/#website\",\"url\":\"https:\/\/paracherkaoui.ma\/\",\"name\":\"Paracherkaoui.ma\",\"description\":\"Achetez en ligne sur Paracherkaoui.ma\",\"potentialAction\":[{\"@type\":\"SearchAction\",\"target\":{\"@type\":\"EntryPoint\",\"urlTemplate\":\"https:\/\/paracherkaoui.ma\/?s={search_term_string}\"},\"query-input\":{\"@type\":\"PropertyValueSpecification\",\"valueRequired\":true,\"valueName\":\"search_term_string\"}}],\"inLanguage\":\"fr-FR\"}]}<\/script>\r\n<!-- \/ Yoast SEO plugin. -->","yoast_head_json":{"title":"D CAP ANTI PELLICULAIRE SHAMPOOING CHEVEUX GRAS 250 ML - Paracherkaoui.ma","robots":{"index":"index","follow":"follow","max-snippet":"max-snippet:-1","max-image-preview":"max-image-preview:large","max-video-preview":"max-video-preview:-1"},"canonical":"https:\/\/paracherkaoui.ma\/index.php\/produit\/d-cap-anti-pelliculaire-shampooing-cheveux-gras-250-ml\/","og_locale":"fr_FR","og_type":"article","og_title":"D CAP ANTI PELLICULAIRE SHAMPOOING CHEVEUX GRAS 250 ML - Paracherkaoui.ma","og_description":"Avec de la piroctone olamine et de l\u2019acide hyaluronique Formule sp\u00e9cialement con\u00e7ue pour combattre les pellicules GRASSES . Elle est","og_url":"https:\/\/paracherkaoui.ma\/index.php\/produit\/d-cap-anti-pelliculaire-shampooing-cheveux-gras-250-ml\/","og_site_name":"Paracherkaoui.ma","article_modified_time":"2025-12-12T17:01:46+00:00","og_image":[{"width":700,"height":700,"url":"https:\/\/paracherkaoui.ma\/wp-content\/uploads\/2025\/12\/d-cap-d-cap-anti-pelliculaire-shampooing-cheveux-gras-250-ml-shampoings-anti-pelliculaires.jpg","type":"image\/jpeg"}],"twitter_card":"summary_large_image","schema":{"@context":"https:\/\/schema.org","@graph":[{"@type":"WebPage","@id":"https:\/\/paracherkaoui.ma\/index.php\/produit\/d-cap-anti-pelliculaire-shampooing-cheveux-gras-250-ml\/","url":"https:\/\/paracherkaoui.ma\/index.php\/produit\/d-cap-anti-pelliculaire-shampooing-cheveux-gras-250-ml\/","name":"D CAP ANTI PELLICULAIRE SHAMPOOING CHEVEUX GRAS 250 ML - Paracherkaoui.ma","isPartOf":{"@id":"https:\/\/paracherkaoui.ma\/#website"},"primaryImageOfPage":{"@id":"https:\/\/paracherkaoui.ma\/index.php\/produit\/d-cap-anti-pelliculaire-shampooing-cheveux-gras-250-ml\/#primaryimage"},"image":{"@id":"https:\/\/paracherkaoui.ma\/index.php\/produit\/d-cap-anti-pelliculaire-shampooing-cheveux-gras-250-ml\/#primaryimage"},"thumbnailUrl":"https:\/\/paracherkaoui.ma\/wp-content\/uploads\/2025\/12\/d-cap-d-cap-anti-pelliculaire-shampooing-cheveux-gras-250-ml-shampoings-anti-pelliculaires.jpg","datePublished":"2025-12-12T17:01:44+00:00","dateModified":"2025-12-12T17:01:46+00:00","breadcrumb":{"@id":"https:\/\/paracherkaoui.ma\/index.php\/produit\/d-cap-anti-pelliculaire-shampooing-cheveux-gras-250-ml\/#breadcrumb"},"inLanguage":"fr-FR","potentialAction":[{"@type":"ReadAction","target":["https:\/\/paracherkaoui.ma\/index.php\/produit\/d-cap-anti-pelliculaire-shampooing-cheveux-gras-250-ml\/"]}]},{"@type":"ImageObject","inLanguage":"fr-FR","@id":"https:\/\/paracherkaoui.ma\/index.php\/produit\/d-cap-anti-pelliculaire-shampooing-cheveux-gras-250-ml\/#primaryimage","url":"https:\/\/paracherkaoui.ma\/wp-content\/uploads\/2025\/12\/d-cap-d-cap-anti-pelliculaire-shampooing-cheveux-gras-250-ml-shampoings-anti-pelliculaires.jpg","contentUrl":"https:\/\/paracherkaoui.ma\/wp-content\/uploads\/2025\/12\/d-cap-d-cap-anti-pelliculaire-shampooing-cheveux-gras-250-ml-shampoings-anti-pelliculaires.jpg","width":700,"height":700},{"@type":"BreadcrumbList","@id":"https:\/\/paracherkaoui.ma\/index.php\/produit\/d-cap-anti-pelliculaire-shampooing-cheveux-gras-250-ml\/#breadcrumb","itemListElement":[{"@type":"ListItem","position":1,"name":"Accueil","item":"https:\/\/paracherkaoui.ma\/"},{"@type":"ListItem","position":2,"name":"Boutique","item":"https:\/\/paracherkaoui.ma\/index.php\/boutique\/"},{"@type":"ListItem","position":3,"name":"D CAP ANTI PELLICULAIRE SHAMPOOING CHEVEUX GRAS 250 ML"}]},{"@type":"WebSite","@id":"https:\/\/paracherkaoui.ma\/#website","url":"https:\/\/paracherkaoui.ma\/","name":"Paracherkaoui.ma","description":"Achetez en ligne sur Paracherkaoui.ma","potentialAction":[{"@type":"SearchAction","target":{"@type":"EntryPoint","urlTemplate":"https:\/\/paracherkaoui.ma\/?s={search_term_string}"},"query-input":{"@type":"PropertyValueSpecification","valueRequired":true,"valueName":"search_term_string"}}],"inLanguage":"fr-FR"}]}},"_links":{"self":[{"href":"https:\/\/paracherkaoui.ma\/index.php\/wp-json\/wp\/v2\/product\/18736","targetHints":{"allow":["GET"]}}],"collection":[{"href":"https:\/\/paracherkaoui.ma\/index.php\/wp-json\/wp\/v2\/product"}],"about":[{"href":"https:\/\/paracherkaoui.ma\/index.php\/wp-json\/wp\/v2\/types\/product"}],"replies":[{"embeddable":true,"href":"https:\/\/paracherkaoui.ma\/index.php\/wp-json\/wp\/v2\/comments?post=18736"}],"version-history":[{"count":1,"href":"https:\/\/paracherkaoui.ma\/index.php\/wp-json\/wp\/v2\/product\/18736\/revisions"}],"predecessor-version":[{"id":18772,"href":"https:\/\/paracherkaoui.ma\/index.php\/wp-json\/wp\/v2\/product\/18736\/revisions\/18772"}],"wp:featuredmedia":[{"embeddable":true,"href":"https:\/\/paracherkaoui.ma\/index.php\/wp-json\/wp\/v2\/media\/18771"}],"wp:attachment":[{"href":"https:\/\/paracherkaoui.ma\/index.php\/wp-json\/wp\/v2\/media?parent=18736"}],"wp:term":[{"taxonomy":"product_brand","embeddable":true,"href":"https:\/\/paracherkaoui.ma\/index.php\/wp-json\/wp\/v2\/product_brand?post=18736"},{"taxonomy":"product_cat","embeddable":true,"href":"https:\/\/paracherkaoui.ma\/index.php\/wp-json\/wp\/v2\/product_cat?post=18736"},{"taxonomy":"product_tag","embeddable":true,"href":"https:\/\/paracherkaoui.ma\/index.php\/wp-json\/wp\/v2\/product_tag?post=18736"}],"curies":[{"name":"wp","href":"https:\/\/api.w.org\/{rel}","templated":true}]}}