{"id":18673,"date":"2025-12-12T18:01:36","date_gmt":"2025-12-12T17:01:36","guid":{"rendered":"https:\/\/test.ecbeaute.com\/?post_type=product&#038;p=18673"},"modified":"2025-12-12T18:01:43","modified_gmt":"2025-12-12T17:01:43","slug":"martiderm-hair-system-anti-chute-shampoing-anti-age-200-ml","status":"publish","type":"product","link":"https:\/\/paracherkaoui.ma\/index.php\/produit\/martiderm-hair-system-anti-chute-shampoing-anti-age-200-ml\/","title":{"rendered":"MARTIDERM HAIR SYSTEM ANTI CHUTE SHAMPOING ANTI AGE 200 ML"},"content":{"rendered":"<p>Shampooing \u00e0 usage fr\u00e9quent en compl\u00e9ment des traitements antichute, qui combat le vieillissement des cheveux et am\u00e9liore leur ancrage au cuir chevelu. Il apporte densit\u00e9, brillance, volume et vigueur<br \/>\nLe shampooing anti-chute anti-\u00e2ge permet d\u2019obtenir des cheveux avec plus de corps, de densit\u00e9 et de vigueur. Il procure brillance, douceur et hydratation aux cheveux fragiles qui ont tendance \u00e0 tomber et am\u00e9liore l\u2019ancrage au cuir chevelu.<br \/>\nCONSEILS D&rsquo;UTILISATION :<br \/>\nAppliquer sur les cheveux mouill\u00e9s.<br \/>\nMasser la zone une fois le shampooing appliqu\u00e9.<br \/>\nRincer \u00e0 l\u2019eau.<\/p>\n","protected":false},"excerpt":{"rendered":"<p>Shampooing \u00e0 usage fr\u00e9quent en compl\u00e9ment des traitements antichute, qui combat le vieillissement des cheveux et am\u00e9liore leur ancrage au<\/p>\n","protected":false},"featured_media":18729,"comment_status":"open","ping_status":"closed","template":"","meta":[],"product_brand":[291],"product_cat":[316],"product_tag":[],"class_list":{"0":"post-18673","1":"product","2":"type-product","3":"status-publish","4":"has-post-thumbnail","6":"product_brand-martiderm","7":"product_cat-shampoings-soins-des-cheveux-cheveux","9":"first","10":"instock","11":"sale","12":"shipping-taxable","13":"purchasable","14":"product-type-simple"},"yoast_head":"<!-- This site is optimized with the Yoast SEO plugin v26.6 - https:\/\/yoast.com\/wordpress\/plugins\/seo\/ -->\r\n<title>MARTIDERM HAIR SYSTEM ANTI CHUTE SHAMPOING ANTI AGE 200 ML - Paracherkaoui.ma<\/title>\r\n<meta name=\"robots\" content=\"index, follow, max-snippet:-1, max-image-preview:large, max-video-preview:-1\" \/>\r\n<link rel=\"canonical\" href=\"https:\/\/paracherkaoui.ma\/index.php\/produit\/martiderm-hair-system-anti-chute-shampoing-anti-age-200-ml\/\" \/>\r\n<meta property=\"og:locale\" content=\"fr_FR\" \/>\r\n<meta property=\"og:type\" content=\"article\" \/>\r\n<meta property=\"og:title\" content=\"MARTIDERM HAIR SYSTEM ANTI CHUTE SHAMPOING ANTI AGE 200 ML - Paracherkaoui.ma\" \/>\r\n<meta property=\"og:description\" content=\"Shampooing \u00e0 usage fr\u00e9quent en compl\u00e9ment des traitements antichute, qui combat le vieillissement des cheveux et am\u00e9liore leur ancrage au\" \/>\r\n<meta property=\"og:url\" content=\"https:\/\/paracherkaoui.ma\/index.php\/produit\/martiderm-hair-system-anti-chute-shampoing-anti-age-200-ml\/\" \/>\r\n<meta property=\"og:site_name\" content=\"Paracherkaoui.ma\" \/>\r\n<meta property=\"article:modified_time\" content=\"2025-12-12T17:01:43+00:00\" \/>\r\n<meta property=\"og:image\" content=\"https:\/\/paracherkaoui.ma\/wp-content\/uploads\/2025\/12\/martiderm-martiderm-hair-system-anti-chute-shampoing-anti-age-200-ml-shampoings-anti-chute.jpg\" \/>\r\n\t<meta property=\"og:image:width\" content=\"700\" \/>\r\n\t<meta property=\"og:image:height\" content=\"700\" \/>\r\n\t<meta property=\"og:image:type\" content=\"image\/jpeg\" \/>\r\n<meta name=\"twitter:card\" content=\"summary_large_image\" \/>\r\n<script type=\"application\/ld+json\" class=\"yoast-schema-graph\">{\"@context\":\"https:\/\/schema.org\",\"@graph\":[{\"@type\":\"WebPage\",\"@id\":\"https:\/\/paracherkaoui.ma\/index.php\/produit\/martiderm-hair-system-anti-chute-shampoing-anti-age-200-ml\/\",\"url\":\"https:\/\/paracherkaoui.ma\/index.php\/produit\/martiderm-hair-system-anti-chute-shampoing-anti-age-200-ml\/\",\"name\":\"MARTIDERM HAIR SYSTEM ANTI CHUTE SHAMPOING ANTI AGE 200 ML - Paracherkaoui.ma\",\"isPartOf\":{\"@id\":\"https:\/\/paracherkaoui.ma\/#website\"},\"primaryImageOfPage\":{\"@id\":\"https:\/\/paracherkaoui.ma\/index.php\/produit\/martiderm-hair-system-anti-chute-shampoing-anti-age-200-ml\/#primaryimage\"},\"image\":{\"@id\":\"https:\/\/paracherkaoui.ma\/index.php\/produit\/martiderm-hair-system-anti-chute-shampoing-anti-age-200-ml\/#primaryimage\"},\"thumbnailUrl\":\"https:\/\/paracherkaoui.ma\/wp-content\/uploads\/2025\/12\/martiderm-martiderm-hair-system-anti-chute-shampoing-anti-age-200-ml-shampoings-anti-chute.jpg\",\"datePublished\":\"2025-12-12T17:01:36+00:00\",\"dateModified\":\"2025-12-12T17:01:43+00:00\",\"breadcrumb\":{\"@id\":\"https:\/\/paracherkaoui.ma\/index.php\/produit\/martiderm-hair-system-anti-chute-shampoing-anti-age-200-ml\/#breadcrumb\"},\"inLanguage\":\"fr-FR\",\"potentialAction\":[{\"@type\":\"ReadAction\",\"target\":[\"https:\/\/paracherkaoui.ma\/index.php\/produit\/martiderm-hair-system-anti-chute-shampoing-anti-age-200-ml\/\"]}]},{\"@type\":\"ImageObject\",\"inLanguage\":\"fr-FR\",\"@id\":\"https:\/\/paracherkaoui.ma\/index.php\/produit\/martiderm-hair-system-anti-chute-shampoing-anti-age-200-ml\/#primaryimage\",\"url\":\"https:\/\/paracherkaoui.ma\/wp-content\/uploads\/2025\/12\/martiderm-martiderm-hair-system-anti-chute-shampoing-anti-age-200-ml-shampoings-anti-chute.jpg\",\"contentUrl\":\"https:\/\/paracherkaoui.ma\/wp-content\/uploads\/2025\/12\/martiderm-martiderm-hair-system-anti-chute-shampoing-anti-age-200-ml-shampoings-anti-chute.jpg\",\"width\":700,\"height\":700},{\"@type\":\"BreadcrumbList\",\"@id\":\"https:\/\/paracherkaoui.ma\/index.php\/produit\/martiderm-hair-system-anti-chute-shampoing-anti-age-200-ml\/#breadcrumb\",\"itemListElement\":[{\"@type\":\"ListItem\",\"position\":1,\"name\":\"Accueil\",\"item\":\"https:\/\/paracherkaoui.ma\/\"},{\"@type\":\"ListItem\",\"position\":2,\"name\":\"Boutique\",\"item\":\"https:\/\/paracherkaoui.ma\/index.php\/boutique\/\"},{\"@type\":\"ListItem\",\"position\":3,\"name\":\"MARTIDERM HAIR SYSTEM ANTI CHUTE SHAMPOING ANTI AGE 200 ML\"}]},{\"@type\":\"WebSite\",\"@id\":\"https:\/\/paracherkaoui.ma\/#website\",\"url\":\"https:\/\/paracherkaoui.ma\/\",\"name\":\"Paracherkaoui.ma\",\"description\":\"Achetez en ligne sur Paracherkaoui.ma\",\"potentialAction\":[{\"@type\":\"SearchAction\",\"target\":{\"@type\":\"EntryPoint\",\"urlTemplate\":\"https:\/\/paracherkaoui.ma\/?s={search_term_string}\"},\"query-input\":{\"@type\":\"PropertyValueSpecification\",\"valueRequired\":true,\"valueName\":\"search_term_string\"}}],\"inLanguage\":\"fr-FR\"}]}<\/script>\r\n<!-- \/ Yoast SEO plugin. -->","yoast_head_json":{"title":"MARTIDERM HAIR SYSTEM ANTI CHUTE SHAMPOING ANTI AGE 200 ML - Paracherkaoui.ma","robots":{"index":"index","follow":"follow","max-snippet":"max-snippet:-1","max-image-preview":"max-image-preview:large","max-video-preview":"max-video-preview:-1"},"canonical":"https:\/\/paracherkaoui.ma\/index.php\/produit\/martiderm-hair-system-anti-chute-shampoing-anti-age-200-ml\/","og_locale":"fr_FR","og_type":"article","og_title":"MARTIDERM HAIR SYSTEM ANTI CHUTE SHAMPOING ANTI AGE 200 ML - Paracherkaoui.ma","og_description":"Shampooing \u00e0 usage fr\u00e9quent en compl\u00e9ment des traitements antichute, qui combat le vieillissement des cheveux et am\u00e9liore leur ancrage au","og_url":"https:\/\/paracherkaoui.ma\/index.php\/produit\/martiderm-hair-system-anti-chute-shampoing-anti-age-200-ml\/","og_site_name":"Paracherkaoui.ma","article_modified_time":"2025-12-12T17:01:43+00:00","og_image":[{"width":700,"height":700,"url":"https:\/\/paracherkaoui.ma\/wp-content\/uploads\/2025\/12\/martiderm-martiderm-hair-system-anti-chute-shampoing-anti-age-200-ml-shampoings-anti-chute.jpg","type":"image\/jpeg"}],"twitter_card":"summary_large_image","schema":{"@context":"https:\/\/schema.org","@graph":[{"@type":"WebPage","@id":"https:\/\/paracherkaoui.ma\/index.php\/produit\/martiderm-hair-system-anti-chute-shampoing-anti-age-200-ml\/","url":"https:\/\/paracherkaoui.ma\/index.php\/produit\/martiderm-hair-system-anti-chute-shampoing-anti-age-200-ml\/","name":"MARTIDERM HAIR SYSTEM ANTI CHUTE SHAMPOING ANTI AGE 200 ML - Paracherkaoui.ma","isPartOf":{"@id":"https:\/\/paracherkaoui.ma\/#website"},"primaryImageOfPage":{"@id":"https:\/\/paracherkaoui.ma\/index.php\/produit\/martiderm-hair-system-anti-chute-shampoing-anti-age-200-ml\/#primaryimage"},"image":{"@id":"https:\/\/paracherkaoui.ma\/index.php\/produit\/martiderm-hair-system-anti-chute-shampoing-anti-age-200-ml\/#primaryimage"},"thumbnailUrl":"https:\/\/paracherkaoui.ma\/wp-content\/uploads\/2025\/12\/martiderm-martiderm-hair-system-anti-chute-shampoing-anti-age-200-ml-shampoings-anti-chute.jpg","datePublished":"2025-12-12T17:01:36+00:00","dateModified":"2025-12-12T17:01:43+00:00","breadcrumb":{"@id":"https:\/\/paracherkaoui.ma\/index.php\/produit\/martiderm-hair-system-anti-chute-shampoing-anti-age-200-ml\/#breadcrumb"},"inLanguage":"fr-FR","potentialAction":[{"@type":"ReadAction","target":["https:\/\/paracherkaoui.ma\/index.php\/produit\/martiderm-hair-system-anti-chute-shampoing-anti-age-200-ml\/"]}]},{"@type":"ImageObject","inLanguage":"fr-FR","@id":"https:\/\/paracherkaoui.ma\/index.php\/produit\/martiderm-hair-system-anti-chute-shampoing-anti-age-200-ml\/#primaryimage","url":"https:\/\/paracherkaoui.ma\/wp-content\/uploads\/2025\/12\/martiderm-martiderm-hair-system-anti-chute-shampoing-anti-age-200-ml-shampoings-anti-chute.jpg","contentUrl":"https:\/\/paracherkaoui.ma\/wp-content\/uploads\/2025\/12\/martiderm-martiderm-hair-system-anti-chute-shampoing-anti-age-200-ml-shampoings-anti-chute.jpg","width":700,"height":700},{"@type":"BreadcrumbList","@id":"https:\/\/paracherkaoui.ma\/index.php\/produit\/martiderm-hair-system-anti-chute-shampoing-anti-age-200-ml\/#breadcrumb","itemListElement":[{"@type":"ListItem","position":1,"name":"Accueil","item":"https:\/\/paracherkaoui.ma\/"},{"@type":"ListItem","position":2,"name":"Boutique","item":"https:\/\/paracherkaoui.ma\/index.php\/boutique\/"},{"@type":"ListItem","position":3,"name":"MARTIDERM HAIR SYSTEM ANTI CHUTE SHAMPOING ANTI AGE 200 ML"}]},{"@type":"WebSite","@id":"https:\/\/paracherkaoui.ma\/#website","url":"https:\/\/paracherkaoui.ma\/","name":"Paracherkaoui.ma","description":"Achetez en ligne sur Paracherkaoui.ma","potentialAction":[{"@type":"SearchAction","target":{"@type":"EntryPoint","urlTemplate":"https:\/\/paracherkaoui.ma\/?s={search_term_string}"},"query-input":{"@type":"PropertyValueSpecification","valueRequired":true,"valueName":"search_term_string"}}],"inLanguage":"fr-FR"}]}},"_links":{"self":[{"href":"https:\/\/paracherkaoui.ma\/index.php\/wp-json\/wp\/v2\/product\/18673","targetHints":{"allow":["GET"]}}],"collection":[{"href":"https:\/\/paracherkaoui.ma\/index.php\/wp-json\/wp\/v2\/product"}],"about":[{"href":"https:\/\/paracherkaoui.ma\/index.php\/wp-json\/wp\/v2\/types\/product"}],"replies":[{"embeddable":true,"href":"https:\/\/paracherkaoui.ma\/index.php\/wp-json\/wp\/v2\/comments?post=18673"}],"version-history":[{"count":1,"href":"https:\/\/paracherkaoui.ma\/index.php\/wp-json\/wp\/v2\/product\/18673\/revisions"}],"predecessor-version":[{"id":18730,"href":"https:\/\/paracherkaoui.ma\/index.php\/wp-json\/wp\/v2\/product\/18673\/revisions\/18730"}],"wp:featuredmedia":[{"embeddable":true,"href":"https:\/\/paracherkaoui.ma\/index.php\/wp-json\/wp\/v2\/media\/18729"}],"wp:attachment":[{"href":"https:\/\/paracherkaoui.ma\/index.php\/wp-json\/wp\/v2\/media?parent=18673"}],"wp:term":[{"taxonomy":"product_brand","embeddable":true,"href":"https:\/\/paracherkaoui.ma\/index.php\/wp-json\/wp\/v2\/product_brand?post=18673"},{"taxonomy":"product_cat","embeddable":true,"href":"https:\/\/paracherkaoui.ma\/index.php\/wp-json\/wp\/v2\/product_cat?post=18673"},{"taxonomy":"product_tag","embeddable":true,"href":"https:\/\/paracherkaoui.ma\/index.php\/wp-json\/wp\/v2\/product_tag?post=18673"}],"curies":[{"name":"wp","href":"https:\/\/api.w.org\/{rel}","templated":true}]}}