{"id":18672,"date":"2025-12-12T18:01:36","date_gmt":"2025-12-12T17:01:36","guid":{"rendered":"https:\/\/test.ecbeaute.com\/?post_type=product&#038;p=18672"},"modified":"2025-12-12T18:01:43","modified_gmt":"2025-12-12T17:01:43","slug":"d-cap-anti-chute-traitement-intensif-shampooing-reactivateur-250-ml","status":"publish","type":"product","link":"https:\/\/paracherkaoui.ma\/index.php\/produit\/d-cap-anti-chute-traitement-intensif-shampooing-reactivateur-250-ml\/","title":{"rendered":"D CAP ANTI CHUTE TRAITEMENT INTENSIF SHAMPOOING REACTIVATEUR 250 ML"},"content":{"rendered":"<p>Avec des extraits de Noni, Curcuma des Vitamines A, E et B5 Formule innovante alliant les bienfaits de la nature et de la technologie. Gr\u00e2ce aux progr\u00e8s de la biotechnologie, nous avons pu extraire de la nature les cellules qui nous int\u00e9ressent le plus afin de d\u00e9velopper une formule r\u00e9volutionnaire permettant de r\u00e9activer la croissance des cheveux. Composte dina nouvelle d\u2019ingr\u00e9dients d\u2019origine naturelle aux<br \/>\npropri\u00e9t\u00e9s uniques combattant chute des cheveux, notre shampooing r\u00e9activateur agit directement sur le bulbe Biotechnologie capillaire, relan\u00e7ant et guidant la croissance du follicule pileux tout en le nourrissant d\u2019un cocktail nutritif. Ce cocktail est compos\u00e9 d\u2019oligo-\u00e9l\u00e9ments de vitamines A, E et B5 ainsi que d\u2019acides amin\u00e9s comme l\u2019extrait de Noni et le Curcuma<br \/>\nNotre shampooing r\u00e9activateur du traitement anti-chute intensif a \u00e9t\u00e9 formul\u00e9 pour nettoyer en douceur et en profondeur les cheveux fragilises et pr\u00e9venir les risques de chute de cheveux.<br \/>\nConseils d&rsquo;utilisation:<br \/>\nVersez une noisette de shampooing dans vos mais eze shampooing sur cheveux mouill\u00e9s.<br \/>\nR\u00e9partissez le produit sur les Emulsionnez pendant 1 minute en massant le cuir chevelu.<\/p>\n","protected":false},"excerpt":{"rendered":"<p>Avec des extraits de Noni, Curcuma des Vitamines A, E et B5 Formule innovante alliant les bienfaits de la nature<\/p>\n","protected":false},"featured_media":18727,"comment_status":"open","ping_status":"closed","template":"","meta":[],"product_brand":[238],"product_cat":[316],"product_tag":[],"class_list":{"0":"post-18672","1":"product","2":"type-product","3":"status-publish","4":"has-post-thumbnail","6":"product_brand-d-cap","7":"product_cat-shampoings-soins-des-cheveux-cheveux","9":"first","10":"instock","11":"sale","12":"shipping-taxable","13":"purchasable","14":"product-type-simple"},"yoast_head":"<!-- This site is optimized with the Yoast SEO plugin v26.6 - https:\/\/yoast.com\/wordpress\/plugins\/seo\/ -->\r\n<title>D CAP ANTI CHUTE TRAITEMENT INTENSIF SHAMPOOING REACTIVATEUR 250 ML - Paracherkaoui.ma<\/title>\r\n<meta name=\"robots\" content=\"index, follow, max-snippet:-1, max-image-preview:large, max-video-preview:-1\" \/>\r\n<link rel=\"canonical\" href=\"https:\/\/paracherkaoui.ma\/index.php\/produit\/d-cap-anti-chute-traitement-intensif-shampooing-reactivateur-250-ml\/\" \/>\r\n<meta property=\"og:locale\" content=\"fr_FR\" \/>\r\n<meta property=\"og:type\" content=\"article\" \/>\r\n<meta property=\"og:title\" content=\"D CAP ANTI CHUTE TRAITEMENT INTENSIF SHAMPOOING REACTIVATEUR 250 ML - Paracherkaoui.ma\" \/>\r\n<meta property=\"og:description\" content=\"Avec des extraits de Noni, Curcuma des Vitamines A, E et B5 Formule innovante alliant les bienfaits de la nature\" \/>\r\n<meta property=\"og:url\" content=\"https:\/\/paracherkaoui.ma\/index.php\/produit\/d-cap-anti-chute-traitement-intensif-shampooing-reactivateur-250-ml\/\" \/>\r\n<meta property=\"og:site_name\" content=\"Paracherkaoui.ma\" \/>\r\n<meta property=\"article:modified_time\" content=\"2025-12-12T17:01:43+00:00\" \/>\r\n<meta property=\"og:image\" content=\"https:\/\/paracherkaoui.ma\/wp-content\/uploads\/2025\/12\/d-cap-d-cap-anti-chute-traitement-intensif-shampooing-reactivateur-250-ml-shampoings-anti-chute.jpg\" \/>\r\n\t<meta property=\"og:image:width\" content=\"700\" \/>\r\n\t<meta property=\"og:image:height\" content=\"700\" \/>\r\n\t<meta property=\"og:image:type\" content=\"image\/jpeg\" \/>\r\n<meta name=\"twitter:card\" content=\"summary_large_image\" \/>\r\n<meta name=\"twitter:label1\" content=\"Dur\u00e9e de lecture estim\u00e9e\" \/>\n\t<meta name=\"twitter:data1\" content=\"1 minute\" \/>\r\n<script type=\"application\/ld+json\" class=\"yoast-schema-graph\">{\"@context\":\"https:\/\/schema.org\",\"@graph\":[{\"@type\":\"WebPage\",\"@id\":\"https:\/\/paracherkaoui.ma\/index.php\/produit\/d-cap-anti-chute-traitement-intensif-shampooing-reactivateur-250-ml\/\",\"url\":\"https:\/\/paracherkaoui.ma\/index.php\/produit\/d-cap-anti-chute-traitement-intensif-shampooing-reactivateur-250-ml\/\",\"name\":\"D CAP ANTI CHUTE TRAITEMENT INTENSIF SHAMPOOING REACTIVATEUR 250 ML - Paracherkaoui.ma\",\"isPartOf\":{\"@id\":\"https:\/\/paracherkaoui.ma\/#website\"},\"primaryImageOfPage\":{\"@id\":\"https:\/\/paracherkaoui.ma\/index.php\/produit\/d-cap-anti-chute-traitement-intensif-shampooing-reactivateur-250-ml\/#primaryimage\"},\"image\":{\"@id\":\"https:\/\/paracherkaoui.ma\/index.php\/produit\/d-cap-anti-chute-traitement-intensif-shampooing-reactivateur-250-ml\/#primaryimage\"},\"thumbnailUrl\":\"https:\/\/paracherkaoui.ma\/wp-content\/uploads\/2025\/12\/d-cap-d-cap-anti-chute-traitement-intensif-shampooing-reactivateur-250-ml-shampoings-anti-chute.jpg\",\"datePublished\":\"2025-12-12T17:01:36+00:00\",\"dateModified\":\"2025-12-12T17:01:43+00:00\",\"breadcrumb\":{\"@id\":\"https:\/\/paracherkaoui.ma\/index.php\/produit\/d-cap-anti-chute-traitement-intensif-shampooing-reactivateur-250-ml\/#breadcrumb\"},\"inLanguage\":\"fr-FR\",\"potentialAction\":[{\"@type\":\"ReadAction\",\"target\":[\"https:\/\/paracherkaoui.ma\/index.php\/produit\/d-cap-anti-chute-traitement-intensif-shampooing-reactivateur-250-ml\/\"]}]},{\"@type\":\"ImageObject\",\"inLanguage\":\"fr-FR\",\"@id\":\"https:\/\/paracherkaoui.ma\/index.php\/produit\/d-cap-anti-chute-traitement-intensif-shampooing-reactivateur-250-ml\/#primaryimage\",\"url\":\"https:\/\/paracherkaoui.ma\/wp-content\/uploads\/2025\/12\/d-cap-d-cap-anti-chute-traitement-intensif-shampooing-reactivateur-250-ml-shampoings-anti-chute.jpg\",\"contentUrl\":\"https:\/\/paracherkaoui.ma\/wp-content\/uploads\/2025\/12\/d-cap-d-cap-anti-chute-traitement-intensif-shampooing-reactivateur-250-ml-shampoings-anti-chute.jpg\",\"width\":700,\"height\":700},{\"@type\":\"BreadcrumbList\",\"@id\":\"https:\/\/paracherkaoui.ma\/index.php\/produit\/d-cap-anti-chute-traitement-intensif-shampooing-reactivateur-250-ml\/#breadcrumb\",\"itemListElement\":[{\"@type\":\"ListItem\",\"position\":1,\"name\":\"Accueil\",\"item\":\"https:\/\/paracherkaoui.ma\/\"},{\"@type\":\"ListItem\",\"position\":2,\"name\":\"Boutique\",\"item\":\"https:\/\/paracherkaoui.ma\/index.php\/boutique\/\"},{\"@type\":\"ListItem\",\"position\":3,\"name\":\"D CAP ANTI CHUTE TRAITEMENT INTENSIF SHAMPOOING REACTIVATEUR 250 ML\"}]},{\"@type\":\"WebSite\",\"@id\":\"https:\/\/paracherkaoui.ma\/#website\",\"url\":\"https:\/\/paracherkaoui.ma\/\",\"name\":\"Paracherkaoui.ma\",\"description\":\"Achetez en ligne sur Paracherkaoui.ma\",\"potentialAction\":[{\"@type\":\"SearchAction\",\"target\":{\"@type\":\"EntryPoint\",\"urlTemplate\":\"https:\/\/paracherkaoui.ma\/?s={search_term_string}\"},\"query-input\":{\"@type\":\"PropertyValueSpecification\",\"valueRequired\":true,\"valueName\":\"search_term_string\"}}],\"inLanguage\":\"fr-FR\"}]}<\/script>\r\n<!-- \/ Yoast SEO plugin. -->","yoast_head_json":{"title":"D CAP ANTI CHUTE TRAITEMENT INTENSIF SHAMPOOING REACTIVATEUR 250 ML - Paracherkaoui.ma","robots":{"index":"index","follow":"follow","max-snippet":"max-snippet:-1","max-image-preview":"max-image-preview:large","max-video-preview":"max-video-preview:-1"},"canonical":"https:\/\/paracherkaoui.ma\/index.php\/produit\/d-cap-anti-chute-traitement-intensif-shampooing-reactivateur-250-ml\/","og_locale":"fr_FR","og_type":"article","og_title":"D CAP ANTI CHUTE TRAITEMENT INTENSIF SHAMPOOING REACTIVATEUR 250 ML - Paracherkaoui.ma","og_description":"Avec des extraits de Noni, Curcuma des Vitamines A, E et B5 Formule innovante alliant les bienfaits de la nature","og_url":"https:\/\/paracherkaoui.ma\/index.php\/produit\/d-cap-anti-chute-traitement-intensif-shampooing-reactivateur-250-ml\/","og_site_name":"Paracherkaoui.ma","article_modified_time":"2025-12-12T17:01:43+00:00","og_image":[{"width":700,"height":700,"url":"https:\/\/paracherkaoui.ma\/wp-content\/uploads\/2025\/12\/d-cap-d-cap-anti-chute-traitement-intensif-shampooing-reactivateur-250-ml-shampoings-anti-chute.jpg","type":"image\/jpeg"}],"twitter_card":"summary_large_image","twitter_misc":{"Dur\u00e9e de lecture estim\u00e9e":"1 minute"},"schema":{"@context":"https:\/\/schema.org","@graph":[{"@type":"WebPage","@id":"https:\/\/paracherkaoui.ma\/index.php\/produit\/d-cap-anti-chute-traitement-intensif-shampooing-reactivateur-250-ml\/","url":"https:\/\/paracherkaoui.ma\/index.php\/produit\/d-cap-anti-chute-traitement-intensif-shampooing-reactivateur-250-ml\/","name":"D CAP ANTI CHUTE TRAITEMENT INTENSIF SHAMPOOING REACTIVATEUR 250 ML - Paracherkaoui.ma","isPartOf":{"@id":"https:\/\/paracherkaoui.ma\/#website"},"primaryImageOfPage":{"@id":"https:\/\/paracherkaoui.ma\/index.php\/produit\/d-cap-anti-chute-traitement-intensif-shampooing-reactivateur-250-ml\/#primaryimage"},"image":{"@id":"https:\/\/paracherkaoui.ma\/index.php\/produit\/d-cap-anti-chute-traitement-intensif-shampooing-reactivateur-250-ml\/#primaryimage"},"thumbnailUrl":"https:\/\/paracherkaoui.ma\/wp-content\/uploads\/2025\/12\/d-cap-d-cap-anti-chute-traitement-intensif-shampooing-reactivateur-250-ml-shampoings-anti-chute.jpg","datePublished":"2025-12-12T17:01:36+00:00","dateModified":"2025-12-12T17:01:43+00:00","breadcrumb":{"@id":"https:\/\/paracherkaoui.ma\/index.php\/produit\/d-cap-anti-chute-traitement-intensif-shampooing-reactivateur-250-ml\/#breadcrumb"},"inLanguage":"fr-FR","potentialAction":[{"@type":"ReadAction","target":["https:\/\/paracherkaoui.ma\/index.php\/produit\/d-cap-anti-chute-traitement-intensif-shampooing-reactivateur-250-ml\/"]}]},{"@type":"ImageObject","inLanguage":"fr-FR","@id":"https:\/\/paracherkaoui.ma\/index.php\/produit\/d-cap-anti-chute-traitement-intensif-shampooing-reactivateur-250-ml\/#primaryimage","url":"https:\/\/paracherkaoui.ma\/wp-content\/uploads\/2025\/12\/d-cap-d-cap-anti-chute-traitement-intensif-shampooing-reactivateur-250-ml-shampoings-anti-chute.jpg","contentUrl":"https:\/\/paracherkaoui.ma\/wp-content\/uploads\/2025\/12\/d-cap-d-cap-anti-chute-traitement-intensif-shampooing-reactivateur-250-ml-shampoings-anti-chute.jpg","width":700,"height":700},{"@type":"BreadcrumbList","@id":"https:\/\/paracherkaoui.ma\/index.php\/produit\/d-cap-anti-chute-traitement-intensif-shampooing-reactivateur-250-ml\/#breadcrumb","itemListElement":[{"@type":"ListItem","position":1,"name":"Accueil","item":"https:\/\/paracherkaoui.ma\/"},{"@type":"ListItem","position":2,"name":"Boutique","item":"https:\/\/paracherkaoui.ma\/index.php\/boutique\/"},{"@type":"ListItem","position":3,"name":"D CAP ANTI CHUTE TRAITEMENT INTENSIF SHAMPOOING REACTIVATEUR 250 ML"}]},{"@type":"WebSite","@id":"https:\/\/paracherkaoui.ma\/#website","url":"https:\/\/paracherkaoui.ma\/","name":"Paracherkaoui.ma","description":"Achetez en ligne sur Paracherkaoui.ma","potentialAction":[{"@type":"SearchAction","target":{"@type":"EntryPoint","urlTemplate":"https:\/\/paracherkaoui.ma\/?s={search_term_string}"},"query-input":{"@type":"PropertyValueSpecification","valueRequired":true,"valueName":"search_term_string"}}],"inLanguage":"fr-FR"}]}},"_links":{"self":[{"href":"https:\/\/paracherkaoui.ma\/index.php\/wp-json\/wp\/v2\/product\/18672","targetHints":{"allow":["GET"]}}],"collection":[{"href":"https:\/\/paracherkaoui.ma\/index.php\/wp-json\/wp\/v2\/product"}],"about":[{"href":"https:\/\/paracherkaoui.ma\/index.php\/wp-json\/wp\/v2\/types\/product"}],"replies":[{"embeddable":true,"href":"https:\/\/paracherkaoui.ma\/index.php\/wp-json\/wp\/v2\/comments?post=18672"}],"version-history":[{"count":1,"href":"https:\/\/paracherkaoui.ma\/index.php\/wp-json\/wp\/v2\/product\/18672\/revisions"}],"predecessor-version":[{"id":18728,"href":"https:\/\/paracherkaoui.ma\/index.php\/wp-json\/wp\/v2\/product\/18672\/revisions\/18728"}],"wp:featuredmedia":[{"embeddable":true,"href":"https:\/\/paracherkaoui.ma\/index.php\/wp-json\/wp\/v2\/media\/18727"}],"wp:attachment":[{"href":"https:\/\/paracherkaoui.ma\/index.php\/wp-json\/wp\/v2\/media?parent=18672"}],"wp:term":[{"taxonomy":"product_brand","embeddable":true,"href":"https:\/\/paracherkaoui.ma\/index.php\/wp-json\/wp\/v2\/product_brand?post=18672"},{"taxonomy":"product_cat","embeddable":true,"href":"https:\/\/paracherkaoui.ma\/index.php\/wp-json\/wp\/v2\/product_cat?post=18672"},{"taxonomy":"product_tag","embeddable":true,"href":"https:\/\/paracherkaoui.ma\/index.php\/wp-json\/wp\/v2\/product_tag?post=18672"}],"curies":[{"name":"wp","href":"https:\/\/api.w.org\/{rel}","templated":true}]}}