{"id":18660,"date":"2025-12-12T18:01:36","date_gmt":"2025-12-12T17:01:36","guid":{"rendered":"https:\/\/test.ecbeaute.com\/?post_type=product&#038;p=18660"},"modified":"2025-12-12T18:01:41","modified_gmt":"2025-12-12T17:01:41","slug":"foligain-shampoing-femme-volumateur-triple-action-2-trioxidil-236-ml","status":"publish","type":"product","link":"https:\/\/paracherkaoui.ma\/index.php\/produit\/foligain-shampoing-femme-volumateur-triple-action-2-trioxidil-236-ml\/","title":{"rendered":"FOLIGAIN SHAMPOING FEMME VOLUMATEUR TRIPLE ACTION 2% TRIOXIDIL 236 ML"},"content":{"rendered":"<p>Offrez \u00e0 vos cheveux une apparence de pl\u00e9nitude et de corps gr\u00e2ce \u00e0 cette solution innovante bas\u00e9e sur la science moderne.<br \/>\nLe shampooing Foligain est une alternative naturelle aux traitements co\u00fbteux qui peuvent souvent provoquer des effets secondaires ind\u00e9sirables. Sans m\u00e9dicaments et compos\u00e9 d&rsquo;ingr\u00e9dients de premi\u00e8re qualit\u00e9, ce shampooing volumateur est con\u00e7u pour renforcer et densifier vos cheveux tout en respectant leur nature.<br \/>\nLe complexe Trioxidil triple action contenu dans ce shampooing combine des ingr\u00e9dients bioactifs, des plantes naturelles et des nutriments cibl\u00e9s pour une sant\u00e9 capillaire optimale. Cette formule avanc\u00e9e assure une distribution efficace des nutriments, une technologie de verrouillage de l&rsquo;humidit\u00e9 et des soins en profondeur du cuir chevelu. Les ingr\u00e9dients cl\u00e9s comme la biotine, les cellules souches de fruits, et des extraits puissants contribuent \u00e0 nourrir vos cheveux d\u00e8s la racine.<br \/>\nUne mauvaise sant\u00e9 du cuir chevelu peut entra\u00eener des cheveux mous, ternes et secs, ainsi que des desquamations disgracieuses. Le shampooing Foligain revitalise le cuir chevelu, encourageant une croissance saine des cheveux et leur donnant une apparence pleine de vitalit\u00e9.<br \/>\nCOMPOSITION<br \/>\nAqua\/Water, Disodium Laureth Sulfosuccinate, Cocamidopropyl Betaine, Sodium Cocoyl Isethionate, Glycerin, Glycol Stearate, Butylene Glycol, Sodium Chloride, Coconut Acid, Dextran, Acetyl Tetrapeptide-3, Trifolium Pratense (Clover) Flower Extract, Polysorbate 80, Hydrolyzed Jojoba Esters, Citric Acid, Cocamide MEA, Salicylic Acid, PEG-40 Hydrogenated Castor Oil, PEG-150 Pentaerythrityl Tetrastearate, Capric\/Caprylic Tlycerides, Polysorbate 20, Sodium Isethionate, Zea Mays (Corn) Starch, Hydrolyzed Wheat Protein, Hydrolyzed Soy Protein, Foeniculum Vulgare (Fennel) Fruit Extract, Humulus Lupulus (Hops) Extract, Melissa Officinalis (Lemon Balm) Leaf Extract, Viscum Album (Mistletoe) Leaf Extract, Chamomilla Recutita (Matricaria) Flower Extract, Achillea Millefolium (Yarrow) Extract, Equisetum Arvense (Horsetail) Extract, Urea, Allantoin, Tocopherol Acetate (Vitamin E), Beta Vulgaris (Beet) Root Extract, Gingko Biloba Leaf Extract, Olea Europaea (Olive) Leaf Extract, Aspalathus Linearis (Rooibos) Leaf Extract, Camellia Sinensis (White Tea) Leaf Extract, Camellia Sinensis (Green Tea) Leaf Extract, Serine, Threonine, Retinyl Palmitate (Vitamin A), Ribes Nigrum (Black Currant) Seed Oil, Moringa Oleifera (Moringa) Seed Oil, Urtica Dioica (Nettle) Extract, Malus Domestica Fruit Cell Culture Extract, Xanthan Gum, Biotin, Lecithin, Arginine HCl, Propylene Glycol, Phenoxyethanol, Parfum\/Fragrance.<br \/>\nCONSEIL D\u2019UTILISATION<br \/>\nAppliquez une petite quantit\u00e9 de shampooing sur cheveux mouill\u00e9s. Massez d\u00e9licatement le cuir chevelu pendant quelques minutes pour activer la formule. Rincez abondamment \u00e0 l&rsquo;eau ti\u00e8de.<br \/>\nPour un r\u00e9sultat optimal, utilisez r\u00e9guli\u00e8rement en compl\u00e9ment de l&rsquo;apr\u00e8s shampooing Foligain triple action.<\/p>\n","protected":false},"excerpt":{"rendered":"<p>Offrez \u00e0 vos cheveux une apparence de pl\u00e9nitude et de corps gr\u00e2ce \u00e0 cette solution innovante bas\u00e9e sur la science<\/p>\n","protected":false},"featured_media":18705,"comment_status":"open","ping_status":"closed","template":"","meta":[],"product_brand":[207],"product_cat":[316],"product_tag":[],"class_list":{"0":"post-18660","1":"product","2":"type-product","3":"status-publish","4":"has-post-thumbnail","6":"product_brand-foligain","7":"product_cat-shampoings-soins-des-cheveux-cheveux","9":"first","10":"instock","11":"sale","12":"shipping-taxable","13":"purchasable","14":"product-type-simple"},"yoast_head":"<!-- This site is optimized with the Yoast SEO plugin v26.6 - https:\/\/yoast.com\/wordpress\/plugins\/seo\/ -->\r\n<title>FOLIGAIN SHAMPOING FEMME VOLUMATEUR TRIPLE ACTION 2% TRIOXIDIL 236 ML - Paracherkaoui.ma<\/title>\r\n<meta name=\"robots\" content=\"index, follow, max-snippet:-1, max-image-preview:large, max-video-preview:-1\" \/>\r\n<link rel=\"canonical\" href=\"https:\/\/paracherkaoui.ma\/index.php\/produit\/foligain-shampoing-femme-volumateur-triple-action-2-trioxidil-236-ml\/\" \/>\r\n<meta property=\"og:locale\" content=\"fr_FR\" \/>\r\n<meta property=\"og:type\" content=\"article\" \/>\r\n<meta property=\"og:title\" content=\"FOLIGAIN SHAMPOING FEMME VOLUMATEUR TRIPLE ACTION 2% TRIOXIDIL 236 ML - Paracherkaoui.ma\" \/>\r\n<meta property=\"og:description\" content=\"Offrez \u00e0 vos cheveux une apparence de pl\u00e9nitude et de corps gr\u00e2ce \u00e0 cette solution innovante bas\u00e9e sur la science\" \/>\r\n<meta property=\"og:url\" content=\"https:\/\/paracherkaoui.ma\/index.php\/produit\/foligain-shampoing-femme-volumateur-triple-action-2-trioxidil-236-ml\/\" \/>\r\n<meta property=\"og:site_name\" content=\"Paracherkaoui.ma\" \/>\r\n<meta property=\"article:modified_time\" content=\"2025-12-12T17:01:41+00:00\" \/>\r\n<meta property=\"og:image\" content=\"https:\/\/paracherkaoui.ma\/wp-content\/uploads\/2025\/12\/foligain-foligain-shampoing-femme-volumateur-triple-action-2-trioxidil-236-ml-shampoings-anti-chute.jpg\" \/>\r\n\t<meta property=\"og:image:width\" content=\"700\" \/>\r\n\t<meta property=\"og:image:height\" content=\"700\" \/>\r\n\t<meta property=\"og:image:type\" content=\"image\/jpeg\" \/>\r\n<meta name=\"twitter:card\" content=\"summary_large_image\" \/>\r\n<meta name=\"twitter:label1\" content=\"Dur\u00e9e de lecture estim\u00e9e\" \/>\n\t<meta name=\"twitter:data1\" content=\"2 minutes\" \/>\r\n<script type=\"application\/ld+json\" class=\"yoast-schema-graph\">{\"@context\":\"https:\/\/schema.org\",\"@graph\":[{\"@type\":\"WebPage\",\"@id\":\"https:\/\/paracherkaoui.ma\/index.php\/produit\/foligain-shampoing-femme-volumateur-triple-action-2-trioxidil-236-ml\/\",\"url\":\"https:\/\/paracherkaoui.ma\/index.php\/produit\/foligain-shampoing-femme-volumateur-triple-action-2-trioxidil-236-ml\/\",\"name\":\"FOLIGAIN SHAMPOING FEMME VOLUMATEUR TRIPLE ACTION 2% TRIOXIDIL 236 ML - Paracherkaoui.ma\",\"isPartOf\":{\"@id\":\"https:\/\/paracherkaoui.ma\/#website\"},\"primaryImageOfPage\":{\"@id\":\"https:\/\/paracherkaoui.ma\/index.php\/produit\/foligain-shampoing-femme-volumateur-triple-action-2-trioxidil-236-ml\/#primaryimage\"},\"image\":{\"@id\":\"https:\/\/paracherkaoui.ma\/index.php\/produit\/foligain-shampoing-femme-volumateur-triple-action-2-trioxidil-236-ml\/#primaryimage\"},\"thumbnailUrl\":\"https:\/\/paracherkaoui.ma\/wp-content\/uploads\/2025\/12\/foligain-foligain-shampoing-femme-volumateur-triple-action-2-trioxidil-236-ml-shampoings-anti-chute.jpg\",\"datePublished\":\"2025-12-12T17:01:36+00:00\",\"dateModified\":\"2025-12-12T17:01:41+00:00\",\"breadcrumb\":{\"@id\":\"https:\/\/paracherkaoui.ma\/index.php\/produit\/foligain-shampoing-femme-volumateur-triple-action-2-trioxidil-236-ml\/#breadcrumb\"},\"inLanguage\":\"fr-FR\",\"potentialAction\":[{\"@type\":\"ReadAction\",\"target\":[\"https:\/\/paracherkaoui.ma\/index.php\/produit\/foligain-shampoing-femme-volumateur-triple-action-2-trioxidil-236-ml\/\"]}]},{\"@type\":\"ImageObject\",\"inLanguage\":\"fr-FR\",\"@id\":\"https:\/\/paracherkaoui.ma\/index.php\/produit\/foligain-shampoing-femme-volumateur-triple-action-2-trioxidil-236-ml\/#primaryimage\",\"url\":\"https:\/\/paracherkaoui.ma\/wp-content\/uploads\/2025\/12\/foligain-foligain-shampoing-femme-volumateur-triple-action-2-trioxidil-236-ml-shampoings-anti-chute.jpg\",\"contentUrl\":\"https:\/\/paracherkaoui.ma\/wp-content\/uploads\/2025\/12\/foligain-foligain-shampoing-femme-volumateur-triple-action-2-trioxidil-236-ml-shampoings-anti-chute.jpg\",\"width\":700,\"height\":700},{\"@type\":\"BreadcrumbList\",\"@id\":\"https:\/\/paracherkaoui.ma\/index.php\/produit\/foligain-shampoing-femme-volumateur-triple-action-2-trioxidil-236-ml\/#breadcrumb\",\"itemListElement\":[{\"@type\":\"ListItem\",\"position\":1,\"name\":\"Accueil\",\"item\":\"https:\/\/paracherkaoui.ma\/\"},{\"@type\":\"ListItem\",\"position\":2,\"name\":\"Boutique\",\"item\":\"https:\/\/paracherkaoui.ma\/index.php\/boutique\/\"},{\"@type\":\"ListItem\",\"position\":3,\"name\":\"FOLIGAIN SHAMPOING FEMME VOLUMATEUR TRIPLE ACTION 2% TRIOXIDIL 236 ML\"}]},{\"@type\":\"WebSite\",\"@id\":\"https:\/\/paracherkaoui.ma\/#website\",\"url\":\"https:\/\/paracherkaoui.ma\/\",\"name\":\"Paracherkaoui.ma\",\"description\":\"Achetez en ligne sur Paracherkaoui.ma\",\"potentialAction\":[{\"@type\":\"SearchAction\",\"target\":{\"@type\":\"EntryPoint\",\"urlTemplate\":\"https:\/\/paracherkaoui.ma\/?s={search_term_string}\"},\"query-input\":{\"@type\":\"PropertyValueSpecification\",\"valueRequired\":true,\"valueName\":\"search_term_string\"}}],\"inLanguage\":\"fr-FR\"}]}<\/script>\r\n<!-- \/ Yoast SEO plugin. -->","yoast_head_json":{"title":"FOLIGAIN SHAMPOING FEMME VOLUMATEUR TRIPLE ACTION 2% TRIOXIDIL 236 ML - Paracherkaoui.ma","robots":{"index":"index","follow":"follow","max-snippet":"max-snippet:-1","max-image-preview":"max-image-preview:large","max-video-preview":"max-video-preview:-1"},"canonical":"https:\/\/paracherkaoui.ma\/index.php\/produit\/foligain-shampoing-femme-volumateur-triple-action-2-trioxidil-236-ml\/","og_locale":"fr_FR","og_type":"article","og_title":"FOLIGAIN SHAMPOING FEMME VOLUMATEUR TRIPLE ACTION 2% TRIOXIDIL 236 ML - Paracherkaoui.ma","og_description":"Offrez \u00e0 vos cheveux une apparence de pl\u00e9nitude et de corps gr\u00e2ce \u00e0 cette solution innovante bas\u00e9e sur la science","og_url":"https:\/\/paracherkaoui.ma\/index.php\/produit\/foligain-shampoing-femme-volumateur-triple-action-2-trioxidil-236-ml\/","og_site_name":"Paracherkaoui.ma","article_modified_time":"2025-12-12T17:01:41+00:00","og_image":[{"width":700,"height":700,"url":"https:\/\/paracherkaoui.ma\/wp-content\/uploads\/2025\/12\/foligain-foligain-shampoing-femme-volumateur-triple-action-2-trioxidil-236-ml-shampoings-anti-chute.jpg","type":"image\/jpeg"}],"twitter_card":"summary_large_image","twitter_misc":{"Dur\u00e9e de lecture estim\u00e9e":"2 minutes"},"schema":{"@context":"https:\/\/schema.org","@graph":[{"@type":"WebPage","@id":"https:\/\/paracherkaoui.ma\/index.php\/produit\/foligain-shampoing-femme-volumateur-triple-action-2-trioxidil-236-ml\/","url":"https:\/\/paracherkaoui.ma\/index.php\/produit\/foligain-shampoing-femme-volumateur-triple-action-2-trioxidil-236-ml\/","name":"FOLIGAIN SHAMPOING FEMME VOLUMATEUR TRIPLE ACTION 2% TRIOXIDIL 236 ML - Paracherkaoui.ma","isPartOf":{"@id":"https:\/\/paracherkaoui.ma\/#website"},"primaryImageOfPage":{"@id":"https:\/\/paracherkaoui.ma\/index.php\/produit\/foligain-shampoing-femme-volumateur-triple-action-2-trioxidil-236-ml\/#primaryimage"},"image":{"@id":"https:\/\/paracherkaoui.ma\/index.php\/produit\/foligain-shampoing-femme-volumateur-triple-action-2-trioxidil-236-ml\/#primaryimage"},"thumbnailUrl":"https:\/\/paracherkaoui.ma\/wp-content\/uploads\/2025\/12\/foligain-foligain-shampoing-femme-volumateur-triple-action-2-trioxidil-236-ml-shampoings-anti-chute.jpg","datePublished":"2025-12-12T17:01:36+00:00","dateModified":"2025-12-12T17:01:41+00:00","breadcrumb":{"@id":"https:\/\/paracherkaoui.ma\/index.php\/produit\/foligain-shampoing-femme-volumateur-triple-action-2-trioxidil-236-ml\/#breadcrumb"},"inLanguage":"fr-FR","potentialAction":[{"@type":"ReadAction","target":["https:\/\/paracherkaoui.ma\/index.php\/produit\/foligain-shampoing-femme-volumateur-triple-action-2-trioxidil-236-ml\/"]}]},{"@type":"ImageObject","inLanguage":"fr-FR","@id":"https:\/\/paracherkaoui.ma\/index.php\/produit\/foligain-shampoing-femme-volumateur-triple-action-2-trioxidil-236-ml\/#primaryimage","url":"https:\/\/paracherkaoui.ma\/wp-content\/uploads\/2025\/12\/foligain-foligain-shampoing-femme-volumateur-triple-action-2-trioxidil-236-ml-shampoings-anti-chute.jpg","contentUrl":"https:\/\/paracherkaoui.ma\/wp-content\/uploads\/2025\/12\/foligain-foligain-shampoing-femme-volumateur-triple-action-2-trioxidil-236-ml-shampoings-anti-chute.jpg","width":700,"height":700},{"@type":"BreadcrumbList","@id":"https:\/\/paracherkaoui.ma\/index.php\/produit\/foligain-shampoing-femme-volumateur-triple-action-2-trioxidil-236-ml\/#breadcrumb","itemListElement":[{"@type":"ListItem","position":1,"name":"Accueil","item":"https:\/\/paracherkaoui.ma\/"},{"@type":"ListItem","position":2,"name":"Boutique","item":"https:\/\/paracherkaoui.ma\/index.php\/boutique\/"},{"@type":"ListItem","position":3,"name":"FOLIGAIN SHAMPOING FEMME VOLUMATEUR TRIPLE ACTION 2% TRIOXIDIL 236 ML"}]},{"@type":"WebSite","@id":"https:\/\/paracherkaoui.ma\/#website","url":"https:\/\/paracherkaoui.ma\/","name":"Paracherkaoui.ma","description":"Achetez en ligne sur Paracherkaoui.ma","potentialAction":[{"@type":"SearchAction","target":{"@type":"EntryPoint","urlTemplate":"https:\/\/paracherkaoui.ma\/?s={search_term_string}"},"query-input":{"@type":"PropertyValueSpecification","valueRequired":true,"valueName":"search_term_string"}}],"inLanguage":"fr-FR"}]}},"_links":{"self":[{"href":"https:\/\/paracherkaoui.ma\/index.php\/wp-json\/wp\/v2\/product\/18660","targetHints":{"allow":["GET"]}}],"collection":[{"href":"https:\/\/paracherkaoui.ma\/index.php\/wp-json\/wp\/v2\/product"}],"about":[{"href":"https:\/\/paracherkaoui.ma\/index.php\/wp-json\/wp\/v2\/types\/product"}],"replies":[{"embeddable":true,"href":"https:\/\/paracherkaoui.ma\/index.php\/wp-json\/wp\/v2\/comments?post=18660"}],"version-history":[{"count":1,"href":"https:\/\/paracherkaoui.ma\/index.php\/wp-json\/wp\/v2\/product\/18660\/revisions"}],"predecessor-version":[{"id":18706,"href":"https:\/\/paracherkaoui.ma\/index.php\/wp-json\/wp\/v2\/product\/18660\/revisions\/18706"}],"wp:featuredmedia":[{"embeddable":true,"href":"https:\/\/paracherkaoui.ma\/index.php\/wp-json\/wp\/v2\/media\/18705"}],"wp:attachment":[{"href":"https:\/\/paracherkaoui.ma\/index.php\/wp-json\/wp\/v2\/media?parent=18660"}],"wp:term":[{"taxonomy":"product_brand","embeddable":true,"href":"https:\/\/paracherkaoui.ma\/index.php\/wp-json\/wp\/v2\/product_brand?post=18660"},{"taxonomy":"product_cat","embeddable":true,"href":"https:\/\/paracherkaoui.ma\/index.php\/wp-json\/wp\/v2\/product_cat?post=18660"},{"taxonomy":"product_tag","embeddable":true,"href":"https:\/\/paracherkaoui.ma\/index.php\/wp-json\/wp\/v2\/product_tag?post=18660"}],"curies":[{"name":"wp","href":"https:\/\/api.w.org\/{rel}","templated":true}]}}