{"id":18659,"date":"2025-12-12T18:01:36","date_gmt":"2025-12-12T17:01:36","guid":{"rendered":"https:\/\/test.ecbeaute.com\/?post_type=product&#038;p=18659"},"modified":"2025-12-12T18:01:41","modified_gmt":"2025-12-12T17:01:41","slug":"vichy-dercos-shampoing-dermatologique-anti-pelliculaire-ds-cheveux-secs-recharge-500-ml","status":"publish","type":"product","link":"https:\/\/paracherkaoui.ma\/index.php\/produit\/vichy-dercos-shampoing-dermatologique-anti-pelliculaire-ds-cheveux-secs-recharge-500-ml\/","title":{"rendered":"VICHY DERCOS SHAMPOING DERMATOLOGIQUE ANTI PELLICULAIRE DS CHEVEUX SECS RECHARGE 500 ML"},"content":{"rendered":"<p>Gr\u00e2ce \u00e0 son action anti r\u00e9cidive, il assure une protection prolong\u00e9e contre le retour des pellicules, laissant vos cheveux propres et votre cuir chevelu apais\u00e9.<br \/>\nEnrichi en bisulfure de s\u00e9l\u00e9nium, ce shampoing cible efficacement les pellicules, les \u00e9liminant d\u00e8s les premi\u00e8res utilisations.\u00a0 Il soulage les d\u00e9mangeaisons du cuir chevelu, offrant un confort imm\u00e9diat. Sa formule sp\u00e9ciale assure une pr\u00e9vention durable contre la r\u00e9apparition des pellicules. Adapt\u00e9 aux cuirs chevelus sensibles, il peut \u00eatre utilis\u00e9 r\u00e9guli\u00e8rement sans risque d&rsquo;irritation.<br \/>\nCOMPOSITION<br \/>\nAqua\/eau, laureth sulfate de sodium, dist\u00e9arate de glycol, dim\u00e9thicone, coco-b\u00e9ta\u00efne, glyc\u00e9rine, sulfure de s\u00e9l\u00e9nium, carbom\u00e8re, CI 47005\/acide jaune 3, acide citrique, menthol, 2-ol\u00e9amido-1,3-octad\u00e9canediol, PPG-5- Ceteth-20, acide salicylique, benzoate de sodium, chlorure de sodium, hydroxyde de sodium, ac\u00e9tate de tocoph\u00e9ryle, parfum\/parfum.<br \/>\nCONSEIL D\u2019UTILISATION<br \/>\nAppliquez le shampoing sur cheveux mouill\u00e9s. Massez d\u00e9licatement le cuir chevelu pour bien r\u00e9partir le produit. Laissez agir pendant 2 minutes pour une efficacit\u00e9 maximale. Rincez abondamment \u00e0 l&rsquo;eau ti\u00e8de. Utilisez le pendant une cure de 4 semaines pour des r\u00e9sultats optimaux.\u00a0 \u00c9vitez tout contact avec les yeux et la peau endommag\u00e9e. En cas de contact, rincez imm\u00e9diatement et abondamment \u00e0 l&rsquo;eau.<br \/>\nVichy Dercos Shampoing Dermatologique Antipelliculaire DS est la solution id\u00e9ale pour ceux qui souffrent de pellicules et de cuirs chevelus sensibles. En plus d\u2019\u00e9liminer les pellicules, il offre une protection durable contre leur r\u00e9apparition et soulage les d\u00e9mangeaisons, pour un cuir chevelu sain et des cheveux en pleine sant\u00e9.<\/p>\n","protected":false},"excerpt":{"rendered":"<p>Gr\u00e2ce \u00e0 son action anti r\u00e9cidive, il assure une protection prolong\u00e9e contre le retour des pellicules, laissant vos cheveux propres<\/p>\n","protected":false},"featured_media":18703,"comment_status":"open","ping_status":"closed","template":"","meta":[],"product_brand":[144],"product_cat":[316],"product_tag":[],"class_list":{"0":"post-18659","1":"product","2":"type-product","3":"status-publish","4":"has-post-thumbnail","6":"product_brand-dercos","7":"product_cat-shampoings-soins-des-cheveux-cheveux","9":"first","10":"instock","11":"sale","12":"shipping-taxable","13":"purchasable","14":"product-type-simple"},"yoast_head":"<!-- This site is optimized with the Yoast SEO plugin v26.6 - https:\/\/yoast.com\/wordpress\/plugins\/seo\/ -->\r\n<title>VICHY DERCOS SHAMPOING DERMATOLOGIQUE ANTI PELLICULAIRE DS CHEVEUX SECS RECHARGE 500 ML - Paracherkaoui.ma<\/title>\r\n<meta name=\"robots\" content=\"index, follow, max-snippet:-1, max-image-preview:large, max-video-preview:-1\" \/>\r\n<link rel=\"canonical\" href=\"https:\/\/paracherkaoui.ma\/index.php\/produit\/vichy-dercos-shampoing-dermatologique-anti-pelliculaire-ds-cheveux-secs-recharge-500-ml\/\" \/>\r\n<meta property=\"og:locale\" content=\"fr_FR\" \/>\r\n<meta property=\"og:type\" content=\"article\" \/>\r\n<meta property=\"og:title\" content=\"VICHY DERCOS SHAMPOING DERMATOLOGIQUE ANTI PELLICULAIRE DS CHEVEUX SECS RECHARGE 500 ML - Paracherkaoui.ma\" \/>\r\n<meta property=\"og:description\" content=\"Gr\u00e2ce \u00e0 son action anti r\u00e9cidive, il assure une protection prolong\u00e9e contre le retour des pellicules, laissant vos cheveux propres\" \/>\r\n<meta property=\"og:url\" content=\"https:\/\/paracherkaoui.ma\/index.php\/produit\/vichy-dercos-shampoing-dermatologique-anti-pelliculaire-ds-cheveux-secs-recharge-500-ml\/\" \/>\r\n<meta property=\"og:site_name\" content=\"Paracherkaoui.ma\" \/>\r\n<meta property=\"article:modified_time\" content=\"2025-12-12T17:01:41+00:00\" \/>\r\n<meta property=\"og:image\" content=\"https:\/\/paracherkaoui.ma\/wp-content\/uploads\/2025\/12\/dercos-vichy-dercos-shampoing-dermatologique-anti-pelliculaire-ds-cheveux-secs-recharge-500-ml-shampoing-cheveux-secs.jpg\" \/>\r\n\t<meta property=\"og:image:width\" content=\"700\" \/>\r\n\t<meta property=\"og:image:height\" content=\"700\" \/>\r\n\t<meta property=\"og:image:type\" content=\"image\/jpeg\" \/>\r\n<meta name=\"twitter:card\" content=\"summary_large_image\" \/>\r\n<meta name=\"twitter:label1\" content=\"Dur\u00e9e de lecture estim\u00e9e\" \/>\n\t<meta name=\"twitter:data1\" content=\"1 minute\" \/>\r\n<script type=\"application\/ld+json\" class=\"yoast-schema-graph\">{\"@context\":\"https:\/\/schema.org\",\"@graph\":[{\"@type\":\"WebPage\",\"@id\":\"https:\/\/paracherkaoui.ma\/index.php\/produit\/vichy-dercos-shampoing-dermatologique-anti-pelliculaire-ds-cheveux-secs-recharge-500-ml\/\",\"url\":\"https:\/\/paracherkaoui.ma\/index.php\/produit\/vichy-dercos-shampoing-dermatologique-anti-pelliculaire-ds-cheveux-secs-recharge-500-ml\/\",\"name\":\"VICHY DERCOS SHAMPOING DERMATOLOGIQUE ANTI PELLICULAIRE DS CHEVEUX SECS RECHARGE 500 ML - Paracherkaoui.ma\",\"isPartOf\":{\"@id\":\"https:\/\/paracherkaoui.ma\/#website\"},\"primaryImageOfPage\":{\"@id\":\"https:\/\/paracherkaoui.ma\/index.php\/produit\/vichy-dercos-shampoing-dermatologique-anti-pelliculaire-ds-cheveux-secs-recharge-500-ml\/#primaryimage\"},\"image\":{\"@id\":\"https:\/\/paracherkaoui.ma\/index.php\/produit\/vichy-dercos-shampoing-dermatologique-anti-pelliculaire-ds-cheveux-secs-recharge-500-ml\/#primaryimage\"},\"thumbnailUrl\":\"https:\/\/paracherkaoui.ma\/wp-content\/uploads\/2025\/12\/dercos-vichy-dercos-shampoing-dermatologique-anti-pelliculaire-ds-cheveux-secs-recharge-500-ml-shampoing-cheveux-secs.jpg\",\"datePublished\":\"2025-12-12T17:01:36+00:00\",\"dateModified\":\"2025-12-12T17:01:41+00:00\",\"breadcrumb\":{\"@id\":\"https:\/\/paracherkaoui.ma\/index.php\/produit\/vichy-dercos-shampoing-dermatologique-anti-pelliculaire-ds-cheveux-secs-recharge-500-ml\/#breadcrumb\"},\"inLanguage\":\"fr-FR\",\"potentialAction\":[{\"@type\":\"ReadAction\",\"target\":[\"https:\/\/paracherkaoui.ma\/index.php\/produit\/vichy-dercos-shampoing-dermatologique-anti-pelliculaire-ds-cheveux-secs-recharge-500-ml\/\"]}]},{\"@type\":\"ImageObject\",\"inLanguage\":\"fr-FR\",\"@id\":\"https:\/\/paracherkaoui.ma\/index.php\/produit\/vichy-dercos-shampoing-dermatologique-anti-pelliculaire-ds-cheveux-secs-recharge-500-ml\/#primaryimage\",\"url\":\"https:\/\/paracherkaoui.ma\/wp-content\/uploads\/2025\/12\/dercos-vichy-dercos-shampoing-dermatologique-anti-pelliculaire-ds-cheveux-secs-recharge-500-ml-shampoing-cheveux-secs.jpg\",\"contentUrl\":\"https:\/\/paracherkaoui.ma\/wp-content\/uploads\/2025\/12\/dercos-vichy-dercos-shampoing-dermatologique-anti-pelliculaire-ds-cheveux-secs-recharge-500-ml-shampoing-cheveux-secs.jpg\",\"width\":700,\"height\":700},{\"@type\":\"BreadcrumbList\",\"@id\":\"https:\/\/paracherkaoui.ma\/index.php\/produit\/vichy-dercos-shampoing-dermatologique-anti-pelliculaire-ds-cheveux-secs-recharge-500-ml\/#breadcrumb\",\"itemListElement\":[{\"@type\":\"ListItem\",\"position\":1,\"name\":\"Accueil\",\"item\":\"https:\/\/paracherkaoui.ma\/\"},{\"@type\":\"ListItem\",\"position\":2,\"name\":\"Boutique\",\"item\":\"https:\/\/paracherkaoui.ma\/index.php\/boutique\/\"},{\"@type\":\"ListItem\",\"position\":3,\"name\":\"VICHY DERCOS SHAMPOING DERMATOLOGIQUE ANTI PELLICULAIRE DS CHEVEUX SECS RECHARGE 500 ML\"}]},{\"@type\":\"WebSite\",\"@id\":\"https:\/\/paracherkaoui.ma\/#website\",\"url\":\"https:\/\/paracherkaoui.ma\/\",\"name\":\"Paracherkaoui.ma\",\"description\":\"Achetez en ligne sur Paracherkaoui.ma\",\"potentialAction\":[{\"@type\":\"SearchAction\",\"target\":{\"@type\":\"EntryPoint\",\"urlTemplate\":\"https:\/\/paracherkaoui.ma\/?s={search_term_string}\"},\"query-input\":{\"@type\":\"PropertyValueSpecification\",\"valueRequired\":true,\"valueName\":\"search_term_string\"}}],\"inLanguage\":\"fr-FR\"}]}<\/script>\r\n<!-- \/ Yoast SEO plugin. -->","yoast_head_json":{"title":"VICHY DERCOS SHAMPOING DERMATOLOGIQUE ANTI PELLICULAIRE DS CHEVEUX SECS RECHARGE 500 ML - Paracherkaoui.ma","robots":{"index":"index","follow":"follow","max-snippet":"max-snippet:-1","max-image-preview":"max-image-preview:large","max-video-preview":"max-video-preview:-1"},"canonical":"https:\/\/paracherkaoui.ma\/index.php\/produit\/vichy-dercos-shampoing-dermatologique-anti-pelliculaire-ds-cheveux-secs-recharge-500-ml\/","og_locale":"fr_FR","og_type":"article","og_title":"VICHY DERCOS SHAMPOING DERMATOLOGIQUE ANTI PELLICULAIRE DS CHEVEUX SECS RECHARGE 500 ML - Paracherkaoui.ma","og_description":"Gr\u00e2ce \u00e0 son action anti r\u00e9cidive, il assure une protection prolong\u00e9e contre le retour des pellicules, laissant vos cheveux propres","og_url":"https:\/\/paracherkaoui.ma\/index.php\/produit\/vichy-dercos-shampoing-dermatologique-anti-pelliculaire-ds-cheveux-secs-recharge-500-ml\/","og_site_name":"Paracherkaoui.ma","article_modified_time":"2025-12-12T17:01:41+00:00","og_image":[{"width":700,"height":700,"url":"https:\/\/paracherkaoui.ma\/wp-content\/uploads\/2025\/12\/dercos-vichy-dercos-shampoing-dermatologique-anti-pelliculaire-ds-cheveux-secs-recharge-500-ml-shampoing-cheveux-secs.jpg","type":"image\/jpeg"}],"twitter_card":"summary_large_image","twitter_misc":{"Dur\u00e9e de lecture estim\u00e9e":"1 minute"},"schema":{"@context":"https:\/\/schema.org","@graph":[{"@type":"WebPage","@id":"https:\/\/paracherkaoui.ma\/index.php\/produit\/vichy-dercos-shampoing-dermatologique-anti-pelliculaire-ds-cheveux-secs-recharge-500-ml\/","url":"https:\/\/paracherkaoui.ma\/index.php\/produit\/vichy-dercos-shampoing-dermatologique-anti-pelliculaire-ds-cheveux-secs-recharge-500-ml\/","name":"VICHY DERCOS SHAMPOING DERMATOLOGIQUE ANTI PELLICULAIRE DS CHEVEUX SECS RECHARGE 500 ML - Paracherkaoui.ma","isPartOf":{"@id":"https:\/\/paracherkaoui.ma\/#website"},"primaryImageOfPage":{"@id":"https:\/\/paracherkaoui.ma\/index.php\/produit\/vichy-dercos-shampoing-dermatologique-anti-pelliculaire-ds-cheveux-secs-recharge-500-ml\/#primaryimage"},"image":{"@id":"https:\/\/paracherkaoui.ma\/index.php\/produit\/vichy-dercos-shampoing-dermatologique-anti-pelliculaire-ds-cheveux-secs-recharge-500-ml\/#primaryimage"},"thumbnailUrl":"https:\/\/paracherkaoui.ma\/wp-content\/uploads\/2025\/12\/dercos-vichy-dercos-shampoing-dermatologique-anti-pelliculaire-ds-cheveux-secs-recharge-500-ml-shampoing-cheveux-secs.jpg","datePublished":"2025-12-12T17:01:36+00:00","dateModified":"2025-12-12T17:01:41+00:00","breadcrumb":{"@id":"https:\/\/paracherkaoui.ma\/index.php\/produit\/vichy-dercos-shampoing-dermatologique-anti-pelliculaire-ds-cheveux-secs-recharge-500-ml\/#breadcrumb"},"inLanguage":"fr-FR","potentialAction":[{"@type":"ReadAction","target":["https:\/\/paracherkaoui.ma\/index.php\/produit\/vichy-dercos-shampoing-dermatologique-anti-pelliculaire-ds-cheveux-secs-recharge-500-ml\/"]}]},{"@type":"ImageObject","inLanguage":"fr-FR","@id":"https:\/\/paracherkaoui.ma\/index.php\/produit\/vichy-dercos-shampoing-dermatologique-anti-pelliculaire-ds-cheveux-secs-recharge-500-ml\/#primaryimage","url":"https:\/\/paracherkaoui.ma\/wp-content\/uploads\/2025\/12\/dercos-vichy-dercos-shampoing-dermatologique-anti-pelliculaire-ds-cheveux-secs-recharge-500-ml-shampoing-cheveux-secs.jpg","contentUrl":"https:\/\/paracherkaoui.ma\/wp-content\/uploads\/2025\/12\/dercos-vichy-dercos-shampoing-dermatologique-anti-pelliculaire-ds-cheveux-secs-recharge-500-ml-shampoing-cheveux-secs.jpg","width":700,"height":700},{"@type":"BreadcrumbList","@id":"https:\/\/paracherkaoui.ma\/index.php\/produit\/vichy-dercos-shampoing-dermatologique-anti-pelliculaire-ds-cheveux-secs-recharge-500-ml\/#breadcrumb","itemListElement":[{"@type":"ListItem","position":1,"name":"Accueil","item":"https:\/\/paracherkaoui.ma\/"},{"@type":"ListItem","position":2,"name":"Boutique","item":"https:\/\/paracherkaoui.ma\/index.php\/boutique\/"},{"@type":"ListItem","position":3,"name":"VICHY DERCOS SHAMPOING DERMATOLOGIQUE ANTI PELLICULAIRE DS CHEVEUX SECS RECHARGE 500 ML"}]},{"@type":"WebSite","@id":"https:\/\/paracherkaoui.ma\/#website","url":"https:\/\/paracherkaoui.ma\/","name":"Paracherkaoui.ma","description":"Achetez en ligne sur Paracherkaoui.ma","potentialAction":[{"@type":"SearchAction","target":{"@type":"EntryPoint","urlTemplate":"https:\/\/paracherkaoui.ma\/?s={search_term_string}"},"query-input":{"@type":"PropertyValueSpecification","valueRequired":true,"valueName":"search_term_string"}}],"inLanguage":"fr-FR"}]}},"_links":{"self":[{"href":"https:\/\/paracherkaoui.ma\/index.php\/wp-json\/wp\/v2\/product\/18659","targetHints":{"allow":["GET"]}}],"collection":[{"href":"https:\/\/paracherkaoui.ma\/index.php\/wp-json\/wp\/v2\/product"}],"about":[{"href":"https:\/\/paracherkaoui.ma\/index.php\/wp-json\/wp\/v2\/types\/product"}],"replies":[{"embeddable":true,"href":"https:\/\/paracherkaoui.ma\/index.php\/wp-json\/wp\/v2\/comments?post=18659"}],"version-history":[{"count":1,"href":"https:\/\/paracherkaoui.ma\/index.php\/wp-json\/wp\/v2\/product\/18659\/revisions"}],"predecessor-version":[{"id":18704,"href":"https:\/\/paracherkaoui.ma\/index.php\/wp-json\/wp\/v2\/product\/18659\/revisions\/18704"}],"wp:featuredmedia":[{"embeddable":true,"href":"https:\/\/paracherkaoui.ma\/index.php\/wp-json\/wp\/v2\/media\/18703"}],"wp:attachment":[{"href":"https:\/\/paracherkaoui.ma\/index.php\/wp-json\/wp\/v2\/media?parent=18659"}],"wp:term":[{"taxonomy":"product_brand","embeddable":true,"href":"https:\/\/paracherkaoui.ma\/index.php\/wp-json\/wp\/v2\/product_brand?post=18659"},{"taxonomy":"product_cat","embeddable":true,"href":"https:\/\/paracherkaoui.ma\/index.php\/wp-json\/wp\/v2\/product_cat?post=18659"},{"taxonomy":"product_tag","embeddable":true,"href":"https:\/\/paracherkaoui.ma\/index.php\/wp-json\/wp\/v2\/product_tag?post=18659"}],"curies":[{"name":"wp","href":"https:\/\/api.w.org\/{rel}","templated":true}]}}