{"id":18657,"date":"2025-12-12T18:01:35","date_gmt":"2025-12-12T17:01:35","guid":{"rendered":"https:\/\/test.ecbeaute.com\/?post_type=product&#038;p=18657"},"modified":"2025-12-12T18:01:40","modified_gmt":"2025-12-12T17:01:40","slug":"macadamia-oil-infused-hair-repair-ultra-rich-repair-shampooing-1l","status":"publish","type":"product","link":"https:\/\/paracherkaoui.ma\/index.php\/produit\/macadamia-oil-infused-hair-repair-ultra-rich-repair-shampooing-1l\/","title":{"rendered":"MACADAMIA OIL INFUSED HAIR REPAIR ULTRA RICH REPAIR SHAMPOOING 1L"},"content":{"rendered":"<p>Le shampoing Ultra Rich Repair de Macadamia Oil Infused est une solution id\u00e9ale pour des cheveux revitalis\u00e9s et brillants. Formul\u00e9 sp\u00e9cialement pour les cheveux secs, ab\u00eem\u00e9s ou frisott\u00e9s, ce shampoing nourrissant apporte une hydratation intense et r\u00e9pare en profondeur. Gr\u00e2ce \u00e0 l\u2019huile pr\u00e9cieuse de macadamia, connue pour ses propri\u00e9t\u00e9s nourrissantes et adoucissantes, ce shampoing cible les besoins sp\u00e9cifiques des cheveux en manque de vitalit\u00e9 et de souplesse. En enveloppant chaque m\u00e8che, il lisse la fibre capillaire et \u00e9limine les frisottis, transformant les cheveux rebelles en une chevelure douce, soyeuse et sans effort.<br \/>\nCe shampoing offre une action renforc\u00e9e pour des cheveux plus r\u00e9sistants et r\u00e9par\u00e9s, m\u00eame apr\u00e8s une utilisation fr\u00e9quente. Sa formule riche en nutriments revitalise le cuir chevelu, renforce les racines et prot\u00e8ge contre les agressions ext\u00e9rieures telles que la pollution et le coiffage \u00e0 la chaleur. Son parfum d\u00e9licat ajoute un plaisir sensoriel lors de chaque utilisation, rendant l\u2019exp\u00e9rience de soin capillaire encore plus agr\u00e9able. Apr\u00e8s chaque lavage, les cheveux retrouvent leur \u00e9clat naturel, leur souplesse et leur douceur.<br \/>\nConseils d&rsquo;utilisation :<br \/>\nAppliquez une quantit\u00e9 g\u00e9n\u00e9reuse de shampoing sur cheveux mouill\u00e9s.<br \/>\nMassez d\u00e9licatement le cuir chevelu et la longueur des cheveux en insistant sur les zones s\u00e8ches ou ab\u00eem\u00e9es.<br \/>\nRincez abondamment \u00e0 l\u2019eau ti\u00e8de pour \u00e9liminer tout r\u00e9sidu.<br \/>\nPour des r\u00e9sultats optimaux, utilisez ensuite un apr\u00e8s-shampoing ou un masque de la m\u00eame gamme Macadamia.<br \/>\nComposition :<br \/>\nHuile de Macadamia: les Om\u00e9ga 7, 5 et 3 fournissent une hydratation l\u00e9g\u00e8re.<br \/>\nHuile d\u2019Argan: les Om\u00e9ga 9 r\u00e9parent et renforcent le cheveu.<br \/>\nHuiles d\u2019avocat et de noix de Mongongo: lissent la fibre capillaire et r\u00e9duisent les frisottis.<\/p>\n","protected":false},"excerpt":{"rendered":"<p>Le shampoing Ultra Rich Repair de Macadamia Oil Infused est une solution id\u00e9ale pour des cheveux revitalis\u00e9s et brillants. Formul\u00e9<\/p>\n","protected":false},"featured_media":18699,"comment_status":"open","ping_status":"closed","template":"","meta":[],"product_brand":[196],"product_cat":[316],"product_tag":[],"class_list":{"0":"post-18657","1":"product","2":"type-product","3":"status-publish","4":"has-post-thumbnail","6":"product_brand-macadamia","7":"product_cat-shampoings-soins-des-cheveux-cheveux","9":"first","10":"instock","11":"shipping-taxable","12":"purchasable","13":"product-type-simple"},"yoast_head":"<!-- This site is optimized with the Yoast SEO plugin v26.6 - https:\/\/yoast.com\/wordpress\/plugins\/seo\/ -->\r\n<title>MACADAMIA OIL INFUSED HAIR REPAIR ULTRA RICH REPAIR SHAMPOOING 1L - Paracherkaoui.ma<\/title>\r\n<meta name=\"robots\" content=\"index, follow, max-snippet:-1, max-image-preview:large, max-video-preview:-1\" \/>\r\n<link rel=\"canonical\" href=\"https:\/\/paracherkaoui.ma\/index.php\/produit\/macadamia-oil-infused-hair-repair-ultra-rich-repair-shampooing-1l\/\" \/>\r\n<meta property=\"og:locale\" content=\"fr_FR\" \/>\r\n<meta property=\"og:type\" content=\"article\" \/>\r\n<meta property=\"og:title\" content=\"MACADAMIA OIL INFUSED HAIR REPAIR ULTRA RICH REPAIR SHAMPOOING 1L - Paracherkaoui.ma\" \/>\r\n<meta property=\"og:description\" content=\"Le shampoing Ultra Rich Repair de Macadamia Oil Infused est une solution id\u00e9ale pour des cheveux revitalis\u00e9s et brillants. Formul\u00e9\" \/>\r\n<meta property=\"og:url\" content=\"https:\/\/paracherkaoui.ma\/index.php\/produit\/macadamia-oil-infused-hair-repair-ultra-rich-repair-shampooing-1l\/\" \/>\r\n<meta property=\"og:site_name\" content=\"Paracherkaoui.ma\" \/>\r\n<meta property=\"article:modified_time\" content=\"2025-12-12T17:01:40+00:00\" \/>\r\n<meta property=\"og:image\" content=\"https:\/\/paracherkaoui.ma\/wp-content\/uploads\/2025\/12\/macadamia-oil-infused-hair-repair-ultra-rich-repair-shampooing-1l.jpg\" \/>\r\n\t<meta property=\"og:image:width\" content=\"700\" \/>\r\n\t<meta property=\"og:image:height\" content=\"700\" \/>\r\n\t<meta property=\"og:image:type\" content=\"image\/jpeg\" \/>\r\n<meta name=\"twitter:card\" content=\"summary_large_image\" \/>\r\n<meta name=\"twitter:label1\" content=\"Dur\u00e9e de lecture estim\u00e9e\" \/>\n\t<meta name=\"twitter:data1\" content=\"2 minutes\" \/>\r\n<script type=\"application\/ld+json\" class=\"yoast-schema-graph\">{\"@context\":\"https:\/\/schema.org\",\"@graph\":[{\"@type\":\"WebPage\",\"@id\":\"https:\/\/paracherkaoui.ma\/index.php\/produit\/macadamia-oil-infused-hair-repair-ultra-rich-repair-shampooing-1l\/\",\"url\":\"https:\/\/paracherkaoui.ma\/index.php\/produit\/macadamia-oil-infused-hair-repair-ultra-rich-repair-shampooing-1l\/\",\"name\":\"MACADAMIA OIL INFUSED HAIR REPAIR ULTRA RICH REPAIR SHAMPOOING 1L - Paracherkaoui.ma\",\"isPartOf\":{\"@id\":\"https:\/\/paracherkaoui.ma\/#website\"},\"primaryImageOfPage\":{\"@id\":\"https:\/\/paracherkaoui.ma\/index.php\/produit\/macadamia-oil-infused-hair-repair-ultra-rich-repair-shampooing-1l\/#primaryimage\"},\"image\":{\"@id\":\"https:\/\/paracherkaoui.ma\/index.php\/produit\/macadamia-oil-infused-hair-repair-ultra-rich-repair-shampooing-1l\/#primaryimage\"},\"thumbnailUrl\":\"https:\/\/paracherkaoui.ma\/wp-content\/uploads\/2025\/12\/macadamia-oil-infused-hair-repair-ultra-rich-repair-shampooing-1l.jpg\",\"datePublished\":\"2025-12-12T17:01:35+00:00\",\"dateModified\":\"2025-12-12T17:01:40+00:00\",\"breadcrumb\":{\"@id\":\"https:\/\/paracherkaoui.ma\/index.php\/produit\/macadamia-oil-infused-hair-repair-ultra-rich-repair-shampooing-1l\/#breadcrumb\"},\"inLanguage\":\"fr-FR\",\"potentialAction\":[{\"@type\":\"ReadAction\",\"target\":[\"https:\/\/paracherkaoui.ma\/index.php\/produit\/macadamia-oil-infused-hair-repair-ultra-rich-repair-shampooing-1l\/\"]}]},{\"@type\":\"ImageObject\",\"inLanguage\":\"fr-FR\",\"@id\":\"https:\/\/paracherkaoui.ma\/index.php\/produit\/macadamia-oil-infused-hair-repair-ultra-rich-repair-shampooing-1l\/#primaryimage\",\"url\":\"https:\/\/paracherkaoui.ma\/wp-content\/uploads\/2025\/12\/macadamia-oil-infused-hair-repair-ultra-rich-repair-shampooing-1l.jpg\",\"contentUrl\":\"https:\/\/paracherkaoui.ma\/wp-content\/uploads\/2025\/12\/macadamia-oil-infused-hair-repair-ultra-rich-repair-shampooing-1l.jpg\",\"width\":700,\"height\":700},{\"@type\":\"BreadcrumbList\",\"@id\":\"https:\/\/paracherkaoui.ma\/index.php\/produit\/macadamia-oil-infused-hair-repair-ultra-rich-repair-shampooing-1l\/#breadcrumb\",\"itemListElement\":[{\"@type\":\"ListItem\",\"position\":1,\"name\":\"Accueil\",\"item\":\"https:\/\/paracherkaoui.ma\/\"},{\"@type\":\"ListItem\",\"position\":2,\"name\":\"Boutique\",\"item\":\"https:\/\/paracherkaoui.ma\/index.php\/boutique\/\"},{\"@type\":\"ListItem\",\"position\":3,\"name\":\"MACADAMIA OIL INFUSED HAIR REPAIR ULTRA RICH REPAIR SHAMPOOING 1L\"}]},{\"@type\":\"WebSite\",\"@id\":\"https:\/\/paracherkaoui.ma\/#website\",\"url\":\"https:\/\/paracherkaoui.ma\/\",\"name\":\"Paracherkaoui.ma\",\"description\":\"Achetez en ligne sur Paracherkaoui.ma\",\"potentialAction\":[{\"@type\":\"SearchAction\",\"target\":{\"@type\":\"EntryPoint\",\"urlTemplate\":\"https:\/\/paracherkaoui.ma\/?s={search_term_string}\"},\"query-input\":{\"@type\":\"PropertyValueSpecification\",\"valueRequired\":true,\"valueName\":\"search_term_string\"}}],\"inLanguage\":\"fr-FR\"}]}<\/script>\r\n<!-- \/ Yoast SEO plugin. -->","yoast_head_json":{"title":"MACADAMIA OIL INFUSED HAIR REPAIR ULTRA RICH REPAIR SHAMPOOING 1L - Paracherkaoui.ma","robots":{"index":"index","follow":"follow","max-snippet":"max-snippet:-1","max-image-preview":"max-image-preview:large","max-video-preview":"max-video-preview:-1"},"canonical":"https:\/\/paracherkaoui.ma\/index.php\/produit\/macadamia-oil-infused-hair-repair-ultra-rich-repair-shampooing-1l\/","og_locale":"fr_FR","og_type":"article","og_title":"MACADAMIA OIL INFUSED HAIR REPAIR ULTRA RICH REPAIR SHAMPOOING 1L - Paracherkaoui.ma","og_description":"Le shampoing Ultra Rich Repair de Macadamia Oil Infused est une solution id\u00e9ale pour des cheveux revitalis\u00e9s et brillants. Formul\u00e9","og_url":"https:\/\/paracherkaoui.ma\/index.php\/produit\/macadamia-oil-infused-hair-repair-ultra-rich-repair-shampooing-1l\/","og_site_name":"Paracherkaoui.ma","article_modified_time":"2025-12-12T17:01:40+00:00","og_image":[{"width":700,"height":700,"url":"https:\/\/paracherkaoui.ma\/wp-content\/uploads\/2025\/12\/macadamia-oil-infused-hair-repair-ultra-rich-repair-shampooing-1l.jpg","type":"image\/jpeg"}],"twitter_card":"summary_large_image","twitter_misc":{"Dur\u00e9e de lecture estim\u00e9e":"2 minutes"},"schema":{"@context":"https:\/\/schema.org","@graph":[{"@type":"WebPage","@id":"https:\/\/paracherkaoui.ma\/index.php\/produit\/macadamia-oil-infused-hair-repair-ultra-rich-repair-shampooing-1l\/","url":"https:\/\/paracherkaoui.ma\/index.php\/produit\/macadamia-oil-infused-hair-repair-ultra-rich-repair-shampooing-1l\/","name":"MACADAMIA OIL INFUSED HAIR REPAIR ULTRA RICH REPAIR SHAMPOOING 1L - Paracherkaoui.ma","isPartOf":{"@id":"https:\/\/paracherkaoui.ma\/#website"},"primaryImageOfPage":{"@id":"https:\/\/paracherkaoui.ma\/index.php\/produit\/macadamia-oil-infused-hair-repair-ultra-rich-repair-shampooing-1l\/#primaryimage"},"image":{"@id":"https:\/\/paracherkaoui.ma\/index.php\/produit\/macadamia-oil-infused-hair-repair-ultra-rich-repair-shampooing-1l\/#primaryimage"},"thumbnailUrl":"https:\/\/paracherkaoui.ma\/wp-content\/uploads\/2025\/12\/macadamia-oil-infused-hair-repair-ultra-rich-repair-shampooing-1l.jpg","datePublished":"2025-12-12T17:01:35+00:00","dateModified":"2025-12-12T17:01:40+00:00","breadcrumb":{"@id":"https:\/\/paracherkaoui.ma\/index.php\/produit\/macadamia-oil-infused-hair-repair-ultra-rich-repair-shampooing-1l\/#breadcrumb"},"inLanguage":"fr-FR","potentialAction":[{"@type":"ReadAction","target":["https:\/\/paracherkaoui.ma\/index.php\/produit\/macadamia-oil-infused-hair-repair-ultra-rich-repair-shampooing-1l\/"]}]},{"@type":"ImageObject","inLanguage":"fr-FR","@id":"https:\/\/paracherkaoui.ma\/index.php\/produit\/macadamia-oil-infused-hair-repair-ultra-rich-repair-shampooing-1l\/#primaryimage","url":"https:\/\/paracherkaoui.ma\/wp-content\/uploads\/2025\/12\/macadamia-oil-infused-hair-repair-ultra-rich-repair-shampooing-1l.jpg","contentUrl":"https:\/\/paracherkaoui.ma\/wp-content\/uploads\/2025\/12\/macadamia-oil-infused-hair-repair-ultra-rich-repair-shampooing-1l.jpg","width":700,"height":700},{"@type":"BreadcrumbList","@id":"https:\/\/paracherkaoui.ma\/index.php\/produit\/macadamia-oil-infused-hair-repair-ultra-rich-repair-shampooing-1l\/#breadcrumb","itemListElement":[{"@type":"ListItem","position":1,"name":"Accueil","item":"https:\/\/paracherkaoui.ma\/"},{"@type":"ListItem","position":2,"name":"Boutique","item":"https:\/\/paracherkaoui.ma\/index.php\/boutique\/"},{"@type":"ListItem","position":3,"name":"MACADAMIA OIL INFUSED HAIR REPAIR ULTRA RICH REPAIR SHAMPOOING 1L"}]},{"@type":"WebSite","@id":"https:\/\/paracherkaoui.ma\/#website","url":"https:\/\/paracherkaoui.ma\/","name":"Paracherkaoui.ma","description":"Achetez en ligne sur Paracherkaoui.ma","potentialAction":[{"@type":"SearchAction","target":{"@type":"EntryPoint","urlTemplate":"https:\/\/paracherkaoui.ma\/?s={search_term_string}"},"query-input":{"@type":"PropertyValueSpecification","valueRequired":true,"valueName":"search_term_string"}}],"inLanguage":"fr-FR"}]}},"_links":{"self":[{"href":"https:\/\/paracherkaoui.ma\/index.php\/wp-json\/wp\/v2\/product\/18657","targetHints":{"allow":["GET"]}}],"collection":[{"href":"https:\/\/paracherkaoui.ma\/index.php\/wp-json\/wp\/v2\/product"}],"about":[{"href":"https:\/\/paracherkaoui.ma\/index.php\/wp-json\/wp\/v2\/types\/product"}],"replies":[{"embeddable":true,"href":"https:\/\/paracherkaoui.ma\/index.php\/wp-json\/wp\/v2\/comments?post=18657"}],"version-history":[{"count":1,"href":"https:\/\/paracherkaoui.ma\/index.php\/wp-json\/wp\/v2\/product\/18657\/revisions"}],"predecessor-version":[{"id":18700,"href":"https:\/\/paracherkaoui.ma\/index.php\/wp-json\/wp\/v2\/product\/18657\/revisions\/18700"}],"wp:featuredmedia":[{"embeddable":true,"href":"https:\/\/paracherkaoui.ma\/index.php\/wp-json\/wp\/v2\/media\/18699"}],"wp:attachment":[{"href":"https:\/\/paracherkaoui.ma\/index.php\/wp-json\/wp\/v2\/media?parent=18657"}],"wp:term":[{"taxonomy":"product_brand","embeddable":true,"href":"https:\/\/paracherkaoui.ma\/index.php\/wp-json\/wp\/v2\/product_brand?post=18657"},{"taxonomy":"product_cat","embeddable":true,"href":"https:\/\/paracherkaoui.ma\/index.php\/wp-json\/wp\/v2\/product_cat?post=18657"},{"taxonomy":"product_tag","embeddable":true,"href":"https:\/\/paracherkaoui.ma\/index.php\/wp-json\/wp\/v2\/product_tag?post=18657"}],"curies":[{"name":"wp","href":"https:\/\/api.w.org\/{rel}","templated":true}]}}