{"id":18646,"date":"2025-12-12T18:01:34","date_gmt":"2025-12-12T17:01:34","guid":{"rendered":"https:\/\/test.ecbeaute.com\/?post_type=product&#038;p=18646"},"modified":"2025-12-12T18:01:37","modified_gmt":"2025-12-12T17:01:37","slug":"phytocapill-shampooing-cheveux-gras-200-ml","status":"publish","type":"product","link":"https:\/\/paracherkaoui.ma\/index.php\/produit\/phytocapill-shampooing-cheveux-gras-200-ml\/","title":{"rendered":"PHYTOCAPILL SHAMPOOING CHEVEUX GRAS 200 ML"},"content":{"rendered":"<p>Phytocapill shampooing cheveux gras est un shampoing sebo-r\u00e9gulateur concu pour agir \u00e9fficacement sur l\u2019exc\u00e9s de s\u00e9bum ,enrichi \u00e0 l\u2019extrait de myrte et d\u2019ortie blanche , il assainit le cuir chevelu et normalise la production execissive de s\u00e9bum en r\u00e9duisant sensiblement l\u2019activit\u00e9 des glandes s\u00e9bac\u00e9es \u00e9limine rapidement les pellicules grasses et pr\u00e9vient leur r\u00e9apparitions redonne \u00e0 vos cheveux l\u00e9g\u00e9rt\u00e9 et brillance tout en les gardant propre plus longtemps .<br \/>\nConseils d&rsquo;utilisation:<br \/>\nA appliquer sur cheveux mouill\u00e9s<\/p>\n","protected":false},"excerpt":{"rendered":"<p>Phytocapill shampooing cheveux gras est un shampoing sebo-r\u00e9gulateur concu pour agir \u00e9fficacement sur l\u2019exc\u00e9s de s\u00e9bum ,enrichi \u00e0 l\u2019extrait de<\/p>\n","protected":false},"featured_media":18678,"comment_status":"open","ping_status":"closed","template":"","meta":[],"product_brand":[241],"product_cat":[316],"product_tag":[],"class_list":{"0":"post-18646","1":"product","2":"type-product","3":"status-publish","4":"has-post-thumbnail","6":"product_brand-phytocapill","7":"product_cat-shampoings-soins-des-cheveux-cheveux","9":"first","10":"instock","11":"sale","12":"shipping-taxable","13":"purchasable","14":"product-type-simple"},"yoast_head":"<!-- This site is optimized with the Yoast SEO plugin v26.6 - https:\/\/yoast.com\/wordpress\/plugins\/seo\/ -->\r\n<title>PHYTOCAPILL SHAMPOOING CHEVEUX GRAS 200 ML - Paracherkaoui.ma<\/title>\r\n<meta name=\"robots\" content=\"index, follow, max-snippet:-1, max-image-preview:large, max-video-preview:-1\" \/>\r\n<link rel=\"canonical\" href=\"https:\/\/paracherkaoui.ma\/index.php\/produit\/phytocapill-shampooing-cheveux-gras-200-ml\/\" \/>\r\n<meta property=\"og:locale\" content=\"fr_FR\" \/>\r\n<meta property=\"og:type\" content=\"article\" \/>\r\n<meta property=\"og:title\" content=\"PHYTOCAPILL SHAMPOOING CHEVEUX GRAS 200 ML - Paracherkaoui.ma\" \/>\r\n<meta property=\"og:description\" content=\"Phytocapill shampooing cheveux gras est un shampoing sebo-r\u00e9gulateur concu pour agir \u00e9fficacement sur l\u2019exc\u00e9s de s\u00e9bum ,enrichi \u00e0 l\u2019extrait de\" \/>\r\n<meta property=\"og:url\" content=\"https:\/\/paracherkaoui.ma\/index.php\/produit\/phytocapill-shampooing-cheveux-gras-200-ml\/\" \/>\r\n<meta property=\"og:site_name\" content=\"Paracherkaoui.ma\" \/>\r\n<meta property=\"article:modified_time\" content=\"2025-12-12T17:01:37+00:00\" \/>\r\n<meta property=\"og:image\" content=\"https:\/\/paracherkaoui.ma\/wp-content\/uploads\/2025\/12\/phytocapill-phytocapill-shampooing-cheveux-gras-200-ml-shampoing-cheveux-gras.jpg\" \/>\r\n\t<meta property=\"og:image:width\" content=\"700\" \/>\r\n\t<meta property=\"og:image:height\" content=\"700\" \/>\r\n\t<meta property=\"og:image:type\" content=\"image\/jpeg\" \/>\r\n<meta name=\"twitter:card\" content=\"summary_large_image\" \/>\r\n<script type=\"application\/ld+json\" class=\"yoast-schema-graph\">{\"@context\":\"https:\/\/schema.org\",\"@graph\":[{\"@type\":\"WebPage\",\"@id\":\"https:\/\/paracherkaoui.ma\/index.php\/produit\/phytocapill-shampooing-cheveux-gras-200-ml\/\",\"url\":\"https:\/\/paracherkaoui.ma\/index.php\/produit\/phytocapill-shampooing-cheveux-gras-200-ml\/\",\"name\":\"PHYTOCAPILL SHAMPOOING CHEVEUX GRAS 200 ML - Paracherkaoui.ma\",\"isPartOf\":{\"@id\":\"https:\/\/paracherkaoui.ma\/#website\"},\"primaryImageOfPage\":{\"@id\":\"https:\/\/paracherkaoui.ma\/index.php\/produit\/phytocapill-shampooing-cheveux-gras-200-ml\/#primaryimage\"},\"image\":{\"@id\":\"https:\/\/paracherkaoui.ma\/index.php\/produit\/phytocapill-shampooing-cheveux-gras-200-ml\/#primaryimage\"},\"thumbnailUrl\":\"https:\/\/paracherkaoui.ma\/wp-content\/uploads\/2025\/12\/phytocapill-phytocapill-shampooing-cheveux-gras-200-ml-shampoing-cheveux-gras.jpg\",\"datePublished\":\"2025-12-12T17:01:34+00:00\",\"dateModified\":\"2025-12-12T17:01:37+00:00\",\"breadcrumb\":{\"@id\":\"https:\/\/paracherkaoui.ma\/index.php\/produit\/phytocapill-shampooing-cheveux-gras-200-ml\/#breadcrumb\"},\"inLanguage\":\"fr-FR\",\"potentialAction\":[{\"@type\":\"ReadAction\",\"target\":[\"https:\/\/paracherkaoui.ma\/index.php\/produit\/phytocapill-shampooing-cheveux-gras-200-ml\/\"]}]},{\"@type\":\"ImageObject\",\"inLanguage\":\"fr-FR\",\"@id\":\"https:\/\/paracherkaoui.ma\/index.php\/produit\/phytocapill-shampooing-cheveux-gras-200-ml\/#primaryimage\",\"url\":\"https:\/\/paracherkaoui.ma\/wp-content\/uploads\/2025\/12\/phytocapill-phytocapill-shampooing-cheveux-gras-200-ml-shampoing-cheveux-gras.jpg\",\"contentUrl\":\"https:\/\/paracherkaoui.ma\/wp-content\/uploads\/2025\/12\/phytocapill-phytocapill-shampooing-cheveux-gras-200-ml-shampoing-cheveux-gras.jpg\",\"width\":700,\"height\":700},{\"@type\":\"BreadcrumbList\",\"@id\":\"https:\/\/paracherkaoui.ma\/index.php\/produit\/phytocapill-shampooing-cheveux-gras-200-ml\/#breadcrumb\",\"itemListElement\":[{\"@type\":\"ListItem\",\"position\":1,\"name\":\"Accueil\",\"item\":\"https:\/\/paracherkaoui.ma\/\"},{\"@type\":\"ListItem\",\"position\":2,\"name\":\"Boutique\",\"item\":\"https:\/\/paracherkaoui.ma\/index.php\/boutique\/\"},{\"@type\":\"ListItem\",\"position\":3,\"name\":\"PHYTOCAPILL SHAMPOOING CHEVEUX GRAS 200 ML\"}]},{\"@type\":\"WebSite\",\"@id\":\"https:\/\/paracherkaoui.ma\/#website\",\"url\":\"https:\/\/paracherkaoui.ma\/\",\"name\":\"Paracherkaoui.ma\",\"description\":\"Achetez en ligne sur Paracherkaoui.ma\",\"potentialAction\":[{\"@type\":\"SearchAction\",\"target\":{\"@type\":\"EntryPoint\",\"urlTemplate\":\"https:\/\/paracherkaoui.ma\/?s={search_term_string}\"},\"query-input\":{\"@type\":\"PropertyValueSpecification\",\"valueRequired\":true,\"valueName\":\"search_term_string\"}}],\"inLanguage\":\"fr-FR\"}]}<\/script>\r\n<!-- \/ Yoast SEO plugin. -->","yoast_head_json":{"title":"PHYTOCAPILL SHAMPOOING CHEVEUX GRAS 200 ML - Paracherkaoui.ma","robots":{"index":"index","follow":"follow","max-snippet":"max-snippet:-1","max-image-preview":"max-image-preview:large","max-video-preview":"max-video-preview:-1"},"canonical":"https:\/\/paracherkaoui.ma\/index.php\/produit\/phytocapill-shampooing-cheveux-gras-200-ml\/","og_locale":"fr_FR","og_type":"article","og_title":"PHYTOCAPILL SHAMPOOING CHEVEUX GRAS 200 ML - Paracherkaoui.ma","og_description":"Phytocapill shampooing cheveux gras est un shampoing sebo-r\u00e9gulateur concu pour agir \u00e9fficacement sur l\u2019exc\u00e9s de s\u00e9bum ,enrichi \u00e0 l\u2019extrait de","og_url":"https:\/\/paracherkaoui.ma\/index.php\/produit\/phytocapill-shampooing-cheveux-gras-200-ml\/","og_site_name":"Paracherkaoui.ma","article_modified_time":"2025-12-12T17:01:37+00:00","og_image":[{"width":700,"height":700,"url":"https:\/\/paracherkaoui.ma\/wp-content\/uploads\/2025\/12\/phytocapill-phytocapill-shampooing-cheveux-gras-200-ml-shampoing-cheveux-gras.jpg","type":"image\/jpeg"}],"twitter_card":"summary_large_image","schema":{"@context":"https:\/\/schema.org","@graph":[{"@type":"WebPage","@id":"https:\/\/paracherkaoui.ma\/index.php\/produit\/phytocapill-shampooing-cheveux-gras-200-ml\/","url":"https:\/\/paracherkaoui.ma\/index.php\/produit\/phytocapill-shampooing-cheveux-gras-200-ml\/","name":"PHYTOCAPILL SHAMPOOING CHEVEUX GRAS 200 ML - Paracherkaoui.ma","isPartOf":{"@id":"https:\/\/paracherkaoui.ma\/#website"},"primaryImageOfPage":{"@id":"https:\/\/paracherkaoui.ma\/index.php\/produit\/phytocapill-shampooing-cheveux-gras-200-ml\/#primaryimage"},"image":{"@id":"https:\/\/paracherkaoui.ma\/index.php\/produit\/phytocapill-shampooing-cheveux-gras-200-ml\/#primaryimage"},"thumbnailUrl":"https:\/\/paracherkaoui.ma\/wp-content\/uploads\/2025\/12\/phytocapill-phytocapill-shampooing-cheveux-gras-200-ml-shampoing-cheveux-gras.jpg","datePublished":"2025-12-12T17:01:34+00:00","dateModified":"2025-12-12T17:01:37+00:00","breadcrumb":{"@id":"https:\/\/paracherkaoui.ma\/index.php\/produit\/phytocapill-shampooing-cheveux-gras-200-ml\/#breadcrumb"},"inLanguage":"fr-FR","potentialAction":[{"@type":"ReadAction","target":["https:\/\/paracherkaoui.ma\/index.php\/produit\/phytocapill-shampooing-cheveux-gras-200-ml\/"]}]},{"@type":"ImageObject","inLanguage":"fr-FR","@id":"https:\/\/paracherkaoui.ma\/index.php\/produit\/phytocapill-shampooing-cheveux-gras-200-ml\/#primaryimage","url":"https:\/\/paracherkaoui.ma\/wp-content\/uploads\/2025\/12\/phytocapill-phytocapill-shampooing-cheveux-gras-200-ml-shampoing-cheveux-gras.jpg","contentUrl":"https:\/\/paracherkaoui.ma\/wp-content\/uploads\/2025\/12\/phytocapill-phytocapill-shampooing-cheveux-gras-200-ml-shampoing-cheveux-gras.jpg","width":700,"height":700},{"@type":"BreadcrumbList","@id":"https:\/\/paracherkaoui.ma\/index.php\/produit\/phytocapill-shampooing-cheveux-gras-200-ml\/#breadcrumb","itemListElement":[{"@type":"ListItem","position":1,"name":"Accueil","item":"https:\/\/paracherkaoui.ma\/"},{"@type":"ListItem","position":2,"name":"Boutique","item":"https:\/\/paracherkaoui.ma\/index.php\/boutique\/"},{"@type":"ListItem","position":3,"name":"PHYTOCAPILL SHAMPOOING CHEVEUX GRAS 200 ML"}]},{"@type":"WebSite","@id":"https:\/\/paracherkaoui.ma\/#website","url":"https:\/\/paracherkaoui.ma\/","name":"Paracherkaoui.ma","description":"Achetez en ligne sur Paracherkaoui.ma","potentialAction":[{"@type":"SearchAction","target":{"@type":"EntryPoint","urlTemplate":"https:\/\/paracherkaoui.ma\/?s={search_term_string}"},"query-input":{"@type":"PropertyValueSpecification","valueRequired":true,"valueName":"search_term_string"}}],"inLanguage":"fr-FR"}]}},"_links":{"self":[{"href":"https:\/\/paracherkaoui.ma\/index.php\/wp-json\/wp\/v2\/product\/18646","targetHints":{"allow":["GET"]}}],"collection":[{"href":"https:\/\/paracherkaoui.ma\/index.php\/wp-json\/wp\/v2\/product"}],"about":[{"href":"https:\/\/paracherkaoui.ma\/index.php\/wp-json\/wp\/v2\/types\/product"}],"replies":[{"embeddable":true,"href":"https:\/\/paracherkaoui.ma\/index.php\/wp-json\/wp\/v2\/comments?post=18646"}],"version-history":[{"count":1,"href":"https:\/\/paracherkaoui.ma\/index.php\/wp-json\/wp\/v2\/product\/18646\/revisions"}],"predecessor-version":[{"id":18679,"href":"https:\/\/paracherkaoui.ma\/index.php\/wp-json\/wp\/v2\/product\/18646\/revisions\/18679"}],"wp:featuredmedia":[{"embeddable":true,"href":"https:\/\/paracherkaoui.ma\/index.php\/wp-json\/wp\/v2\/media\/18678"}],"wp:attachment":[{"href":"https:\/\/paracherkaoui.ma\/index.php\/wp-json\/wp\/v2\/media?parent=18646"}],"wp:term":[{"taxonomy":"product_brand","embeddable":true,"href":"https:\/\/paracherkaoui.ma\/index.php\/wp-json\/wp\/v2\/product_brand?post=18646"},{"taxonomy":"product_cat","embeddable":true,"href":"https:\/\/paracherkaoui.ma\/index.php\/wp-json\/wp\/v2\/product_cat?post=18646"},{"taxonomy":"product_tag","embeddable":true,"href":"https:\/\/paracherkaoui.ma\/index.php\/wp-json\/wp\/v2\/product_tag?post=18646"}],"curies":[{"name":"wp","href":"https:\/\/api.w.org\/{rel}","templated":true}]}}