{"id":18591,"date":"2025-12-12T18:01:30","date_gmt":"2025-12-12T17:01:30","guid":{"rendered":"https:\/\/test.ecbeaute.com\/?post_type=product&#038;p=18591"},"modified":"2025-12-12T18:01:34","modified_gmt":"2025-12-12T17:01:34","slug":"biokap-bellezza-shampoing-cheveux-gras-200-ml","status":"publish","type":"product","link":"https:\/\/paracherkaoui.ma\/index.php\/produit\/biokap-bellezza-shampoing-cheveux-gras-200-ml\/","title":{"rendered":"BIOKAP BELLEZZA SHAMPOING CHEVEUX GRAS 200 ML"},"content":{"rendered":"<p>Description:<br \/>\nSa formule cibl\u00e9e aide \u00e0 normaliser la s\u00e9cr\u00e9tion excessive de s\u00e9bum, et donne vitalit\u00e9 et l\u00e9g\u00e8ret\u00e9 \u00e0 la chevelure. Il est \u00e9galement utile pour lutter la perte de cheveux excessive souvent due \u00e0 l\u2019exc\u00e8s de s\u00e9bum.Il contient des extraits de sapin blanc et la cyst\u00e9ine, qui ont un effet \u00e9quilibrant sur le s\u00e9bum, des acides de fruits, connus pour leur effet exfoliant, des extraits de lichen d\u2019Islande, de romarin et de bardane qui sont purifiant et du menthol avec des huiles essentielles de romarin, et melaleuca alternifolia, qui rafra\u00eechissent et r\u00e9g\u00e9n\u00e8rent.<\/p>\n","protected":false},"excerpt":{"rendered":"<p>Description: Sa formule cibl\u00e9e aide \u00e0 normaliser la s\u00e9cr\u00e9tion excessive de s\u00e9bum, et donne vitalit\u00e9 et l\u00e9g\u00e8ret\u00e9 \u00e0 la chevelure.<\/p>\n","protected":false},"featured_media":18642,"comment_status":"open","ping_status":"closed","template":"","meta":[],"product_brand":[229],"product_cat":[316],"product_tag":[],"class_list":{"0":"post-18591","1":"product","2":"type-product","3":"status-publish","4":"has-post-thumbnail","6":"product_brand-biokap","7":"product_cat-shampoings-soins-des-cheveux-cheveux","9":"first","10":"instock","11":"sale","12":"shipping-taxable","13":"purchasable","14":"product-type-simple"},"yoast_head":"<!-- This site is optimized with the Yoast SEO plugin v26.6 - https:\/\/yoast.com\/wordpress\/plugins\/seo\/ -->\r\n<title>BIOKAP BELLEZZA SHAMPOING CHEVEUX GRAS 200 ML - Paracherkaoui.ma<\/title>\r\n<meta name=\"robots\" content=\"index, follow, max-snippet:-1, max-image-preview:large, max-video-preview:-1\" \/>\r\n<link rel=\"canonical\" href=\"https:\/\/paracherkaoui.ma\/index.php\/produit\/biokap-bellezza-shampoing-cheveux-gras-200-ml\/\" \/>\r\n<meta property=\"og:locale\" content=\"fr_FR\" \/>\r\n<meta property=\"og:type\" content=\"article\" \/>\r\n<meta property=\"og:title\" content=\"BIOKAP BELLEZZA SHAMPOING CHEVEUX GRAS 200 ML - Paracherkaoui.ma\" \/>\r\n<meta property=\"og:description\" content=\"Description: Sa formule cibl\u00e9e aide \u00e0 normaliser la s\u00e9cr\u00e9tion excessive de s\u00e9bum, et donne vitalit\u00e9 et l\u00e9g\u00e8ret\u00e9 \u00e0 la chevelure.\" \/>\r\n<meta property=\"og:url\" content=\"https:\/\/paracherkaoui.ma\/index.php\/produit\/biokap-bellezza-shampoing-cheveux-gras-200-ml\/\" \/>\r\n<meta property=\"og:site_name\" content=\"Paracherkaoui.ma\" \/>\r\n<meta property=\"article:modified_time\" content=\"2025-12-12T17:01:34+00:00\" \/>\r\n<meta property=\"og:image\" content=\"https:\/\/paracherkaoui.ma\/wp-content\/uploads\/2025\/12\/biokap-bellezza-shampoing-cheveux-gras-200-ml.jpg\" \/>\r\n\t<meta property=\"og:image:width\" content=\"700\" \/>\r\n\t<meta property=\"og:image:height\" content=\"700\" \/>\r\n\t<meta property=\"og:image:type\" content=\"image\/jpeg\" \/>\r\n<meta name=\"twitter:card\" content=\"summary_large_image\" \/>\r\n<meta name=\"twitter:label1\" content=\"Dur\u00e9e de lecture estim\u00e9e\" \/>\n\t<meta name=\"twitter:data1\" content=\"1 minute\" \/>\r\n<script type=\"application\/ld+json\" class=\"yoast-schema-graph\">{\"@context\":\"https:\/\/schema.org\",\"@graph\":[{\"@type\":\"WebPage\",\"@id\":\"https:\/\/paracherkaoui.ma\/index.php\/produit\/biokap-bellezza-shampoing-cheveux-gras-200-ml\/\",\"url\":\"https:\/\/paracherkaoui.ma\/index.php\/produit\/biokap-bellezza-shampoing-cheveux-gras-200-ml\/\",\"name\":\"BIOKAP BELLEZZA SHAMPOING CHEVEUX GRAS 200 ML - Paracherkaoui.ma\",\"isPartOf\":{\"@id\":\"https:\/\/paracherkaoui.ma\/#website\"},\"primaryImageOfPage\":{\"@id\":\"https:\/\/paracherkaoui.ma\/index.php\/produit\/biokap-bellezza-shampoing-cheveux-gras-200-ml\/#primaryimage\"},\"image\":{\"@id\":\"https:\/\/paracherkaoui.ma\/index.php\/produit\/biokap-bellezza-shampoing-cheveux-gras-200-ml\/#primaryimage\"},\"thumbnailUrl\":\"https:\/\/paracherkaoui.ma\/wp-content\/uploads\/2025\/12\/biokap-bellezza-shampoing-cheveux-gras-200-ml.jpg\",\"datePublished\":\"2025-12-12T17:01:30+00:00\",\"dateModified\":\"2025-12-12T17:01:34+00:00\",\"breadcrumb\":{\"@id\":\"https:\/\/paracherkaoui.ma\/index.php\/produit\/biokap-bellezza-shampoing-cheveux-gras-200-ml\/#breadcrumb\"},\"inLanguage\":\"fr-FR\",\"potentialAction\":[{\"@type\":\"ReadAction\",\"target\":[\"https:\/\/paracherkaoui.ma\/index.php\/produit\/biokap-bellezza-shampoing-cheveux-gras-200-ml\/\"]}]},{\"@type\":\"ImageObject\",\"inLanguage\":\"fr-FR\",\"@id\":\"https:\/\/paracherkaoui.ma\/index.php\/produit\/biokap-bellezza-shampoing-cheveux-gras-200-ml\/#primaryimage\",\"url\":\"https:\/\/paracherkaoui.ma\/wp-content\/uploads\/2025\/12\/biokap-bellezza-shampoing-cheveux-gras-200-ml.jpg\",\"contentUrl\":\"https:\/\/paracherkaoui.ma\/wp-content\/uploads\/2025\/12\/biokap-bellezza-shampoing-cheveux-gras-200-ml.jpg\",\"width\":700,\"height\":700},{\"@type\":\"BreadcrumbList\",\"@id\":\"https:\/\/paracherkaoui.ma\/index.php\/produit\/biokap-bellezza-shampoing-cheveux-gras-200-ml\/#breadcrumb\",\"itemListElement\":[{\"@type\":\"ListItem\",\"position\":1,\"name\":\"Accueil\",\"item\":\"https:\/\/paracherkaoui.ma\/\"},{\"@type\":\"ListItem\",\"position\":2,\"name\":\"Boutique\",\"item\":\"https:\/\/paracherkaoui.ma\/index.php\/boutique\/\"},{\"@type\":\"ListItem\",\"position\":3,\"name\":\"BIOKAP BELLEZZA SHAMPOING CHEVEUX GRAS 200 ML\"}]},{\"@type\":\"WebSite\",\"@id\":\"https:\/\/paracherkaoui.ma\/#website\",\"url\":\"https:\/\/paracherkaoui.ma\/\",\"name\":\"Paracherkaoui.ma\",\"description\":\"Achetez en ligne sur Paracherkaoui.ma\",\"potentialAction\":[{\"@type\":\"SearchAction\",\"target\":{\"@type\":\"EntryPoint\",\"urlTemplate\":\"https:\/\/paracherkaoui.ma\/?s={search_term_string}\"},\"query-input\":{\"@type\":\"PropertyValueSpecification\",\"valueRequired\":true,\"valueName\":\"search_term_string\"}}],\"inLanguage\":\"fr-FR\"}]}<\/script>\r\n<!-- \/ Yoast SEO plugin. -->","yoast_head_json":{"title":"BIOKAP BELLEZZA SHAMPOING CHEVEUX GRAS 200 ML - Paracherkaoui.ma","robots":{"index":"index","follow":"follow","max-snippet":"max-snippet:-1","max-image-preview":"max-image-preview:large","max-video-preview":"max-video-preview:-1"},"canonical":"https:\/\/paracherkaoui.ma\/index.php\/produit\/biokap-bellezza-shampoing-cheveux-gras-200-ml\/","og_locale":"fr_FR","og_type":"article","og_title":"BIOKAP BELLEZZA SHAMPOING CHEVEUX GRAS 200 ML - Paracherkaoui.ma","og_description":"Description: Sa formule cibl\u00e9e aide \u00e0 normaliser la s\u00e9cr\u00e9tion excessive de s\u00e9bum, et donne vitalit\u00e9 et l\u00e9g\u00e8ret\u00e9 \u00e0 la chevelure.","og_url":"https:\/\/paracherkaoui.ma\/index.php\/produit\/biokap-bellezza-shampoing-cheveux-gras-200-ml\/","og_site_name":"Paracherkaoui.ma","article_modified_time":"2025-12-12T17:01:34+00:00","og_image":[{"width":700,"height":700,"url":"https:\/\/paracherkaoui.ma\/wp-content\/uploads\/2025\/12\/biokap-bellezza-shampoing-cheveux-gras-200-ml.jpg","type":"image\/jpeg"}],"twitter_card":"summary_large_image","twitter_misc":{"Dur\u00e9e de lecture estim\u00e9e":"1 minute"},"schema":{"@context":"https:\/\/schema.org","@graph":[{"@type":"WebPage","@id":"https:\/\/paracherkaoui.ma\/index.php\/produit\/biokap-bellezza-shampoing-cheveux-gras-200-ml\/","url":"https:\/\/paracherkaoui.ma\/index.php\/produit\/biokap-bellezza-shampoing-cheveux-gras-200-ml\/","name":"BIOKAP BELLEZZA SHAMPOING CHEVEUX GRAS 200 ML - Paracherkaoui.ma","isPartOf":{"@id":"https:\/\/paracherkaoui.ma\/#website"},"primaryImageOfPage":{"@id":"https:\/\/paracherkaoui.ma\/index.php\/produit\/biokap-bellezza-shampoing-cheveux-gras-200-ml\/#primaryimage"},"image":{"@id":"https:\/\/paracherkaoui.ma\/index.php\/produit\/biokap-bellezza-shampoing-cheveux-gras-200-ml\/#primaryimage"},"thumbnailUrl":"https:\/\/paracherkaoui.ma\/wp-content\/uploads\/2025\/12\/biokap-bellezza-shampoing-cheveux-gras-200-ml.jpg","datePublished":"2025-12-12T17:01:30+00:00","dateModified":"2025-12-12T17:01:34+00:00","breadcrumb":{"@id":"https:\/\/paracherkaoui.ma\/index.php\/produit\/biokap-bellezza-shampoing-cheveux-gras-200-ml\/#breadcrumb"},"inLanguage":"fr-FR","potentialAction":[{"@type":"ReadAction","target":["https:\/\/paracherkaoui.ma\/index.php\/produit\/biokap-bellezza-shampoing-cheveux-gras-200-ml\/"]}]},{"@type":"ImageObject","inLanguage":"fr-FR","@id":"https:\/\/paracherkaoui.ma\/index.php\/produit\/biokap-bellezza-shampoing-cheveux-gras-200-ml\/#primaryimage","url":"https:\/\/paracherkaoui.ma\/wp-content\/uploads\/2025\/12\/biokap-bellezza-shampoing-cheveux-gras-200-ml.jpg","contentUrl":"https:\/\/paracherkaoui.ma\/wp-content\/uploads\/2025\/12\/biokap-bellezza-shampoing-cheveux-gras-200-ml.jpg","width":700,"height":700},{"@type":"BreadcrumbList","@id":"https:\/\/paracherkaoui.ma\/index.php\/produit\/biokap-bellezza-shampoing-cheveux-gras-200-ml\/#breadcrumb","itemListElement":[{"@type":"ListItem","position":1,"name":"Accueil","item":"https:\/\/paracherkaoui.ma\/"},{"@type":"ListItem","position":2,"name":"Boutique","item":"https:\/\/paracherkaoui.ma\/index.php\/boutique\/"},{"@type":"ListItem","position":3,"name":"BIOKAP BELLEZZA SHAMPOING CHEVEUX GRAS 200 ML"}]},{"@type":"WebSite","@id":"https:\/\/paracherkaoui.ma\/#website","url":"https:\/\/paracherkaoui.ma\/","name":"Paracherkaoui.ma","description":"Achetez en ligne sur Paracherkaoui.ma","potentialAction":[{"@type":"SearchAction","target":{"@type":"EntryPoint","urlTemplate":"https:\/\/paracherkaoui.ma\/?s={search_term_string}"},"query-input":{"@type":"PropertyValueSpecification","valueRequired":true,"valueName":"search_term_string"}}],"inLanguage":"fr-FR"}]}},"_links":{"self":[{"href":"https:\/\/paracherkaoui.ma\/index.php\/wp-json\/wp\/v2\/product\/18591","targetHints":{"allow":["GET"]}}],"collection":[{"href":"https:\/\/paracherkaoui.ma\/index.php\/wp-json\/wp\/v2\/product"}],"about":[{"href":"https:\/\/paracherkaoui.ma\/index.php\/wp-json\/wp\/v2\/types\/product"}],"replies":[{"embeddable":true,"href":"https:\/\/paracherkaoui.ma\/index.php\/wp-json\/wp\/v2\/comments?post=18591"}],"version-history":[{"count":1,"href":"https:\/\/paracherkaoui.ma\/index.php\/wp-json\/wp\/v2\/product\/18591\/revisions"}],"predecessor-version":[{"id":18643,"href":"https:\/\/paracherkaoui.ma\/index.php\/wp-json\/wp\/v2\/product\/18591\/revisions\/18643"}],"wp:featuredmedia":[{"embeddable":true,"href":"https:\/\/paracherkaoui.ma\/index.php\/wp-json\/wp\/v2\/media\/18642"}],"wp:attachment":[{"href":"https:\/\/paracherkaoui.ma\/index.php\/wp-json\/wp\/v2\/media?parent=18591"}],"wp:term":[{"taxonomy":"product_brand","embeddable":true,"href":"https:\/\/paracherkaoui.ma\/index.php\/wp-json\/wp\/v2\/product_brand?post=18591"},{"taxonomy":"product_cat","embeddable":true,"href":"https:\/\/paracherkaoui.ma\/index.php\/wp-json\/wp\/v2\/product_cat?post=18591"},{"taxonomy":"product_tag","embeddable":true,"href":"https:\/\/paracherkaoui.ma\/index.php\/wp-json\/wp\/v2\/product_tag?post=18591"}],"curies":[{"name":"wp","href":"https:\/\/api.w.org\/{rel}","templated":true}]}}