{"id":18578,"date":"2025-12-12T18:01:29","date_gmt":"2025-12-12T17:01:29","guid":{"rendered":"https:\/\/test.ecbeaute.com\/?post_type=product&#038;p=18578"},"modified":"2025-12-12T18:01:32","modified_gmt":"2025-12-12T17:01:32","slug":"vichy-dercos-psolution-shampoing-traitant-keratoreducteur-200ml-2","status":"publish","type":"product","link":"https:\/\/paracherkaoui.ma\/index.php\/produit\/vichy-dercos-psolution-shampoing-traitant-keratoreducteur-200ml-2\/","title":{"rendered":"VICHY DERCOS PSOLUTION SHAMPOING TRAITANT KERATOREDUCTEUR 200ML"},"content":{"rendered":"<p>Sp\u00e9cialement formul\u00e9 pour les cuirs chevelus sensibles ou sujets aux squames persistantes, ce shampooing allie une action anti-squames, anti-d\u00e9mangeaisons et hydratante gr\u00e2ce \u00e0 sa synergie puissante d&rsquo;actifs dermatologiques :<br \/>\n5% d\u2019Ur\u00e9e pour \u00e9liminer efficacement les squames,<br \/>\n2% d\u2019Acide Salicylique pour une exfoliation douce mais performante,<br \/>\n1% de Glyc\u00e9rine pour maintenir une hydratation optimale du cuir chevelu.<br \/>\nD\u00e8s la premi\u00e8re application, les r\u00e9sultats sont visibles : une r\u00e9duction de -87% des squames, -76% des picotements et -78% des d\u00e9mangeaisons*. Gr\u00e2ce \u00e0 sa formule hypoallerg\u00e9nique sans compromis, ce shampooing respecte les cuirs chevelus les plus d\u00e9licats et procure un apaisement imm\u00e9diat. Les cheveux retrouvent douceur, souplesse et \u00e9clat, avec +30% d\u2019hydratation mesur\u00e9e.<br \/>\nCon\u00e7u pour une utilisation quotidienne, il est id\u00e9al en compl\u00e9ment d\u2019un traitement m\u00e9dicamenteux pour le psoriasis, tout en garantissant un lavage doux et efficace jour apr\u00e8s jour.<br \/>\nConseils d&rsquo;utilisation<br \/>\nAppliquez sur les cheveux et le cuir chevelu mouill\u00e9s.<br \/>\nMassez d\u00e9licatement pour faire mousser.<br \/>\nLaissez poser pendant 2 minutes.<br \/>\nRincez abondamment.<br \/>\n\u00c0 utiliser quotidiennement pour des r\u00e9sultats optimaux.<br \/>\nComposition<br \/>\nAqua, Isopropyl Isostearate, Dicaprylyl Ether, Niacinamide, Propylene Glycol, Glycolic Acid, Squalane, Alcohol Denat, Glycerin, Dipropylene<\/p>\n","protected":false},"excerpt":{"rendered":"<p>Sp\u00e9cialement formul\u00e9 pour les cuirs chevelus sensibles ou sujets aux squames persistantes, ce shampooing allie une action anti-squames, anti-d\u00e9mangeaisons et<\/p>\n","protected":false},"featured_media":11033,"comment_status":"open","ping_status":"closed","template":"","meta":[],"product_brand":[144],"product_cat":[316],"product_tag":[],"class_list":{"0":"post-18578","1":"product","2":"type-product","3":"status-publish","4":"has-post-thumbnail","6":"product_brand-dercos","7":"product_cat-shampoings-soins-des-cheveux-cheveux","9":"first","10":"instock","11":"sale","12":"shipping-taxable","13":"purchasable","14":"product-type-simple"},"yoast_head":"<!-- This site is optimized with the Yoast SEO plugin v26.6 - https:\/\/yoast.com\/wordpress\/plugins\/seo\/ -->\r\n<title>VICHY DERCOS PSOLUTION SHAMPOING TRAITANT KERATOREDUCTEUR 200ML - Paracherkaoui.ma<\/title>\r\n<meta name=\"robots\" content=\"index, follow, max-snippet:-1, max-image-preview:large, max-video-preview:-1\" \/>\r\n<link rel=\"canonical\" href=\"https:\/\/paracherkaoui.ma\/index.php\/produit\/vichy-dercos-psolution-shampoing-traitant-keratoreducteur-200ml-2\/\" \/>\r\n<meta property=\"og:locale\" content=\"fr_FR\" \/>\r\n<meta property=\"og:type\" content=\"article\" \/>\r\n<meta property=\"og:title\" content=\"VICHY DERCOS PSOLUTION SHAMPOING TRAITANT KERATOREDUCTEUR 200ML - Paracherkaoui.ma\" \/>\r\n<meta property=\"og:description\" content=\"Sp\u00e9cialement formul\u00e9 pour les cuirs chevelus sensibles ou sujets aux squames persistantes, ce shampooing allie une action anti-squames, anti-d\u00e9mangeaisons et\" \/>\r\n<meta property=\"og:url\" content=\"https:\/\/paracherkaoui.ma\/index.php\/produit\/vichy-dercos-psolution-shampoing-traitant-keratoreducteur-200ml-2\/\" \/>\r\n<meta property=\"og:site_name\" content=\"Paracherkaoui.ma\" \/>\r\n<meta property=\"article:modified_time\" content=\"2025-12-12T17:01:32+00:00\" \/>\r\n<meta property=\"og:image\" content=\"https:\/\/paracherkaoui.ma\/wp-content\/uploads\/2025\/12\/dercos-vichy-dercos-psolution-shampoing-traitant-keratoreducteur-200ml-shampoings-anti-pelliculaires.jpg\" \/>\r\n\t<meta property=\"og:image:width\" content=\"700\" \/>\r\n\t<meta property=\"og:image:height\" content=\"700\" \/>\r\n\t<meta property=\"og:image:type\" content=\"image\/jpeg\" \/>\r\n<meta name=\"twitter:card\" content=\"summary_large_image\" \/>\r\n<meta name=\"twitter:label1\" content=\"Dur\u00e9e de lecture estim\u00e9e\" \/>\n\t<meta name=\"twitter:data1\" content=\"1 minute\" \/>\r\n<script type=\"application\/ld+json\" class=\"yoast-schema-graph\">{\"@context\":\"https:\/\/schema.org\",\"@graph\":[{\"@type\":\"WebPage\",\"@id\":\"https:\/\/paracherkaoui.ma\/index.php\/produit\/vichy-dercos-psolution-shampoing-traitant-keratoreducteur-200ml-2\/\",\"url\":\"https:\/\/paracherkaoui.ma\/index.php\/produit\/vichy-dercos-psolution-shampoing-traitant-keratoreducteur-200ml-2\/\",\"name\":\"VICHY DERCOS PSOLUTION SHAMPOING TRAITANT KERATOREDUCTEUR 200ML - Paracherkaoui.ma\",\"isPartOf\":{\"@id\":\"https:\/\/paracherkaoui.ma\/#website\"},\"primaryImageOfPage\":{\"@id\":\"https:\/\/paracherkaoui.ma\/index.php\/produit\/vichy-dercos-psolution-shampoing-traitant-keratoreducteur-200ml-2\/#primaryimage\"},\"image\":{\"@id\":\"https:\/\/paracherkaoui.ma\/index.php\/produit\/vichy-dercos-psolution-shampoing-traitant-keratoreducteur-200ml-2\/#primaryimage\"},\"thumbnailUrl\":\"https:\/\/paracherkaoui.ma\/wp-content\/uploads\/2025\/12\/dercos-vichy-dercos-psolution-shampoing-traitant-keratoreducteur-200ml-shampoings-anti-pelliculaires.jpg\",\"datePublished\":\"2025-12-12T17:01:29+00:00\",\"dateModified\":\"2025-12-12T17:01:32+00:00\",\"breadcrumb\":{\"@id\":\"https:\/\/paracherkaoui.ma\/index.php\/produit\/vichy-dercos-psolution-shampoing-traitant-keratoreducteur-200ml-2\/#breadcrumb\"},\"inLanguage\":\"fr-FR\",\"potentialAction\":[{\"@type\":\"ReadAction\",\"target\":[\"https:\/\/paracherkaoui.ma\/index.php\/produit\/vichy-dercos-psolution-shampoing-traitant-keratoreducteur-200ml-2\/\"]}]},{\"@type\":\"ImageObject\",\"inLanguage\":\"fr-FR\",\"@id\":\"https:\/\/paracherkaoui.ma\/index.php\/produit\/vichy-dercos-psolution-shampoing-traitant-keratoreducteur-200ml-2\/#primaryimage\",\"url\":\"https:\/\/paracherkaoui.ma\/wp-content\/uploads\/2025\/12\/dercos-vichy-dercos-psolution-shampoing-traitant-keratoreducteur-200ml-shampoings-anti-pelliculaires.jpg\",\"contentUrl\":\"https:\/\/paracherkaoui.ma\/wp-content\/uploads\/2025\/12\/dercos-vichy-dercos-psolution-shampoing-traitant-keratoreducteur-200ml-shampoings-anti-pelliculaires.jpg\",\"width\":700,\"height\":700},{\"@type\":\"BreadcrumbList\",\"@id\":\"https:\/\/paracherkaoui.ma\/index.php\/produit\/vichy-dercos-psolution-shampoing-traitant-keratoreducteur-200ml-2\/#breadcrumb\",\"itemListElement\":[{\"@type\":\"ListItem\",\"position\":1,\"name\":\"Accueil\",\"item\":\"https:\/\/paracherkaoui.ma\/\"},{\"@type\":\"ListItem\",\"position\":2,\"name\":\"Boutique\",\"item\":\"https:\/\/paracherkaoui.ma\/index.php\/boutique\/\"},{\"@type\":\"ListItem\",\"position\":3,\"name\":\"VICHY DERCOS PSOLUTION SHAMPOING TRAITANT KERATOREDUCTEUR 200ML\"}]},{\"@type\":\"WebSite\",\"@id\":\"https:\/\/paracherkaoui.ma\/#website\",\"url\":\"https:\/\/paracherkaoui.ma\/\",\"name\":\"Paracherkaoui.ma\",\"description\":\"Achetez en ligne sur Paracherkaoui.ma\",\"potentialAction\":[{\"@type\":\"SearchAction\",\"target\":{\"@type\":\"EntryPoint\",\"urlTemplate\":\"https:\/\/paracherkaoui.ma\/?s={search_term_string}\"},\"query-input\":{\"@type\":\"PropertyValueSpecification\",\"valueRequired\":true,\"valueName\":\"search_term_string\"}}],\"inLanguage\":\"fr-FR\"}]}<\/script>\r\n<!-- \/ Yoast SEO plugin. -->","yoast_head_json":{"title":"VICHY DERCOS PSOLUTION SHAMPOING TRAITANT KERATOREDUCTEUR 200ML - Paracherkaoui.ma","robots":{"index":"index","follow":"follow","max-snippet":"max-snippet:-1","max-image-preview":"max-image-preview:large","max-video-preview":"max-video-preview:-1"},"canonical":"https:\/\/paracherkaoui.ma\/index.php\/produit\/vichy-dercos-psolution-shampoing-traitant-keratoreducteur-200ml-2\/","og_locale":"fr_FR","og_type":"article","og_title":"VICHY DERCOS PSOLUTION SHAMPOING TRAITANT KERATOREDUCTEUR 200ML - Paracherkaoui.ma","og_description":"Sp\u00e9cialement formul\u00e9 pour les cuirs chevelus sensibles ou sujets aux squames persistantes, ce shampooing allie une action anti-squames, anti-d\u00e9mangeaisons et","og_url":"https:\/\/paracherkaoui.ma\/index.php\/produit\/vichy-dercos-psolution-shampoing-traitant-keratoreducteur-200ml-2\/","og_site_name":"Paracherkaoui.ma","article_modified_time":"2025-12-12T17:01:32+00:00","og_image":[{"width":700,"height":700,"url":"https:\/\/paracherkaoui.ma\/wp-content\/uploads\/2025\/12\/dercos-vichy-dercos-psolution-shampoing-traitant-keratoreducteur-200ml-shampoings-anti-pelliculaires.jpg","type":"image\/jpeg"}],"twitter_card":"summary_large_image","twitter_misc":{"Dur\u00e9e de lecture estim\u00e9e":"1 minute"},"schema":{"@context":"https:\/\/schema.org","@graph":[{"@type":"WebPage","@id":"https:\/\/paracherkaoui.ma\/index.php\/produit\/vichy-dercos-psolution-shampoing-traitant-keratoreducteur-200ml-2\/","url":"https:\/\/paracherkaoui.ma\/index.php\/produit\/vichy-dercos-psolution-shampoing-traitant-keratoreducteur-200ml-2\/","name":"VICHY DERCOS PSOLUTION SHAMPOING TRAITANT KERATOREDUCTEUR 200ML - Paracherkaoui.ma","isPartOf":{"@id":"https:\/\/paracherkaoui.ma\/#website"},"primaryImageOfPage":{"@id":"https:\/\/paracherkaoui.ma\/index.php\/produit\/vichy-dercos-psolution-shampoing-traitant-keratoreducteur-200ml-2\/#primaryimage"},"image":{"@id":"https:\/\/paracherkaoui.ma\/index.php\/produit\/vichy-dercos-psolution-shampoing-traitant-keratoreducteur-200ml-2\/#primaryimage"},"thumbnailUrl":"https:\/\/paracherkaoui.ma\/wp-content\/uploads\/2025\/12\/dercos-vichy-dercos-psolution-shampoing-traitant-keratoreducteur-200ml-shampoings-anti-pelliculaires.jpg","datePublished":"2025-12-12T17:01:29+00:00","dateModified":"2025-12-12T17:01:32+00:00","breadcrumb":{"@id":"https:\/\/paracherkaoui.ma\/index.php\/produit\/vichy-dercos-psolution-shampoing-traitant-keratoreducteur-200ml-2\/#breadcrumb"},"inLanguage":"fr-FR","potentialAction":[{"@type":"ReadAction","target":["https:\/\/paracherkaoui.ma\/index.php\/produit\/vichy-dercos-psolution-shampoing-traitant-keratoreducteur-200ml-2\/"]}]},{"@type":"ImageObject","inLanguage":"fr-FR","@id":"https:\/\/paracherkaoui.ma\/index.php\/produit\/vichy-dercos-psolution-shampoing-traitant-keratoreducteur-200ml-2\/#primaryimage","url":"https:\/\/paracherkaoui.ma\/wp-content\/uploads\/2025\/12\/dercos-vichy-dercos-psolution-shampoing-traitant-keratoreducteur-200ml-shampoings-anti-pelliculaires.jpg","contentUrl":"https:\/\/paracherkaoui.ma\/wp-content\/uploads\/2025\/12\/dercos-vichy-dercos-psolution-shampoing-traitant-keratoreducteur-200ml-shampoings-anti-pelliculaires.jpg","width":700,"height":700},{"@type":"BreadcrumbList","@id":"https:\/\/paracherkaoui.ma\/index.php\/produit\/vichy-dercos-psolution-shampoing-traitant-keratoreducteur-200ml-2\/#breadcrumb","itemListElement":[{"@type":"ListItem","position":1,"name":"Accueil","item":"https:\/\/paracherkaoui.ma\/"},{"@type":"ListItem","position":2,"name":"Boutique","item":"https:\/\/paracherkaoui.ma\/index.php\/boutique\/"},{"@type":"ListItem","position":3,"name":"VICHY DERCOS PSOLUTION SHAMPOING TRAITANT KERATOREDUCTEUR 200ML"}]},{"@type":"WebSite","@id":"https:\/\/paracherkaoui.ma\/#website","url":"https:\/\/paracherkaoui.ma\/","name":"Paracherkaoui.ma","description":"Achetez en ligne sur Paracherkaoui.ma","potentialAction":[{"@type":"SearchAction","target":{"@type":"EntryPoint","urlTemplate":"https:\/\/paracherkaoui.ma\/?s={search_term_string}"},"query-input":{"@type":"PropertyValueSpecification","valueRequired":true,"valueName":"search_term_string"}}],"inLanguage":"fr-FR"}]}},"_links":{"self":[{"href":"https:\/\/paracherkaoui.ma\/index.php\/wp-json\/wp\/v2\/product\/18578","targetHints":{"allow":["GET"]}}],"collection":[{"href":"https:\/\/paracherkaoui.ma\/index.php\/wp-json\/wp\/v2\/product"}],"about":[{"href":"https:\/\/paracherkaoui.ma\/index.php\/wp-json\/wp\/v2\/types\/product"}],"replies":[{"embeddable":true,"href":"https:\/\/paracherkaoui.ma\/index.php\/wp-json\/wp\/v2\/comments?post=18578"}],"version-history":[{"count":1,"href":"https:\/\/paracherkaoui.ma\/index.php\/wp-json\/wp\/v2\/product\/18578\/revisions"}],"predecessor-version":[{"id":18619,"href":"https:\/\/paracherkaoui.ma\/index.php\/wp-json\/wp\/v2\/product\/18578\/revisions\/18619"}],"wp:featuredmedia":[{"embeddable":true,"href":"https:\/\/paracherkaoui.ma\/index.php\/wp-json\/wp\/v2\/media\/11033"}],"wp:attachment":[{"href":"https:\/\/paracherkaoui.ma\/index.php\/wp-json\/wp\/v2\/media?parent=18578"}],"wp:term":[{"taxonomy":"product_brand","embeddable":true,"href":"https:\/\/paracherkaoui.ma\/index.php\/wp-json\/wp\/v2\/product_brand?post=18578"},{"taxonomy":"product_cat","embeddable":true,"href":"https:\/\/paracherkaoui.ma\/index.php\/wp-json\/wp\/v2\/product_cat?post=18578"},{"taxonomy":"product_tag","embeddable":true,"href":"https:\/\/paracherkaoui.ma\/index.php\/wp-json\/wp\/v2\/product_tag?post=18578"}],"curies":[{"name":"wp","href":"https:\/\/api.w.org\/{rel}","templated":true}]}}