{"id":18570,"date":"2025-12-12T18:01:29","date_gmt":"2025-12-12T17:01:29","guid":{"rendered":"https:\/\/test.ecbeaute.com\/?post_type=product&#038;p=18570"},"modified":"2025-12-12T18:01:31","modified_gmt":"2025-12-12T17:01:31","slug":"puressentiel-pouxdoux-shampooing-solide-60-g-2","status":"publish","type":"product","link":"https:\/\/paracherkaoui.ma\/index.php\/produit\/puressentiel-pouxdoux-shampooing-solide-60-g-2\/","title":{"rendered":"PURESSENTIEL POUXDOUX SHAMPOOING SOLIDE 60 G"},"content":{"rendered":"<p>L\u2019infestation de poux est l\u2019un des probl\u00e8mes les plus fr\u00e9quents \u00e0 travers le monde, touchant environ 100 millions de personnes en France, soit 3 nouvelles victimes chaque seconde. Pour lutter efficacement contre cette \u00e9pid\u00e9mie tout en prenant soin de la peau fragile de votre enfant, le Shampoing Solide PouxDoux\u00ae de Puressentiel est la solution douce et naturelle qu\u2019il vous faut. Ce shampoing solide aide \u00e0 d\u00e9tacher et \u00e9liminer les lentes mortes et les poux, tout en apaisant et nourrissant le cuir chevelu.<br \/>\nBienfaits du Shampoing Solide PouxDoux\u00ae :<br \/>\nFormul\u00e9 \u00e0 base d\u2019ingr\u00e9dients naturels tels que l\u2019huile de coco et le beurre de karit\u00e9, ce shampoing prot\u00e8ge et hydrate le cuir chevelu sensibilis\u00e9 par l\u2019infestation de poux. Sa texture agr\u00e9able et son pouvoir moussant efficace permettent une application homog\u00e8ne et un rin\u00e7age facile. Apr\u00e8s utilisation, les cheveux sont doux, l\u00e9gers, brillants, et agr\u00e9ablement parfum\u00e9s. Gr\u00e2ce \u00e0 sa forme incurv\u00e9e, il est particuli\u00e8rement facile \u00e0 prendre en main pour les enfants, ce qui simplifie l&rsquo;application.<br \/>\nConseils d\u2019utilisation :<br \/>\nHumidifiez les cheveux avant d\u2019appliquer le shampoing solide.<br \/>\nFaites mousser le shampoing directement sur le cuir chevelu ou dans vos mains.<br \/>\nMassez doucement pour bien r\u00e9partir la mousse.<br \/>\nRincez soigneusement, puis d\u00e9m\u00ealez les cheveux pour une douceur maximale.<\/p>\n","protected":false},"excerpt":{"rendered":"<p>L\u2019infestation de poux est l\u2019un des probl\u00e8mes les plus fr\u00e9quents \u00e0 travers le monde, touchant environ 100 millions de personnes<\/p>\n","protected":false},"featured_media":14570,"comment_status":"open","ping_status":"closed","template":"","meta":[],"product_brand":[204],"product_cat":[316],"product_tag":[],"class_list":{"0":"post-18570","1":"product","2":"type-product","3":"status-publish","4":"has-post-thumbnail","6":"product_brand-puressentiel","7":"product_cat-shampoings-soins-des-cheveux-cheveux","9":"first","10":"instock","11":"sale","12":"shipping-taxable","13":"purchasable","14":"product-type-simple"},"yoast_head":"<!-- This site is optimized with the Yoast SEO plugin v26.6 - https:\/\/yoast.com\/wordpress\/plugins\/seo\/ -->\r\n<title>PURESSENTIEL POUXDOUX SHAMPOOING SOLIDE 60 G - Paracherkaoui.ma<\/title>\r\n<meta name=\"robots\" content=\"index, follow, max-snippet:-1, max-image-preview:large, max-video-preview:-1\" \/>\r\n<link rel=\"canonical\" href=\"https:\/\/paracherkaoui.ma\/index.php\/produit\/puressentiel-pouxdoux-shampooing-solide-60-g-2\/\" \/>\r\n<meta property=\"og:locale\" content=\"fr_FR\" \/>\r\n<meta property=\"og:type\" content=\"article\" \/>\r\n<meta property=\"og:title\" content=\"PURESSENTIEL POUXDOUX SHAMPOOING SOLIDE 60 G - Paracherkaoui.ma\" \/>\r\n<meta property=\"og:description\" content=\"L\u2019infestation de poux est l\u2019un des probl\u00e8mes les plus fr\u00e9quents \u00e0 travers le monde, touchant environ 100 millions de personnes\" \/>\r\n<meta property=\"og:url\" content=\"https:\/\/paracherkaoui.ma\/index.php\/produit\/puressentiel-pouxdoux-shampooing-solide-60-g-2\/\" \/>\r\n<meta property=\"og:site_name\" content=\"Paracherkaoui.ma\" \/>\r\n<meta property=\"article:modified_time\" content=\"2025-12-12T17:01:31+00:00\" \/>\r\n<meta property=\"og:image\" content=\"https:\/\/paracherkaoui.ma\/wp-content\/uploads\/2025\/12\/puressentiel-pouxdoux-shampooing-solide-60-g.jpg\" \/>\r\n\t<meta property=\"og:image:width\" content=\"700\" \/>\r\n\t<meta property=\"og:image:height\" content=\"700\" \/>\r\n\t<meta property=\"og:image:type\" content=\"image\/jpeg\" \/>\r\n<meta name=\"twitter:card\" content=\"summary_large_image\" \/>\r\n<meta name=\"twitter:label1\" content=\"Dur\u00e9e de lecture estim\u00e9e\" \/>\n\t<meta name=\"twitter:data1\" content=\"1 minute\" \/>\r\n<script type=\"application\/ld+json\" class=\"yoast-schema-graph\">{\"@context\":\"https:\/\/schema.org\",\"@graph\":[{\"@type\":\"WebPage\",\"@id\":\"https:\/\/paracherkaoui.ma\/index.php\/produit\/puressentiel-pouxdoux-shampooing-solide-60-g-2\/\",\"url\":\"https:\/\/paracherkaoui.ma\/index.php\/produit\/puressentiel-pouxdoux-shampooing-solide-60-g-2\/\",\"name\":\"PURESSENTIEL POUXDOUX SHAMPOOING SOLIDE 60 G - Paracherkaoui.ma\",\"isPartOf\":{\"@id\":\"https:\/\/paracherkaoui.ma\/#website\"},\"primaryImageOfPage\":{\"@id\":\"https:\/\/paracherkaoui.ma\/index.php\/produit\/puressentiel-pouxdoux-shampooing-solide-60-g-2\/#primaryimage\"},\"image\":{\"@id\":\"https:\/\/paracherkaoui.ma\/index.php\/produit\/puressentiel-pouxdoux-shampooing-solide-60-g-2\/#primaryimage\"},\"thumbnailUrl\":\"https:\/\/paracherkaoui.ma\/wp-content\/uploads\/2025\/12\/puressentiel-pouxdoux-shampooing-solide-60-g.jpg\",\"datePublished\":\"2025-12-12T17:01:29+00:00\",\"dateModified\":\"2025-12-12T17:01:31+00:00\",\"breadcrumb\":{\"@id\":\"https:\/\/paracherkaoui.ma\/index.php\/produit\/puressentiel-pouxdoux-shampooing-solide-60-g-2\/#breadcrumb\"},\"inLanguage\":\"fr-FR\",\"potentialAction\":[{\"@type\":\"ReadAction\",\"target\":[\"https:\/\/paracherkaoui.ma\/index.php\/produit\/puressentiel-pouxdoux-shampooing-solide-60-g-2\/\"]}]},{\"@type\":\"ImageObject\",\"inLanguage\":\"fr-FR\",\"@id\":\"https:\/\/paracherkaoui.ma\/index.php\/produit\/puressentiel-pouxdoux-shampooing-solide-60-g-2\/#primaryimage\",\"url\":\"https:\/\/paracherkaoui.ma\/wp-content\/uploads\/2025\/12\/puressentiel-pouxdoux-shampooing-solide-60-g.jpg\",\"contentUrl\":\"https:\/\/paracherkaoui.ma\/wp-content\/uploads\/2025\/12\/puressentiel-pouxdoux-shampooing-solide-60-g.jpg\",\"width\":700,\"height\":700},{\"@type\":\"BreadcrumbList\",\"@id\":\"https:\/\/paracherkaoui.ma\/index.php\/produit\/puressentiel-pouxdoux-shampooing-solide-60-g-2\/#breadcrumb\",\"itemListElement\":[{\"@type\":\"ListItem\",\"position\":1,\"name\":\"Accueil\",\"item\":\"https:\/\/paracherkaoui.ma\/\"},{\"@type\":\"ListItem\",\"position\":2,\"name\":\"Boutique\",\"item\":\"https:\/\/paracherkaoui.ma\/index.php\/boutique\/\"},{\"@type\":\"ListItem\",\"position\":3,\"name\":\"PURESSENTIEL POUXDOUX SHAMPOOING SOLIDE 60 G\"}]},{\"@type\":\"WebSite\",\"@id\":\"https:\/\/paracherkaoui.ma\/#website\",\"url\":\"https:\/\/paracherkaoui.ma\/\",\"name\":\"Paracherkaoui.ma\",\"description\":\"Achetez en ligne sur Paracherkaoui.ma\",\"potentialAction\":[{\"@type\":\"SearchAction\",\"target\":{\"@type\":\"EntryPoint\",\"urlTemplate\":\"https:\/\/paracherkaoui.ma\/?s={search_term_string}\"},\"query-input\":{\"@type\":\"PropertyValueSpecification\",\"valueRequired\":true,\"valueName\":\"search_term_string\"}}],\"inLanguage\":\"fr-FR\"}]}<\/script>\r\n<!-- \/ Yoast SEO plugin. -->","yoast_head_json":{"title":"PURESSENTIEL POUXDOUX SHAMPOOING SOLIDE 60 G - Paracherkaoui.ma","robots":{"index":"index","follow":"follow","max-snippet":"max-snippet:-1","max-image-preview":"max-image-preview:large","max-video-preview":"max-video-preview:-1"},"canonical":"https:\/\/paracherkaoui.ma\/index.php\/produit\/puressentiel-pouxdoux-shampooing-solide-60-g-2\/","og_locale":"fr_FR","og_type":"article","og_title":"PURESSENTIEL POUXDOUX SHAMPOOING SOLIDE 60 G - Paracherkaoui.ma","og_description":"L\u2019infestation de poux est l\u2019un des probl\u00e8mes les plus fr\u00e9quents \u00e0 travers le monde, touchant environ 100 millions de personnes","og_url":"https:\/\/paracherkaoui.ma\/index.php\/produit\/puressentiel-pouxdoux-shampooing-solide-60-g-2\/","og_site_name":"Paracherkaoui.ma","article_modified_time":"2025-12-12T17:01:31+00:00","og_image":[{"width":700,"height":700,"url":"https:\/\/paracherkaoui.ma\/wp-content\/uploads\/2025\/12\/puressentiel-pouxdoux-shampooing-solide-60-g.jpg","type":"image\/jpeg"}],"twitter_card":"summary_large_image","twitter_misc":{"Dur\u00e9e de lecture estim\u00e9e":"1 minute"},"schema":{"@context":"https:\/\/schema.org","@graph":[{"@type":"WebPage","@id":"https:\/\/paracherkaoui.ma\/index.php\/produit\/puressentiel-pouxdoux-shampooing-solide-60-g-2\/","url":"https:\/\/paracherkaoui.ma\/index.php\/produit\/puressentiel-pouxdoux-shampooing-solide-60-g-2\/","name":"PURESSENTIEL POUXDOUX SHAMPOOING SOLIDE 60 G - Paracherkaoui.ma","isPartOf":{"@id":"https:\/\/paracherkaoui.ma\/#website"},"primaryImageOfPage":{"@id":"https:\/\/paracherkaoui.ma\/index.php\/produit\/puressentiel-pouxdoux-shampooing-solide-60-g-2\/#primaryimage"},"image":{"@id":"https:\/\/paracherkaoui.ma\/index.php\/produit\/puressentiel-pouxdoux-shampooing-solide-60-g-2\/#primaryimage"},"thumbnailUrl":"https:\/\/paracherkaoui.ma\/wp-content\/uploads\/2025\/12\/puressentiel-pouxdoux-shampooing-solide-60-g.jpg","datePublished":"2025-12-12T17:01:29+00:00","dateModified":"2025-12-12T17:01:31+00:00","breadcrumb":{"@id":"https:\/\/paracherkaoui.ma\/index.php\/produit\/puressentiel-pouxdoux-shampooing-solide-60-g-2\/#breadcrumb"},"inLanguage":"fr-FR","potentialAction":[{"@type":"ReadAction","target":["https:\/\/paracherkaoui.ma\/index.php\/produit\/puressentiel-pouxdoux-shampooing-solide-60-g-2\/"]}]},{"@type":"ImageObject","inLanguage":"fr-FR","@id":"https:\/\/paracherkaoui.ma\/index.php\/produit\/puressentiel-pouxdoux-shampooing-solide-60-g-2\/#primaryimage","url":"https:\/\/paracherkaoui.ma\/wp-content\/uploads\/2025\/12\/puressentiel-pouxdoux-shampooing-solide-60-g.jpg","contentUrl":"https:\/\/paracherkaoui.ma\/wp-content\/uploads\/2025\/12\/puressentiel-pouxdoux-shampooing-solide-60-g.jpg","width":700,"height":700},{"@type":"BreadcrumbList","@id":"https:\/\/paracherkaoui.ma\/index.php\/produit\/puressentiel-pouxdoux-shampooing-solide-60-g-2\/#breadcrumb","itemListElement":[{"@type":"ListItem","position":1,"name":"Accueil","item":"https:\/\/paracherkaoui.ma\/"},{"@type":"ListItem","position":2,"name":"Boutique","item":"https:\/\/paracherkaoui.ma\/index.php\/boutique\/"},{"@type":"ListItem","position":3,"name":"PURESSENTIEL POUXDOUX SHAMPOOING SOLIDE 60 G"}]},{"@type":"WebSite","@id":"https:\/\/paracherkaoui.ma\/#website","url":"https:\/\/paracherkaoui.ma\/","name":"Paracherkaoui.ma","description":"Achetez en ligne sur Paracherkaoui.ma","potentialAction":[{"@type":"SearchAction","target":{"@type":"EntryPoint","urlTemplate":"https:\/\/paracherkaoui.ma\/?s={search_term_string}"},"query-input":{"@type":"PropertyValueSpecification","valueRequired":true,"valueName":"search_term_string"}}],"inLanguage":"fr-FR"}]}},"_links":{"self":[{"href":"https:\/\/paracherkaoui.ma\/index.php\/wp-json\/wp\/v2\/product\/18570","targetHints":{"allow":["GET"]}}],"collection":[{"href":"https:\/\/paracherkaoui.ma\/index.php\/wp-json\/wp\/v2\/product"}],"about":[{"href":"https:\/\/paracherkaoui.ma\/index.php\/wp-json\/wp\/v2\/types\/product"}],"replies":[{"embeddable":true,"href":"https:\/\/paracherkaoui.ma\/index.php\/wp-json\/wp\/v2\/comments?post=18570"}],"version-history":[{"count":1,"href":"https:\/\/paracherkaoui.ma\/index.php\/wp-json\/wp\/v2\/product\/18570\/revisions"}],"predecessor-version":[{"id":18606,"href":"https:\/\/paracherkaoui.ma\/index.php\/wp-json\/wp\/v2\/product\/18570\/revisions\/18606"}],"wp:featuredmedia":[{"embeddable":true,"href":"https:\/\/paracherkaoui.ma\/index.php\/wp-json\/wp\/v2\/media\/14570"}],"wp:attachment":[{"href":"https:\/\/paracherkaoui.ma\/index.php\/wp-json\/wp\/v2\/media?parent=18570"}],"wp:term":[{"taxonomy":"product_brand","embeddable":true,"href":"https:\/\/paracherkaoui.ma\/index.php\/wp-json\/wp\/v2\/product_brand?post=18570"},{"taxonomy":"product_cat","embeddable":true,"href":"https:\/\/paracherkaoui.ma\/index.php\/wp-json\/wp\/v2\/product_cat?post=18570"},{"taxonomy":"product_tag","embeddable":true,"href":"https:\/\/paracherkaoui.ma\/index.php\/wp-json\/wp\/v2\/product_tag?post=18570"}],"curies":[{"name":"wp","href":"https:\/\/api.w.org\/{rel}","templated":true}]}}