{"id":18491,"date":"2025-12-12T18:01:21","date_gmt":"2025-12-12T17:01:21","guid":{"rendered":"https:\/\/test.ecbeaute.com\/?post_type=product&#038;p=18491"},"modified":"2025-12-12T18:01:26","modified_gmt":"2025-12-12T17:01:26","slug":"begobano-shampooing-gel-dermatologique-750-ml","status":"publish","type":"product","link":"https:\/\/paracherkaoui.ma\/index.php\/produit\/begobano-shampooing-gel-dermatologique-750-ml\/","title":{"rendered":"BEGOBANO SHAMPOOING GEL DERMATOLOGIQUE 750 ML"},"content":{"rendered":"<p>D\u00e9couvrez notre Gel 2 en 1 pour cheveux et corps, une solution polyvalente con\u00e7ue pour r\u00e9pondre \u00e0 tous vos besoins de soins personnels. Ce gel, formul\u00e9 dermatologiquement avec un pH \u00e9quilibr\u00e9 de 5.5, est parfaitement adapt\u00e9 \u00e0 tous les types de peau et de cheveux. Profitez d\u2019une exp\u00e9rience de soin compl\u00e8te qui prend soin de votre corps tout en pr\u00e9servant l\u2019\u00e9quilibre naturel de votre peau.<br \/>\nCONSEILS D&rsquo;UTILISATION:<br \/>\nAppliquez g\u00e9n\u00e9reusement le gel sur vos cheveux mouill\u00e9s, faites mousser et rincez abondamment. Vous serez \u00e9tonn\u00e9 par la brillance et la vitalit\u00e9 de vos cheveux.<\/p>\n","protected":false},"excerpt":{"rendered":"<p>D\u00e9couvrez notre Gel 2 en 1 pour cheveux et corps, une solution polyvalente con\u00e7ue pour r\u00e9pondre \u00e0 tous vos besoins<\/p>\n","protected":false},"featured_media":18540,"comment_status":"open","ping_status":"closed","template":"","meta":[],"product_brand":[326],"product_cat":[316],"product_tag":[],"class_list":{"0":"post-18491","1":"product","2":"type-product","3":"status-publish","4":"has-post-thumbnail","6":"product_brand-begobano","7":"product_cat-shampoings-soins-des-cheveux-cheveux","9":"first","10":"instock","11":"shipping-taxable","12":"purchasable","13":"product-type-simple"},"yoast_head":"<!-- This site is optimized with the Yoast SEO plugin v26.6 - https:\/\/yoast.com\/wordpress\/plugins\/seo\/ -->\r\n<title>BEGOBANO SHAMPOOING GEL DERMATOLOGIQUE 750 ML - Paracherkaoui.ma<\/title>\r\n<meta name=\"robots\" content=\"index, follow, max-snippet:-1, max-image-preview:large, max-video-preview:-1\" \/>\r\n<link rel=\"canonical\" href=\"https:\/\/paracherkaoui.ma\/index.php\/produit\/begobano-shampooing-gel-dermatologique-750-ml\/\" \/>\r\n<meta property=\"og:locale\" content=\"fr_FR\" \/>\r\n<meta property=\"og:type\" content=\"article\" \/>\r\n<meta property=\"og:title\" content=\"BEGOBANO SHAMPOOING GEL DERMATOLOGIQUE 750 ML - Paracherkaoui.ma\" \/>\r\n<meta property=\"og:description\" content=\"D\u00e9couvrez notre Gel 2 en 1 pour cheveux et corps, une solution polyvalente con\u00e7ue pour r\u00e9pondre \u00e0 tous vos besoins\" \/>\r\n<meta property=\"og:url\" content=\"https:\/\/paracherkaoui.ma\/index.php\/produit\/begobano-shampooing-gel-dermatologique-750-ml\/\" \/>\r\n<meta property=\"og:site_name\" content=\"Paracherkaoui.ma\" \/>\r\n<meta property=\"article:modified_time\" content=\"2025-12-12T17:01:26+00:00\" \/>\r\n<meta property=\"og:image\" content=\"https:\/\/paracherkaoui.ma\/wp-content\/uploads\/2025\/12\/begobano-begobano-shampooing-gel-dermatologique-750-ml-shampoings-usage-frequent.jpg\" \/>\r\n\t<meta property=\"og:image:width\" content=\"700\" \/>\r\n\t<meta property=\"og:image:height\" content=\"700\" \/>\r\n\t<meta property=\"og:image:type\" content=\"image\/jpeg\" \/>\r\n<meta name=\"twitter:card\" content=\"summary_large_image\" \/>\r\n<script type=\"application\/ld+json\" class=\"yoast-schema-graph\">{\"@context\":\"https:\/\/schema.org\",\"@graph\":[{\"@type\":\"WebPage\",\"@id\":\"https:\/\/paracherkaoui.ma\/index.php\/produit\/begobano-shampooing-gel-dermatologique-750-ml\/\",\"url\":\"https:\/\/paracherkaoui.ma\/index.php\/produit\/begobano-shampooing-gel-dermatologique-750-ml\/\",\"name\":\"BEGOBANO SHAMPOOING GEL DERMATOLOGIQUE 750 ML - Paracherkaoui.ma\",\"isPartOf\":{\"@id\":\"https:\/\/paracherkaoui.ma\/#website\"},\"primaryImageOfPage\":{\"@id\":\"https:\/\/paracherkaoui.ma\/index.php\/produit\/begobano-shampooing-gel-dermatologique-750-ml\/#primaryimage\"},\"image\":{\"@id\":\"https:\/\/paracherkaoui.ma\/index.php\/produit\/begobano-shampooing-gel-dermatologique-750-ml\/#primaryimage\"},\"thumbnailUrl\":\"https:\/\/paracherkaoui.ma\/wp-content\/uploads\/2025\/12\/begobano-begobano-shampooing-gel-dermatologique-750-ml-shampoings-usage-frequent.jpg\",\"datePublished\":\"2025-12-12T17:01:21+00:00\",\"dateModified\":\"2025-12-12T17:01:26+00:00\",\"breadcrumb\":{\"@id\":\"https:\/\/paracherkaoui.ma\/index.php\/produit\/begobano-shampooing-gel-dermatologique-750-ml\/#breadcrumb\"},\"inLanguage\":\"fr-FR\",\"potentialAction\":[{\"@type\":\"ReadAction\",\"target\":[\"https:\/\/paracherkaoui.ma\/index.php\/produit\/begobano-shampooing-gel-dermatologique-750-ml\/\"]}]},{\"@type\":\"ImageObject\",\"inLanguage\":\"fr-FR\",\"@id\":\"https:\/\/paracherkaoui.ma\/index.php\/produit\/begobano-shampooing-gel-dermatologique-750-ml\/#primaryimage\",\"url\":\"https:\/\/paracherkaoui.ma\/wp-content\/uploads\/2025\/12\/begobano-begobano-shampooing-gel-dermatologique-750-ml-shampoings-usage-frequent.jpg\",\"contentUrl\":\"https:\/\/paracherkaoui.ma\/wp-content\/uploads\/2025\/12\/begobano-begobano-shampooing-gel-dermatologique-750-ml-shampoings-usage-frequent.jpg\",\"width\":700,\"height\":700},{\"@type\":\"BreadcrumbList\",\"@id\":\"https:\/\/paracherkaoui.ma\/index.php\/produit\/begobano-shampooing-gel-dermatologique-750-ml\/#breadcrumb\",\"itemListElement\":[{\"@type\":\"ListItem\",\"position\":1,\"name\":\"Accueil\",\"item\":\"https:\/\/paracherkaoui.ma\/\"},{\"@type\":\"ListItem\",\"position\":2,\"name\":\"Boutique\",\"item\":\"https:\/\/paracherkaoui.ma\/index.php\/boutique\/\"},{\"@type\":\"ListItem\",\"position\":3,\"name\":\"BEGOBANO SHAMPOOING GEL DERMATOLOGIQUE 750 ML\"}]},{\"@type\":\"WebSite\",\"@id\":\"https:\/\/paracherkaoui.ma\/#website\",\"url\":\"https:\/\/paracherkaoui.ma\/\",\"name\":\"Paracherkaoui.ma\",\"description\":\"Achetez en ligne sur Paracherkaoui.ma\",\"potentialAction\":[{\"@type\":\"SearchAction\",\"target\":{\"@type\":\"EntryPoint\",\"urlTemplate\":\"https:\/\/paracherkaoui.ma\/?s={search_term_string}\"},\"query-input\":{\"@type\":\"PropertyValueSpecification\",\"valueRequired\":true,\"valueName\":\"search_term_string\"}}],\"inLanguage\":\"fr-FR\"}]}<\/script>\r\n<!-- \/ Yoast SEO plugin. -->","yoast_head_json":{"title":"BEGOBANO SHAMPOOING GEL DERMATOLOGIQUE 750 ML - Paracherkaoui.ma","robots":{"index":"index","follow":"follow","max-snippet":"max-snippet:-1","max-image-preview":"max-image-preview:large","max-video-preview":"max-video-preview:-1"},"canonical":"https:\/\/paracherkaoui.ma\/index.php\/produit\/begobano-shampooing-gel-dermatologique-750-ml\/","og_locale":"fr_FR","og_type":"article","og_title":"BEGOBANO SHAMPOOING GEL DERMATOLOGIQUE 750 ML - Paracherkaoui.ma","og_description":"D\u00e9couvrez notre Gel 2 en 1 pour cheveux et corps, une solution polyvalente con\u00e7ue pour r\u00e9pondre \u00e0 tous vos besoins","og_url":"https:\/\/paracherkaoui.ma\/index.php\/produit\/begobano-shampooing-gel-dermatologique-750-ml\/","og_site_name":"Paracherkaoui.ma","article_modified_time":"2025-12-12T17:01:26+00:00","og_image":[{"width":700,"height":700,"url":"https:\/\/paracherkaoui.ma\/wp-content\/uploads\/2025\/12\/begobano-begobano-shampooing-gel-dermatologique-750-ml-shampoings-usage-frequent.jpg","type":"image\/jpeg"}],"twitter_card":"summary_large_image","schema":{"@context":"https:\/\/schema.org","@graph":[{"@type":"WebPage","@id":"https:\/\/paracherkaoui.ma\/index.php\/produit\/begobano-shampooing-gel-dermatologique-750-ml\/","url":"https:\/\/paracherkaoui.ma\/index.php\/produit\/begobano-shampooing-gel-dermatologique-750-ml\/","name":"BEGOBANO SHAMPOOING GEL DERMATOLOGIQUE 750 ML - Paracherkaoui.ma","isPartOf":{"@id":"https:\/\/paracherkaoui.ma\/#website"},"primaryImageOfPage":{"@id":"https:\/\/paracherkaoui.ma\/index.php\/produit\/begobano-shampooing-gel-dermatologique-750-ml\/#primaryimage"},"image":{"@id":"https:\/\/paracherkaoui.ma\/index.php\/produit\/begobano-shampooing-gel-dermatologique-750-ml\/#primaryimage"},"thumbnailUrl":"https:\/\/paracherkaoui.ma\/wp-content\/uploads\/2025\/12\/begobano-begobano-shampooing-gel-dermatologique-750-ml-shampoings-usage-frequent.jpg","datePublished":"2025-12-12T17:01:21+00:00","dateModified":"2025-12-12T17:01:26+00:00","breadcrumb":{"@id":"https:\/\/paracherkaoui.ma\/index.php\/produit\/begobano-shampooing-gel-dermatologique-750-ml\/#breadcrumb"},"inLanguage":"fr-FR","potentialAction":[{"@type":"ReadAction","target":["https:\/\/paracherkaoui.ma\/index.php\/produit\/begobano-shampooing-gel-dermatologique-750-ml\/"]}]},{"@type":"ImageObject","inLanguage":"fr-FR","@id":"https:\/\/paracherkaoui.ma\/index.php\/produit\/begobano-shampooing-gel-dermatologique-750-ml\/#primaryimage","url":"https:\/\/paracherkaoui.ma\/wp-content\/uploads\/2025\/12\/begobano-begobano-shampooing-gel-dermatologique-750-ml-shampoings-usage-frequent.jpg","contentUrl":"https:\/\/paracherkaoui.ma\/wp-content\/uploads\/2025\/12\/begobano-begobano-shampooing-gel-dermatologique-750-ml-shampoings-usage-frequent.jpg","width":700,"height":700},{"@type":"BreadcrumbList","@id":"https:\/\/paracherkaoui.ma\/index.php\/produit\/begobano-shampooing-gel-dermatologique-750-ml\/#breadcrumb","itemListElement":[{"@type":"ListItem","position":1,"name":"Accueil","item":"https:\/\/paracherkaoui.ma\/"},{"@type":"ListItem","position":2,"name":"Boutique","item":"https:\/\/paracherkaoui.ma\/index.php\/boutique\/"},{"@type":"ListItem","position":3,"name":"BEGOBANO SHAMPOOING GEL DERMATOLOGIQUE 750 ML"}]},{"@type":"WebSite","@id":"https:\/\/paracherkaoui.ma\/#website","url":"https:\/\/paracherkaoui.ma\/","name":"Paracherkaoui.ma","description":"Achetez en ligne sur Paracherkaoui.ma","potentialAction":[{"@type":"SearchAction","target":{"@type":"EntryPoint","urlTemplate":"https:\/\/paracherkaoui.ma\/?s={search_term_string}"},"query-input":{"@type":"PropertyValueSpecification","valueRequired":true,"valueName":"search_term_string"}}],"inLanguage":"fr-FR"}]}},"_links":{"self":[{"href":"https:\/\/paracherkaoui.ma\/index.php\/wp-json\/wp\/v2\/product\/18491","targetHints":{"allow":["GET"]}}],"collection":[{"href":"https:\/\/paracherkaoui.ma\/index.php\/wp-json\/wp\/v2\/product"}],"about":[{"href":"https:\/\/paracherkaoui.ma\/index.php\/wp-json\/wp\/v2\/types\/product"}],"replies":[{"embeddable":true,"href":"https:\/\/paracherkaoui.ma\/index.php\/wp-json\/wp\/v2\/comments?post=18491"}],"version-history":[{"count":1,"href":"https:\/\/paracherkaoui.ma\/index.php\/wp-json\/wp\/v2\/product\/18491\/revisions"}],"predecessor-version":[{"id":18541,"href":"https:\/\/paracherkaoui.ma\/index.php\/wp-json\/wp\/v2\/product\/18491\/revisions\/18541"}],"wp:featuredmedia":[{"embeddable":true,"href":"https:\/\/paracherkaoui.ma\/index.php\/wp-json\/wp\/v2\/media\/18540"}],"wp:attachment":[{"href":"https:\/\/paracherkaoui.ma\/index.php\/wp-json\/wp\/v2\/media?parent=18491"}],"wp:term":[{"taxonomy":"product_brand","embeddable":true,"href":"https:\/\/paracherkaoui.ma\/index.php\/wp-json\/wp\/v2\/product_brand?post=18491"},{"taxonomy":"product_cat","embeddable":true,"href":"https:\/\/paracherkaoui.ma\/index.php\/wp-json\/wp\/v2\/product_cat?post=18491"},{"taxonomy":"product_tag","embeddable":true,"href":"https:\/\/paracherkaoui.ma\/index.php\/wp-json\/wp\/v2\/product_tag?post=18491"}],"curies":[{"name":"wp","href":"https:\/\/api.w.org\/{rel}","templated":true}]}}