{"id":18480,"date":"2025-12-12T18:01:21","date_gmt":"2025-12-12T17:01:21","guid":{"rendered":"https:\/\/test.ecbeaute.com\/?post_type=product&#038;p=18480"},"modified":"2025-12-12T18:01:24","modified_gmt":"2025-12-12T17:01:24","slug":"cattier-shampooing-vinaigre-de-romarin-250-ml","status":"publish","type":"product","link":"https:\/\/paracherkaoui.ma\/index.php\/produit\/cattier-shampooing-vinaigre-de-romarin-250-ml\/","title":{"rendered":"CATTIER SHAMPOOING VINAIGRE DE ROMARIN 250 ML"},"content":{"rendered":"<p>Le Shampoing cheveux gras \u2013 vinaigre de romarin et aux Huiles Essentielles, est un shampoing certifi\u00e9 bio\u00a0qui prend soin de vos cheveux au naturel. Issu de recherches en laboratoire de la marque CATTIER, celle-ci est un acteur du bio depuis de nombreuses ann\u00e9es maintenant. Prendre soin de ces cheveux au naturel est un v\u00e9ritable d\u00e9fi avec tous les shampoings aux compositions douteuses sur le march\u00e9.<br \/>\nLe Shampoing cheveux gras Cattier est dot\u00e9 d\u2019ingr\u00e9dients efficaces\u00a0pour assainir le cuir chevelu. En effet, gr\u00e2ce \u00e0 ses actifs\u00a0: le vinaigre de plantes\u00a0(Romarin, Lavande, Sauge et Thym), il assainit et fortifie le cuir chevelu. Celui-ci \u00e9limine l\u2019exc\u00e8s de s\u00e9bum\u00a0et apporte brillance et douceur. Le shampoing cheveux gras \u2013 vinaigre de romarin est \u00e9galement riche en prot\u00e9ines de bl\u00e9. Celles-ci nourrissent et fortifient les cheveux d\u00e8s la racine et facilite leur d\u00e9m\u00ealage.<\/p>\n","protected":false},"excerpt":{"rendered":"<p>Le Shampoing cheveux gras \u2013 vinaigre de romarin et aux Huiles Essentielles, est un shampoing certifi\u00e9 bio\u00a0qui prend soin de<\/p>\n","protected":false},"featured_media":18518,"comment_status":"open","ping_status":"closed","template":"","meta":[],"product_brand":[187],"product_cat":[316],"product_tag":[],"class_list":{"0":"post-18480","1":"product","2":"type-product","3":"status-publish","4":"has-post-thumbnail","6":"product_brand-cattier","7":"product_cat-shampoings-soins-des-cheveux-cheveux","9":"first","10":"instock","11":"shipping-taxable","12":"purchasable","13":"product-type-simple"},"yoast_head":"<!-- This site is optimized with the Yoast SEO plugin v26.6 - https:\/\/yoast.com\/wordpress\/plugins\/seo\/ -->\r\n<title>CATTIER SHAMPOOING VINAIGRE DE ROMARIN 250 ML - Paracherkaoui.ma<\/title>\r\n<meta name=\"robots\" content=\"index, follow, max-snippet:-1, max-image-preview:large, max-video-preview:-1\" \/>\r\n<link rel=\"canonical\" href=\"https:\/\/paracherkaoui.ma\/index.php\/produit\/cattier-shampooing-vinaigre-de-romarin-250-ml\/\" \/>\r\n<meta property=\"og:locale\" content=\"fr_FR\" \/>\r\n<meta property=\"og:type\" content=\"article\" \/>\r\n<meta property=\"og:title\" content=\"CATTIER SHAMPOOING VINAIGRE DE ROMARIN 250 ML - Paracherkaoui.ma\" \/>\r\n<meta property=\"og:description\" content=\"Le Shampoing cheveux gras \u2013 vinaigre de romarin et aux Huiles Essentielles, est un shampoing certifi\u00e9 bio\u00a0qui prend soin de\" \/>\r\n<meta property=\"og:url\" content=\"https:\/\/paracherkaoui.ma\/index.php\/produit\/cattier-shampooing-vinaigre-de-romarin-250-ml\/\" \/>\r\n<meta property=\"og:site_name\" content=\"Paracherkaoui.ma\" \/>\r\n<meta property=\"article:modified_time\" content=\"2025-12-12T17:01:24+00:00\" \/>\r\n<meta property=\"og:image\" content=\"https:\/\/paracherkaoui.ma\/wp-content\/uploads\/2025\/12\/cattier-cattier-shampooing-vinaigre-de-romarin-250-ml-shampoing-cheveux-gras.jpg\" \/>\r\n\t<meta property=\"og:image:width\" content=\"700\" \/>\r\n\t<meta property=\"og:image:height\" content=\"700\" \/>\r\n\t<meta property=\"og:image:type\" content=\"image\/jpeg\" \/>\r\n<meta name=\"twitter:card\" content=\"summary_large_image\" \/>\r\n<meta name=\"twitter:label1\" content=\"Dur\u00e9e de lecture estim\u00e9e\" \/>\n\t<meta name=\"twitter:data1\" content=\"1 minute\" \/>\r\n<script type=\"application\/ld+json\" class=\"yoast-schema-graph\">{\"@context\":\"https:\/\/schema.org\",\"@graph\":[{\"@type\":\"WebPage\",\"@id\":\"https:\/\/paracherkaoui.ma\/index.php\/produit\/cattier-shampooing-vinaigre-de-romarin-250-ml\/\",\"url\":\"https:\/\/paracherkaoui.ma\/index.php\/produit\/cattier-shampooing-vinaigre-de-romarin-250-ml\/\",\"name\":\"CATTIER SHAMPOOING VINAIGRE DE ROMARIN 250 ML - Paracherkaoui.ma\",\"isPartOf\":{\"@id\":\"https:\/\/paracherkaoui.ma\/#website\"},\"primaryImageOfPage\":{\"@id\":\"https:\/\/paracherkaoui.ma\/index.php\/produit\/cattier-shampooing-vinaigre-de-romarin-250-ml\/#primaryimage\"},\"image\":{\"@id\":\"https:\/\/paracherkaoui.ma\/index.php\/produit\/cattier-shampooing-vinaigre-de-romarin-250-ml\/#primaryimage\"},\"thumbnailUrl\":\"https:\/\/paracherkaoui.ma\/wp-content\/uploads\/2025\/12\/cattier-cattier-shampooing-vinaigre-de-romarin-250-ml-shampoing-cheveux-gras.jpg\",\"datePublished\":\"2025-12-12T17:01:21+00:00\",\"dateModified\":\"2025-12-12T17:01:24+00:00\",\"breadcrumb\":{\"@id\":\"https:\/\/paracherkaoui.ma\/index.php\/produit\/cattier-shampooing-vinaigre-de-romarin-250-ml\/#breadcrumb\"},\"inLanguage\":\"fr-FR\",\"potentialAction\":[{\"@type\":\"ReadAction\",\"target\":[\"https:\/\/paracherkaoui.ma\/index.php\/produit\/cattier-shampooing-vinaigre-de-romarin-250-ml\/\"]}]},{\"@type\":\"ImageObject\",\"inLanguage\":\"fr-FR\",\"@id\":\"https:\/\/paracherkaoui.ma\/index.php\/produit\/cattier-shampooing-vinaigre-de-romarin-250-ml\/#primaryimage\",\"url\":\"https:\/\/paracherkaoui.ma\/wp-content\/uploads\/2025\/12\/cattier-cattier-shampooing-vinaigre-de-romarin-250-ml-shampoing-cheveux-gras.jpg\",\"contentUrl\":\"https:\/\/paracherkaoui.ma\/wp-content\/uploads\/2025\/12\/cattier-cattier-shampooing-vinaigre-de-romarin-250-ml-shampoing-cheveux-gras.jpg\",\"width\":700,\"height\":700},{\"@type\":\"BreadcrumbList\",\"@id\":\"https:\/\/paracherkaoui.ma\/index.php\/produit\/cattier-shampooing-vinaigre-de-romarin-250-ml\/#breadcrumb\",\"itemListElement\":[{\"@type\":\"ListItem\",\"position\":1,\"name\":\"Accueil\",\"item\":\"https:\/\/paracherkaoui.ma\/\"},{\"@type\":\"ListItem\",\"position\":2,\"name\":\"Boutique\",\"item\":\"https:\/\/paracherkaoui.ma\/index.php\/boutique\/\"},{\"@type\":\"ListItem\",\"position\":3,\"name\":\"CATTIER SHAMPOOING VINAIGRE DE ROMARIN 250 ML\"}]},{\"@type\":\"WebSite\",\"@id\":\"https:\/\/paracherkaoui.ma\/#website\",\"url\":\"https:\/\/paracherkaoui.ma\/\",\"name\":\"Paracherkaoui.ma\",\"description\":\"Achetez en ligne sur Paracherkaoui.ma\",\"potentialAction\":[{\"@type\":\"SearchAction\",\"target\":{\"@type\":\"EntryPoint\",\"urlTemplate\":\"https:\/\/paracherkaoui.ma\/?s={search_term_string}\"},\"query-input\":{\"@type\":\"PropertyValueSpecification\",\"valueRequired\":true,\"valueName\":\"search_term_string\"}}],\"inLanguage\":\"fr-FR\"}]}<\/script>\r\n<!-- \/ Yoast SEO plugin. -->","yoast_head_json":{"title":"CATTIER SHAMPOOING VINAIGRE DE ROMARIN 250 ML - Paracherkaoui.ma","robots":{"index":"index","follow":"follow","max-snippet":"max-snippet:-1","max-image-preview":"max-image-preview:large","max-video-preview":"max-video-preview:-1"},"canonical":"https:\/\/paracherkaoui.ma\/index.php\/produit\/cattier-shampooing-vinaigre-de-romarin-250-ml\/","og_locale":"fr_FR","og_type":"article","og_title":"CATTIER SHAMPOOING VINAIGRE DE ROMARIN 250 ML - Paracherkaoui.ma","og_description":"Le Shampoing cheveux gras \u2013 vinaigre de romarin et aux Huiles Essentielles, est un shampoing certifi\u00e9 bio\u00a0qui prend soin de","og_url":"https:\/\/paracherkaoui.ma\/index.php\/produit\/cattier-shampooing-vinaigre-de-romarin-250-ml\/","og_site_name":"Paracherkaoui.ma","article_modified_time":"2025-12-12T17:01:24+00:00","og_image":[{"width":700,"height":700,"url":"https:\/\/paracherkaoui.ma\/wp-content\/uploads\/2025\/12\/cattier-cattier-shampooing-vinaigre-de-romarin-250-ml-shampoing-cheveux-gras.jpg","type":"image\/jpeg"}],"twitter_card":"summary_large_image","twitter_misc":{"Dur\u00e9e de lecture estim\u00e9e":"1 minute"},"schema":{"@context":"https:\/\/schema.org","@graph":[{"@type":"WebPage","@id":"https:\/\/paracherkaoui.ma\/index.php\/produit\/cattier-shampooing-vinaigre-de-romarin-250-ml\/","url":"https:\/\/paracherkaoui.ma\/index.php\/produit\/cattier-shampooing-vinaigre-de-romarin-250-ml\/","name":"CATTIER SHAMPOOING VINAIGRE DE ROMARIN 250 ML - Paracherkaoui.ma","isPartOf":{"@id":"https:\/\/paracherkaoui.ma\/#website"},"primaryImageOfPage":{"@id":"https:\/\/paracherkaoui.ma\/index.php\/produit\/cattier-shampooing-vinaigre-de-romarin-250-ml\/#primaryimage"},"image":{"@id":"https:\/\/paracherkaoui.ma\/index.php\/produit\/cattier-shampooing-vinaigre-de-romarin-250-ml\/#primaryimage"},"thumbnailUrl":"https:\/\/paracherkaoui.ma\/wp-content\/uploads\/2025\/12\/cattier-cattier-shampooing-vinaigre-de-romarin-250-ml-shampoing-cheveux-gras.jpg","datePublished":"2025-12-12T17:01:21+00:00","dateModified":"2025-12-12T17:01:24+00:00","breadcrumb":{"@id":"https:\/\/paracherkaoui.ma\/index.php\/produit\/cattier-shampooing-vinaigre-de-romarin-250-ml\/#breadcrumb"},"inLanguage":"fr-FR","potentialAction":[{"@type":"ReadAction","target":["https:\/\/paracherkaoui.ma\/index.php\/produit\/cattier-shampooing-vinaigre-de-romarin-250-ml\/"]}]},{"@type":"ImageObject","inLanguage":"fr-FR","@id":"https:\/\/paracherkaoui.ma\/index.php\/produit\/cattier-shampooing-vinaigre-de-romarin-250-ml\/#primaryimage","url":"https:\/\/paracherkaoui.ma\/wp-content\/uploads\/2025\/12\/cattier-cattier-shampooing-vinaigre-de-romarin-250-ml-shampoing-cheveux-gras.jpg","contentUrl":"https:\/\/paracherkaoui.ma\/wp-content\/uploads\/2025\/12\/cattier-cattier-shampooing-vinaigre-de-romarin-250-ml-shampoing-cheveux-gras.jpg","width":700,"height":700},{"@type":"BreadcrumbList","@id":"https:\/\/paracherkaoui.ma\/index.php\/produit\/cattier-shampooing-vinaigre-de-romarin-250-ml\/#breadcrumb","itemListElement":[{"@type":"ListItem","position":1,"name":"Accueil","item":"https:\/\/paracherkaoui.ma\/"},{"@type":"ListItem","position":2,"name":"Boutique","item":"https:\/\/paracherkaoui.ma\/index.php\/boutique\/"},{"@type":"ListItem","position":3,"name":"CATTIER SHAMPOOING VINAIGRE DE ROMARIN 250 ML"}]},{"@type":"WebSite","@id":"https:\/\/paracherkaoui.ma\/#website","url":"https:\/\/paracherkaoui.ma\/","name":"Paracherkaoui.ma","description":"Achetez en ligne sur Paracherkaoui.ma","potentialAction":[{"@type":"SearchAction","target":{"@type":"EntryPoint","urlTemplate":"https:\/\/paracherkaoui.ma\/?s={search_term_string}"},"query-input":{"@type":"PropertyValueSpecification","valueRequired":true,"valueName":"search_term_string"}}],"inLanguage":"fr-FR"}]}},"_links":{"self":[{"href":"https:\/\/paracherkaoui.ma\/index.php\/wp-json\/wp\/v2\/product\/18480","targetHints":{"allow":["GET"]}}],"collection":[{"href":"https:\/\/paracherkaoui.ma\/index.php\/wp-json\/wp\/v2\/product"}],"about":[{"href":"https:\/\/paracherkaoui.ma\/index.php\/wp-json\/wp\/v2\/types\/product"}],"replies":[{"embeddable":true,"href":"https:\/\/paracherkaoui.ma\/index.php\/wp-json\/wp\/v2\/comments?post=18480"}],"version-history":[{"count":1,"href":"https:\/\/paracherkaoui.ma\/index.php\/wp-json\/wp\/v2\/product\/18480\/revisions"}],"predecessor-version":[{"id":18519,"href":"https:\/\/paracherkaoui.ma\/index.php\/wp-json\/wp\/v2\/product\/18480\/revisions\/18519"}],"wp:featuredmedia":[{"embeddable":true,"href":"https:\/\/paracherkaoui.ma\/index.php\/wp-json\/wp\/v2\/media\/18518"}],"wp:attachment":[{"href":"https:\/\/paracherkaoui.ma\/index.php\/wp-json\/wp\/v2\/media?parent=18480"}],"wp:term":[{"taxonomy":"product_brand","embeddable":true,"href":"https:\/\/paracherkaoui.ma\/index.php\/wp-json\/wp\/v2\/product_brand?post=18480"},{"taxonomy":"product_cat","embeddable":true,"href":"https:\/\/paracherkaoui.ma\/index.php\/wp-json\/wp\/v2\/product_cat?post=18480"},{"taxonomy":"product_tag","embeddable":true,"href":"https:\/\/paracherkaoui.ma\/index.php\/wp-json\/wp\/v2\/product_tag?post=18480"}],"curies":[{"name":"wp","href":"https:\/\/api.w.org\/{rel}","templated":true}]}}