{"id":18394,"date":"2025-12-12T18:01:14","date_gmt":"2025-12-12T17:01:14","guid":{"rendered":"https:\/\/test.ecbeaute.com\/?post_type=product&#038;p=18394"},"modified":"2025-12-12T18:01:17","modified_gmt":"2025-12-12T17:01:17","slug":"luxeol-shampooing-fortifiant-cheveux-normaux-200ml","status":"publish","type":"product","link":"https:\/\/paracherkaoui.ma\/index.php\/produit\/luxeol-shampooing-fortifiant-cheveux-normaux-200ml\/","title":{"rendered":"Lux\u00e9ol Shampooing Fortifiant Cheveux Normaux 200ml"},"content":{"rendered":"<p>Le\u00a0Shampooing Fortifiant Cheveux Normaux\u00a0de\u00a0Lux\u00e9ol\u00a0est un soin cheveux sp\u00e9cialement con\u00e7u pour redonner\u00a0force et vitalit\u00e9\u00a0\u00e0 la chevelure. Enrichi en provitamine B5 et vitamine PP, il tonifie la fibre capillaire et rend les cheveux \u00e9clatants de beaut\u00e9.<br \/>\n2 \u00e0 3 par semaine, appliquez le shampooing sur cheveux mouill\u00e9s, massez soigneusement puis rincez abondamment \u00e0 l\u2019eau claire.<br \/>\nConseil d&rsquo;utilisation<br \/>\nEn cas de contact avec les yeux, rincez abondamment.<br \/>\nConservez hors de la port\u00e9e des enfants.<\/p>\n","protected":false},"excerpt":{"rendered":"<p>Le\u00a0Shampooing Fortifiant Cheveux Normaux\u00a0de\u00a0Lux\u00e9ol\u00a0est un soin cheveux sp\u00e9cialement con\u00e7u pour redonner\u00a0force et vitalit\u00e9\u00a0\u00e0 la chevelure. Enrichi en provitamine B5 et<\/p>\n","protected":false},"featured_media":18436,"comment_status":"open","ping_status":"closed","template":"","meta":[],"product_brand":[146],"product_cat":[316],"product_tag":[],"class_list":{"0":"post-18394","1":"product","2":"type-product","3":"status-publish","4":"has-post-thumbnail","6":"product_brand-luxeol","7":"product_cat-shampoings-soins-des-cheveux-cheveux","9":"first","10":"instock","11":"sale","12":"shipping-taxable","13":"purchasable","14":"product-type-simple"},"yoast_head":"<!-- This site is optimized with the Yoast SEO plugin v26.6 - https:\/\/yoast.com\/wordpress\/plugins\/seo\/ -->\r\n<title>Lux\u00e9ol Shampooing Fortifiant Cheveux Normaux 200ml - Paracherkaoui.ma<\/title>\r\n<meta name=\"robots\" content=\"index, follow, max-snippet:-1, max-image-preview:large, max-video-preview:-1\" \/>\r\n<link rel=\"canonical\" href=\"https:\/\/paracherkaoui.ma\/index.php\/produit\/luxeol-shampooing-fortifiant-cheveux-normaux-200ml\/\" \/>\r\n<meta property=\"og:locale\" content=\"fr_FR\" \/>\r\n<meta property=\"og:type\" content=\"article\" \/>\r\n<meta property=\"og:title\" content=\"Lux\u00e9ol Shampooing Fortifiant Cheveux Normaux 200ml - Paracherkaoui.ma\" \/>\r\n<meta property=\"og:description\" content=\"Le\u00a0Shampooing Fortifiant Cheveux Normaux\u00a0de\u00a0Lux\u00e9ol\u00a0est un soin cheveux sp\u00e9cialement con\u00e7u pour redonner\u00a0force et vitalit\u00e9\u00a0\u00e0 la chevelure. Enrichi en provitamine B5 et\" \/>\r\n<meta property=\"og:url\" content=\"https:\/\/paracherkaoui.ma\/index.php\/produit\/luxeol-shampooing-fortifiant-cheveux-normaux-200ml\/\" \/>\r\n<meta property=\"og:site_name\" content=\"Paracherkaoui.ma\" \/>\r\n<meta property=\"article:modified_time\" content=\"2025-12-12T17:01:17+00:00\" \/>\r\n<meta property=\"og:image\" content=\"https:\/\/paracherkaoui.ma\/wp-content\/uploads\/2025\/12\/luxeol-luxeol-shampooing-fortifiant-cheveux-normaux-200ml-shampooing-doux-et-frequent.jpg\" \/>\r\n\t<meta property=\"og:image:width\" content=\"700\" \/>\r\n\t<meta property=\"og:image:height\" content=\"700\" \/>\r\n\t<meta property=\"og:image:type\" content=\"image\/jpeg\" \/>\r\n<meta name=\"twitter:card\" content=\"summary_large_image\" \/>\r\n<script type=\"application\/ld+json\" class=\"yoast-schema-graph\">{\"@context\":\"https:\/\/schema.org\",\"@graph\":[{\"@type\":\"WebPage\",\"@id\":\"https:\/\/paracherkaoui.ma\/index.php\/produit\/luxeol-shampooing-fortifiant-cheveux-normaux-200ml\/\",\"url\":\"https:\/\/paracherkaoui.ma\/index.php\/produit\/luxeol-shampooing-fortifiant-cheveux-normaux-200ml\/\",\"name\":\"Lux\u00e9ol Shampooing Fortifiant Cheveux Normaux 200ml - Paracherkaoui.ma\",\"isPartOf\":{\"@id\":\"https:\/\/paracherkaoui.ma\/#website\"},\"primaryImageOfPage\":{\"@id\":\"https:\/\/paracherkaoui.ma\/index.php\/produit\/luxeol-shampooing-fortifiant-cheveux-normaux-200ml\/#primaryimage\"},\"image\":{\"@id\":\"https:\/\/paracherkaoui.ma\/index.php\/produit\/luxeol-shampooing-fortifiant-cheveux-normaux-200ml\/#primaryimage\"},\"thumbnailUrl\":\"https:\/\/paracherkaoui.ma\/wp-content\/uploads\/2025\/12\/luxeol-luxeol-shampooing-fortifiant-cheveux-normaux-200ml-shampooing-doux-et-frequent.jpg\",\"datePublished\":\"2025-12-12T17:01:14+00:00\",\"dateModified\":\"2025-12-12T17:01:17+00:00\",\"breadcrumb\":{\"@id\":\"https:\/\/paracherkaoui.ma\/index.php\/produit\/luxeol-shampooing-fortifiant-cheveux-normaux-200ml\/#breadcrumb\"},\"inLanguage\":\"fr-FR\",\"potentialAction\":[{\"@type\":\"ReadAction\",\"target\":[\"https:\/\/paracherkaoui.ma\/index.php\/produit\/luxeol-shampooing-fortifiant-cheveux-normaux-200ml\/\"]}]},{\"@type\":\"ImageObject\",\"inLanguage\":\"fr-FR\",\"@id\":\"https:\/\/paracherkaoui.ma\/index.php\/produit\/luxeol-shampooing-fortifiant-cheveux-normaux-200ml\/#primaryimage\",\"url\":\"https:\/\/paracherkaoui.ma\/wp-content\/uploads\/2025\/12\/luxeol-luxeol-shampooing-fortifiant-cheveux-normaux-200ml-shampooing-doux-et-frequent.jpg\",\"contentUrl\":\"https:\/\/paracherkaoui.ma\/wp-content\/uploads\/2025\/12\/luxeol-luxeol-shampooing-fortifiant-cheveux-normaux-200ml-shampooing-doux-et-frequent.jpg\",\"width\":700,\"height\":700},{\"@type\":\"BreadcrumbList\",\"@id\":\"https:\/\/paracherkaoui.ma\/index.php\/produit\/luxeol-shampooing-fortifiant-cheveux-normaux-200ml\/#breadcrumb\",\"itemListElement\":[{\"@type\":\"ListItem\",\"position\":1,\"name\":\"Accueil\",\"item\":\"https:\/\/paracherkaoui.ma\/\"},{\"@type\":\"ListItem\",\"position\":2,\"name\":\"Boutique\",\"item\":\"https:\/\/paracherkaoui.ma\/index.php\/boutique\/\"},{\"@type\":\"ListItem\",\"position\":3,\"name\":\"Lux\u00e9ol Shampooing Fortifiant Cheveux Normaux 200ml\"}]},{\"@type\":\"WebSite\",\"@id\":\"https:\/\/paracherkaoui.ma\/#website\",\"url\":\"https:\/\/paracherkaoui.ma\/\",\"name\":\"Paracherkaoui.ma\",\"description\":\"Achetez en ligne sur Paracherkaoui.ma\",\"potentialAction\":[{\"@type\":\"SearchAction\",\"target\":{\"@type\":\"EntryPoint\",\"urlTemplate\":\"https:\/\/paracherkaoui.ma\/?s={search_term_string}\"},\"query-input\":{\"@type\":\"PropertyValueSpecification\",\"valueRequired\":true,\"valueName\":\"search_term_string\"}}],\"inLanguage\":\"fr-FR\"}]}<\/script>\r\n<!-- \/ Yoast SEO plugin. -->","yoast_head_json":{"title":"Lux\u00e9ol Shampooing Fortifiant Cheveux Normaux 200ml - Paracherkaoui.ma","robots":{"index":"index","follow":"follow","max-snippet":"max-snippet:-1","max-image-preview":"max-image-preview:large","max-video-preview":"max-video-preview:-1"},"canonical":"https:\/\/paracherkaoui.ma\/index.php\/produit\/luxeol-shampooing-fortifiant-cheveux-normaux-200ml\/","og_locale":"fr_FR","og_type":"article","og_title":"Lux\u00e9ol Shampooing Fortifiant Cheveux Normaux 200ml - Paracherkaoui.ma","og_description":"Le\u00a0Shampooing Fortifiant Cheveux Normaux\u00a0de\u00a0Lux\u00e9ol\u00a0est un soin cheveux sp\u00e9cialement con\u00e7u pour redonner\u00a0force et vitalit\u00e9\u00a0\u00e0 la chevelure. Enrichi en provitamine B5 et","og_url":"https:\/\/paracherkaoui.ma\/index.php\/produit\/luxeol-shampooing-fortifiant-cheveux-normaux-200ml\/","og_site_name":"Paracherkaoui.ma","article_modified_time":"2025-12-12T17:01:17+00:00","og_image":[{"width":700,"height":700,"url":"https:\/\/paracherkaoui.ma\/wp-content\/uploads\/2025\/12\/luxeol-luxeol-shampooing-fortifiant-cheveux-normaux-200ml-shampooing-doux-et-frequent.jpg","type":"image\/jpeg"}],"twitter_card":"summary_large_image","schema":{"@context":"https:\/\/schema.org","@graph":[{"@type":"WebPage","@id":"https:\/\/paracherkaoui.ma\/index.php\/produit\/luxeol-shampooing-fortifiant-cheveux-normaux-200ml\/","url":"https:\/\/paracherkaoui.ma\/index.php\/produit\/luxeol-shampooing-fortifiant-cheveux-normaux-200ml\/","name":"Lux\u00e9ol Shampooing Fortifiant Cheveux Normaux 200ml - Paracherkaoui.ma","isPartOf":{"@id":"https:\/\/paracherkaoui.ma\/#website"},"primaryImageOfPage":{"@id":"https:\/\/paracherkaoui.ma\/index.php\/produit\/luxeol-shampooing-fortifiant-cheveux-normaux-200ml\/#primaryimage"},"image":{"@id":"https:\/\/paracherkaoui.ma\/index.php\/produit\/luxeol-shampooing-fortifiant-cheveux-normaux-200ml\/#primaryimage"},"thumbnailUrl":"https:\/\/paracherkaoui.ma\/wp-content\/uploads\/2025\/12\/luxeol-luxeol-shampooing-fortifiant-cheveux-normaux-200ml-shampooing-doux-et-frequent.jpg","datePublished":"2025-12-12T17:01:14+00:00","dateModified":"2025-12-12T17:01:17+00:00","breadcrumb":{"@id":"https:\/\/paracherkaoui.ma\/index.php\/produit\/luxeol-shampooing-fortifiant-cheveux-normaux-200ml\/#breadcrumb"},"inLanguage":"fr-FR","potentialAction":[{"@type":"ReadAction","target":["https:\/\/paracherkaoui.ma\/index.php\/produit\/luxeol-shampooing-fortifiant-cheveux-normaux-200ml\/"]}]},{"@type":"ImageObject","inLanguage":"fr-FR","@id":"https:\/\/paracherkaoui.ma\/index.php\/produit\/luxeol-shampooing-fortifiant-cheveux-normaux-200ml\/#primaryimage","url":"https:\/\/paracherkaoui.ma\/wp-content\/uploads\/2025\/12\/luxeol-luxeol-shampooing-fortifiant-cheveux-normaux-200ml-shampooing-doux-et-frequent.jpg","contentUrl":"https:\/\/paracherkaoui.ma\/wp-content\/uploads\/2025\/12\/luxeol-luxeol-shampooing-fortifiant-cheveux-normaux-200ml-shampooing-doux-et-frequent.jpg","width":700,"height":700},{"@type":"BreadcrumbList","@id":"https:\/\/paracherkaoui.ma\/index.php\/produit\/luxeol-shampooing-fortifiant-cheveux-normaux-200ml\/#breadcrumb","itemListElement":[{"@type":"ListItem","position":1,"name":"Accueil","item":"https:\/\/paracherkaoui.ma\/"},{"@type":"ListItem","position":2,"name":"Boutique","item":"https:\/\/paracherkaoui.ma\/index.php\/boutique\/"},{"@type":"ListItem","position":3,"name":"Lux\u00e9ol Shampooing Fortifiant Cheveux Normaux 200ml"}]},{"@type":"WebSite","@id":"https:\/\/paracherkaoui.ma\/#website","url":"https:\/\/paracherkaoui.ma\/","name":"Paracherkaoui.ma","description":"Achetez en ligne sur Paracherkaoui.ma","potentialAction":[{"@type":"SearchAction","target":{"@type":"EntryPoint","urlTemplate":"https:\/\/paracherkaoui.ma\/?s={search_term_string}"},"query-input":{"@type":"PropertyValueSpecification","valueRequired":true,"valueName":"search_term_string"}}],"inLanguage":"fr-FR"}]}},"_links":{"self":[{"href":"https:\/\/paracherkaoui.ma\/index.php\/wp-json\/wp\/v2\/product\/18394","targetHints":{"allow":["GET"]}}],"collection":[{"href":"https:\/\/paracherkaoui.ma\/index.php\/wp-json\/wp\/v2\/product"}],"about":[{"href":"https:\/\/paracherkaoui.ma\/index.php\/wp-json\/wp\/v2\/types\/product"}],"replies":[{"embeddable":true,"href":"https:\/\/paracherkaoui.ma\/index.php\/wp-json\/wp\/v2\/comments?post=18394"}],"version-history":[{"count":1,"href":"https:\/\/paracherkaoui.ma\/index.php\/wp-json\/wp\/v2\/product\/18394\/revisions"}],"predecessor-version":[{"id":18437,"href":"https:\/\/paracherkaoui.ma\/index.php\/wp-json\/wp\/v2\/product\/18394\/revisions\/18437"}],"wp:featuredmedia":[{"embeddable":true,"href":"https:\/\/paracherkaoui.ma\/index.php\/wp-json\/wp\/v2\/media\/18436"}],"wp:attachment":[{"href":"https:\/\/paracherkaoui.ma\/index.php\/wp-json\/wp\/v2\/media?parent=18394"}],"wp:term":[{"taxonomy":"product_brand","embeddable":true,"href":"https:\/\/paracherkaoui.ma\/index.php\/wp-json\/wp\/v2\/product_brand?post=18394"},{"taxonomy":"product_cat","embeddable":true,"href":"https:\/\/paracherkaoui.ma\/index.php\/wp-json\/wp\/v2\/product_cat?post=18394"},{"taxonomy":"product_tag","embeddable":true,"href":"https:\/\/paracherkaoui.ma\/index.php\/wp-json\/wp\/v2\/product_tag?post=18394"}],"curies":[{"name":"wp","href":"https:\/\/api.w.org\/{rel}","templated":true}]}}