{"id":18390,"date":"2025-12-12T18:01:14","date_gmt":"2025-12-12T17:01:14","guid":{"rendered":"https:\/\/test.ecbeaute.com\/?post_type=product&#038;p=18390"},"modified":"2025-12-12T18:01:17","modified_gmt":"2025-12-12T17:01:17","slug":"biokap-nutricolor-shampoing-restructurant-cheveux-teints-200-ml","status":"publish","type":"product","link":"https:\/\/paracherkaoui.ma\/index.php\/produit\/biokap-nutricolor-shampoing-restructurant-cheveux-teints-200-ml\/","title":{"rendered":"BIOKAP NUTRICOLOR SHAMPOING RESTRUCTURANT CHEVEUX TEINTS 200 ML"},"content":{"rendered":"<p>Description:<br \/>\nAvec sa formule aux tensioactifs v\u00e9g\u00e9taux, le\u00a0shampooing restructurant Biokap Nutricolor\u00a0nettoie en douceur les cheveux et le cuir chevelu tout en renfor\u00e7ant la fibre capillaire et en rendant les cheveux doux, volumineux.Le shampooing restructurant Biokap Nutricolor est formul\u00e9 sp\u00e9cialement pour les cheveux teints ou d\u00e9color\u00e9s. Il convient pour un usage fr\u00e9quent.<br \/>\nConseils d&rsquo;utilisation:<br \/>\nAppliquez sur les cheveux mouill\u00e9s, en massant d\u00e9licatement sur toute la longueur des cheveux. Rincez et r\u00e9p\u00e9tez l&rsquo;op\u00e9ration.<\/p>\n","protected":false},"excerpt":{"rendered":"<p>Description: Avec sa formule aux tensioactifs v\u00e9g\u00e9taux, le\u00a0shampooing restructurant Biokap Nutricolor\u00a0nettoie en douceur les cheveux et le cuir chevelu tout<\/p>\n","protected":false},"featured_media":18428,"comment_status":"open","ping_status":"closed","template":"","meta":[],"product_brand":[229],"product_cat":[316],"product_tag":[],"class_list":{"0":"post-18390","1":"product","2":"type-product","3":"status-publish","4":"has-post-thumbnail","6":"product_brand-biokap","7":"product_cat-shampoings-soins-des-cheveux-cheveux","9":"first","10":"instock","11":"sale","12":"shipping-taxable","13":"purchasable","14":"product-type-simple"},"yoast_head":"<!-- This site is optimized with the Yoast SEO plugin v26.6 - https:\/\/yoast.com\/wordpress\/plugins\/seo\/ -->\r\n<title>BIOKAP NUTRICOLOR SHAMPOING RESTRUCTURANT CHEVEUX TEINTS 200 ML - Paracherkaoui.ma<\/title>\r\n<meta name=\"robots\" content=\"index, follow, max-snippet:-1, max-image-preview:large, max-video-preview:-1\" \/>\r\n<link rel=\"canonical\" href=\"https:\/\/paracherkaoui.ma\/index.php\/produit\/biokap-nutricolor-shampoing-restructurant-cheveux-teints-200-ml\/\" \/>\r\n<meta property=\"og:locale\" content=\"fr_FR\" \/>\r\n<meta property=\"og:type\" content=\"article\" \/>\r\n<meta property=\"og:title\" content=\"BIOKAP NUTRICOLOR SHAMPOING RESTRUCTURANT CHEVEUX TEINTS 200 ML - Paracherkaoui.ma\" \/>\r\n<meta property=\"og:description\" content=\"Description: Avec sa formule aux tensioactifs v\u00e9g\u00e9taux, le\u00a0shampooing restructurant Biokap Nutricolor\u00a0nettoie en douceur les cheveux et le cuir chevelu tout\" \/>\r\n<meta property=\"og:url\" content=\"https:\/\/paracherkaoui.ma\/index.php\/produit\/biokap-nutricolor-shampoing-restructurant-cheveux-teints-200-ml\/\" \/>\r\n<meta property=\"og:site_name\" content=\"Paracherkaoui.ma\" \/>\r\n<meta property=\"article:modified_time\" content=\"2025-12-12T17:01:17+00:00\" \/>\r\n<meta property=\"og:image\" content=\"https:\/\/paracherkaoui.ma\/wp-content\/uploads\/2025\/12\/biokap-biokap-nutricolor-shampoing-restructurant-cheveux-teints-200-ml-shampoings-usage-frequent.jpg\" \/>\r\n\t<meta property=\"og:image:width\" content=\"700\" \/>\r\n\t<meta property=\"og:image:height\" content=\"700\" \/>\r\n\t<meta property=\"og:image:type\" content=\"image\/jpeg\" \/>\r\n<meta name=\"twitter:card\" content=\"summary_large_image\" \/>\r\n<script type=\"application\/ld+json\" class=\"yoast-schema-graph\">{\"@context\":\"https:\/\/schema.org\",\"@graph\":[{\"@type\":\"WebPage\",\"@id\":\"https:\/\/paracherkaoui.ma\/index.php\/produit\/biokap-nutricolor-shampoing-restructurant-cheveux-teints-200-ml\/\",\"url\":\"https:\/\/paracherkaoui.ma\/index.php\/produit\/biokap-nutricolor-shampoing-restructurant-cheveux-teints-200-ml\/\",\"name\":\"BIOKAP NUTRICOLOR SHAMPOING RESTRUCTURANT CHEVEUX TEINTS 200 ML - Paracherkaoui.ma\",\"isPartOf\":{\"@id\":\"https:\/\/paracherkaoui.ma\/#website\"},\"primaryImageOfPage\":{\"@id\":\"https:\/\/paracherkaoui.ma\/index.php\/produit\/biokap-nutricolor-shampoing-restructurant-cheveux-teints-200-ml\/#primaryimage\"},\"image\":{\"@id\":\"https:\/\/paracherkaoui.ma\/index.php\/produit\/biokap-nutricolor-shampoing-restructurant-cheveux-teints-200-ml\/#primaryimage\"},\"thumbnailUrl\":\"https:\/\/paracherkaoui.ma\/wp-content\/uploads\/2025\/12\/biokap-biokap-nutricolor-shampoing-restructurant-cheveux-teints-200-ml-shampoings-usage-frequent.jpg\",\"datePublished\":\"2025-12-12T17:01:14+00:00\",\"dateModified\":\"2025-12-12T17:01:17+00:00\",\"breadcrumb\":{\"@id\":\"https:\/\/paracherkaoui.ma\/index.php\/produit\/biokap-nutricolor-shampoing-restructurant-cheveux-teints-200-ml\/#breadcrumb\"},\"inLanguage\":\"fr-FR\",\"potentialAction\":[{\"@type\":\"ReadAction\",\"target\":[\"https:\/\/paracherkaoui.ma\/index.php\/produit\/biokap-nutricolor-shampoing-restructurant-cheveux-teints-200-ml\/\"]}]},{\"@type\":\"ImageObject\",\"inLanguage\":\"fr-FR\",\"@id\":\"https:\/\/paracherkaoui.ma\/index.php\/produit\/biokap-nutricolor-shampoing-restructurant-cheveux-teints-200-ml\/#primaryimage\",\"url\":\"https:\/\/paracherkaoui.ma\/wp-content\/uploads\/2025\/12\/biokap-biokap-nutricolor-shampoing-restructurant-cheveux-teints-200-ml-shampoings-usage-frequent.jpg\",\"contentUrl\":\"https:\/\/paracherkaoui.ma\/wp-content\/uploads\/2025\/12\/biokap-biokap-nutricolor-shampoing-restructurant-cheveux-teints-200-ml-shampoings-usage-frequent.jpg\",\"width\":700,\"height\":700},{\"@type\":\"BreadcrumbList\",\"@id\":\"https:\/\/paracherkaoui.ma\/index.php\/produit\/biokap-nutricolor-shampoing-restructurant-cheveux-teints-200-ml\/#breadcrumb\",\"itemListElement\":[{\"@type\":\"ListItem\",\"position\":1,\"name\":\"Accueil\",\"item\":\"https:\/\/paracherkaoui.ma\/\"},{\"@type\":\"ListItem\",\"position\":2,\"name\":\"Boutique\",\"item\":\"https:\/\/paracherkaoui.ma\/index.php\/boutique\/\"},{\"@type\":\"ListItem\",\"position\":3,\"name\":\"BIOKAP NUTRICOLOR SHAMPOING RESTRUCTURANT CHEVEUX TEINTS 200 ML\"}]},{\"@type\":\"WebSite\",\"@id\":\"https:\/\/paracherkaoui.ma\/#website\",\"url\":\"https:\/\/paracherkaoui.ma\/\",\"name\":\"Paracherkaoui.ma\",\"description\":\"Achetez en ligne sur Paracherkaoui.ma\",\"potentialAction\":[{\"@type\":\"SearchAction\",\"target\":{\"@type\":\"EntryPoint\",\"urlTemplate\":\"https:\/\/paracherkaoui.ma\/?s={search_term_string}\"},\"query-input\":{\"@type\":\"PropertyValueSpecification\",\"valueRequired\":true,\"valueName\":\"search_term_string\"}}],\"inLanguage\":\"fr-FR\"}]}<\/script>\r\n<!-- \/ Yoast SEO plugin. -->","yoast_head_json":{"title":"BIOKAP NUTRICOLOR SHAMPOING RESTRUCTURANT CHEVEUX TEINTS 200 ML - Paracherkaoui.ma","robots":{"index":"index","follow":"follow","max-snippet":"max-snippet:-1","max-image-preview":"max-image-preview:large","max-video-preview":"max-video-preview:-1"},"canonical":"https:\/\/paracherkaoui.ma\/index.php\/produit\/biokap-nutricolor-shampoing-restructurant-cheveux-teints-200-ml\/","og_locale":"fr_FR","og_type":"article","og_title":"BIOKAP NUTRICOLOR SHAMPOING RESTRUCTURANT CHEVEUX TEINTS 200 ML - Paracherkaoui.ma","og_description":"Description: Avec sa formule aux tensioactifs v\u00e9g\u00e9taux, le\u00a0shampooing restructurant Biokap Nutricolor\u00a0nettoie en douceur les cheveux et le cuir chevelu tout","og_url":"https:\/\/paracherkaoui.ma\/index.php\/produit\/biokap-nutricolor-shampoing-restructurant-cheveux-teints-200-ml\/","og_site_name":"Paracherkaoui.ma","article_modified_time":"2025-12-12T17:01:17+00:00","og_image":[{"width":700,"height":700,"url":"https:\/\/paracherkaoui.ma\/wp-content\/uploads\/2025\/12\/biokap-biokap-nutricolor-shampoing-restructurant-cheveux-teints-200-ml-shampoings-usage-frequent.jpg","type":"image\/jpeg"}],"twitter_card":"summary_large_image","schema":{"@context":"https:\/\/schema.org","@graph":[{"@type":"WebPage","@id":"https:\/\/paracherkaoui.ma\/index.php\/produit\/biokap-nutricolor-shampoing-restructurant-cheveux-teints-200-ml\/","url":"https:\/\/paracherkaoui.ma\/index.php\/produit\/biokap-nutricolor-shampoing-restructurant-cheveux-teints-200-ml\/","name":"BIOKAP NUTRICOLOR SHAMPOING RESTRUCTURANT CHEVEUX TEINTS 200 ML - Paracherkaoui.ma","isPartOf":{"@id":"https:\/\/paracherkaoui.ma\/#website"},"primaryImageOfPage":{"@id":"https:\/\/paracherkaoui.ma\/index.php\/produit\/biokap-nutricolor-shampoing-restructurant-cheveux-teints-200-ml\/#primaryimage"},"image":{"@id":"https:\/\/paracherkaoui.ma\/index.php\/produit\/biokap-nutricolor-shampoing-restructurant-cheveux-teints-200-ml\/#primaryimage"},"thumbnailUrl":"https:\/\/paracherkaoui.ma\/wp-content\/uploads\/2025\/12\/biokap-biokap-nutricolor-shampoing-restructurant-cheveux-teints-200-ml-shampoings-usage-frequent.jpg","datePublished":"2025-12-12T17:01:14+00:00","dateModified":"2025-12-12T17:01:17+00:00","breadcrumb":{"@id":"https:\/\/paracherkaoui.ma\/index.php\/produit\/biokap-nutricolor-shampoing-restructurant-cheveux-teints-200-ml\/#breadcrumb"},"inLanguage":"fr-FR","potentialAction":[{"@type":"ReadAction","target":["https:\/\/paracherkaoui.ma\/index.php\/produit\/biokap-nutricolor-shampoing-restructurant-cheveux-teints-200-ml\/"]}]},{"@type":"ImageObject","inLanguage":"fr-FR","@id":"https:\/\/paracherkaoui.ma\/index.php\/produit\/biokap-nutricolor-shampoing-restructurant-cheveux-teints-200-ml\/#primaryimage","url":"https:\/\/paracherkaoui.ma\/wp-content\/uploads\/2025\/12\/biokap-biokap-nutricolor-shampoing-restructurant-cheveux-teints-200-ml-shampoings-usage-frequent.jpg","contentUrl":"https:\/\/paracherkaoui.ma\/wp-content\/uploads\/2025\/12\/biokap-biokap-nutricolor-shampoing-restructurant-cheveux-teints-200-ml-shampoings-usage-frequent.jpg","width":700,"height":700},{"@type":"BreadcrumbList","@id":"https:\/\/paracherkaoui.ma\/index.php\/produit\/biokap-nutricolor-shampoing-restructurant-cheveux-teints-200-ml\/#breadcrumb","itemListElement":[{"@type":"ListItem","position":1,"name":"Accueil","item":"https:\/\/paracherkaoui.ma\/"},{"@type":"ListItem","position":2,"name":"Boutique","item":"https:\/\/paracherkaoui.ma\/index.php\/boutique\/"},{"@type":"ListItem","position":3,"name":"BIOKAP NUTRICOLOR SHAMPOING RESTRUCTURANT CHEVEUX TEINTS 200 ML"}]},{"@type":"WebSite","@id":"https:\/\/paracherkaoui.ma\/#website","url":"https:\/\/paracherkaoui.ma\/","name":"Paracherkaoui.ma","description":"Achetez en ligne sur Paracherkaoui.ma","potentialAction":[{"@type":"SearchAction","target":{"@type":"EntryPoint","urlTemplate":"https:\/\/paracherkaoui.ma\/?s={search_term_string}"},"query-input":{"@type":"PropertyValueSpecification","valueRequired":true,"valueName":"search_term_string"}}],"inLanguage":"fr-FR"}]}},"_links":{"self":[{"href":"https:\/\/paracherkaoui.ma\/index.php\/wp-json\/wp\/v2\/product\/18390","targetHints":{"allow":["GET"]}}],"collection":[{"href":"https:\/\/paracherkaoui.ma\/index.php\/wp-json\/wp\/v2\/product"}],"about":[{"href":"https:\/\/paracherkaoui.ma\/index.php\/wp-json\/wp\/v2\/types\/product"}],"replies":[{"embeddable":true,"href":"https:\/\/paracherkaoui.ma\/index.php\/wp-json\/wp\/v2\/comments?post=18390"}],"version-history":[{"count":1,"href":"https:\/\/paracherkaoui.ma\/index.php\/wp-json\/wp\/v2\/product\/18390\/revisions"}],"predecessor-version":[{"id":18429,"href":"https:\/\/paracherkaoui.ma\/index.php\/wp-json\/wp\/v2\/product\/18390\/revisions\/18429"}],"wp:featuredmedia":[{"embeddable":true,"href":"https:\/\/paracherkaoui.ma\/index.php\/wp-json\/wp\/v2\/media\/18428"}],"wp:attachment":[{"href":"https:\/\/paracherkaoui.ma\/index.php\/wp-json\/wp\/v2\/media?parent=18390"}],"wp:term":[{"taxonomy":"product_brand","embeddable":true,"href":"https:\/\/paracherkaoui.ma\/index.php\/wp-json\/wp\/v2\/product_brand?post=18390"},{"taxonomy":"product_cat","embeddable":true,"href":"https:\/\/paracherkaoui.ma\/index.php\/wp-json\/wp\/v2\/product_cat?post=18390"},{"taxonomy":"product_tag","embeddable":true,"href":"https:\/\/paracherkaoui.ma\/index.php\/wp-json\/wp\/v2\/product_tag?post=18390"}],"curies":[{"name":"wp","href":"https:\/\/api.w.org\/{rel}","templated":true}]}}