{"id":18383,"date":"2025-12-12T18:01:14","date_gmt":"2025-12-12T17:01:14","guid":{"rendered":"https:\/\/test.ecbeaute.com\/?post_type=product&#038;p=18383"},"modified":"2025-12-12T18:01:15","modified_gmt":"2025-12-12T17:01:15","slug":"biokera-nature-shampoing-grapeology-raisin-300-ml","status":"publish","type":"product","link":"https:\/\/paracherkaoui.ma\/index.php\/produit\/biokera-nature-shampoing-grapeology-raisin-300-ml\/","title":{"rendered":"BIOKERA NATURE SHAMPOING GRAPEOLOGY RAISIN 300 ML"},"content":{"rendered":"<p>Description:<br \/>\nShampoing\u00a0Grapeology\u00a0est un shampoing de nouvelle g\u00e9n\u00e9ration qui nettoie les cheveux de mani\u00e8re douce et nourrit et hydrate. Sa formule \u00e0 base d\u2019huile naturelle de p\u00e9pins de raisin contient une teneur \u00e9lev\u00e9e en Vitamine E, des prot\u00e9ines et de l\u2019arginine qui r\u00e9pare et am\u00e9liore la brillance naturel du cheveu en plus d\u2019apporter force et \u00e9lasticit\u00e9. Sa teneur \u00e9lev\u00e9e en antioxydants prot\u00e8ge les cheveux face aux agents externes et diminue le vieillissement.\u00a0Id\u00e9al pour des personnes ayant une sensibilit\u00e9 \u00e0 d\u2019autres shampoings du fait de sa douceur et de sa puret\u00e9,\u00a0Shampoing Grapeology\u00a0permet un usage fr\u00e9quent pour tous les lavages si n\u00e9cessaire.<br \/>\nConseils d&rsquo;utilisation:<br \/>\nHumectez les cheveux avec de l\u2019eau ti\u00e8de et appliquez le Shampoing Grapeology\u00a0en l\u2019\u00e9talant bien. Rincez et r\u00e9p\u00e9tez le processus, en laissant quelques minutes de temps d\u2019exposition et rincez avec de l\u2019eau.<\/p>\n","protected":false},"excerpt":{"rendered":"<p>Description: Shampoing\u00a0Grapeology\u00a0est un shampoing de nouvelle g\u00e9n\u00e9ration qui nettoie les cheveux de mani\u00e8re douce et nourrit et hydrate. Sa formule<\/p>\n","protected":false},"featured_media":18414,"comment_status":"open","ping_status":"closed","template":"","meta":[],"product_brand":[191],"product_cat":[316],"product_tag":[],"class_list":{"0":"post-18383","1":"product","2":"type-product","3":"status-publish","4":"has-post-thumbnail","6":"product_brand-biokera","7":"product_cat-shampoings-soins-des-cheveux-cheveux","9":"first","10":"instock","11":"sale","12":"shipping-taxable","13":"purchasable","14":"product-type-simple"},"yoast_head":"<!-- This site is optimized with the Yoast SEO plugin v26.6 - https:\/\/yoast.com\/wordpress\/plugins\/seo\/ -->\r\n<title>BIOKERA NATURE SHAMPOING GRAPEOLOGY RAISIN 300 ML - Paracherkaoui.ma<\/title>\r\n<meta name=\"robots\" content=\"index, follow, max-snippet:-1, max-image-preview:large, max-video-preview:-1\" \/>\r\n<link rel=\"canonical\" href=\"https:\/\/paracherkaoui.ma\/index.php\/produit\/biokera-nature-shampoing-grapeology-raisin-300-ml\/\" \/>\r\n<meta property=\"og:locale\" content=\"fr_FR\" \/>\r\n<meta property=\"og:type\" content=\"article\" \/>\r\n<meta property=\"og:title\" content=\"BIOKERA NATURE SHAMPOING GRAPEOLOGY RAISIN 300 ML - Paracherkaoui.ma\" \/>\r\n<meta property=\"og:description\" content=\"Description: Shampoing\u00a0Grapeology\u00a0est un shampoing de nouvelle g\u00e9n\u00e9ration qui nettoie les cheveux de mani\u00e8re douce et nourrit et hydrate. Sa formule\" \/>\r\n<meta property=\"og:url\" content=\"https:\/\/paracherkaoui.ma\/index.php\/produit\/biokera-nature-shampoing-grapeology-raisin-300-ml\/\" \/>\r\n<meta property=\"og:site_name\" content=\"Paracherkaoui.ma\" \/>\r\n<meta property=\"article:modified_time\" content=\"2025-12-12T17:01:15+00:00\" \/>\r\n<meta property=\"og:image\" content=\"https:\/\/paracherkaoui.ma\/wp-content\/uploads\/2025\/12\/biokera-biokera-nature-shampoing-grapeology-raisin-300-ml-shampoings-usage-frequent.jpg\" \/>\r\n\t<meta property=\"og:image:width\" content=\"700\" \/>\r\n\t<meta property=\"og:image:height\" content=\"700\" \/>\r\n\t<meta property=\"og:image:type\" content=\"image\/jpeg\" \/>\r\n<meta name=\"twitter:card\" content=\"summary_large_image\" \/>\r\n<meta name=\"twitter:label1\" content=\"Dur\u00e9e de lecture estim\u00e9e\" \/>\n\t<meta name=\"twitter:data1\" content=\"1 minute\" \/>\r\n<script type=\"application\/ld+json\" class=\"yoast-schema-graph\">{\"@context\":\"https:\/\/schema.org\",\"@graph\":[{\"@type\":\"WebPage\",\"@id\":\"https:\/\/paracherkaoui.ma\/index.php\/produit\/biokera-nature-shampoing-grapeology-raisin-300-ml\/\",\"url\":\"https:\/\/paracherkaoui.ma\/index.php\/produit\/biokera-nature-shampoing-grapeology-raisin-300-ml\/\",\"name\":\"BIOKERA NATURE SHAMPOING GRAPEOLOGY RAISIN 300 ML - Paracherkaoui.ma\",\"isPartOf\":{\"@id\":\"https:\/\/paracherkaoui.ma\/#website\"},\"primaryImageOfPage\":{\"@id\":\"https:\/\/paracherkaoui.ma\/index.php\/produit\/biokera-nature-shampoing-grapeology-raisin-300-ml\/#primaryimage\"},\"image\":{\"@id\":\"https:\/\/paracherkaoui.ma\/index.php\/produit\/biokera-nature-shampoing-grapeology-raisin-300-ml\/#primaryimage\"},\"thumbnailUrl\":\"https:\/\/paracherkaoui.ma\/wp-content\/uploads\/2025\/12\/biokera-biokera-nature-shampoing-grapeology-raisin-300-ml-shampoings-usage-frequent.jpg\",\"datePublished\":\"2025-12-12T17:01:14+00:00\",\"dateModified\":\"2025-12-12T17:01:15+00:00\",\"breadcrumb\":{\"@id\":\"https:\/\/paracherkaoui.ma\/index.php\/produit\/biokera-nature-shampoing-grapeology-raisin-300-ml\/#breadcrumb\"},\"inLanguage\":\"fr-FR\",\"potentialAction\":[{\"@type\":\"ReadAction\",\"target\":[\"https:\/\/paracherkaoui.ma\/index.php\/produit\/biokera-nature-shampoing-grapeology-raisin-300-ml\/\"]}]},{\"@type\":\"ImageObject\",\"inLanguage\":\"fr-FR\",\"@id\":\"https:\/\/paracherkaoui.ma\/index.php\/produit\/biokera-nature-shampoing-grapeology-raisin-300-ml\/#primaryimage\",\"url\":\"https:\/\/paracherkaoui.ma\/wp-content\/uploads\/2025\/12\/biokera-biokera-nature-shampoing-grapeology-raisin-300-ml-shampoings-usage-frequent.jpg\",\"contentUrl\":\"https:\/\/paracherkaoui.ma\/wp-content\/uploads\/2025\/12\/biokera-biokera-nature-shampoing-grapeology-raisin-300-ml-shampoings-usage-frequent.jpg\",\"width\":700,\"height\":700},{\"@type\":\"BreadcrumbList\",\"@id\":\"https:\/\/paracherkaoui.ma\/index.php\/produit\/biokera-nature-shampoing-grapeology-raisin-300-ml\/#breadcrumb\",\"itemListElement\":[{\"@type\":\"ListItem\",\"position\":1,\"name\":\"Accueil\",\"item\":\"https:\/\/paracherkaoui.ma\/\"},{\"@type\":\"ListItem\",\"position\":2,\"name\":\"Boutique\",\"item\":\"https:\/\/paracherkaoui.ma\/index.php\/boutique\/\"},{\"@type\":\"ListItem\",\"position\":3,\"name\":\"BIOKERA NATURE SHAMPOING GRAPEOLOGY RAISIN 300 ML\"}]},{\"@type\":\"WebSite\",\"@id\":\"https:\/\/paracherkaoui.ma\/#website\",\"url\":\"https:\/\/paracherkaoui.ma\/\",\"name\":\"Paracherkaoui.ma\",\"description\":\"Achetez en ligne sur Paracherkaoui.ma\",\"potentialAction\":[{\"@type\":\"SearchAction\",\"target\":{\"@type\":\"EntryPoint\",\"urlTemplate\":\"https:\/\/paracherkaoui.ma\/?s={search_term_string}\"},\"query-input\":{\"@type\":\"PropertyValueSpecification\",\"valueRequired\":true,\"valueName\":\"search_term_string\"}}],\"inLanguage\":\"fr-FR\"}]}<\/script>\r\n<!-- \/ Yoast SEO plugin. -->","yoast_head_json":{"title":"BIOKERA NATURE SHAMPOING GRAPEOLOGY RAISIN 300 ML - Paracherkaoui.ma","robots":{"index":"index","follow":"follow","max-snippet":"max-snippet:-1","max-image-preview":"max-image-preview:large","max-video-preview":"max-video-preview:-1"},"canonical":"https:\/\/paracherkaoui.ma\/index.php\/produit\/biokera-nature-shampoing-grapeology-raisin-300-ml\/","og_locale":"fr_FR","og_type":"article","og_title":"BIOKERA NATURE SHAMPOING GRAPEOLOGY RAISIN 300 ML - Paracherkaoui.ma","og_description":"Description: Shampoing\u00a0Grapeology\u00a0est un shampoing de nouvelle g\u00e9n\u00e9ration qui nettoie les cheveux de mani\u00e8re douce et nourrit et hydrate. Sa formule","og_url":"https:\/\/paracherkaoui.ma\/index.php\/produit\/biokera-nature-shampoing-grapeology-raisin-300-ml\/","og_site_name":"Paracherkaoui.ma","article_modified_time":"2025-12-12T17:01:15+00:00","og_image":[{"width":700,"height":700,"url":"https:\/\/paracherkaoui.ma\/wp-content\/uploads\/2025\/12\/biokera-biokera-nature-shampoing-grapeology-raisin-300-ml-shampoings-usage-frequent.jpg","type":"image\/jpeg"}],"twitter_card":"summary_large_image","twitter_misc":{"Dur\u00e9e de lecture estim\u00e9e":"1 minute"},"schema":{"@context":"https:\/\/schema.org","@graph":[{"@type":"WebPage","@id":"https:\/\/paracherkaoui.ma\/index.php\/produit\/biokera-nature-shampoing-grapeology-raisin-300-ml\/","url":"https:\/\/paracherkaoui.ma\/index.php\/produit\/biokera-nature-shampoing-grapeology-raisin-300-ml\/","name":"BIOKERA NATURE SHAMPOING GRAPEOLOGY RAISIN 300 ML - Paracherkaoui.ma","isPartOf":{"@id":"https:\/\/paracherkaoui.ma\/#website"},"primaryImageOfPage":{"@id":"https:\/\/paracherkaoui.ma\/index.php\/produit\/biokera-nature-shampoing-grapeology-raisin-300-ml\/#primaryimage"},"image":{"@id":"https:\/\/paracherkaoui.ma\/index.php\/produit\/biokera-nature-shampoing-grapeology-raisin-300-ml\/#primaryimage"},"thumbnailUrl":"https:\/\/paracherkaoui.ma\/wp-content\/uploads\/2025\/12\/biokera-biokera-nature-shampoing-grapeology-raisin-300-ml-shampoings-usage-frequent.jpg","datePublished":"2025-12-12T17:01:14+00:00","dateModified":"2025-12-12T17:01:15+00:00","breadcrumb":{"@id":"https:\/\/paracherkaoui.ma\/index.php\/produit\/biokera-nature-shampoing-grapeology-raisin-300-ml\/#breadcrumb"},"inLanguage":"fr-FR","potentialAction":[{"@type":"ReadAction","target":["https:\/\/paracherkaoui.ma\/index.php\/produit\/biokera-nature-shampoing-grapeology-raisin-300-ml\/"]}]},{"@type":"ImageObject","inLanguage":"fr-FR","@id":"https:\/\/paracherkaoui.ma\/index.php\/produit\/biokera-nature-shampoing-grapeology-raisin-300-ml\/#primaryimage","url":"https:\/\/paracherkaoui.ma\/wp-content\/uploads\/2025\/12\/biokera-biokera-nature-shampoing-grapeology-raisin-300-ml-shampoings-usage-frequent.jpg","contentUrl":"https:\/\/paracherkaoui.ma\/wp-content\/uploads\/2025\/12\/biokera-biokera-nature-shampoing-grapeology-raisin-300-ml-shampoings-usage-frequent.jpg","width":700,"height":700},{"@type":"BreadcrumbList","@id":"https:\/\/paracherkaoui.ma\/index.php\/produit\/biokera-nature-shampoing-grapeology-raisin-300-ml\/#breadcrumb","itemListElement":[{"@type":"ListItem","position":1,"name":"Accueil","item":"https:\/\/paracherkaoui.ma\/"},{"@type":"ListItem","position":2,"name":"Boutique","item":"https:\/\/paracherkaoui.ma\/index.php\/boutique\/"},{"@type":"ListItem","position":3,"name":"BIOKERA NATURE SHAMPOING GRAPEOLOGY RAISIN 300 ML"}]},{"@type":"WebSite","@id":"https:\/\/paracherkaoui.ma\/#website","url":"https:\/\/paracherkaoui.ma\/","name":"Paracherkaoui.ma","description":"Achetez en ligne sur Paracherkaoui.ma","potentialAction":[{"@type":"SearchAction","target":{"@type":"EntryPoint","urlTemplate":"https:\/\/paracherkaoui.ma\/?s={search_term_string}"},"query-input":{"@type":"PropertyValueSpecification","valueRequired":true,"valueName":"search_term_string"}}],"inLanguage":"fr-FR"}]}},"_links":{"self":[{"href":"https:\/\/paracherkaoui.ma\/index.php\/wp-json\/wp\/v2\/product\/18383","targetHints":{"allow":["GET"]}}],"collection":[{"href":"https:\/\/paracherkaoui.ma\/index.php\/wp-json\/wp\/v2\/product"}],"about":[{"href":"https:\/\/paracherkaoui.ma\/index.php\/wp-json\/wp\/v2\/types\/product"}],"replies":[{"embeddable":true,"href":"https:\/\/paracherkaoui.ma\/index.php\/wp-json\/wp\/v2\/comments?post=18383"}],"version-history":[{"count":1,"href":"https:\/\/paracherkaoui.ma\/index.php\/wp-json\/wp\/v2\/product\/18383\/revisions"}],"predecessor-version":[{"id":18415,"href":"https:\/\/paracherkaoui.ma\/index.php\/wp-json\/wp\/v2\/product\/18383\/revisions\/18415"}],"wp:featuredmedia":[{"embeddable":true,"href":"https:\/\/paracherkaoui.ma\/index.php\/wp-json\/wp\/v2\/media\/18414"}],"wp:attachment":[{"href":"https:\/\/paracherkaoui.ma\/index.php\/wp-json\/wp\/v2\/media?parent=18383"}],"wp:term":[{"taxonomy":"product_brand","embeddable":true,"href":"https:\/\/paracherkaoui.ma\/index.php\/wp-json\/wp\/v2\/product_brand?post=18383"},{"taxonomy":"product_cat","embeddable":true,"href":"https:\/\/paracherkaoui.ma\/index.php\/wp-json\/wp\/v2\/product_cat?post=18383"},{"taxonomy":"product_tag","embeddable":true,"href":"https:\/\/paracherkaoui.ma\/index.php\/wp-json\/wp\/v2\/product_tag?post=18383"}],"curies":[{"name":"wp","href":"https:\/\/api.w.org\/{rel}","templated":true}]}}