{"id":18323,"date":"2025-12-12T18:01:00","date_gmt":"2025-12-12T17:01:00","guid":{"rendered":"https:\/\/test.ecbeaute.com\/?post_type=product&#038;p=18323"},"modified":"2025-12-12T18:01:01","modified_gmt":"2025-12-12T17:01:01","slug":"biokap-bellezza-shampoing-noir-detoxifiant-200-ml","status":"publish","type":"product","link":"https:\/\/paracherkaoui.ma\/index.php\/produit\/biokap-bellezza-shampoing-noir-detoxifiant-200-ml\/","title":{"rendered":"BIOKAP BELLEZZA SHAMPOING NOIR DETOXIFIANT 200 ML"},"content":{"rendered":"<p>Description<br \/>\nLa pollution, les sprays coiffants, les impuret\u00e9s et les exc\u00e8s de s\u00e9bum peuvent s\u2019accumuler sur votre cuir chevelu, r\u00e9duisant le volume capillaire et la brillance des cheveux. Le shampoing noir d\u00e9toxifiant est sp\u00e9cialement formul\u00e9 afin de purifier votre cuir chevelu, de r\u00e9duire les irritations, r\u00e9tablissant la vitalit\u00e9, le bien-\u00eatre et la brillance des cheveux et du cuir chevelu.Contenance: 200ml\u00a0Il convient \u00e0 tous les types de cheveux. Id\u00e9al pour les personnes vivant dans des environnements polluants ou travaillant dans des endroits poussi\u00e9reux.\u00a0Ainsi La couleur noire du shampoing est due \u00e0 la poudre de charbon et aux argiles. Elle s\u2019\u00e9limine parfaitement au shampooing sans alt\u00e9rer la couleur de vos cheveux, qu\u2019ils soient naturels ou color\u00e9s.<br \/>\nCONSEILS D\u2019UTILISATION<br \/>\nAppliquer sur cheveux mouill\u00e9s, masser sur toute la longueur, rincer.\u00a0En cas de d\u00e9p\u00f4t, secouer la bouteille et la retourner quelques secondes. Il est conseill\u00e9 d\u2019alterner ce shampoing avec un autre shampoing BioKap, ainsi en fonction des besoins.<\/p>\n","protected":false},"excerpt":{"rendered":"<p>Description La pollution, les sprays coiffants, les impuret\u00e9s et les exc\u00e8s de s\u00e9bum peuvent s\u2019accumuler sur votre cuir chevelu, r\u00e9duisant<\/p>\n","protected":false},"featured_media":18343,"comment_status":"open","ping_status":"closed","template":"","meta":[],"product_brand":[229],"product_cat":[316],"product_tag":[],"class_list":{"0":"post-18323","1":"product","2":"type-product","3":"status-publish","4":"has-post-thumbnail","6":"product_brand-biokap","7":"product_cat-shampoings-soins-des-cheveux-cheveux","9":"first","10":"instock","11":"sale","12":"shipping-taxable","13":"purchasable","14":"product-type-simple"},"yoast_head":"<!-- This site is optimized with the Yoast SEO plugin v26.6 - https:\/\/yoast.com\/wordpress\/plugins\/seo\/ -->\r\n<title>BIOKAP BELLEZZA SHAMPOING NOIR DETOXIFIANT 200 ML - Paracherkaoui.ma<\/title>\r\n<meta name=\"robots\" content=\"index, follow, max-snippet:-1, max-image-preview:large, max-video-preview:-1\" \/>\r\n<link rel=\"canonical\" href=\"https:\/\/paracherkaoui.ma\/index.php\/produit\/biokap-bellezza-shampoing-noir-detoxifiant-200-ml\/\" \/>\r\n<meta property=\"og:locale\" content=\"fr_FR\" \/>\r\n<meta property=\"og:type\" content=\"article\" \/>\r\n<meta property=\"og:title\" content=\"BIOKAP BELLEZZA SHAMPOING NOIR DETOXIFIANT 200 ML - Paracherkaoui.ma\" \/>\r\n<meta property=\"og:description\" content=\"Description La pollution, les sprays coiffants, les impuret\u00e9s et les exc\u00e8s de s\u00e9bum peuvent s\u2019accumuler sur votre cuir chevelu, r\u00e9duisant\" \/>\r\n<meta property=\"og:url\" content=\"https:\/\/paracherkaoui.ma\/index.php\/produit\/biokap-bellezza-shampoing-noir-detoxifiant-200-ml\/\" \/>\r\n<meta property=\"og:site_name\" content=\"Paracherkaoui.ma\" \/>\r\n<meta property=\"article:modified_time\" content=\"2025-12-12T17:01:01+00:00\" \/>\r\n<meta property=\"og:image\" content=\"https:\/\/paracherkaoui.ma\/wp-content\/uploads\/2025\/12\/biokap-biokap-bellezza-shampoing-noir-detoxifiant-200-ml-shampoings-usage-frequent.jpg\" \/>\r\n\t<meta property=\"og:image:width\" content=\"700\" \/>\r\n\t<meta property=\"og:image:height\" content=\"700\" \/>\r\n\t<meta property=\"og:image:type\" content=\"image\/jpeg\" \/>\r\n<meta name=\"twitter:card\" content=\"summary_large_image\" \/>\r\n<meta name=\"twitter:label1\" content=\"Dur\u00e9e de lecture estim\u00e9e\" \/>\n\t<meta name=\"twitter:data1\" content=\"1 minute\" \/>\r\n<script type=\"application\/ld+json\" class=\"yoast-schema-graph\">{\"@context\":\"https:\/\/schema.org\",\"@graph\":[{\"@type\":\"WebPage\",\"@id\":\"https:\/\/paracherkaoui.ma\/index.php\/produit\/biokap-bellezza-shampoing-noir-detoxifiant-200-ml\/\",\"url\":\"https:\/\/paracherkaoui.ma\/index.php\/produit\/biokap-bellezza-shampoing-noir-detoxifiant-200-ml\/\",\"name\":\"BIOKAP BELLEZZA SHAMPOING NOIR DETOXIFIANT 200 ML - Paracherkaoui.ma\",\"isPartOf\":{\"@id\":\"https:\/\/paracherkaoui.ma\/#website\"},\"primaryImageOfPage\":{\"@id\":\"https:\/\/paracherkaoui.ma\/index.php\/produit\/biokap-bellezza-shampoing-noir-detoxifiant-200-ml\/#primaryimage\"},\"image\":{\"@id\":\"https:\/\/paracherkaoui.ma\/index.php\/produit\/biokap-bellezza-shampoing-noir-detoxifiant-200-ml\/#primaryimage\"},\"thumbnailUrl\":\"https:\/\/paracherkaoui.ma\/wp-content\/uploads\/2025\/12\/biokap-biokap-bellezza-shampoing-noir-detoxifiant-200-ml-shampoings-usage-frequent.jpg\",\"datePublished\":\"2025-12-12T17:01:00+00:00\",\"dateModified\":\"2025-12-12T17:01:01+00:00\",\"breadcrumb\":{\"@id\":\"https:\/\/paracherkaoui.ma\/index.php\/produit\/biokap-bellezza-shampoing-noir-detoxifiant-200-ml\/#breadcrumb\"},\"inLanguage\":\"fr-FR\",\"potentialAction\":[{\"@type\":\"ReadAction\",\"target\":[\"https:\/\/paracherkaoui.ma\/index.php\/produit\/biokap-bellezza-shampoing-noir-detoxifiant-200-ml\/\"]}]},{\"@type\":\"ImageObject\",\"inLanguage\":\"fr-FR\",\"@id\":\"https:\/\/paracherkaoui.ma\/index.php\/produit\/biokap-bellezza-shampoing-noir-detoxifiant-200-ml\/#primaryimage\",\"url\":\"https:\/\/paracherkaoui.ma\/wp-content\/uploads\/2025\/12\/biokap-biokap-bellezza-shampoing-noir-detoxifiant-200-ml-shampoings-usage-frequent.jpg\",\"contentUrl\":\"https:\/\/paracherkaoui.ma\/wp-content\/uploads\/2025\/12\/biokap-biokap-bellezza-shampoing-noir-detoxifiant-200-ml-shampoings-usage-frequent.jpg\",\"width\":700,\"height\":700},{\"@type\":\"BreadcrumbList\",\"@id\":\"https:\/\/paracherkaoui.ma\/index.php\/produit\/biokap-bellezza-shampoing-noir-detoxifiant-200-ml\/#breadcrumb\",\"itemListElement\":[{\"@type\":\"ListItem\",\"position\":1,\"name\":\"Accueil\",\"item\":\"https:\/\/paracherkaoui.ma\/\"},{\"@type\":\"ListItem\",\"position\":2,\"name\":\"Boutique\",\"item\":\"https:\/\/paracherkaoui.ma\/index.php\/boutique\/\"},{\"@type\":\"ListItem\",\"position\":3,\"name\":\"BIOKAP BELLEZZA SHAMPOING NOIR DETOXIFIANT 200 ML\"}]},{\"@type\":\"WebSite\",\"@id\":\"https:\/\/paracherkaoui.ma\/#website\",\"url\":\"https:\/\/paracherkaoui.ma\/\",\"name\":\"Paracherkaoui.ma\",\"description\":\"Achetez en ligne sur Paracherkaoui.ma\",\"potentialAction\":[{\"@type\":\"SearchAction\",\"target\":{\"@type\":\"EntryPoint\",\"urlTemplate\":\"https:\/\/paracherkaoui.ma\/?s={search_term_string}\"},\"query-input\":{\"@type\":\"PropertyValueSpecification\",\"valueRequired\":true,\"valueName\":\"search_term_string\"}}],\"inLanguage\":\"fr-FR\"}]}<\/script>\r\n<!-- \/ Yoast SEO plugin. -->","yoast_head_json":{"title":"BIOKAP BELLEZZA SHAMPOING NOIR DETOXIFIANT 200 ML - Paracherkaoui.ma","robots":{"index":"index","follow":"follow","max-snippet":"max-snippet:-1","max-image-preview":"max-image-preview:large","max-video-preview":"max-video-preview:-1"},"canonical":"https:\/\/paracherkaoui.ma\/index.php\/produit\/biokap-bellezza-shampoing-noir-detoxifiant-200-ml\/","og_locale":"fr_FR","og_type":"article","og_title":"BIOKAP BELLEZZA SHAMPOING NOIR DETOXIFIANT 200 ML - Paracherkaoui.ma","og_description":"Description La pollution, les sprays coiffants, les impuret\u00e9s et les exc\u00e8s de s\u00e9bum peuvent s\u2019accumuler sur votre cuir chevelu, r\u00e9duisant","og_url":"https:\/\/paracherkaoui.ma\/index.php\/produit\/biokap-bellezza-shampoing-noir-detoxifiant-200-ml\/","og_site_name":"Paracherkaoui.ma","article_modified_time":"2025-12-12T17:01:01+00:00","og_image":[{"width":700,"height":700,"url":"https:\/\/paracherkaoui.ma\/wp-content\/uploads\/2025\/12\/biokap-biokap-bellezza-shampoing-noir-detoxifiant-200-ml-shampoings-usage-frequent.jpg","type":"image\/jpeg"}],"twitter_card":"summary_large_image","twitter_misc":{"Dur\u00e9e de lecture estim\u00e9e":"1 minute"},"schema":{"@context":"https:\/\/schema.org","@graph":[{"@type":"WebPage","@id":"https:\/\/paracherkaoui.ma\/index.php\/produit\/biokap-bellezza-shampoing-noir-detoxifiant-200-ml\/","url":"https:\/\/paracherkaoui.ma\/index.php\/produit\/biokap-bellezza-shampoing-noir-detoxifiant-200-ml\/","name":"BIOKAP BELLEZZA SHAMPOING NOIR DETOXIFIANT 200 ML - Paracherkaoui.ma","isPartOf":{"@id":"https:\/\/paracherkaoui.ma\/#website"},"primaryImageOfPage":{"@id":"https:\/\/paracherkaoui.ma\/index.php\/produit\/biokap-bellezza-shampoing-noir-detoxifiant-200-ml\/#primaryimage"},"image":{"@id":"https:\/\/paracherkaoui.ma\/index.php\/produit\/biokap-bellezza-shampoing-noir-detoxifiant-200-ml\/#primaryimage"},"thumbnailUrl":"https:\/\/paracherkaoui.ma\/wp-content\/uploads\/2025\/12\/biokap-biokap-bellezza-shampoing-noir-detoxifiant-200-ml-shampoings-usage-frequent.jpg","datePublished":"2025-12-12T17:01:00+00:00","dateModified":"2025-12-12T17:01:01+00:00","breadcrumb":{"@id":"https:\/\/paracherkaoui.ma\/index.php\/produit\/biokap-bellezza-shampoing-noir-detoxifiant-200-ml\/#breadcrumb"},"inLanguage":"fr-FR","potentialAction":[{"@type":"ReadAction","target":["https:\/\/paracherkaoui.ma\/index.php\/produit\/biokap-bellezza-shampoing-noir-detoxifiant-200-ml\/"]}]},{"@type":"ImageObject","inLanguage":"fr-FR","@id":"https:\/\/paracherkaoui.ma\/index.php\/produit\/biokap-bellezza-shampoing-noir-detoxifiant-200-ml\/#primaryimage","url":"https:\/\/paracherkaoui.ma\/wp-content\/uploads\/2025\/12\/biokap-biokap-bellezza-shampoing-noir-detoxifiant-200-ml-shampoings-usage-frequent.jpg","contentUrl":"https:\/\/paracherkaoui.ma\/wp-content\/uploads\/2025\/12\/biokap-biokap-bellezza-shampoing-noir-detoxifiant-200-ml-shampoings-usage-frequent.jpg","width":700,"height":700},{"@type":"BreadcrumbList","@id":"https:\/\/paracherkaoui.ma\/index.php\/produit\/biokap-bellezza-shampoing-noir-detoxifiant-200-ml\/#breadcrumb","itemListElement":[{"@type":"ListItem","position":1,"name":"Accueil","item":"https:\/\/paracherkaoui.ma\/"},{"@type":"ListItem","position":2,"name":"Boutique","item":"https:\/\/paracherkaoui.ma\/index.php\/boutique\/"},{"@type":"ListItem","position":3,"name":"BIOKAP BELLEZZA SHAMPOING NOIR DETOXIFIANT 200 ML"}]},{"@type":"WebSite","@id":"https:\/\/paracherkaoui.ma\/#website","url":"https:\/\/paracherkaoui.ma\/","name":"Paracherkaoui.ma","description":"Achetez en ligne sur Paracherkaoui.ma","potentialAction":[{"@type":"SearchAction","target":{"@type":"EntryPoint","urlTemplate":"https:\/\/paracherkaoui.ma\/?s={search_term_string}"},"query-input":{"@type":"PropertyValueSpecification","valueRequired":true,"valueName":"search_term_string"}}],"inLanguage":"fr-FR"}]}},"_links":{"self":[{"href":"https:\/\/paracherkaoui.ma\/index.php\/wp-json\/wp\/v2\/product\/18323","targetHints":{"allow":["GET"]}}],"collection":[{"href":"https:\/\/paracherkaoui.ma\/index.php\/wp-json\/wp\/v2\/product"}],"about":[{"href":"https:\/\/paracherkaoui.ma\/index.php\/wp-json\/wp\/v2\/types\/product"}],"replies":[{"embeddable":true,"href":"https:\/\/paracherkaoui.ma\/index.php\/wp-json\/wp\/v2\/comments?post=18323"}],"version-history":[{"count":1,"href":"https:\/\/paracherkaoui.ma\/index.php\/wp-json\/wp\/v2\/product\/18323\/revisions"}],"predecessor-version":[{"id":18344,"href":"https:\/\/paracherkaoui.ma\/index.php\/wp-json\/wp\/v2\/product\/18323\/revisions\/18344"}],"wp:featuredmedia":[{"embeddable":true,"href":"https:\/\/paracherkaoui.ma\/index.php\/wp-json\/wp\/v2\/media\/18343"}],"wp:attachment":[{"href":"https:\/\/paracherkaoui.ma\/index.php\/wp-json\/wp\/v2\/media?parent=18323"}],"wp:term":[{"taxonomy":"product_brand","embeddable":true,"href":"https:\/\/paracherkaoui.ma\/index.php\/wp-json\/wp\/v2\/product_brand?post=18323"},{"taxonomy":"product_cat","embeddable":true,"href":"https:\/\/paracherkaoui.ma\/index.php\/wp-json\/wp\/v2\/product_cat?post=18323"},{"taxonomy":"product_tag","embeddable":true,"href":"https:\/\/paracherkaoui.ma\/index.php\/wp-json\/wp\/v2\/product_tag?post=18323"}],"curies":[{"name":"wp","href":"https:\/\/api.w.org\/{rel}","templated":true}]}}