{"id":18251,"date":"2025-12-12T18:00:54","date_gmt":"2025-12-12T17:00:54","guid":{"rendered":"https:\/\/test.ecbeaute.com\/?post_type=product&#038;p=18251"},"modified":"2025-12-12T18:00:57","modified_gmt":"2025-12-12T17:00:57","slug":"evawin-wincap-shampoing-anti-chute-200ml","status":"publish","type":"product","link":"https:\/\/paracherkaoui.ma\/index.php\/produit\/evawin-wincap-shampoing-anti-chute-200ml\/","title":{"rendered":"EVAWIN WINCAP SHAMPOING ANTI CHUTE 200ML"},"content":{"rendered":"<p>Evawin, expert en soins capillaires, a formul\u00e9 ce shampoing innovant pour une action compl\u00e8te et une efficacit\u00e9 prouv\u00e9e :<br \/>\nAction Cibl\u00e9e avec le Procapil : La Science au Service de Vos Cheveux ! La force de ce shampoing r\u00e9side dans sa formule innovante \u00e0 base de Procapil, un complexe d&rsquo;actifs brevet\u00e9 qui cible les trois causes principales de la chute des cheveux. Le Procapil agit en synergie pour :<br \/>\nInhiber la 5\u03b1-r\u00e9ductase : L&rsquo;acide ol\u00e9anolique contenu dans le Procapil aide \u00e0 r\u00e9duire la production de l&rsquo;hormone DHT, souvent responsable de l&rsquo;amincissement et de la chute des cheveux.<br \/>\nAm\u00e9liorer la micro-circulation : L&rsquo;apig\u00e9nine agit pour am\u00e9liorer la circulation sanguine au niveau du cuir chevelu. Une meilleure irrigation sanguine permet aux follicules pileux d&rsquo;\u00eatre mieux nourris, pour une croissance saine et vigoureuse.<br \/>\nStimuler le m\u00e9tabolisme cellulaire : Le biotinyl-GHK stimule le m\u00e9tabolisme des cellules du bulbe capillaire. Cette action renforce l&rsquo;ancrage du cheveu dans le cuir chevelu, augmentant sa r\u00e9sistance et sa densit\u00e9.<br \/>\nUn Shampoing qui R\u00e9volutionne Votre Routine : Le WINCAP Shampoing Anti-chute ne se contente pas d&rsquo;\u00eatre un traitement. Sa formule douce et respectueuse de la fibre capillaire est con\u00e7ue pour une utilisation fr\u00e9quente. Il nettoie en profondeur sans agresser le cuir chevelu, cr\u00e9ant ainsi l&rsquo;environnement id\u00e9al pour la croissance de nouveaux cheveux plus forts.<br \/>\nDes R\u00e9sultats Visibles et Durables : Avec une utilisation r\u00e9guli\u00e8re, vous remarquerez une diminution de la chute des cheveux, une augmentation de leur densit\u00e9 et une am\u00e9lioration de leur r\u00e9sistance. Vos cheveux retrouveront volume, force et brillance. C&rsquo;est l&rsquo;investissement parfait pour votre chevelure et pour votre confiance en vous.<br \/>\nAvec le EVAWIN WINCAP Shampoing Anti-chute, faites le choix d&rsquo;une solution compl\u00e8te et scientifiquement prouv\u00e9e pour retrouver une chevelure saine et dense. Dites adieu \u00e0 la perte de cheveux et bonjour \u00e0 des cheveux revitalis\u00e9s, forts et pleins de vie.<br \/>\nConseils d&rsquo;utilisation :<br \/>\nUtilisez le shampoing 2 \u00e0 3 fois par semaine, ou selon les recommandations de votre dermatologue.<\/p>\n","protected":false},"excerpt":{"rendered":"<p>Evawin, expert en soins capillaires, a formul\u00e9 ce shampoing innovant pour une action compl\u00e8te et une efficacit\u00e9 prouv\u00e9e : Action<\/p>\n","protected":false},"featured_media":18292,"comment_status":"open","ping_status":"closed","template":"","meta":[],"product_brand":[309],"product_cat":[316],"product_tag":[],"class_list":{"0":"post-18251","1":"product","2":"type-product","3":"status-publish","4":"has-post-thumbnail","6":"product_brand-evawin-pharma","7":"product_cat-shampoings-soins-des-cheveux-cheveux","9":"first","10":"instock","11":"sale","12":"shipping-taxable","13":"purchasable","14":"product-type-simple"},"yoast_head":"<!-- This site is optimized with the Yoast SEO plugin v26.6 - https:\/\/yoast.com\/wordpress\/plugins\/seo\/ -->\r\n<title>EVAWIN WINCAP SHAMPOING ANTI CHUTE 200ML - Paracherkaoui.ma<\/title>\r\n<meta name=\"robots\" content=\"index, follow, max-snippet:-1, max-image-preview:large, max-video-preview:-1\" \/>\r\n<link rel=\"canonical\" href=\"https:\/\/paracherkaoui.ma\/index.php\/produit\/evawin-wincap-shampoing-anti-chute-200ml\/\" \/>\r\n<meta property=\"og:locale\" content=\"fr_FR\" \/>\r\n<meta property=\"og:type\" content=\"article\" \/>\r\n<meta property=\"og:title\" content=\"EVAWIN WINCAP SHAMPOING ANTI CHUTE 200ML - Paracherkaoui.ma\" \/>\r\n<meta property=\"og:description\" content=\"Evawin, expert en soins capillaires, a formul\u00e9 ce shampoing innovant pour une action compl\u00e8te et une efficacit\u00e9 prouv\u00e9e : Action\" \/>\r\n<meta property=\"og:url\" content=\"https:\/\/paracherkaoui.ma\/index.php\/produit\/evawin-wincap-shampoing-anti-chute-200ml\/\" \/>\r\n<meta property=\"og:site_name\" content=\"Paracherkaoui.ma\" \/>\r\n<meta property=\"article:modified_time\" content=\"2025-12-12T17:00:57+00:00\" \/>\r\n<meta property=\"og:image\" content=\"https:\/\/paracherkaoui.ma\/wp-content\/uploads\/2025\/12\/evawin-wincap-shampoing-anti-chute-200ml.jpg\" \/>\r\n\t<meta property=\"og:image:width\" content=\"700\" \/>\r\n\t<meta property=\"og:image:height\" content=\"700\" \/>\r\n\t<meta property=\"og:image:type\" content=\"image\/jpeg\" \/>\r\n<meta name=\"twitter:card\" content=\"summary_large_image\" \/>\r\n<meta name=\"twitter:label1\" content=\"Dur\u00e9e de lecture estim\u00e9e\" \/>\n\t<meta name=\"twitter:data1\" content=\"2 minutes\" \/>\r\n<script type=\"application\/ld+json\" class=\"yoast-schema-graph\">{\"@context\":\"https:\/\/schema.org\",\"@graph\":[{\"@type\":\"WebPage\",\"@id\":\"https:\/\/paracherkaoui.ma\/index.php\/produit\/evawin-wincap-shampoing-anti-chute-200ml\/\",\"url\":\"https:\/\/paracherkaoui.ma\/index.php\/produit\/evawin-wincap-shampoing-anti-chute-200ml\/\",\"name\":\"EVAWIN WINCAP SHAMPOING ANTI CHUTE 200ML - Paracherkaoui.ma\",\"isPartOf\":{\"@id\":\"https:\/\/paracherkaoui.ma\/#website\"},\"primaryImageOfPage\":{\"@id\":\"https:\/\/paracherkaoui.ma\/index.php\/produit\/evawin-wincap-shampoing-anti-chute-200ml\/#primaryimage\"},\"image\":{\"@id\":\"https:\/\/paracherkaoui.ma\/index.php\/produit\/evawin-wincap-shampoing-anti-chute-200ml\/#primaryimage\"},\"thumbnailUrl\":\"https:\/\/paracherkaoui.ma\/wp-content\/uploads\/2025\/12\/evawin-wincap-shampoing-anti-chute-200ml.jpg\",\"datePublished\":\"2025-12-12T17:00:54+00:00\",\"dateModified\":\"2025-12-12T17:00:57+00:00\",\"breadcrumb\":{\"@id\":\"https:\/\/paracherkaoui.ma\/index.php\/produit\/evawin-wincap-shampoing-anti-chute-200ml\/#breadcrumb\"},\"inLanguage\":\"fr-FR\",\"potentialAction\":[{\"@type\":\"ReadAction\",\"target\":[\"https:\/\/paracherkaoui.ma\/index.php\/produit\/evawin-wincap-shampoing-anti-chute-200ml\/\"]}]},{\"@type\":\"ImageObject\",\"inLanguage\":\"fr-FR\",\"@id\":\"https:\/\/paracherkaoui.ma\/index.php\/produit\/evawin-wincap-shampoing-anti-chute-200ml\/#primaryimage\",\"url\":\"https:\/\/paracherkaoui.ma\/wp-content\/uploads\/2025\/12\/evawin-wincap-shampoing-anti-chute-200ml.jpg\",\"contentUrl\":\"https:\/\/paracherkaoui.ma\/wp-content\/uploads\/2025\/12\/evawin-wincap-shampoing-anti-chute-200ml.jpg\",\"width\":700,\"height\":700},{\"@type\":\"BreadcrumbList\",\"@id\":\"https:\/\/paracherkaoui.ma\/index.php\/produit\/evawin-wincap-shampoing-anti-chute-200ml\/#breadcrumb\",\"itemListElement\":[{\"@type\":\"ListItem\",\"position\":1,\"name\":\"Accueil\",\"item\":\"https:\/\/paracherkaoui.ma\/\"},{\"@type\":\"ListItem\",\"position\":2,\"name\":\"Boutique\",\"item\":\"https:\/\/paracherkaoui.ma\/index.php\/boutique\/\"},{\"@type\":\"ListItem\",\"position\":3,\"name\":\"EVAWIN WINCAP SHAMPOING ANTI CHUTE 200ML\"}]},{\"@type\":\"WebSite\",\"@id\":\"https:\/\/paracherkaoui.ma\/#website\",\"url\":\"https:\/\/paracherkaoui.ma\/\",\"name\":\"Paracherkaoui.ma\",\"description\":\"Achetez en ligne sur Paracherkaoui.ma\",\"potentialAction\":[{\"@type\":\"SearchAction\",\"target\":{\"@type\":\"EntryPoint\",\"urlTemplate\":\"https:\/\/paracherkaoui.ma\/?s={search_term_string}\"},\"query-input\":{\"@type\":\"PropertyValueSpecification\",\"valueRequired\":true,\"valueName\":\"search_term_string\"}}],\"inLanguage\":\"fr-FR\"}]}<\/script>\r\n<!-- \/ Yoast SEO plugin. -->","yoast_head_json":{"title":"EVAWIN WINCAP SHAMPOING ANTI CHUTE 200ML - Paracherkaoui.ma","robots":{"index":"index","follow":"follow","max-snippet":"max-snippet:-1","max-image-preview":"max-image-preview:large","max-video-preview":"max-video-preview:-1"},"canonical":"https:\/\/paracherkaoui.ma\/index.php\/produit\/evawin-wincap-shampoing-anti-chute-200ml\/","og_locale":"fr_FR","og_type":"article","og_title":"EVAWIN WINCAP SHAMPOING ANTI CHUTE 200ML - Paracherkaoui.ma","og_description":"Evawin, expert en soins capillaires, a formul\u00e9 ce shampoing innovant pour une action compl\u00e8te et une efficacit\u00e9 prouv\u00e9e : Action","og_url":"https:\/\/paracherkaoui.ma\/index.php\/produit\/evawin-wincap-shampoing-anti-chute-200ml\/","og_site_name":"Paracherkaoui.ma","article_modified_time":"2025-12-12T17:00:57+00:00","og_image":[{"width":700,"height":700,"url":"https:\/\/paracherkaoui.ma\/wp-content\/uploads\/2025\/12\/evawin-wincap-shampoing-anti-chute-200ml.jpg","type":"image\/jpeg"}],"twitter_card":"summary_large_image","twitter_misc":{"Dur\u00e9e de lecture estim\u00e9e":"2 minutes"},"schema":{"@context":"https:\/\/schema.org","@graph":[{"@type":"WebPage","@id":"https:\/\/paracherkaoui.ma\/index.php\/produit\/evawin-wincap-shampoing-anti-chute-200ml\/","url":"https:\/\/paracherkaoui.ma\/index.php\/produit\/evawin-wincap-shampoing-anti-chute-200ml\/","name":"EVAWIN WINCAP SHAMPOING ANTI CHUTE 200ML - Paracherkaoui.ma","isPartOf":{"@id":"https:\/\/paracherkaoui.ma\/#website"},"primaryImageOfPage":{"@id":"https:\/\/paracherkaoui.ma\/index.php\/produit\/evawin-wincap-shampoing-anti-chute-200ml\/#primaryimage"},"image":{"@id":"https:\/\/paracherkaoui.ma\/index.php\/produit\/evawin-wincap-shampoing-anti-chute-200ml\/#primaryimage"},"thumbnailUrl":"https:\/\/paracherkaoui.ma\/wp-content\/uploads\/2025\/12\/evawin-wincap-shampoing-anti-chute-200ml.jpg","datePublished":"2025-12-12T17:00:54+00:00","dateModified":"2025-12-12T17:00:57+00:00","breadcrumb":{"@id":"https:\/\/paracherkaoui.ma\/index.php\/produit\/evawin-wincap-shampoing-anti-chute-200ml\/#breadcrumb"},"inLanguage":"fr-FR","potentialAction":[{"@type":"ReadAction","target":["https:\/\/paracherkaoui.ma\/index.php\/produit\/evawin-wincap-shampoing-anti-chute-200ml\/"]}]},{"@type":"ImageObject","inLanguage":"fr-FR","@id":"https:\/\/paracherkaoui.ma\/index.php\/produit\/evawin-wincap-shampoing-anti-chute-200ml\/#primaryimage","url":"https:\/\/paracherkaoui.ma\/wp-content\/uploads\/2025\/12\/evawin-wincap-shampoing-anti-chute-200ml.jpg","contentUrl":"https:\/\/paracherkaoui.ma\/wp-content\/uploads\/2025\/12\/evawin-wincap-shampoing-anti-chute-200ml.jpg","width":700,"height":700},{"@type":"BreadcrumbList","@id":"https:\/\/paracherkaoui.ma\/index.php\/produit\/evawin-wincap-shampoing-anti-chute-200ml\/#breadcrumb","itemListElement":[{"@type":"ListItem","position":1,"name":"Accueil","item":"https:\/\/paracherkaoui.ma\/"},{"@type":"ListItem","position":2,"name":"Boutique","item":"https:\/\/paracherkaoui.ma\/index.php\/boutique\/"},{"@type":"ListItem","position":3,"name":"EVAWIN WINCAP SHAMPOING ANTI CHUTE 200ML"}]},{"@type":"WebSite","@id":"https:\/\/paracherkaoui.ma\/#website","url":"https:\/\/paracherkaoui.ma\/","name":"Paracherkaoui.ma","description":"Achetez en ligne sur Paracherkaoui.ma","potentialAction":[{"@type":"SearchAction","target":{"@type":"EntryPoint","urlTemplate":"https:\/\/paracherkaoui.ma\/?s={search_term_string}"},"query-input":{"@type":"PropertyValueSpecification","valueRequired":true,"valueName":"search_term_string"}}],"inLanguage":"fr-FR"}]}},"_links":{"self":[{"href":"https:\/\/paracherkaoui.ma\/index.php\/wp-json\/wp\/v2\/product\/18251","targetHints":{"allow":["GET"]}}],"collection":[{"href":"https:\/\/paracherkaoui.ma\/index.php\/wp-json\/wp\/v2\/product"}],"about":[{"href":"https:\/\/paracherkaoui.ma\/index.php\/wp-json\/wp\/v2\/types\/product"}],"replies":[{"embeddable":true,"href":"https:\/\/paracherkaoui.ma\/index.php\/wp-json\/wp\/v2\/comments?post=18251"}],"version-history":[{"count":1,"href":"https:\/\/paracherkaoui.ma\/index.php\/wp-json\/wp\/v2\/product\/18251\/revisions"}],"predecessor-version":[{"id":18293,"href":"https:\/\/paracherkaoui.ma\/index.php\/wp-json\/wp\/v2\/product\/18251\/revisions\/18293"}],"wp:featuredmedia":[{"embeddable":true,"href":"https:\/\/paracherkaoui.ma\/index.php\/wp-json\/wp\/v2\/media\/18292"}],"wp:attachment":[{"href":"https:\/\/paracherkaoui.ma\/index.php\/wp-json\/wp\/v2\/media?parent=18251"}],"wp:term":[{"taxonomy":"product_brand","embeddable":true,"href":"https:\/\/paracherkaoui.ma\/index.php\/wp-json\/wp\/v2\/product_brand?post=18251"},{"taxonomy":"product_cat","embeddable":true,"href":"https:\/\/paracherkaoui.ma\/index.php\/wp-json\/wp\/v2\/product_cat?post=18251"},{"taxonomy":"product_tag","embeddable":true,"href":"https:\/\/paracherkaoui.ma\/index.php\/wp-json\/wp\/v2\/product_tag?post=18251"}],"curies":[{"name":"wp","href":"https:\/\/api.w.org\/{rel}","templated":true}]}}