{"id":18174,"date":"2025-12-12T18:00:47","date_gmt":"2025-12-12T17:00:47","guid":{"rendered":"https:\/\/test.ecbeaute.com\/?post_type=product&#038;p=18174"},"modified":"2025-12-12T18:00:52","modified_gmt":"2025-12-12T17:00:52","slug":"odarym-shampooing-extra-doux-a-la-spiruline-250-ml","status":"publish","type":"product","link":"https:\/\/paracherkaoui.ma\/index.php\/produit\/odarym-shampooing-extra-doux-a-la-spiruline-250-ml\/","title":{"rendered":"ODARYM SHAMPOOING EXTRA DOUX A LA SPIRULINE 250 ML"},"content":{"rendered":"<p>Lavez vos cheveux en douceur, tout en am\u00e9liorant l&rsquo;\u00e9clat, le volume et la douceur de votre couleur naturelle avec le Shampoing Extra Doux .<br \/>\nPour Cheveux secs et\/ou abimes, La formule est enrichie en spiruline, tr\u00e8s douce pour le cuir chevelu, ingr\u00e9dient id\u00e9al pour embellir sa chevelure, favoriser la pousse des cheveux, les renforcer et les rendre plus beaux, et se r\u00e9v\u00e8le aussi \u00eatre l\u2019un des meilleurs alli\u00e9s de nos cheveux cassants ou ab\u00eem\u00e9s! Les cheveux retrouvent tonus et vitalit\u00e9 . Formul\u00e9 SANS PARABEN SANS SILICONE SANS SULFATE !<br \/>\nConseils d&rsquo;utilisation :<br \/>\nAppliquez le shampoing sur votre main, moussez et massez l&rsquo;ensemble du cuir chevelu mouill\u00e9s , Rincez Abondamment !<br \/>\nEn cas de contact avec les yeux , Rincez imm\u00e9diatement!<\/p>\n","protected":false},"excerpt":{"rendered":"<p>Lavez vos cheveux en douceur, tout en am\u00e9liorant l&rsquo;\u00e9clat, le volume et la douceur de votre couleur naturelle avec le<\/p>\n","protected":false},"featured_media":18230,"comment_status":"open","ping_status":"closed","template":"","meta":[],"product_brand":[208],"product_cat":[316],"product_tag":[],"class_list":{"0":"post-18174","1":"product","2":"type-product","3":"status-publish","4":"has-post-thumbnail","6":"product_brand-odarym","7":"product_cat-shampoings-soins-des-cheveux-cheveux","9":"first","10":"instock","11":"shipping-taxable","12":"purchasable","13":"product-type-simple"},"yoast_head":"<!-- This site is optimized with the Yoast SEO plugin v26.6 - https:\/\/yoast.com\/wordpress\/plugins\/seo\/ -->\r\n<title>ODARYM SHAMPOOING EXTRA DOUX A LA SPIRULINE 250 ML - Paracherkaoui.ma<\/title>\r\n<meta name=\"robots\" content=\"index, follow, max-snippet:-1, max-image-preview:large, max-video-preview:-1\" \/>\r\n<link rel=\"canonical\" href=\"https:\/\/paracherkaoui.ma\/index.php\/produit\/odarym-shampooing-extra-doux-a-la-spiruline-250-ml\/\" \/>\r\n<meta property=\"og:locale\" content=\"fr_FR\" \/>\r\n<meta property=\"og:type\" content=\"article\" \/>\r\n<meta property=\"og:title\" content=\"ODARYM SHAMPOOING EXTRA DOUX A LA SPIRULINE 250 ML - Paracherkaoui.ma\" \/>\r\n<meta property=\"og:description\" content=\"Lavez vos cheveux en douceur, tout en am\u00e9liorant l&rsquo;\u00e9clat, le volume et la douceur de votre couleur naturelle avec le\" \/>\r\n<meta property=\"og:url\" content=\"https:\/\/paracherkaoui.ma\/index.php\/produit\/odarym-shampooing-extra-doux-a-la-spiruline-250-ml\/\" \/>\r\n<meta property=\"og:site_name\" content=\"Paracherkaoui.ma\" \/>\r\n<meta property=\"article:modified_time\" content=\"2025-12-12T17:00:52+00:00\" \/>\r\n<meta property=\"og:image\" content=\"https:\/\/paracherkaoui.ma\/wp-content\/uploads\/2025\/12\/odarym-odarym-shampooing-extra-doux-a-la-spiruline-250-ml-produits-cheveux-bio.jpg\" \/>\r\n\t<meta property=\"og:image:width\" content=\"700\" \/>\r\n\t<meta property=\"og:image:height\" content=\"700\" \/>\r\n\t<meta property=\"og:image:type\" content=\"image\/jpeg\" \/>\r\n<meta name=\"twitter:card\" content=\"summary_large_image\" \/>\r\n<meta name=\"twitter:label1\" content=\"Dur\u00e9e de lecture estim\u00e9e\" \/>\n\t<meta name=\"twitter:data1\" content=\"1 minute\" \/>\r\n<script type=\"application\/ld+json\" class=\"yoast-schema-graph\">{\"@context\":\"https:\/\/schema.org\",\"@graph\":[{\"@type\":\"WebPage\",\"@id\":\"https:\/\/paracherkaoui.ma\/index.php\/produit\/odarym-shampooing-extra-doux-a-la-spiruline-250-ml\/\",\"url\":\"https:\/\/paracherkaoui.ma\/index.php\/produit\/odarym-shampooing-extra-doux-a-la-spiruline-250-ml\/\",\"name\":\"ODARYM SHAMPOOING EXTRA DOUX A LA SPIRULINE 250 ML - Paracherkaoui.ma\",\"isPartOf\":{\"@id\":\"https:\/\/paracherkaoui.ma\/#website\"},\"primaryImageOfPage\":{\"@id\":\"https:\/\/paracherkaoui.ma\/index.php\/produit\/odarym-shampooing-extra-doux-a-la-spiruline-250-ml\/#primaryimage\"},\"image\":{\"@id\":\"https:\/\/paracherkaoui.ma\/index.php\/produit\/odarym-shampooing-extra-doux-a-la-spiruline-250-ml\/#primaryimage\"},\"thumbnailUrl\":\"https:\/\/paracherkaoui.ma\/wp-content\/uploads\/2025\/12\/odarym-odarym-shampooing-extra-doux-a-la-spiruline-250-ml-produits-cheveux-bio.jpg\",\"datePublished\":\"2025-12-12T17:00:47+00:00\",\"dateModified\":\"2025-12-12T17:00:52+00:00\",\"breadcrumb\":{\"@id\":\"https:\/\/paracherkaoui.ma\/index.php\/produit\/odarym-shampooing-extra-doux-a-la-spiruline-250-ml\/#breadcrumb\"},\"inLanguage\":\"fr-FR\",\"potentialAction\":[{\"@type\":\"ReadAction\",\"target\":[\"https:\/\/paracherkaoui.ma\/index.php\/produit\/odarym-shampooing-extra-doux-a-la-spiruline-250-ml\/\"]}]},{\"@type\":\"ImageObject\",\"inLanguage\":\"fr-FR\",\"@id\":\"https:\/\/paracherkaoui.ma\/index.php\/produit\/odarym-shampooing-extra-doux-a-la-spiruline-250-ml\/#primaryimage\",\"url\":\"https:\/\/paracherkaoui.ma\/wp-content\/uploads\/2025\/12\/odarym-odarym-shampooing-extra-doux-a-la-spiruline-250-ml-produits-cheveux-bio.jpg\",\"contentUrl\":\"https:\/\/paracherkaoui.ma\/wp-content\/uploads\/2025\/12\/odarym-odarym-shampooing-extra-doux-a-la-spiruline-250-ml-produits-cheveux-bio.jpg\",\"width\":700,\"height\":700},{\"@type\":\"BreadcrumbList\",\"@id\":\"https:\/\/paracherkaoui.ma\/index.php\/produit\/odarym-shampooing-extra-doux-a-la-spiruline-250-ml\/#breadcrumb\",\"itemListElement\":[{\"@type\":\"ListItem\",\"position\":1,\"name\":\"Accueil\",\"item\":\"https:\/\/paracherkaoui.ma\/\"},{\"@type\":\"ListItem\",\"position\":2,\"name\":\"Boutique\",\"item\":\"https:\/\/paracherkaoui.ma\/index.php\/boutique\/\"},{\"@type\":\"ListItem\",\"position\":3,\"name\":\"ODARYM SHAMPOOING EXTRA DOUX A LA SPIRULINE 250 ML\"}]},{\"@type\":\"WebSite\",\"@id\":\"https:\/\/paracherkaoui.ma\/#website\",\"url\":\"https:\/\/paracherkaoui.ma\/\",\"name\":\"Paracherkaoui.ma\",\"description\":\"Achetez en ligne sur Paracherkaoui.ma\",\"potentialAction\":[{\"@type\":\"SearchAction\",\"target\":{\"@type\":\"EntryPoint\",\"urlTemplate\":\"https:\/\/paracherkaoui.ma\/?s={search_term_string}\"},\"query-input\":{\"@type\":\"PropertyValueSpecification\",\"valueRequired\":true,\"valueName\":\"search_term_string\"}}],\"inLanguage\":\"fr-FR\"}]}<\/script>\r\n<!-- \/ Yoast SEO plugin. -->","yoast_head_json":{"title":"ODARYM SHAMPOOING EXTRA DOUX A LA SPIRULINE 250 ML - Paracherkaoui.ma","robots":{"index":"index","follow":"follow","max-snippet":"max-snippet:-1","max-image-preview":"max-image-preview:large","max-video-preview":"max-video-preview:-1"},"canonical":"https:\/\/paracherkaoui.ma\/index.php\/produit\/odarym-shampooing-extra-doux-a-la-spiruline-250-ml\/","og_locale":"fr_FR","og_type":"article","og_title":"ODARYM SHAMPOOING EXTRA DOUX A LA SPIRULINE 250 ML - Paracherkaoui.ma","og_description":"Lavez vos cheveux en douceur, tout en am\u00e9liorant l&rsquo;\u00e9clat, le volume et la douceur de votre couleur naturelle avec le","og_url":"https:\/\/paracherkaoui.ma\/index.php\/produit\/odarym-shampooing-extra-doux-a-la-spiruline-250-ml\/","og_site_name":"Paracherkaoui.ma","article_modified_time":"2025-12-12T17:00:52+00:00","og_image":[{"width":700,"height":700,"url":"https:\/\/paracherkaoui.ma\/wp-content\/uploads\/2025\/12\/odarym-odarym-shampooing-extra-doux-a-la-spiruline-250-ml-produits-cheveux-bio.jpg","type":"image\/jpeg"}],"twitter_card":"summary_large_image","twitter_misc":{"Dur\u00e9e de lecture estim\u00e9e":"1 minute"},"schema":{"@context":"https:\/\/schema.org","@graph":[{"@type":"WebPage","@id":"https:\/\/paracherkaoui.ma\/index.php\/produit\/odarym-shampooing-extra-doux-a-la-spiruline-250-ml\/","url":"https:\/\/paracherkaoui.ma\/index.php\/produit\/odarym-shampooing-extra-doux-a-la-spiruline-250-ml\/","name":"ODARYM SHAMPOOING EXTRA DOUX A LA SPIRULINE 250 ML - Paracherkaoui.ma","isPartOf":{"@id":"https:\/\/paracherkaoui.ma\/#website"},"primaryImageOfPage":{"@id":"https:\/\/paracherkaoui.ma\/index.php\/produit\/odarym-shampooing-extra-doux-a-la-spiruline-250-ml\/#primaryimage"},"image":{"@id":"https:\/\/paracherkaoui.ma\/index.php\/produit\/odarym-shampooing-extra-doux-a-la-spiruline-250-ml\/#primaryimage"},"thumbnailUrl":"https:\/\/paracherkaoui.ma\/wp-content\/uploads\/2025\/12\/odarym-odarym-shampooing-extra-doux-a-la-spiruline-250-ml-produits-cheveux-bio.jpg","datePublished":"2025-12-12T17:00:47+00:00","dateModified":"2025-12-12T17:00:52+00:00","breadcrumb":{"@id":"https:\/\/paracherkaoui.ma\/index.php\/produit\/odarym-shampooing-extra-doux-a-la-spiruline-250-ml\/#breadcrumb"},"inLanguage":"fr-FR","potentialAction":[{"@type":"ReadAction","target":["https:\/\/paracherkaoui.ma\/index.php\/produit\/odarym-shampooing-extra-doux-a-la-spiruline-250-ml\/"]}]},{"@type":"ImageObject","inLanguage":"fr-FR","@id":"https:\/\/paracherkaoui.ma\/index.php\/produit\/odarym-shampooing-extra-doux-a-la-spiruline-250-ml\/#primaryimage","url":"https:\/\/paracherkaoui.ma\/wp-content\/uploads\/2025\/12\/odarym-odarym-shampooing-extra-doux-a-la-spiruline-250-ml-produits-cheveux-bio.jpg","contentUrl":"https:\/\/paracherkaoui.ma\/wp-content\/uploads\/2025\/12\/odarym-odarym-shampooing-extra-doux-a-la-spiruline-250-ml-produits-cheveux-bio.jpg","width":700,"height":700},{"@type":"BreadcrumbList","@id":"https:\/\/paracherkaoui.ma\/index.php\/produit\/odarym-shampooing-extra-doux-a-la-spiruline-250-ml\/#breadcrumb","itemListElement":[{"@type":"ListItem","position":1,"name":"Accueil","item":"https:\/\/paracherkaoui.ma\/"},{"@type":"ListItem","position":2,"name":"Boutique","item":"https:\/\/paracherkaoui.ma\/index.php\/boutique\/"},{"@type":"ListItem","position":3,"name":"ODARYM SHAMPOOING EXTRA DOUX A LA SPIRULINE 250 ML"}]},{"@type":"WebSite","@id":"https:\/\/paracherkaoui.ma\/#website","url":"https:\/\/paracherkaoui.ma\/","name":"Paracherkaoui.ma","description":"Achetez en ligne sur Paracherkaoui.ma","potentialAction":[{"@type":"SearchAction","target":{"@type":"EntryPoint","urlTemplate":"https:\/\/paracherkaoui.ma\/?s={search_term_string}"},"query-input":{"@type":"PropertyValueSpecification","valueRequired":true,"valueName":"search_term_string"}}],"inLanguage":"fr-FR"}]}},"_links":{"self":[{"href":"https:\/\/paracherkaoui.ma\/index.php\/wp-json\/wp\/v2\/product\/18174","targetHints":{"allow":["GET"]}}],"collection":[{"href":"https:\/\/paracherkaoui.ma\/index.php\/wp-json\/wp\/v2\/product"}],"about":[{"href":"https:\/\/paracherkaoui.ma\/index.php\/wp-json\/wp\/v2\/types\/product"}],"replies":[{"embeddable":true,"href":"https:\/\/paracherkaoui.ma\/index.php\/wp-json\/wp\/v2\/comments?post=18174"}],"version-history":[{"count":1,"href":"https:\/\/paracherkaoui.ma\/index.php\/wp-json\/wp\/v2\/product\/18174\/revisions"}],"predecessor-version":[{"id":18231,"href":"https:\/\/paracherkaoui.ma\/index.php\/wp-json\/wp\/v2\/product\/18174\/revisions\/18231"}],"wp:featuredmedia":[{"embeddable":true,"href":"https:\/\/paracherkaoui.ma\/index.php\/wp-json\/wp\/v2\/media\/18230"}],"wp:attachment":[{"href":"https:\/\/paracherkaoui.ma\/index.php\/wp-json\/wp\/v2\/media?parent=18174"}],"wp:term":[{"taxonomy":"product_brand","embeddable":true,"href":"https:\/\/paracherkaoui.ma\/index.php\/wp-json\/wp\/v2\/product_brand?post=18174"},{"taxonomy":"product_cat","embeddable":true,"href":"https:\/\/paracherkaoui.ma\/index.php\/wp-json\/wp\/v2\/product_cat?post=18174"},{"taxonomy":"product_tag","embeddable":true,"href":"https:\/\/paracherkaoui.ma\/index.php\/wp-json\/wp\/v2\/product_tag?post=18174"}],"curies":[{"name":"wp","href":"https:\/\/api.w.org\/{rel}","templated":true}]}}