{"id":18152,"date":"2025-12-12T18:00:46","date_gmt":"2025-12-12T17:00:46","guid":{"rendered":"https:\/\/test.ecbeaute.com\/?post_type=product&#038;p=18152"},"modified":"2025-12-12T18:00:49","modified_gmt":"2025-12-12T17:00:49","slug":"luxeol-shampooing-volumateur-2-fois-plus-de-volume-200-ml","status":"publish","type":"product","link":"https:\/\/paracherkaoui.ma\/index.php\/produit\/luxeol-shampooing-volumateur-2-fois-plus-de-volume-200-ml\/","title":{"rendered":"LUXEOL SHAMPOOING VOLUMATEUR 2 FOIS PLUS DE VOLUME 200 ML"},"content":{"rendered":"<p>Lux\u00e9ol Shampooing Volumateur 200 ML : 2 Fois Plus de Volume pour Vos Cheveux<br \/>\nLe Lux\u00e9ol Shampooing Volumateur est la solution id\u00e9ale pour les cheveux plats et sans vie. Avec sa formule innovante, il offre un volume visible et durable d\u00e8s la premi\u00e8re utilisation. Con\u00e7u pour nettoyer en douceur tout en apportant une l\u00e9g\u00e8ret\u00e9 incomparable, ce shampooing fait partie int\u00e9grante du Protocole Volumateur de Lux\u00e9ol, garantissant des r\u00e9sultats impressionnants pour une chevelure pleine de vitalit\u00e9.<br \/>\nCompos\u00e9 \u00e0 95% d\u2019ingr\u00e9dients d\u2019origine naturelle, ce shampooing respecte vos cheveux et votre cuir chevelu. Il est exempt de silicones et de tensioactifs sulfat\u00e9s, pour un nettoyage doux et respectueux de la fibre capillaire. R\u00e9sultat : des cheveux l\u00e9gers, volumineux et \u00e9clatants de sant\u00e9.<br \/>\nAdoptez le Shampooing Volumateur Lux\u00e9ol pour une chevelure visiblement plus dense et pleine de mouvement, tout en profitant d\u2019une exp\u00e9rience sensorielle unique gr\u00e2ce \u00e0 son parfum d\u00e9licat et sa texture l\u00e9g\u00e8re.<br \/>\nLes Bienfaits du Shampooing Volumateur Lux\u00e9ol<br \/>\nVolume imm\u00e9diat : Doublez le volume de vos cheveux d\u00e8s la premi\u00e8re utilisation.<br \/>\nNettoyage doux : Formul\u00e9 sans tensioactifs sulfat\u00e9s pour prot\u00e9ger et respecter la fibre capillaire.<br \/>\nIngr\u00e9dients naturels : 95% d&rsquo;ingr\u00e9dients d&rsquo;origine naturelle pour un soin sain et efficace.<br \/>\nCheveux l\u00e9gers et \u00e9clatants : Sans alourdir, vos cheveux retrouvent leur l\u00e9g\u00e8ret\u00e9 et leur brillance naturelle.<br \/>\nConseils d\u2019utilisation<br \/>\nAppliquez une petite quantit\u00e9 de shampooing sur cheveux mouill\u00e9s.<br \/>\nMassez d\u00e9licatement le cuir chevelu pour faire mousser.<br \/>\nRincez abondamment.<br \/>\nCompl\u00e9tez avec les autres produits du Protocole Volumateur Lux\u00e9ol pour des r\u00e9sultats optimaux.<br \/>\nComposition :<br \/>\nGlyc\u00e9rine :<br \/>\nLargement utilis\u00e9e dans les produits cosm\u00e9tiques capillaires pour sa bonne tol\u00e9rance cutan\u00e9e, la glyc\u00e9rine agit comme un hydratant pour les cheveux. Par sa fonction de conditionneur capillaire, elle am\u00e9liore l&rsquo;apparence et le toucher des cheveux pour apporter douceur.<br \/>\nHydrolyzed Vegetable Protein :<br \/>\nD\u00e9riv\u00e9e du pois, du riz et du soja, cette prot\u00e9ine v\u00e9g\u00e9tale va aider \u00e0 am\u00e9liorer l\u2019\u00e9tat des cheveux et leur redonner du volume.<br \/>\nTilia Tomentosa Bud Extract<br \/>\nExtrait du bourgeon du Tilleul Argent\u00e9, il aide \u00e0 conf\u00e9rer du volume aux cheveux.<\/p>\n","protected":false},"excerpt":{"rendered":"<p>Lux\u00e9ol Shampooing Volumateur 200 ML : 2 Fois Plus de Volume pour Vos Cheveux Le Lux\u00e9ol Shampooing Volumateur est la<\/p>\n","protected":false},"featured_media":18186,"comment_status":"open","ping_status":"closed","template":"","meta":[],"product_brand":[146],"product_cat":[316],"product_tag":[],"class_list":{"0":"post-18152","1":"product","2":"type-product","3":"status-publish","4":"has-post-thumbnail","6":"product_brand-luxeol","7":"product_cat-shampoings-soins-des-cheveux-cheveux","9":"first","10":"instock","11":"sale","12":"shipping-taxable","13":"purchasable","14":"product-type-simple"},"yoast_head":"<!-- This site is optimized with the Yoast SEO plugin v26.6 - https:\/\/yoast.com\/wordpress\/plugins\/seo\/ -->\r\n<title>LUXEOL SHAMPOOING VOLUMATEUR 2 FOIS PLUS DE VOLUME 200 ML - Paracherkaoui.ma<\/title>\r\n<meta name=\"robots\" content=\"index, follow, max-snippet:-1, max-image-preview:large, max-video-preview:-1\" \/>\r\n<link rel=\"canonical\" href=\"https:\/\/paracherkaoui.ma\/index.php\/produit\/luxeol-shampooing-volumateur-2-fois-plus-de-volume-200-ml\/\" \/>\r\n<meta property=\"og:locale\" content=\"fr_FR\" \/>\r\n<meta property=\"og:type\" content=\"article\" \/>\r\n<meta property=\"og:title\" content=\"LUXEOL SHAMPOOING VOLUMATEUR 2 FOIS PLUS DE VOLUME 200 ML - Paracherkaoui.ma\" \/>\r\n<meta property=\"og:description\" content=\"Lux\u00e9ol Shampooing Volumateur 200 ML : 2 Fois Plus de Volume pour Vos Cheveux Le Lux\u00e9ol Shampooing Volumateur est la\" \/>\r\n<meta property=\"og:url\" content=\"https:\/\/paracherkaoui.ma\/index.php\/produit\/luxeol-shampooing-volumateur-2-fois-plus-de-volume-200-ml\/\" \/>\r\n<meta property=\"og:site_name\" content=\"Paracherkaoui.ma\" \/>\r\n<meta property=\"article:modified_time\" content=\"2025-12-12T17:00:49+00:00\" \/>\r\n<meta property=\"og:image\" content=\"https:\/\/paracherkaoui.ma\/wp-content\/uploads\/2025\/12\/luxeol-shampooing-volumateur-2-fois-plus-de-volume-200-ml.jpg\" \/>\r\n\t<meta property=\"og:image:width\" content=\"700\" \/>\r\n\t<meta property=\"og:image:height\" content=\"700\" \/>\r\n\t<meta property=\"og:image:type\" content=\"image\/jpeg\" \/>\r\n<meta name=\"twitter:card\" content=\"summary_large_image\" \/>\r\n<meta name=\"twitter:label1\" content=\"Dur\u00e9e de lecture estim\u00e9e\" \/>\n\t<meta name=\"twitter:data1\" content=\"2 minutes\" \/>\r\n<script type=\"application\/ld+json\" class=\"yoast-schema-graph\">{\"@context\":\"https:\/\/schema.org\",\"@graph\":[{\"@type\":\"WebPage\",\"@id\":\"https:\/\/paracherkaoui.ma\/index.php\/produit\/luxeol-shampooing-volumateur-2-fois-plus-de-volume-200-ml\/\",\"url\":\"https:\/\/paracherkaoui.ma\/index.php\/produit\/luxeol-shampooing-volumateur-2-fois-plus-de-volume-200-ml\/\",\"name\":\"LUXEOL SHAMPOOING VOLUMATEUR 2 FOIS PLUS DE VOLUME 200 ML - Paracherkaoui.ma\",\"isPartOf\":{\"@id\":\"https:\/\/paracherkaoui.ma\/#website\"},\"primaryImageOfPage\":{\"@id\":\"https:\/\/paracherkaoui.ma\/index.php\/produit\/luxeol-shampooing-volumateur-2-fois-plus-de-volume-200-ml\/#primaryimage\"},\"image\":{\"@id\":\"https:\/\/paracherkaoui.ma\/index.php\/produit\/luxeol-shampooing-volumateur-2-fois-plus-de-volume-200-ml\/#primaryimage\"},\"thumbnailUrl\":\"https:\/\/paracherkaoui.ma\/wp-content\/uploads\/2025\/12\/luxeol-shampooing-volumateur-2-fois-plus-de-volume-200-ml.jpg\",\"datePublished\":\"2025-12-12T17:00:46+00:00\",\"dateModified\":\"2025-12-12T17:00:49+00:00\",\"breadcrumb\":{\"@id\":\"https:\/\/paracherkaoui.ma\/index.php\/produit\/luxeol-shampooing-volumateur-2-fois-plus-de-volume-200-ml\/#breadcrumb\"},\"inLanguage\":\"fr-FR\",\"potentialAction\":[{\"@type\":\"ReadAction\",\"target\":[\"https:\/\/paracherkaoui.ma\/index.php\/produit\/luxeol-shampooing-volumateur-2-fois-plus-de-volume-200-ml\/\"]}]},{\"@type\":\"ImageObject\",\"inLanguage\":\"fr-FR\",\"@id\":\"https:\/\/paracherkaoui.ma\/index.php\/produit\/luxeol-shampooing-volumateur-2-fois-plus-de-volume-200-ml\/#primaryimage\",\"url\":\"https:\/\/paracherkaoui.ma\/wp-content\/uploads\/2025\/12\/luxeol-shampooing-volumateur-2-fois-plus-de-volume-200-ml.jpg\",\"contentUrl\":\"https:\/\/paracherkaoui.ma\/wp-content\/uploads\/2025\/12\/luxeol-shampooing-volumateur-2-fois-plus-de-volume-200-ml.jpg\",\"width\":700,\"height\":700},{\"@type\":\"BreadcrumbList\",\"@id\":\"https:\/\/paracherkaoui.ma\/index.php\/produit\/luxeol-shampooing-volumateur-2-fois-plus-de-volume-200-ml\/#breadcrumb\",\"itemListElement\":[{\"@type\":\"ListItem\",\"position\":1,\"name\":\"Accueil\",\"item\":\"https:\/\/paracherkaoui.ma\/\"},{\"@type\":\"ListItem\",\"position\":2,\"name\":\"Boutique\",\"item\":\"https:\/\/paracherkaoui.ma\/index.php\/boutique\/\"},{\"@type\":\"ListItem\",\"position\":3,\"name\":\"LUXEOL SHAMPOOING VOLUMATEUR 2 FOIS PLUS DE VOLUME 200 ML\"}]},{\"@type\":\"WebSite\",\"@id\":\"https:\/\/paracherkaoui.ma\/#website\",\"url\":\"https:\/\/paracherkaoui.ma\/\",\"name\":\"Paracherkaoui.ma\",\"description\":\"Achetez en ligne sur Paracherkaoui.ma\",\"potentialAction\":[{\"@type\":\"SearchAction\",\"target\":{\"@type\":\"EntryPoint\",\"urlTemplate\":\"https:\/\/paracherkaoui.ma\/?s={search_term_string}\"},\"query-input\":{\"@type\":\"PropertyValueSpecification\",\"valueRequired\":true,\"valueName\":\"search_term_string\"}}],\"inLanguage\":\"fr-FR\"}]}<\/script>\r\n<!-- \/ Yoast SEO plugin. -->","yoast_head_json":{"title":"LUXEOL SHAMPOOING VOLUMATEUR 2 FOIS PLUS DE VOLUME 200 ML - Paracherkaoui.ma","robots":{"index":"index","follow":"follow","max-snippet":"max-snippet:-1","max-image-preview":"max-image-preview:large","max-video-preview":"max-video-preview:-1"},"canonical":"https:\/\/paracherkaoui.ma\/index.php\/produit\/luxeol-shampooing-volumateur-2-fois-plus-de-volume-200-ml\/","og_locale":"fr_FR","og_type":"article","og_title":"LUXEOL SHAMPOOING VOLUMATEUR 2 FOIS PLUS DE VOLUME 200 ML - Paracherkaoui.ma","og_description":"Lux\u00e9ol Shampooing Volumateur 200 ML : 2 Fois Plus de Volume pour Vos Cheveux Le Lux\u00e9ol Shampooing Volumateur est la","og_url":"https:\/\/paracherkaoui.ma\/index.php\/produit\/luxeol-shampooing-volumateur-2-fois-plus-de-volume-200-ml\/","og_site_name":"Paracherkaoui.ma","article_modified_time":"2025-12-12T17:00:49+00:00","og_image":[{"width":700,"height":700,"url":"https:\/\/paracherkaoui.ma\/wp-content\/uploads\/2025\/12\/luxeol-shampooing-volumateur-2-fois-plus-de-volume-200-ml.jpg","type":"image\/jpeg"}],"twitter_card":"summary_large_image","twitter_misc":{"Dur\u00e9e de lecture estim\u00e9e":"2 minutes"},"schema":{"@context":"https:\/\/schema.org","@graph":[{"@type":"WebPage","@id":"https:\/\/paracherkaoui.ma\/index.php\/produit\/luxeol-shampooing-volumateur-2-fois-plus-de-volume-200-ml\/","url":"https:\/\/paracherkaoui.ma\/index.php\/produit\/luxeol-shampooing-volumateur-2-fois-plus-de-volume-200-ml\/","name":"LUXEOL SHAMPOOING VOLUMATEUR 2 FOIS PLUS DE VOLUME 200 ML - Paracherkaoui.ma","isPartOf":{"@id":"https:\/\/paracherkaoui.ma\/#website"},"primaryImageOfPage":{"@id":"https:\/\/paracherkaoui.ma\/index.php\/produit\/luxeol-shampooing-volumateur-2-fois-plus-de-volume-200-ml\/#primaryimage"},"image":{"@id":"https:\/\/paracherkaoui.ma\/index.php\/produit\/luxeol-shampooing-volumateur-2-fois-plus-de-volume-200-ml\/#primaryimage"},"thumbnailUrl":"https:\/\/paracherkaoui.ma\/wp-content\/uploads\/2025\/12\/luxeol-shampooing-volumateur-2-fois-plus-de-volume-200-ml.jpg","datePublished":"2025-12-12T17:00:46+00:00","dateModified":"2025-12-12T17:00:49+00:00","breadcrumb":{"@id":"https:\/\/paracherkaoui.ma\/index.php\/produit\/luxeol-shampooing-volumateur-2-fois-plus-de-volume-200-ml\/#breadcrumb"},"inLanguage":"fr-FR","potentialAction":[{"@type":"ReadAction","target":["https:\/\/paracherkaoui.ma\/index.php\/produit\/luxeol-shampooing-volumateur-2-fois-plus-de-volume-200-ml\/"]}]},{"@type":"ImageObject","inLanguage":"fr-FR","@id":"https:\/\/paracherkaoui.ma\/index.php\/produit\/luxeol-shampooing-volumateur-2-fois-plus-de-volume-200-ml\/#primaryimage","url":"https:\/\/paracherkaoui.ma\/wp-content\/uploads\/2025\/12\/luxeol-shampooing-volumateur-2-fois-plus-de-volume-200-ml.jpg","contentUrl":"https:\/\/paracherkaoui.ma\/wp-content\/uploads\/2025\/12\/luxeol-shampooing-volumateur-2-fois-plus-de-volume-200-ml.jpg","width":700,"height":700},{"@type":"BreadcrumbList","@id":"https:\/\/paracherkaoui.ma\/index.php\/produit\/luxeol-shampooing-volumateur-2-fois-plus-de-volume-200-ml\/#breadcrumb","itemListElement":[{"@type":"ListItem","position":1,"name":"Accueil","item":"https:\/\/paracherkaoui.ma\/"},{"@type":"ListItem","position":2,"name":"Boutique","item":"https:\/\/paracherkaoui.ma\/index.php\/boutique\/"},{"@type":"ListItem","position":3,"name":"LUXEOL SHAMPOOING VOLUMATEUR 2 FOIS PLUS DE VOLUME 200 ML"}]},{"@type":"WebSite","@id":"https:\/\/paracherkaoui.ma\/#website","url":"https:\/\/paracherkaoui.ma\/","name":"Paracherkaoui.ma","description":"Achetez en ligne sur Paracherkaoui.ma","potentialAction":[{"@type":"SearchAction","target":{"@type":"EntryPoint","urlTemplate":"https:\/\/paracherkaoui.ma\/?s={search_term_string}"},"query-input":{"@type":"PropertyValueSpecification","valueRequired":true,"valueName":"search_term_string"}}],"inLanguage":"fr-FR"}]}},"_links":{"self":[{"href":"https:\/\/paracherkaoui.ma\/index.php\/wp-json\/wp\/v2\/product\/18152","targetHints":{"allow":["GET"]}}],"collection":[{"href":"https:\/\/paracherkaoui.ma\/index.php\/wp-json\/wp\/v2\/product"}],"about":[{"href":"https:\/\/paracherkaoui.ma\/index.php\/wp-json\/wp\/v2\/types\/product"}],"replies":[{"embeddable":true,"href":"https:\/\/paracherkaoui.ma\/index.php\/wp-json\/wp\/v2\/comments?post=18152"}],"version-history":[{"count":1,"href":"https:\/\/paracherkaoui.ma\/index.php\/wp-json\/wp\/v2\/product\/18152\/revisions"}],"predecessor-version":[{"id":18187,"href":"https:\/\/paracherkaoui.ma\/index.php\/wp-json\/wp\/v2\/product\/18152\/revisions\/18187"}],"wp:featuredmedia":[{"embeddable":true,"href":"https:\/\/paracherkaoui.ma\/index.php\/wp-json\/wp\/v2\/media\/18186"}],"wp:attachment":[{"href":"https:\/\/paracherkaoui.ma\/index.php\/wp-json\/wp\/v2\/media?parent=18152"}],"wp:term":[{"taxonomy":"product_brand","embeddable":true,"href":"https:\/\/paracherkaoui.ma\/index.php\/wp-json\/wp\/v2\/product_brand?post=18152"},{"taxonomy":"product_cat","embeddable":true,"href":"https:\/\/paracherkaoui.ma\/index.php\/wp-json\/wp\/v2\/product_cat?post=18152"},{"taxonomy":"product_tag","embeddable":true,"href":"https:\/\/paracherkaoui.ma\/index.php\/wp-json\/wp\/v2\/product_tag?post=18152"}],"curies":[{"name":"wp","href":"https:\/\/api.w.org\/{rel}","templated":true}]}}