{"id":18151,"date":"2025-12-12T18:00:45","date_gmt":"2025-12-12T17:00:45","guid":{"rendered":"https:\/\/test.ecbeaute.com\/?post_type=product&#038;p=18151"},"modified":"2025-12-12T18:00:48","modified_gmt":"2025-12-12T17:00:48","slug":"biorga-ecophane-shampooing-ultra-doux-cuirs-chevelus-sensibles-500-ml","status":"publish","type":"product","link":"https:\/\/paracherkaoui.ma\/index.php\/produit\/biorga-ecophane-shampooing-ultra-doux-cuirs-chevelus-sensibles-500-ml\/","title":{"rendered":"BIORGA ECOPHANE SHAMPOOING ULTRA DOUX CUIRS CHEVELUS SENSIBLES 500 ML"},"content":{"rendered":"<p>Description:<br \/>\nLe shampooing\u00a0Ecophane\u00a0a \u00e9t\u00e9 formul\u00e9 pour fortifier et tonifier les cheveux fragiles, fins, mous, ternes. Il contient un hydrolysat de proteines, constituant essentiel des cheveux, tr\u00e8s riche en acides amin\u00e9s intervenat dans la synth\u00e8se de la k\u00e9ratine. La provitamine B5 renforce la protection naturelle des cheveux par son effet filmog\u00e8ne. La vitamine PP, le gluconate de zinc et la 5-oxo-L-protine de magn\u00e9sium sont des actifs fortifiants indispensables \u00e0 la croissance des cheveux. Les agents d\u00e9m\u00ealants et anti calcaire facilitent le coiffage. Sa base lavante d&rsquo;origine v\u00e9g\u00e9tale nettoie en douceur.<br \/>\nConseils d&rsquo;utilisation<br \/>\n&#8211; Appliquer sur les cheveux pr\u00e9alablement mouill\u00e9s<br \/>\n&#8211; Masser d\u00e9licatement le cuir chevelu<br \/>\n&#8211; Laisser agir quelques minutes<br \/>\n&#8211; Renouveler l&rsquo;application aussi souvent que n\u00e9cessaire<\/p>\n","protected":false},"excerpt":{"rendered":"<p>Description: Le shampooing\u00a0Ecophane\u00a0a \u00e9t\u00e9 formul\u00e9 pour fortifier et tonifier les cheveux fragiles, fins, mous, ternes. Il contient un hydrolysat de<\/p>\n","protected":false},"featured_media":18184,"comment_status":"open","ping_status":"closed","template":"","meta":[],"product_brand":[292],"product_cat":[316],"product_tag":[],"class_list":{"0":"post-18151","1":"product","2":"type-product","3":"status-publish","4":"has-post-thumbnail","6":"product_brand-biorga","7":"product_cat-shampoings-soins-des-cheveux-cheveux","9":"first","10":"instock","11":"sale","12":"shipping-taxable","13":"purchasable","14":"product-type-simple"},"yoast_head":"<!-- This site is optimized with the Yoast SEO plugin v26.6 - https:\/\/yoast.com\/wordpress\/plugins\/seo\/ -->\r\n<title>BIORGA ECOPHANE SHAMPOOING ULTRA DOUX CUIRS CHEVELUS SENSIBLES 500 ML - Paracherkaoui.ma<\/title>\r\n<meta name=\"robots\" content=\"index, follow, max-snippet:-1, max-image-preview:large, max-video-preview:-1\" \/>\r\n<link rel=\"canonical\" href=\"https:\/\/paracherkaoui.ma\/index.php\/produit\/biorga-ecophane-shampooing-ultra-doux-cuirs-chevelus-sensibles-500-ml\/\" \/>\r\n<meta property=\"og:locale\" content=\"fr_FR\" \/>\r\n<meta property=\"og:type\" content=\"article\" \/>\r\n<meta property=\"og:title\" content=\"BIORGA ECOPHANE SHAMPOOING ULTRA DOUX CUIRS CHEVELUS SENSIBLES 500 ML - Paracherkaoui.ma\" \/>\r\n<meta property=\"og:description\" content=\"Description: Le shampooing\u00a0Ecophane\u00a0a \u00e9t\u00e9 formul\u00e9 pour fortifier et tonifier les cheveux fragiles, fins, mous, ternes. Il contient un hydrolysat de\" \/>\r\n<meta property=\"og:url\" content=\"https:\/\/paracherkaoui.ma\/index.php\/produit\/biorga-ecophane-shampooing-ultra-doux-cuirs-chevelus-sensibles-500-ml\/\" \/>\r\n<meta property=\"og:site_name\" content=\"Paracherkaoui.ma\" \/>\r\n<meta property=\"article:modified_time\" content=\"2025-12-12T17:00:48+00:00\" \/>\r\n<meta property=\"og:image\" content=\"https:\/\/paracherkaoui.ma\/wp-content\/uploads\/2025\/12\/biorga-biorga-ecophane-shampooing-ultra-doux-cuirs-chevelus-sensibles-500-ml-shampoings-usage-frequent.jpg\" \/>\r\n\t<meta property=\"og:image:width\" content=\"700\" \/>\r\n\t<meta property=\"og:image:height\" content=\"700\" \/>\r\n\t<meta property=\"og:image:type\" content=\"image\/jpeg\" \/>\r\n<meta name=\"twitter:card\" content=\"summary_large_image\" \/>\r\n<meta name=\"twitter:label1\" content=\"Dur\u00e9e de lecture estim\u00e9e\" \/>\n\t<meta name=\"twitter:data1\" content=\"1 minute\" \/>\r\n<script type=\"application\/ld+json\" class=\"yoast-schema-graph\">{\"@context\":\"https:\/\/schema.org\",\"@graph\":[{\"@type\":\"WebPage\",\"@id\":\"https:\/\/paracherkaoui.ma\/index.php\/produit\/biorga-ecophane-shampooing-ultra-doux-cuirs-chevelus-sensibles-500-ml\/\",\"url\":\"https:\/\/paracherkaoui.ma\/index.php\/produit\/biorga-ecophane-shampooing-ultra-doux-cuirs-chevelus-sensibles-500-ml\/\",\"name\":\"BIORGA ECOPHANE SHAMPOOING ULTRA DOUX CUIRS CHEVELUS SENSIBLES 500 ML - Paracherkaoui.ma\",\"isPartOf\":{\"@id\":\"https:\/\/paracherkaoui.ma\/#website\"},\"primaryImageOfPage\":{\"@id\":\"https:\/\/paracherkaoui.ma\/index.php\/produit\/biorga-ecophane-shampooing-ultra-doux-cuirs-chevelus-sensibles-500-ml\/#primaryimage\"},\"image\":{\"@id\":\"https:\/\/paracherkaoui.ma\/index.php\/produit\/biorga-ecophane-shampooing-ultra-doux-cuirs-chevelus-sensibles-500-ml\/#primaryimage\"},\"thumbnailUrl\":\"https:\/\/paracherkaoui.ma\/wp-content\/uploads\/2025\/12\/biorga-biorga-ecophane-shampooing-ultra-doux-cuirs-chevelus-sensibles-500-ml-shampoings-usage-frequent.jpg\",\"datePublished\":\"2025-12-12T17:00:45+00:00\",\"dateModified\":\"2025-12-12T17:00:48+00:00\",\"breadcrumb\":{\"@id\":\"https:\/\/paracherkaoui.ma\/index.php\/produit\/biorga-ecophane-shampooing-ultra-doux-cuirs-chevelus-sensibles-500-ml\/#breadcrumb\"},\"inLanguage\":\"fr-FR\",\"potentialAction\":[{\"@type\":\"ReadAction\",\"target\":[\"https:\/\/paracherkaoui.ma\/index.php\/produit\/biorga-ecophane-shampooing-ultra-doux-cuirs-chevelus-sensibles-500-ml\/\"]}]},{\"@type\":\"ImageObject\",\"inLanguage\":\"fr-FR\",\"@id\":\"https:\/\/paracherkaoui.ma\/index.php\/produit\/biorga-ecophane-shampooing-ultra-doux-cuirs-chevelus-sensibles-500-ml\/#primaryimage\",\"url\":\"https:\/\/paracherkaoui.ma\/wp-content\/uploads\/2025\/12\/biorga-biorga-ecophane-shampooing-ultra-doux-cuirs-chevelus-sensibles-500-ml-shampoings-usage-frequent.jpg\",\"contentUrl\":\"https:\/\/paracherkaoui.ma\/wp-content\/uploads\/2025\/12\/biorga-biorga-ecophane-shampooing-ultra-doux-cuirs-chevelus-sensibles-500-ml-shampoings-usage-frequent.jpg\",\"width\":700,\"height\":700},{\"@type\":\"BreadcrumbList\",\"@id\":\"https:\/\/paracherkaoui.ma\/index.php\/produit\/biorga-ecophane-shampooing-ultra-doux-cuirs-chevelus-sensibles-500-ml\/#breadcrumb\",\"itemListElement\":[{\"@type\":\"ListItem\",\"position\":1,\"name\":\"Accueil\",\"item\":\"https:\/\/paracherkaoui.ma\/\"},{\"@type\":\"ListItem\",\"position\":2,\"name\":\"Boutique\",\"item\":\"https:\/\/paracherkaoui.ma\/index.php\/boutique\/\"},{\"@type\":\"ListItem\",\"position\":3,\"name\":\"BIORGA ECOPHANE SHAMPOOING ULTRA DOUX CUIRS CHEVELUS SENSIBLES 500 ML\"}]},{\"@type\":\"WebSite\",\"@id\":\"https:\/\/paracherkaoui.ma\/#website\",\"url\":\"https:\/\/paracherkaoui.ma\/\",\"name\":\"Paracherkaoui.ma\",\"description\":\"Achetez en ligne sur Paracherkaoui.ma\",\"potentialAction\":[{\"@type\":\"SearchAction\",\"target\":{\"@type\":\"EntryPoint\",\"urlTemplate\":\"https:\/\/paracherkaoui.ma\/?s={search_term_string}\"},\"query-input\":{\"@type\":\"PropertyValueSpecification\",\"valueRequired\":true,\"valueName\":\"search_term_string\"}}],\"inLanguage\":\"fr-FR\"}]}<\/script>\r\n<!-- \/ Yoast SEO plugin. -->","yoast_head_json":{"title":"BIORGA ECOPHANE SHAMPOOING ULTRA DOUX CUIRS CHEVELUS SENSIBLES 500 ML - Paracherkaoui.ma","robots":{"index":"index","follow":"follow","max-snippet":"max-snippet:-1","max-image-preview":"max-image-preview:large","max-video-preview":"max-video-preview:-1"},"canonical":"https:\/\/paracherkaoui.ma\/index.php\/produit\/biorga-ecophane-shampooing-ultra-doux-cuirs-chevelus-sensibles-500-ml\/","og_locale":"fr_FR","og_type":"article","og_title":"BIORGA ECOPHANE SHAMPOOING ULTRA DOUX CUIRS CHEVELUS SENSIBLES 500 ML - Paracherkaoui.ma","og_description":"Description: Le shampooing\u00a0Ecophane\u00a0a \u00e9t\u00e9 formul\u00e9 pour fortifier et tonifier les cheveux fragiles, fins, mous, ternes. Il contient un hydrolysat de","og_url":"https:\/\/paracherkaoui.ma\/index.php\/produit\/biorga-ecophane-shampooing-ultra-doux-cuirs-chevelus-sensibles-500-ml\/","og_site_name":"Paracherkaoui.ma","article_modified_time":"2025-12-12T17:00:48+00:00","og_image":[{"width":700,"height":700,"url":"https:\/\/paracherkaoui.ma\/wp-content\/uploads\/2025\/12\/biorga-biorga-ecophane-shampooing-ultra-doux-cuirs-chevelus-sensibles-500-ml-shampoings-usage-frequent.jpg","type":"image\/jpeg"}],"twitter_card":"summary_large_image","twitter_misc":{"Dur\u00e9e de lecture estim\u00e9e":"1 minute"},"schema":{"@context":"https:\/\/schema.org","@graph":[{"@type":"WebPage","@id":"https:\/\/paracherkaoui.ma\/index.php\/produit\/biorga-ecophane-shampooing-ultra-doux-cuirs-chevelus-sensibles-500-ml\/","url":"https:\/\/paracherkaoui.ma\/index.php\/produit\/biorga-ecophane-shampooing-ultra-doux-cuirs-chevelus-sensibles-500-ml\/","name":"BIORGA ECOPHANE SHAMPOOING ULTRA DOUX CUIRS CHEVELUS SENSIBLES 500 ML - Paracherkaoui.ma","isPartOf":{"@id":"https:\/\/paracherkaoui.ma\/#website"},"primaryImageOfPage":{"@id":"https:\/\/paracherkaoui.ma\/index.php\/produit\/biorga-ecophane-shampooing-ultra-doux-cuirs-chevelus-sensibles-500-ml\/#primaryimage"},"image":{"@id":"https:\/\/paracherkaoui.ma\/index.php\/produit\/biorga-ecophane-shampooing-ultra-doux-cuirs-chevelus-sensibles-500-ml\/#primaryimage"},"thumbnailUrl":"https:\/\/paracherkaoui.ma\/wp-content\/uploads\/2025\/12\/biorga-biorga-ecophane-shampooing-ultra-doux-cuirs-chevelus-sensibles-500-ml-shampoings-usage-frequent.jpg","datePublished":"2025-12-12T17:00:45+00:00","dateModified":"2025-12-12T17:00:48+00:00","breadcrumb":{"@id":"https:\/\/paracherkaoui.ma\/index.php\/produit\/biorga-ecophane-shampooing-ultra-doux-cuirs-chevelus-sensibles-500-ml\/#breadcrumb"},"inLanguage":"fr-FR","potentialAction":[{"@type":"ReadAction","target":["https:\/\/paracherkaoui.ma\/index.php\/produit\/biorga-ecophane-shampooing-ultra-doux-cuirs-chevelus-sensibles-500-ml\/"]}]},{"@type":"ImageObject","inLanguage":"fr-FR","@id":"https:\/\/paracherkaoui.ma\/index.php\/produit\/biorga-ecophane-shampooing-ultra-doux-cuirs-chevelus-sensibles-500-ml\/#primaryimage","url":"https:\/\/paracherkaoui.ma\/wp-content\/uploads\/2025\/12\/biorga-biorga-ecophane-shampooing-ultra-doux-cuirs-chevelus-sensibles-500-ml-shampoings-usage-frequent.jpg","contentUrl":"https:\/\/paracherkaoui.ma\/wp-content\/uploads\/2025\/12\/biorga-biorga-ecophane-shampooing-ultra-doux-cuirs-chevelus-sensibles-500-ml-shampoings-usage-frequent.jpg","width":700,"height":700},{"@type":"BreadcrumbList","@id":"https:\/\/paracherkaoui.ma\/index.php\/produit\/biorga-ecophane-shampooing-ultra-doux-cuirs-chevelus-sensibles-500-ml\/#breadcrumb","itemListElement":[{"@type":"ListItem","position":1,"name":"Accueil","item":"https:\/\/paracherkaoui.ma\/"},{"@type":"ListItem","position":2,"name":"Boutique","item":"https:\/\/paracherkaoui.ma\/index.php\/boutique\/"},{"@type":"ListItem","position":3,"name":"BIORGA ECOPHANE SHAMPOOING ULTRA DOUX CUIRS CHEVELUS SENSIBLES 500 ML"}]},{"@type":"WebSite","@id":"https:\/\/paracherkaoui.ma\/#website","url":"https:\/\/paracherkaoui.ma\/","name":"Paracherkaoui.ma","description":"Achetez en ligne sur Paracherkaoui.ma","potentialAction":[{"@type":"SearchAction","target":{"@type":"EntryPoint","urlTemplate":"https:\/\/paracherkaoui.ma\/?s={search_term_string}"},"query-input":{"@type":"PropertyValueSpecification","valueRequired":true,"valueName":"search_term_string"}}],"inLanguage":"fr-FR"}]}},"_links":{"self":[{"href":"https:\/\/paracherkaoui.ma\/index.php\/wp-json\/wp\/v2\/product\/18151","targetHints":{"allow":["GET"]}}],"collection":[{"href":"https:\/\/paracherkaoui.ma\/index.php\/wp-json\/wp\/v2\/product"}],"about":[{"href":"https:\/\/paracherkaoui.ma\/index.php\/wp-json\/wp\/v2\/types\/product"}],"replies":[{"embeddable":true,"href":"https:\/\/paracherkaoui.ma\/index.php\/wp-json\/wp\/v2\/comments?post=18151"}],"version-history":[{"count":1,"href":"https:\/\/paracherkaoui.ma\/index.php\/wp-json\/wp\/v2\/product\/18151\/revisions"}],"predecessor-version":[{"id":18185,"href":"https:\/\/paracherkaoui.ma\/index.php\/wp-json\/wp\/v2\/product\/18151\/revisions\/18185"}],"wp:featuredmedia":[{"embeddable":true,"href":"https:\/\/paracherkaoui.ma\/index.php\/wp-json\/wp\/v2\/media\/18184"}],"wp:attachment":[{"href":"https:\/\/paracherkaoui.ma\/index.php\/wp-json\/wp\/v2\/media?parent=18151"}],"wp:term":[{"taxonomy":"product_brand","embeddable":true,"href":"https:\/\/paracherkaoui.ma\/index.php\/wp-json\/wp\/v2\/product_brand?post=18151"},{"taxonomy":"product_cat","embeddable":true,"href":"https:\/\/paracherkaoui.ma\/index.php\/wp-json\/wp\/v2\/product_cat?post=18151"},{"taxonomy":"product_tag","embeddable":true,"href":"https:\/\/paracherkaoui.ma\/index.php\/wp-json\/wp\/v2\/product_tag?post=18151"}],"curies":[{"name":"wp","href":"https:\/\/api.w.org\/{rel}","templated":true}]}}