{"id":18077,"date":"2025-12-12T18:00:38","date_gmt":"2025-12-12T17:00:38","guid":{"rendered":"https:\/\/test.ecbeaute.com\/?post_type=product&#038;p=18077"},"modified":"2025-12-12T18:00:43","modified_gmt":"2025-12-12T17:00:43","slug":"biokera-nature-shampoing-anti-chute-1000ml","status":"publish","type":"product","link":"https:\/\/paracherkaoui.ma\/index.php\/produit\/biokera-nature-shampoing-anti-chute-1000ml\/","title":{"rendered":"BIOKERA NATURE SHAMPOING ANTI CHUTE 1000ML"},"content":{"rendered":"<p>Description:<br \/>\nStimule la r\u00e9g\u00e9n\u00e9ration des cheveux Nutrition et vitalit\u00e9. L\u2019\u00e9paississement du shampooing est un traitement sp\u00e9cifique qui aide \u00e0 normaliser le cycle de croissance des cheveux et \u00e0 pr\u00e9venir l\u2019\u00e9claircie. Sa formule contenant du ginseng et de l\u2019extrait de Ginkgo Biloba stimule la r\u00e9g\u00e9n\u00e9ration et la revitalisation des cheveux. L\u2019\u00e9paississement du shampooing pr\u00e9pare le cuir chevelu pour l\u2019action des autres produits dans la m\u00eame gamme.<br \/>\nConseils d&rsquo;utilisations:<br \/>\nMouillez les cheveux avec de l\u2019eau chaude et appliquez le shampooing \u00e9paississant en vous assurant qu\u2019il est uniform\u00e9ment distribu\u00e9 partout. Rincez et r\u00e9p\u00e9tez. Laisser travailler pendant quelques minutes puis rincer \u00e0 l\u2019eau chaude.<\/p>\n","protected":false},"excerpt":{"rendered":"<p>Description: Stimule la r\u00e9g\u00e9n\u00e9ration des cheveux Nutrition et vitalit\u00e9. L\u2019\u00e9paississement du shampooing est un traitement sp\u00e9cifique qui aide \u00e0 normaliser<\/p>\n","protected":false},"featured_media":18126,"comment_status":"open","ping_status":"closed","template":"","meta":[],"product_brand":[191],"product_cat":[316],"product_tag":[],"class_list":{"0":"post-18077","1":"product","2":"type-product","3":"status-publish","4":"has-post-thumbnail","6":"product_brand-biokera","7":"product_cat-shampoings-soins-des-cheveux-cheveux","9":"first","10":"instock","11":"sale","12":"shipping-taxable","13":"purchasable","14":"product-type-simple"},"yoast_head":"<!-- This site is optimized with the Yoast SEO plugin v26.6 - https:\/\/yoast.com\/wordpress\/plugins\/seo\/ -->\r\n<title>BIOKERA NATURE SHAMPOING ANTI CHUTE 1000ML - Paracherkaoui.ma<\/title>\r\n<meta name=\"robots\" content=\"index, follow, max-snippet:-1, max-image-preview:large, max-video-preview:-1\" \/>\r\n<link rel=\"canonical\" href=\"https:\/\/paracherkaoui.ma\/index.php\/produit\/biokera-nature-shampoing-anti-chute-1000ml\/\" \/>\r\n<meta property=\"og:locale\" content=\"fr_FR\" \/>\r\n<meta property=\"og:type\" content=\"article\" \/>\r\n<meta property=\"og:title\" content=\"BIOKERA NATURE SHAMPOING ANTI CHUTE 1000ML - Paracherkaoui.ma\" \/>\r\n<meta property=\"og:description\" content=\"Description: Stimule la r\u00e9g\u00e9n\u00e9ration des cheveux Nutrition et vitalit\u00e9. L\u2019\u00e9paississement du shampooing est un traitement sp\u00e9cifique qui aide \u00e0 normaliser\" \/>\r\n<meta property=\"og:url\" content=\"https:\/\/paracherkaoui.ma\/index.php\/produit\/biokera-nature-shampoing-anti-chute-1000ml\/\" \/>\r\n<meta property=\"og:site_name\" content=\"Paracherkaoui.ma\" \/>\r\n<meta property=\"article:modified_time\" content=\"2025-12-12T17:00:43+00:00\" \/>\r\n<meta property=\"og:image\" content=\"https:\/\/paracherkaoui.ma\/wp-content\/uploads\/2025\/12\/biokera-biokera-nature-shampoing-anti-chute-1000ml-shampoings-anti-chute.jpg\" \/>\r\n\t<meta property=\"og:image:width\" content=\"700\" \/>\r\n\t<meta property=\"og:image:height\" content=\"700\" \/>\r\n\t<meta property=\"og:image:type\" content=\"image\/jpeg\" \/>\r\n<meta name=\"twitter:card\" content=\"summary_large_image\" \/>\r\n<meta name=\"twitter:label1\" content=\"Dur\u00e9e de lecture estim\u00e9e\" \/>\n\t<meta name=\"twitter:data1\" content=\"1 minute\" \/>\r\n<script type=\"application\/ld+json\" class=\"yoast-schema-graph\">{\"@context\":\"https:\/\/schema.org\",\"@graph\":[{\"@type\":\"WebPage\",\"@id\":\"https:\/\/paracherkaoui.ma\/index.php\/produit\/biokera-nature-shampoing-anti-chute-1000ml\/\",\"url\":\"https:\/\/paracherkaoui.ma\/index.php\/produit\/biokera-nature-shampoing-anti-chute-1000ml\/\",\"name\":\"BIOKERA NATURE SHAMPOING ANTI CHUTE 1000ML - Paracherkaoui.ma\",\"isPartOf\":{\"@id\":\"https:\/\/paracherkaoui.ma\/#website\"},\"primaryImageOfPage\":{\"@id\":\"https:\/\/paracherkaoui.ma\/index.php\/produit\/biokera-nature-shampoing-anti-chute-1000ml\/#primaryimage\"},\"image\":{\"@id\":\"https:\/\/paracherkaoui.ma\/index.php\/produit\/biokera-nature-shampoing-anti-chute-1000ml\/#primaryimage\"},\"thumbnailUrl\":\"https:\/\/paracherkaoui.ma\/wp-content\/uploads\/2025\/12\/biokera-biokera-nature-shampoing-anti-chute-1000ml-shampoings-anti-chute.jpg\",\"datePublished\":\"2025-12-12T17:00:38+00:00\",\"dateModified\":\"2025-12-12T17:00:43+00:00\",\"breadcrumb\":{\"@id\":\"https:\/\/paracherkaoui.ma\/index.php\/produit\/biokera-nature-shampoing-anti-chute-1000ml\/#breadcrumb\"},\"inLanguage\":\"fr-FR\",\"potentialAction\":[{\"@type\":\"ReadAction\",\"target\":[\"https:\/\/paracherkaoui.ma\/index.php\/produit\/biokera-nature-shampoing-anti-chute-1000ml\/\"]}]},{\"@type\":\"ImageObject\",\"inLanguage\":\"fr-FR\",\"@id\":\"https:\/\/paracherkaoui.ma\/index.php\/produit\/biokera-nature-shampoing-anti-chute-1000ml\/#primaryimage\",\"url\":\"https:\/\/paracherkaoui.ma\/wp-content\/uploads\/2025\/12\/biokera-biokera-nature-shampoing-anti-chute-1000ml-shampoings-anti-chute.jpg\",\"contentUrl\":\"https:\/\/paracherkaoui.ma\/wp-content\/uploads\/2025\/12\/biokera-biokera-nature-shampoing-anti-chute-1000ml-shampoings-anti-chute.jpg\",\"width\":700,\"height\":700},{\"@type\":\"BreadcrumbList\",\"@id\":\"https:\/\/paracherkaoui.ma\/index.php\/produit\/biokera-nature-shampoing-anti-chute-1000ml\/#breadcrumb\",\"itemListElement\":[{\"@type\":\"ListItem\",\"position\":1,\"name\":\"Accueil\",\"item\":\"https:\/\/paracherkaoui.ma\/\"},{\"@type\":\"ListItem\",\"position\":2,\"name\":\"Boutique\",\"item\":\"https:\/\/paracherkaoui.ma\/index.php\/boutique\/\"},{\"@type\":\"ListItem\",\"position\":3,\"name\":\"BIOKERA NATURE SHAMPOING ANTI CHUTE 1000ML\"}]},{\"@type\":\"WebSite\",\"@id\":\"https:\/\/paracherkaoui.ma\/#website\",\"url\":\"https:\/\/paracherkaoui.ma\/\",\"name\":\"Paracherkaoui.ma\",\"description\":\"Achetez en ligne sur Paracherkaoui.ma\",\"potentialAction\":[{\"@type\":\"SearchAction\",\"target\":{\"@type\":\"EntryPoint\",\"urlTemplate\":\"https:\/\/paracherkaoui.ma\/?s={search_term_string}\"},\"query-input\":{\"@type\":\"PropertyValueSpecification\",\"valueRequired\":true,\"valueName\":\"search_term_string\"}}],\"inLanguage\":\"fr-FR\"}]}<\/script>\r\n<!-- \/ Yoast SEO plugin. -->","yoast_head_json":{"title":"BIOKERA NATURE SHAMPOING ANTI CHUTE 1000ML - Paracherkaoui.ma","robots":{"index":"index","follow":"follow","max-snippet":"max-snippet:-1","max-image-preview":"max-image-preview:large","max-video-preview":"max-video-preview:-1"},"canonical":"https:\/\/paracherkaoui.ma\/index.php\/produit\/biokera-nature-shampoing-anti-chute-1000ml\/","og_locale":"fr_FR","og_type":"article","og_title":"BIOKERA NATURE SHAMPOING ANTI CHUTE 1000ML - Paracherkaoui.ma","og_description":"Description: Stimule la r\u00e9g\u00e9n\u00e9ration des cheveux Nutrition et vitalit\u00e9. L\u2019\u00e9paississement du shampooing est un traitement sp\u00e9cifique qui aide \u00e0 normaliser","og_url":"https:\/\/paracherkaoui.ma\/index.php\/produit\/biokera-nature-shampoing-anti-chute-1000ml\/","og_site_name":"Paracherkaoui.ma","article_modified_time":"2025-12-12T17:00:43+00:00","og_image":[{"width":700,"height":700,"url":"https:\/\/paracherkaoui.ma\/wp-content\/uploads\/2025\/12\/biokera-biokera-nature-shampoing-anti-chute-1000ml-shampoings-anti-chute.jpg","type":"image\/jpeg"}],"twitter_card":"summary_large_image","twitter_misc":{"Dur\u00e9e de lecture estim\u00e9e":"1 minute"},"schema":{"@context":"https:\/\/schema.org","@graph":[{"@type":"WebPage","@id":"https:\/\/paracherkaoui.ma\/index.php\/produit\/biokera-nature-shampoing-anti-chute-1000ml\/","url":"https:\/\/paracherkaoui.ma\/index.php\/produit\/biokera-nature-shampoing-anti-chute-1000ml\/","name":"BIOKERA NATURE SHAMPOING ANTI CHUTE 1000ML - Paracherkaoui.ma","isPartOf":{"@id":"https:\/\/paracherkaoui.ma\/#website"},"primaryImageOfPage":{"@id":"https:\/\/paracherkaoui.ma\/index.php\/produit\/biokera-nature-shampoing-anti-chute-1000ml\/#primaryimage"},"image":{"@id":"https:\/\/paracherkaoui.ma\/index.php\/produit\/biokera-nature-shampoing-anti-chute-1000ml\/#primaryimage"},"thumbnailUrl":"https:\/\/paracherkaoui.ma\/wp-content\/uploads\/2025\/12\/biokera-biokera-nature-shampoing-anti-chute-1000ml-shampoings-anti-chute.jpg","datePublished":"2025-12-12T17:00:38+00:00","dateModified":"2025-12-12T17:00:43+00:00","breadcrumb":{"@id":"https:\/\/paracherkaoui.ma\/index.php\/produit\/biokera-nature-shampoing-anti-chute-1000ml\/#breadcrumb"},"inLanguage":"fr-FR","potentialAction":[{"@type":"ReadAction","target":["https:\/\/paracherkaoui.ma\/index.php\/produit\/biokera-nature-shampoing-anti-chute-1000ml\/"]}]},{"@type":"ImageObject","inLanguage":"fr-FR","@id":"https:\/\/paracherkaoui.ma\/index.php\/produit\/biokera-nature-shampoing-anti-chute-1000ml\/#primaryimage","url":"https:\/\/paracherkaoui.ma\/wp-content\/uploads\/2025\/12\/biokera-biokera-nature-shampoing-anti-chute-1000ml-shampoings-anti-chute.jpg","contentUrl":"https:\/\/paracherkaoui.ma\/wp-content\/uploads\/2025\/12\/biokera-biokera-nature-shampoing-anti-chute-1000ml-shampoings-anti-chute.jpg","width":700,"height":700},{"@type":"BreadcrumbList","@id":"https:\/\/paracherkaoui.ma\/index.php\/produit\/biokera-nature-shampoing-anti-chute-1000ml\/#breadcrumb","itemListElement":[{"@type":"ListItem","position":1,"name":"Accueil","item":"https:\/\/paracherkaoui.ma\/"},{"@type":"ListItem","position":2,"name":"Boutique","item":"https:\/\/paracherkaoui.ma\/index.php\/boutique\/"},{"@type":"ListItem","position":3,"name":"BIOKERA NATURE SHAMPOING ANTI CHUTE 1000ML"}]},{"@type":"WebSite","@id":"https:\/\/paracherkaoui.ma\/#website","url":"https:\/\/paracherkaoui.ma\/","name":"Paracherkaoui.ma","description":"Achetez en ligne sur Paracherkaoui.ma","potentialAction":[{"@type":"SearchAction","target":{"@type":"EntryPoint","urlTemplate":"https:\/\/paracherkaoui.ma\/?s={search_term_string}"},"query-input":{"@type":"PropertyValueSpecification","valueRequired":true,"valueName":"search_term_string"}}],"inLanguage":"fr-FR"}]}},"_links":{"self":[{"href":"https:\/\/paracherkaoui.ma\/index.php\/wp-json\/wp\/v2\/product\/18077","targetHints":{"allow":["GET"]}}],"collection":[{"href":"https:\/\/paracherkaoui.ma\/index.php\/wp-json\/wp\/v2\/product"}],"about":[{"href":"https:\/\/paracherkaoui.ma\/index.php\/wp-json\/wp\/v2\/types\/product"}],"replies":[{"embeddable":true,"href":"https:\/\/paracherkaoui.ma\/index.php\/wp-json\/wp\/v2\/comments?post=18077"}],"version-history":[{"count":1,"href":"https:\/\/paracherkaoui.ma\/index.php\/wp-json\/wp\/v2\/product\/18077\/revisions"}],"predecessor-version":[{"id":18127,"href":"https:\/\/paracherkaoui.ma\/index.php\/wp-json\/wp\/v2\/product\/18077\/revisions\/18127"}],"wp:featuredmedia":[{"embeddable":true,"href":"https:\/\/paracherkaoui.ma\/index.php\/wp-json\/wp\/v2\/media\/18126"}],"wp:attachment":[{"href":"https:\/\/paracherkaoui.ma\/index.php\/wp-json\/wp\/v2\/media?parent=18077"}],"wp:term":[{"taxonomy":"product_brand","embeddable":true,"href":"https:\/\/paracherkaoui.ma\/index.php\/wp-json\/wp\/v2\/product_brand?post=18077"},{"taxonomy":"product_cat","embeddable":true,"href":"https:\/\/paracherkaoui.ma\/index.php\/wp-json\/wp\/v2\/product_cat?post=18077"},{"taxonomy":"product_tag","embeddable":true,"href":"https:\/\/paracherkaoui.ma\/index.php\/wp-json\/wp\/v2\/product_tag?post=18077"}],"curies":[{"name":"wp","href":"https:\/\/api.w.org\/{rel}","templated":true}]}}