{"id":17986,"date":"2025-12-12T18:00:32","date_gmt":"2025-12-12T17:00:32","guid":{"rendered":"https:\/\/test.ecbeaute.com\/?post_type=product&#038;p=17986"},"modified":"2025-12-12T18:00:34","modified_gmt":"2025-12-12T17:00:34","slug":"cattier-shampooing-antipelliculaire-bois-de-saule-250-ml","status":"publish","type":"product","link":"https:\/\/paracherkaoui.ma\/index.php\/produit\/cattier-shampooing-antipelliculaire-bois-de-saule-250-ml\/","title":{"rendered":"CATTIER SHAMPOOING ANTIPELLICULAIRE BOIS DE SAULE 250 ML"},"content":{"rendered":"<p>Le Shampooing Cattier au Bois de Saule \u00e9limine durablement les pellicules et pr\u00e9vient les irritations, pour un cuir chevelu assaini, apais\u00e9, qui retrouve son \u00e9quilibre naturel. Riche en prot\u00e9ines de bl\u00e9 de composition proche de celle des prot\u00e9ines de k\u00e9ratine des cheveux, il nourrit et fortifie les cheveux d\u00e8s la racine et facilite leur d\u00e9m\u00ealage. Des huiles essentielles, s\u00e9lectionn\u00e9es avec le plus grand soin, ont \u00e9t\u00e9 ajout\u00e9es pour parfaire le lavage et parfumer d\u00e9licatement les cheveux.<br \/>\nFlacon 250ml + capsule service.<br \/>\nAppliquez sur cheveux mouill\u00e9s et faites mousser en massant doucement. Laissez agir quelques instants puis rincez abondamment \u00e0 l&rsquo;eau ti\u00e8de.<br \/>\nEn cas de contact avec les yeux, rincez abondamment \u00e0 l&rsquo;eau claire.<\/p>\n","protected":false},"excerpt":{"rendered":"<p>Le Shampooing Cattier au Bois de Saule \u00e9limine durablement les pellicules et pr\u00e9vient les irritations, pour un cuir chevelu assaini,<\/p>\n","protected":false},"featured_media":18029,"comment_status":"open","ping_status":"closed","template":"","meta":[],"product_brand":[187],"product_cat":[316],"product_tag":[],"class_list":{"0":"post-17986","1":"product","2":"type-product","3":"status-publish","4":"has-post-thumbnail","6":"product_brand-cattier","7":"product_cat-shampoings-soins-des-cheveux-cheveux","9":"first","10":"instock","11":"shipping-taxable","12":"purchasable","13":"product-type-simple"},"yoast_head":"<!-- This site is optimized with the Yoast SEO plugin v26.6 - https:\/\/yoast.com\/wordpress\/plugins\/seo\/ -->\r\n<title>CATTIER SHAMPOOING ANTIPELLICULAIRE BOIS DE SAULE 250 ML - Paracherkaoui.ma<\/title>\r\n<meta name=\"robots\" content=\"index, follow, max-snippet:-1, max-image-preview:large, max-video-preview:-1\" \/>\r\n<link rel=\"canonical\" href=\"https:\/\/paracherkaoui.ma\/index.php\/produit\/cattier-shampooing-antipelliculaire-bois-de-saule-250-ml\/\" \/>\r\n<meta property=\"og:locale\" content=\"fr_FR\" \/>\r\n<meta property=\"og:type\" content=\"article\" \/>\r\n<meta property=\"og:title\" content=\"CATTIER SHAMPOOING ANTIPELLICULAIRE BOIS DE SAULE 250 ML - Paracherkaoui.ma\" \/>\r\n<meta property=\"og:description\" content=\"Le Shampooing Cattier au Bois de Saule \u00e9limine durablement les pellicules et pr\u00e9vient les irritations, pour un cuir chevelu assaini,\" \/>\r\n<meta property=\"og:url\" content=\"https:\/\/paracherkaoui.ma\/index.php\/produit\/cattier-shampooing-antipelliculaire-bois-de-saule-250-ml\/\" \/>\r\n<meta property=\"og:site_name\" content=\"Paracherkaoui.ma\" \/>\r\n<meta property=\"article:modified_time\" content=\"2025-12-12T17:00:34+00:00\" \/>\r\n<meta property=\"og:image\" content=\"https:\/\/paracherkaoui.ma\/wp-content\/uploads\/2025\/12\/cattier-shampooing-antipelliculaire-bois-de-saule-250-ml.jpg\" \/>\r\n\t<meta property=\"og:image:width\" content=\"700\" \/>\r\n\t<meta property=\"og:image:height\" content=\"700\" \/>\r\n\t<meta property=\"og:image:type\" content=\"image\/jpeg\" \/>\r\n<meta name=\"twitter:card\" content=\"summary_large_image\" \/>\r\n<meta name=\"twitter:label1\" content=\"Dur\u00e9e de lecture estim\u00e9e\" \/>\n\t<meta name=\"twitter:data1\" content=\"1 minute\" \/>\r\n<script type=\"application\/ld+json\" class=\"yoast-schema-graph\">{\"@context\":\"https:\/\/schema.org\",\"@graph\":[{\"@type\":\"WebPage\",\"@id\":\"https:\/\/paracherkaoui.ma\/index.php\/produit\/cattier-shampooing-antipelliculaire-bois-de-saule-250-ml\/\",\"url\":\"https:\/\/paracherkaoui.ma\/index.php\/produit\/cattier-shampooing-antipelliculaire-bois-de-saule-250-ml\/\",\"name\":\"CATTIER SHAMPOOING ANTIPELLICULAIRE BOIS DE SAULE 250 ML - Paracherkaoui.ma\",\"isPartOf\":{\"@id\":\"https:\/\/paracherkaoui.ma\/#website\"},\"primaryImageOfPage\":{\"@id\":\"https:\/\/paracherkaoui.ma\/index.php\/produit\/cattier-shampooing-antipelliculaire-bois-de-saule-250-ml\/#primaryimage\"},\"image\":{\"@id\":\"https:\/\/paracherkaoui.ma\/index.php\/produit\/cattier-shampooing-antipelliculaire-bois-de-saule-250-ml\/#primaryimage\"},\"thumbnailUrl\":\"https:\/\/paracherkaoui.ma\/wp-content\/uploads\/2025\/12\/cattier-shampooing-antipelliculaire-bois-de-saule-250-ml.jpg\",\"datePublished\":\"2025-12-12T17:00:32+00:00\",\"dateModified\":\"2025-12-12T17:00:34+00:00\",\"breadcrumb\":{\"@id\":\"https:\/\/paracherkaoui.ma\/index.php\/produit\/cattier-shampooing-antipelliculaire-bois-de-saule-250-ml\/#breadcrumb\"},\"inLanguage\":\"fr-FR\",\"potentialAction\":[{\"@type\":\"ReadAction\",\"target\":[\"https:\/\/paracherkaoui.ma\/index.php\/produit\/cattier-shampooing-antipelliculaire-bois-de-saule-250-ml\/\"]}]},{\"@type\":\"ImageObject\",\"inLanguage\":\"fr-FR\",\"@id\":\"https:\/\/paracherkaoui.ma\/index.php\/produit\/cattier-shampooing-antipelliculaire-bois-de-saule-250-ml\/#primaryimage\",\"url\":\"https:\/\/paracherkaoui.ma\/wp-content\/uploads\/2025\/12\/cattier-shampooing-antipelliculaire-bois-de-saule-250-ml.jpg\",\"contentUrl\":\"https:\/\/paracherkaoui.ma\/wp-content\/uploads\/2025\/12\/cattier-shampooing-antipelliculaire-bois-de-saule-250-ml.jpg\",\"width\":700,\"height\":700},{\"@type\":\"BreadcrumbList\",\"@id\":\"https:\/\/paracherkaoui.ma\/index.php\/produit\/cattier-shampooing-antipelliculaire-bois-de-saule-250-ml\/#breadcrumb\",\"itemListElement\":[{\"@type\":\"ListItem\",\"position\":1,\"name\":\"Accueil\",\"item\":\"https:\/\/paracherkaoui.ma\/\"},{\"@type\":\"ListItem\",\"position\":2,\"name\":\"Boutique\",\"item\":\"https:\/\/paracherkaoui.ma\/index.php\/boutique\/\"},{\"@type\":\"ListItem\",\"position\":3,\"name\":\"CATTIER SHAMPOOING ANTIPELLICULAIRE BOIS DE SAULE 250 ML\"}]},{\"@type\":\"WebSite\",\"@id\":\"https:\/\/paracherkaoui.ma\/#website\",\"url\":\"https:\/\/paracherkaoui.ma\/\",\"name\":\"Paracherkaoui.ma\",\"description\":\"Achetez en ligne sur Paracherkaoui.ma\",\"potentialAction\":[{\"@type\":\"SearchAction\",\"target\":{\"@type\":\"EntryPoint\",\"urlTemplate\":\"https:\/\/paracherkaoui.ma\/?s={search_term_string}\"},\"query-input\":{\"@type\":\"PropertyValueSpecification\",\"valueRequired\":true,\"valueName\":\"search_term_string\"}}],\"inLanguage\":\"fr-FR\"}]}<\/script>\r\n<!-- \/ Yoast SEO plugin. -->","yoast_head_json":{"title":"CATTIER SHAMPOOING ANTIPELLICULAIRE BOIS DE SAULE 250 ML - Paracherkaoui.ma","robots":{"index":"index","follow":"follow","max-snippet":"max-snippet:-1","max-image-preview":"max-image-preview:large","max-video-preview":"max-video-preview:-1"},"canonical":"https:\/\/paracherkaoui.ma\/index.php\/produit\/cattier-shampooing-antipelliculaire-bois-de-saule-250-ml\/","og_locale":"fr_FR","og_type":"article","og_title":"CATTIER SHAMPOOING ANTIPELLICULAIRE BOIS DE SAULE 250 ML - Paracherkaoui.ma","og_description":"Le Shampooing Cattier au Bois de Saule \u00e9limine durablement les pellicules et pr\u00e9vient les irritations, pour un cuir chevelu assaini,","og_url":"https:\/\/paracherkaoui.ma\/index.php\/produit\/cattier-shampooing-antipelliculaire-bois-de-saule-250-ml\/","og_site_name":"Paracherkaoui.ma","article_modified_time":"2025-12-12T17:00:34+00:00","og_image":[{"width":700,"height":700,"url":"https:\/\/paracherkaoui.ma\/wp-content\/uploads\/2025\/12\/cattier-shampooing-antipelliculaire-bois-de-saule-250-ml.jpg","type":"image\/jpeg"}],"twitter_card":"summary_large_image","twitter_misc":{"Dur\u00e9e de lecture estim\u00e9e":"1 minute"},"schema":{"@context":"https:\/\/schema.org","@graph":[{"@type":"WebPage","@id":"https:\/\/paracherkaoui.ma\/index.php\/produit\/cattier-shampooing-antipelliculaire-bois-de-saule-250-ml\/","url":"https:\/\/paracherkaoui.ma\/index.php\/produit\/cattier-shampooing-antipelliculaire-bois-de-saule-250-ml\/","name":"CATTIER SHAMPOOING ANTIPELLICULAIRE BOIS DE SAULE 250 ML - Paracherkaoui.ma","isPartOf":{"@id":"https:\/\/paracherkaoui.ma\/#website"},"primaryImageOfPage":{"@id":"https:\/\/paracherkaoui.ma\/index.php\/produit\/cattier-shampooing-antipelliculaire-bois-de-saule-250-ml\/#primaryimage"},"image":{"@id":"https:\/\/paracherkaoui.ma\/index.php\/produit\/cattier-shampooing-antipelliculaire-bois-de-saule-250-ml\/#primaryimage"},"thumbnailUrl":"https:\/\/paracherkaoui.ma\/wp-content\/uploads\/2025\/12\/cattier-shampooing-antipelliculaire-bois-de-saule-250-ml.jpg","datePublished":"2025-12-12T17:00:32+00:00","dateModified":"2025-12-12T17:00:34+00:00","breadcrumb":{"@id":"https:\/\/paracherkaoui.ma\/index.php\/produit\/cattier-shampooing-antipelliculaire-bois-de-saule-250-ml\/#breadcrumb"},"inLanguage":"fr-FR","potentialAction":[{"@type":"ReadAction","target":["https:\/\/paracherkaoui.ma\/index.php\/produit\/cattier-shampooing-antipelliculaire-bois-de-saule-250-ml\/"]}]},{"@type":"ImageObject","inLanguage":"fr-FR","@id":"https:\/\/paracherkaoui.ma\/index.php\/produit\/cattier-shampooing-antipelliculaire-bois-de-saule-250-ml\/#primaryimage","url":"https:\/\/paracherkaoui.ma\/wp-content\/uploads\/2025\/12\/cattier-shampooing-antipelliculaire-bois-de-saule-250-ml.jpg","contentUrl":"https:\/\/paracherkaoui.ma\/wp-content\/uploads\/2025\/12\/cattier-shampooing-antipelliculaire-bois-de-saule-250-ml.jpg","width":700,"height":700},{"@type":"BreadcrumbList","@id":"https:\/\/paracherkaoui.ma\/index.php\/produit\/cattier-shampooing-antipelliculaire-bois-de-saule-250-ml\/#breadcrumb","itemListElement":[{"@type":"ListItem","position":1,"name":"Accueil","item":"https:\/\/paracherkaoui.ma\/"},{"@type":"ListItem","position":2,"name":"Boutique","item":"https:\/\/paracherkaoui.ma\/index.php\/boutique\/"},{"@type":"ListItem","position":3,"name":"CATTIER SHAMPOOING ANTIPELLICULAIRE BOIS DE SAULE 250 ML"}]},{"@type":"WebSite","@id":"https:\/\/paracherkaoui.ma\/#website","url":"https:\/\/paracherkaoui.ma\/","name":"Paracherkaoui.ma","description":"Achetez en ligne sur Paracherkaoui.ma","potentialAction":[{"@type":"SearchAction","target":{"@type":"EntryPoint","urlTemplate":"https:\/\/paracherkaoui.ma\/?s={search_term_string}"},"query-input":{"@type":"PropertyValueSpecification","valueRequired":true,"valueName":"search_term_string"}}],"inLanguage":"fr-FR"}]}},"_links":{"self":[{"href":"https:\/\/paracherkaoui.ma\/index.php\/wp-json\/wp\/v2\/product\/17986","targetHints":{"allow":["GET"]}}],"collection":[{"href":"https:\/\/paracherkaoui.ma\/index.php\/wp-json\/wp\/v2\/product"}],"about":[{"href":"https:\/\/paracherkaoui.ma\/index.php\/wp-json\/wp\/v2\/types\/product"}],"replies":[{"embeddable":true,"href":"https:\/\/paracherkaoui.ma\/index.php\/wp-json\/wp\/v2\/comments?post=17986"}],"version-history":[{"count":1,"href":"https:\/\/paracherkaoui.ma\/index.php\/wp-json\/wp\/v2\/product\/17986\/revisions"}],"predecessor-version":[{"id":18030,"href":"https:\/\/paracherkaoui.ma\/index.php\/wp-json\/wp\/v2\/product\/17986\/revisions\/18030"}],"wp:featuredmedia":[{"embeddable":true,"href":"https:\/\/paracherkaoui.ma\/index.php\/wp-json\/wp\/v2\/media\/18029"}],"wp:attachment":[{"href":"https:\/\/paracherkaoui.ma\/index.php\/wp-json\/wp\/v2\/media?parent=17986"}],"wp:term":[{"taxonomy":"product_brand","embeddable":true,"href":"https:\/\/paracherkaoui.ma\/index.php\/wp-json\/wp\/v2\/product_brand?post=17986"},{"taxonomy":"product_cat","embeddable":true,"href":"https:\/\/paracherkaoui.ma\/index.php\/wp-json\/wp\/v2\/product_cat?post=17986"},{"taxonomy":"product_tag","embeddable":true,"href":"https:\/\/paracherkaoui.ma\/index.php\/wp-json\/wp\/v2\/product_tag?post=17986"}],"curies":[{"name":"wp","href":"https:\/\/api.w.org\/{rel}","templated":true}]}}