{"id":17981,"date":"2025-12-12T18:00:31","date_gmt":"2025-12-12T17:00:31","guid":{"rendered":"https:\/\/test.ecbeaute.com\/?post_type=product&#038;p=17981"},"modified":"2025-12-12T18:00:34","modified_gmt":"2025-12-12T17:00:34","slug":"trikare-c-shampooing-antichute-200ml","status":"publish","type":"product","link":"https:\/\/paracherkaoui.ma\/index.php\/produit\/trikare-c-shampooing-antichute-200ml\/","title":{"rendered":"Trikare C Shampooing antichute 200ml"},"content":{"rendered":"<p>Trikare shampooing C aide \u00e0 nettoyer en douceur tout en luttant contre la chute des cheveux.<br \/>\nCaf\u00e9ine et agents cosm\u00e9tiques (nicotinamide, panth\u00e9nol, pyroctone, olamine et menthol), pour une action anti-chute, revitalisante, protectrice, fortifiante et lissante<br \/>\nNettoie en douceur les cheveux et le cuir chevelu sans nuire<br \/>\nEmp\u00eache et att\u00e9nue la perte de cheveux<br \/>\nRespecte le cuir chevelu<br \/>\nFortifie, revitalise et redonne brillance et volume aux cheveux<br \/>\nId\u00e9al pour les cheveux fins et fragiles ayant tendance \u00e0 tomber ou \u00e0 l&rsquo;alop\u00e9cie androg\u00e9n\u00e9tique<br \/>\nBase de lavage douce<br \/>\nDes cheveux plus forts, plus lisses, volumineux et brillants<br \/>\nAppliquer le Trikare shampooing C sur les cheveux mouill\u00e9s, en massant doucement. Laisser agir quelques minutes avant de rincer abondamment.<\/p>\n","protected":false},"excerpt":{"rendered":"<p>Trikare shampooing C aide \u00e0 nettoyer en douceur tout en luttant contre la chute des cheveux. Caf\u00e9ine et agents cosm\u00e9tiques<\/p>\n","protected":false},"featured_media":18019,"comment_status":"open","ping_status":"closed","template":"","meta":[],"product_brand":[322],"product_cat":[316],"product_tag":[],"class_list":{"0":"post-17981","1":"product","2":"type-product","3":"status-publish","4":"has-post-thumbnail","6":"product_brand-trikare","7":"product_cat-shampoings-soins-des-cheveux-cheveux","9":"first","10":"instock","11":"sale","12":"shipping-taxable","13":"purchasable","14":"product-type-simple"},"yoast_head":"<!-- This site is optimized with the Yoast SEO plugin v26.6 - https:\/\/yoast.com\/wordpress\/plugins\/seo\/ -->\r\n<title>Trikare C Shampooing antichute 200ml - Paracherkaoui.ma<\/title>\r\n<meta name=\"robots\" content=\"index, follow, max-snippet:-1, max-image-preview:large, max-video-preview:-1\" \/>\r\n<link rel=\"canonical\" href=\"https:\/\/paracherkaoui.ma\/index.php\/produit\/trikare-c-shampooing-antichute-200ml\/\" \/>\r\n<meta property=\"og:locale\" content=\"fr_FR\" \/>\r\n<meta property=\"og:type\" content=\"article\" \/>\r\n<meta property=\"og:title\" content=\"Trikare C Shampooing antichute 200ml - Paracherkaoui.ma\" \/>\r\n<meta property=\"og:description\" content=\"Trikare shampooing C aide \u00e0 nettoyer en douceur tout en luttant contre la chute des cheveux. Caf\u00e9ine et agents cosm\u00e9tiques\" \/>\r\n<meta property=\"og:url\" content=\"https:\/\/paracherkaoui.ma\/index.php\/produit\/trikare-c-shampooing-antichute-200ml\/\" \/>\r\n<meta property=\"og:site_name\" content=\"Paracherkaoui.ma\" \/>\r\n<meta property=\"article:modified_time\" content=\"2025-12-12T17:00:34+00:00\" \/>\r\n<meta property=\"og:image\" content=\"https:\/\/paracherkaoui.ma\/wp-content\/uploads\/2025\/12\/trikare-trikare-c-shampooing-antichute-200ml-shampoings-anti-chute.jpg\" \/>\r\n\t<meta property=\"og:image:width\" content=\"700\" \/>\r\n\t<meta property=\"og:image:height\" content=\"700\" \/>\r\n\t<meta property=\"og:image:type\" content=\"image\/jpeg\" \/>\r\n<meta name=\"twitter:card\" content=\"summary_large_image\" \/>\r\n<meta name=\"twitter:label1\" content=\"Dur\u00e9e de lecture estim\u00e9e\" \/>\n\t<meta name=\"twitter:data1\" content=\"1 minute\" \/>\r\n<script type=\"application\/ld+json\" class=\"yoast-schema-graph\">{\"@context\":\"https:\/\/schema.org\",\"@graph\":[{\"@type\":\"WebPage\",\"@id\":\"https:\/\/paracherkaoui.ma\/index.php\/produit\/trikare-c-shampooing-antichute-200ml\/\",\"url\":\"https:\/\/paracherkaoui.ma\/index.php\/produit\/trikare-c-shampooing-antichute-200ml\/\",\"name\":\"Trikare C Shampooing antichute 200ml - Paracherkaoui.ma\",\"isPartOf\":{\"@id\":\"https:\/\/paracherkaoui.ma\/#website\"},\"primaryImageOfPage\":{\"@id\":\"https:\/\/paracherkaoui.ma\/index.php\/produit\/trikare-c-shampooing-antichute-200ml\/#primaryimage\"},\"image\":{\"@id\":\"https:\/\/paracherkaoui.ma\/index.php\/produit\/trikare-c-shampooing-antichute-200ml\/#primaryimage\"},\"thumbnailUrl\":\"https:\/\/paracherkaoui.ma\/wp-content\/uploads\/2025\/12\/trikare-trikare-c-shampooing-antichute-200ml-shampoings-anti-chute.jpg\",\"datePublished\":\"2025-12-12T17:00:31+00:00\",\"dateModified\":\"2025-12-12T17:00:34+00:00\",\"breadcrumb\":{\"@id\":\"https:\/\/paracherkaoui.ma\/index.php\/produit\/trikare-c-shampooing-antichute-200ml\/#breadcrumb\"},\"inLanguage\":\"fr-FR\",\"potentialAction\":[{\"@type\":\"ReadAction\",\"target\":[\"https:\/\/paracherkaoui.ma\/index.php\/produit\/trikare-c-shampooing-antichute-200ml\/\"]}]},{\"@type\":\"ImageObject\",\"inLanguage\":\"fr-FR\",\"@id\":\"https:\/\/paracherkaoui.ma\/index.php\/produit\/trikare-c-shampooing-antichute-200ml\/#primaryimage\",\"url\":\"https:\/\/paracherkaoui.ma\/wp-content\/uploads\/2025\/12\/trikare-trikare-c-shampooing-antichute-200ml-shampoings-anti-chute.jpg\",\"contentUrl\":\"https:\/\/paracherkaoui.ma\/wp-content\/uploads\/2025\/12\/trikare-trikare-c-shampooing-antichute-200ml-shampoings-anti-chute.jpg\",\"width\":700,\"height\":700},{\"@type\":\"BreadcrumbList\",\"@id\":\"https:\/\/paracherkaoui.ma\/index.php\/produit\/trikare-c-shampooing-antichute-200ml\/#breadcrumb\",\"itemListElement\":[{\"@type\":\"ListItem\",\"position\":1,\"name\":\"Accueil\",\"item\":\"https:\/\/paracherkaoui.ma\/\"},{\"@type\":\"ListItem\",\"position\":2,\"name\":\"Boutique\",\"item\":\"https:\/\/paracherkaoui.ma\/index.php\/boutique\/\"},{\"@type\":\"ListItem\",\"position\":3,\"name\":\"Trikare C Shampooing antichute 200ml\"}]},{\"@type\":\"WebSite\",\"@id\":\"https:\/\/paracherkaoui.ma\/#website\",\"url\":\"https:\/\/paracherkaoui.ma\/\",\"name\":\"Paracherkaoui.ma\",\"description\":\"Achetez en ligne sur Paracherkaoui.ma\",\"potentialAction\":[{\"@type\":\"SearchAction\",\"target\":{\"@type\":\"EntryPoint\",\"urlTemplate\":\"https:\/\/paracherkaoui.ma\/?s={search_term_string}\"},\"query-input\":{\"@type\":\"PropertyValueSpecification\",\"valueRequired\":true,\"valueName\":\"search_term_string\"}}],\"inLanguage\":\"fr-FR\"}]}<\/script>\r\n<!-- \/ Yoast SEO plugin. -->","yoast_head_json":{"title":"Trikare C Shampooing antichute 200ml - Paracherkaoui.ma","robots":{"index":"index","follow":"follow","max-snippet":"max-snippet:-1","max-image-preview":"max-image-preview:large","max-video-preview":"max-video-preview:-1"},"canonical":"https:\/\/paracherkaoui.ma\/index.php\/produit\/trikare-c-shampooing-antichute-200ml\/","og_locale":"fr_FR","og_type":"article","og_title":"Trikare C Shampooing antichute 200ml - Paracherkaoui.ma","og_description":"Trikare shampooing C aide \u00e0 nettoyer en douceur tout en luttant contre la chute des cheveux. Caf\u00e9ine et agents cosm\u00e9tiques","og_url":"https:\/\/paracherkaoui.ma\/index.php\/produit\/trikare-c-shampooing-antichute-200ml\/","og_site_name":"Paracherkaoui.ma","article_modified_time":"2025-12-12T17:00:34+00:00","og_image":[{"width":700,"height":700,"url":"https:\/\/paracherkaoui.ma\/wp-content\/uploads\/2025\/12\/trikare-trikare-c-shampooing-antichute-200ml-shampoings-anti-chute.jpg","type":"image\/jpeg"}],"twitter_card":"summary_large_image","twitter_misc":{"Dur\u00e9e de lecture estim\u00e9e":"1 minute"},"schema":{"@context":"https:\/\/schema.org","@graph":[{"@type":"WebPage","@id":"https:\/\/paracherkaoui.ma\/index.php\/produit\/trikare-c-shampooing-antichute-200ml\/","url":"https:\/\/paracherkaoui.ma\/index.php\/produit\/trikare-c-shampooing-antichute-200ml\/","name":"Trikare C Shampooing antichute 200ml - Paracherkaoui.ma","isPartOf":{"@id":"https:\/\/paracherkaoui.ma\/#website"},"primaryImageOfPage":{"@id":"https:\/\/paracherkaoui.ma\/index.php\/produit\/trikare-c-shampooing-antichute-200ml\/#primaryimage"},"image":{"@id":"https:\/\/paracherkaoui.ma\/index.php\/produit\/trikare-c-shampooing-antichute-200ml\/#primaryimage"},"thumbnailUrl":"https:\/\/paracherkaoui.ma\/wp-content\/uploads\/2025\/12\/trikare-trikare-c-shampooing-antichute-200ml-shampoings-anti-chute.jpg","datePublished":"2025-12-12T17:00:31+00:00","dateModified":"2025-12-12T17:00:34+00:00","breadcrumb":{"@id":"https:\/\/paracherkaoui.ma\/index.php\/produit\/trikare-c-shampooing-antichute-200ml\/#breadcrumb"},"inLanguage":"fr-FR","potentialAction":[{"@type":"ReadAction","target":["https:\/\/paracherkaoui.ma\/index.php\/produit\/trikare-c-shampooing-antichute-200ml\/"]}]},{"@type":"ImageObject","inLanguage":"fr-FR","@id":"https:\/\/paracherkaoui.ma\/index.php\/produit\/trikare-c-shampooing-antichute-200ml\/#primaryimage","url":"https:\/\/paracherkaoui.ma\/wp-content\/uploads\/2025\/12\/trikare-trikare-c-shampooing-antichute-200ml-shampoings-anti-chute.jpg","contentUrl":"https:\/\/paracherkaoui.ma\/wp-content\/uploads\/2025\/12\/trikare-trikare-c-shampooing-antichute-200ml-shampoings-anti-chute.jpg","width":700,"height":700},{"@type":"BreadcrumbList","@id":"https:\/\/paracherkaoui.ma\/index.php\/produit\/trikare-c-shampooing-antichute-200ml\/#breadcrumb","itemListElement":[{"@type":"ListItem","position":1,"name":"Accueil","item":"https:\/\/paracherkaoui.ma\/"},{"@type":"ListItem","position":2,"name":"Boutique","item":"https:\/\/paracherkaoui.ma\/index.php\/boutique\/"},{"@type":"ListItem","position":3,"name":"Trikare C Shampooing antichute 200ml"}]},{"@type":"WebSite","@id":"https:\/\/paracherkaoui.ma\/#website","url":"https:\/\/paracherkaoui.ma\/","name":"Paracherkaoui.ma","description":"Achetez en ligne sur Paracherkaoui.ma","potentialAction":[{"@type":"SearchAction","target":{"@type":"EntryPoint","urlTemplate":"https:\/\/paracherkaoui.ma\/?s={search_term_string}"},"query-input":{"@type":"PropertyValueSpecification","valueRequired":true,"valueName":"search_term_string"}}],"inLanguage":"fr-FR"}]}},"_links":{"self":[{"href":"https:\/\/paracherkaoui.ma\/index.php\/wp-json\/wp\/v2\/product\/17981","targetHints":{"allow":["GET"]}}],"collection":[{"href":"https:\/\/paracherkaoui.ma\/index.php\/wp-json\/wp\/v2\/product"}],"about":[{"href":"https:\/\/paracherkaoui.ma\/index.php\/wp-json\/wp\/v2\/types\/product"}],"replies":[{"embeddable":true,"href":"https:\/\/paracherkaoui.ma\/index.php\/wp-json\/wp\/v2\/comments?post=17981"}],"version-history":[{"count":1,"href":"https:\/\/paracherkaoui.ma\/index.php\/wp-json\/wp\/v2\/product\/17981\/revisions"}],"predecessor-version":[{"id":18020,"href":"https:\/\/paracherkaoui.ma\/index.php\/wp-json\/wp\/v2\/product\/17981\/revisions\/18020"}],"wp:featuredmedia":[{"embeddable":true,"href":"https:\/\/paracherkaoui.ma\/index.php\/wp-json\/wp\/v2\/media\/18019"}],"wp:attachment":[{"href":"https:\/\/paracherkaoui.ma\/index.php\/wp-json\/wp\/v2\/media?parent=17981"}],"wp:term":[{"taxonomy":"product_brand","embeddable":true,"href":"https:\/\/paracherkaoui.ma\/index.php\/wp-json\/wp\/v2\/product_brand?post=17981"},{"taxonomy":"product_cat","embeddable":true,"href":"https:\/\/paracherkaoui.ma\/index.php\/wp-json\/wp\/v2\/product_cat?post=17981"},{"taxonomy":"product_tag","embeddable":true,"href":"https:\/\/paracherkaoui.ma\/index.php\/wp-json\/wp\/v2\/product_tag?post=17981"}],"curies":[{"name":"wp","href":"https:\/\/api.w.org\/{rel}","templated":true}]}}